{"id":9941,"date":"2019-02-24T21:16:56","date_gmt":"2019-02-24T21:17:00","guid":{"rendered":"https:\/\/peakart.co.uk\/?post_type=product&#038;p=9941"},"modified":"2023-03-18T20:50:55","modified_gmt":"2023-03-18T20:50:55","slug":"szary-zegar-scienny","status":"publish","type":"product","link":"https:\/\/peakart.co.uk\/pl\/produkt\/szary-zegar-scienny\/","title":{"rendered":"Szary zegar \u015bcienny wykonany z drewna"},"content":{"rendered":"<h2>Stylowy, szary zegar \u015bcienny \u2013 idealny dodatek do Twojego domu.<\/h2>\n<p>Ka\u017cdy zegar \u015bcienny w naszej kolekcji ma swoj\u0105 histori\u0119, a ten interesuj\u0105cy, szary zegar \u015bcienny nie jest wyj\u0105tkiem od wspomnianej zasady. Uznali\u015bmy, \u017ce dobrym pomys\u0142em b\u0119dzie uatrakcyjnienie projektu \u201e Ciemny ko\u0144\u201d poprzez wprowadzenie do niego odrobiny pomara\u0144czowego koloru i szaro\u015bci. Ponadto, w odpowiedzi na uwagi klient\u00f3w, dodali\u015bmy z\u0142ote akcenty na ko\u0144c\u00f3wkach wskaz\u00f3wek, aby u\u0142atwi\u0107 odczytywanie godziny.<\/p>\n<p>Naszym priorytetem jest zawsze dopasowanie wykonywanych na zam\u00f3wienie zegar\u00f3w do potrzeb odbiorc\u00f3w. Tym w\u0142a\u015bnie zegary marki Peak Art wyr\u00f3\u017cniaj\u0105 si\u0119 spo\u015br\u00f3d konkurencji i jest to \u017ar\u00f3d\u0142em naszej dumy. Rozumiemy, \u017ce ka\u017cdy z Was mo\u017ce mie\u0107 indywidualne potrzeby i wychodzimy im naprzeciw. W naszej kolekcji nie ma dw\u00f3ch takich samych zegar\u00f3w \u2013 z samej natury r\u0119cznej roboty wynika wyj\u0105tkowo\u015b\u0107 ka\u017cdego egzemplarza.<\/p>\n","protected":false},"excerpt":{"rendered":"<p>Przedstawiamy najnowszy, du\u017cy, szary \u015bcienny zegar w naszej kolekcji. To nowa wersja\u00a0<a href=\"https:\/\/peakart.co.uk\/pl\/produkt\/bardzo-duzy-zegar\/\">bardzo du\u017cego zegara<\/a>, kt\u00f3rego wytwarzanie zako\u0144czyli\u015bmy pod koniec 2018 roku. Wersj\u0119 \u201eDark Horse II\u201d wzbogacili\u015bmy o odcienie pomara\u0144czu i z\u0142oty kolor na wskaz\u00f3wkach, aby \u0142atwiej by\u0142o odczytywa\u0107 godzin\u0119. Je\u015bli szukaj\u0105 Pa\u0144stwo du\u017cego zegara bez tradycyjnych cyfr rzymskich, ten model mo\u017ce si\u0119 okaza\u0107 idealny.<\/p>\n<p><strong>Projekt i r\u0119czne wykonanie<\/strong>\u00a0\u2013\u00a0Anna Siodelska, Wielka Brytania<\/p>\n<p><strong>Kolor tarczy<\/strong> \u2013\u00a0ciemnoszary z pomara\u0144czowymi akcentami<\/p>\n<p><strong>Kolor t\u0142a<\/strong> \u2013\u00a0a\u017cur \/ \u015bciana<\/p>\n","protected":false},"featured_media":30394,"comment_status":"closed","ping_status":"closed","template":"","meta":[],"product_brand":[],"product_cat":[56],"product_tag":[50,65,2671,2672,53],"class_list":{"0":"post-9941","1":"product","2":"type-product","3":"status-publish","4":"has-post-thumbnail","6":"product_cat-duze-zegary-scienne","7":"product_tag-artystyczne-zegary-scienne","8":"product_tag-duze-zegary-dekoracyjne-na-sciane","9":"product_tag-nietypowe-duze-zegary-scienne","10":"product_tag-unikalne-duze-zegary-scienne","11":"product_tag-zegary-drewniane-szkieletowe","12":"product_shipping_class-oversized-clocks-pl","14":"first","15":"instock","16":"sale","17":"featured","18":"taxable","19":"shipping-taxable","20":"purchasable","21":"product-type-variable"},"yoast_head":"<!-- This site is optimized with the Yoast SEO Premium plugin v27.2 (Yoast SEO v27.2) - https:\/\/yoast.com\/product\/yoast-seo-premium-wordpress\/ -->\n<title>Bardzo du\u017cy, pi\u0119knie wykonany, szary zegar \u015bcienny z drewna<\/title>\n<meta name=\"description\" content=\"Ten du\u017cy, szary zegar \u015bcienny to niesamowite, cenne, wykonane r\u0119cznie dzie\u0142o sztuki na\u015bciennej. Dost\u0119pne jest na zam\u00f3wienie w trzech rozmiarach: 75 cm, 100 cm or 120 cm.\" \/>\n<meta name=\"robots\" content=\"index, follow, max-snippet:-1, max-image-preview:large, max-video-preview:-1\" \/>\n<link rel=\"canonical\" href=\"https:\/\/peakart.co.uk\/pl\/produkt\/szary-zegar-scienny\/\" \/>\n<meta property=\"og:locale\" content=\"pl_PL\" \/>\n<meta property=\"og:type\" content=\"article\" \/>\n<meta property=\"og:title\" content=\"Szary zegar \u015bcienny wykonany z drewna\" \/>\n<meta property=\"og:description\" content=\"Ten du\u017cy, szary zegar \u015bcienny to niesamowite, cenne, wykonane r\u0119cznie dzie\u0142o sztuki na\u015bciennej. Dost\u0119pne jest na zam\u00f3wienie w trzech rozmiarach: 75 cm, 100 cm or 120 cm.\" \/>\n<meta property=\"og:url\" content=\"https:\/\/peakart.co.uk\/pl\/produkt\/szary-zegar-scienny\/\" \/>\n<meta property=\"og:site_name\" content=\"Peak Art\" \/>\n<meta property=\"article:publisher\" content=\"https:\/\/www.facebook.com\/PeakArtClocks\/\" \/>\n<meta property=\"article:modified_time\" content=\"2023-03-18T20:50:55+00:00\" \/>\n<meta property=\"og:image\" content=\"https:\/\/peakart.co.uk\/wp-content\/uploads\/2019\/02\/Extra-Large-Clock-Zoom2-scaled.jpg\" \/>\n\t<meta property=\"og:image:width\" content=\"2560\" \/>\n\t<meta property=\"og:image:height\" content=\"1707\" \/>\n\t<meta property=\"og:image:type\" content=\"image\/jpeg\" \/>\n<meta name=\"twitter:card\" content=\"summary_large_image\" \/>\n<meta name=\"twitter:label1\" content=\"Dost\u0119pno\u015b\u0107\" \/>\n\t<meta name=\"twitter:data1\" content=\"Dost\u0119pny\" \/>\n<script type=\"application\/ld+json\" class=\"yoast-schema-graph\">{\"@context\":\"https:\/\/schema.org\",\"@graph\":[{\"@type\":\"WebPage\",\"@id\":\"https:\/\/peakart.co.uk\/pl\/produkt\/szary-zegar-scienny\/\",\"url\":\"https:\/\/peakart.co.uk\/pl\/produkt\/szary-zegar-scienny\/\",\"name\":\"Bardzo du\u017cy, pi\u0119knie wykonany, szary zegar \u015bcienny z drewna\",\"isPartOf\":{\"@id\":\"https:\/\/peakart.co.uk\/de\/#website\"},\"primaryImageOfPage\":{\"@id\":\"https:\/\/peakart.co.uk\/pl\/produkt\/szary-zegar-scienny\/#primaryimage\"},\"image\":{\"@id\":\"https:\/\/peakart.co.uk\/pl\/produkt\/szary-zegar-scienny\/#primaryimage\"},\"thumbnailUrl\":\"https:\/\/peakart.co.uk\/wp-content\/uploads\/2019\/02\/Extra-Large-Clock-Zoom2-scaled.jpg\",\"datePublished\":\"2019-02-24T21:17:00+00:00\",\"dateModified\":\"2023-03-18T20:50:55+00:00\",\"description\":\"Ten du\u017cy, szary zegar \u015bcienny to niesamowite, cenne, wykonane r\u0119cznie dzie\u0142o sztuki na\u015bciennej. Dost\u0119pne jest na zam\u00f3wienie w trzech rozmiarach: 75 cm, 100 cm or 120 cm.\",\"breadcrumb\":{\"@id\":\"https:\/\/peakart.co.uk\/pl\/produkt\/szary-zegar-scienny\/#breadcrumb\"},\"inLanguage\":\"pl-PL\",\"potentialAction\":[{\"@type\":\"ReadAction\",\"target\":[\"https:\/\/peakart.co.uk\/pl\/produkt\/szary-zegar-scienny\/\"]}]},{\"@type\":\"ImageObject\",\"inLanguage\":\"pl-PL\",\"@id\":\"https:\/\/peakart.co.uk\/pl\/produkt\/szary-zegar-scienny\/#primaryimage\",\"url\":\"https:\/\/peakart.co.uk\/wp-content\/uploads\/2019\/02\/Extra-Large-Clock-Zoom2-scaled.jpg\",\"contentUrl\":\"https:\/\/peakart.co.uk\/wp-content\/uploads\/2019\/02\/Extra-Large-Clock-Zoom2-scaled.jpg\",\"width\":2560,\"height\":1707,\"caption\":\"Peak Art - Dark Horse II\"},{\"@type\":\"BreadcrumbList\",\"@id\":\"https:\/\/peakart.co.uk\/pl\/produkt\/szary-zegar-scienny\/#breadcrumb\",\"itemListElement\":[{\"@type\":\"ListItem\",\"position\":1,\"name\":\"Home\",\"item\":\"https:\/\/peakart.co.uk\/pl\/\"},{\"@type\":\"ListItem\",\"position\":2,\"name\":\"Sklep\",\"item\":\"https:\/\/peakart.co.uk\/pl\/sklep\/\"},{\"@type\":\"ListItem\",\"position\":3,\"name\":\"Szary zegar \u015bcienny wykonany z drewna\"}]},{\"@type\":\"WebSite\",\"@id\":\"https:\/\/peakart.co.uk\/de\/#website\",\"url\":\"https:\/\/peakart.co.uk\/de\/\",\"name\":\"Peak Art\",\"description\":\"\",\"publisher\":{\"@id\":\"https:\/\/peakart.co.uk\/de\/#organization\"},\"potentialAction\":[{\"@type\":\"SearchAction\",\"target\":{\"@type\":\"EntryPoint\",\"urlTemplate\":\"https:\/\/peakart.co.uk\/de\/?s={search_term_string}\"},\"query-input\":{\"@type\":\"PropertyValueSpecification\",\"valueRequired\":true,\"valueName\":\"search_term_string\"}}],\"inLanguage\":\"pl-PL\"},{\"@type\":\"Organization\",\"@id\":\"https:\/\/peakart.co.uk\/de\/#organization\",\"name\":\"Peak Art\",\"url\":\"https:\/\/peakart.co.uk\/de\/\",\"logo\":{\"@type\":\"ImageObject\",\"inLanguage\":\"pl-PL\",\"@id\":\"https:\/\/peakart.co.uk\/de\/#\/schema\/logo\/image\/\",\"url\":\"https:\/\/peakart.co.uk\/wp-content\/uploads\/2023\/07\/logo-8.jpg\",\"contentUrl\":\"https:\/\/peakart.co.uk\/wp-content\/uploads\/2023\/07\/logo-8.jpg\",\"width\":666,\"height\":259,\"caption\":\"Peak Art\"},\"image\":{\"@id\":\"https:\/\/peakart.co.uk\/de\/#\/schema\/logo\/image\/\"},\"sameAs\":[\"https:\/\/www.facebook.com\/PeakArtClocks\/\"],\"hasMerchantReturnPolicy\":{\"@type\":\"MerchantReturnPolicy\",\"merchantReturnLink\":\"https:\/\/peakart.co.uk\/refund_returns\/\"}}]}<\/script>\n<meta property=\"og:availability\" content=\"instock\" \/>\n<meta property=\"product:availability\" content=\"instock\" \/>\n<meta property=\"product:retailer_item_id\" content=\"PEAKART-86546\" \/>\n<meta property=\"product:condition\" content=\"new\" \/>\n<!-- \/ Yoast SEO Premium plugin. -->","yoast_head_json":{"title":"Bardzo du\u017cy, pi\u0119knie wykonany, szary zegar \u015bcienny z drewna","description":"Ten du\u017cy, szary zegar \u015bcienny to niesamowite, cenne, wykonane r\u0119cznie dzie\u0142o sztuki na\u015bciennej. Dost\u0119pne jest na zam\u00f3wienie w trzech rozmiarach: 75 cm, 100 cm or 120 cm.","robots":{"index":"index","follow":"follow","max-snippet":"max-snippet:-1","max-image-preview":"max-image-preview:large","max-video-preview":"max-video-preview:-1"},"canonical":"https:\/\/peakart.co.uk\/pl\/produkt\/szary-zegar-scienny\/","og_locale":"pl_PL","og_type":"article","og_title":"Szary zegar \u015bcienny wykonany z drewna","og_description":"Ten du\u017cy, szary zegar \u015bcienny to niesamowite, cenne, wykonane r\u0119cznie dzie\u0142o sztuki na\u015bciennej. Dost\u0119pne jest na zam\u00f3wienie w trzech rozmiarach: 75 cm, 100 cm or 120 cm.","og_url":"https:\/\/peakart.co.uk\/pl\/produkt\/szary-zegar-scienny\/","og_site_name":"Peak Art","article_publisher":"https:\/\/www.facebook.com\/PeakArtClocks\/","article_modified_time":"2023-03-18T20:50:55+00:00","og_image":[{"width":2560,"height":1707,"url":"https:\/\/peakart.co.uk\/wp-content\/uploads\/2019\/02\/Extra-Large-Clock-Zoom2-scaled.jpg","type":"image\/jpeg"}],"twitter_card":"summary_large_image","twitter_misc":{"Dost\u0119pno\u015b\u0107":"Dost\u0119pny"},"schema":{"@context":"https:\/\/schema.org","@graph":[{"@type":"WebPage","@id":"https:\/\/peakart.co.uk\/pl\/produkt\/szary-zegar-scienny\/","url":"https:\/\/peakart.co.uk\/pl\/produkt\/szary-zegar-scienny\/","name":"Bardzo du\u017cy, pi\u0119knie wykonany, szary zegar \u015bcienny z drewna","isPartOf":{"@id":"https:\/\/peakart.co.uk\/de\/#website"},"primaryImageOfPage":{"@id":"https:\/\/peakart.co.uk\/pl\/produkt\/szary-zegar-scienny\/#primaryimage"},"image":{"@id":"https:\/\/peakart.co.uk\/pl\/produkt\/szary-zegar-scienny\/#primaryimage"},"thumbnailUrl":"https:\/\/peakart.co.uk\/wp-content\/uploads\/2019\/02\/Extra-Large-Clock-Zoom2-scaled.jpg","datePublished":"2019-02-24T21:17:00+00:00","dateModified":"2023-03-18T20:50:55+00:00","description":"Ten du\u017cy, szary zegar \u015bcienny to niesamowite, cenne, wykonane r\u0119cznie dzie\u0142o sztuki na\u015bciennej. Dost\u0119pne jest na zam\u00f3wienie w trzech rozmiarach: 75 cm, 100 cm or 120 cm.","breadcrumb":{"@id":"https:\/\/peakart.co.uk\/pl\/produkt\/szary-zegar-scienny\/#breadcrumb"},"inLanguage":"pl-PL","potentialAction":[{"@type":"ReadAction","target":["https:\/\/peakart.co.uk\/pl\/produkt\/szary-zegar-scienny\/"]}]},{"@type":"ImageObject","inLanguage":"pl-PL","@id":"https:\/\/peakart.co.uk\/pl\/produkt\/szary-zegar-scienny\/#primaryimage","url":"https:\/\/peakart.co.uk\/wp-content\/uploads\/2019\/02\/Extra-Large-Clock-Zoom2-scaled.jpg","contentUrl":"https:\/\/peakart.co.uk\/wp-content\/uploads\/2019\/02\/Extra-Large-Clock-Zoom2-scaled.jpg","width":2560,"height":1707,"caption":"Peak Art - Dark Horse II"},{"@type":"BreadcrumbList","@id":"https:\/\/peakart.co.uk\/pl\/produkt\/szary-zegar-scienny\/#breadcrumb","itemListElement":[{"@type":"ListItem","position":1,"name":"Home","item":"https:\/\/peakart.co.uk\/pl\/"},{"@type":"ListItem","position":2,"name":"Sklep","item":"https:\/\/peakart.co.uk\/pl\/sklep\/"},{"@type":"ListItem","position":3,"name":"Szary zegar \u015bcienny wykonany z drewna"}]},{"@type":"WebSite","@id":"https:\/\/peakart.co.uk\/de\/#website","url":"https:\/\/peakart.co.uk\/de\/","name":"Peak Art","description":"","publisher":{"@id":"https:\/\/peakart.co.uk\/de\/#organization"},"potentialAction":[{"@type":"SearchAction","target":{"@type":"EntryPoint","urlTemplate":"https:\/\/peakart.co.uk\/de\/?s={search_term_string}"},"query-input":{"@type":"PropertyValueSpecification","valueRequired":true,"valueName":"search_term_string"}}],"inLanguage":"pl-PL"},{"@type":"Organization","@id":"https:\/\/peakart.co.uk\/de\/#organization","name":"Peak Art","url":"https:\/\/peakart.co.uk\/de\/","logo":{"@type":"ImageObject","inLanguage":"pl-PL","@id":"https:\/\/peakart.co.uk\/de\/#\/schema\/logo\/image\/","url":"https:\/\/peakart.co.uk\/wp-content\/uploads\/2023\/07\/logo-8.jpg","contentUrl":"https:\/\/peakart.co.uk\/wp-content\/uploads\/2023\/07\/logo-8.jpg","width":666,"height":259,"caption":"Peak Art"},"image":{"@id":"https:\/\/peakart.co.uk\/de\/#\/schema\/logo\/image\/"},"sameAs":["https:\/\/www.facebook.com\/PeakArtClocks\/"],"hasMerchantReturnPolicy":{"@type":"MerchantReturnPolicy","merchantReturnLink":"https:\/\/peakart.co.uk\/refund_returns\/"}}]},"og_availability":"instock","product_availability":"instock","product_retailer_item_id":"PEAKART-86546","product_condition":"new"},"_links":{"self":[{"href":"https:\/\/peakart.co.uk\/pl\/wp-json\/wp\/v2\/product\/9941","targetHints":{"allow":["GET"]}}],"collection":[{"href":"https:\/\/peakart.co.uk\/pl\/wp-json\/wp\/v2\/product"}],"about":[{"href":"https:\/\/peakart.co.uk\/pl\/wp-json\/wp\/v2\/types\/product"}],"replies":[{"embeddable":true,"href":"https:\/\/peakart.co.uk\/pl\/wp-json\/wp\/v2\/comments?post=9941"}],"wp:featuredmedia":[{"embeddable":true,"href":"https:\/\/peakart.co.uk\/pl\/wp-json\/wp\/v2\/media\/30394"}],"wp:attachment":[{"href":"https:\/\/peakart.co.uk\/pl\/wp-json\/wp\/v2\/media?parent=9941"}],"wp:term":[{"taxonomy":"product_brand","embeddable":true,"href":"https:\/\/peakart.co.uk\/pl\/wp-json\/wp\/v2\/product_brand?post=9941"},{"taxonomy":"product_cat","embeddable":true,"href":"https:\/\/peakart.co.uk\/pl\/wp-json\/wp\/v2\/product_cat?post=9941"},{"taxonomy":"product_tag","embeddable":true,"href":"https:\/\/peakart.co.uk\/pl\/wp-json\/wp\/v2\/product_tag?post=9941"}],"curies":[{"name":"wp","href":"https:\/\/api.w.org\/{rel}","templated":true}]}}