{"id":9889,"date":"2019-02-01T20:29:59","date_gmt":"2019-02-01T20:29:59","guid":{"rendered":"https:\/\/peakart.co.uk\/product\/bialy-zegar-scienny\/"},"modified":"2023-03-18T21:00:15","modified_gmt":"2023-03-18T21:00:15","slug":"bialy-zegar-scienny","status":"publish","type":"product","link":"https:\/\/peakart.co.uk\/pl\/produkt\/bialy-zegar-scienny\/","title":{"rendered":"Bia\u0142y Zegar \u015acienny"},"content":{"rendered":"<h2>R\u0119cznie wykonany z drewna bia\u0142y zegar \u015bcienny<\/h2>\n<p>Czasami nasi klienci prosz\u0105 nas o dostosowanie jednego z istniej\u0105cych projekt\u00f3w do ich wn\u0119trz. Zawsze cieszymy si\u0119 z tego typu wyzwania, poniewa\u017c to w\u0142a\u015bnie odr\u00f3\u017cnia Peak Art od wszystkich innych firm sprzedaj\u0105cych du\u017ce zegary. Nasz kontakt z klientem nie ogranicza si\u0119 wy\u0142acznie do transakcji finansowej. Wykonujemy unikalne i niepowtarzalne zegary na zam\u00f3wienie, z kt\u00f3rych ka\u017cdy mo\u017ce by\u0107 dostosowany do indywidualnych potrzeb.<\/p>\n<p>Ten pi\u0119kny bia\u0142y zegar \u015bcienny ma charakter shabby chic, ale tak\u017ce wyraziste kraw\u0119dzie. Eksponuje r\u00f3wnie\u017c mniej drewna ni\u017c wiele innych rustykalnych zegar\u00f3w z naszej kolekcji. Oryginalny projekt wykonali\u015bmy o \u015brednicy 75 cm, poniewa\u017c jest to obecnie najpopularniejszy rozmiar. Je\u015bli masz du\u017co wi\u0119cej dost\u0119pnej przestrzeni na \u015bcianie, mo\u017cesz r\u00f3wnie\u017c wybra\u0107 100 lub 120 cm. Niezale\u017cnie od wielko\u015bci, mo\u017cesz mie\u0107 pewno\u015b\u0107, \u017ce ten imponuj\u0105cy zegar wywo\u0142a naprawd\u0119 silne wra\u017cenie na twoich go\u015bciach.<\/p>\n<h2>Bia\u0142e zegary \u015bcienne wygl\u0105daj\u0105 najlepiej na ciemnym tle<\/h2>\n<p>G\u0142\u00f3wn\u0105 zalet\u0105 konstrukcji szkieletowej jest mo\u017cliwo\u015b\u0107 \u0142atwiejszego dopasowania zegara do wielu r\u00f3\u017cnych wn\u0119trz. Projekt widoczny na zdj\u0119ciu \u015bwietnie kontrastuje na tle ciemniejszej \u015bciany. Przyk\u0142adowe zdj\u0119cia pokazuj\u0105 to doskonale i jednocze\u015bnie wida\u0107, \u017ce wskaz\u00f3wki s\u0105 pomalowane w taki spos\u00f3b, ktory zapewnia \u0142atwe odczytwanie godziny nawet ze sporej odleg\u0142o\u015bci.<\/p>\n<p>Je\u015bli nie masz pewno\u015bci <a href=\"https:\/\/peakart.co.uk\/pl\/kontakt\/\">skontaktuj si\u0119 z nami<\/a> i prze\u015blij nam kilka zdj\u0119\u0107. Z przyjemno\u015bci\u0105 doradzimy lub wprowadzimy drobne zmiany by uzyska\u0107 idealny charakter zegara do Twojego domu.<\/p>\n","protected":false},"excerpt":{"rendered":"<p>Je\u015bli szukasz wyj\u0105tkowego bia\u0142ego zegara \u015bciennego, by\u0107 mo\u017ce ten wz\u00f3r spe\u0142ni Twoje wymagania. W tym przypadku lekko zmodyfikowali\u015bmy oryginalny <a href=\"https:\/\/peakart.co.uk\/pl\/produkt\/bialy-zegar-shabby-chic\/\">bia\u0142y shabby chic<\/a>, aby spe\u0142ni\u0107 konkretne potrzeby klienta. Nasz projekt zapewnia tr\u00f3jwymiarowy wygl\u0105d i pasuje do wielu r\u00f3\u017cnych wn\u0119trz. Jak wi\u0119kszo\u015b\u0107 naszych zegar\u00f3w, ten r\u00f3wnie\u017c jest dost\u0119pny w trzech r\u00f3\u017cnych rozmiarach, kt\u00f3re mo\u017cna wybra\u0107 z rozwijanej listy.<\/p>\n<p><b>Projekt i R\u0119czne Wykonanie<\/b> \u2013 Anna Siodelska<\/p>\n<p><strong>Front<\/strong> \u2013 Bia\u0142y \/ Shabby Chic<\/p>\n<p><strong>Ty\u0142<\/strong> \u2013 Transparentny<\/p>\n","protected":false},"featured_media":32394,"comment_status":"closed","ping_status":"closed","template":"","meta":[],"product_brand":[],"product_cat":[56],"product_tag":[50,65,2138,70,68,76,53],"class_list":{"0":"post-9889","1":"product","2":"type-product","3":"status-publish","4":"has-post-thumbnail","6":"product_cat-duze-zegary-scienne","7":"product_tag-artystyczne-zegary-scienne","8":"product_tag-duze-zegary-dekoracyjne-na-sciane","9":"product_tag-duze-zegary-scienne","10":"product_tag-duze-zegary-rzymskie-szkieletowe","11":"product_tag-drewniane-zegary-scienne-z-cyframi-rzymskimi","12":"product_tag-zegary-scienne-shabby-chic","13":"product_tag-zegary-drewniane-szkieletowe","14":"product_shipping_class-oversized-clocks-pl","16":"first","17":"instock","18":"sale","19":"taxable","20":"shipping-taxable","21":"purchasable","22":"product-type-variable"},"yoast_head":"<!-- This site is optimized with the Yoast SEO Premium plugin v27.2 (Yoast SEO v27.2) - https:\/\/yoast.com\/product\/yoast-seo-premium-wordpress\/ -->\n<title>Bia\u0142y Zegar \u015acienny w Stylu Shabby Chic<\/title>\n<meta name=\"description\" content=\"Pi\u0119kny dekoracyjny bia\u0142y zegar na \u015bcian\u0119. Idealny do dekoracji Twojego salonu.\" \/>\n<meta name=\"robots\" content=\"index, follow, max-snippet:-1, max-image-preview:large, max-video-preview:-1\" \/>\n<link rel=\"canonical\" href=\"https:\/\/peakart.co.uk\/pl\/produkt\/bialy-zegar-scienny\/\" \/>\n<meta property=\"og:locale\" content=\"pl_PL\" \/>\n<meta property=\"og:type\" content=\"article\" \/>\n<meta property=\"og:title\" content=\"Bia\u0142y Zegar \u015acienny\" \/>\n<meta property=\"og:description\" content=\"Pi\u0119kny dekoracyjny bia\u0142y zegar na \u015bcian\u0119. Idealny do dekoracji Twojego salonu.\" \/>\n<meta property=\"og:url\" content=\"https:\/\/peakart.co.uk\/pl\/produkt\/bialy-zegar-scienny\/\" \/>\n<meta property=\"og:site_name\" content=\"Peak Art\" \/>\n<meta property=\"article:publisher\" content=\"https:\/\/www.facebook.com\/PeakArtClocks\/\" \/>\n<meta property=\"article:modified_time\" content=\"2023-03-18T21:00:15+00:00\" \/>\n<meta property=\"og:image\" content=\"https:\/\/peakart.co.uk\/wp-content\/uploads\/2019\/02\/image1.jpeg\" \/>\n\t<meta property=\"og:image:width\" content=\"632\" \/>\n\t<meta property=\"og:image:height\" content=\"640\" \/>\n\t<meta property=\"og:image:type\" content=\"image\/jpeg\" \/>\n<meta name=\"twitter:card\" content=\"summary_large_image\" \/>\n<meta name=\"twitter:label1\" content=\"Dost\u0119pno\u015b\u0107\" \/>\n\t<meta name=\"twitter:data1\" content=\"Dost\u0119pny\" \/>\n<script type=\"application\/ld+json\" class=\"yoast-schema-graph\">{\"@context\":\"https:\/\/schema.org\",\"@graph\":[{\"@type\":\"WebPage\",\"@id\":\"https:\/\/peakart.co.uk\/pl\/produkt\/bialy-zegar-scienny\/\",\"url\":\"https:\/\/peakart.co.uk\/pl\/produkt\/bialy-zegar-scienny\/\",\"name\":\"Bia\u0142y Zegar \u015acienny w Stylu Shabby Chic\",\"isPartOf\":{\"@id\":\"https:\/\/peakart.co.uk\/de\/#website\"},\"primaryImageOfPage\":{\"@id\":\"https:\/\/peakart.co.uk\/pl\/produkt\/bialy-zegar-scienny\/#primaryimage\"},\"image\":{\"@id\":\"https:\/\/peakart.co.uk\/pl\/produkt\/bialy-zegar-scienny\/#primaryimage\"},\"thumbnailUrl\":\"https:\/\/peakart.co.uk\/wp-content\/uploads\/2019\/02\/image1.jpeg\",\"datePublished\":\"2019-02-01T20:29:59+00:00\",\"dateModified\":\"2023-03-18T21:00:15+00:00\",\"description\":\"Pi\u0119kny dekoracyjny bia\u0142y zegar na \u015bcian\u0119. Idealny do dekoracji Twojego salonu.\",\"breadcrumb\":{\"@id\":\"https:\/\/peakart.co.uk\/pl\/produkt\/bialy-zegar-scienny\/#breadcrumb\"},\"inLanguage\":\"pl-PL\",\"potentialAction\":[{\"@type\":\"ReadAction\",\"target\":[\"https:\/\/peakart.co.uk\/pl\/produkt\/bialy-zegar-scienny\/\"]}]},{\"@type\":\"ImageObject\",\"inLanguage\":\"pl-PL\",\"@id\":\"https:\/\/peakart.co.uk\/pl\/produkt\/bialy-zegar-scienny\/#primaryimage\",\"url\":\"https:\/\/peakart.co.uk\/wp-content\/uploads\/2019\/02\/image1.jpeg\",\"contentUrl\":\"https:\/\/peakart.co.uk\/wp-content\/uploads\/2019\/02\/image1.jpeg\",\"width\":632,\"height\":640},{\"@type\":\"BreadcrumbList\",\"@id\":\"https:\/\/peakart.co.uk\/pl\/produkt\/bialy-zegar-scienny\/#breadcrumb\",\"itemListElement\":[{\"@type\":\"ListItem\",\"position\":1,\"name\":\"Home\",\"item\":\"https:\/\/peakart.co.uk\/pl\/\"},{\"@type\":\"ListItem\",\"position\":2,\"name\":\"Sklep\",\"item\":\"https:\/\/peakart.co.uk\/pl\/sklep\/\"},{\"@type\":\"ListItem\",\"position\":3,\"name\":\"Bia\u0142y Zegar \u015acienny\"}]},{\"@type\":\"WebSite\",\"@id\":\"https:\/\/peakart.co.uk\/de\/#website\",\"url\":\"https:\/\/peakart.co.uk\/de\/\",\"name\":\"Peak Art\",\"description\":\"\",\"publisher\":{\"@id\":\"https:\/\/peakart.co.uk\/de\/#organization\"},\"potentialAction\":[{\"@type\":\"SearchAction\",\"target\":{\"@type\":\"EntryPoint\",\"urlTemplate\":\"https:\/\/peakart.co.uk\/de\/?s={search_term_string}\"},\"query-input\":{\"@type\":\"PropertyValueSpecification\",\"valueRequired\":true,\"valueName\":\"search_term_string\"}}],\"inLanguage\":\"pl-PL\"},{\"@type\":\"Organization\",\"@id\":\"https:\/\/peakart.co.uk\/de\/#organization\",\"name\":\"Peak Art\",\"url\":\"https:\/\/peakart.co.uk\/de\/\",\"logo\":{\"@type\":\"ImageObject\",\"inLanguage\":\"pl-PL\",\"@id\":\"https:\/\/peakart.co.uk\/de\/#\/schema\/logo\/image\/\",\"url\":\"https:\/\/peakart.co.uk\/wp-content\/uploads\/2023\/07\/logo-8.jpg\",\"contentUrl\":\"https:\/\/peakart.co.uk\/wp-content\/uploads\/2023\/07\/logo-8.jpg\",\"width\":666,\"height\":259,\"caption\":\"Peak Art\"},\"image\":{\"@id\":\"https:\/\/peakart.co.uk\/de\/#\/schema\/logo\/image\/\"},\"sameAs\":[\"https:\/\/www.facebook.com\/PeakArtClocks\/\"],\"hasMerchantReturnPolicy\":{\"@type\":\"MerchantReturnPolicy\",\"merchantReturnLink\":\"https:\/\/peakart.co.uk\/refund_returns\/\"}}]}<\/script>\n<meta property=\"og:availability\" content=\"instock\" \/>\n<meta property=\"product:availability\" content=\"instock\" \/>\n<meta property=\"product:retailer_item_id\" content=\"PEAKART-86991\" \/>\n<meta property=\"product:condition\" content=\"new\" \/>\n<!-- \/ Yoast SEO Premium plugin. -->","yoast_head_json":{"title":"Bia\u0142y Zegar \u015acienny w Stylu Shabby Chic","description":"Pi\u0119kny dekoracyjny bia\u0142y zegar na \u015bcian\u0119. Idealny do dekoracji Twojego salonu.","robots":{"index":"index","follow":"follow","max-snippet":"max-snippet:-1","max-image-preview":"max-image-preview:large","max-video-preview":"max-video-preview:-1"},"canonical":"https:\/\/peakart.co.uk\/pl\/produkt\/bialy-zegar-scienny\/","og_locale":"pl_PL","og_type":"article","og_title":"Bia\u0142y Zegar \u015acienny","og_description":"Pi\u0119kny dekoracyjny bia\u0142y zegar na \u015bcian\u0119. Idealny do dekoracji Twojego salonu.","og_url":"https:\/\/peakart.co.uk\/pl\/produkt\/bialy-zegar-scienny\/","og_site_name":"Peak Art","article_publisher":"https:\/\/www.facebook.com\/PeakArtClocks\/","article_modified_time":"2023-03-18T21:00:15+00:00","og_image":[{"width":632,"height":640,"url":"https:\/\/peakart.co.uk\/wp-content\/uploads\/2019\/02\/image1.jpeg","type":"image\/jpeg"}],"twitter_card":"summary_large_image","twitter_misc":{"Dost\u0119pno\u015b\u0107":"Dost\u0119pny"},"schema":{"@context":"https:\/\/schema.org","@graph":[{"@type":"WebPage","@id":"https:\/\/peakart.co.uk\/pl\/produkt\/bialy-zegar-scienny\/","url":"https:\/\/peakart.co.uk\/pl\/produkt\/bialy-zegar-scienny\/","name":"Bia\u0142y Zegar \u015acienny w Stylu Shabby Chic","isPartOf":{"@id":"https:\/\/peakart.co.uk\/de\/#website"},"primaryImageOfPage":{"@id":"https:\/\/peakart.co.uk\/pl\/produkt\/bialy-zegar-scienny\/#primaryimage"},"image":{"@id":"https:\/\/peakart.co.uk\/pl\/produkt\/bialy-zegar-scienny\/#primaryimage"},"thumbnailUrl":"https:\/\/peakart.co.uk\/wp-content\/uploads\/2019\/02\/image1.jpeg","datePublished":"2019-02-01T20:29:59+00:00","dateModified":"2023-03-18T21:00:15+00:00","description":"Pi\u0119kny dekoracyjny bia\u0142y zegar na \u015bcian\u0119. Idealny do dekoracji Twojego salonu.","breadcrumb":{"@id":"https:\/\/peakart.co.uk\/pl\/produkt\/bialy-zegar-scienny\/#breadcrumb"},"inLanguage":"pl-PL","potentialAction":[{"@type":"ReadAction","target":["https:\/\/peakart.co.uk\/pl\/produkt\/bialy-zegar-scienny\/"]}]},{"@type":"ImageObject","inLanguage":"pl-PL","@id":"https:\/\/peakart.co.uk\/pl\/produkt\/bialy-zegar-scienny\/#primaryimage","url":"https:\/\/peakart.co.uk\/wp-content\/uploads\/2019\/02\/image1.jpeg","contentUrl":"https:\/\/peakart.co.uk\/wp-content\/uploads\/2019\/02\/image1.jpeg","width":632,"height":640},{"@type":"BreadcrumbList","@id":"https:\/\/peakart.co.uk\/pl\/produkt\/bialy-zegar-scienny\/#breadcrumb","itemListElement":[{"@type":"ListItem","position":1,"name":"Home","item":"https:\/\/peakart.co.uk\/pl\/"},{"@type":"ListItem","position":2,"name":"Sklep","item":"https:\/\/peakart.co.uk\/pl\/sklep\/"},{"@type":"ListItem","position":3,"name":"Bia\u0142y Zegar \u015acienny"}]},{"@type":"WebSite","@id":"https:\/\/peakart.co.uk\/de\/#website","url":"https:\/\/peakart.co.uk\/de\/","name":"Peak Art","description":"","publisher":{"@id":"https:\/\/peakart.co.uk\/de\/#organization"},"potentialAction":[{"@type":"SearchAction","target":{"@type":"EntryPoint","urlTemplate":"https:\/\/peakart.co.uk\/de\/?s={search_term_string}"},"query-input":{"@type":"PropertyValueSpecification","valueRequired":true,"valueName":"search_term_string"}}],"inLanguage":"pl-PL"},{"@type":"Organization","@id":"https:\/\/peakart.co.uk\/de\/#organization","name":"Peak Art","url":"https:\/\/peakart.co.uk\/de\/","logo":{"@type":"ImageObject","inLanguage":"pl-PL","@id":"https:\/\/peakart.co.uk\/de\/#\/schema\/logo\/image\/","url":"https:\/\/peakart.co.uk\/wp-content\/uploads\/2023\/07\/logo-8.jpg","contentUrl":"https:\/\/peakart.co.uk\/wp-content\/uploads\/2023\/07\/logo-8.jpg","width":666,"height":259,"caption":"Peak Art"},"image":{"@id":"https:\/\/peakart.co.uk\/de\/#\/schema\/logo\/image\/"},"sameAs":["https:\/\/www.facebook.com\/PeakArtClocks\/"],"hasMerchantReturnPolicy":{"@type":"MerchantReturnPolicy","merchantReturnLink":"https:\/\/peakart.co.uk\/refund_returns\/"}}]},"og_availability":"instock","product_availability":"instock","product_retailer_item_id":"PEAKART-86991","product_condition":"new"},"_links":{"self":[{"href":"https:\/\/peakart.co.uk\/pl\/wp-json\/wp\/v2\/product\/9889","targetHints":{"allow":["GET"]}}],"collection":[{"href":"https:\/\/peakart.co.uk\/pl\/wp-json\/wp\/v2\/product"}],"about":[{"href":"https:\/\/peakart.co.uk\/pl\/wp-json\/wp\/v2\/types\/product"}],"replies":[{"embeddable":true,"href":"https:\/\/peakart.co.uk\/pl\/wp-json\/wp\/v2\/comments?post=9889"}],"wp:featuredmedia":[{"embeddable":true,"href":"https:\/\/peakart.co.uk\/pl\/wp-json\/wp\/v2\/media\/32394"}],"wp:attachment":[{"href":"https:\/\/peakart.co.uk\/pl\/wp-json\/wp\/v2\/media?parent=9889"}],"wp:term":[{"taxonomy":"product_brand","embeddable":true,"href":"https:\/\/peakart.co.uk\/pl\/wp-json\/wp\/v2\/product_brand?post=9889"},{"taxonomy":"product_cat","embeddable":true,"href":"https:\/\/peakart.co.uk\/pl\/wp-json\/wp\/v2\/product_cat?post=9889"},{"taxonomy":"product_tag","embeddable":true,"href":"https:\/\/peakart.co.uk\/pl\/wp-json\/wp\/v2\/product_tag?post=9889"}],"curies":[{"name":"wp","href":"https:\/\/api.w.org\/{rel}","templated":true}]}}