{"id":8914,"date":"2018-11-03T09:16:37","date_gmt":"2018-11-03T09:16:40","guid":{"rendered":"https:\/\/peakart.co.uk\/?post_type=product&#038;p=8914"},"modified":"2025-01-23T15:53:38","modified_gmt":"2025-01-23T15:53:38","slug":"duzy-zegar-na-sciane","status":"publish","type":"product","link":"https:\/\/peakart.co.uk\/pl\/produkt\/duzy-zegar-na-sciane\/","title":{"rendered":"Bardzo Du\u017cy Zegar Na \u015acian\u0119 Do Salonu"},"content":{"rendered":"<h2>Oferujemy bardzo du\u017ce zegary na \u015bcian\u0119 o \u015brednicy do 120 centymetr\u00f3w<\/h2>\n<p>Wielu naszych klient\u00f3w, kt\u00f3rzy szukaj\u0105 du\u017cego zegara, aby wype\u0142ni\u0107 pust\u0105 przestrze\u0144 w \u015bcianie, chce czego\u015b, co naprawd\u0119 si\u0119 wyr\u00f3\u017cnia. Nie s\u0105 zainteresowani masywnymi, ale kiepskiej jako\u015bci zegarami, kt\u00f3re s\u0105 wycinane z taniej dykty. Nie chc\u0105 te\u017c kolejnego metalowego zegara \u015bciennego oferowanego przez setki dostawc\u00f3w. Ci klienci szukaj\u0105 du\u017cego zegara, kt\u00f3ry sprawia niesamowite wra\u017cenie. Chc\u0105 czego\u015b co mo\u017ce doda\u0107 odrobiny luksusu do ich salonu.<\/p>\n<p>R\u00f3\u017cnica mi\u0119dzy zegarami Peak Art i innymi producentami du\u017cych zegar\u00f3w \u015bciennych jest w naszym podej\u015bciu do wymaga\u0144 klienta. Nie oferujemy po prostu produkt\u00f3w z p\u00f3\u0142ki, ale rozmawiamy z naszymi klientami, aby lepiej zrozumie\u0107 ich potrzeb\u0119. Je\u015bli kto\u015b zdecyduje si\u0119 kupi\u0107 wielki zegar, jest oczywiste, \u017ce g\u0142\u00f3wnym celem jest czynnik &#8220;wow&#8221;, kt\u00f3ry zapewnia. Ludzie nie potrzebowaliby olbrzymiego zegara \u015bciennego tylko po to, by pokazywa\u0142 czas. Chodzi g\u0142\u00f3wnie o walory dekoracyjne. Dlatego w\u0142a\u015bnie mo\u017cemy zaoferowa\u0107 projekty na zam\u00f3wienie, kt\u00f3re s\u0105 oparte na konkretnych potrzebach klient\u00f3w.<\/p>\n<p>Chocia\u017c pierwotnie zaprojektowali\u015bmy ten wielki zegar na 120 cm \u015brednicy, mo\u017cemy r\u00f3wnie\u017c wykona\u0107 mniejsze rozmiary dost\u0119pne z rozwijanej listy. Z uwagi na r\u0119czne wykonanie ka\u017cdy z naszych zegar\u00f3w b\u0119dzie mia\u0142 swoje indywidualne cechy. Nawet ten sam projekt wykonany kilkukrotnie nigdy nie b\u0119dzie identyczny w por\u00f3wnaniu z orygina\u0142em.<\/p>\n","protected":false},"excerpt":{"rendered":"<p>W odr\u00f3\u017cnieniu do tysi\u0119cy podobnych zegar\u00f3w dost\u0119pnych w internecie, ten du\u017cy zegar na \u015bcian\u0119 zaprojektowali\u015bmy by wywo\u0142a\u0107 silny efekt wizualny. W przeciwie\u0144stwie do wi\u0119kszo\u015bci naszych zegar\u00f3w, ten egzemplarz nie ma cyfr rzymskich. Taki projekt zegara cz\u0119sto odpowiada klientom o bardziej wysublimowanym gu\u015bcie. Niesamowita mieszanka kolor\u00f3w przypomina barwy p\u00f3\u017anej jesieni a interesuj\u0105cy kszta\u0142t przykuwa wra\u017cenie obserwatora.<\/p>\n<p><strong>Projekt i Wykonanie<\/strong>\u00a0&#8211;\u00a0Anna Siodelska, United Kingdom<\/p>\n<p><strong>Front<\/strong> \u2013\u00a0R\u0119cznie malowany<\/p>\n<p><strong>Ty\u0142<\/strong> \u2013\u00a0Transparentny \/ \u015aciana<\/p>\n","protected":false},"featured_media":32178,"comment_status":"closed","ping_status":"closed","template":"","meta":[],"product_brand":[],"product_cat":[56],"product_tag":[50,65,2138,2672,76,53],"class_list":{"0":"post-8914","1":"product","2":"type-product","3":"status-publish","4":"has-post-thumbnail","6":"product_cat-duze-zegary-scienne","7":"product_tag-artystyczne-zegary-scienne","8":"product_tag-duze-zegary-dekoracyjne-na-sciane","9":"product_tag-duze-zegary-scienne","10":"product_tag-unikalne-duze-zegary-scienne","11":"product_tag-zegary-scienne-shabby-chic","12":"product_tag-zegary-drewniane-szkieletowe","13":"product_shipping_class-oversized-clocks-pl","15":"first","16":"instock","17":"sale","18":"featured","19":"taxable","20":"shipping-taxable","21":"purchasable","22":"product-type-variable"},"yoast_head":"<!-- This site is optimized with the Yoast SEO Premium plugin v27.2 (Yoast SEO v27.2) - https:\/\/yoast.com\/product\/yoast-seo-premium-wordpress\/ -->\n<title>Wielki Zegar Na \u015acian\u0119 Wykonany R\u0119cznie<\/title>\n<meta name=\"description\" content=\"Je\u015bli szukasz wyj\u0105tkowego gigantycznego zegara na \u015bcian\u0119, oferujemy wiele pi\u0119knych wzor\u00f3w. Wszystkie nasze zegary s\u0105 r\u0119cznie wykonane i maj\u0105 \u015brednic\u0119 do 120 cm\" \/>\n<meta name=\"robots\" content=\"index, follow, max-snippet:-1, max-image-preview:large, max-video-preview:-1\" \/>\n<link rel=\"canonical\" href=\"https:\/\/peakart.co.uk\/pl\/produkt\/duzy-zegar-na-sciane\/\" \/>\n<meta property=\"og:locale\" content=\"pl_PL\" \/>\n<meta property=\"og:type\" content=\"article\" \/>\n<meta property=\"og:title\" content=\"Bardzo Du\u017cy Zegar Na \u015acian\u0119 Do Salonu\" \/>\n<meta property=\"og:description\" content=\"Je\u015bli szukasz wyj\u0105tkowego gigantycznego zegara na \u015bcian\u0119, oferujemy wiele pi\u0119knych wzor\u00f3w. Wszystkie nasze zegary s\u0105 r\u0119cznie wykonane i maj\u0105 \u015brednic\u0119 do 120 cm\" \/>\n<meta property=\"og:url\" content=\"https:\/\/peakart.co.uk\/pl\/produkt\/duzy-zegar-na-sciane\/\" \/>\n<meta property=\"og:site_name\" content=\"Peak Art\" \/>\n<meta property=\"article:publisher\" content=\"https:\/\/www.facebook.com\/PeakArtClocks\/\" \/>\n<meta property=\"article:modified_time\" content=\"2025-01-23T15:53:38+00:00\" \/>\n<meta property=\"og:image\" content=\"https:\/\/peakart.co.uk\/wp-content\/uploads\/2018\/11\/Giant-Clock-For-Wall-Zoom-1.jpg\" \/>\n\t<meta property=\"og:image:width\" content=\"1800\" \/>\n\t<meta property=\"og:image:height\" content=\"1200\" \/>\n\t<meta property=\"og:image:type\" content=\"image\/jpeg\" \/>\n<meta name=\"twitter:card\" content=\"summary_large_image\" \/>\n<meta name=\"twitter:label1\" content=\"Dost\u0119pno\u015b\u0107\" \/>\n\t<meta name=\"twitter:data1\" content=\"Dost\u0119pny\" \/>\n<script type=\"application\/ld+json\" class=\"yoast-schema-graph\">{\"@context\":\"https:\/\/schema.org\",\"@graph\":[{\"@type\":\"WebPage\",\"@id\":\"https:\/\/peakart.co.uk\/pl\/produkt\/duzy-zegar-na-sciane\/\",\"url\":\"https:\/\/peakart.co.uk\/pl\/produkt\/duzy-zegar-na-sciane\/\",\"name\":\"Wielki Zegar Na \u015acian\u0119 Wykonany R\u0119cznie\",\"isPartOf\":{\"@id\":\"https:\/\/peakart.co.uk\/de\/#website\"},\"primaryImageOfPage\":{\"@id\":\"https:\/\/peakart.co.uk\/pl\/produkt\/duzy-zegar-na-sciane\/#primaryimage\"},\"image\":{\"@id\":\"https:\/\/peakart.co.uk\/pl\/produkt\/duzy-zegar-na-sciane\/#primaryimage\"},\"thumbnailUrl\":\"https:\/\/peakart.co.uk\/wp-content\/uploads\/2018\/11\/Giant-Clock-For-Wall-Zoom-1.jpg\",\"datePublished\":\"2018-11-03T09:16:40+00:00\",\"dateModified\":\"2025-01-23T15:53:38+00:00\",\"description\":\"Je\u015bli szukasz wyj\u0105tkowego gigantycznego zegara na \u015bcian\u0119, oferujemy wiele pi\u0119knych wzor\u00f3w. Wszystkie nasze zegary s\u0105 r\u0119cznie wykonane i maj\u0105 \u015brednic\u0119 do 120 cm\",\"breadcrumb\":{\"@id\":\"https:\/\/peakart.co.uk\/pl\/produkt\/duzy-zegar-na-sciane\/#breadcrumb\"},\"inLanguage\":\"pl-PL\",\"potentialAction\":[{\"@type\":\"ReadAction\",\"target\":[\"https:\/\/peakart.co.uk\/pl\/produkt\/duzy-zegar-na-sciane\/\"]}]},{\"@type\":\"ImageObject\",\"inLanguage\":\"pl-PL\",\"@id\":\"https:\/\/peakart.co.uk\/pl\/produkt\/duzy-zegar-na-sciane\/#primaryimage\",\"url\":\"https:\/\/peakart.co.uk\/wp-content\/uploads\/2018\/11\/Giant-Clock-For-Wall-Zoom-1.jpg\",\"contentUrl\":\"https:\/\/peakart.co.uk\/wp-content\/uploads\/2018\/11\/Giant-Clock-For-Wall-Zoom-1.jpg\",\"width\":1800,\"height\":1200},{\"@type\":\"BreadcrumbList\",\"@id\":\"https:\/\/peakart.co.uk\/pl\/produkt\/duzy-zegar-na-sciane\/#breadcrumb\",\"itemListElement\":[{\"@type\":\"ListItem\",\"position\":1,\"name\":\"Home\",\"item\":\"https:\/\/peakart.co.uk\/pl\/\"},{\"@type\":\"ListItem\",\"position\":2,\"name\":\"Sklep\",\"item\":\"https:\/\/peakart.co.uk\/pl\/sklep\/\"},{\"@type\":\"ListItem\",\"position\":3,\"name\":\"Bardzo Du\u017cy Zegar Na \u015acian\u0119 Do Salonu\"}]},{\"@type\":\"WebSite\",\"@id\":\"https:\/\/peakart.co.uk\/de\/#website\",\"url\":\"https:\/\/peakart.co.uk\/de\/\",\"name\":\"Peak Art\",\"description\":\"\",\"publisher\":{\"@id\":\"https:\/\/peakart.co.uk\/de\/#organization\"},\"potentialAction\":[{\"@type\":\"SearchAction\",\"target\":{\"@type\":\"EntryPoint\",\"urlTemplate\":\"https:\/\/peakart.co.uk\/de\/?s={search_term_string}\"},\"query-input\":{\"@type\":\"PropertyValueSpecification\",\"valueRequired\":true,\"valueName\":\"search_term_string\"}}],\"inLanguage\":\"pl-PL\"},{\"@type\":\"Organization\",\"@id\":\"https:\/\/peakart.co.uk\/de\/#organization\",\"name\":\"Peak Art\",\"url\":\"https:\/\/peakart.co.uk\/de\/\",\"logo\":{\"@type\":\"ImageObject\",\"inLanguage\":\"pl-PL\",\"@id\":\"https:\/\/peakart.co.uk\/de\/#\/schema\/logo\/image\/\",\"url\":\"https:\/\/peakart.co.uk\/wp-content\/uploads\/2023\/07\/logo-8.jpg\",\"contentUrl\":\"https:\/\/peakart.co.uk\/wp-content\/uploads\/2023\/07\/logo-8.jpg\",\"width\":666,\"height\":259,\"caption\":\"Peak Art\"},\"image\":{\"@id\":\"https:\/\/peakart.co.uk\/de\/#\/schema\/logo\/image\/\"},\"sameAs\":[\"https:\/\/www.facebook.com\/PeakArtClocks\/\"],\"hasMerchantReturnPolicy\":{\"@type\":\"MerchantReturnPolicy\",\"merchantReturnLink\":\"https:\/\/peakart.co.uk\/refund_returns\/\"}}]}<\/script>\n<meta property=\"og:availability\" content=\"instock\" \/>\n<meta property=\"product:availability\" content=\"instock\" \/>\n<meta property=\"product:retailer_item_id\" content=\"PEAKART-82386\" \/>\n<meta property=\"product:condition\" content=\"new\" \/>\n<!-- \/ Yoast SEO Premium plugin. -->","yoast_head_json":{"title":"Wielki Zegar Na \u015acian\u0119 Wykonany R\u0119cznie","description":"Je\u015bli szukasz wyj\u0105tkowego gigantycznego zegara na \u015bcian\u0119, oferujemy wiele pi\u0119knych wzor\u00f3w. Wszystkie nasze zegary s\u0105 r\u0119cznie wykonane i maj\u0105 \u015brednic\u0119 do 120 cm","robots":{"index":"index","follow":"follow","max-snippet":"max-snippet:-1","max-image-preview":"max-image-preview:large","max-video-preview":"max-video-preview:-1"},"canonical":"https:\/\/peakart.co.uk\/pl\/produkt\/duzy-zegar-na-sciane\/","og_locale":"pl_PL","og_type":"article","og_title":"Bardzo Du\u017cy Zegar Na \u015acian\u0119 Do Salonu","og_description":"Je\u015bli szukasz wyj\u0105tkowego gigantycznego zegara na \u015bcian\u0119, oferujemy wiele pi\u0119knych wzor\u00f3w. Wszystkie nasze zegary s\u0105 r\u0119cznie wykonane i maj\u0105 \u015brednic\u0119 do 120 cm","og_url":"https:\/\/peakart.co.uk\/pl\/produkt\/duzy-zegar-na-sciane\/","og_site_name":"Peak Art","article_publisher":"https:\/\/www.facebook.com\/PeakArtClocks\/","article_modified_time":"2025-01-23T15:53:38+00:00","og_image":[{"width":1800,"height":1200,"url":"https:\/\/peakart.co.uk\/wp-content\/uploads\/2018\/11\/Giant-Clock-For-Wall-Zoom-1.jpg","type":"image\/jpeg"}],"twitter_card":"summary_large_image","twitter_misc":{"Dost\u0119pno\u015b\u0107":"Dost\u0119pny"},"schema":{"@context":"https:\/\/schema.org","@graph":[{"@type":"WebPage","@id":"https:\/\/peakart.co.uk\/pl\/produkt\/duzy-zegar-na-sciane\/","url":"https:\/\/peakart.co.uk\/pl\/produkt\/duzy-zegar-na-sciane\/","name":"Wielki Zegar Na \u015acian\u0119 Wykonany R\u0119cznie","isPartOf":{"@id":"https:\/\/peakart.co.uk\/de\/#website"},"primaryImageOfPage":{"@id":"https:\/\/peakart.co.uk\/pl\/produkt\/duzy-zegar-na-sciane\/#primaryimage"},"image":{"@id":"https:\/\/peakart.co.uk\/pl\/produkt\/duzy-zegar-na-sciane\/#primaryimage"},"thumbnailUrl":"https:\/\/peakart.co.uk\/wp-content\/uploads\/2018\/11\/Giant-Clock-For-Wall-Zoom-1.jpg","datePublished":"2018-11-03T09:16:40+00:00","dateModified":"2025-01-23T15:53:38+00:00","description":"Je\u015bli szukasz wyj\u0105tkowego gigantycznego zegara na \u015bcian\u0119, oferujemy wiele pi\u0119knych wzor\u00f3w. Wszystkie nasze zegary s\u0105 r\u0119cznie wykonane i maj\u0105 \u015brednic\u0119 do 120 cm","breadcrumb":{"@id":"https:\/\/peakart.co.uk\/pl\/produkt\/duzy-zegar-na-sciane\/#breadcrumb"},"inLanguage":"pl-PL","potentialAction":[{"@type":"ReadAction","target":["https:\/\/peakart.co.uk\/pl\/produkt\/duzy-zegar-na-sciane\/"]}]},{"@type":"ImageObject","inLanguage":"pl-PL","@id":"https:\/\/peakart.co.uk\/pl\/produkt\/duzy-zegar-na-sciane\/#primaryimage","url":"https:\/\/peakart.co.uk\/wp-content\/uploads\/2018\/11\/Giant-Clock-For-Wall-Zoom-1.jpg","contentUrl":"https:\/\/peakart.co.uk\/wp-content\/uploads\/2018\/11\/Giant-Clock-For-Wall-Zoom-1.jpg","width":1800,"height":1200},{"@type":"BreadcrumbList","@id":"https:\/\/peakart.co.uk\/pl\/produkt\/duzy-zegar-na-sciane\/#breadcrumb","itemListElement":[{"@type":"ListItem","position":1,"name":"Home","item":"https:\/\/peakart.co.uk\/pl\/"},{"@type":"ListItem","position":2,"name":"Sklep","item":"https:\/\/peakart.co.uk\/pl\/sklep\/"},{"@type":"ListItem","position":3,"name":"Bardzo Du\u017cy Zegar Na \u015acian\u0119 Do Salonu"}]},{"@type":"WebSite","@id":"https:\/\/peakart.co.uk\/de\/#website","url":"https:\/\/peakart.co.uk\/de\/","name":"Peak Art","description":"","publisher":{"@id":"https:\/\/peakart.co.uk\/de\/#organization"},"potentialAction":[{"@type":"SearchAction","target":{"@type":"EntryPoint","urlTemplate":"https:\/\/peakart.co.uk\/de\/?s={search_term_string}"},"query-input":{"@type":"PropertyValueSpecification","valueRequired":true,"valueName":"search_term_string"}}],"inLanguage":"pl-PL"},{"@type":"Organization","@id":"https:\/\/peakart.co.uk\/de\/#organization","name":"Peak Art","url":"https:\/\/peakart.co.uk\/de\/","logo":{"@type":"ImageObject","inLanguage":"pl-PL","@id":"https:\/\/peakart.co.uk\/de\/#\/schema\/logo\/image\/","url":"https:\/\/peakart.co.uk\/wp-content\/uploads\/2023\/07\/logo-8.jpg","contentUrl":"https:\/\/peakart.co.uk\/wp-content\/uploads\/2023\/07\/logo-8.jpg","width":666,"height":259,"caption":"Peak Art"},"image":{"@id":"https:\/\/peakart.co.uk\/de\/#\/schema\/logo\/image\/"},"sameAs":["https:\/\/www.facebook.com\/PeakArtClocks\/"],"hasMerchantReturnPolicy":{"@type":"MerchantReturnPolicy","merchantReturnLink":"https:\/\/peakart.co.uk\/refund_returns\/"}}]},"og_availability":"instock","product_availability":"instock","product_retailer_item_id":"PEAKART-82386","product_condition":"new"},"_links":{"self":[{"href":"https:\/\/peakart.co.uk\/pl\/wp-json\/wp\/v2\/product\/8914","targetHints":{"allow":["GET"]}}],"collection":[{"href":"https:\/\/peakart.co.uk\/pl\/wp-json\/wp\/v2\/product"}],"about":[{"href":"https:\/\/peakart.co.uk\/pl\/wp-json\/wp\/v2\/types\/product"}],"replies":[{"embeddable":true,"href":"https:\/\/peakart.co.uk\/pl\/wp-json\/wp\/v2\/comments?post=8914"}],"wp:featuredmedia":[{"embeddable":true,"href":"https:\/\/peakart.co.uk\/pl\/wp-json\/wp\/v2\/media\/32178"}],"wp:attachment":[{"href":"https:\/\/peakart.co.uk\/pl\/wp-json\/wp\/v2\/media?parent=8914"}],"wp:term":[{"taxonomy":"product_brand","embeddable":true,"href":"https:\/\/peakart.co.uk\/pl\/wp-json\/wp\/v2\/product_brand?post=8914"},{"taxonomy":"product_cat","embeddable":true,"href":"https:\/\/peakart.co.uk\/pl\/wp-json\/wp\/v2\/product_cat?post=8914"},{"taxonomy":"product_tag","embeddable":true,"href":"https:\/\/peakart.co.uk\/pl\/wp-json\/wp\/v2\/product_tag?post=8914"}],"curies":[{"name":"wp","href":"https:\/\/api.w.org\/{rel}","templated":true}]}}