{"id":8618,"date":"2018-07-17T15:49:16","date_gmt":"2018-07-17T14:49:16","guid":{"rendered":"http:\/\/peakart.co.uk\/product\/zegar-projektowany-na-zamowienie\/"},"modified":"2025-01-23T16:49:23","modified_gmt":"2025-01-23T16:49:23","slug":"zegar-designerski-na-zamowienie","status":"publish","type":"product","link":"https:\/\/peakart.co.uk\/pl\/produkt\/zegar-designerski-na-zamowienie\/","title":{"rendered":"Pi\u0119kny Zegar Designerski Na Zam\u00f3wienie"},"content":{"rendered":"<h2 id=\"tw-target-text\" class=\"tw-data-text tw-ta tw-text-small\" dir=\"ltr\" data-placeholder=\"Translation\"><span lang=\"pl\">Szukasz designerskiego zegar do swojego salonu? <\/span><\/h2>\n<p class=\"tw-data-text tw-ta tw-text-small\" dir=\"ltr\" data-placeholder=\"Translation\"><span lang=\"pl\">Kiedy w 2014 roku za\u0142o\u017cyli\u015bmy Peak Art, naszym g\u0142\u00f3wnym celem by\u0142a zmiana sposobu, w jaki ludzie patrz\u0105 na du\u017ce zegary \u015bcienne, jako jedyne urz\u0105dzenia do pomiaru czasu. Kiedy dodali\u015bmy kilka pierwszych projekt\u00f3w do strony internetowej, nie mieli\u015bmy wystarczaj\u0105co du\u017cego wyboru. Pocz\u0105tkowe projekty wygl\u0105da\u0142y \u0142adnie, ale by\u0142y r\u00f3wnie\u017c do\u015b\u0107 proste i pozbawione osobistego charakteru. Wkr\u00f3tce zdali\u015bmy sobie spraw\u0119, \u017ce wielu naszych klient\u00f3w szuka zaprojektowanego na zam\u00f3wienie zegara, kt\u00f3ry wype\u0142ni t\u0119 du\u017c\u0105 pust\u0105 przestrze\u0144 na \u015bcianie. <\/span><\/p>\n<p class=\"tw-data-text tw-ta tw-text-small\" dir=\"ltr\" data-placeholder=\"Translation\"><span lang=\"pl\">Wielu z nas nie chc\u0119 jedynie standardowych produkt\u00f3w, ale jeste\u015bmy zainteresowani czym\u015b bardziej spersonalizowanym. Ka\u017cdy zegar \u015bcienny z naszej kolekcji b\u0119dzie zawsze wyj\u0105tkowy, z pi\u0119knym r\u0119cznym wyko\u0144czeniem, ale idziemy r\u00f3wnie\u017c o krok dalej. Oferujemy nowe projekty, kt\u00f3re jeszcze nie istniej\u0105, a wszystko, o co prosimy, to wskaz\u00f3wki od naszych klient\u00f3w. Projekt tego wspania\u0142ego dzie\u0142a sztuki u\u017cytkowej oparty jest na <a href=\"https:\/\/peakart.co.uk\/pl\/produkt\/nowoczesny-zegar-scienny\/\">nowoczesnym zegarze \u015bciennym<\/a>, a nasz klient mia\u0142 r\u00f3wnie\u017c pewne szczeg\u00f3lne wymagania w odniesieniu do t\u0142a. Otrzymali\u015bmy kilka fotografii i podj\u0119li\u015bmy prac\u0119 nad projektem. <\/span><\/p>\n<h2 class=\"tw-data-text tw-ta tw-text-small\" dir=\"ltr\" data-placeholder=\"Translation\"><span lang=\"pl\">Produkty z p\u00f3\u0142ki lub wyj\u0105tkowe dzie\u0142o sztuki <\/span><\/h2>\n<p class=\"tw-data-text tw-ta tw-text-small\" dir=\"ltr\" data-placeholder=\"Translation\"><span lang=\"pl\">W epoce, w kt\u00f3rej masowo produkowane tanie przedmioty wype\u0142niaj\u0105 rynek, Peak Art Clocks wyr\u00f3\u017cnia si\u0119 jako ma\u0142y rodzinny biznes, kt\u00f3ry stara si\u0119 przeciwdzia\u0142a\u0107 tym tendencjom. Mo\u017cemy zaoferowa\u0107 zegary projektowane na zam\u00f3wienie, kt\u00f3re s\u0105 naprawd\u0119 jedyne w swoim rodzaju i zapewniaj\u0105 silny efekt &#8220;wow&#8221;. Je\u015bli zdecydujesz si\u0119 na zakup jednego z istniej\u0105cych projekt\u00f3w, mo\u017cesz mie\u0107 pewno\u015b\u0107, \u017ce b\u0119dzie on posiada\u0142 indywidualne cechy ze wzgl\u0119du na r\u0119czny charakter naszej pracy. Zach\u0119camy Ci\u0119 do skontaktowania si\u0119 i om\u00f3wienia Twoich wymaga\u0144 w bardziej szczeg\u00f3\u0142owy spos\u00f3b. Mo\u017cemy razem zaprojektowa\u0107 naprawd\u0119 wyj\u0105tkowy zegar, kt\u00f3ry pasowa\u0142oby do twoich wn\u0119trz bardziej ni\u017c jakikolwiek inny istniej\u0105cy projekt? <\/span><\/p>\n<p class=\"tw-data-text tw-ta tw-text-small\" dir=\"ltr\" data-placeholder=\"Translation\"><span lang=\"pl\">Przez lata zgromadzili\u015bmy tysi\u0105ce fan\u00f3w na naszej <a href=\"https:\/\/www.facebook.com\/PeakArtClocks\/\">stronie na Facebooku<\/a> i chcieliby\u015bmy, aby\u015b do nas do\u0142\u0105czy\u0142. Obserwuj\u0105c nas, mo\u017cesz zobaczy\u0107 najnowsze projekty i oferty specjalne, a co najwa\u017cniejsze mo\u017cesz komentowa\u0107 i anga\u017cowa\u0107 innych cz\u0142onk\u00f3w naszej spo\u0142eczno\u015bci.\u00a0<\/span><\/p>\n","protected":false},"excerpt":{"rendered":"<p>Nasz pi\u0119kny, wykonany na zam\u00f3wienie zegar designerski stanie si\u0119 centralnym punktem Twojego domu, biura lub luksusowego apartamentu. Mo\u017cemy wykona\u0107 go w trzech r\u00f3\u017cnych rozmiarach w zale\u017cno\u015bci od wymaga\u0144 i dost\u0119pnej przestrzeni na \u015bcianie. Je\u015bli szukasz czego\u015b, co wyr\u00f3\u017cnia si\u0119 z t\u0142umu, jeste\u015bmy pewni, \u017ce mo\u017cemy Ci pom\u00f3c. Nasze wykonywane na zam\u00f3wienie zegary daj\u0105 zawsze niesamowity efekt.<\/p>\n<p><b>Projekt i R\u0119czne Wykonanie<\/b> \u2013 Anna Siodelska<\/p>\n<p><strong>Front<\/strong> \u2013 Sosna\/Pomara\u0144cz\/Niebieski<\/p>\n<p><strong>Ty\u0142<\/strong> \u2013 Mied\u017a\/R\u00f3\u017c<\/p>\n<p><strong>Uwaga \u2013 <\/strong>Rozmiar 75 cm ma troche inne kszta\u0142ty cyfr aby nie by\u0142y zbyt w\u0105skie. Przyk\u0142adowe zdj\u0119cie z innego projektu znajduje si\u0119 <a href=\"https:\/\/peakart.co.uk\/wp-content\/uploads\/2017\/09\/Unique-Large-Rustic-Grey-Wooden-Wall-Clock-Left.jpg\">Tutaj<\/a><\/p>\n","protected":false},"featured_media":32294,"comment_status":"closed","ping_status":"closed","template":"","meta":[],"product_brand":[],"product_cat":[56],"product_tag":[50,65,2138,68,2671,2672],"class_list":{"0":"post-8618","1":"product","2":"type-product","3":"status-publish","4":"has-post-thumbnail","6":"product_cat-duze-zegary-scienne","7":"product_tag-artystyczne-zegary-scienne","8":"product_tag-duze-zegary-dekoracyjne-na-sciane","9":"product_tag-duze-zegary-scienne","10":"product_tag-drewniane-zegary-scienne-z-cyframi-rzymskimi","11":"product_tag-nietypowe-duze-zegary-scienne","12":"product_tag-unikalne-duze-zegary-scienne","13":"product_shipping_class-oversized-clocks-pl","15":"first","16":"instock","17":"sale","18":"featured","19":"taxable","20":"shipping-taxable","21":"purchasable","22":"product-type-variable"},"yoast_head":"<!-- This site is optimized with the Yoast SEO Premium plugin v27.2 (Yoast SEO v27.2) - https:\/\/yoast.com\/product\/yoast-seo-premium-wordpress\/ -->\n<title>Du\u017cy Zegar Designerski z Cyframi Rzymskimi na Zam\u00f3wienie<\/title>\n<meta name=\"description\" content=\"Pi\u0119kny zegar designerski na zam\u00f3wienie mo\u017ce stanowi\u0107 wspania\u0142y dodatek dekoracyjny do Twojego salonu.\" \/>\n<meta name=\"robots\" content=\"index, follow, max-snippet:-1, max-image-preview:large, max-video-preview:-1\" \/>\n<link rel=\"canonical\" href=\"https:\/\/peakart.co.uk\/pl\/produkt\/zegar-designerski-na-zamowienie\/\" \/>\n<meta property=\"og:locale\" content=\"pl_PL\" \/>\n<meta property=\"og:type\" content=\"article\" \/>\n<meta property=\"og:title\" content=\"Pi\u0119kny Zegar Designerski Na Zam\u00f3wienie\" \/>\n<meta property=\"og:description\" content=\"Pi\u0119kny zegar designerski na zam\u00f3wienie mo\u017ce stanowi\u0107 wspania\u0142y dodatek dekoracyjny do Twojego salonu.\" \/>\n<meta property=\"og:url\" content=\"https:\/\/peakart.co.uk\/pl\/produkt\/zegar-designerski-na-zamowienie\/\" \/>\n<meta property=\"og:site_name\" content=\"Peak Art\" \/>\n<meta property=\"article:publisher\" content=\"https:\/\/www.facebook.com\/PeakArtClocks\/\" \/>\n<meta property=\"article:modified_time\" content=\"2025-01-23T16:49:23+00:00\" \/>\n<meta property=\"og:image\" content=\"https:\/\/peakart.co.uk\/wp-content\/uploads\/2018\/07\/oversized-kitchen-wall-clocks-e1714763462612.jpg\" \/>\n\t<meta property=\"og:image:width\" content=\"1200\" \/>\n\t<meta property=\"og:image:height\" content=\"675\" \/>\n\t<meta property=\"og:image:type\" content=\"image\/jpeg\" \/>\n<meta name=\"twitter:card\" content=\"summary_large_image\" \/>\n<meta name=\"twitter:label1\" content=\"Dost\u0119pno\u015b\u0107\" \/>\n\t<meta name=\"twitter:data1\" content=\"Dost\u0119pny\" \/>\n<script type=\"application\/ld+json\" class=\"yoast-schema-graph\">{\"@context\":\"https:\/\/schema.org\",\"@graph\":[{\"@type\":\"WebPage\",\"@id\":\"https:\/\/peakart.co.uk\/pl\/produkt\/zegar-designerski-na-zamowienie\/\",\"url\":\"https:\/\/peakart.co.uk\/pl\/produkt\/zegar-designerski-na-zamowienie\/\",\"name\":\"Du\u017cy Zegar Designerski z Cyframi Rzymskimi na Zam\u00f3wienie\",\"isPartOf\":{\"@id\":\"https:\/\/peakart.co.uk\/de\/#website\"},\"primaryImageOfPage\":{\"@id\":\"https:\/\/peakart.co.uk\/pl\/produkt\/zegar-designerski-na-zamowienie\/#primaryimage\"},\"image\":{\"@id\":\"https:\/\/peakart.co.uk\/pl\/produkt\/zegar-designerski-na-zamowienie\/#primaryimage\"},\"thumbnailUrl\":\"https:\/\/peakart.co.uk\/wp-content\/uploads\/2018\/07\/oversized-kitchen-wall-clocks-e1714763462612.jpg\",\"datePublished\":\"2018-07-17T14:49:16+00:00\",\"dateModified\":\"2025-01-23T16:49:23+00:00\",\"description\":\"Pi\u0119kny zegar designerski na zam\u00f3wienie mo\u017ce stanowi\u0107 wspania\u0142y dodatek dekoracyjny do Twojego salonu.\",\"breadcrumb\":{\"@id\":\"https:\/\/peakart.co.uk\/pl\/produkt\/zegar-designerski-na-zamowienie\/#breadcrumb\"},\"inLanguage\":\"pl-PL\",\"potentialAction\":[{\"@type\":\"ReadAction\",\"target\":[\"https:\/\/peakart.co.uk\/pl\/produkt\/zegar-designerski-na-zamowienie\/\"]}]},{\"@type\":\"ImageObject\",\"inLanguage\":\"pl-PL\",\"@id\":\"https:\/\/peakart.co.uk\/pl\/produkt\/zegar-designerski-na-zamowienie\/#primaryimage\",\"url\":\"https:\/\/peakart.co.uk\/wp-content\/uploads\/2018\/07\/oversized-kitchen-wall-clocks-e1714763462612.jpg\",\"contentUrl\":\"https:\/\/peakart.co.uk\/wp-content\/uploads\/2018\/07\/oversized-kitchen-wall-clocks-e1714763462612.jpg\",\"width\":804,\"height\":676},{\"@type\":\"BreadcrumbList\",\"@id\":\"https:\/\/peakart.co.uk\/pl\/produkt\/zegar-designerski-na-zamowienie\/#breadcrumb\",\"itemListElement\":[{\"@type\":\"ListItem\",\"position\":1,\"name\":\"Home\",\"item\":\"https:\/\/peakart.co.uk\/pl\/\"},{\"@type\":\"ListItem\",\"position\":2,\"name\":\"Sklep\",\"item\":\"https:\/\/peakart.co.uk\/pl\/sklep\/\"},{\"@type\":\"ListItem\",\"position\":3,\"name\":\"Pi\u0119kny Zegar Designerski Na Zam\u00f3wienie\"}]},{\"@type\":\"WebSite\",\"@id\":\"https:\/\/peakart.co.uk\/de\/#website\",\"url\":\"https:\/\/peakart.co.uk\/de\/\",\"name\":\"Peak Art\",\"description\":\"\",\"publisher\":{\"@id\":\"https:\/\/peakart.co.uk\/de\/#organization\"},\"potentialAction\":[{\"@type\":\"SearchAction\",\"target\":{\"@type\":\"EntryPoint\",\"urlTemplate\":\"https:\/\/peakart.co.uk\/de\/?s={search_term_string}\"},\"query-input\":{\"@type\":\"PropertyValueSpecification\",\"valueRequired\":true,\"valueName\":\"search_term_string\"}}],\"inLanguage\":\"pl-PL\"},{\"@type\":\"Organization\",\"@id\":\"https:\/\/peakart.co.uk\/de\/#organization\",\"name\":\"Peak Art\",\"url\":\"https:\/\/peakart.co.uk\/de\/\",\"logo\":{\"@type\":\"ImageObject\",\"inLanguage\":\"pl-PL\",\"@id\":\"https:\/\/peakart.co.uk\/de\/#\/schema\/logo\/image\/\",\"url\":\"https:\/\/peakart.co.uk\/wp-content\/uploads\/2023\/07\/logo-8.jpg\",\"contentUrl\":\"https:\/\/peakart.co.uk\/wp-content\/uploads\/2023\/07\/logo-8.jpg\",\"width\":666,\"height\":259,\"caption\":\"Peak Art\"},\"image\":{\"@id\":\"https:\/\/peakart.co.uk\/de\/#\/schema\/logo\/image\/\"},\"sameAs\":[\"https:\/\/www.facebook.com\/PeakArtClocks\/\"],\"hasMerchantReturnPolicy\":{\"@type\":\"MerchantReturnPolicy\",\"merchantReturnLink\":\"https:\/\/peakart.co.uk\/refund_returns\/\"}}]}<\/script>\n<meta property=\"og:availability\" content=\"instock\" \/>\n<meta property=\"product:availability\" content=\"instock\" \/>\n<meta property=\"product:retailer_item_id\" content=\"PEAKART-96654\" \/>\n<meta property=\"product:condition\" content=\"new\" \/>\n<!-- \/ Yoast SEO Premium plugin. -->","yoast_head_json":{"title":"Du\u017cy Zegar Designerski z Cyframi Rzymskimi na Zam\u00f3wienie","description":"Pi\u0119kny zegar designerski na zam\u00f3wienie mo\u017ce stanowi\u0107 wspania\u0142y dodatek dekoracyjny do Twojego salonu.","robots":{"index":"index","follow":"follow","max-snippet":"max-snippet:-1","max-image-preview":"max-image-preview:large","max-video-preview":"max-video-preview:-1"},"canonical":"https:\/\/peakart.co.uk\/pl\/produkt\/zegar-designerski-na-zamowienie\/","og_locale":"pl_PL","og_type":"article","og_title":"Pi\u0119kny Zegar Designerski Na Zam\u00f3wienie","og_description":"Pi\u0119kny zegar designerski na zam\u00f3wienie mo\u017ce stanowi\u0107 wspania\u0142y dodatek dekoracyjny do Twojego salonu.","og_url":"https:\/\/peakart.co.uk\/pl\/produkt\/zegar-designerski-na-zamowienie\/","og_site_name":"Peak Art","article_publisher":"https:\/\/www.facebook.com\/PeakArtClocks\/","article_modified_time":"2025-01-23T16:49:23+00:00","og_image":[{"width":1200,"height":675,"url":"https:\/\/peakart.co.uk\/wp-content\/uploads\/2018\/07\/oversized-kitchen-wall-clocks-e1714763462612.jpg","type":"image\/jpeg"}],"twitter_card":"summary_large_image","twitter_misc":{"Dost\u0119pno\u015b\u0107":"Dost\u0119pny"},"schema":{"@context":"https:\/\/schema.org","@graph":[{"@type":"WebPage","@id":"https:\/\/peakart.co.uk\/pl\/produkt\/zegar-designerski-na-zamowienie\/","url":"https:\/\/peakart.co.uk\/pl\/produkt\/zegar-designerski-na-zamowienie\/","name":"Du\u017cy Zegar Designerski z Cyframi Rzymskimi na Zam\u00f3wienie","isPartOf":{"@id":"https:\/\/peakart.co.uk\/de\/#website"},"primaryImageOfPage":{"@id":"https:\/\/peakart.co.uk\/pl\/produkt\/zegar-designerski-na-zamowienie\/#primaryimage"},"image":{"@id":"https:\/\/peakart.co.uk\/pl\/produkt\/zegar-designerski-na-zamowienie\/#primaryimage"},"thumbnailUrl":"https:\/\/peakart.co.uk\/wp-content\/uploads\/2018\/07\/oversized-kitchen-wall-clocks-e1714763462612.jpg","datePublished":"2018-07-17T14:49:16+00:00","dateModified":"2025-01-23T16:49:23+00:00","description":"Pi\u0119kny zegar designerski na zam\u00f3wienie mo\u017ce stanowi\u0107 wspania\u0142y dodatek dekoracyjny do Twojego salonu.","breadcrumb":{"@id":"https:\/\/peakart.co.uk\/pl\/produkt\/zegar-designerski-na-zamowienie\/#breadcrumb"},"inLanguage":"pl-PL","potentialAction":[{"@type":"ReadAction","target":["https:\/\/peakart.co.uk\/pl\/produkt\/zegar-designerski-na-zamowienie\/"]}]},{"@type":"ImageObject","inLanguage":"pl-PL","@id":"https:\/\/peakart.co.uk\/pl\/produkt\/zegar-designerski-na-zamowienie\/#primaryimage","url":"https:\/\/peakart.co.uk\/wp-content\/uploads\/2018\/07\/oversized-kitchen-wall-clocks-e1714763462612.jpg","contentUrl":"https:\/\/peakart.co.uk\/wp-content\/uploads\/2018\/07\/oversized-kitchen-wall-clocks-e1714763462612.jpg","width":804,"height":676},{"@type":"BreadcrumbList","@id":"https:\/\/peakart.co.uk\/pl\/produkt\/zegar-designerski-na-zamowienie\/#breadcrumb","itemListElement":[{"@type":"ListItem","position":1,"name":"Home","item":"https:\/\/peakart.co.uk\/pl\/"},{"@type":"ListItem","position":2,"name":"Sklep","item":"https:\/\/peakart.co.uk\/pl\/sklep\/"},{"@type":"ListItem","position":3,"name":"Pi\u0119kny Zegar Designerski Na Zam\u00f3wienie"}]},{"@type":"WebSite","@id":"https:\/\/peakart.co.uk\/de\/#website","url":"https:\/\/peakart.co.uk\/de\/","name":"Peak Art","description":"","publisher":{"@id":"https:\/\/peakart.co.uk\/de\/#organization"},"potentialAction":[{"@type":"SearchAction","target":{"@type":"EntryPoint","urlTemplate":"https:\/\/peakart.co.uk\/de\/?s={search_term_string}"},"query-input":{"@type":"PropertyValueSpecification","valueRequired":true,"valueName":"search_term_string"}}],"inLanguage":"pl-PL"},{"@type":"Organization","@id":"https:\/\/peakart.co.uk\/de\/#organization","name":"Peak Art","url":"https:\/\/peakart.co.uk\/de\/","logo":{"@type":"ImageObject","inLanguage":"pl-PL","@id":"https:\/\/peakart.co.uk\/de\/#\/schema\/logo\/image\/","url":"https:\/\/peakart.co.uk\/wp-content\/uploads\/2023\/07\/logo-8.jpg","contentUrl":"https:\/\/peakart.co.uk\/wp-content\/uploads\/2023\/07\/logo-8.jpg","width":666,"height":259,"caption":"Peak Art"},"image":{"@id":"https:\/\/peakart.co.uk\/de\/#\/schema\/logo\/image\/"},"sameAs":["https:\/\/www.facebook.com\/PeakArtClocks\/"],"hasMerchantReturnPolicy":{"@type":"MerchantReturnPolicy","merchantReturnLink":"https:\/\/peakart.co.uk\/refund_returns\/"}}]},"og_availability":"instock","product_availability":"instock","product_retailer_item_id":"PEAKART-96654","product_condition":"new"},"_links":{"self":[{"href":"https:\/\/peakart.co.uk\/pl\/wp-json\/wp\/v2\/product\/8618","targetHints":{"allow":["GET"]}}],"collection":[{"href":"https:\/\/peakart.co.uk\/pl\/wp-json\/wp\/v2\/product"}],"about":[{"href":"https:\/\/peakart.co.uk\/pl\/wp-json\/wp\/v2\/types\/product"}],"replies":[{"embeddable":true,"href":"https:\/\/peakart.co.uk\/pl\/wp-json\/wp\/v2\/comments?post=8618"}],"wp:featuredmedia":[{"embeddable":true,"href":"https:\/\/peakart.co.uk\/pl\/wp-json\/wp\/v2\/media\/32294"}],"wp:attachment":[{"href":"https:\/\/peakart.co.uk\/pl\/wp-json\/wp\/v2\/media?parent=8618"}],"wp:term":[{"taxonomy":"product_brand","embeddable":true,"href":"https:\/\/peakart.co.uk\/pl\/wp-json\/wp\/v2\/product_brand?post=8618"},{"taxonomy":"product_cat","embeddable":true,"href":"https:\/\/peakart.co.uk\/pl\/wp-json\/wp\/v2\/product_cat?post=8618"},{"taxonomy":"product_tag","embeddable":true,"href":"https:\/\/peakart.co.uk\/pl\/wp-json\/wp\/v2\/product_tag?post=8618"}],"curies":[{"name":"wp","href":"https:\/\/api.w.org\/{rel}","templated":true}]}}