{"id":8494,"date":"2018-06-15T19:48:46","date_gmt":"2018-06-15T18:48:50","guid":{"rendered":"http:\/\/peakart.co.uk\/?post_type=product&#038;p=8494"},"modified":"2023-03-18T21:11:53","modified_gmt":"2023-03-18T21:11:53","slug":"nowoczesny-zegar-do-salonu","status":"publish","type":"product","link":"https:\/\/peakart.co.uk\/pl\/produkt\/nowoczesny-zegar-do-salonu\/","title":{"rendered":"Rzymski Nowoczesny Zegar Do Salonu"},"content":{"rendered":"<h2>Unikatowy nowoczesny zegar do salonu wykonany z drewna i pi\u0119knie malowany r\u0119cznie<\/h2>\n<p>Ten wspania\u0142y nowoczesny zegar \u015bcienny to nasz nowy projekt z cyframi rzymskimi. Nasz klient mia\u0142 pewne szczeg\u00f3lne wymagania,\u00a0 aby dopasowa\u0107 go do wystroju swojego salonu. Na jego \u017cyczenie zmodyfikowali\u015bmy oryginany projekt <a href=\"https:\/\/peakart.co.uk\/pl\/produkt\/nowoczesny-szkieletowy-zegar-scienny\/\">nowoczesnego zegara o konstrukcji szkieletowej<\/a>, aby kolory sta\u0142y si\u0119 bardziej \u017cywe i unika\u0142y eksponowania s\u0142oj\u00f3w drewna. Rozmiar tego przepi\u0119knego nowego dzie\u0142a sztuki to 120 cm \u015brednicy, ale mo\u017cemy te\u017c wykona\u0107 100 cm lub nawet 75 cm, je\u015bli nie masz wystarczaj\u0105co du\u017co miejsca na \u015bcianie.<\/p>\n<p>Zegar ma intryguj\u0105cy i nowoczesny wygl\u0105d, kt\u00f3ry gwarantuje efekt &#8220;wow&#8221;. Szkieletowa konstrukcja nadaje lekko\u015bci i sprawia wra\u017cenie tr\u00f3jwymiarej. Pusty ty\u0142 u\u0142atwia dopasowanie tego zegara do wielu r\u00f3\u017cnych styl\u00f3w wn\u0119trz. Pomimo, \u017ce \u015bciana jest widoczna pomi\u0119dzy cyframi rzymskimi, to mechanizm do zawieszenia zegara jest ukryty. Ten pi\u0119kny i stylowy czasomierz jest unikalny na skal\u0119 globaln\u0105 i nie mo\u017cna go znale\u017a\u0107 w tradycyjnych sklepach.<\/p>\n<h2>Staro\u015bwieckie obrazy i lustra lub du\u017ce nowoczesne zegary \u015bcienne do dekoracji wn\u0119trz<\/h2>\n<p>Firma Peak Art Clocks powsta\u0142a, aby pokaza\u0107, \u017ce du\u017cy zegar mo\u017ce by\u0107 niesamowitym elementem dekoracyjnym. Bardzo cz\u0119sto wype\u0142nia si\u0119 pust\u0105 du\u017c\u0105 \u015bcian\u0119 obrazami lub lustrami, ale je\u015bli szukasz czego\u015b bardziej wsp\u00f3\u0142czesnego, warto zastanowi\u0107 si\u0119 nad jednym z naszych wspania\u0142ych zegar\u00f3w.<\/p>\n<p>Dzi\u0119ki r\u0119cznie wykonanej naturze ka\u017cdego elementu zawsze zyskujesz niepowtarzalno\u015b\u0107 i indywidualny charakter. Do\u0142\u0105cz do tysi\u0119cy naszych fan\u00f3w na <a href=\"https:\/\/www.facebook.com\/PeakArtClocks\/\">Facebooku<\/a> i sta\u0144 si\u0119 cz\u0119\u015bci\u0105 naszej spo\u0142eczno\u015bci.<\/p>\n","protected":false},"excerpt":{"rendered":"<p>Przepi\u0119kny nowoczesny zegar do salonu, kt\u00f3ry r\u00f3wnie\u017c doskonale nadaje si\u0119 do dekoracji kuchni, pokoju hotelowego lub restauracji. Wyb\u00f3r kolor\u00f3w sprawia, \u017ce pasuje on do wsp\u00f3\u0142czesnych wn\u0119trz, w kt\u00f3rych potrzebny jest najbardziej unikalny wystr\u00f3j \u015bcian. Jest dost\u0119pny w trzech r\u00f3\u017cnych rozmiarach, kt\u00f3re mo\u017cesz wybra\u0107 z rozwijanej listy poni\u017cej.<\/p>\n<p><strong>Projekt i r\u0119czne wykonanie<\/strong> \u2013 Anna Siodelska, Wielka Brytania<\/p>\n<p><strong>Kolor tarczy<\/strong> \u2013 Czterolistna Koniczyna<\/p>\n<p><strong>Kolor t\u0142a<\/strong> \u2013 przezroczysty \/ \u015bciana<\/p>\n<p><strong>Note &#8211; <\/strong>Cyfry zegara o \u015brednicy 30\u201d (75 cm) maj\u0105 nieco odmienny kszta\u0142t cyfr, aby nie by\u0142y zbyt w\u0105skie. Przyk\u0142adowe zdj\u0119cie zmodyfikowanego projektu mo\u017cna zobaczy\u0107 <a href=\"https:\/\/peakart.co.uk\/wp-content\/uploads\/2017\/09\/Unique-Large-Rustic-Grey-Wooden-Wall-Clock-Left.jpg\">tutaj<\/a><\/p>\n","protected":false},"featured_media":32181,"comment_status":"closed","ping_status":"closed","template":"","meta":[],"product_brand":[],"product_cat":[56],"product_tag":[50,65,2138,70,68,2671,53],"class_list":{"0":"post-8494","1":"product","2":"type-product","3":"status-publish","4":"has-post-thumbnail","6":"product_cat-duze-zegary-scienne","7":"product_tag-artystyczne-zegary-scienne","8":"product_tag-duze-zegary-dekoracyjne-na-sciane","9":"product_tag-duze-zegary-scienne","10":"product_tag-duze-zegary-rzymskie-szkieletowe","11":"product_tag-drewniane-zegary-scienne-z-cyframi-rzymskimi","12":"product_tag-nietypowe-duze-zegary-scienne","13":"product_tag-zegary-drewniane-szkieletowe","14":"product_shipping_class-oversized-clocks-pl","16":"first","17":"instock","18":"sale","19":"taxable","20":"shipping-taxable","21":"purchasable","22":"product-type-variable"},"yoast_head":"<!-- This site is optimized with the Yoast SEO Premium plugin v27.2 (Yoast SEO v27.2) - https:\/\/yoast.com\/product\/yoast-seo-premium-wordpress\/ -->\n<title>Du\u017cy r\u0119cznie wykonany nowoczesny zegar do salonu<\/title>\n<meta name=\"description\" content=\"Przepi\u0119kny i niesamowicie imponuj\u0105cy nowoczesny zegar do salonu. Efekt &quot;wow&quot; gwarantowany.\" \/>\n<meta name=\"robots\" content=\"index, follow, max-snippet:-1, max-image-preview:large, max-video-preview:-1\" \/>\n<link rel=\"canonical\" href=\"https:\/\/peakart.co.uk\/pl\/produkt\/nowoczesny-zegar-do-salonu\/\" \/>\n<meta property=\"og:locale\" content=\"pl_PL\" \/>\n<meta property=\"og:type\" content=\"article\" \/>\n<meta property=\"og:title\" content=\"Rzymski Nowoczesny Zegar Do Salonu\" \/>\n<meta property=\"og:description\" content=\"Przepi\u0119kny i niesamowicie imponuj\u0105cy nowoczesny zegar do salonu. Efekt &quot;wow&quot; gwarantowany.\" \/>\n<meta property=\"og:url\" content=\"https:\/\/peakart.co.uk\/pl\/produkt\/nowoczesny-zegar-do-salonu\/\" \/>\n<meta property=\"og:site_name\" content=\"Peak Art\" \/>\n<meta property=\"article:publisher\" content=\"https:\/\/www.facebook.com\/PeakArtClocks\/\" \/>\n<meta property=\"article:modified_time\" content=\"2023-03-18T21:11:53+00:00\" \/>\n<meta property=\"og:image\" content=\"https:\/\/peakart.co.uk\/wp-content\/uploads\/2018\/06\/Extra-Large-Modern-Wall-Clock-Lounge-Decor-Left-1-1.jpg\" \/>\n\t<meta property=\"og:image:width\" content=\"2000\" \/>\n\t<meta property=\"og:image:height\" content=\"2000\" \/>\n\t<meta property=\"og:image:type\" content=\"image\/jpeg\" \/>\n<meta name=\"twitter:card\" content=\"summary_large_image\" \/>\n<meta name=\"twitter:label1\" content=\"Dost\u0119pno\u015b\u0107\" \/>\n\t<meta name=\"twitter:data1\" content=\"Dost\u0119pny\" \/>\n<script type=\"application\/ld+json\" class=\"yoast-schema-graph\">{\"@context\":\"https:\/\/schema.org\",\"@graph\":[{\"@type\":\"WebPage\",\"@id\":\"https:\/\/peakart.co.uk\/pl\/produkt\/nowoczesny-zegar-do-salonu\/\",\"url\":\"https:\/\/peakart.co.uk\/pl\/produkt\/nowoczesny-zegar-do-salonu\/\",\"name\":\"Du\u017cy r\u0119cznie wykonany nowoczesny zegar do salonu\",\"isPartOf\":{\"@id\":\"https:\/\/peakart.co.uk\/de\/#website\"},\"primaryImageOfPage\":{\"@id\":\"https:\/\/peakart.co.uk\/pl\/produkt\/nowoczesny-zegar-do-salonu\/#primaryimage\"},\"image\":{\"@id\":\"https:\/\/peakart.co.uk\/pl\/produkt\/nowoczesny-zegar-do-salonu\/#primaryimage\"},\"thumbnailUrl\":\"https:\/\/peakart.co.uk\/wp-content\/uploads\/2018\/06\/Extra-Large-Modern-Wall-Clock-Lounge-Decor-Left-1-1.jpg\",\"datePublished\":\"2018-06-15T18:48:50+00:00\",\"dateModified\":\"2023-03-18T21:11:53+00:00\",\"description\":\"Przepi\u0119kny i niesamowicie imponuj\u0105cy nowoczesny zegar do salonu. Efekt \\\"wow\\\" gwarantowany.\",\"breadcrumb\":{\"@id\":\"https:\/\/peakart.co.uk\/pl\/produkt\/nowoczesny-zegar-do-salonu\/#breadcrumb\"},\"inLanguage\":\"pl-PL\",\"potentialAction\":[{\"@type\":\"ReadAction\",\"target\":[\"https:\/\/peakart.co.uk\/pl\/produkt\/nowoczesny-zegar-do-salonu\/\"]}]},{\"@type\":\"ImageObject\",\"inLanguage\":\"pl-PL\",\"@id\":\"https:\/\/peakart.co.uk\/pl\/produkt\/nowoczesny-zegar-do-salonu\/#primaryimage\",\"url\":\"https:\/\/peakart.co.uk\/wp-content\/uploads\/2018\/06\/Extra-Large-Modern-Wall-Clock-Lounge-Decor-Left-1-1.jpg\",\"contentUrl\":\"https:\/\/peakart.co.uk\/wp-content\/uploads\/2018\/06\/Extra-Large-Modern-Wall-Clock-Lounge-Decor-Left-1-1.jpg\",\"width\":2000,\"height\":2000},{\"@type\":\"BreadcrumbList\",\"@id\":\"https:\/\/peakart.co.uk\/pl\/produkt\/nowoczesny-zegar-do-salonu\/#breadcrumb\",\"itemListElement\":[{\"@type\":\"ListItem\",\"position\":1,\"name\":\"Home\",\"item\":\"https:\/\/peakart.co.uk\/pl\/\"},{\"@type\":\"ListItem\",\"position\":2,\"name\":\"Sklep\",\"item\":\"https:\/\/peakart.co.uk\/pl\/sklep\/\"},{\"@type\":\"ListItem\",\"position\":3,\"name\":\"Rzymski Nowoczesny Zegar Do Salonu\"}]},{\"@type\":\"WebSite\",\"@id\":\"https:\/\/peakart.co.uk\/de\/#website\",\"url\":\"https:\/\/peakart.co.uk\/de\/\",\"name\":\"Peak Art\",\"description\":\"\",\"publisher\":{\"@id\":\"https:\/\/peakart.co.uk\/de\/#organization\"},\"potentialAction\":[{\"@type\":\"SearchAction\",\"target\":{\"@type\":\"EntryPoint\",\"urlTemplate\":\"https:\/\/peakart.co.uk\/de\/?s={search_term_string}\"},\"query-input\":{\"@type\":\"PropertyValueSpecification\",\"valueRequired\":true,\"valueName\":\"search_term_string\"}}],\"inLanguage\":\"pl-PL\"},{\"@type\":\"Organization\",\"@id\":\"https:\/\/peakart.co.uk\/de\/#organization\",\"name\":\"Peak Art\",\"url\":\"https:\/\/peakart.co.uk\/de\/\",\"logo\":{\"@type\":\"ImageObject\",\"inLanguage\":\"pl-PL\",\"@id\":\"https:\/\/peakart.co.uk\/de\/#\/schema\/logo\/image\/\",\"url\":\"https:\/\/peakart.co.uk\/wp-content\/uploads\/2023\/07\/logo-8.jpg\",\"contentUrl\":\"https:\/\/peakart.co.uk\/wp-content\/uploads\/2023\/07\/logo-8.jpg\",\"width\":666,\"height\":259,\"caption\":\"Peak Art\"},\"image\":{\"@id\":\"https:\/\/peakart.co.uk\/de\/#\/schema\/logo\/image\/\"},\"sameAs\":[\"https:\/\/www.facebook.com\/PeakArtClocks\/\"],\"hasMerchantReturnPolicy\":{\"@type\":\"MerchantReturnPolicy\",\"merchantReturnLink\":\"https:\/\/peakart.co.uk\/refund_returns\/\"}}]}<\/script>\n<meta property=\"og:availability\" content=\"instock\" \/>\n<meta property=\"product:availability\" content=\"instock\" \/>\n<meta property=\"product:retailer_item_id\" content=\"PEAKART-47824\" \/>\n<meta property=\"product:condition\" content=\"new\" \/>\n<!-- \/ Yoast SEO Premium plugin. -->","yoast_head_json":{"title":"Du\u017cy r\u0119cznie wykonany nowoczesny zegar do salonu","description":"Przepi\u0119kny i niesamowicie imponuj\u0105cy nowoczesny zegar do salonu. Efekt \"wow\" gwarantowany.","robots":{"index":"index","follow":"follow","max-snippet":"max-snippet:-1","max-image-preview":"max-image-preview:large","max-video-preview":"max-video-preview:-1"},"canonical":"https:\/\/peakart.co.uk\/pl\/produkt\/nowoczesny-zegar-do-salonu\/","og_locale":"pl_PL","og_type":"article","og_title":"Rzymski Nowoczesny Zegar Do Salonu","og_description":"Przepi\u0119kny i niesamowicie imponuj\u0105cy nowoczesny zegar do salonu. Efekt \"wow\" gwarantowany.","og_url":"https:\/\/peakart.co.uk\/pl\/produkt\/nowoczesny-zegar-do-salonu\/","og_site_name":"Peak Art","article_publisher":"https:\/\/www.facebook.com\/PeakArtClocks\/","article_modified_time":"2023-03-18T21:11:53+00:00","og_image":[{"width":2000,"height":2000,"url":"https:\/\/peakart.co.uk\/wp-content\/uploads\/2018\/06\/Extra-Large-Modern-Wall-Clock-Lounge-Decor-Left-1-1.jpg","type":"image\/jpeg"}],"twitter_card":"summary_large_image","twitter_misc":{"Dost\u0119pno\u015b\u0107":"Dost\u0119pny"},"schema":{"@context":"https:\/\/schema.org","@graph":[{"@type":"WebPage","@id":"https:\/\/peakart.co.uk\/pl\/produkt\/nowoczesny-zegar-do-salonu\/","url":"https:\/\/peakart.co.uk\/pl\/produkt\/nowoczesny-zegar-do-salonu\/","name":"Du\u017cy r\u0119cznie wykonany nowoczesny zegar do salonu","isPartOf":{"@id":"https:\/\/peakart.co.uk\/de\/#website"},"primaryImageOfPage":{"@id":"https:\/\/peakart.co.uk\/pl\/produkt\/nowoczesny-zegar-do-salonu\/#primaryimage"},"image":{"@id":"https:\/\/peakart.co.uk\/pl\/produkt\/nowoczesny-zegar-do-salonu\/#primaryimage"},"thumbnailUrl":"https:\/\/peakart.co.uk\/wp-content\/uploads\/2018\/06\/Extra-Large-Modern-Wall-Clock-Lounge-Decor-Left-1-1.jpg","datePublished":"2018-06-15T18:48:50+00:00","dateModified":"2023-03-18T21:11:53+00:00","description":"Przepi\u0119kny i niesamowicie imponuj\u0105cy nowoczesny zegar do salonu. Efekt \"wow\" gwarantowany.","breadcrumb":{"@id":"https:\/\/peakart.co.uk\/pl\/produkt\/nowoczesny-zegar-do-salonu\/#breadcrumb"},"inLanguage":"pl-PL","potentialAction":[{"@type":"ReadAction","target":["https:\/\/peakart.co.uk\/pl\/produkt\/nowoczesny-zegar-do-salonu\/"]}]},{"@type":"ImageObject","inLanguage":"pl-PL","@id":"https:\/\/peakart.co.uk\/pl\/produkt\/nowoczesny-zegar-do-salonu\/#primaryimage","url":"https:\/\/peakart.co.uk\/wp-content\/uploads\/2018\/06\/Extra-Large-Modern-Wall-Clock-Lounge-Decor-Left-1-1.jpg","contentUrl":"https:\/\/peakart.co.uk\/wp-content\/uploads\/2018\/06\/Extra-Large-Modern-Wall-Clock-Lounge-Decor-Left-1-1.jpg","width":2000,"height":2000},{"@type":"BreadcrumbList","@id":"https:\/\/peakart.co.uk\/pl\/produkt\/nowoczesny-zegar-do-salonu\/#breadcrumb","itemListElement":[{"@type":"ListItem","position":1,"name":"Home","item":"https:\/\/peakart.co.uk\/pl\/"},{"@type":"ListItem","position":2,"name":"Sklep","item":"https:\/\/peakart.co.uk\/pl\/sklep\/"},{"@type":"ListItem","position":3,"name":"Rzymski Nowoczesny Zegar Do Salonu"}]},{"@type":"WebSite","@id":"https:\/\/peakart.co.uk\/de\/#website","url":"https:\/\/peakart.co.uk\/de\/","name":"Peak Art","description":"","publisher":{"@id":"https:\/\/peakart.co.uk\/de\/#organization"},"potentialAction":[{"@type":"SearchAction","target":{"@type":"EntryPoint","urlTemplate":"https:\/\/peakart.co.uk\/de\/?s={search_term_string}"},"query-input":{"@type":"PropertyValueSpecification","valueRequired":true,"valueName":"search_term_string"}}],"inLanguage":"pl-PL"},{"@type":"Organization","@id":"https:\/\/peakart.co.uk\/de\/#organization","name":"Peak Art","url":"https:\/\/peakart.co.uk\/de\/","logo":{"@type":"ImageObject","inLanguage":"pl-PL","@id":"https:\/\/peakart.co.uk\/de\/#\/schema\/logo\/image\/","url":"https:\/\/peakart.co.uk\/wp-content\/uploads\/2023\/07\/logo-8.jpg","contentUrl":"https:\/\/peakart.co.uk\/wp-content\/uploads\/2023\/07\/logo-8.jpg","width":666,"height":259,"caption":"Peak Art"},"image":{"@id":"https:\/\/peakart.co.uk\/de\/#\/schema\/logo\/image\/"},"sameAs":["https:\/\/www.facebook.com\/PeakArtClocks\/"],"hasMerchantReturnPolicy":{"@type":"MerchantReturnPolicy","merchantReturnLink":"https:\/\/peakart.co.uk\/refund_returns\/"}}]},"og_availability":"instock","product_availability":"instock","product_retailer_item_id":"PEAKART-47824","product_condition":"new"},"_links":{"self":[{"href":"https:\/\/peakart.co.uk\/pl\/wp-json\/wp\/v2\/product\/8494","targetHints":{"allow":["GET"]}}],"collection":[{"href":"https:\/\/peakart.co.uk\/pl\/wp-json\/wp\/v2\/product"}],"about":[{"href":"https:\/\/peakart.co.uk\/pl\/wp-json\/wp\/v2\/types\/product"}],"replies":[{"embeddable":true,"href":"https:\/\/peakart.co.uk\/pl\/wp-json\/wp\/v2\/comments?post=8494"}],"wp:featuredmedia":[{"embeddable":true,"href":"https:\/\/peakart.co.uk\/pl\/wp-json\/wp\/v2\/media\/32181"}],"wp:attachment":[{"href":"https:\/\/peakart.co.uk\/pl\/wp-json\/wp\/v2\/media?parent=8494"}],"wp:term":[{"taxonomy":"product_brand","embeddable":true,"href":"https:\/\/peakart.co.uk\/pl\/wp-json\/wp\/v2\/product_brand?post=8494"},{"taxonomy":"product_cat","embeddable":true,"href":"https:\/\/peakart.co.uk\/pl\/wp-json\/wp\/v2\/product_cat?post=8494"},{"taxonomy":"product_tag","embeddable":true,"href":"https:\/\/peakart.co.uk\/pl\/wp-json\/wp\/v2\/product_tag?post=8494"}],"curies":[{"name":"wp","href":"https:\/\/api.w.org\/{rel}","templated":true}]}}