{"id":8424,"date":"2018-05-16T19:57:49","date_gmt":"2018-05-16T18:57:49","guid":{"rendered":"http:\/\/peakart.co.uk\/product\/artystyczny-zegar-scienny\/"},"modified":"2023-04-01T05:02:54","modified_gmt":"2023-04-01T04:02:54","slug":"artystyczny-zegar-scienny","status":"publish","type":"product","link":"https:\/\/peakart.co.uk\/pl\/produkt\/artystyczny-zegar-scienny\/","title":{"rendered":"Artystyczny Zegar \u015acienny Z\u0142oto i Srebro"},"content":{"rendered":"<h2>Du\u017cy artystyczny zegar \u015bcienny mo\u017ce by\u0107 idealnym elementem dekoracyjnym w Twoim salonie<\/h2>\n<p>Jedna z naszych klientek by\u0142a naprawd\u0119 zainteresowana <a href=\"https:\/\/peakart.co.uk\/pl\/produkt\/zegar-rzymski-tudor\/\">zegarem rzymskim tudor<\/a>, poniewa\u017c uwa\u017ca\u0142a, \u017ce \u200b\u200bnajlepiej pasuje do jej salonu. Zawsze chcemy mie\u0107 pewno\u015b\u0107, \u017ce udzielamy najlepszej porady, je\u015bli chodzi o wyb\u00f3r produktu. Artystyczny zegar \u015bcienny w odr\u00f3\u017cnieniu od fabrycznych produkt\u00f3w mo\u017cna zawsze zmodyfikowa\u0107, aby spe\u0142nia\u0142 wszelkie wymagania. Po otrzymaniu kilku zdj\u0119\u0107 przedstawiaj\u0105cych wn\u0119trza, pomy\u015bleli\u015bmy, \u017ce lepiej b\u0119dzie nieznacznie zmieni\u0107 oryginalny projekt. Dodaj\u0105c wi\u0119cej z\u0142otych odcieni do istniej\u0105cego srebrnego t\u0142a i sprawiaj\u0105c, \u017ce prz\u00f3d jest nieco ja\u015bniejszy, mamy nadziej\u0119, \u017ce osi\u0105gn\u0119li\u015bmy po\u017c\u0105dany efekt.<\/p>\n<p>Mo\u017cemy zaoferowa\u0107 ten pi\u0119kny projekt w trzech r\u00f3\u017cnych rozmiarach: 75 cm, 100 cm lub 120 cm, aby spe\u0142ni\u0107 wi\u0119kszo\u015b\u0107 wymaga\u0144. Je\u015bli chcesz nieco zmodyfikowa\u0107 odcienie kolor\u00f3w, skontaktuj si\u0119 z nami i prze\u015blij nam kilka zdj\u0119\u0107. Nasza kolekcja du\u017cych zegar\u00f3w \u015bciennych stale ro\u015bnie dzi\u0119ki waszemu wk\u0142adowi i pomys\u0142om. Wykonujemy ka\u017cdy zegar na zam\u00f3wienie, aby \u017cadne dwa zegary nie by\u0142y identyczne. To naprawd\u0119 odr\u00f3\u017cnia zegary z Peak Art od wszystkich innych firm, kt\u00f3re sprzedaj\u0105 produkty wytwarzane fabrycznie.<\/p>\n<p>Ten zegar wymaga pojedynczego akumulatora C-Cell do zasilania cichego mechanizmu kwarcowego. Ka\u017cda bateria powinna trwa\u0107 9-12 miesi\u0119cy, wi\u0119c nie musisz si\u0119 martwi\u0107 przez d\u0142ugi czas. Wysy\u0142amy dwie baterie wraz z szczeg\u00f3\u0142owymi instrukcjami, jak ustawi\u0107 czas.\u00a0Je\u015bli chcesz podzieli\u0107 si\u0119 swoimi uwagami z tysi\u0105cami naszych obserwator\u00f3w, odwied\u017a nasz\u0105 <a href=\"https:\/\/www.facebook.com\/PeakArtClocks\/\">stron\u0119 na Facebooku<\/a>. Mo\u017cesz skontaktowa\u0107 si\u0119 z nami przez Internet lub przez telefon, w zale\u017cno\u015bci od tego, kt\u00f3ra metoda najbardziej Ci odpowiada. Nie zwlekaj i skontaktuj si\u0119 ju\u017c dzi\u015b, aby\u015bmy mogli Ci pom\u00f3c z artystycznym zegarem \u015bciennym do Twojego domu.<\/p>\n","protected":false},"excerpt":{"rendered":"<p>Pi\u0119kny artystyczny zegar \u015bcienny wykonany z drewna i r\u0119cznie malowany. Idealny dodatek dekoratorski do Twojego salonu lub kuchni. Dost\u0119pny w trzech rozmiarach w zale\u017cno\u015bci od potrzeb.<\/p>\n<p><strong>Projekt i R\u0119czne Wykonanie<\/strong>\u00a0&#8211;\u00a0Anna Siodelska, United Kingdom<\/p>\n<p><strong>Front<\/strong>\u00a0\u2013\u00a0Tudor<\/p>\n<p><strong>Ty\u0142\u00a0<\/strong>\u2013\u00a0Z\u0142oto i Srebro<\/p>\n","protected":false},"featured_media":32340,"comment_status":"closed","ping_status":"closed","template":"","meta":[],"product_brand":[],"product_cat":[56],"product_tag":[50,65,68,2671],"class_list":{"0":"post-8424","1":"product","2":"type-product","3":"status-publish","4":"has-post-thumbnail","6":"product_cat-duze-zegary-scienne","7":"product_tag-artystyczne-zegary-scienne","8":"product_tag-duze-zegary-dekoracyjne-na-sciane","9":"product_tag-drewniane-zegary-scienne-z-cyframi-rzymskimi","10":"product_tag-nietypowe-duze-zegary-scienne","11":"product_shipping_class-oversized-clocks-pl","13":"first","14":"instock","15":"sale","16":"taxable","17":"shipping-taxable","18":"purchasable","19":"product-type-variable"},"yoast_head":"<!-- This site is optimized with the Yoast SEO Premium plugin v27.2 (Yoast SEO v27.2) - https:\/\/yoast.com\/product\/yoast-seo-premium-wordpress\/ -->\n<title>Wielki Artystyczny Zegar \u015acienny ze Z\u0142otym i Srebrnym T\u0142em<\/title>\n<meta name=\"description\" content=\"Niesamowity Artystyczny Zegar \u015acienny z Pi\u0119knymi Cyframi Rzymskimi. R\u0119czne wykonanie z drewna.\" \/>\n<meta name=\"robots\" content=\"index, follow, max-snippet:-1, max-image-preview:large, max-video-preview:-1\" \/>\n<link rel=\"canonical\" href=\"https:\/\/peakart.co.uk\/pl\/produkt\/artystyczny-zegar-scienny\/\" \/>\n<meta property=\"og:locale\" content=\"pl_PL\" \/>\n<meta property=\"og:type\" content=\"article\" \/>\n<meta property=\"og:title\" content=\"Artystyczny Zegar \u015acienny Z\u0142oto i Srebro\" \/>\n<meta property=\"og:description\" content=\"Niesamowity Artystyczny Zegar \u015acienny z Pi\u0119knymi Cyframi Rzymskimi. R\u0119czne wykonanie z drewna.\" \/>\n<meta property=\"og:url\" content=\"https:\/\/peakart.co.uk\/pl\/produkt\/artystyczny-zegar-scienny\/\" \/>\n<meta property=\"og:site_name\" content=\"Peak Art\" \/>\n<meta property=\"article:publisher\" content=\"https:\/\/www.facebook.com\/PeakArtClocks\/\" \/>\n<meta property=\"article:modified_time\" content=\"2023-04-01T04:02:54+00:00\" \/>\n<meta property=\"og:image\" content=\"https:\/\/peakart.co.uk\/wp-content\/uploads\/2018\/05\/Artistic-Wall-Clock-Interiors-scaled.jpg\" \/>\n\t<meta property=\"og:image:width\" content=\"2560\" \/>\n\t<meta property=\"og:image:height\" content=\"1912\" \/>\n\t<meta property=\"og:image:type\" content=\"image\/jpeg\" \/>\n<meta name=\"twitter:card\" content=\"summary_large_image\" \/>\n<meta name=\"twitter:label1\" content=\"Dost\u0119pno\u015b\u0107\" \/>\n\t<meta name=\"twitter:data1\" content=\"Dost\u0119pny\" \/>\n<script type=\"application\/ld+json\" class=\"yoast-schema-graph\">{\"@context\":\"https:\/\/schema.org\",\"@graph\":[{\"@type\":\"WebPage\",\"@id\":\"https:\/\/peakart.co.uk\/pl\/produkt\/artystyczny-zegar-scienny\/\",\"url\":\"https:\/\/peakart.co.uk\/pl\/produkt\/artystyczny-zegar-scienny\/\",\"name\":\"Wielki Artystyczny Zegar \u015acienny ze Z\u0142otym i Srebrnym T\u0142em\",\"isPartOf\":{\"@id\":\"https:\/\/peakart.co.uk\/de\/#website\"},\"primaryImageOfPage\":{\"@id\":\"https:\/\/peakart.co.uk\/pl\/produkt\/artystyczny-zegar-scienny\/#primaryimage\"},\"image\":{\"@id\":\"https:\/\/peakart.co.uk\/pl\/produkt\/artystyczny-zegar-scienny\/#primaryimage\"},\"thumbnailUrl\":\"https:\/\/peakart.co.uk\/wp-content\/uploads\/2018\/05\/Artistic-Wall-Clock-Interiors-scaled.jpg\",\"datePublished\":\"2018-05-16T18:57:49+00:00\",\"dateModified\":\"2023-04-01T04:02:54+00:00\",\"description\":\"Niesamowity Artystyczny Zegar \u015acienny z Pi\u0119knymi Cyframi Rzymskimi. R\u0119czne wykonanie z drewna.\",\"breadcrumb\":{\"@id\":\"https:\/\/peakart.co.uk\/pl\/produkt\/artystyczny-zegar-scienny\/#breadcrumb\"},\"inLanguage\":\"pl-PL\",\"potentialAction\":[{\"@type\":\"ReadAction\",\"target\":[\"https:\/\/peakart.co.uk\/pl\/produkt\/artystyczny-zegar-scienny\/\"]}]},{\"@type\":\"ImageObject\",\"inLanguage\":\"pl-PL\",\"@id\":\"https:\/\/peakart.co.uk\/pl\/produkt\/artystyczny-zegar-scienny\/#primaryimage\",\"url\":\"https:\/\/peakart.co.uk\/wp-content\/uploads\/2018\/05\/Artistic-Wall-Clock-Interiors-scaled.jpg\",\"contentUrl\":\"https:\/\/peakart.co.uk\/wp-content\/uploads\/2018\/05\/Artistic-Wall-Clock-Interiors-scaled.jpg\",\"width\":2560,\"height\":1912},{\"@type\":\"BreadcrumbList\",\"@id\":\"https:\/\/peakart.co.uk\/pl\/produkt\/artystyczny-zegar-scienny\/#breadcrumb\",\"itemListElement\":[{\"@type\":\"ListItem\",\"position\":1,\"name\":\"Home\",\"item\":\"https:\/\/peakart.co.uk\/pl\/\"},{\"@type\":\"ListItem\",\"position\":2,\"name\":\"Sklep\",\"item\":\"https:\/\/peakart.co.uk\/pl\/sklep\/\"},{\"@type\":\"ListItem\",\"position\":3,\"name\":\"Artystyczny Zegar \u015acienny Z\u0142oto i Srebro\"}]},{\"@type\":\"WebSite\",\"@id\":\"https:\/\/peakart.co.uk\/de\/#website\",\"url\":\"https:\/\/peakart.co.uk\/de\/\",\"name\":\"Peak Art\",\"description\":\"\",\"publisher\":{\"@id\":\"https:\/\/peakart.co.uk\/de\/#organization\"},\"potentialAction\":[{\"@type\":\"SearchAction\",\"target\":{\"@type\":\"EntryPoint\",\"urlTemplate\":\"https:\/\/peakart.co.uk\/de\/?s={search_term_string}\"},\"query-input\":{\"@type\":\"PropertyValueSpecification\",\"valueRequired\":true,\"valueName\":\"search_term_string\"}}],\"inLanguage\":\"pl-PL\"},{\"@type\":\"Organization\",\"@id\":\"https:\/\/peakart.co.uk\/de\/#organization\",\"name\":\"Peak Art\",\"url\":\"https:\/\/peakart.co.uk\/de\/\",\"logo\":{\"@type\":\"ImageObject\",\"inLanguage\":\"pl-PL\",\"@id\":\"https:\/\/peakart.co.uk\/de\/#\/schema\/logo\/image\/\",\"url\":\"https:\/\/peakart.co.uk\/wp-content\/uploads\/2023\/07\/logo-8.jpg\",\"contentUrl\":\"https:\/\/peakart.co.uk\/wp-content\/uploads\/2023\/07\/logo-8.jpg\",\"width\":666,\"height\":259,\"caption\":\"Peak Art\"},\"image\":{\"@id\":\"https:\/\/peakart.co.uk\/de\/#\/schema\/logo\/image\/\"},\"sameAs\":[\"https:\/\/www.facebook.com\/PeakArtClocks\/\"],\"hasMerchantReturnPolicy\":{\"@type\":\"MerchantReturnPolicy\",\"merchantReturnLink\":\"https:\/\/peakart.co.uk\/refund_returns\/\"}}]}<\/script>\n<meta property=\"og:availability\" content=\"instock\" \/>\n<meta property=\"product:availability\" content=\"instock\" \/>\n<meta property=\"product:retailer_item_id\" content=\"PEAKART-53118\" \/>\n<meta property=\"product:condition\" content=\"new\" \/>\n<!-- \/ Yoast SEO Premium plugin. -->","yoast_head_json":{"title":"Wielki Artystyczny Zegar \u015acienny ze Z\u0142otym i Srebrnym T\u0142em","description":"Niesamowity Artystyczny Zegar \u015acienny z Pi\u0119knymi Cyframi Rzymskimi. R\u0119czne wykonanie z drewna.","robots":{"index":"index","follow":"follow","max-snippet":"max-snippet:-1","max-image-preview":"max-image-preview:large","max-video-preview":"max-video-preview:-1"},"canonical":"https:\/\/peakart.co.uk\/pl\/produkt\/artystyczny-zegar-scienny\/","og_locale":"pl_PL","og_type":"article","og_title":"Artystyczny Zegar \u015acienny Z\u0142oto i Srebro","og_description":"Niesamowity Artystyczny Zegar \u015acienny z Pi\u0119knymi Cyframi Rzymskimi. R\u0119czne wykonanie z drewna.","og_url":"https:\/\/peakart.co.uk\/pl\/produkt\/artystyczny-zegar-scienny\/","og_site_name":"Peak Art","article_publisher":"https:\/\/www.facebook.com\/PeakArtClocks\/","article_modified_time":"2023-04-01T04:02:54+00:00","og_image":[{"width":2560,"height":1912,"url":"https:\/\/peakart.co.uk\/wp-content\/uploads\/2018\/05\/Artistic-Wall-Clock-Interiors-scaled.jpg","type":"image\/jpeg"}],"twitter_card":"summary_large_image","twitter_misc":{"Dost\u0119pno\u015b\u0107":"Dost\u0119pny"},"schema":{"@context":"https:\/\/schema.org","@graph":[{"@type":"WebPage","@id":"https:\/\/peakart.co.uk\/pl\/produkt\/artystyczny-zegar-scienny\/","url":"https:\/\/peakart.co.uk\/pl\/produkt\/artystyczny-zegar-scienny\/","name":"Wielki Artystyczny Zegar \u015acienny ze Z\u0142otym i Srebrnym T\u0142em","isPartOf":{"@id":"https:\/\/peakart.co.uk\/de\/#website"},"primaryImageOfPage":{"@id":"https:\/\/peakart.co.uk\/pl\/produkt\/artystyczny-zegar-scienny\/#primaryimage"},"image":{"@id":"https:\/\/peakart.co.uk\/pl\/produkt\/artystyczny-zegar-scienny\/#primaryimage"},"thumbnailUrl":"https:\/\/peakart.co.uk\/wp-content\/uploads\/2018\/05\/Artistic-Wall-Clock-Interiors-scaled.jpg","datePublished":"2018-05-16T18:57:49+00:00","dateModified":"2023-04-01T04:02:54+00:00","description":"Niesamowity Artystyczny Zegar \u015acienny z Pi\u0119knymi Cyframi Rzymskimi. R\u0119czne wykonanie z drewna.","breadcrumb":{"@id":"https:\/\/peakart.co.uk\/pl\/produkt\/artystyczny-zegar-scienny\/#breadcrumb"},"inLanguage":"pl-PL","potentialAction":[{"@type":"ReadAction","target":["https:\/\/peakart.co.uk\/pl\/produkt\/artystyczny-zegar-scienny\/"]}]},{"@type":"ImageObject","inLanguage":"pl-PL","@id":"https:\/\/peakart.co.uk\/pl\/produkt\/artystyczny-zegar-scienny\/#primaryimage","url":"https:\/\/peakart.co.uk\/wp-content\/uploads\/2018\/05\/Artistic-Wall-Clock-Interiors-scaled.jpg","contentUrl":"https:\/\/peakart.co.uk\/wp-content\/uploads\/2018\/05\/Artistic-Wall-Clock-Interiors-scaled.jpg","width":2560,"height":1912},{"@type":"BreadcrumbList","@id":"https:\/\/peakart.co.uk\/pl\/produkt\/artystyczny-zegar-scienny\/#breadcrumb","itemListElement":[{"@type":"ListItem","position":1,"name":"Home","item":"https:\/\/peakart.co.uk\/pl\/"},{"@type":"ListItem","position":2,"name":"Sklep","item":"https:\/\/peakart.co.uk\/pl\/sklep\/"},{"@type":"ListItem","position":3,"name":"Artystyczny Zegar \u015acienny Z\u0142oto i Srebro"}]},{"@type":"WebSite","@id":"https:\/\/peakart.co.uk\/de\/#website","url":"https:\/\/peakart.co.uk\/de\/","name":"Peak Art","description":"","publisher":{"@id":"https:\/\/peakart.co.uk\/de\/#organization"},"potentialAction":[{"@type":"SearchAction","target":{"@type":"EntryPoint","urlTemplate":"https:\/\/peakart.co.uk\/de\/?s={search_term_string}"},"query-input":{"@type":"PropertyValueSpecification","valueRequired":true,"valueName":"search_term_string"}}],"inLanguage":"pl-PL"},{"@type":"Organization","@id":"https:\/\/peakart.co.uk\/de\/#organization","name":"Peak Art","url":"https:\/\/peakart.co.uk\/de\/","logo":{"@type":"ImageObject","inLanguage":"pl-PL","@id":"https:\/\/peakart.co.uk\/de\/#\/schema\/logo\/image\/","url":"https:\/\/peakart.co.uk\/wp-content\/uploads\/2023\/07\/logo-8.jpg","contentUrl":"https:\/\/peakart.co.uk\/wp-content\/uploads\/2023\/07\/logo-8.jpg","width":666,"height":259,"caption":"Peak Art"},"image":{"@id":"https:\/\/peakart.co.uk\/de\/#\/schema\/logo\/image\/"},"sameAs":["https:\/\/www.facebook.com\/PeakArtClocks\/"],"hasMerchantReturnPolicy":{"@type":"MerchantReturnPolicy","merchantReturnLink":"https:\/\/peakart.co.uk\/refund_returns\/"}}]},"og_availability":"instock","product_availability":"instock","product_retailer_item_id":"PEAKART-53118","product_condition":"new"},"_links":{"self":[{"href":"https:\/\/peakart.co.uk\/pl\/wp-json\/wp\/v2\/product\/8424","targetHints":{"allow":["GET"]}}],"collection":[{"href":"https:\/\/peakart.co.uk\/pl\/wp-json\/wp\/v2\/product"}],"about":[{"href":"https:\/\/peakart.co.uk\/pl\/wp-json\/wp\/v2\/types\/product"}],"replies":[{"embeddable":true,"href":"https:\/\/peakart.co.uk\/pl\/wp-json\/wp\/v2\/comments?post=8424"}],"wp:featuredmedia":[{"embeddable":true,"href":"https:\/\/peakart.co.uk\/pl\/wp-json\/wp\/v2\/media\/32340"}],"wp:attachment":[{"href":"https:\/\/peakart.co.uk\/pl\/wp-json\/wp\/v2\/media?parent=8424"}],"wp:term":[{"taxonomy":"product_brand","embeddable":true,"href":"https:\/\/peakart.co.uk\/pl\/wp-json\/wp\/v2\/product_brand?post=8424"},{"taxonomy":"product_cat","embeddable":true,"href":"https:\/\/peakart.co.uk\/pl\/wp-json\/wp\/v2\/product_cat?post=8424"},{"taxonomy":"product_tag","embeddable":true,"href":"https:\/\/peakart.co.uk\/pl\/wp-json\/wp\/v2\/product_tag?post=8424"}],"curies":[{"name":"wp","href":"https:\/\/api.w.org\/{rel}","templated":true}]}}