{"id":8213,"date":"2018-03-10T15:12:51","date_gmt":"2018-03-10T15:12:51","guid":{"rendered":"http:\/\/peakart.co.uk\/?post_type=product&#038;p=8213"},"modified":"2023-03-23T15:30:33","modified_gmt":"2023-03-23T15:30:33","slug":"zegar-ozdobny-do-salonu","status":"publish","type":"product","link":"https:\/\/peakart.co.uk\/pl\/produkt\/zegar-ozdobny-do-salonu\/","title":{"rendered":"Pi\u0119kny Drewniany Zegar Ozdobny do Salonu"},"content":{"rendered":"<h2>Bardzo du\u017cy zegar \u015bcienny do salonu lub jadalni w Twoim domu<\/h2>\n<p>Jedn\u0105 z rzeczy, kt\u00f3ra sprawia, \u017ce \u200b\u200bPeak Art wyr\u00f3\u017cnia si\u0119 z t\u0142umu, jest nasza zdolno\u015b\u0107 do dostosowywania naszych zegar\u00f3w do Twoich wymaga\u0144. Ten pi\u0119kny zegar \u015bcienny do salonu lub kuchni jest klasycznym przyk\u0142adem udowadniaj\u0105cym, \u017ce mo\u017cemy to zrobi\u0107. Jeden z naszych klient\u00f3w by\u0142 naprawd\u0119 zainteresowany du\u017cym, <a href=\"https:\/\/peakart.co.uk\/pl\/produkt\/zegar-scienny-designerski\/\">designerskim zegarem \u015bciennym<\/a>, kt\u00f3ry nazwali\u015bmy &#8220;Old Clipper&#8221;. Otrzymali\u015bmy kilka zdj\u0119\u0107 kuchni i zgodzili\u015bmy si\u0119, \u017ce musimy wprowadzi\u0107 pewne poprawki do oryginalnego wygl\u0105du. Tak narodzi\u0142 si\u0119 &#8220;Old Clipper Honey&#8221;.<\/p>\n<p>Jak wida\u0107 na zdj\u0119ciach jest bardzo podobny do oryginalnego projektu. Jednocze\u015bnie ma bardziej artystyczny wygl\u0105d i og\u00f3lnie ja\u015bniejsze br\u0105zowe kolory. Je\u015bli przyjrzysz si\u0119 bli\u017cej lub pod innym k\u0105tem, zobaczysz r\u00f3wnie\u017c kilka \u017c\u00f3\u0142tych i pomara\u0144czowych odcieni wychodz\u0105cych w kilku miejscach. W\u0142a\u015bnie taki wygl\u0105d chcieli\u015bmy osi\u0105gn\u0105\u0107 i wygl\u0105da \u015bwietnie w ciemniejszych wn\u0119trzach.<\/p>\n<p>Podobnie jak wszystkie inne zegary \u015bcienne z naszego sklepu internetowego, ten niezwyk\u0142y czasomierz wymaga jednej baterii C-Cell do dzia\u0142ania. Je\u015bli planujesz umie\u015bci\u0107 go w swoim salonie, upewnij si\u0119, \u017ce nie jest on blisko \u017cadnych bezpo\u015brednich \u017ar\u00f3de\u0142 ciep\u0142a lub wilgoci. \u017bywotno\u015b\u0107 mechanizmu mo\u017cna zmniejszy\u0107, gdy zostanie wystawiony na dzia\u0142anie wilgoci, a drewno mo\u017ce wyschn\u0105\u0107 z powodu nadmiernego ciep\u0142a.<\/p>\n<h2>Nasze zegary to nie tylko urz\u0105dzenia do pomiaru czasu, ale mog\u0105 by\u0107 punktem centralnym w salonie<\/h2>\n<p>Pomys\u0142 u\u017cycia zegara \u015bciennego jako dzie\u0142a sztuki w salonie nie jest nowy. Nasze zegary przenosz\u0105 t\u0119 koncepcj\u0119 na nowy poziom. Ka\u017cdy z nich pokazuje niesamowity kunszt i mo\u017ce by\u0107 centralnym punktem Twojego domu. To dlatego klienci z ca\u0142ego \u015bwiata przychodz\u0105 do nas, je\u015bli potrzebuj\u0105 czego\u015b naprawd\u0119 niezwyk\u0142ego. Zegar \u015bcienny do salonu nie musi by\u0107 szablonowy jak zwyk\u0142e oferty na rynek masowy. Mo\u017cesz teraz kupi\u0107 co\u015b, co dostosujemy do Twoich wymaga\u0144.<\/p>\n<p>Mo\u017cemy wys\u0142a\u0107 nasze zegary do ponad 30 r\u00f3\u017cnych lokalizacji i zbudowali\u015bmy spo\u0142eczno\u015b\u0107 mi\u0119dzynarodow\u0105 na <a href=\"https:\/\/www.facebook.com\/PeakArtClocks\/\">Facebooku<\/a>. Do\u0142\u0105cz do nas i dziel si\u0119 swoimi opiniami z tysi\u0105cami naszych fan\u00f3w.<\/p>\n","protected":false},"excerpt":{"rendered":"<p>Ten wspania\u0142y zegar ozdobny do salonu to nowa wersja wykonana na podstawie projektu &#8220;Old Clipper&#8221;. Oferujemy trzy r\u00f3\u017cne rozmiary, kt\u00f3re mo\u017cna wybra\u0107 z listy rozwijanej.<\/p>\n<p><strong>Projekt i R\u0119czne Wykonanie<\/strong>\u00a0&#8211;\u00a0Anna Siodelska<\/p>\n<p><strong>Front<\/strong> \u2013 Kolor D\u0119bowy \/ Miodowy<\/p>\n<p><strong>Ty\u0142<\/strong> \u2013 Kolor D\u0119bowy<\/p>\n<p>&nbsp;<\/p>\n","protected":false},"featured_media":34291,"comment_status":"closed","ping_status":"closed","template":"","meta":[],"product_brand":[],"product_cat":[56],"product_tag":[50,65,2138,2671,2672],"class_list":{"0":"post-8213","1":"product","2":"type-product","3":"status-publish","4":"has-post-thumbnail","6":"product_cat-duze-zegary-scienne","7":"product_tag-artystyczne-zegary-scienne","8":"product_tag-duze-zegary-dekoracyjne-na-sciane","9":"product_tag-duze-zegary-scienne","10":"product_tag-nietypowe-duze-zegary-scienne","11":"product_tag-unikalne-duze-zegary-scienne","12":"product_shipping_class-oversized-clocks-pl","14":"first","15":"instock","16":"sale","17":"featured","18":"taxable","19":"shipping-taxable","20":"purchasable","21":"product-type-variable"},"yoast_head":"<!-- This site is optimized with the Yoast SEO Premium plugin v27.2 (Yoast SEO v27.2) - https:\/\/yoast.com\/product\/yoast-seo-premium-wordpress\/ -->\n<title>Du\u017cy Zegar Ozdobny do Salonu b\u0105d\u017a jadalni. R\u0119cznie wykonany w Anglii.<\/title>\n<meta name=\"description\" content=\"Niesamowity i unikalny zegar ozdobny do salonu wykonany z drewna i r\u0119cznie malowany.\" \/>\n<meta name=\"robots\" content=\"index, follow, max-snippet:-1, max-image-preview:large, max-video-preview:-1\" \/>\n<link rel=\"canonical\" href=\"https:\/\/peakart.co.uk\/pl\/produkt\/zegar-ozdobny-do-salonu\/\" \/>\n<meta property=\"og:locale\" content=\"pl_PL\" \/>\n<meta property=\"og:type\" content=\"article\" \/>\n<meta property=\"og:title\" content=\"Pi\u0119kny Drewniany Zegar Ozdobny do Salonu\" \/>\n<meta property=\"og:description\" content=\"Niesamowity i unikalny zegar ozdobny do salonu wykonany z drewna i r\u0119cznie malowany.\" \/>\n<meta property=\"og:url\" content=\"https:\/\/peakart.co.uk\/pl\/produkt\/zegar-ozdobny-do-salonu\/\" \/>\n<meta property=\"og:site_name\" content=\"Peak Art\" \/>\n<meta property=\"article:publisher\" content=\"https:\/\/www.facebook.com\/PeakArtClocks\/\" \/>\n<meta property=\"article:modified_time\" content=\"2023-03-23T15:30:33+00:00\" \/>\n<meta property=\"og:image\" content=\"https:\/\/peakart.co.uk\/wp-content\/uploads\/2024\/05\/Wall-Clock-for-Lounge-Right.jpg\" \/>\n\t<meta property=\"og:image:width\" content=\"2000\" \/>\n\t<meta property=\"og:image:height\" content=\"2000\" \/>\n\t<meta property=\"og:image:type\" content=\"image\/jpeg\" \/>\n<meta name=\"twitter:card\" content=\"summary_large_image\" \/>\n<meta name=\"twitter:label1\" content=\"Dost\u0119pno\u015b\u0107\" \/>\n\t<meta name=\"twitter:data1\" content=\"Dost\u0119pny\" \/>\n<script type=\"application\/ld+json\" class=\"yoast-schema-graph\">{\"@context\":\"https:\/\/schema.org\",\"@graph\":[{\"@type\":\"WebPage\",\"@id\":\"https:\/\/peakart.co.uk\/pl\/produkt\/zegar-ozdobny-do-salonu\/\",\"url\":\"https:\/\/peakart.co.uk\/pl\/produkt\/zegar-ozdobny-do-salonu\/\",\"name\":\"Du\u017cy Zegar Ozdobny do Salonu b\u0105d\u017a jadalni. R\u0119cznie wykonany w Anglii.\",\"isPartOf\":{\"@id\":\"https:\/\/peakart.co.uk\/de\/#website\"},\"primaryImageOfPage\":{\"@id\":\"https:\/\/peakart.co.uk\/pl\/produkt\/zegar-ozdobny-do-salonu\/#primaryimage\"},\"image\":{\"@id\":\"https:\/\/peakart.co.uk\/pl\/produkt\/zegar-ozdobny-do-salonu\/#primaryimage\"},\"thumbnailUrl\":\"https:\/\/peakart.co.uk\/wp-content\/uploads\/2018\/03\/Large-Wooden-Clock.jpg\",\"datePublished\":\"2018-03-10T15:12:51+00:00\",\"dateModified\":\"2023-03-23T15:30:33+00:00\",\"description\":\"Niesamowity i unikalny zegar ozdobny do salonu wykonany z drewna i r\u0119cznie malowany.\",\"breadcrumb\":{\"@id\":\"https:\/\/peakart.co.uk\/pl\/produkt\/zegar-ozdobny-do-salonu\/#breadcrumb\"},\"inLanguage\":\"pl-PL\",\"potentialAction\":[{\"@type\":\"ReadAction\",\"target\":[\"https:\/\/peakart.co.uk\/pl\/produkt\/zegar-ozdobny-do-salonu\/\"]}]},{\"@type\":\"ImageObject\",\"inLanguage\":\"pl-PL\",\"@id\":\"https:\/\/peakart.co.uk\/pl\/produkt\/zegar-ozdobny-do-salonu\/#primaryimage\",\"url\":\"https:\/\/peakart.co.uk\/wp-content\/uploads\/2018\/03\/Large-Wooden-Clock.jpg\",\"contentUrl\":\"https:\/\/peakart.co.uk\/wp-content\/uploads\/2018\/03\/Large-Wooden-Clock.jpg\",\"width\":1600,\"height\":1328,\"caption\":\"Large Wooden Clock\"},{\"@type\":\"BreadcrumbList\",\"@id\":\"https:\/\/peakart.co.uk\/pl\/produkt\/zegar-ozdobny-do-salonu\/#breadcrumb\",\"itemListElement\":[{\"@type\":\"ListItem\",\"position\":1,\"name\":\"Home\",\"item\":\"https:\/\/peakart.co.uk\/pl\/\"},{\"@type\":\"ListItem\",\"position\":2,\"name\":\"Sklep\",\"item\":\"https:\/\/peakart.co.uk\/pl\/sklep\/\"},{\"@type\":\"ListItem\",\"position\":3,\"name\":\"Pi\u0119kny Drewniany Zegar Ozdobny do Salonu\"}]},{\"@type\":\"WebSite\",\"@id\":\"https:\/\/peakart.co.uk\/de\/#website\",\"url\":\"https:\/\/peakart.co.uk\/de\/\",\"name\":\"Peak Art\",\"description\":\"\",\"publisher\":{\"@id\":\"https:\/\/peakart.co.uk\/de\/#organization\"},\"potentialAction\":[{\"@type\":\"SearchAction\",\"target\":{\"@type\":\"EntryPoint\",\"urlTemplate\":\"https:\/\/peakart.co.uk\/de\/?s={search_term_string}\"},\"query-input\":{\"@type\":\"PropertyValueSpecification\",\"valueRequired\":true,\"valueName\":\"search_term_string\"}}],\"inLanguage\":\"pl-PL\"},{\"@type\":\"Organization\",\"@id\":\"https:\/\/peakart.co.uk\/de\/#organization\",\"name\":\"Peak Art\",\"url\":\"https:\/\/peakart.co.uk\/de\/\",\"logo\":{\"@type\":\"ImageObject\",\"inLanguage\":\"pl-PL\",\"@id\":\"https:\/\/peakart.co.uk\/de\/#\/schema\/logo\/image\/\",\"url\":\"https:\/\/peakart.co.uk\/wp-content\/uploads\/2023\/07\/logo-8.jpg\",\"contentUrl\":\"https:\/\/peakart.co.uk\/wp-content\/uploads\/2023\/07\/logo-8.jpg\",\"width\":666,\"height\":259,\"caption\":\"Peak Art\"},\"image\":{\"@id\":\"https:\/\/peakart.co.uk\/de\/#\/schema\/logo\/image\/\"},\"sameAs\":[\"https:\/\/www.facebook.com\/PeakArtClocks\/\"],\"hasMerchantReturnPolicy\":{\"@type\":\"MerchantReturnPolicy\",\"merchantReturnLink\":\"https:\/\/peakart.co.uk\/refund_returns\/\"}}]}<\/script>\n<meta property=\"og:availability\" content=\"instock\" \/>\n<meta property=\"product:availability\" content=\"instock\" \/>\n<meta property=\"product:retailer_item_id\" content=\"PEAKART-44258\" \/>\n<meta property=\"product:condition\" content=\"new\" \/>\n<!-- \/ Yoast SEO Premium plugin. -->","yoast_head_json":{"title":"Du\u017cy Zegar Ozdobny do Salonu b\u0105d\u017a jadalni. R\u0119cznie wykonany w Anglii.","description":"Niesamowity i unikalny zegar ozdobny do salonu wykonany z drewna i r\u0119cznie malowany.","robots":{"index":"index","follow":"follow","max-snippet":"max-snippet:-1","max-image-preview":"max-image-preview:large","max-video-preview":"max-video-preview:-1"},"canonical":"https:\/\/peakart.co.uk\/pl\/produkt\/zegar-ozdobny-do-salonu\/","og_locale":"pl_PL","og_type":"article","og_title":"Pi\u0119kny Drewniany Zegar Ozdobny do Salonu","og_description":"Niesamowity i unikalny zegar ozdobny do salonu wykonany z drewna i r\u0119cznie malowany.","og_url":"https:\/\/peakart.co.uk\/pl\/produkt\/zegar-ozdobny-do-salonu\/","og_site_name":"Peak Art","article_publisher":"https:\/\/www.facebook.com\/PeakArtClocks\/","article_modified_time":"2023-03-23T15:30:33+00:00","og_image":[{"width":2000,"height":2000,"url":"https:\/\/peakart.co.uk\/wp-content\/uploads\/2024\/05\/Wall-Clock-for-Lounge-Right.jpg","type":"image\/jpeg"}],"twitter_card":"summary_large_image","twitter_misc":{"Dost\u0119pno\u015b\u0107":"Dost\u0119pny"},"schema":{"@context":"https:\/\/schema.org","@graph":[{"@type":"WebPage","@id":"https:\/\/peakart.co.uk\/pl\/produkt\/zegar-ozdobny-do-salonu\/","url":"https:\/\/peakart.co.uk\/pl\/produkt\/zegar-ozdobny-do-salonu\/","name":"Du\u017cy Zegar Ozdobny do Salonu b\u0105d\u017a jadalni. R\u0119cznie wykonany w Anglii.","isPartOf":{"@id":"https:\/\/peakart.co.uk\/de\/#website"},"primaryImageOfPage":{"@id":"https:\/\/peakart.co.uk\/pl\/produkt\/zegar-ozdobny-do-salonu\/#primaryimage"},"image":{"@id":"https:\/\/peakart.co.uk\/pl\/produkt\/zegar-ozdobny-do-salonu\/#primaryimage"},"thumbnailUrl":"https:\/\/peakart.co.uk\/wp-content\/uploads\/2018\/03\/Large-Wooden-Clock.jpg","datePublished":"2018-03-10T15:12:51+00:00","dateModified":"2023-03-23T15:30:33+00:00","description":"Niesamowity i unikalny zegar ozdobny do salonu wykonany z drewna i r\u0119cznie malowany.","breadcrumb":{"@id":"https:\/\/peakart.co.uk\/pl\/produkt\/zegar-ozdobny-do-salonu\/#breadcrumb"},"inLanguage":"pl-PL","potentialAction":[{"@type":"ReadAction","target":["https:\/\/peakart.co.uk\/pl\/produkt\/zegar-ozdobny-do-salonu\/"]}]},{"@type":"ImageObject","inLanguage":"pl-PL","@id":"https:\/\/peakart.co.uk\/pl\/produkt\/zegar-ozdobny-do-salonu\/#primaryimage","url":"https:\/\/peakart.co.uk\/wp-content\/uploads\/2018\/03\/Large-Wooden-Clock.jpg","contentUrl":"https:\/\/peakart.co.uk\/wp-content\/uploads\/2018\/03\/Large-Wooden-Clock.jpg","width":1600,"height":1328,"caption":"Large Wooden Clock"},{"@type":"BreadcrumbList","@id":"https:\/\/peakart.co.uk\/pl\/produkt\/zegar-ozdobny-do-salonu\/#breadcrumb","itemListElement":[{"@type":"ListItem","position":1,"name":"Home","item":"https:\/\/peakart.co.uk\/pl\/"},{"@type":"ListItem","position":2,"name":"Sklep","item":"https:\/\/peakart.co.uk\/pl\/sklep\/"},{"@type":"ListItem","position":3,"name":"Pi\u0119kny Drewniany Zegar Ozdobny do Salonu"}]},{"@type":"WebSite","@id":"https:\/\/peakart.co.uk\/de\/#website","url":"https:\/\/peakart.co.uk\/de\/","name":"Peak Art","description":"","publisher":{"@id":"https:\/\/peakart.co.uk\/de\/#organization"},"potentialAction":[{"@type":"SearchAction","target":{"@type":"EntryPoint","urlTemplate":"https:\/\/peakart.co.uk\/de\/?s={search_term_string}"},"query-input":{"@type":"PropertyValueSpecification","valueRequired":true,"valueName":"search_term_string"}}],"inLanguage":"pl-PL"},{"@type":"Organization","@id":"https:\/\/peakart.co.uk\/de\/#organization","name":"Peak Art","url":"https:\/\/peakart.co.uk\/de\/","logo":{"@type":"ImageObject","inLanguage":"pl-PL","@id":"https:\/\/peakart.co.uk\/de\/#\/schema\/logo\/image\/","url":"https:\/\/peakart.co.uk\/wp-content\/uploads\/2023\/07\/logo-8.jpg","contentUrl":"https:\/\/peakart.co.uk\/wp-content\/uploads\/2023\/07\/logo-8.jpg","width":666,"height":259,"caption":"Peak Art"},"image":{"@id":"https:\/\/peakart.co.uk\/de\/#\/schema\/logo\/image\/"},"sameAs":["https:\/\/www.facebook.com\/PeakArtClocks\/"],"hasMerchantReturnPolicy":{"@type":"MerchantReturnPolicy","merchantReturnLink":"https:\/\/peakart.co.uk\/refund_returns\/"}}]},"og_availability":"instock","product_availability":"instock","product_retailer_item_id":"PEAKART-44258","product_condition":"new"},"_links":{"self":[{"href":"https:\/\/peakart.co.uk\/pl\/wp-json\/wp\/v2\/product\/8213","targetHints":{"allow":["GET"]}}],"collection":[{"href":"https:\/\/peakart.co.uk\/pl\/wp-json\/wp\/v2\/product"}],"about":[{"href":"https:\/\/peakart.co.uk\/pl\/wp-json\/wp\/v2\/types\/product"}],"replies":[{"embeddable":true,"href":"https:\/\/peakart.co.uk\/pl\/wp-json\/wp\/v2\/comments?post=8213"}],"wp:featuredmedia":[{"embeddable":true,"href":"https:\/\/peakart.co.uk\/pl\/wp-json\/wp\/v2\/media\/34291"}],"wp:attachment":[{"href":"https:\/\/peakart.co.uk\/pl\/wp-json\/wp\/v2\/media?parent=8213"}],"wp:term":[{"taxonomy":"product_brand","embeddable":true,"href":"https:\/\/peakart.co.uk\/pl\/wp-json\/wp\/v2\/product_brand?post=8213"},{"taxonomy":"product_cat","embeddable":true,"href":"https:\/\/peakart.co.uk\/pl\/wp-json\/wp\/v2\/product_cat?post=8213"},{"taxonomy":"product_tag","embeddable":true,"href":"https:\/\/peakart.co.uk\/pl\/wp-json\/wp\/v2\/product_tag?post=8213"}],"curies":[{"name":"wp","href":"https:\/\/api.w.org\/{rel}","templated":true}]}}