{"id":8129,"date":"2018-02-24T16:12:06","date_gmt":"2018-02-24T16:12:12","guid":{"rendered":"http:\/\/peakart.co.uk\/?post_type=product&#038;p=8129"},"modified":"2023-03-23T21:42:59","modified_gmt":"2023-03-23T21:42:59","slug":"zegar-dekoracyjny-do-salonu","status":"publish","type":"product","link":"https:\/\/peakart.co.uk\/pl\/produkt\/zegar-dekoracyjny-do-salonu\/","title":{"rendered":"Artystyczny Zegar Dekoracyjny Do Salonu"},"content":{"rendered":"<h2>Ludzie szukaj\u0105cy du\u017cego zegara dekoracyjnego do salonu chc\u0105 wyj\u0105tkowo\u015bci i charakteru<\/h2>\n<p>Ka\u017cdego tygodnia dostajemy mn\u00f3stwo e-maili i zdj\u0119\u0107 od naszych klient\u00f3w z ca\u0142ego \u015bwiata. Wszyscy szukaj\u0105 czego\u015b wyj\u0105tkowego, czego nie mo\u017cna znale\u017a\u0107 w oknie sklepu. Chocia\u017c mamy dziesi\u0105tki r\u00f3\u017cnych projekt\u00f3w, czasami \u017caden z nich idealnie nie pasuje do ka\u017cdego wn\u0119trza. Tak narodzi\u0142 si\u0119 ten pi\u0119kny du\u017cy zegar dekoracyjny do salonu. Projekt oparty jest na <a href=\"https:\/\/peakart.co.uk\/pl\/produkt\/bardzo-duzy-zegar\/\">bardzo du\u017cym zegarze<\/a> w znacznie ciemniejszych barwach i dostosowali\u015bmy go do potrzeb jednego z naszych klient\u00f3w, aby ods\u0142oni\u0107 wi\u0119cej drewna.<\/p>\n<p>Ten pi\u0119kny zegar mierzy 120 cm \u015brednicy, ale mo\u017cemy r\u00f3wnie\u017c zaoferowa\u0107 mniejsze wersje 75 lub 100 cm. Cichy mechanizm wymaga pojedynczej baterii C-Cell i dostarczamy j\u0105 z zegarem. Jak wida\u0107 na zdj\u0119ciach ten pi\u0119kny zegar ma pusty ty\u0142 i bardzo naturalny i tr\u00f3jwymiarowy wygl\u0105d. Mo\u017cemy zapewni\u0107, \u017ce \u017cadne dwa zegary dekoracyjne z Peak Art nie mog\u0105 by\u0107 takie same. R\u0119czne wyko\u0144czenie jest esencj\u0105 naszej pracy i uniemo\u017cliwia idealne powt\u00f3rzenie ka\u017cdego projektu. Unikalno\u015b\u0107 to w\u0142a\u015bnie to, co nasi klienci ceni\u0105 najbardziej.<\/p>\n<h2>Dekorowanie salonu za pomoc\u0105 du\u017cego zegara \u015bciennego<\/h2>\n<p>Nasz\u0105 misj\u0105 w Peak Art jest pokazanie, \u017ce du\u017ce zegary to nie tylko urz\u0105dzenia do pomiaru czasu. Projektujemy i sprawiamy, \u017ce s\u0105 one centralnym punktem Twojego salonu, hotelu lub restauracji. Chcemy dostarcza\u0107 \u015bwiatu now\u0105 jako\u015b\u0107, projektuj\u0105c unikalne tr\u00f3jwymiarowe zegary z prawdziwym efektem &#8220;wow&#8221;. Wiele wzor\u00f3w, kt\u00f3re mo\u017cna zobaczy\u0107 na naszej stronie, zosta\u0142o zainspirowanych r\u00f3\u017cnymi wymaganiami klient\u00f3w dotycz\u0105cymi rozmiaru, koloru lub kszta\u0142tu. Zach\u0119camy do kontaktu, je\u015bli masz jakie\u015b szczeg\u00f3lne potrzeby i nie mo\u017cesz znale\u017a\u0107 zegara, kt\u00f3ry je spe\u0142nia.<\/p>\n<p>Do\u0142\u0105cz do naszej spo\u0142eczno\u015bci na <a href=\"https:\/\/www.facebook.com\/PeakArtClocks\/\">Facebooku<\/a>, aby podzieli\u0107 si\u0119 swoj\u0105 opini\u0105 i komentarzami z tysi\u0105cami fan\u00f3w Peak Art. Nie pod\u0105\u017caj za starymi trendami, ale wprowadzaj nowe pomys\u0142y do \u200b\u200bprzestrzeni projektowania wn\u0119trz.<\/p>\n","protected":false},"excerpt":{"rendered":"<p>Pi\u0119kno jest zawsze w niedoskona\u0142o\u015bci i dlatego ten wspania\u0142y zegar \u015bcienny do salonu robi tak silne wra\u017cenie. Oryginalny projekt ma wymiary 120 cm dla os\u00f3b z du\u017cymi pustymi \u015bcianami. Mo\u017cemy r\u00f3wnie\u017c zrobi\u0107 ten zegar w mniejszych rozmiarach, kt\u00f3re mo\u017cesz wybra\u0107 z rozwijanej listy. Nie id\u017a na kompromis w zakresie jako\u015bci, je\u015bli chodzi o dekorowanie swojego salonu. Je\u015bli chcesz mie\u0107 pewno\u015b\u0107, \u017ce uda Ci si\u0119 osi\u0105gn\u0105\u0107 idealny efekt &#8220;wow&#8221;, wyb\u00f3r dowolnego zegara z Peak Art to zagwarantuje.<\/p>\n<p><strong>Projekt i r\u0119czne wykonanie<\/strong> \u2013 Anna Siodelska, Wielka Brytania<\/p>\n<p><strong>Kolor tarczy<\/strong> \u2013 drewno, bursztyn<\/p>\n<p><strong>Kolor t\u0142a<\/strong> \u2013 przezroczysty \/ \u015bciana<\/p>\n","protected":false},"featured_media":33414,"comment_status":"closed","ping_status":"closed","template":"","meta":[],"product_brand":[],"product_cat":[56],"product_tag":[50,65,53],"class_list":{"0":"post-8129","1":"product","2":"type-product","3":"status-publish","4":"has-post-thumbnail","6":"product_cat-duze-zegary-scienne","7":"product_tag-artystyczne-zegary-scienne","8":"product_tag-duze-zegary-dekoracyjne-na-sciane","9":"product_tag-zegary-drewniane-szkieletowe","10":"product_shipping_class-oversized-clocks-pl","12":"first","13":"instock","14":"sale","15":"taxable","16":"shipping-taxable","17":"purchasable","18":"product-type-variable"},"yoast_head":"<!-- This site is optimized with the Yoast SEO Premium plugin v27.2 (Yoast SEO v27.2) - https:\/\/yoast.com\/product\/yoast-seo-premium-wordpress\/ -->\n<title>Pi\u0119kny Artystycznie Wykonany Zegar Dekoracyjny Do Salonu<\/title>\n<meta name=\"description\" content=\"Zegar Dekoracyjny Do Salonu z Peak Art doda niesamowitego charakteru ka\u017cdemu wn\u0119trzu.\" \/>\n<meta name=\"robots\" content=\"index, follow, max-snippet:-1, max-image-preview:large, max-video-preview:-1\" \/>\n<link rel=\"canonical\" href=\"https:\/\/peakart.co.uk\/pl\/produkt\/zegar-dekoracyjny-do-salonu\/\" \/>\n<meta property=\"og:locale\" content=\"pl_PL\" \/>\n<meta property=\"og:type\" content=\"article\" \/>\n<meta property=\"og:title\" content=\"Artystyczny Zegar Dekoracyjny Do Salonu\" \/>\n<meta property=\"og:description\" content=\"Zegar Dekoracyjny Do Salonu z Peak Art doda niesamowitego charakteru ka\u017cdemu wn\u0119trzu.\" \/>\n<meta property=\"og:url\" content=\"https:\/\/peakart.co.uk\/pl\/produkt\/zegar-dekoracyjny-do-salonu\/\" \/>\n<meta property=\"og:site_name\" content=\"Peak Art\" \/>\n<meta property=\"article:publisher\" content=\"https:\/\/www.facebook.com\/PeakArtClocks\/\" \/>\n<meta property=\"article:modified_time\" content=\"2023-03-23T21:42:59+00:00\" \/>\n<meta property=\"og:image\" content=\"https:\/\/peakart.co.uk\/wp-content\/uploads\/2018\/02\/living-room-wall-clock-1.jpg\" \/>\n\t<meta property=\"og:image:width\" content=\"2000\" \/>\n\t<meta property=\"og:image:height\" content=\"1817\" \/>\n\t<meta property=\"og:image:type\" content=\"image\/jpeg\" \/>\n<meta name=\"twitter:card\" content=\"summary_large_image\" \/>\n<meta name=\"twitter:label1\" content=\"Dost\u0119pno\u015b\u0107\" \/>\n\t<meta name=\"twitter:data1\" content=\"Dost\u0119pny\" \/>\n<script type=\"application\/ld+json\" class=\"yoast-schema-graph\">{\"@context\":\"https:\/\/schema.org\",\"@graph\":[{\"@type\":\"WebPage\",\"@id\":\"https:\/\/peakart.co.uk\/pl\/produkt\/zegar-dekoracyjny-do-salonu\/\",\"url\":\"https:\/\/peakart.co.uk\/pl\/produkt\/zegar-dekoracyjny-do-salonu\/\",\"name\":\"Pi\u0119kny Artystycznie Wykonany Zegar Dekoracyjny Do Salonu\",\"isPartOf\":{\"@id\":\"https:\/\/peakart.co.uk\/de\/#website\"},\"primaryImageOfPage\":{\"@id\":\"https:\/\/peakart.co.uk\/pl\/produkt\/zegar-dekoracyjny-do-salonu\/#primaryimage\"},\"image\":{\"@id\":\"https:\/\/peakart.co.uk\/pl\/produkt\/zegar-dekoracyjny-do-salonu\/#primaryimage\"},\"thumbnailUrl\":\"https:\/\/peakart.co.uk\/wp-content\/uploads\/2018\/02\/living-room-wall-clock-1.jpg\",\"datePublished\":\"2018-02-24T16:12:12+00:00\",\"dateModified\":\"2023-03-23T21:42:59+00:00\",\"description\":\"Zegar Dekoracyjny Do Salonu z Peak Art doda niesamowitego charakteru ka\u017cdemu wn\u0119trzu.\",\"breadcrumb\":{\"@id\":\"https:\/\/peakart.co.uk\/pl\/produkt\/zegar-dekoracyjny-do-salonu\/#breadcrumb\"},\"inLanguage\":\"pl-PL\",\"potentialAction\":[{\"@type\":\"ReadAction\",\"target\":[\"https:\/\/peakart.co.uk\/pl\/produkt\/zegar-dekoracyjny-do-salonu\/\"]}]},{\"@type\":\"ImageObject\",\"inLanguage\":\"pl-PL\",\"@id\":\"https:\/\/peakart.co.uk\/pl\/produkt\/zegar-dekoracyjny-do-salonu\/#primaryimage\",\"url\":\"https:\/\/peakart.co.uk\/wp-content\/uploads\/2018\/02\/living-room-wall-clock-1.jpg\",\"contentUrl\":\"https:\/\/peakart.co.uk\/wp-content\/uploads\/2018\/02\/living-room-wall-clock-1.jpg\",\"width\":2000,\"height\":1817},{\"@type\":\"BreadcrumbList\",\"@id\":\"https:\/\/peakart.co.uk\/pl\/produkt\/zegar-dekoracyjny-do-salonu\/#breadcrumb\",\"itemListElement\":[{\"@type\":\"ListItem\",\"position\":1,\"name\":\"Home\",\"item\":\"https:\/\/peakart.co.uk\/pl\/\"},{\"@type\":\"ListItem\",\"position\":2,\"name\":\"Sklep\",\"item\":\"https:\/\/peakart.co.uk\/pl\/sklep\/\"},{\"@type\":\"ListItem\",\"position\":3,\"name\":\"Artystyczny Zegar Dekoracyjny Do Salonu\"}]},{\"@type\":\"WebSite\",\"@id\":\"https:\/\/peakart.co.uk\/de\/#website\",\"url\":\"https:\/\/peakart.co.uk\/de\/\",\"name\":\"Peak Art\",\"description\":\"\",\"publisher\":{\"@id\":\"https:\/\/peakart.co.uk\/de\/#organization\"},\"potentialAction\":[{\"@type\":\"SearchAction\",\"target\":{\"@type\":\"EntryPoint\",\"urlTemplate\":\"https:\/\/peakart.co.uk\/de\/?s={search_term_string}\"},\"query-input\":{\"@type\":\"PropertyValueSpecification\",\"valueRequired\":true,\"valueName\":\"search_term_string\"}}],\"inLanguage\":\"pl-PL\"},{\"@type\":\"Organization\",\"@id\":\"https:\/\/peakart.co.uk\/de\/#organization\",\"name\":\"Peak Art\",\"url\":\"https:\/\/peakart.co.uk\/de\/\",\"logo\":{\"@type\":\"ImageObject\",\"inLanguage\":\"pl-PL\",\"@id\":\"https:\/\/peakart.co.uk\/de\/#\/schema\/logo\/image\/\",\"url\":\"https:\/\/peakart.co.uk\/wp-content\/uploads\/2023\/07\/logo-8.jpg\",\"contentUrl\":\"https:\/\/peakart.co.uk\/wp-content\/uploads\/2023\/07\/logo-8.jpg\",\"width\":666,\"height\":259,\"caption\":\"Peak Art\"},\"image\":{\"@id\":\"https:\/\/peakart.co.uk\/de\/#\/schema\/logo\/image\/\"},\"sameAs\":[\"https:\/\/www.facebook.com\/PeakArtClocks\/\"],\"hasMerchantReturnPolicy\":{\"@type\":\"MerchantReturnPolicy\",\"merchantReturnLink\":\"https:\/\/peakart.co.uk\/refund_returns\/\"}}]}<\/script>\n<meta property=\"og:availability\" content=\"instock\" \/>\n<meta property=\"product:availability\" content=\"instock\" \/>\n<meta property=\"product:retailer_item_id\" content=\"PEAKART-81927\" \/>\n<meta property=\"product:condition\" content=\"new\" \/>\n<!-- \/ Yoast SEO Premium plugin. -->","yoast_head_json":{"title":"Pi\u0119kny Artystycznie Wykonany Zegar Dekoracyjny Do Salonu","description":"Zegar Dekoracyjny Do Salonu z Peak Art doda niesamowitego charakteru ka\u017cdemu wn\u0119trzu.","robots":{"index":"index","follow":"follow","max-snippet":"max-snippet:-1","max-image-preview":"max-image-preview:large","max-video-preview":"max-video-preview:-1"},"canonical":"https:\/\/peakart.co.uk\/pl\/produkt\/zegar-dekoracyjny-do-salonu\/","og_locale":"pl_PL","og_type":"article","og_title":"Artystyczny Zegar Dekoracyjny Do Salonu","og_description":"Zegar Dekoracyjny Do Salonu z Peak Art doda niesamowitego charakteru ka\u017cdemu wn\u0119trzu.","og_url":"https:\/\/peakart.co.uk\/pl\/produkt\/zegar-dekoracyjny-do-salonu\/","og_site_name":"Peak Art","article_publisher":"https:\/\/www.facebook.com\/PeakArtClocks\/","article_modified_time":"2023-03-23T21:42:59+00:00","og_image":[{"width":2000,"height":1817,"url":"https:\/\/peakart.co.uk\/wp-content\/uploads\/2018\/02\/living-room-wall-clock-1.jpg","type":"image\/jpeg"}],"twitter_card":"summary_large_image","twitter_misc":{"Dost\u0119pno\u015b\u0107":"Dost\u0119pny"},"schema":{"@context":"https:\/\/schema.org","@graph":[{"@type":"WebPage","@id":"https:\/\/peakart.co.uk\/pl\/produkt\/zegar-dekoracyjny-do-salonu\/","url":"https:\/\/peakart.co.uk\/pl\/produkt\/zegar-dekoracyjny-do-salonu\/","name":"Pi\u0119kny Artystycznie Wykonany Zegar Dekoracyjny Do Salonu","isPartOf":{"@id":"https:\/\/peakart.co.uk\/de\/#website"},"primaryImageOfPage":{"@id":"https:\/\/peakart.co.uk\/pl\/produkt\/zegar-dekoracyjny-do-salonu\/#primaryimage"},"image":{"@id":"https:\/\/peakart.co.uk\/pl\/produkt\/zegar-dekoracyjny-do-salonu\/#primaryimage"},"thumbnailUrl":"https:\/\/peakart.co.uk\/wp-content\/uploads\/2018\/02\/living-room-wall-clock-1.jpg","datePublished":"2018-02-24T16:12:12+00:00","dateModified":"2023-03-23T21:42:59+00:00","description":"Zegar Dekoracyjny Do Salonu z Peak Art doda niesamowitego charakteru ka\u017cdemu wn\u0119trzu.","breadcrumb":{"@id":"https:\/\/peakart.co.uk\/pl\/produkt\/zegar-dekoracyjny-do-salonu\/#breadcrumb"},"inLanguage":"pl-PL","potentialAction":[{"@type":"ReadAction","target":["https:\/\/peakart.co.uk\/pl\/produkt\/zegar-dekoracyjny-do-salonu\/"]}]},{"@type":"ImageObject","inLanguage":"pl-PL","@id":"https:\/\/peakart.co.uk\/pl\/produkt\/zegar-dekoracyjny-do-salonu\/#primaryimage","url":"https:\/\/peakart.co.uk\/wp-content\/uploads\/2018\/02\/living-room-wall-clock-1.jpg","contentUrl":"https:\/\/peakart.co.uk\/wp-content\/uploads\/2018\/02\/living-room-wall-clock-1.jpg","width":2000,"height":1817},{"@type":"BreadcrumbList","@id":"https:\/\/peakart.co.uk\/pl\/produkt\/zegar-dekoracyjny-do-salonu\/#breadcrumb","itemListElement":[{"@type":"ListItem","position":1,"name":"Home","item":"https:\/\/peakart.co.uk\/pl\/"},{"@type":"ListItem","position":2,"name":"Sklep","item":"https:\/\/peakart.co.uk\/pl\/sklep\/"},{"@type":"ListItem","position":3,"name":"Artystyczny Zegar Dekoracyjny Do Salonu"}]},{"@type":"WebSite","@id":"https:\/\/peakart.co.uk\/de\/#website","url":"https:\/\/peakart.co.uk\/de\/","name":"Peak Art","description":"","publisher":{"@id":"https:\/\/peakart.co.uk\/de\/#organization"},"potentialAction":[{"@type":"SearchAction","target":{"@type":"EntryPoint","urlTemplate":"https:\/\/peakart.co.uk\/de\/?s={search_term_string}"},"query-input":{"@type":"PropertyValueSpecification","valueRequired":true,"valueName":"search_term_string"}}],"inLanguage":"pl-PL"},{"@type":"Organization","@id":"https:\/\/peakart.co.uk\/de\/#organization","name":"Peak Art","url":"https:\/\/peakart.co.uk\/de\/","logo":{"@type":"ImageObject","inLanguage":"pl-PL","@id":"https:\/\/peakart.co.uk\/de\/#\/schema\/logo\/image\/","url":"https:\/\/peakart.co.uk\/wp-content\/uploads\/2023\/07\/logo-8.jpg","contentUrl":"https:\/\/peakart.co.uk\/wp-content\/uploads\/2023\/07\/logo-8.jpg","width":666,"height":259,"caption":"Peak Art"},"image":{"@id":"https:\/\/peakart.co.uk\/de\/#\/schema\/logo\/image\/"},"sameAs":["https:\/\/www.facebook.com\/PeakArtClocks\/"],"hasMerchantReturnPolicy":{"@type":"MerchantReturnPolicy","merchantReturnLink":"https:\/\/peakart.co.uk\/refund_returns\/"}}]},"og_availability":"instock","product_availability":"instock","product_retailer_item_id":"PEAKART-81927","product_condition":"new"},"_links":{"self":[{"href":"https:\/\/peakart.co.uk\/pl\/wp-json\/wp\/v2\/product\/8129","targetHints":{"allow":["GET"]}}],"collection":[{"href":"https:\/\/peakart.co.uk\/pl\/wp-json\/wp\/v2\/product"}],"about":[{"href":"https:\/\/peakart.co.uk\/pl\/wp-json\/wp\/v2\/types\/product"}],"replies":[{"embeddable":true,"href":"https:\/\/peakart.co.uk\/pl\/wp-json\/wp\/v2\/comments?post=8129"}],"wp:featuredmedia":[{"embeddable":true,"href":"https:\/\/peakart.co.uk\/pl\/wp-json\/wp\/v2\/media\/33414"}],"wp:attachment":[{"href":"https:\/\/peakart.co.uk\/pl\/wp-json\/wp\/v2\/media?parent=8129"}],"wp:term":[{"taxonomy":"product_brand","embeddable":true,"href":"https:\/\/peakart.co.uk\/pl\/wp-json\/wp\/v2\/product_brand?post=8129"},{"taxonomy":"product_cat","embeddable":true,"href":"https:\/\/peakart.co.uk\/pl\/wp-json\/wp\/v2\/product_cat?post=8129"},{"taxonomy":"product_tag","embeddable":true,"href":"https:\/\/peakart.co.uk\/pl\/wp-json\/wp\/v2\/product_tag?post=8129"}],"curies":[{"name":"wp","href":"https:\/\/api.w.org\/{rel}","templated":true}]}}