{"id":7973,"date":"2018-02-05T18:54:11","date_gmt":"2018-02-05T18:54:16","guid":{"rendered":"http:\/\/peakart.co.uk\/?post_type=product&#038;p=7973"},"modified":"2023-03-23T15:36:03","modified_gmt":"2023-03-23T15:36:03","slug":"zegar-scienny-do-jadalni","status":"publish","type":"product","link":"https:\/\/peakart.co.uk\/pl\/produkt\/zegar-scienny-do-jadalni\/","title":{"rendered":"Du\u017cy Zegar \u015acienny do Jadalni"},"content":{"rendered":"<h2>Ol\u015bniewaj\u0105cy zegar \u015bcienny do jadalni z du\u017cymi, malowanymi r\u0119cznie cyframi rzymskimi<\/h2>\n<p>Przedstawiamy niezwyk\u0142y zegar \u015bcienny do jadalni, kt\u00f3ry zaprojektowali\u015bmy w oparciu o jedno ze zdj\u0119\u0107 naszego klienta. Jak wiele innych zegar\u00f3w szkieletowych z cyframi rzymskimi, ten ol\u015bniewaj\u0105cy czasomierz sprawia wra\u017cenie lekkiego i tr\u00f3jwymiarowego. Jego tarcza zosta\u0142a pomalowana w podobny spos\u00f3b, co tarcza <a href=\"https:\/\/peakart.co.uk\/pl\/produkt\/luksusowy-zegar-scienny-szkieletowy\/\">grafitowego szkieletowego zegara \u015bciennego<\/a>,\u00a0ale w tym modelu wida\u0107 wi\u0119cej drewna.<\/p>\n<p>Zegary \u015bcienne zaprojektowane na indywidualne zam\u00f3wienie tak, by spe\u0142nia\u0142y potrzeby klient\u00f3w, to serce naszej dzia\u0142alno\u015bci. W Peak Art nie oferujemy szablonowych rozwi\u0105za\u0144 do pustych przestrzeni na \u015bcianie. Staramy si\u0119 o to, by ka\u017cdy zegar \u015bcienny do jadalni b\u0105d\u017a salonu by\u0142 wyj\u0105tkowy i odpowiada\u0142 wymaganiom danego w\u0142a\u015bciciela. Je\u015bli kto\u015b szuka du\u017cego zegara, kt\u00f3ry zrobi wra\u017cenie na go\u015bciach, nie jest ju\u017c zdany na zakup jednego z wielu identycznych, wytwarzanych masowo produkt\u00f3w.<\/p>\n<p>Ten wspania\u0142y, dekoracyjny czasomierz zosta\u0142 wykonany z drewna sosnowego i pomalowany r\u0119cznie. Kiedy przyjrze\u0107 mu si\u0119 bli\u017cej, wida\u0107 niezwykle starann\u0105 r\u0119czn\u0105 robot\u0119. Przed wys\u0142aniem zegara zawsze demontujemy obie wskaz\u00f3wki, aby zapobiec ich uszkodzeniu w transporcie. Zawsze dostarczamy w zestawie dwie baterie C, kt\u00f3re zasilaj\u0105 cichy mechanizm zegara. Odbiorca otrzymuje pe\u0142ne instrukcje monta\u017cu wskaz\u00f3wek i ustawiania czasu.<\/p>\n<h2>Pi\u0119kny zegar \u015bcienny do jadalni b\u0105d\u017a salonu z firmy Peak Art<\/h2>\n<p>Istnieje wiele firm produkuj\u0105cych masowo du\u017ce zegary na \u015bcian\u0119, kt\u00f3re nie wyr\u00f3\u017cniaj\u0105 si\u0119 niczym poza tym, \u017ce jedne s\u0105 dro\u017csze, a drugie ta\u0144sze. Poniewa\u017c firmy te chc\u0105 przede wszystkim przebi\u0107 konkurencj\u0119 cenowo, tn\u0105 koszty i si\u0142\u0105 rzeczy, cierpi na tym jako\u015b\u0107 asortymentu.<\/p>\n<p>W firmie Peak Art mamy inne podej\u015bcie: nie skupiamy si\u0119 na ilo\u015bci, lecz na jako\u015bci. Ka\u017cdy z naszych zegar\u00f3w to co\u015b wi\u0119cej ni\u017c czasomierz. Owszem, nasze dzie\u0142a s\u0105 praktyczne, ale te\u017c nadaj\u0105 charakteru pomieszczeniom. Dla os\u00f3b, kt\u00f3re szukaj\u0105 wyj\u0105tkowego elementu wystroju wn\u0119trza, warto skorzysta\u0107 z naszej oferty, wiod\u0105cej w tej niszy rynkowej. Zapraszamy na nasz profil w portalu <a href=\"https:\/\/www.facebook.com\/PeakArtClocks\/\">Facebook<\/a> i do dzielenia si\u0119 opiniami i uwagami.<\/p>\n<p>&nbsp;<\/p>\n","protected":false},"excerpt":{"rendered":"<p>Pi\u0119kny, kuchenny zegar \u015bcienny, wykonany z drewna i pomalowany r\u0119cznie. Ten niesamowity czasomierz to kolejny cz\u0142onek naszej kolekcji zegar\u00f3w szkieletowych. Ma drewniane cyfry rzymskie na transparentnym tle. Wykonujemy ten model w trzech rozmiarach, odpowiednio do przestrzeni na \u015bcianie klienta. Wystarczy wybra\u0107 \u015brednic\u0119 zegara z listy rozwijalnej.<\/p>\n<p><strong>Projekt i r\u0119czne wykonanie<\/strong> \u2013 Anna Siodelska, Wielka Brytania<\/p>\n<p><strong>Kolor tarczy<\/strong> \u2013 grafit w stylu \u201eshabby\u201d<\/p>\n<p><strong>Kolor t\u0142a<\/strong> \u2013 Transparentny \/ \u015aciana<\/p>\n<p><strong>Note &#8211; <\/strong>Zegar o \u015brednicy 30&#8243; (75 cm) ma nieco inny kszta\u0142t cyfr, tak aby nie by\u0142y zbyt cienkie. Mo\u017cna to zobaczy\u0107, na innym projekcie, na zdj\u0119ciu <a href=\"https:\/\/peakart.co.uk\/wp-content\/uploads\/2017\/09\/Unique-Large-Rustic-Grey-Wooden-Wall-Clock-Left.jpg\">tutaj<\/a><\/p>\n","protected":false},"featured_media":32241,"comment_status":"closed","ping_status":"closed","template":"","meta":[],"product_brand":[],"product_cat":[56],"product_tag":[50,65,70,68,53],"class_list":{"0":"post-7973","1":"product","2":"type-product","3":"status-publish","4":"has-post-thumbnail","6":"product_cat-duze-zegary-scienne","7":"product_tag-artystyczne-zegary-scienne","8":"product_tag-duze-zegary-dekoracyjne-na-sciane","9":"product_tag-duze-zegary-rzymskie-szkieletowe","10":"product_tag-drewniane-zegary-scienne-z-cyframi-rzymskimi","11":"product_tag-zegary-drewniane-szkieletowe","12":"product_shipping_class-oversized-clocks-pl","14":"first","15":"instock","16":"sale","17":"taxable","18":"shipping-taxable","19":"purchasable","20":"product-type-variable"},"yoast_head":"<!-- This site is optimized with the Yoast SEO Premium plugin v27.2 (Yoast SEO v27.2) - https:\/\/yoast.com\/product\/yoast-seo-premium-wordpress\/ -->\n<title>Pi\u0119kny, wykonany r\u0119cznie Zegar \u015acienny do Jadalni z cyframi rzymskimi<\/title>\n<meta name=\"description\" content=\"Szkieletowy Zegar \u015acienny do Jadalni b\u0119dzie najpi\u0119kniejszym, fascynuj\u0105cym dodatkiem do wn\u0119trza. Zaprojektowany indywidualnie tak, by sprawia\u0142 niezwyk\u0142e wra\u017cenie. Zdumiewaj\u0105ca ozdoba \u015bcienna.\" \/>\n<meta name=\"robots\" content=\"index, follow, max-snippet:-1, max-image-preview:large, max-video-preview:-1\" \/>\n<link rel=\"canonical\" href=\"https:\/\/peakart.co.uk\/pl\/produkt\/zegar-scienny-do-jadalni\/\" \/>\n<meta property=\"og:locale\" content=\"pl_PL\" \/>\n<meta property=\"og:type\" content=\"article\" \/>\n<meta property=\"og:title\" content=\"Du\u017cy Zegar \u015acienny do Jadalni\" \/>\n<meta property=\"og:description\" content=\"Szkieletowy Zegar \u015acienny do Jadalni b\u0119dzie najpi\u0119kniejszym, fascynuj\u0105cym dodatkiem do wn\u0119trza. Zaprojektowany indywidualnie tak, by sprawia\u0142 niezwyk\u0142e wra\u017cenie. Zdumiewaj\u0105ca ozdoba \u015bcienna.\" \/>\n<meta property=\"og:url\" content=\"https:\/\/peakart.co.uk\/pl\/produkt\/zegar-scienny-do-jadalni\/\" \/>\n<meta property=\"og:site_name\" content=\"Peak Art\" \/>\n<meta property=\"article:publisher\" content=\"https:\/\/www.facebook.com\/PeakArtClocks\/\" \/>\n<meta property=\"article:modified_time\" content=\"2023-03-23T15:36:03+00:00\" \/>\n<meta property=\"og:image\" content=\"https:\/\/peakart.co.uk\/wp-content\/uploads\/2018\/02\/Shabby-Grafite-Zoom-Photoshop-scaled.jpg\" \/>\n\t<meta property=\"og:image:width\" content=\"2560\" \/>\n\t<meta property=\"og:image:height\" content=\"1707\" \/>\n\t<meta property=\"og:image:type\" content=\"image\/jpeg\" \/>\n<meta name=\"twitter:card\" content=\"summary_large_image\" \/>\n<meta name=\"twitter:label1\" content=\"Dost\u0119pno\u015b\u0107\" \/>\n\t<meta name=\"twitter:data1\" content=\"Dost\u0119pny\" \/>\n<script type=\"application\/ld+json\" class=\"yoast-schema-graph\">{\"@context\":\"https:\/\/schema.org\",\"@graph\":[{\"@type\":\"WebPage\",\"@id\":\"https:\/\/peakart.co.uk\/pl\/produkt\/zegar-scienny-do-jadalni\/\",\"url\":\"https:\/\/peakart.co.uk\/pl\/produkt\/zegar-scienny-do-jadalni\/\",\"name\":\"Pi\u0119kny, wykonany r\u0119cznie Zegar \u015acienny do Jadalni z cyframi rzymskimi\",\"isPartOf\":{\"@id\":\"https:\/\/peakart.co.uk\/de\/#website\"},\"primaryImageOfPage\":{\"@id\":\"https:\/\/peakart.co.uk\/pl\/produkt\/zegar-scienny-do-jadalni\/#primaryimage\"},\"image\":{\"@id\":\"https:\/\/peakart.co.uk\/pl\/produkt\/zegar-scienny-do-jadalni\/#primaryimage\"},\"thumbnailUrl\":\"https:\/\/peakart.co.uk\/wp-content\/uploads\/2018\/02\/Shabby-Grafite-Zoom-Photoshop-scaled.jpg\",\"datePublished\":\"2018-02-05T18:54:16+00:00\",\"dateModified\":\"2023-03-23T15:36:03+00:00\",\"description\":\"Szkieletowy Zegar \u015acienny do Jadalni b\u0119dzie najpi\u0119kniejszym, fascynuj\u0105cym dodatkiem do wn\u0119trza. Zaprojektowany indywidualnie tak, by sprawia\u0142 niezwyk\u0142e wra\u017cenie. Zdumiewaj\u0105ca ozdoba \u015bcienna.\",\"breadcrumb\":{\"@id\":\"https:\/\/peakart.co.uk\/pl\/produkt\/zegar-scienny-do-jadalni\/#breadcrumb\"},\"inLanguage\":\"pl-PL\",\"potentialAction\":[{\"@type\":\"ReadAction\",\"target\":[\"https:\/\/peakart.co.uk\/pl\/produkt\/zegar-scienny-do-jadalni\/\"]}]},{\"@type\":\"ImageObject\",\"inLanguage\":\"pl-PL\",\"@id\":\"https:\/\/peakart.co.uk\/pl\/produkt\/zegar-scienny-do-jadalni\/#primaryimage\",\"url\":\"https:\/\/peakart.co.uk\/wp-content\/uploads\/2018\/02\/Shabby-Grafite-Zoom-Photoshop-scaled.jpg\",\"contentUrl\":\"https:\/\/peakart.co.uk\/wp-content\/uploads\/2018\/02\/Shabby-Grafite-Zoom-Photoshop-scaled.jpg\",\"width\":2560,\"height\":1707},{\"@type\":\"BreadcrumbList\",\"@id\":\"https:\/\/peakart.co.uk\/pl\/produkt\/zegar-scienny-do-jadalni\/#breadcrumb\",\"itemListElement\":[{\"@type\":\"ListItem\",\"position\":1,\"name\":\"Home\",\"item\":\"https:\/\/peakart.co.uk\/pl\/\"},{\"@type\":\"ListItem\",\"position\":2,\"name\":\"Sklep\",\"item\":\"https:\/\/peakart.co.uk\/pl\/sklep\/\"},{\"@type\":\"ListItem\",\"position\":3,\"name\":\"Du\u017cy Zegar \u015acienny do Jadalni\"}]},{\"@type\":\"WebSite\",\"@id\":\"https:\/\/peakart.co.uk\/de\/#website\",\"url\":\"https:\/\/peakart.co.uk\/de\/\",\"name\":\"Peak Art\",\"description\":\"\",\"publisher\":{\"@id\":\"https:\/\/peakart.co.uk\/de\/#organization\"},\"potentialAction\":[{\"@type\":\"SearchAction\",\"target\":{\"@type\":\"EntryPoint\",\"urlTemplate\":\"https:\/\/peakart.co.uk\/de\/?s={search_term_string}\"},\"query-input\":{\"@type\":\"PropertyValueSpecification\",\"valueRequired\":true,\"valueName\":\"search_term_string\"}}],\"inLanguage\":\"pl-PL\"},{\"@type\":\"Organization\",\"@id\":\"https:\/\/peakart.co.uk\/de\/#organization\",\"name\":\"Peak Art\",\"url\":\"https:\/\/peakart.co.uk\/de\/\",\"logo\":{\"@type\":\"ImageObject\",\"inLanguage\":\"pl-PL\",\"@id\":\"https:\/\/peakart.co.uk\/de\/#\/schema\/logo\/image\/\",\"url\":\"https:\/\/peakart.co.uk\/wp-content\/uploads\/2023\/07\/logo-8.jpg\",\"contentUrl\":\"https:\/\/peakart.co.uk\/wp-content\/uploads\/2023\/07\/logo-8.jpg\",\"width\":666,\"height\":259,\"caption\":\"Peak Art\"},\"image\":{\"@id\":\"https:\/\/peakart.co.uk\/de\/#\/schema\/logo\/image\/\"},\"sameAs\":[\"https:\/\/www.facebook.com\/PeakArtClocks\/\"],\"hasMerchantReturnPolicy\":{\"@type\":\"MerchantReturnPolicy\",\"merchantReturnLink\":\"https:\/\/peakart.co.uk\/refund_returns\/\"}}]}<\/script>\n<meta property=\"og:availability\" content=\"instock\" \/>\n<meta property=\"product:availability\" content=\"instock\" \/>\n<meta property=\"product:retailer_item_id\" content=\"PEAKART-14533\" \/>\n<meta property=\"product:condition\" content=\"new\" \/>\n<!-- \/ Yoast SEO Premium plugin. -->","yoast_head_json":{"title":"Pi\u0119kny, wykonany r\u0119cznie Zegar \u015acienny do Jadalni z cyframi rzymskimi","description":"Szkieletowy Zegar \u015acienny do Jadalni b\u0119dzie najpi\u0119kniejszym, fascynuj\u0105cym dodatkiem do wn\u0119trza. Zaprojektowany indywidualnie tak, by sprawia\u0142 niezwyk\u0142e wra\u017cenie. Zdumiewaj\u0105ca ozdoba \u015bcienna.","robots":{"index":"index","follow":"follow","max-snippet":"max-snippet:-1","max-image-preview":"max-image-preview:large","max-video-preview":"max-video-preview:-1"},"canonical":"https:\/\/peakart.co.uk\/pl\/produkt\/zegar-scienny-do-jadalni\/","og_locale":"pl_PL","og_type":"article","og_title":"Du\u017cy Zegar \u015acienny do Jadalni","og_description":"Szkieletowy Zegar \u015acienny do Jadalni b\u0119dzie najpi\u0119kniejszym, fascynuj\u0105cym dodatkiem do wn\u0119trza. Zaprojektowany indywidualnie tak, by sprawia\u0142 niezwyk\u0142e wra\u017cenie. Zdumiewaj\u0105ca ozdoba \u015bcienna.","og_url":"https:\/\/peakart.co.uk\/pl\/produkt\/zegar-scienny-do-jadalni\/","og_site_name":"Peak Art","article_publisher":"https:\/\/www.facebook.com\/PeakArtClocks\/","article_modified_time":"2023-03-23T15:36:03+00:00","og_image":[{"width":2560,"height":1707,"url":"https:\/\/peakart.co.uk\/wp-content\/uploads\/2018\/02\/Shabby-Grafite-Zoom-Photoshop-scaled.jpg","type":"image\/jpeg"}],"twitter_card":"summary_large_image","twitter_misc":{"Dost\u0119pno\u015b\u0107":"Dost\u0119pny"},"schema":{"@context":"https:\/\/schema.org","@graph":[{"@type":"WebPage","@id":"https:\/\/peakart.co.uk\/pl\/produkt\/zegar-scienny-do-jadalni\/","url":"https:\/\/peakart.co.uk\/pl\/produkt\/zegar-scienny-do-jadalni\/","name":"Pi\u0119kny, wykonany r\u0119cznie Zegar \u015acienny do Jadalni z cyframi rzymskimi","isPartOf":{"@id":"https:\/\/peakart.co.uk\/de\/#website"},"primaryImageOfPage":{"@id":"https:\/\/peakart.co.uk\/pl\/produkt\/zegar-scienny-do-jadalni\/#primaryimage"},"image":{"@id":"https:\/\/peakart.co.uk\/pl\/produkt\/zegar-scienny-do-jadalni\/#primaryimage"},"thumbnailUrl":"https:\/\/peakart.co.uk\/wp-content\/uploads\/2018\/02\/Shabby-Grafite-Zoom-Photoshop-scaled.jpg","datePublished":"2018-02-05T18:54:16+00:00","dateModified":"2023-03-23T15:36:03+00:00","description":"Szkieletowy Zegar \u015acienny do Jadalni b\u0119dzie najpi\u0119kniejszym, fascynuj\u0105cym dodatkiem do wn\u0119trza. Zaprojektowany indywidualnie tak, by sprawia\u0142 niezwyk\u0142e wra\u017cenie. Zdumiewaj\u0105ca ozdoba \u015bcienna.","breadcrumb":{"@id":"https:\/\/peakart.co.uk\/pl\/produkt\/zegar-scienny-do-jadalni\/#breadcrumb"},"inLanguage":"pl-PL","potentialAction":[{"@type":"ReadAction","target":["https:\/\/peakart.co.uk\/pl\/produkt\/zegar-scienny-do-jadalni\/"]}]},{"@type":"ImageObject","inLanguage":"pl-PL","@id":"https:\/\/peakart.co.uk\/pl\/produkt\/zegar-scienny-do-jadalni\/#primaryimage","url":"https:\/\/peakart.co.uk\/wp-content\/uploads\/2018\/02\/Shabby-Grafite-Zoom-Photoshop-scaled.jpg","contentUrl":"https:\/\/peakart.co.uk\/wp-content\/uploads\/2018\/02\/Shabby-Grafite-Zoom-Photoshop-scaled.jpg","width":2560,"height":1707},{"@type":"BreadcrumbList","@id":"https:\/\/peakart.co.uk\/pl\/produkt\/zegar-scienny-do-jadalni\/#breadcrumb","itemListElement":[{"@type":"ListItem","position":1,"name":"Home","item":"https:\/\/peakart.co.uk\/pl\/"},{"@type":"ListItem","position":2,"name":"Sklep","item":"https:\/\/peakart.co.uk\/pl\/sklep\/"},{"@type":"ListItem","position":3,"name":"Du\u017cy Zegar \u015acienny do Jadalni"}]},{"@type":"WebSite","@id":"https:\/\/peakart.co.uk\/de\/#website","url":"https:\/\/peakart.co.uk\/de\/","name":"Peak Art","description":"","publisher":{"@id":"https:\/\/peakart.co.uk\/de\/#organization"},"potentialAction":[{"@type":"SearchAction","target":{"@type":"EntryPoint","urlTemplate":"https:\/\/peakart.co.uk\/de\/?s={search_term_string}"},"query-input":{"@type":"PropertyValueSpecification","valueRequired":true,"valueName":"search_term_string"}}],"inLanguage":"pl-PL"},{"@type":"Organization","@id":"https:\/\/peakart.co.uk\/de\/#organization","name":"Peak Art","url":"https:\/\/peakart.co.uk\/de\/","logo":{"@type":"ImageObject","inLanguage":"pl-PL","@id":"https:\/\/peakart.co.uk\/de\/#\/schema\/logo\/image\/","url":"https:\/\/peakart.co.uk\/wp-content\/uploads\/2023\/07\/logo-8.jpg","contentUrl":"https:\/\/peakart.co.uk\/wp-content\/uploads\/2023\/07\/logo-8.jpg","width":666,"height":259,"caption":"Peak Art"},"image":{"@id":"https:\/\/peakart.co.uk\/de\/#\/schema\/logo\/image\/"},"sameAs":["https:\/\/www.facebook.com\/PeakArtClocks\/"],"hasMerchantReturnPolicy":{"@type":"MerchantReturnPolicy","merchantReturnLink":"https:\/\/peakart.co.uk\/refund_returns\/"}}]},"og_availability":"instock","product_availability":"instock","product_retailer_item_id":"PEAKART-14533","product_condition":"new"},"_links":{"self":[{"href":"https:\/\/peakart.co.uk\/pl\/wp-json\/wp\/v2\/product\/7973","targetHints":{"allow":["GET"]}}],"collection":[{"href":"https:\/\/peakart.co.uk\/pl\/wp-json\/wp\/v2\/product"}],"about":[{"href":"https:\/\/peakart.co.uk\/pl\/wp-json\/wp\/v2\/types\/product"}],"replies":[{"embeddable":true,"href":"https:\/\/peakart.co.uk\/pl\/wp-json\/wp\/v2\/comments?post=7973"}],"wp:featuredmedia":[{"embeddable":true,"href":"https:\/\/peakart.co.uk\/pl\/wp-json\/wp\/v2\/media\/32241"}],"wp:attachment":[{"href":"https:\/\/peakart.co.uk\/pl\/wp-json\/wp\/v2\/media?parent=7973"}],"wp:term":[{"taxonomy":"product_brand","embeddable":true,"href":"https:\/\/peakart.co.uk\/pl\/wp-json\/wp\/v2\/product_brand?post=7973"},{"taxonomy":"product_cat","embeddable":true,"href":"https:\/\/peakart.co.uk\/pl\/wp-json\/wp\/v2\/product_cat?post=7973"},{"taxonomy":"product_tag","embeddable":true,"href":"https:\/\/peakart.co.uk\/pl\/wp-json\/wp\/v2\/product_tag?post=7973"}],"curies":[{"name":"wp","href":"https:\/\/api.w.org\/{rel}","templated":true}]}}