{"id":7744,"date":"2017-12-21T13:23:26","date_gmt":"2017-12-21T13:23:31","guid":{"rendered":"http:\/\/peakart.co.uk\/?post_type=product&#038;p=7744"},"modified":"2023-03-23T21:51:21","modified_gmt":"2023-03-23T21:51:21","slug":"zegar-scienny-vintage","status":"publish","type":"product","link":"https:\/\/peakart.co.uk\/pl\/produkt\/zegar-scienny-vintage\/","title":{"rendered":"Du\u017cy Zegar \u015acienny w Stylu Vintage"},"content":{"rendered":"<h2>Pi\u0119kny drewniany zegar \u015bcienny w stylu vintage z r\u0119cznie rze\u017abionymi liczbami rzymskimi<\/h2>\n<p>Nasza nadzwyczajna kolekcja r\u0119cznie wykonanych zegar\u00f3w zosta\u0142a wzbogacona o nowy element. Ten zegar \u015bcienny w stylu vintage jest nowsz\u0105 wersj\u0105 wcze\u015bniejszego <a href=\"https:\/\/peakart.co.uk\/pl\/produkt\/zegar-ozdobny-vintage\/\">zegara ozdobnego<\/a>. Wielu klient\u00f3w prosi\u0142o o ciemno br\u0105zowy projekt z naszym znakiem rozpoznawczym &#8211; r\u0119cznie wyci\u0119tymi cyframi rzymskimi. Tak jak wszystkie inne zegary \u015bcienne tego typu w naszym sklepie, ma prawdziwie tr\u00f3jwymiarowy i imponuj\u0105cy wygl\u0105d.<\/p>\n<p>Od po\u0142owy roku 2017 wszystkie nasze r\u0119cznie robione zegary s\u0105 oferowane w trzech r\u00f3\u017cnych rozmiarach. Cho\u0107 najpopularniejsze maj\u0105 \u015brednic\u0119 40&#8243; (100 cm), mo\u017cna te\u017c wybra\u0107 30&#8243; (75 cm) albo 48&#8243; (120 cm) w zale\u017cno\u015bci od potrzeb. Wierzymy, \u017ce takie opcje daj\u0105 naszym klientom wystarczaj\u0105co du\u017co mo\u017cliwo\u015bci, w zale\u017cno\u015bci od dost\u0119pnej przestrzeni na \u015bcianie. Tak naprawd\u0119, je\u015bli szukasz naprawd\u0119 wyrazistego zegara, nie mo\u017cesz zej\u015b\u0107 poni\u017cej 30&#8243;, a cokolwiek powy\u017cej 48&#8243; prawie na pewno wymaga\u0142oby innego mechanizmu i zasilania z sieci. Wszystkie nasze zegary dzia\u0142aj\u0105 na pojedynczej baterii typu C, wi\u0119c nie musisz martwi\u0107 si\u0119 wierceniem w \u015bcianach. Posiadaj\u0105 cichy i mocny mechanizm, kt\u00f3ry powinien pozwoli\u0107 na oko\u0142o 9 miesi\u0119cy pracy na jednej baterii.<\/p>\n<h2>Zegar \u015bcienny w stylu vintage od Peak Art urozmaici Twoje wn\u0119trza<\/h2>\n<p>Wierzymy, \u017ce wszyscy nasi klienci szukaj\u0105 nowych i wyj\u0105tkowych sposob\u00f3w na dodanie charakteru w ich domach. G\u0142\u00f3wny pow\u00f3d, dla kt\u00f3rego Peak Art wype\u0142nia pustk\u0119 w tym niszowym rynku, to, w przeciwie\u0144stwie do innych firm, bycie czym\u015b wi\u0119cej ni\u017c po prostu producentem zegar\u00f3w. W wi\u0119kszo\u015bci przypadk\u00f3w tworzymy zegar na zam\u00f3wienie, komunikuj\u0105c si\u0119 z klientem w trakcie tego procesu. Czasami ludzie prosz\u0105 o projekty, kt\u00f3re jeszcze nie istniej\u0105 lub potrzebuj\u0105 pewnych zmian w naszych dost\u0119pnych produktach. Zawsze staramy si\u0119 dostarczy\u0107 najwy\u017csz\u0105 jako\u015b\u0107, wi\u0119c nie wahaj si\u0119 i skontaktuj si\u0119 z nami ju\u017c dzi\u015b.<\/p>\n<p>Niezale\u017cnie od rozmiaru albo projektu, kt\u00f3ry wybierzesz, mo\u017cesz mie\u0107 pewno\u015b\u0107, \u017ce otrzymasz osza\u0142amiaj\u0105ce dzie\u0142o sztuki. Czy to zegar \u015bcienny w stylu vintage, czy jeden z bardziej nowoczesnych zegar\u00f3w, jako\u015b\u0107 i obs\u0142uga klienta pozostanie na najwy\u017cszym poziomie.<\/p>\n","protected":false},"excerpt":{"rendered":"<p>Pi\u0119kny zegar \u015bcienny w stylu vintage r\u0119cznie robiony z drewna i r\u0119cznie malowany. Ten zegar jest kolejnym elementem naszej kolekcji zegar\u00f3w szkieletowych. Ma on du\u017ce charakterystyczne cyfry rzymskie na transparentnym tle. Mo\u017ce zosta\u0107 wykonany w trzech r\u00f3\u017cnych rozmiarach, w zale\u017cno\u015bci od dost\u0119pnej przestrzeni na Waszej \u015bcianie.<\/p>\n<p><strong>Projekt i r\u0119czne wykonanie<\/strong> \u2013 Anna Siodelska, Wielka Brytania<\/p>\n<p><strong>Kolor tarczy<\/strong> \u2013 d\u0105b vintage<\/p>\n<p><strong>Kolor t\u0142a<\/strong> \u2013 przezroczysty \/ kolor \u015bciany<\/p>\n<p><strong>Uwaga \u2013 <\/strong>30&#8243; (75 cm) zegar posiada nieco inny kszta\u0142t liczb, aby te nie by\u0142y zbyt cienkie. Przyk\u0142adowe zdj\u0119cie dla innego kszta\u0142tu mo\u017cna znale\u017a\u0107 <a href=\"https:\/\/peakart.co.uk\/wp-content\/uploads\/2017\/09\/Unique-Large-Rustic-Grey-Wooden-Wall-Clock-Left.jpg\">Tutaj<\/a><\/p>\n","protected":false},"featured_media":32238,"comment_status":"closed","ping_status":"closed","template":"","meta":[],"product_brand":[],"product_cat":[56],"product_tag":[50,65,2138,70,68,2671,76,53],"class_list":{"0":"post-7744","1":"product","2":"type-product","3":"status-publish","4":"has-post-thumbnail","6":"product_cat-duze-zegary-scienne","7":"product_tag-artystyczne-zegary-scienne","8":"product_tag-duze-zegary-dekoracyjne-na-sciane","9":"product_tag-duze-zegary-scienne","10":"product_tag-duze-zegary-rzymskie-szkieletowe","11":"product_tag-drewniane-zegary-scienne-z-cyframi-rzymskimi","12":"product_tag-nietypowe-duze-zegary-scienne","13":"product_tag-zegary-scienne-shabby-chic","14":"product_tag-zegary-drewniane-szkieletowe","15":"product_shipping_class-oversized-clocks-pl","17":"first","18":"instock","19":"sale","20":"taxable","21":"shipping-taxable","22":"purchasable","23":"product-type-variable"},"yoast_head":"<!-- This site is optimized with the Yoast SEO Premium plugin v27.2 (Yoast SEO v27.2) - https:\/\/yoast.com\/product\/yoast-seo-premium-wordpress\/ -->\n<title>Pi\u0119kny zegar \u015bcienny w stylu vintage wykonany z drewna i r\u0119cznie malowany.<\/title>\n<meta name=\"description\" content=\"Bardzo du\u017cy zegar \u015bcienny w stylu vintage b\u0119dzie wspania\u0142ym i charyzmatycznym dodatkiem do Twojego domowego otoczenia.\" \/>\n<meta name=\"robots\" content=\"index, follow, max-snippet:-1, max-image-preview:large, max-video-preview:-1\" \/>\n<link rel=\"canonical\" href=\"https:\/\/peakart.co.uk\/pl\/produkt\/zegar-scienny-vintage\/\" \/>\n<meta property=\"og:locale\" content=\"pl_PL\" \/>\n<meta property=\"og:type\" content=\"article\" \/>\n<meta property=\"og:title\" content=\"Du\u017cy Zegar \u015acienny w Stylu Vintage\" \/>\n<meta property=\"og:description\" content=\"Bardzo du\u017cy zegar \u015bcienny w stylu vintage b\u0119dzie wspania\u0142ym i charyzmatycznym dodatkiem do Twojego domowego otoczenia.\" \/>\n<meta property=\"og:url\" content=\"https:\/\/peakart.co.uk\/pl\/produkt\/zegar-scienny-vintage\/\" \/>\n<meta property=\"og:site_name\" content=\"Peak Art\" \/>\n<meta property=\"article:publisher\" content=\"https:\/\/www.facebook.com\/PeakArtClocks\/\" \/>\n<meta property=\"article:modified_time\" content=\"2023-03-23T21:51:21+00:00\" \/>\n<meta property=\"og:image\" content=\"https:\/\/peakart.co.uk\/wp-content\/uploads\/2017\/12\/Vintage-Wall-Clock-Right-700x700-1.jpg\" \/>\n\t<meta property=\"og:image:width\" content=\"700\" \/>\n\t<meta property=\"og:image:height\" content=\"700\" \/>\n\t<meta property=\"og:image:type\" content=\"image\/jpeg\" \/>\n<meta name=\"twitter:card\" content=\"summary_large_image\" \/>\n<meta name=\"twitter:label1\" content=\"Dost\u0119pno\u015b\u0107\" \/>\n\t<meta name=\"twitter:data1\" content=\"Dost\u0119pny\" \/>\n<script type=\"application\/ld+json\" class=\"yoast-schema-graph\">{\"@context\":\"https:\/\/schema.org\",\"@graph\":[{\"@type\":\"WebPage\",\"@id\":\"https:\/\/peakart.co.uk\/pl\/produkt\/zegar-scienny-vintage\/\",\"url\":\"https:\/\/peakart.co.uk\/pl\/produkt\/zegar-scienny-vintage\/\",\"name\":\"Pi\u0119kny zegar \u015bcienny w stylu vintage wykonany z drewna i r\u0119cznie malowany.\",\"isPartOf\":{\"@id\":\"https:\/\/peakart.co.uk\/de\/#website\"},\"primaryImageOfPage\":{\"@id\":\"https:\/\/peakart.co.uk\/pl\/produkt\/zegar-scienny-vintage\/#primaryimage\"},\"image\":{\"@id\":\"https:\/\/peakart.co.uk\/pl\/produkt\/zegar-scienny-vintage\/#primaryimage\"},\"thumbnailUrl\":\"https:\/\/peakart.co.uk\/wp-content\/uploads\/2017\/12\/Vintage-Wall-Clock-Right-700x700-1.jpg\",\"datePublished\":\"2017-12-21T13:23:31+00:00\",\"dateModified\":\"2023-03-23T21:51:21+00:00\",\"description\":\"Bardzo du\u017cy zegar \u015bcienny w stylu vintage b\u0119dzie wspania\u0142ym i charyzmatycznym dodatkiem do Twojego domowego otoczenia.\",\"breadcrumb\":{\"@id\":\"https:\/\/peakart.co.uk\/pl\/produkt\/zegar-scienny-vintage\/#breadcrumb\"},\"inLanguage\":\"pl-PL\",\"potentialAction\":[{\"@type\":\"ReadAction\",\"target\":[\"https:\/\/peakart.co.uk\/pl\/produkt\/zegar-scienny-vintage\/\"]}]},{\"@type\":\"ImageObject\",\"inLanguage\":\"pl-PL\",\"@id\":\"https:\/\/peakart.co.uk\/pl\/produkt\/zegar-scienny-vintage\/#primaryimage\",\"url\":\"https:\/\/peakart.co.uk\/wp-content\/uploads\/2017\/12\/Vintage-Wall-Clock-Right-700x700-1.jpg\",\"contentUrl\":\"https:\/\/peakart.co.uk\/wp-content\/uploads\/2017\/12\/Vintage-Wall-Clock-Right-700x700-1.jpg\",\"width\":700,\"height\":700},{\"@type\":\"BreadcrumbList\",\"@id\":\"https:\/\/peakart.co.uk\/pl\/produkt\/zegar-scienny-vintage\/#breadcrumb\",\"itemListElement\":[{\"@type\":\"ListItem\",\"position\":1,\"name\":\"Home\",\"item\":\"https:\/\/peakart.co.uk\/pl\/\"},{\"@type\":\"ListItem\",\"position\":2,\"name\":\"Sklep\",\"item\":\"https:\/\/peakart.co.uk\/pl\/sklep\/\"},{\"@type\":\"ListItem\",\"position\":3,\"name\":\"Du\u017cy Zegar \u015acienny w Stylu Vintage\"}]},{\"@type\":\"WebSite\",\"@id\":\"https:\/\/peakart.co.uk\/de\/#website\",\"url\":\"https:\/\/peakart.co.uk\/de\/\",\"name\":\"Peak Art\",\"description\":\"\",\"publisher\":{\"@id\":\"https:\/\/peakart.co.uk\/de\/#organization\"},\"potentialAction\":[{\"@type\":\"SearchAction\",\"target\":{\"@type\":\"EntryPoint\",\"urlTemplate\":\"https:\/\/peakart.co.uk\/de\/?s={search_term_string}\"},\"query-input\":{\"@type\":\"PropertyValueSpecification\",\"valueRequired\":true,\"valueName\":\"search_term_string\"}}],\"inLanguage\":\"pl-PL\"},{\"@type\":\"Organization\",\"@id\":\"https:\/\/peakart.co.uk\/de\/#organization\",\"name\":\"Peak Art\",\"url\":\"https:\/\/peakart.co.uk\/de\/\",\"logo\":{\"@type\":\"ImageObject\",\"inLanguage\":\"pl-PL\",\"@id\":\"https:\/\/peakart.co.uk\/de\/#\/schema\/logo\/image\/\",\"url\":\"https:\/\/peakart.co.uk\/wp-content\/uploads\/2023\/07\/logo-8.jpg\",\"contentUrl\":\"https:\/\/peakart.co.uk\/wp-content\/uploads\/2023\/07\/logo-8.jpg\",\"width\":666,\"height\":259,\"caption\":\"Peak Art\"},\"image\":{\"@id\":\"https:\/\/peakart.co.uk\/de\/#\/schema\/logo\/image\/\"},\"sameAs\":[\"https:\/\/www.facebook.com\/PeakArtClocks\/\"],\"hasMerchantReturnPolicy\":{\"@type\":\"MerchantReturnPolicy\",\"merchantReturnLink\":\"https:\/\/peakart.co.uk\/refund_returns\/\"}}]}<\/script>\n<meta property=\"og:availability\" content=\"instock\" \/>\n<meta property=\"product:availability\" content=\"instock\" \/>\n<meta property=\"product:retailer_item_id\" content=\"PEAKART-42454\" \/>\n<meta property=\"product:condition\" content=\"new\" \/>\n<!-- \/ Yoast SEO Premium plugin. -->","yoast_head_json":{"title":"Pi\u0119kny zegar \u015bcienny w stylu vintage wykonany z drewna i r\u0119cznie malowany.","description":"Bardzo du\u017cy zegar \u015bcienny w stylu vintage b\u0119dzie wspania\u0142ym i charyzmatycznym dodatkiem do Twojego domowego otoczenia.","robots":{"index":"index","follow":"follow","max-snippet":"max-snippet:-1","max-image-preview":"max-image-preview:large","max-video-preview":"max-video-preview:-1"},"canonical":"https:\/\/peakart.co.uk\/pl\/produkt\/zegar-scienny-vintage\/","og_locale":"pl_PL","og_type":"article","og_title":"Du\u017cy Zegar \u015acienny w Stylu Vintage","og_description":"Bardzo du\u017cy zegar \u015bcienny w stylu vintage b\u0119dzie wspania\u0142ym i charyzmatycznym dodatkiem do Twojego domowego otoczenia.","og_url":"https:\/\/peakart.co.uk\/pl\/produkt\/zegar-scienny-vintage\/","og_site_name":"Peak Art","article_publisher":"https:\/\/www.facebook.com\/PeakArtClocks\/","article_modified_time":"2023-03-23T21:51:21+00:00","og_image":[{"width":700,"height":700,"url":"https:\/\/peakart.co.uk\/wp-content\/uploads\/2017\/12\/Vintage-Wall-Clock-Right-700x700-1.jpg","type":"image\/jpeg"}],"twitter_card":"summary_large_image","twitter_misc":{"Dost\u0119pno\u015b\u0107":"Dost\u0119pny"},"schema":{"@context":"https:\/\/schema.org","@graph":[{"@type":"WebPage","@id":"https:\/\/peakart.co.uk\/pl\/produkt\/zegar-scienny-vintage\/","url":"https:\/\/peakart.co.uk\/pl\/produkt\/zegar-scienny-vintage\/","name":"Pi\u0119kny zegar \u015bcienny w stylu vintage wykonany z drewna i r\u0119cznie malowany.","isPartOf":{"@id":"https:\/\/peakart.co.uk\/de\/#website"},"primaryImageOfPage":{"@id":"https:\/\/peakart.co.uk\/pl\/produkt\/zegar-scienny-vintage\/#primaryimage"},"image":{"@id":"https:\/\/peakart.co.uk\/pl\/produkt\/zegar-scienny-vintage\/#primaryimage"},"thumbnailUrl":"https:\/\/peakart.co.uk\/wp-content\/uploads\/2017\/12\/Vintage-Wall-Clock-Right-700x700-1.jpg","datePublished":"2017-12-21T13:23:31+00:00","dateModified":"2023-03-23T21:51:21+00:00","description":"Bardzo du\u017cy zegar \u015bcienny w stylu vintage b\u0119dzie wspania\u0142ym i charyzmatycznym dodatkiem do Twojego domowego otoczenia.","breadcrumb":{"@id":"https:\/\/peakart.co.uk\/pl\/produkt\/zegar-scienny-vintage\/#breadcrumb"},"inLanguage":"pl-PL","potentialAction":[{"@type":"ReadAction","target":["https:\/\/peakart.co.uk\/pl\/produkt\/zegar-scienny-vintage\/"]}]},{"@type":"ImageObject","inLanguage":"pl-PL","@id":"https:\/\/peakart.co.uk\/pl\/produkt\/zegar-scienny-vintage\/#primaryimage","url":"https:\/\/peakart.co.uk\/wp-content\/uploads\/2017\/12\/Vintage-Wall-Clock-Right-700x700-1.jpg","contentUrl":"https:\/\/peakart.co.uk\/wp-content\/uploads\/2017\/12\/Vintage-Wall-Clock-Right-700x700-1.jpg","width":700,"height":700},{"@type":"BreadcrumbList","@id":"https:\/\/peakart.co.uk\/pl\/produkt\/zegar-scienny-vintage\/#breadcrumb","itemListElement":[{"@type":"ListItem","position":1,"name":"Home","item":"https:\/\/peakart.co.uk\/pl\/"},{"@type":"ListItem","position":2,"name":"Sklep","item":"https:\/\/peakart.co.uk\/pl\/sklep\/"},{"@type":"ListItem","position":3,"name":"Du\u017cy Zegar \u015acienny w Stylu Vintage"}]},{"@type":"WebSite","@id":"https:\/\/peakart.co.uk\/de\/#website","url":"https:\/\/peakart.co.uk\/de\/","name":"Peak Art","description":"","publisher":{"@id":"https:\/\/peakart.co.uk\/de\/#organization"},"potentialAction":[{"@type":"SearchAction","target":{"@type":"EntryPoint","urlTemplate":"https:\/\/peakart.co.uk\/de\/?s={search_term_string}"},"query-input":{"@type":"PropertyValueSpecification","valueRequired":true,"valueName":"search_term_string"}}],"inLanguage":"pl-PL"},{"@type":"Organization","@id":"https:\/\/peakart.co.uk\/de\/#organization","name":"Peak Art","url":"https:\/\/peakart.co.uk\/de\/","logo":{"@type":"ImageObject","inLanguage":"pl-PL","@id":"https:\/\/peakart.co.uk\/de\/#\/schema\/logo\/image\/","url":"https:\/\/peakart.co.uk\/wp-content\/uploads\/2023\/07\/logo-8.jpg","contentUrl":"https:\/\/peakart.co.uk\/wp-content\/uploads\/2023\/07\/logo-8.jpg","width":666,"height":259,"caption":"Peak Art"},"image":{"@id":"https:\/\/peakart.co.uk\/de\/#\/schema\/logo\/image\/"},"sameAs":["https:\/\/www.facebook.com\/PeakArtClocks\/"],"hasMerchantReturnPolicy":{"@type":"MerchantReturnPolicy","merchantReturnLink":"https:\/\/peakart.co.uk\/refund_returns\/"}}]},"og_availability":"instock","product_availability":"instock","product_retailer_item_id":"PEAKART-42454","product_condition":"new"},"_links":{"self":[{"href":"https:\/\/peakart.co.uk\/pl\/wp-json\/wp\/v2\/product\/7744","targetHints":{"allow":["GET"]}}],"collection":[{"href":"https:\/\/peakart.co.uk\/pl\/wp-json\/wp\/v2\/product"}],"about":[{"href":"https:\/\/peakart.co.uk\/pl\/wp-json\/wp\/v2\/types\/product"}],"replies":[{"embeddable":true,"href":"https:\/\/peakart.co.uk\/pl\/wp-json\/wp\/v2\/comments?post=7744"}],"wp:featuredmedia":[{"embeddable":true,"href":"https:\/\/peakart.co.uk\/pl\/wp-json\/wp\/v2\/media\/32238"}],"wp:attachment":[{"href":"https:\/\/peakart.co.uk\/pl\/wp-json\/wp\/v2\/media?parent=7744"}],"wp:term":[{"taxonomy":"product_brand","embeddable":true,"href":"https:\/\/peakart.co.uk\/pl\/wp-json\/wp\/v2\/product_brand?post=7744"},{"taxonomy":"product_cat","embeddable":true,"href":"https:\/\/peakart.co.uk\/pl\/wp-json\/wp\/v2\/product_cat?post=7744"},{"taxonomy":"product_tag","embeddable":true,"href":"https:\/\/peakart.co.uk\/pl\/wp-json\/wp\/v2\/product_tag?post=7744"}],"curies":[{"name":"wp","href":"https:\/\/api.w.org\/{rel}","templated":true}]}}