{"id":7443,"date":"2017-11-10T17:58:46","date_gmt":"2017-11-10T17:58:50","guid":{"rendered":"http:\/\/peakart.co.uk\/?post_type=product&#038;p=7443"},"modified":"2023-03-23T22:06:40","modified_gmt":"2023-03-23T22:06:40","slug":"zegar-scienny-shabby-chic","status":"publish","type":"product","link":"https:\/\/peakart.co.uk\/pl\/produkt\/zegar-scienny-shabby-chic\/","title":{"rendered":"Du\u017cy Zegar \u015acienny Shabby Chic"},"content":{"rendered":"<h2>Co sprawia, \u017ce zegar \u015bcienny shabby chic jest tak atrakcyjny?<\/h2>\n<p>Nasi klienci zawsze jako pierwsi podaj\u0105 nam wspania\u0142e pomys\u0142y na nowe projekty. Zegar \u015bcienny shabby chic w kolorze szarym to obecnie jeden z najpopularniejszych modeli. Dlaczego podoba si\u0119 tak wielu osobom jako element wystroju wn\u0119trza? Oferujemy ju\u017c w naszym sklepie wiele zegar\u00f3w w stylu \u201eshabby chic\u201d, ale wci\u0105\u017c dodajemy kolejne. Pyta o nie tylu ludzi, poniewa\u017c wiedz\u0105, \u017ce te produkty s\u0105 najbardziej wyj\u0105tkowe. Jest po prostu niemo\u017cliwe, bym powt\u00f3rzy\u0142a te same wzory i kolory. W stylu \u201eshabby chic\u201d chodzi przede wszystkim o postarzanie i charakterystyczny wygl\u0105d \u2013 jak wiadomo, to w\u0142a\u015bnie gwarantuje zawsze niezwyk\u0142e wra\u017cenie.<\/p>\n<p>Kiedy sprzedajemy jaki\u015b zegar na \u015bcian\u0119 w stylu &#8220;shabby chic\u201d, a zaraz potem przychodzi zam\u00f3wienie na taki sam projekt, nie staramy si\u0119 o to, \u017ceby kolejny egzemplarz by\u0142 identyczny. Chodzi o to, \u017ceby zachowa\u0107 okre\u015blone kolory, wzory i zadrapania, ale ostateczny rezultat jest za ka\u017cdym razem inny. Dzi\u0119ki temu zegary marki Peak Art utrzymuj\u0105 tak mocn\u0105 pozycj\u0119 na niszowym rynku. Nie staramy si\u0119 przebija\u0107 innych firm cenami i ofertami specjalnymi. Zamiast tego jeste\u015bmy bezkonkurencyjni pod wzgl\u0119dem unikatowo\u015bci naszych produkt\u00f3w. Grup\u0119 <a href=\"https:\/\/peakart.co.uk\/pl\/tag-produktu\/zegary-scienne-shabby-chic\/\">zegar\u00f3w \u015bciennych shabby chic<\/a> dodali\u015bmy do naszego sklepu ju\u017c jaki\u015b czas temu. Od tamtej pory te pi\u0119kne czasomierze systematycznie zyskuj\u0105 na popularno\u015bci.<\/p>\n<p>Zapraszamy do przekazania nam, co Pa\u0144stwo my\u015bl\u0105 o naszej ofercie, bezpo\u015brednio lub w mile widzianych komentarzach w naszym profilu na portalu <a href=\"https:\/\/www.facebook.com\/PeakArtClocks\/\">Facebook<\/a>. Tysi\u0105ce fan\u00f3w i obserwuj\u0105cych nie tylko utrzymuje z nami sta\u0142y kontakt, ale te\u017c inspiruje nas do tworzenia. Do\u0142\u0105czcie do naszej spo\u0142eczno\u015bci i wsp\u00f3\u0142tw\u00f3rzcie z nami nowe trendy. Zmieniajmy razem mod\u0119 \u2013 zamiast wielkich obraz\u00f3w udekorujcie swoje \u015bciany okaza\u0142ymi, r\u0119cznie wykonanymi zegarami.<\/p>\n","protected":false},"excerpt":{"rendered":"<p>Zegar w stylu \u201eshabby chic\u201d, kt\u00f3ry zadziwi Waszych przyjaci\u00f3\u0142 i rodzin\u0119. Zosta\u0142 wykonany z drewna sosnowego i pomalowany r\u0119cznie. Dzia\u0142a na bateri\u0119. Dost\u0119pne s\u0105 trzy rozmiary, dzi\u0119ki czemu \u0142atwiej dobra\u0107 egzemplarz do przestrzeni na swojej \u015bcianie.<\/p>\n<p><strong>Projekt i r\u0119czne wykonanie<\/strong> \u2013 Anna Siodelska, Wielka Brytania<\/p>\n<p><strong>Kolor tarczy<\/strong> \u2013 szary i z\u0142oty<\/p>\n<p><strong>Kolor t\u0142a<\/strong> \u2013 przezroczysty \/ \u015bciana<\/p>\n<p><strong>Uwaga \u2013 <\/strong>zegar w rozmiarze 30&#8243; (75 cm) ma cyfry nieco innego kszta\u0142tu, aby nie by\u0142y zbyt cienkie. Przyk\u0142adow\u0105 ilustracj\u0119 (innego modelu) mo\u017cna zobaczy\u0107 <a href=\"https:\/\/peakart.co.uk\/wp-content\/uploads\/2017\/09\/Unique-Large-Rustic-Grey-Wooden-Wall-Clock-Left.jpg\">tutaj<\/a><\/p>\n","protected":false},"featured_media":33405,"comment_status":"closed","ping_status":"closed","template":"","meta":[],"product_brand":[],"product_cat":[56],"product_tag":[50,65,2138,70,68,53,76],"class_list":{"0":"post-7443","1":"product","2":"type-product","3":"status-publish","4":"has-post-thumbnail","6":"product_cat-duze-zegary-scienne","7":"product_tag-artystyczne-zegary-scienne","8":"product_tag-duze-zegary-dekoracyjne-na-sciane","9":"product_tag-duze-zegary-scienne","10":"product_tag-duze-zegary-rzymskie-szkieletowe","11":"product_tag-drewniane-zegary-scienne-z-cyframi-rzymskimi","12":"product_tag-zegary-drewniane-szkieletowe","13":"product_tag-zegary-scienne-shabby-chic","14":"product_shipping_class-oversized-clocks-pl","16":"first","17":"instock","18":"sale","19":"taxable","20":"shipping-taxable","21":"purchasable","22":"product-type-variable"},"yoast_head":"<!-- This site is optimized with the Yoast SEO Premium plugin v27.2 (Yoast SEO v27.2) - https:\/\/yoast.com\/product\/yoast-seo-premium-wordpress\/ -->\n<title>Drewniany Szary Zegar \u015acienny w Stylu Shabby Chic.<\/title>\n<meta name=\"description\" content=\"Zegar \u015bcienny w stylu \u201eshabby chic\u201d to obecnie jeden z najpopularniejszych modeli. Ludzie szukaj\u0105 czego\u015b wyj\u0105tkowego i z charakterem, a my spe\u0142niamy oba \u017cyczenia.\" \/>\n<meta name=\"robots\" content=\"index, follow, max-snippet:-1, max-image-preview:large, max-video-preview:-1\" \/>\n<link rel=\"canonical\" href=\"https:\/\/peakart.co.uk\/pl\/produkt\/zegar-scienny-shabby-chic\/\" \/>\n<meta property=\"og:locale\" content=\"pl_PL\" \/>\n<meta property=\"og:type\" content=\"article\" \/>\n<meta property=\"og:title\" content=\"Du\u017cy Zegar \u015acienny Shabby Chic\" \/>\n<meta property=\"og:description\" content=\"Zegar \u015bcienny w stylu \u201eshabby chic\u201d to obecnie jeden z najpopularniejszych modeli. Ludzie szukaj\u0105 czego\u015b wyj\u0105tkowego i z charakterem, a my spe\u0142niamy oba \u017cyczenia.\" \/>\n<meta property=\"og:url\" content=\"https:\/\/peakart.co.uk\/pl\/produkt\/zegar-scienny-shabby-chic\/\" \/>\n<meta property=\"og:site_name\" content=\"Peak Art\" \/>\n<meta property=\"article:publisher\" content=\"https:\/\/www.facebook.com\/PeakArtClocks\/\" \/>\n<meta property=\"article:modified_time\" content=\"2023-03-23T22:06:40+00:00\" \/>\n<meta property=\"og:image\" content=\"https:\/\/peakart.co.uk\/wp-content\/uploads\/2017\/11\/Shabby-Chic-Wall-Clock-right-1.jpg\" \/>\n\t<meta property=\"og:image:width\" content=\"1200\" \/>\n\t<meta property=\"og:image:height\" content=\"1099\" \/>\n\t<meta property=\"og:image:type\" content=\"image\/jpeg\" \/>\n<meta name=\"twitter:card\" content=\"summary_large_image\" \/>\n<meta name=\"twitter:label1\" content=\"Dost\u0119pno\u015b\u0107\" \/>\n\t<meta name=\"twitter:data1\" content=\"Dost\u0119pny\" \/>\n<script type=\"application\/ld+json\" class=\"yoast-schema-graph\">{\"@context\":\"https:\/\/schema.org\",\"@graph\":[{\"@type\":\"WebPage\",\"@id\":\"https:\/\/peakart.co.uk\/pl\/produkt\/zegar-scienny-shabby-chic\/\",\"url\":\"https:\/\/peakart.co.uk\/pl\/produkt\/zegar-scienny-shabby-chic\/\",\"name\":\"Drewniany Szary Zegar \u015acienny w Stylu Shabby Chic.\",\"isPartOf\":{\"@id\":\"https:\/\/peakart.co.uk\/de\/#website\"},\"primaryImageOfPage\":{\"@id\":\"https:\/\/peakart.co.uk\/pl\/produkt\/zegar-scienny-shabby-chic\/#primaryimage\"},\"image\":{\"@id\":\"https:\/\/peakart.co.uk\/pl\/produkt\/zegar-scienny-shabby-chic\/#primaryimage\"},\"thumbnailUrl\":\"https:\/\/peakart.co.uk\/wp-content\/uploads\/2017\/11\/Shabby-Chic-Wall-Clock-right-1.jpg\",\"datePublished\":\"2017-11-10T17:58:50+00:00\",\"dateModified\":\"2023-03-23T22:06:40+00:00\",\"description\":\"Zegar \u015bcienny w stylu \u201eshabby chic\u201d to obecnie jeden z najpopularniejszych modeli. Ludzie szukaj\u0105 czego\u015b wyj\u0105tkowego i z charakterem, a my spe\u0142niamy oba \u017cyczenia.\",\"breadcrumb\":{\"@id\":\"https:\/\/peakart.co.uk\/pl\/produkt\/zegar-scienny-shabby-chic\/#breadcrumb\"},\"inLanguage\":\"pl-PL\",\"potentialAction\":[{\"@type\":\"ReadAction\",\"target\":[\"https:\/\/peakart.co.uk\/pl\/produkt\/zegar-scienny-shabby-chic\/\"]}]},{\"@type\":\"ImageObject\",\"inLanguage\":\"pl-PL\",\"@id\":\"https:\/\/peakart.co.uk\/pl\/produkt\/zegar-scienny-shabby-chic\/#primaryimage\",\"url\":\"https:\/\/peakart.co.uk\/wp-content\/uploads\/2017\/11\/Shabby-Chic-Wall-Clock-right-1.jpg\",\"contentUrl\":\"https:\/\/peakart.co.uk\/wp-content\/uploads\/2017\/11\/Shabby-Chic-Wall-Clock-right-1.jpg\",\"width\":1200,\"height\":1099,\"caption\":\"shabby chic wall clock\"},{\"@type\":\"BreadcrumbList\",\"@id\":\"https:\/\/peakart.co.uk\/pl\/produkt\/zegar-scienny-shabby-chic\/#breadcrumb\",\"itemListElement\":[{\"@type\":\"ListItem\",\"position\":1,\"name\":\"Home\",\"item\":\"https:\/\/peakart.co.uk\/pl\/\"},{\"@type\":\"ListItem\",\"position\":2,\"name\":\"Sklep\",\"item\":\"https:\/\/peakart.co.uk\/pl\/sklep\/\"},{\"@type\":\"ListItem\",\"position\":3,\"name\":\"Du\u017cy Zegar \u015acienny Shabby Chic\"}]},{\"@type\":\"WebSite\",\"@id\":\"https:\/\/peakart.co.uk\/de\/#website\",\"url\":\"https:\/\/peakart.co.uk\/de\/\",\"name\":\"Peak Art\",\"description\":\"\",\"publisher\":{\"@id\":\"https:\/\/peakart.co.uk\/de\/#organization\"},\"potentialAction\":[{\"@type\":\"SearchAction\",\"target\":{\"@type\":\"EntryPoint\",\"urlTemplate\":\"https:\/\/peakart.co.uk\/de\/?s={search_term_string}\"},\"query-input\":{\"@type\":\"PropertyValueSpecification\",\"valueRequired\":true,\"valueName\":\"search_term_string\"}}],\"inLanguage\":\"pl-PL\"},{\"@type\":\"Organization\",\"@id\":\"https:\/\/peakart.co.uk\/de\/#organization\",\"name\":\"Peak Art\",\"url\":\"https:\/\/peakart.co.uk\/de\/\",\"logo\":{\"@type\":\"ImageObject\",\"inLanguage\":\"pl-PL\",\"@id\":\"https:\/\/peakart.co.uk\/de\/#\/schema\/logo\/image\/\",\"url\":\"https:\/\/peakart.co.uk\/wp-content\/uploads\/2023\/07\/logo-8.jpg\",\"contentUrl\":\"https:\/\/peakart.co.uk\/wp-content\/uploads\/2023\/07\/logo-8.jpg\",\"width\":666,\"height\":259,\"caption\":\"Peak Art\"},\"image\":{\"@id\":\"https:\/\/peakart.co.uk\/de\/#\/schema\/logo\/image\/\"},\"sameAs\":[\"https:\/\/www.facebook.com\/PeakArtClocks\/\"],\"hasMerchantReturnPolicy\":{\"@type\":\"MerchantReturnPolicy\",\"merchantReturnLink\":\"https:\/\/peakart.co.uk\/refund_returns\/\"}}]}<\/script>\n<meta property=\"og:availability\" content=\"instock\" \/>\n<meta property=\"product:availability\" content=\"instock\" \/>\n<meta property=\"product:retailer_item_id\" content=\"PEAKART-85545\" \/>\n<meta property=\"product:condition\" content=\"new\" \/>\n<!-- \/ Yoast SEO Premium plugin. -->","yoast_head_json":{"title":"Drewniany Szary Zegar \u015acienny w Stylu Shabby Chic.","description":"Zegar \u015bcienny w stylu \u201eshabby chic\u201d to obecnie jeden z najpopularniejszych modeli. Ludzie szukaj\u0105 czego\u015b wyj\u0105tkowego i z charakterem, a my spe\u0142niamy oba \u017cyczenia.","robots":{"index":"index","follow":"follow","max-snippet":"max-snippet:-1","max-image-preview":"max-image-preview:large","max-video-preview":"max-video-preview:-1"},"canonical":"https:\/\/peakart.co.uk\/pl\/produkt\/zegar-scienny-shabby-chic\/","og_locale":"pl_PL","og_type":"article","og_title":"Du\u017cy Zegar \u015acienny Shabby Chic","og_description":"Zegar \u015bcienny w stylu \u201eshabby chic\u201d to obecnie jeden z najpopularniejszych modeli. Ludzie szukaj\u0105 czego\u015b wyj\u0105tkowego i z charakterem, a my spe\u0142niamy oba \u017cyczenia.","og_url":"https:\/\/peakart.co.uk\/pl\/produkt\/zegar-scienny-shabby-chic\/","og_site_name":"Peak Art","article_publisher":"https:\/\/www.facebook.com\/PeakArtClocks\/","article_modified_time":"2023-03-23T22:06:40+00:00","og_image":[{"width":1200,"height":1099,"url":"https:\/\/peakart.co.uk\/wp-content\/uploads\/2017\/11\/Shabby-Chic-Wall-Clock-right-1.jpg","type":"image\/jpeg"}],"twitter_card":"summary_large_image","twitter_misc":{"Dost\u0119pno\u015b\u0107":"Dost\u0119pny"},"schema":{"@context":"https:\/\/schema.org","@graph":[{"@type":"WebPage","@id":"https:\/\/peakart.co.uk\/pl\/produkt\/zegar-scienny-shabby-chic\/","url":"https:\/\/peakart.co.uk\/pl\/produkt\/zegar-scienny-shabby-chic\/","name":"Drewniany Szary Zegar \u015acienny w Stylu Shabby Chic.","isPartOf":{"@id":"https:\/\/peakart.co.uk\/de\/#website"},"primaryImageOfPage":{"@id":"https:\/\/peakart.co.uk\/pl\/produkt\/zegar-scienny-shabby-chic\/#primaryimage"},"image":{"@id":"https:\/\/peakart.co.uk\/pl\/produkt\/zegar-scienny-shabby-chic\/#primaryimage"},"thumbnailUrl":"https:\/\/peakart.co.uk\/wp-content\/uploads\/2017\/11\/Shabby-Chic-Wall-Clock-right-1.jpg","datePublished":"2017-11-10T17:58:50+00:00","dateModified":"2023-03-23T22:06:40+00:00","description":"Zegar \u015bcienny w stylu \u201eshabby chic\u201d to obecnie jeden z najpopularniejszych modeli. Ludzie szukaj\u0105 czego\u015b wyj\u0105tkowego i z charakterem, a my spe\u0142niamy oba \u017cyczenia.","breadcrumb":{"@id":"https:\/\/peakart.co.uk\/pl\/produkt\/zegar-scienny-shabby-chic\/#breadcrumb"},"inLanguage":"pl-PL","potentialAction":[{"@type":"ReadAction","target":["https:\/\/peakart.co.uk\/pl\/produkt\/zegar-scienny-shabby-chic\/"]}]},{"@type":"ImageObject","inLanguage":"pl-PL","@id":"https:\/\/peakart.co.uk\/pl\/produkt\/zegar-scienny-shabby-chic\/#primaryimage","url":"https:\/\/peakart.co.uk\/wp-content\/uploads\/2017\/11\/Shabby-Chic-Wall-Clock-right-1.jpg","contentUrl":"https:\/\/peakart.co.uk\/wp-content\/uploads\/2017\/11\/Shabby-Chic-Wall-Clock-right-1.jpg","width":1200,"height":1099,"caption":"shabby chic wall clock"},{"@type":"BreadcrumbList","@id":"https:\/\/peakart.co.uk\/pl\/produkt\/zegar-scienny-shabby-chic\/#breadcrumb","itemListElement":[{"@type":"ListItem","position":1,"name":"Home","item":"https:\/\/peakart.co.uk\/pl\/"},{"@type":"ListItem","position":2,"name":"Sklep","item":"https:\/\/peakart.co.uk\/pl\/sklep\/"},{"@type":"ListItem","position":3,"name":"Du\u017cy Zegar \u015acienny Shabby Chic"}]},{"@type":"WebSite","@id":"https:\/\/peakart.co.uk\/de\/#website","url":"https:\/\/peakart.co.uk\/de\/","name":"Peak Art","description":"","publisher":{"@id":"https:\/\/peakart.co.uk\/de\/#organization"},"potentialAction":[{"@type":"SearchAction","target":{"@type":"EntryPoint","urlTemplate":"https:\/\/peakart.co.uk\/de\/?s={search_term_string}"},"query-input":{"@type":"PropertyValueSpecification","valueRequired":true,"valueName":"search_term_string"}}],"inLanguage":"pl-PL"},{"@type":"Organization","@id":"https:\/\/peakart.co.uk\/de\/#organization","name":"Peak Art","url":"https:\/\/peakart.co.uk\/de\/","logo":{"@type":"ImageObject","inLanguage":"pl-PL","@id":"https:\/\/peakart.co.uk\/de\/#\/schema\/logo\/image\/","url":"https:\/\/peakart.co.uk\/wp-content\/uploads\/2023\/07\/logo-8.jpg","contentUrl":"https:\/\/peakart.co.uk\/wp-content\/uploads\/2023\/07\/logo-8.jpg","width":666,"height":259,"caption":"Peak Art"},"image":{"@id":"https:\/\/peakart.co.uk\/de\/#\/schema\/logo\/image\/"},"sameAs":["https:\/\/www.facebook.com\/PeakArtClocks\/"],"hasMerchantReturnPolicy":{"@type":"MerchantReturnPolicy","merchantReturnLink":"https:\/\/peakart.co.uk\/refund_returns\/"}}]},"og_availability":"instock","product_availability":"instock","product_retailer_item_id":"PEAKART-85545","product_condition":"new"},"_links":{"self":[{"href":"https:\/\/peakart.co.uk\/pl\/wp-json\/wp\/v2\/product\/7443","targetHints":{"allow":["GET"]}}],"collection":[{"href":"https:\/\/peakart.co.uk\/pl\/wp-json\/wp\/v2\/product"}],"about":[{"href":"https:\/\/peakart.co.uk\/pl\/wp-json\/wp\/v2\/types\/product"}],"replies":[{"embeddable":true,"href":"https:\/\/peakart.co.uk\/pl\/wp-json\/wp\/v2\/comments?post=7443"}],"wp:featuredmedia":[{"embeddable":true,"href":"https:\/\/peakart.co.uk\/pl\/wp-json\/wp\/v2\/media\/33405"}],"wp:attachment":[{"href":"https:\/\/peakart.co.uk\/pl\/wp-json\/wp\/v2\/media?parent=7443"}],"wp:term":[{"taxonomy":"product_brand","embeddable":true,"href":"https:\/\/peakart.co.uk\/pl\/wp-json\/wp\/v2\/product_brand?post=7443"},{"taxonomy":"product_cat","embeddable":true,"href":"https:\/\/peakart.co.uk\/pl\/wp-json\/wp\/v2\/product_cat?post=7443"},{"taxonomy":"product_tag","embeddable":true,"href":"https:\/\/peakart.co.uk\/pl\/wp-json\/wp\/v2\/product_tag?post=7443"}],"curies":[{"name":"wp","href":"https:\/\/api.w.org\/{rel}","templated":true}]}}