{"id":7120,"date":"2017-10-22T14:23:48","date_gmt":"2017-10-27T20:18:05","guid":{"rendered":"http:\/\/peakart.co.uk\/product\/metalowy-industrialny-zegar-scienny-z-drewnianym-brzegiem\/"},"modified":"2023-02-20T13:38:04","modified_gmt":"2023-02-20T13:38:04","slug":"zegar-industrialny-handmade","status":"publish","type":"product","link":"https:\/\/peakart.co.uk\/pl\/produkt\/zegar-industrialny-handmade\/","title":{"rendered":"Zegar Industrialny Handmade"},"content":{"rendered":"<h2>Du\u017cy zegar industrialny z mieszanych materia\u0142\u00f3w<\/h2>\n<p>Pierwszy zegar industrialny dodali\u015bmy do sklepu Peak Art oko\u0142o 2 lat temu. By\u0142 to <a href=\"https:\/\/peakart.co.uk\/pl\/produkt\/zegar-w-stylu-industrialnym\/\">oryginalny zegar na \u015bcian\u0119<\/a> z kilkoma metalowymi elementami. Od tamtego czasu by\u0142am skoncentrowana g\u0142\u00f3wnie na tradycyjnych projektach. My\u015bl\u0119, \u017ce doda\u0142am tylko jeden du\u017cy zegar industrialny do og\u00f3lnej kolekcji. Dlaczego postanowi\u0142am stworzy\u0107 co\u015b kompletnie innego ni\u017c zegar \u015bcienny z klasycznymi cyframi rzymskimi? Jako artystka, zawsze poszukuj\u0119 nowych wyzwa\u0144, a ta sytuacja nie by\u0142a wyj\u0105tkiem. Taka moda projektowa nie jest \u0142atwa w \u015bledzeniu, poniewa\u017c polega na mieszaniu i dopasowywaniu. Taka trudno\u015b\u0107 wy\u0142\u0105cznie sprawia, \u017ce jest to jeszcze bardziej interesuj\u0105ce, je\u015bli pasjonujesz si\u0119 tym, co robisz. W taki spos\u00f3b powsta\u0142 ten zachwycaj\u0105cy zegar industrialny.<\/p>\n<p>W og\u00f3lnym wzorze znajduj\u0105 si\u0119 wszystkie najwa\u017cniejsze elementy stylu industrialnego. Pokazuje on surowe metalowe brzegi i wydaje si\u0119 nieuko\u0144czony, ale sp\u00f3jny. Taki projekt zegara industrialnego zdecydowanie mo\u017ce wywo\u0142a\u0107 podziw i sprawi\u0107, \u017ce Twoja przestrze\u0144 b\u0119dzie wygl\u0105da\u0142a du\u017co bardziej interesuj\u0105co. Doda\u0142am du\u017co wi\u0119cej informacji o <a href=\"https:\/\/peakart.co.uk\/pl\/blog-post\/zegary-industrialne\/\">zegarach industrialnych<\/a> w mojej sekcji blog.<\/p>\n<p>Je\u015bli chodzi o praktyczne aspekty, zegar u\u017cywa bardzo mocnego mechanizmu kwarcowego. Potrzebuje pojedynczej baterii C, kt\u00f3ra powinna wytrzyma\u0107 9-12 miesi\u0119cy bez problemu. Przy dostarczaniu zegara musimy odczepi\u0107 obie wskaz\u00f3wki, aby zapobiec uszkodzeniu w transporcie. Otrzymasz pe\u0142ne instrukcje jak je ponownie zamontowa\u0107 i ustawi\u0107 godzin\u0119. Mo\u017cesz r\u00f3wnie\u017c obejrze\u0107\u00a0<a href=\"https:\/\/www.youtube.com\/watch?v=08Tq0lKFs30\">kr\u00f3tki film na YouTube<\/a>\u00a0w j\u0119zyku angielskim.<\/p>\n<p>Czy trafi\u0142e\u015b na nasz\u0105 stron\u0119, szukaj\u0105c czego\u015b wyj\u0105tkowego? Prawdopodobnie nie \u015bledzisz starych trend\u00f3w i nie kupujesz masowo produkowanych przedmiot\u00f3w. Czy kochasz now\u0105 mod\u0119 w projektowaniu wn\u0119trz i my\u015blisz, \u017ce\u00a0 du\u017cy zegar industrialny to idealne rozwi\u0105zanie do Twojego domu? Je\u015bli masz jakie\u015b pytania, prosimy, daj nam zna\u0107, zawsze ch\u0119tnie doradzimy i pomo\u017cemy.<\/p>\n","protected":false},"excerpt":{"rendered":"<p>Zegar industrialny na \u015bcian\u0119 wykonany z du\u017cych metalowych element\u00f3w i drewnianego brzegu. Idealna forma ogromnej sztuki \u015bciennej, kt\u00f3ra b\u0119dzie doskonale pasowa\u0142a do industrialnego wn\u0119trza. Ten osza\u0142amiaj\u0105cy zegar zosta\u0142 zaprojektowany oryginalnie w \u015brednicy 100 cm, ale inne rozmiary s\u0105 r\u00f3wnie\u017c dost\u0119pne.<\/p>\n<p><strong>Projekt i r\u0119czne wykonanie<\/strong> &#8211; Anna Siodelska, Wielka Brytania<\/p>\n<p><strong>Kolor tarczy<\/strong> \u2013 Metaliczny i drewniany<\/p>\n<p><strong>Kolor t\u0142a<\/strong> \u2013 Metaliczny<\/p>\n<p>&nbsp;<\/p>\n","protected":false},"featured_media":32217,"comment_status":"closed","ping_status":"closed","template":"","meta":[],"product_brand":[],"product_cat":[56],"product_tag":[50,65,2138,67,2671,2672],"class_list":{"0":"post-7120","1":"product","2":"type-product","3":"status-publish","4":"has-post-thumbnail","6":"product_cat-duze-zegary-scienne","7":"product_tag-artystyczne-zegary-scienne","8":"product_tag-duze-zegary-dekoracyjne-na-sciane","9":"product_tag-duze-zegary-scienne","10":"product_tag-duze-zegary-industrialne","11":"product_tag-nietypowe-duze-zegary-scienne","12":"product_tag-unikalne-duze-zegary-scienne","13":"product_shipping_class-oversized-clocks-pl","15":"first","16":"instock","17":"sale","18":"featured","19":"taxable","20":"shipping-taxable","21":"purchasable","22":"product-type-variable"},"yoast_head":"<!-- This site is optimized with the Yoast SEO Premium plugin v27.2 (Yoast SEO v27.2) - https:\/\/yoast.com\/product\/yoast-seo-premium-wordpress\/ -->\n<title>Du\u017cy, r\u0119cznie robiony zegar industrialny, wykonany z metalu i drewna<\/title>\n<meta name=\"description\" content=\"Nadzwyczajny zegar industrialny na \u015bcian\u0119. Zosta\u0142 wykonany r\u0119cznie z metalowych i drewnianych element\u00f3w.\" \/>\n<meta name=\"robots\" content=\"index, follow, max-snippet:-1, max-image-preview:large, max-video-preview:-1\" \/>\n<link rel=\"canonical\" href=\"https:\/\/peakart.co.uk\/pl\/produkt\/zegar-industrialny-handmade\/\" \/>\n<meta property=\"og:locale\" content=\"pl_PL\" \/>\n<meta property=\"og:type\" content=\"article\" \/>\n<meta property=\"og:title\" content=\"Zegar Industrialny Handmade\" \/>\n<meta property=\"og:description\" content=\"Nadzwyczajny zegar industrialny na \u015bcian\u0119. Zosta\u0142 wykonany r\u0119cznie z metalowych i drewnianych element\u00f3w.\" \/>\n<meta property=\"og:url\" content=\"https:\/\/peakart.co.uk\/pl\/produkt\/zegar-industrialny-handmade\/\" \/>\n<meta property=\"og:site_name\" content=\"Peak Art\" \/>\n<meta property=\"article:publisher\" content=\"https:\/\/www.facebook.com\/PeakArtClocks\/\" \/>\n<meta property=\"article:modified_time\" content=\"2023-02-20T13:38:04+00:00\" \/>\n<meta property=\"og:image\" content=\"https:\/\/peakart.co.uk\/wp-content\/uploads\/2017\/10\/Heavy-Industrial-100-cm-wall-clock-interiors-scaled.jpg\" \/>\n\t<meta property=\"og:image:width\" content=\"2560\" \/>\n\t<meta property=\"og:image:height\" content=\"1920\" \/>\n\t<meta property=\"og:image:type\" content=\"image\/jpeg\" \/>\n<meta name=\"twitter:card\" content=\"summary_large_image\" \/>\n<meta name=\"twitter:label1\" content=\"Dost\u0119pno\u015b\u0107\" \/>\n\t<meta name=\"twitter:data1\" content=\"Dost\u0119pny\" \/>\n<script type=\"application\/ld+json\" class=\"yoast-schema-graph\">{\"@context\":\"https:\/\/schema.org\",\"@graph\":[{\"@type\":\"WebPage\",\"@id\":\"https:\/\/peakart.co.uk\/pl\/produkt\/zegar-industrialny-handmade\/\",\"url\":\"https:\/\/peakart.co.uk\/pl\/produkt\/zegar-industrialny-handmade\/\",\"name\":\"Du\u017cy, r\u0119cznie robiony zegar industrialny, wykonany z metalu i drewna\",\"isPartOf\":{\"@id\":\"https:\/\/peakart.co.uk\/de\/#website\"},\"primaryImageOfPage\":{\"@id\":\"https:\/\/peakart.co.uk\/pl\/produkt\/zegar-industrialny-handmade\/#primaryimage\"},\"image\":{\"@id\":\"https:\/\/peakart.co.uk\/pl\/produkt\/zegar-industrialny-handmade\/#primaryimage\"},\"thumbnailUrl\":\"https:\/\/peakart.co.uk\/wp-content\/uploads\/2017\/10\/Heavy-Industrial-100-cm-wall-clock-interiors-scaled.jpg\",\"datePublished\":\"2017-10-27T20:18:05+00:00\",\"dateModified\":\"2023-02-20T13:38:04+00:00\",\"description\":\"Nadzwyczajny zegar industrialny na \u015bcian\u0119. Zosta\u0142 wykonany r\u0119cznie z metalowych i drewnianych element\u00f3w.\",\"breadcrumb\":{\"@id\":\"https:\/\/peakart.co.uk\/pl\/produkt\/zegar-industrialny-handmade\/#breadcrumb\"},\"inLanguage\":\"pl-PL\",\"potentialAction\":[{\"@type\":\"ReadAction\",\"target\":[\"https:\/\/peakart.co.uk\/pl\/produkt\/zegar-industrialny-handmade\/\"]}]},{\"@type\":\"ImageObject\",\"inLanguage\":\"pl-PL\",\"@id\":\"https:\/\/peakart.co.uk\/pl\/produkt\/zegar-industrialny-handmade\/#primaryimage\",\"url\":\"https:\/\/peakart.co.uk\/wp-content\/uploads\/2017\/10\/Heavy-Industrial-100-cm-wall-clock-interiors-scaled.jpg\",\"contentUrl\":\"https:\/\/peakart.co.uk\/wp-content\/uploads\/2017\/10\/Heavy-Industrial-100-cm-wall-clock-interiors-scaled.jpg\",\"width\":2560,\"height\":1920},{\"@type\":\"BreadcrumbList\",\"@id\":\"https:\/\/peakart.co.uk\/pl\/produkt\/zegar-industrialny-handmade\/#breadcrumb\",\"itemListElement\":[{\"@type\":\"ListItem\",\"position\":1,\"name\":\"Home\",\"item\":\"https:\/\/peakart.co.uk\/pl\/\"},{\"@type\":\"ListItem\",\"position\":2,\"name\":\"Sklep\",\"item\":\"https:\/\/peakart.co.uk\/pl\/sklep\/\"},{\"@type\":\"ListItem\",\"position\":3,\"name\":\"Zegar Industrialny Handmade\"}]},{\"@type\":\"WebSite\",\"@id\":\"https:\/\/peakart.co.uk\/de\/#website\",\"url\":\"https:\/\/peakart.co.uk\/de\/\",\"name\":\"Peak Art\",\"description\":\"\",\"publisher\":{\"@id\":\"https:\/\/peakart.co.uk\/de\/#organization\"},\"potentialAction\":[{\"@type\":\"SearchAction\",\"target\":{\"@type\":\"EntryPoint\",\"urlTemplate\":\"https:\/\/peakart.co.uk\/de\/?s={search_term_string}\"},\"query-input\":{\"@type\":\"PropertyValueSpecification\",\"valueRequired\":true,\"valueName\":\"search_term_string\"}}],\"inLanguage\":\"pl-PL\"},{\"@type\":\"Organization\",\"@id\":\"https:\/\/peakart.co.uk\/de\/#organization\",\"name\":\"Peak Art\",\"url\":\"https:\/\/peakart.co.uk\/de\/\",\"logo\":{\"@type\":\"ImageObject\",\"inLanguage\":\"pl-PL\",\"@id\":\"https:\/\/peakart.co.uk\/de\/#\/schema\/logo\/image\/\",\"url\":\"https:\/\/peakart.co.uk\/wp-content\/uploads\/2023\/07\/logo-8.jpg\",\"contentUrl\":\"https:\/\/peakart.co.uk\/wp-content\/uploads\/2023\/07\/logo-8.jpg\",\"width\":666,\"height\":259,\"caption\":\"Peak Art\"},\"image\":{\"@id\":\"https:\/\/peakart.co.uk\/de\/#\/schema\/logo\/image\/\"},\"sameAs\":[\"https:\/\/www.facebook.com\/PeakArtClocks\/\"],\"hasMerchantReturnPolicy\":{\"@type\":\"MerchantReturnPolicy\",\"merchantReturnLink\":\"https:\/\/peakart.co.uk\/refund_returns\/\"}}]}<\/script>\n<meta property=\"og:availability\" content=\"instock\" \/>\n<meta property=\"product:availability\" content=\"instock\" \/>\n<meta property=\"product:retailer_item_id\" content=\"PEAKART-62263\" \/>\n<meta property=\"product:condition\" content=\"new\" \/>\n<!-- \/ Yoast SEO Premium plugin. -->","yoast_head_json":{"title":"Du\u017cy, r\u0119cznie robiony zegar industrialny, wykonany z metalu i drewna","description":"Nadzwyczajny zegar industrialny na \u015bcian\u0119. Zosta\u0142 wykonany r\u0119cznie z metalowych i drewnianych element\u00f3w.","robots":{"index":"index","follow":"follow","max-snippet":"max-snippet:-1","max-image-preview":"max-image-preview:large","max-video-preview":"max-video-preview:-1"},"canonical":"https:\/\/peakart.co.uk\/pl\/produkt\/zegar-industrialny-handmade\/","og_locale":"pl_PL","og_type":"article","og_title":"Zegar Industrialny Handmade","og_description":"Nadzwyczajny zegar industrialny na \u015bcian\u0119. Zosta\u0142 wykonany r\u0119cznie z metalowych i drewnianych element\u00f3w.","og_url":"https:\/\/peakart.co.uk\/pl\/produkt\/zegar-industrialny-handmade\/","og_site_name":"Peak Art","article_publisher":"https:\/\/www.facebook.com\/PeakArtClocks\/","article_modified_time":"2023-02-20T13:38:04+00:00","og_image":[{"width":2560,"height":1920,"url":"https:\/\/peakart.co.uk\/wp-content\/uploads\/2017\/10\/Heavy-Industrial-100-cm-wall-clock-interiors-scaled.jpg","type":"image\/jpeg"}],"twitter_card":"summary_large_image","twitter_misc":{"Dost\u0119pno\u015b\u0107":"Dost\u0119pny"},"schema":{"@context":"https:\/\/schema.org","@graph":[{"@type":"WebPage","@id":"https:\/\/peakart.co.uk\/pl\/produkt\/zegar-industrialny-handmade\/","url":"https:\/\/peakart.co.uk\/pl\/produkt\/zegar-industrialny-handmade\/","name":"Du\u017cy, r\u0119cznie robiony zegar industrialny, wykonany z metalu i drewna","isPartOf":{"@id":"https:\/\/peakart.co.uk\/de\/#website"},"primaryImageOfPage":{"@id":"https:\/\/peakart.co.uk\/pl\/produkt\/zegar-industrialny-handmade\/#primaryimage"},"image":{"@id":"https:\/\/peakart.co.uk\/pl\/produkt\/zegar-industrialny-handmade\/#primaryimage"},"thumbnailUrl":"https:\/\/peakart.co.uk\/wp-content\/uploads\/2017\/10\/Heavy-Industrial-100-cm-wall-clock-interiors-scaled.jpg","datePublished":"2017-10-27T20:18:05+00:00","dateModified":"2023-02-20T13:38:04+00:00","description":"Nadzwyczajny zegar industrialny na \u015bcian\u0119. Zosta\u0142 wykonany r\u0119cznie z metalowych i drewnianych element\u00f3w.","breadcrumb":{"@id":"https:\/\/peakart.co.uk\/pl\/produkt\/zegar-industrialny-handmade\/#breadcrumb"},"inLanguage":"pl-PL","potentialAction":[{"@type":"ReadAction","target":["https:\/\/peakart.co.uk\/pl\/produkt\/zegar-industrialny-handmade\/"]}]},{"@type":"ImageObject","inLanguage":"pl-PL","@id":"https:\/\/peakart.co.uk\/pl\/produkt\/zegar-industrialny-handmade\/#primaryimage","url":"https:\/\/peakart.co.uk\/wp-content\/uploads\/2017\/10\/Heavy-Industrial-100-cm-wall-clock-interiors-scaled.jpg","contentUrl":"https:\/\/peakart.co.uk\/wp-content\/uploads\/2017\/10\/Heavy-Industrial-100-cm-wall-clock-interiors-scaled.jpg","width":2560,"height":1920},{"@type":"BreadcrumbList","@id":"https:\/\/peakart.co.uk\/pl\/produkt\/zegar-industrialny-handmade\/#breadcrumb","itemListElement":[{"@type":"ListItem","position":1,"name":"Home","item":"https:\/\/peakart.co.uk\/pl\/"},{"@type":"ListItem","position":2,"name":"Sklep","item":"https:\/\/peakart.co.uk\/pl\/sklep\/"},{"@type":"ListItem","position":3,"name":"Zegar Industrialny Handmade"}]},{"@type":"WebSite","@id":"https:\/\/peakart.co.uk\/de\/#website","url":"https:\/\/peakart.co.uk\/de\/","name":"Peak Art","description":"","publisher":{"@id":"https:\/\/peakart.co.uk\/de\/#organization"},"potentialAction":[{"@type":"SearchAction","target":{"@type":"EntryPoint","urlTemplate":"https:\/\/peakart.co.uk\/de\/?s={search_term_string}"},"query-input":{"@type":"PropertyValueSpecification","valueRequired":true,"valueName":"search_term_string"}}],"inLanguage":"pl-PL"},{"@type":"Organization","@id":"https:\/\/peakart.co.uk\/de\/#organization","name":"Peak Art","url":"https:\/\/peakart.co.uk\/de\/","logo":{"@type":"ImageObject","inLanguage":"pl-PL","@id":"https:\/\/peakart.co.uk\/de\/#\/schema\/logo\/image\/","url":"https:\/\/peakart.co.uk\/wp-content\/uploads\/2023\/07\/logo-8.jpg","contentUrl":"https:\/\/peakart.co.uk\/wp-content\/uploads\/2023\/07\/logo-8.jpg","width":666,"height":259,"caption":"Peak Art"},"image":{"@id":"https:\/\/peakart.co.uk\/de\/#\/schema\/logo\/image\/"},"sameAs":["https:\/\/www.facebook.com\/PeakArtClocks\/"],"hasMerchantReturnPolicy":{"@type":"MerchantReturnPolicy","merchantReturnLink":"https:\/\/peakart.co.uk\/refund_returns\/"}}]},"og_availability":"instock","product_availability":"instock","product_retailer_item_id":"PEAKART-62263","product_condition":"new"},"_links":{"self":[{"href":"https:\/\/peakart.co.uk\/pl\/wp-json\/wp\/v2\/product\/7120","targetHints":{"allow":["GET"]}}],"collection":[{"href":"https:\/\/peakart.co.uk\/pl\/wp-json\/wp\/v2\/product"}],"about":[{"href":"https:\/\/peakart.co.uk\/pl\/wp-json\/wp\/v2\/types\/product"}],"replies":[{"embeddable":true,"href":"https:\/\/peakart.co.uk\/pl\/wp-json\/wp\/v2\/comments?post=7120"}],"wp:featuredmedia":[{"embeddable":true,"href":"https:\/\/peakart.co.uk\/pl\/wp-json\/wp\/v2\/media\/32217"}],"wp:attachment":[{"href":"https:\/\/peakart.co.uk\/pl\/wp-json\/wp\/v2\/media?parent=7120"}],"wp:term":[{"taxonomy":"product_brand","embeddable":true,"href":"https:\/\/peakart.co.uk\/pl\/wp-json\/wp\/v2\/product_brand?post=7120"},{"taxonomy":"product_cat","embeddable":true,"href":"https:\/\/peakart.co.uk\/pl\/wp-json\/wp\/v2\/product_cat?post=7120"},{"taxonomy":"product_tag","embeddable":true,"href":"https:\/\/peakart.co.uk\/pl\/wp-json\/wp\/v2\/product_tag?post=7120"}],"curies":[{"name":"wp","href":"https:\/\/api.w.org\/{rel}","templated":true}]}}