{"id":6796,"date":"2017-10-13T10:04:38","date_gmt":"2017-10-13T09:04:41","guid":{"rendered":"http:\/\/peakart.co.uk\/?post_type=product&#038;p=6796"},"modified":"2023-03-23T22:22:27","modified_gmt":"2023-03-23T22:22:27","slug":"duzy-zegar-ozdobny-na-sciane","status":"publish","type":"product","link":"https:\/\/peakart.co.uk\/pl\/produkt\/duzy-zegar-ozdobny-na-sciane\/","title":{"rendered":"Du\u017cy Zegar Ozdobny na \u015acian\u0119 do Salonu"},"content":{"rendered":"<h2>Bardzo du\u017cy zegar ozdobny na \u015bcian\u0119 o tle w kolorze starego z\u0142ota<\/h2>\n<p>Rynek online jest zalewany tanimi wyrobami z fabryk, kt\u00f3re wszystkie wygl\u0105daj\u0105 identycznie. Podczas gdy r\u00f3\u017cni producenci jedynie walcz\u0105 w cenach, w Peak Art wybrali\u015bmy inny kierunek. Ka\u017cdy zegar ozdobny na \u015bcian\u0119 z naszej kolekcji jest wyj\u0105tkowy, dzi\u0119ki czemu mo\u017cesz wyr\u00f3\u017cni\u0107 si\u0119\u00a0w t\u0142umie. Ten rustykalny zegar zosta\u0142 wykonany z dw\u00f3ch du\u017cych paneli z sosnowego drewna, r\u0119cznie wyrze\u017abionych, r\u0119cznie malowanych i przykr\u0119conych do siebie, aby wywo\u0142a\u0107 silny efekt &#8220;wow&#8221;.<\/p>\n<p>Wyj\u0105tkowo imponuj\u0105ce du\u017ce cyfry rzymskie zosta\u0142y pomalowane na barw\u0119 ciemnego grafitu, aby osi\u0105gn\u0105\u0107 dobry kontrast z bogatym z\u0142otym t\u0142em. Nie musisz si\u0119 martwi\u0107 o wierceniu w \u015bcianach w celu doprowadzenia pr\u0105du, poniewa\u017c zegar potrzebuje tylko jednej baterii typu C, kt\u00f3ra powinna dzia\u0142a\u0107 bez problemu przez 9-12 miesi\u0119cy. Je\u017celi zegar ozdobny na \u015bcian\u0119, kt\u00f3rego poszukujesz ma mie\u0107 konkretne wymiary to mo\u017cemy zaoferowa\u0107 trzy r\u00f3\u017cne warianty. Najmniejszy z naszych zegar\u00f3w ma \u015brednice 75 cm, nast\u0119pnie najbardziej popularny zegar mierz\u0105cy 100 cm. Dla tych z was, kt\u00f3rzy chc\u0105 bardzo du\u017cy zegar mo\u017cemy wykona\u0107 ten sam projekt o \u015brednicy 120 cm.<\/p>\n<h2>Zegar ozdobny na \u015bcian\u0119 z Peak Art oznacza jako\u015b\u0107<\/h2>\n<p>Co sprawia, \u017ce Peak Art wyr\u00f3\u017cnia si\u0119 na tle wszystkich innych firm na \u015bwiecie, kt\u00f3re pr\u00f3buj\u0105 sprzedawa\u0107\u00a0<a href=\"https:\/\/peakart.co.uk\/pl\/tag-produktu\/duze-zegary-dekoracyjne-na-sciane\/\">du\u017ce zegary do dekoracji \u015bcian<\/a>? Naszym g\u0142\u00f3wnym celem nie jest wysoki obr\u00f3t albo ci\u0119cie koszt\u00f3w w celu zwi\u0119kszenia zysku. Chcemy po prostu zmieni\u0107 spos\u00f3b my\u015blenia o zegarach jako o przyrz\u0105dach do mierzenia czasu. Chcemy, aby ludzie uwa\u017cali nasze r\u0119kodzie\u0142a za alternatywny spos\u00f3b zape\u0142niania du\u017cych powierzchni \u015bciennych tr\u00f3jwymiarow\u0105 funkcjonaln\u0105 form\u0105 sztuki. Je\u017celi pragniesz ozdobi\u0107 swoj\u0105 \u015bcian\u0119 czym\u015b naprawd\u0119 wyj\u0105tkowym to wybieraj\u0105 zegar ozdobny z Peak Art nie b\u0119dziesz zawiedziony,<\/p>\n<p>&nbsp;<\/p>\n<p>&nbsp;<\/p>\n","protected":false},"excerpt":{"rendered":"<p>Osza\u0142amiaj\u0105cy zegar ozdobny na \u015bcian\u0119, kt\u00f3ry doda charakterystycznej osobowo\u015bci Twoim wn\u0119trzom. Jeden z najbardziej luksusowych projekt\u00f3w w naszym sklepie online, kt\u00f3ry pasuje idealnie do klient\u00f3w z wyszukanym i drogim gustem. Du\u017ce, ciemne liczby rzymskie pi\u0119knie kontrastuj\u0105 z bogatym, z\u0142otym t\u0142em.<\/p>\n<p><strong>Zaprojektowane i wykonane r\u0119cznie<\/strong> \u2013 Anna Siodelska, Wielka Brytania<\/p>\n<p><strong>Kolor tarczy<\/strong> \u2013 rustykalny grafit\/cis<\/p>\n<p><strong>Kolor t\u0142a<\/strong> \u2013 rustykalne z\u0142oto<\/p>\n<p><strong>Uwaga \u2013 <\/strong>30&#8243; (75 cm) zegar posiada nieco inny kszta\u0142t cyfr, aby upewni\u0107 si\u0119, \u017ce nie s\u0105 zbyt cienkie. Przyk\u0142adowe zdj\u0119cia innego projektu mo\u017cna znale\u017a\u0107 <a href=\"https:\/\/peakart.co.uk\/wp-content\/uploads\/2017\/09\/Unique-Large-Rustic-Grey-Wooden-Wall-Clock-Left.jpg\">tutaj<\/a><\/p>\n","protected":false},"featured_media":32684,"comment_status":"closed","ping_status":"closed","template":"","meta":[],"product_brand":[],"product_cat":[56],"product_tag":[50,65,2138,68,2671,2672,76],"class_list":{"0":"post-6796","1":"product","2":"type-product","3":"status-publish","4":"has-post-thumbnail","6":"product_cat-duze-zegary-scienne","7":"product_tag-artystyczne-zegary-scienne","8":"product_tag-duze-zegary-dekoracyjne-na-sciane","9":"product_tag-duze-zegary-scienne","10":"product_tag-drewniane-zegary-scienne-z-cyframi-rzymskimi","11":"product_tag-nietypowe-duze-zegary-scienne","12":"product_tag-unikalne-duze-zegary-scienne","13":"product_tag-zegary-scienne-shabby-chic","14":"product_shipping_class-oversized-clocks-pl","16":"first","17":"instock","18":"sale","19":"featured","20":"taxable","21":"shipping-taxable","22":"purchasable","23":"product-type-variable"},"yoast_head":"<!-- This site is optimized with the Yoast SEO Premium plugin v27.2 (Yoast SEO v27.2) - https:\/\/yoast.com\/product\/yoast-seo-premium-wordpress\/ -->\n<title>Bardzo Du\u017cy Zegar Ozdobny Na \u015acian\u0119 do Salonu.<\/title>\n<meta name=\"description\" content=\"Ten du\u017cy zegar ozdobny na \u015bcian\u0119 ma du\u017ce cyfry rzymskie w kolorze ciemnego grafitu i z\u0142ote t\u0142o.\" \/>\n<meta name=\"robots\" content=\"index, follow, max-snippet:-1, max-image-preview:large, max-video-preview:-1\" \/>\n<link rel=\"canonical\" href=\"https:\/\/peakart.co.uk\/pl\/produkt\/duzy-zegar-ozdobny-na-sciane\/\" \/>\n<meta property=\"og:locale\" content=\"pl_PL\" \/>\n<meta property=\"og:type\" content=\"article\" \/>\n<meta property=\"og:title\" content=\"Du\u017cy Zegar Ozdobny na \u015acian\u0119 do Salonu\" \/>\n<meta property=\"og:description\" content=\"Ten du\u017cy zegar ozdobny na \u015bcian\u0119 ma du\u017ce cyfry rzymskie w kolorze ciemnego grafitu i z\u0142ote t\u0142o.\" \/>\n<meta property=\"og:url\" content=\"https:\/\/peakart.co.uk\/pl\/produkt\/duzy-zegar-ozdobny-na-sciane\/\" \/>\n<meta property=\"og:site_name\" content=\"Peak Art\" \/>\n<meta property=\"article:publisher\" content=\"https:\/\/www.facebook.com\/PeakArtClocks\/\" \/>\n<meta property=\"article:modified_time\" content=\"2023-03-23T22:22:27+00:00\" \/>\n<meta property=\"og:image\" content=\"https:\/\/peakart.co.uk\/wp-content\/uploads\/2017\/10\/Large-Rustic-Handmade-Roman-Numeral-Wooden-Wall-Clock-Rustic-Gold-Graphite-Right-1.jpg\" \/>\n\t<meta property=\"og:image:width\" content=\"2000\" \/>\n\t<meta property=\"og:image:height\" content=\"2129\" \/>\n\t<meta property=\"og:image:type\" content=\"image\/jpeg\" \/>\n<meta name=\"twitter:card\" content=\"summary_large_image\" \/>\n<meta name=\"twitter:label1\" content=\"Dost\u0119pno\u015b\u0107\" \/>\n\t<meta name=\"twitter:data1\" content=\"Dost\u0119pny\" \/>\n<script type=\"application\/ld+json\" class=\"yoast-schema-graph\">{\"@context\":\"https:\/\/schema.org\",\"@graph\":[{\"@type\":\"WebPage\",\"@id\":\"https:\/\/peakart.co.uk\/pl\/produkt\/duzy-zegar-ozdobny-na-sciane\/\",\"url\":\"https:\/\/peakart.co.uk\/pl\/produkt\/duzy-zegar-ozdobny-na-sciane\/\",\"name\":\"Bardzo Du\u017cy Zegar Ozdobny Na \u015acian\u0119 do Salonu.\",\"isPartOf\":{\"@id\":\"https:\/\/peakart.co.uk\/de\/#website\"},\"primaryImageOfPage\":{\"@id\":\"https:\/\/peakart.co.uk\/pl\/produkt\/duzy-zegar-ozdobny-na-sciane\/#primaryimage\"},\"image\":{\"@id\":\"https:\/\/peakart.co.uk\/pl\/produkt\/duzy-zegar-ozdobny-na-sciane\/#primaryimage\"},\"thumbnailUrl\":\"https:\/\/peakart.co.uk\/wp-content\/uploads\/2017\/10\/Large-Rustic-Handmade-Roman-Numeral-Wooden-Wall-Clock-Rustic-Gold-Graphite-Right-1.jpg\",\"datePublished\":\"2017-10-13T09:04:41+00:00\",\"dateModified\":\"2023-03-23T22:22:27+00:00\",\"description\":\"Ten du\u017cy zegar ozdobny na \u015bcian\u0119 ma du\u017ce cyfry rzymskie w kolorze ciemnego grafitu i z\u0142ote t\u0142o.\",\"breadcrumb\":{\"@id\":\"https:\/\/peakart.co.uk\/pl\/produkt\/duzy-zegar-ozdobny-na-sciane\/#breadcrumb\"},\"inLanguage\":\"pl-PL\",\"potentialAction\":[{\"@type\":\"ReadAction\",\"target\":[\"https:\/\/peakart.co.uk\/pl\/produkt\/duzy-zegar-ozdobny-na-sciane\/\"]}]},{\"@type\":\"ImageObject\",\"inLanguage\":\"pl-PL\",\"@id\":\"https:\/\/peakart.co.uk\/pl\/produkt\/duzy-zegar-ozdobny-na-sciane\/#primaryimage\",\"url\":\"https:\/\/peakart.co.uk\/wp-content\/uploads\/2017\/10\/Large-Rustic-Handmade-Roman-Numeral-Wooden-Wall-Clock-Rustic-Gold-Graphite-Right-1.jpg\",\"contentUrl\":\"https:\/\/peakart.co.uk\/wp-content\/uploads\/2017\/10\/Large-Rustic-Handmade-Roman-Numeral-Wooden-Wall-Clock-Rustic-Gold-Graphite-Right-1.jpg\",\"width\":2000,\"height\":2129,\"caption\":\"Large Rustic Handmade Roman Numeral Wooden Wall Clock - Rustic Gold & Graphite Right\"},{\"@type\":\"BreadcrumbList\",\"@id\":\"https:\/\/peakart.co.uk\/pl\/produkt\/duzy-zegar-ozdobny-na-sciane\/#breadcrumb\",\"itemListElement\":[{\"@type\":\"ListItem\",\"position\":1,\"name\":\"Home\",\"item\":\"https:\/\/peakart.co.uk\/pl\/\"},{\"@type\":\"ListItem\",\"position\":2,\"name\":\"Sklep\",\"item\":\"https:\/\/peakart.co.uk\/pl\/sklep\/\"},{\"@type\":\"ListItem\",\"position\":3,\"name\":\"Du\u017cy Zegar Ozdobny na \u015acian\u0119 do Salonu\"}]},{\"@type\":\"WebSite\",\"@id\":\"https:\/\/peakart.co.uk\/de\/#website\",\"url\":\"https:\/\/peakart.co.uk\/de\/\",\"name\":\"Peak Art\",\"description\":\"\",\"publisher\":{\"@id\":\"https:\/\/peakart.co.uk\/de\/#organization\"},\"potentialAction\":[{\"@type\":\"SearchAction\",\"target\":{\"@type\":\"EntryPoint\",\"urlTemplate\":\"https:\/\/peakart.co.uk\/de\/?s={search_term_string}\"},\"query-input\":{\"@type\":\"PropertyValueSpecification\",\"valueRequired\":true,\"valueName\":\"search_term_string\"}}],\"inLanguage\":\"pl-PL\"},{\"@type\":\"Organization\",\"@id\":\"https:\/\/peakart.co.uk\/de\/#organization\",\"name\":\"Peak Art\",\"url\":\"https:\/\/peakart.co.uk\/de\/\",\"logo\":{\"@type\":\"ImageObject\",\"inLanguage\":\"pl-PL\",\"@id\":\"https:\/\/peakart.co.uk\/de\/#\/schema\/logo\/image\/\",\"url\":\"https:\/\/peakart.co.uk\/wp-content\/uploads\/2023\/07\/logo-8.jpg\",\"contentUrl\":\"https:\/\/peakart.co.uk\/wp-content\/uploads\/2023\/07\/logo-8.jpg\",\"width\":666,\"height\":259,\"caption\":\"Peak Art\"},\"image\":{\"@id\":\"https:\/\/peakart.co.uk\/de\/#\/schema\/logo\/image\/\"},\"sameAs\":[\"https:\/\/www.facebook.com\/PeakArtClocks\/\"],\"hasMerchantReturnPolicy\":{\"@type\":\"MerchantReturnPolicy\",\"merchantReturnLink\":\"https:\/\/peakart.co.uk\/refund_returns\/\"}}]}<\/script>\n<meta property=\"og:availability\" content=\"instock\" \/>\n<meta property=\"product:availability\" content=\"instock\" \/>\n<meta property=\"product:retailer_item_id\" content=\"PEAKART-56517\" \/>\n<meta property=\"product:condition\" content=\"new\" \/>\n<!-- \/ Yoast SEO Premium plugin. -->","yoast_head_json":{"title":"Bardzo Du\u017cy Zegar Ozdobny Na \u015acian\u0119 do Salonu.","description":"Ten du\u017cy zegar ozdobny na \u015bcian\u0119 ma du\u017ce cyfry rzymskie w kolorze ciemnego grafitu i z\u0142ote t\u0142o.","robots":{"index":"index","follow":"follow","max-snippet":"max-snippet:-1","max-image-preview":"max-image-preview:large","max-video-preview":"max-video-preview:-1"},"canonical":"https:\/\/peakart.co.uk\/pl\/produkt\/duzy-zegar-ozdobny-na-sciane\/","og_locale":"pl_PL","og_type":"article","og_title":"Du\u017cy Zegar Ozdobny na \u015acian\u0119 do Salonu","og_description":"Ten du\u017cy zegar ozdobny na \u015bcian\u0119 ma du\u017ce cyfry rzymskie w kolorze ciemnego grafitu i z\u0142ote t\u0142o.","og_url":"https:\/\/peakart.co.uk\/pl\/produkt\/duzy-zegar-ozdobny-na-sciane\/","og_site_name":"Peak Art","article_publisher":"https:\/\/www.facebook.com\/PeakArtClocks\/","article_modified_time":"2023-03-23T22:22:27+00:00","og_image":[{"width":2000,"height":2129,"url":"https:\/\/peakart.co.uk\/wp-content\/uploads\/2017\/10\/Large-Rustic-Handmade-Roman-Numeral-Wooden-Wall-Clock-Rustic-Gold-Graphite-Right-1.jpg","type":"image\/jpeg"}],"twitter_card":"summary_large_image","twitter_misc":{"Dost\u0119pno\u015b\u0107":"Dost\u0119pny"},"schema":{"@context":"https:\/\/schema.org","@graph":[{"@type":"WebPage","@id":"https:\/\/peakart.co.uk\/pl\/produkt\/duzy-zegar-ozdobny-na-sciane\/","url":"https:\/\/peakart.co.uk\/pl\/produkt\/duzy-zegar-ozdobny-na-sciane\/","name":"Bardzo Du\u017cy Zegar Ozdobny Na \u015acian\u0119 do Salonu.","isPartOf":{"@id":"https:\/\/peakart.co.uk\/de\/#website"},"primaryImageOfPage":{"@id":"https:\/\/peakart.co.uk\/pl\/produkt\/duzy-zegar-ozdobny-na-sciane\/#primaryimage"},"image":{"@id":"https:\/\/peakart.co.uk\/pl\/produkt\/duzy-zegar-ozdobny-na-sciane\/#primaryimage"},"thumbnailUrl":"https:\/\/peakart.co.uk\/wp-content\/uploads\/2017\/10\/Large-Rustic-Handmade-Roman-Numeral-Wooden-Wall-Clock-Rustic-Gold-Graphite-Right-1.jpg","datePublished":"2017-10-13T09:04:41+00:00","dateModified":"2023-03-23T22:22:27+00:00","description":"Ten du\u017cy zegar ozdobny na \u015bcian\u0119 ma du\u017ce cyfry rzymskie w kolorze ciemnego grafitu i z\u0142ote t\u0142o.","breadcrumb":{"@id":"https:\/\/peakart.co.uk\/pl\/produkt\/duzy-zegar-ozdobny-na-sciane\/#breadcrumb"},"inLanguage":"pl-PL","potentialAction":[{"@type":"ReadAction","target":["https:\/\/peakart.co.uk\/pl\/produkt\/duzy-zegar-ozdobny-na-sciane\/"]}]},{"@type":"ImageObject","inLanguage":"pl-PL","@id":"https:\/\/peakart.co.uk\/pl\/produkt\/duzy-zegar-ozdobny-na-sciane\/#primaryimage","url":"https:\/\/peakart.co.uk\/wp-content\/uploads\/2017\/10\/Large-Rustic-Handmade-Roman-Numeral-Wooden-Wall-Clock-Rustic-Gold-Graphite-Right-1.jpg","contentUrl":"https:\/\/peakart.co.uk\/wp-content\/uploads\/2017\/10\/Large-Rustic-Handmade-Roman-Numeral-Wooden-Wall-Clock-Rustic-Gold-Graphite-Right-1.jpg","width":2000,"height":2129,"caption":"Large Rustic Handmade Roman Numeral Wooden Wall Clock - Rustic Gold & Graphite Right"},{"@type":"BreadcrumbList","@id":"https:\/\/peakart.co.uk\/pl\/produkt\/duzy-zegar-ozdobny-na-sciane\/#breadcrumb","itemListElement":[{"@type":"ListItem","position":1,"name":"Home","item":"https:\/\/peakart.co.uk\/pl\/"},{"@type":"ListItem","position":2,"name":"Sklep","item":"https:\/\/peakart.co.uk\/pl\/sklep\/"},{"@type":"ListItem","position":3,"name":"Du\u017cy Zegar Ozdobny na \u015acian\u0119 do Salonu"}]},{"@type":"WebSite","@id":"https:\/\/peakart.co.uk\/de\/#website","url":"https:\/\/peakart.co.uk\/de\/","name":"Peak Art","description":"","publisher":{"@id":"https:\/\/peakart.co.uk\/de\/#organization"},"potentialAction":[{"@type":"SearchAction","target":{"@type":"EntryPoint","urlTemplate":"https:\/\/peakart.co.uk\/de\/?s={search_term_string}"},"query-input":{"@type":"PropertyValueSpecification","valueRequired":true,"valueName":"search_term_string"}}],"inLanguage":"pl-PL"},{"@type":"Organization","@id":"https:\/\/peakart.co.uk\/de\/#organization","name":"Peak Art","url":"https:\/\/peakart.co.uk\/de\/","logo":{"@type":"ImageObject","inLanguage":"pl-PL","@id":"https:\/\/peakart.co.uk\/de\/#\/schema\/logo\/image\/","url":"https:\/\/peakart.co.uk\/wp-content\/uploads\/2023\/07\/logo-8.jpg","contentUrl":"https:\/\/peakart.co.uk\/wp-content\/uploads\/2023\/07\/logo-8.jpg","width":666,"height":259,"caption":"Peak Art"},"image":{"@id":"https:\/\/peakart.co.uk\/de\/#\/schema\/logo\/image\/"},"sameAs":["https:\/\/www.facebook.com\/PeakArtClocks\/"],"hasMerchantReturnPolicy":{"@type":"MerchantReturnPolicy","merchantReturnLink":"https:\/\/peakart.co.uk\/refund_returns\/"}}]},"og_availability":"instock","product_availability":"instock","product_retailer_item_id":"PEAKART-56517","product_condition":"new"},"_links":{"self":[{"href":"https:\/\/peakart.co.uk\/pl\/wp-json\/wp\/v2\/product\/6796","targetHints":{"allow":["GET"]}}],"collection":[{"href":"https:\/\/peakart.co.uk\/pl\/wp-json\/wp\/v2\/product"}],"about":[{"href":"https:\/\/peakart.co.uk\/pl\/wp-json\/wp\/v2\/types\/product"}],"replies":[{"embeddable":true,"href":"https:\/\/peakart.co.uk\/pl\/wp-json\/wp\/v2\/comments?post=6796"}],"wp:featuredmedia":[{"embeddable":true,"href":"https:\/\/peakart.co.uk\/pl\/wp-json\/wp\/v2\/media\/32684"}],"wp:attachment":[{"href":"https:\/\/peakart.co.uk\/pl\/wp-json\/wp\/v2\/media?parent=6796"}],"wp:term":[{"taxonomy":"product_brand","embeddable":true,"href":"https:\/\/peakart.co.uk\/pl\/wp-json\/wp\/v2\/product_brand?post=6796"},{"taxonomy":"product_cat","embeddable":true,"href":"https:\/\/peakart.co.uk\/pl\/wp-json\/wp\/v2\/product_cat?post=6796"},{"taxonomy":"product_tag","embeddable":true,"href":"https:\/\/peakart.co.uk\/pl\/wp-json\/wp\/v2\/product_tag?post=6796"}],"curies":[{"name":"wp","href":"https:\/\/api.w.org\/{rel}","templated":true}]}}