{"id":6591,"date":"2017-10-06T18:24:02","date_gmt":"2017-10-06T17:24:05","guid":{"rendered":"http:\/\/peakart.co.uk\/?post_type=product&#038;p=6591"},"modified":"2023-03-23T22:27:26","modified_gmt":"2023-03-23T22:27:26","slug":"luksusowy-zegar-scienny-szkieletowy","status":"publish","type":"product","link":"https:\/\/peakart.co.uk\/pl\/produkt\/luksusowy-zegar-scienny-szkieletowy\/","title":{"rendered":"Luksusowy Zegar \u015acienny Szkieletowy"},"content":{"rendered":"<h2>Bardzo du\u017cy luksusowy zegar \u015bcienny szkieletowy z cyframi rzymskimi<\/h2>\n<p><a href=\"https:\/\/peakart.co.uk\/pl\/tag-produktu\/duze-zegary-rzymskie-szkieletowe\/\">Du\u017ce zegary rzymskie szkieletowe<\/a> firmy Peak Art zosta\u0142y pi\u0119knie zaprojektowane i wzbudz\u0105 podziw nawet najbardziej wymagaj\u0105cych klient\u00f3w. Zegar \u201eDeluxe Graphite\u201d ma bardzo tajemniczy, m\u0119ski charakter i przyci\u0105gnie uwag\u0119 go\u015bci. Na ciemnografitow\u0105 tarcz\u0119 na\u0142o\u017cono wiele kontrastuj\u0105cych akcent\u00f3w \u2013 pomara\u0144czowych, z\u0142otych i czerwonych, co daje wra\u017cenie tl\u0105cego si\u0119 w\u0119gla. Dzi\u0119ki szkieletowej konstrukcji ten niesamowity, r\u0119cznie wykonany luksusowy zegar \u015bcienny uzyskuje lekki, tr\u00f3jwymiarowy wygl\u0105d. Kolory dobrano starannie z my\u015bl\u0105 o wywo\u0142aniu zachwytu u obserwator\u00f3w i o tym, by model \u201eDeluxe Graphite\u201d mo\u017cna by\u0142o wkomponowa\u0107 w r\u00f3\u017cne wn\u0119trza. Kto szuka wyr\u00f3\u017cniaj\u0105cego si\u0119, luksusowego dzie\u0142a sztuki, kt\u00f3re pozwoli wyrazi\u0107 indywidualny charakter i ozdobi du\u017c\u0105, pust\u0105 \u015bcian\u0119, z pewno\u015bci\u0105 b\u0119dzie zadowolony z wyboru jednego z naszych zegar\u00f3w \u015bciennych na zam\u00f3wienie.<\/p>\n<p>Dlaczego tak wa\u017cne jest, by my\u015ble\u0107 nieszablonowo i udekorowa\u0107 swoj\u0105 przestrze\u0144 \u017cyciow\u0105 samodzielnie, wyj\u0105tkowo, prze\u0142amuj\u0105c obowi\u0105zuj\u0105ce dotychczas schematy? Moim zdaniem wielu z nas naprawd\u0119 ceni sobie mo\u017cliwo\u015b\u0107 wyra\u017cenia siebie zamiast ci\u0105g\u0142ego kopiowania cudzego stylu. Taka refleksja \u2013 i pragnienie wymy\u015blania, tworzenia i oferowania najpi\u0119kniejszych, najbardziej niezwyk\u0142ych i zadziwiaj\u0105cych zegar\u00f3w \u015bciennych na \u015bwiecie \u2013 przy\u015bwieca\u0142a za\u0142o\u017ceniu firmy Peak Art. Wszystkie produkty tej marki wykonano z drewna, pomalowano r\u0119cznie i wyko\u0144czono z najwy\u017csz\u0105 staranno\u015bci\u0105. Wi\u0119kszo\u015b\u0107 modeli jest teraz dost\u0119pna w trzech r\u00f3\u017cnych rozmiarach, aby lepiej spe\u0142nia\u0107 indywidualne wymogi klient\u00f3w dysponuj\u0105cych przestrzeni\u0105 o r\u00f3\u017cnej wielko\u015bci.<\/p>\n","protected":false},"excerpt":{"rendered":"<p>Zdumiewaj\u0105cy, luksusowy zegar \u015bcienny o konstrukcji szkieletowej, kt\u00f3ry ozdobi Tw\u00f3j salon, kuchni\u0119, hotel czy restauracj\u0119. Kolory dobrano tak, by pasowa\u0142y zar\u00f3wno do do najbardziej wyszukanych, jak i prostych wystroj\u00f3w wn\u0119trz. Ten produkt nie ma \u017cadnych metalowych element\u00f3w, ale b\u0119dzie dobrze wygl\u0105da\u0107 tak\u017ce w przestrzeni industrialnej.<\/p>\n<p><strong>Projekt i r\u0119czne wykonanie<\/strong> \u2013 Anna Siodelska, Wielka Brytania<\/p>\n<p><strong>Kolor tarczy<\/strong> \u2013 luksusowy grafit<\/p>\n<p><strong>Kolor t\u0142a<\/strong> \u2013 przezroczysty \/ \u015bciana<\/p>\n<p><strong>Note &#8211; <\/strong>Cyfry zegara o \u015brednicy 30\u201d (75 cm) maj\u0105 nieco odmienny kszta\u0142t cyfr, aby nie by\u0142y zbyt w\u0105skie. Przyk\u0142adowe zdj\u0119cie zmodyfikowanego projektu mo\u017cna zobaczy\u0107 <a href=\"https:\/\/peakart.co.uk\/wp-content\/uploads\/2017\/09\/Unique-Large-Rustic-Grey-Wooden-Wall-Clock-Left.jpg\">tutaj<\/a><\/p>\n","protected":false},"featured_media":32274,"comment_status":"closed","ping_status":"closed","template":"","meta":[],"product_brand":[],"product_cat":[56],"product_tag":[50,65,70,68,2671,53,76],"class_list":{"0":"post-6591","1":"product","2":"type-product","3":"status-publish","4":"has-post-thumbnail","6":"product_cat-duze-zegary-scienne","7":"product_tag-artystyczne-zegary-scienne","8":"product_tag-duze-zegary-dekoracyjne-na-sciane","9":"product_tag-duze-zegary-rzymskie-szkieletowe","10":"product_tag-drewniane-zegary-scienne-z-cyframi-rzymskimi","11":"product_tag-nietypowe-duze-zegary-scienne","12":"product_tag-zegary-drewniane-szkieletowe","13":"product_tag-zegary-scienne-shabby-chic","14":"product_shipping_class-oversized-clocks-pl","16":"first","17":"instock","18":"sale","19":"taxable","20":"shipping-taxable","21":"purchasable","22":"product-type-variable"},"yoast_head":"<!-- This site is optimized with the Yoast SEO Premium plugin v27.2 (Yoast SEO v27.2) - https:\/\/yoast.com\/product\/yoast-seo-premium-wordpress\/ -->\n<title>Luksusowy Zegar \u015acienny Szkieletowy z Cyframi Rzymskimi<\/title>\n<meta name=\"description\" content=\"Zdumiewaj\u0105ca, r\u0119cznie wykonana ozdoba \u015bciany do kuchni, hallu czy salonu. Te niezwyk\u0142e zegary b\u0119d\u0105 tak\u017ce pasowa\u0107 do luksusowego apartamentu czy biura.\" \/>\n<meta name=\"robots\" content=\"index, follow, max-snippet:-1, max-image-preview:large, max-video-preview:-1\" \/>\n<link rel=\"canonical\" href=\"https:\/\/peakart.co.uk\/pl\/produkt\/luksusowy-zegar-scienny-szkieletowy\/\" \/>\n<meta property=\"og:locale\" content=\"pl_PL\" \/>\n<meta property=\"og:type\" content=\"article\" \/>\n<meta property=\"og:title\" content=\"Luksusowy Zegar \u015acienny Szkieletowy\" \/>\n<meta property=\"og:description\" content=\"Zdumiewaj\u0105ca, r\u0119cznie wykonana ozdoba \u015bciany do kuchni, hallu czy salonu. Te niezwyk\u0142e zegary b\u0119d\u0105 tak\u017ce pasowa\u0107 do luksusowego apartamentu czy biura.\" \/>\n<meta property=\"og:url\" content=\"https:\/\/peakart.co.uk\/pl\/produkt\/luksusowy-zegar-scienny-szkieletowy\/\" \/>\n<meta property=\"og:site_name\" content=\"Peak Art\" \/>\n<meta property=\"article:publisher\" content=\"https:\/\/www.facebook.com\/PeakArtClocks\/\" \/>\n<meta property=\"article:modified_time\" content=\"2023-03-23T22:27:26+00:00\" \/>\n<meta property=\"og:image\" content=\"https:\/\/peakart.co.uk\/wp-content\/uploads\/2017\/10\/Luxurious-Roman-Numeral-Skeleton-Wooden-Wall-Clock-Lush-Graphite-Interiors-700x454-1.jpg\" \/>\n\t<meta property=\"og:image:width\" content=\"700\" \/>\n\t<meta property=\"og:image:height\" content=\"454\" \/>\n\t<meta property=\"og:image:type\" content=\"image\/jpeg\" \/>\n<meta name=\"twitter:card\" content=\"summary_large_image\" \/>\n<meta name=\"twitter:label1\" content=\"Dost\u0119pno\u015b\u0107\" \/>\n\t<meta name=\"twitter:data1\" content=\"Dost\u0119pny\" \/>\n<script type=\"application\/ld+json\" class=\"yoast-schema-graph\">{\"@context\":\"https:\/\/schema.org\",\"@graph\":[{\"@type\":\"WebPage\",\"@id\":\"https:\/\/peakart.co.uk\/pl\/produkt\/luksusowy-zegar-scienny-szkieletowy\/\",\"url\":\"https:\/\/peakart.co.uk\/pl\/produkt\/luksusowy-zegar-scienny-szkieletowy\/\",\"name\":\"Luksusowy Zegar \u015acienny Szkieletowy z Cyframi Rzymskimi\",\"isPartOf\":{\"@id\":\"https:\/\/peakart.co.uk\/de\/#website\"},\"primaryImageOfPage\":{\"@id\":\"https:\/\/peakart.co.uk\/pl\/produkt\/luksusowy-zegar-scienny-szkieletowy\/#primaryimage\"},\"image\":{\"@id\":\"https:\/\/peakart.co.uk\/pl\/produkt\/luksusowy-zegar-scienny-szkieletowy\/#primaryimage\"},\"thumbnailUrl\":\"https:\/\/peakart.co.uk\/wp-content\/uploads\/2017\/10\/Luxurious-Roman-Numeral-Skeleton-Wooden-Wall-Clock-Lush-Graphite-Interiors-700x454-1.jpg\",\"datePublished\":\"2017-10-06T17:24:05+00:00\",\"dateModified\":\"2023-03-23T22:27:26+00:00\",\"description\":\"Zdumiewaj\u0105ca, r\u0119cznie wykonana ozdoba \u015bciany do kuchni, hallu czy salonu. Te niezwyk\u0142e zegary b\u0119d\u0105 tak\u017ce pasowa\u0107 do luksusowego apartamentu czy biura.\",\"breadcrumb\":{\"@id\":\"https:\/\/peakart.co.uk\/pl\/produkt\/luksusowy-zegar-scienny-szkieletowy\/#breadcrumb\"},\"inLanguage\":\"pl-PL\",\"potentialAction\":[{\"@type\":\"ReadAction\",\"target\":[\"https:\/\/peakart.co.uk\/pl\/produkt\/luksusowy-zegar-scienny-szkieletowy\/\"]}]},{\"@type\":\"ImageObject\",\"inLanguage\":\"pl-PL\",\"@id\":\"https:\/\/peakart.co.uk\/pl\/produkt\/luksusowy-zegar-scienny-szkieletowy\/#primaryimage\",\"url\":\"https:\/\/peakart.co.uk\/wp-content\/uploads\/2017\/10\/Luxurious-Roman-Numeral-Skeleton-Wooden-Wall-Clock-Lush-Graphite-Interiors-700x454-1.jpg\",\"contentUrl\":\"https:\/\/peakart.co.uk\/wp-content\/uploads\/2017\/10\/Luxurious-Roman-Numeral-Skeleton-Wooden-Wall-Clock-Lush-Graphite-Interiors-700x454-1.jpg\",\"width\":700,\"height\":454},{\"@type\":\"BreadcrumbList\",\"@id\":\"https:\/\/peakart.co.uk\/pl\/produkt\/luksusowy-zegar-scienny-szkieletowy\/#breadcrumb\",\"itemListElement\":[{\"@type\":\"ListItem\",\"position\":1,\"name\":\"Home\",\"item\":\"https:\/\/peakart.co.uk\/pl\/\"},{\"@type\":\"ListItem\",\"position\":2,\"name\":\"Sklep\",\"item\":\"https:\/\/peakart.co.uk\/pl\/sklep\/\"},{\"@type\":\"ListItem\",\"position\":3,\"name\":\"Luksusowy Zegar \u015acienny Szkieletowy\"}]},{\"@type\":\"WebSite\",\"@id\":\"https:\/\/peakart.co.uk\/de\/#website\",\"url\":\"https:\/\/peakart.co.uk\/de\/\",\"name\":\"Peak Art\",\"description\":\"\",\"publisher\":{\"@id\":\"https:\/\/peakart.co.uk\/de\/#organization\"},\"potentialAction\":[{\"@type\":\"SearchAction\",\"target\":{\"@type\":\"EntryPoint\",\"urlTemplate\":\"https:\/\/peakart.co.uk\/de\/?s={search_term_string}\"},\"query-input\":{\"@type\":\"PropertyValueSpecification\",\"valueRequired\":true,\"valueName\":\"search_term_string\"}}],\"inLanguage\":\"pl-PL\"},{\"@type\":\"Organization\",\"@id\":\"https:\/\/peakart.co.uk\/de\/#organization\",\"name\":\"Peak Art\",\"url\":\"https:\/\/peakart.co.uk\/de\/\",\"logo\":{\"@type\":\"ImageObject\",\"inLanguage\":\"pl-PL\",\"@id\":\"https:\/\/peakart.co.uk\/de\/#\/schema\/logo\/image\/\",\"url\":\"https:\/\/peakart.co.uk\/wp-content\/uploads\/2023\/07\/logo-8.jpg\",\"contentUrl\":\"https:\/\/peakart.co.uk\/wp-content\/uploads\/2023\/07\/logo-8.jpg\",\"width\":666,\"height\":259,\"caption\":\"Peak Art\"},\"image\":{\"@id\":\"https:\/\/peakart.co.uk\/de\/#\/schema\/logo\/image\/\"},\"sameAs\":[\"https:\/\/www.facebook.com\/PeakArtClocks\/\"],\"hasMerchantReturnPolicy\":{\"@type\":\"MerchantReturnPolicy\",\"merchantReturnLink\":\"https:\/\/peakart.co.uk\/refund_returns\/\"}}]}<\/script>\n<meta property=\"og:availability\" content=\"instock\" \/>\n<meta property=\"product:availability\" content=\"instock\" \/>\n<meta property=\"product:retailer_item_id\" content=\"PEAKART-32463\" \/>\n<meta property=\"product:condition\" content=\"new\" \/>\n<!-- \/ Yoast SEO Premium plugin. -->","yoast_head_json":{"title":"Luksusowy Zegar \u015acienny Szkieletowy z Cyframi Rzymskimi","description":"Zdumiewaj\u0105ca, r\u0119cznie wykonana ozdoba \u015bciany do kuchni, hallu czy salonu. Te niezwyk\u0142e zegary b\u0119d\u0105 tak\u017ce pasowa\u0107 do luksusowego apartamentu czy biura.","robots":{"index":"index","follow":"follow","max-snippet":"max-snippet:-1","max-image-preview":"max-image-preview:large","max-video-preview":"max-video-preview:-1"},"canonical":"https:\/\/peakart.co.uk\/pl\/produkt\/luksusowy-zegar-scienny-szkieletowy\/","og_locale":"pl_PL","og_type":"article","og_title":"Luksusowy Zegar \u015acienny Szkieletowy","og_description":"Zdumiewaj\u0105ca, r\u0119cznie wykonana ozdoba \u015bciany do kuchni, hallu czy salonu. Te niezwyk\u0142e zegary b\u0119d\u0105 tak\u017ce pasowa\u0107 do luksusowego apartamentu czy biura.","og_url":"https:\/\/peakart.co.uk\/pl\/produkt\/luksusowy-zegar-scienny-szkieletowy\/","og_site_name":"Peak Art","article_publisher":"https:\/\/www.facebook.com\/PeakArtClocks\/","article_modified_time":"2023-03-23T22:27:26+00:00","og_image":[{"width":700,"height":454,"url":"https:\/\/peakart.co.uk\/wp-content\/uploads\/2017\/10\/Luxurious-Roman-Numeral-Skeleton-Wooden-Wall-Clock-Lush-Graphite-Interiors-700x454-1.jpg","type":"image\/jpeg"}],"twitter_card":"summary_large_image","twitter_misc":{"Dost\u0119pno\u015b\u0107":"Dost\u0119pny"},"schema":{"@context":"https:\/\/schema.org","@graph":[{"@type":"WebPage","@id":"https:\/\/peakart.co.uk\/pl\/produkt\/luksusowy-zegar-scienny-szkieletowy\/","url":"https:\/\/peakart.co.uk\/pl\/produkt\/luksusowy-zegar-scienny-szkieletowy\/","name":"Luksusowy Zegar \u015acienny Szkieletowy z Cyframi Rzymskimi","isPartOf":{"@id":"https:\/\/peakart.co.uk\/de\/#website"},"primaryImageOfPage":{"@id":"https:\/\/peakart.co.uk\/pl\/produkt\/luksusowy-zegar-scienny-szkieletowy\/#primaryimage"},"image":{"@id":"https:\/\/peakart.co.uk\/pl\/produkt\/luksusowy-zegar-scienny-szkieletowy\/#primaryimage"},"thumbnailUrl":"https:\/\/peakart.co.uk\/wp-content\/uploads\/2017\/10\/Luxurious-Roman-Numeral-Skeleton-Wooden-Wall-Clock-Lush-Graphite-Interiors-700x454-1.jpg","datePublished":"2017-10-06T17:24:05+00:00","dateModified":"2023-03-23T22:27:26+00:00","description":"Zdumiewaj\u0105ca, r\u0119cznie wykonana ozdoba \u015bciany do kuchni, hallu czy salonu. Te niezwyk\u0142e zegary b\u0119d\u0105 tak\u017ce pasowa\u0107 do luksusowego apartamentu czy biura.","breadcrumb":{"@id":"https:\/\/peakart.co.uk\/pl\/produkt\/luksusowy-zegar-scienny-szkieletowy\/#breadcrumb"},"inLanguage":"pl-PL","potentialAction":[{"@type":"ReadAction","target":["https:\/\/peakart.co.uk\/pl\/produkt\/luksusowy-zegar-scienny-szkieletowy\/"]}]},{"@type":"ImageObject","inLanguage":"pl-PL","@id":"https:\/\/peakart.co.uk\/pl\/produkt\/luksusowy-zegar-scienny-szkieletowy\/#primaryimage","url":"https:\/\/peakart.co.uk\/wp-content\/uploads\/2017\/10\/Luxurious-Roman-Numeral-Skeleton-Wooden-Wall-Clock-Lush-Graphite-Interiors-700x454-1.jpg","contentUrl":"https:\/\/peakart.co.uk\/wp-content\/uploads\/2017\/10\/Luxurious-Roman-Numeral-Skeleton-Wooden-Wall-Clock-Lush-Graphite-Interiors-700x454-1.jpg","width":700,"height":454},{"@type":"BreadcrumbList","@id":"https:\/\/peakart.co.uk\/pl\/produkt\/luksusowy-zegar-scienny-szkieletowy\/#breadcrumb","itemListElement":[{"@type":"ListItem","position":1,"name":"Home","item":"https:\/\/peakart.co.uk\/pl\/"},{"@type":"ListItem","position":2,"name":"Sklep","item":"https:\/\/peakart.co.uk\/pl\/sklep\/"},{"@type":"ListItem","position":3,"name":"Luksusowy Zegar \u015acienny Szkieletowy"}]},{"@type":"WebSite","@id":"https:\/\/peakart.co.uk\/de\/#website","url":"https:\/\/peakart.co.uk\/de\/","name":"Peak Art","description":"","publisher":{"@id":"https:\/\/peakart.co.uk\/de\/#organization"},"potentialAction":[{"@type":"SearchAction","target":{"@type":"EntryPoint","urlTemplate":"https:\/\/peakart.co.uk\/de\/?s={search_term_string}"},"query-input":{"@type":"PropertyValueSpecification","valueRequired":true,"valueName":"search_term_string"}}],"inLanguage":"pl-PL"},{"@type":"Organization","@id":"https:\/\/peakart.co.uk\/de\/#organization","name":"Peak Art","url":"https:\/\/peakart.co.uk\/de\/","logo":{"@type":"ImageObject","inLanguage":"pl-PL","@id":"https:\/\/peakart.co.uk\/de\/#\/schema\/logo\/image\/","url":"https:\/\/peakart.co.uk\/wp-content\/uploads\/2023\/07\/logo-8.jpg","contentUrl":"https:\/\/peakart.co.uk\/wp-content\/uploads\/2023\/07\/logo-8.jpg","width":666,"height":259,"caption":"Peak Art"},"image":{"@id":"https:\/\/peakart.co.uk\/de\/#\/schema\/logo\/image\/"},"sameAs":["https:\/\/www.facebook.com\/PeakArtClocks\/"],"hasMerchantReturnPolicy":{"@type":"MerchantReturnPolicy","merchantReturnLink":"https:\/\/peakart.co.uk\/refund_returns\/"}}]},"og_availability":"instock","product_availability":"instock","product_retailer_item_id":"PEAKART-32463","product_condition":"new"},"_links":{"self":[{"href":"https:\/\/peakart.co.uk\/pl\/wp-json\/wp\/v2\/product\/6591","targetHints":{"allow":["GET"]}}],"collection":[{"href":"https:\/\/peakart.co.uk\/pl\/wp-json\/wp\/v2\/product"}],"about":[{"href":"https:\/\/peakart.co.uk\/pl\/wp-json\/wp\/v2\/types\/product"}],"replies":[{"embeddable":true,"href":"https:\/\/peakart.co.uk\/pl\/wp-json\/wp\/v2\/comments?post=6591"}],"wp:featuredmedia":[{"embeddable":true,"href":"https:\/\/peakart.co.uk\/pl\/wp-json\/wp\/v2\/media\/32274"}],"wp:attachment":[{"href":"https:\/\/peakart.co.uk\/pl\/wp-json\/wp\/v2\/media?parent=6591"}],"wp:term":[{"taxonomy":"product_brand","embeddable":true,"href":"https:\/\/peakart.co.uk\/pl\/wp-json\/wp\/v2\/product_brand?post=6591"},{"taxonomy":"product_cat","embeddable":true,"href":"https:\/\/peakart.co.uk\/pl\/wp-json\/wp\/v2\/product_cat?post=6591"},{"taxonomy":"product_tag","embeddable":true,"href":"https:\/\/peakart.co.uk\/pl\/wp-json\/wp\/v2\/product_tag?post=6591"}],"curies":[{"name":"wp","href":"https:\/\/api.w.org\/{rel}","templated":true}]}}