{"id":5871,"date":"2017-09-12T07:26:33","date_gmt":"2017-09-12T06:26:35","guid":{"rendered":"http:\/\/peakart.co.uk\/?post_type=product&#038;p=5871\/"},"modified":"2023-03-24T17:03:25","modified_gmt":"2023-03-24T17:03:25","slug":"unikalny-zegar-shabby-chic","status":"publish","type":"product","link":"https:\/\/peakart.co.uk\/pl\/produkt\/unikalny-zegar-shabby-chic\/","title":{"rendered":"Unikalny Zegar Shabby Chic do Salonu"},"content":{"rendered":"<h2>Wielki unikalny zegar shabby chic do salonu<\/h2>\n<p>Je\u015bli szukasz niepowtarzalno\u015bci i charakteru, aby wype\u0142ni\u0107 t\u0119 du\u017c\u0105 pust\u0105 przestrze\u0144 na \u015bcianie, mo\u017ce \u00a0ten intryguj\u0105cy i unikalny zegar shabby chic\u00a0przypadnie Ci do gustu? Jest on w ca\u0142o\u015bci r\u0119cznie wyci\u0119ty z drewna i r\u0119cznie malowany, dzi\u0119ki czemu nie jest mo\u017cliwe by dwa tego typu zegary by\u0142y identyczne. Jest to pi\u0119kne i kosztowne dzie\u0142o sztuki u\u017cytkowej, kt\u00f3re nada niesamowitego lub wr\u0119cz ba\u015bniowego klimatu pomieszczeniom z dekoracj\u0105 stylu Shabby Chic.<\/p>\n<p>Mechanizm tego Zegara jest zasilany pojedyncz\u0105 bateri\u0105 \u00a0C Cell, kt\u00f3ra z powodzeniem wystarczy na wiele miesi\u0119cy pracy. Cho\u0107 oryginalny projekt zosta\u0142 wykonany w rozmiarze 100 cm, istnieje mo\u017cliwo\u015b\u0107 zam\u00f3wienia zegara o tym samym charakterze lecz \u015brednicy 75 lub 120 cm.<\/p>\n","protected":false},"excerpt":{"rendered":"<p>Bardzo du\u017cy i unikalny bia\u0142y zegar w stylu shabby chic\u00a0do dekoracji salonu. Pi\u0119kne, r\u0119cznie wykrojone cyfry rzymskie na r\u0119cznie malowanym tle nadaj\u0105 niesamowity charakter. Mo\u017ce \u015bwietnie pasowa\u0107 do bardziej wyrafinowanych wn\u0119trz w stylu Shabby Chic.<\/p>\n<p><b>Projekt i R\u0119czne Wykonanie<\/b>\u00a0&#8211;\u00a0Anna Siodelska<\/p>\n<p><strong>Front<\/strong> \u2013 Bia\u0142y Shabby Chic<\/p>\n<p><strong>T\u0142o<\/strong> \u2013 Bia\u0142y Shabby Chic<\/p>\n<p>&nbsp;<\/p>\n","protected":false},"featured_media":32370,"comment_status":"closed","ping_status":"closed","template":"","meta":[],"product_brand":[],"product_cat":[56],"product_tag":[50,65,68,76],"class_list":{"0":"post-5871","1":"product","2":"type-product","3":"status-publish","4":"has-post-thumbnail","6":"product_cat-duze-zegary-scienne","7":"product_tag-artystyczne-zegary-scienne","8":"product_tag-duze-zegary-dekoracyjne-na-sciane","9":"product_tag-drewniane-zegary-scienne-z-cyframi-rzymskimi","10":"product_tag-zegary-scienne-shabby-chic","11":"product_shipping_class-oversized-clocks-pl","13":"first","14":"instock","15":"sale","16":"taxable","17":"shipping-taxable","18":"purchasable","19":"product-type-variable"},"yoast_head":"<!-- This site is optimized with the Yoast SEO Premium plugin v27.2 (Yoast SEO v27.2) - https:\/\/yoast.com\/product\/yoast-seo-premium-wordpress\/ -->\n<title>Wielki Bia\u0142y Zegar W Stylu Shabby Chic z Cyframi Rzymskimi<\/title>\n<meta name=\"description\" content=\"Wielki R\u0119cznie Wykonany Unikalny Zegar Shabby Chic. Idealny do Stylowych Wn\u0119trz.\" \/>\n<meta name=\"robots\" content=\"index, follow, max-snippet:-1, max-image-preview:large, max-video-preview:-1\" \/>\n<link rel=\"canonical\" href=\"https:\/\/peakart.co.uk\/pl\/produkt\/unikalny-zegar-shabby-chic\/\" \/>\n<meta property=\"og:locale\" content=\"pl_PL\" \/>\n<meta property=\"og:type\" content=\"article\" \/>\n<meta property=\"og:title\" content=\"Unikalny Zegar Shabby Chic do Salonu\" \/>\n<meta property=\"og:description\" content=\"Wielki R\u0119cznie Wykonany Unikalny Zegar Shabby Chic. Idealny do Stylowych Wn\u0119trz.\" \/>\n<meta property=\"og:url\" content=\"https:\/\/peakart.co.uk\/pl\/produkt\/unikalny-zegar-shabby-chic\/\" \/>\n<meta property=\"og:site_name\" content=\"Peak Art\" \/>\n<meta property=\"article:publisher\" content=\"https:\/\/www.facebook.com\/PeakArtClocks\/\" \/>\n<meta property=\"article:modified_time\" content=\"2023-03-24T17:03:25+00:00\" \/>\n<meta property=\"og:image\" content=\"https:\/\/peakart.co.uk\/wp-content\/uploads\/2017\/09\/IMG_3122-scaled-e1714765830715.jpg\" \/>\n\t<meta property=\"og:image:width\" content=\"2560\" \/>\n\t<meta property=\"og:image:height\" content=\"1707\" \/>\n\t<meta property=\"og:image:type\" content=\"image\/jpeg\" \/>\n<meta name=\"twitter:card\" content=\"summary_large_image\" \/>\n<meta name=\"twitter:label1\" content=\"Dost\u0119pno\u015b\u0107\" \/>\n\t<meta name=\"twitter:data1\" content=\"Dost\u0119pny\" \/>\n<script type=\"application\/ld+json\" class=\"yoast-schema-graph\">{\"@context\":\"https:\/\/schema.org\",\"@graph\":[{\"@type\":\"WebPage\",\"@id\":\"https:\/\/peakart.co.uk\/pl\/produkt\/unikalny-zegar-shabby-chic\/\",\"url\":\"https:\/\/peakart.co.uk\/pl\/produkt\/unikalny-zegar-shabby-chic\/\",\"name\":\"Wielki Bia\u0142y Zegar W Stylu Shabby Chic z Cyframi Rzymskimi\",\"isPartOf\":{\"@id\":\"https:\/\/peakart.co.uk\/de\/#website\"},\"primaryImageOfPage\":{\"@id\":\"https:\/\/peakart.co.uk\/pl\/produkt\/unikalny-zegar-shabby-chic\/#primaryimage\"},\"image\":{\"@id\":\"https:\/\/peakart.co.uk\/pl\/produkt\/unikalny-zegar-shabby-chic\/#primaryimage\"},\"thumbnailUrl\":\"https:\/\/peakart.co.uk\/wp-content\/uploads\/2017\/09\/IMG_3122-scaled-e1714765830715.jpg\",\"datePublished\":\"2017-09-12T06:26:35+00:00\",\"dateModified\":\"2023-03-24T17:03:25+00:00\",\"description\":\"Wielki R\u0119cznie Wykonany Unikalny Zegar Shabby Chic. Idealny do Stylowych Wn\u0119trz.\",\"breadcrumb\":{\"@id\":\"https:\/\/peakart.co.uk\/pl\/produkt\/unikalny-zegar-shabby-chic\/#breadcrumb\"},\"inLanguage\":\"pl-PL\",\"potentialAction\":[{\"@type\":\"ReadAction\",\"target\":[\"https:\/\/peakart.co.uk\/pl\/produkt\/unikalny-zegar-shabby-chic\/\"]}]},{\"@type\":\"ImageObject\",\"inLanguage\":\"pl-PL\",\"@id\":\"https:\/\/peakart.co.uk\/pl\/produkt\/unikalny-zegar-shabby-chic\/#primaryimage\",\"url\":\"https:\/\/peakart.co.uk\/wp-content\/uploads\/2017\/09\/IMG_3122-scaled-e1714765830715.jpg\",\"contentUrl\":\"https:\/\/peakart.co.uk\/wp-content\/uploads\/2017\/09\/IMG_3122-scaled-e1714765830715.jpg\",\"width\":1390,\"height\":1531},{\"@type\":\"BreadcrumbList\",\"@id\":\"https:\/\/peakart.co.uk\/pl\/produkt\/unikalny-zegar-shabby-chic\/#breadcrumb\",\"itemListElement\":[{\"@type\":\"ListItem\",\"position\":1,\"name\":\"Home\",\"item\":\"https:\/\/peakart.co.uk\/pl\/\"},{\"@type\":\"ListItem\",\"position\":2,\"name\":\"Sklep\",\"item\":\"https:\/\/peakart.co.uk\/pl\/sklep\/\"},{\"@type\":\"ListItem\",\"position\":3,\"name\":\"Unikalny Zegar Shabby Chic do Salonu\"}]},{\"@type\":\"WebSite\",\"@id\":\"https:\/\/peakart.co.uk\/de\/#website\",\"url\":\"https:\/\/peakart.co.uk\/de\/\",\"name\":\"Peak Art\",\"description\":\"\",\"publisher\":{\"@id\":\"https:\/\/peakart.co.uk\/de\/#organization\"},\"potentialAction\":[{\"@type\":\"SearchAction\",\"target\":{\"@type\":\"EntryPoint\",\"urlTemplate\":\"https:\/\/peakart.co.uk\/de\/?s={search_term_string}\"},\"query-input\":{\"@type\":\"PropertyValueSpecification\",\"valueRequired\":true,\"valueName\":\"search_term_string\"}}],\"inLanguage\":\"pl-PL\"},{\"@type\":\"Organization\",\"@id\":\"https:\/\/peakart.co.uk\/de\/#organization\",\"name\":\"Peak Art\",\"url\":\"https:\/\/peakart.co.uk\/de\/\",\"logo\":{\"@type\":\"ImageObject\",\"inLanguage\":\"pl-PL\",\"@id\":\"https:\/\/peakart.co.uk\/de\/#\/schema\/logo\/image\/\",\"url\":\"https:\/\/peakart.co.uk\/wp-content\/uploads\/2023\/07\/logo-8.jpg\",\"contentUrl\":\"https:\/\/peakart.co.uk\/wp-content\/uploads\/2023\/07\/logo-8.jpg\",\"width\":666,\"height\":259,\"caption\":\"Peak Art\"},\"image\":{\"@id\":\"https:\/\/peakart.co.uk\/de\/#\/schema\/logo\/image\/\"},\"sameAs\":[\"https:\/\/www.facebook.com\/PeakArtClocks\/\"],\"hasMerchantReturnPolicy\":{\"@type\":\"MerchantReturnPolicy\",\"merchantReturnLink\":\"https:\/\/peakart.co.uk\/refund_returns\/\"}}]}<\/script>\n<meta property=\"og:availability\" content=\"instock\" \/>\n<meta property=\"product:availability\" content=\"instock\" \/>\n<meta property=\"product:retailer_item_id\" content=\"PEAKART-94316\" \/>\n<meta property=\"product:condition\" content=\"new\" \/>\n<!-- \/ Yoast SEO Premium plugin. -->","yoast_head_json":{"title":"Wielki Bia\u0142y Zegar W Stylu Shabby Chic z Cyframi Rzymskimi","description":"Wielki R\u0119cznie Wykonany Unikalny Zegar Shabby Chic. Idealny do Stylowych Wn\u0119trz.","robots":{"index":"index","follow":"follow","max-snippet":"max-snippet:-1","max-image-preview":"max-image-preview:large","max-video-preview":"max-video-preview:-1"},"canonical":"https:\/\/peakart.co.uk\/pl\/produkt\/unikalny-zegar-shabby-chic\/","og_locale":"pl_PL","og_type":"article","og_title":"Unikalny Zegar Shabby Chic do Salonu","og_description":"Wielki R\u0119cznie Wykonany Unikalny Zegar Shabby Chic. Idealny do Stylowych Wn\u0119trz.","og_url":"https:\/\/peakart.co.uk\/pl\/produkt\/unikalny-zegar-shabby-chic\/","og_site_name":"Peak Art","article_publisher":"https:\/\/www.facebook.com\/PeakArtClocks\/","article_modified_time":"2023-03-24T17:03:25+00:00","og_image":[{"width":2560,"height":1707,"url":"https:\/\/peakart.co.uk\/wp-content\/uploads\/2017\/09\/IMG_3122-scaled-e1714765830715.jpg","type":"image\/jpeg"}],"twitter_card":"summary_large_image","twitter_misc":{"Dost\u0119pno\u015b\u0107":"Dost\u0119pny"},"schema":{"@context":"https:\/\/schema.org","@graph":[{"@type":"WebPage","@id":"https:\/\/peakart.co.uk\/pl\/produkt\/unikalny-zegar-shabby-chic\/","url":"https:\/\/peakart.co.uk\/pl\/produkt\/unikalny-zegar-shabby-chic\/","name":"Wielki Bia\u0142y Zegar W Stylu Shabby Chic z Cyframi Rzymskimi","isPartOf":{"@id":"https:\/\/peakart.co.uk\/de\/#website"},"primaryImageOfPage":{"@id":"https:\/\/peakart.co.uk\/pl\/produkt\/unikalny-zegar-shabby-chic\/#primaryimage"},"image":{"@id":"https:\/\/peakart.co.uk\/pl\/produkt\/unikalny-zegar-shabby-chic\/#primaryimage"},"thumbnailUrl":"https:\/\/peakart.co.uk\/wp-content\/uploads\/2017\/09\/IMG_3122-scaled-e1714765830715.jpg","datePublished":"2017-09-12T06:26:35+00:00","dateModified":"2023-03-24T17:03:25+00:00","description":"Wielki R\u0119cznie Wykonany Unikalny Zegar Shabby Chic. Idealny do Stylowych Wn\u0119trz.","breadcrumb":{"@id":"https:\/\/peakart.co.uk\/pl\/produkt\/unikalny-zegar-shabby-chic\/#breadcrumb"},"inLanguage":"pl-PL","potentialAction":[{"@type":"ReadAction","target":["https:\/\/peakart.co.uk\/pl\/produkt\/unikalny-zegar-shabby-chic\/"]}]},{"@type":"ImageObject","inLanguage":"pl-PL","@id":"https:\/\/peakart.co.uk\/pl\/produkt\/unikalny-zegar-shabby-chic\/#primaryimage","url":"https:\/\/peakart.co.uk\/wp-content\/uploads\/2017\/09\/IMG_3122-scaled-e1714765830715.jpg","contentUrl":"https:\/\/peakart.co.uk\/wp-content\/uploads\/2017\/09\/IMG_3122-scaled-e1714765830715.jpg","width":1390,"height":1531},{"@type":"BreadcrumbList","@id":"https:\/\/peakart.co.uk\/pl\/produkt\/unikalny-zegar-shabby-chic\/#breadcrumb","itemListElement":[{"@type":"ListItem","position":1,"name":"Home","item":"https:\/\/peakart.co.uk\/pl\/"},{"@type":"ListItem","position":2,"name":"Sklep","item":"https:\/\/peakart.co.uk\/pl\/sklep\/"},{"@type":"ListItem","position":3,"name":"Unikalny Zegar Shabby Chic do Salonu"}]},{"@type":"WebSite","@id":"https:\/\/peakart.co.uk\/de\/#website","url":"https:\/\/peakart.co.uk\/de\/","name":"Peak Art","description":"","publisher":{"@id":"https:\/\/peakart.co.uk\/de\/#organization"},"potentialAction":[{"@type":"SearchAction","target":{"@type":"EntryPoint","urlTemplate":"https:\/\/peakart.co.uk\/de\/?s={search_term_string}"},"query-input":{"@type":"PropertyValueSpecification","valueRequired":true,"valueName":"search_term_string"}}],"inLanguage":"pl-PL"},{"@type":"Organization","@id":"https:\/\/peakart.co.uk\/de\/#organization","name":"Peak Art","url":"https:\/\/peakart.co.uk\/de\/","logo":{"@type":"ImageObject","inLanguage":"pl-PL","@id":"https:\/\/peakart.co.uk\/de\/#\/schema\/logo\/image\/","url":"https:\/\/peakart.co.uk\/wp-content\/uploads\/2023\/07\/logo-8.jpg","contentUrl":"https:\/\/peakart.co.uk\/wp-content\/uploads\/2023\/07\/logo-8.jpg","width":666,"height":259,"caption":"Peak Art"},"image":{"@id":"https:\/\/peakart.co.uk\/de\/#\/schema\/logo\/image\/"},"sameAs":["https:\/\/www.facebook.com\/PeakArtClocks\/"],"hasMerchantReturnPolicy":{"@type":"MerchantReturnPolicy","merchantReturnLink":"https:\/\/peakart.co.uk\/refund_returns\/"}}]},"og_availability":"instock","product_availability":"instock","product_retailer_item_id":"PEAKART-94316","product_condition":"new"},"_links":{"self":[{"href":"https:\/\/peakart.co.uk\/pl\/wp-json\/wp\/v2\/product\/5871","targetHints":{"allow":["GET"]}}],"collection":[{"href":"https:\/\/peakart.co.uk\/pl\/wp-json\/wp\/v2\/product"}],"about":[{"href":"https:\/\/peakart.co.uk\/pl\/wp-json\/wp\/v2\/types\/product"}],"replies":[{"embeddable":true,"href":"https:\/\/peakart.co.uk\/pl\/wp-json\/wp\/v2\/comments?post=5871"}],"wp:featuredmedia":[{"embeddable":true,"href":"https:\/\/peakart.co.uk\/pl\/wp-json\/wp\/v2\/media\/32370"}],"wp:attachment":[{"href":"https:\/\/peakart.co.uk\/pl\/wp-json\/wp\/v2\/media?parent=5871"}],"wp:term":[{"taxonomy":"product_brand","embeddable":true,"href":"https:\/\/peakart.co.uk\/pl\/wp-json\/wp\/v2\/product_brand?post=5871"},{"taxonomy":"product_cat","embeddable":true,"href":"https:\/\/peakart.co.uk\/pl\/wp-json\/wp\/v2\/product_cat?post=5871"},{"taxonomy":"product_tag","embeddable":true,"href":"https:\/\/peakart.co.uk\/pl\/wp-json\/wp\/v2\/product_tag?post=5871"}],"curies":[{"name":"wp","href":"https:\/\/api.w.org\/{rel}","templated":true}]}}