{"id":5803,"date":"2017-09-10T16:09:13","date_gmt":"2017-09-10T15:09:13","guid":{"rendered":"http:\/\/peakart.co.uk\/?post_type=product&#038;p=5803\/"},"modified":"2023-03-24T17:14:28","modified_gmt":"2023-03-24T17:14:28","slug":"bialy-zegar-szkieletowy","status":"publish","type":"product","link":"https:\/\/peakart.co.uk\/pl\/produkt\/bialy-zegar-szkieletowy\/","title":{"rendered":"Bia\u0142y Zegar Szkieletowy Wykonany z Drewna"},"content":{"rendered":"<h2>Bia\u0142y zegar szkieletowy r\u0119cznie wykonany z drewna sosnowego<\/h2>\n<p>Ten niezwykle imponuj\u0105cy bia\u0142y zegar szkieletowy ma tak wiele charakteru, \u017ce przyci\u0105ga uwag\u0119 absolutnie wszystkich wok\u00f3\u0142 niego. Jest to jeden z najbardziej charyzmatycznych zegar\u00f3w w naszym sklepie i b\u0119dzie odpowiada\u0142 ludziom o wyrafinowanym, ale drogim smaku. Wykonali\u015bmy go r\u0119cznie i r\u0119cznie pomalowali\u015bmy pokazuj\u0105c pi\u0119kne du\u017ce cyfry rzymskie. Dzi\u0119ki szkieletowej konstrukcji mo\u017cna go zamontowa\u0107 w wielu r\u00f3\u017cnych wn\u0119trzach, niezale\u017cnie od koloru \u015bciany. Wi\u0119kszo\u015b\u0107 os\u00f3b szukaj\u0105cych zegar\u00f3w szkieletowych online nie spodziewa si\u0119 zobaczy\u0107 dzie\u0142a sztuki. To, co zwykle maj\u0105 na my\u015bli, to tanie metalowe zegary pochodz\u0105ce z fabryk. Zmieniamy spos\u00f3b, w jaki ludzie patrz\u0105 na ten niszowy rynek.<\/p>\n<p>Zegary z Peak Art s\u0142u\u017c\u0105 nie tylko do pokazywania czasu. S\u0105 niezwyk\u0142ymi elementami dekoracyjnymi, kt\u00f3re dodaj\u0105 charakteru i wspania\u0142ego ducha do Twojego domu. Nie znajdziesz \u017cadnego innego <a href=\"https:\/\/peakart.co.uk\/pl\/tag-produktu\/zegary-drewniane-szkieletowe\/\">zegara szkieletowego z drewna<\/a>, kt\u00f3ry wygl\u0105da\u0142by tak niesamowicie. W rzeczywisto\u015bci prawdopodobnie nie znajdziesz \u017cadnego drewnianego zegara o tym rozmiarze pokazuj\u0105cego r\u0119cznie rze\u017abione cyfry rzymskie. Jeste\u015bmy pierwszymi na \u015bwiecie, kt\u00f3rzy wpadli na pomys\u0142 masywnego zegara z drewna, w kt\u00f3rym prz\u00f3d jest wyci\u0119ty z pojedynczego panelu.<\/p>\n<h2>Je\u017celi interesuje ci\u0119 bia\u0142y zegar szkieletowy to u nas uzyskasz najwy\u017csz\u0105 jako\u015b\u0107<\/h2>\n<p>Podobnie jak wszystkie inne zegary Peak Art, &#8220;White Rustic&#8221; potrzebuje jednej baterii C-Cell do zasilania mechanizmu. Ta bateria powinna dzia\u0142a\u0107 przez 9-12 miesi\u0119cy, wi\u0119c nie musisz si\u0119 martwi\u0107 o jej cz\u0119ste zmiany. Dostarczamy zegar z obiema wskaz\u00f3wkami od\u0142\u0105czonymi, aby unikn\u0105\u0107 uszkodze\u0144 w transporcie. Dostarczamy r\u00f3wnie\u017c pe\u0142ne instrukcje, w jaki spos\u00f3b nale\u017cy do\u0142\u0105czy\u0107 wskaz\u00f3wki i ustawi\u0107 czas. Je\u015bli chcesz dowiedzie\u0107 si\u0119 wi\u0119cej o naszych zegarach, odwied\u017a nasz blog i zobacz, jak narodzi\u0142 si\u0119 ten pomys\u0142. Do\u0142\u0105cz do tysi\u0119cy ludzi w naszej spo\u0142eczno\u015bci na <a href=\"https:\/\/www.facebook.com\/PeakArtClocks\/\">Facebooku<\/a> i dziel si\u0119 swoimi przemy\u015bleniami i komentarzami.<\/p>\n","protected":false},"excerpt":{"rendered":"<p>Ten wielki drewniany zegar szkieletowy to przepi\u0119kne r\u0119kodzie\u0142o idealnie nadaj\u0105ce si\u0119 do stylowego salonu. Niepowtarzalny charakter przyci\u0105ga uwag\u0119 i dodaje niesamowitego uroku ka\u017cdemu pomieszczeniu.<\/p>\n<p><b>Projekt i R\u0119czne Wykonanie<\/b>\u00a0&#8211;\u00a0Anna Siodelska<\/p>\n<p><strong>Front<\/strong> \u2013 Bia\u0142y \/ Rustykalny<\/p>\n<p><strong>Ty\u0142<\/strong> \u2013\u00a0Transparentny<\/p>\n<p><strong>Uwaga \u2013 <\/strong>Rozmiar 75 cm ma troche inne kszta\u0142ty cyfr aby nie by\u0142y zbyt w\u0105skie. Przyk\u0142adowe zdj\u0119cie z innego projektu znajduje si\u0119\u00a0<a href=\"https:\/\/peakart.co.uk\/wp-content\/uploads\/2017\/09\/Unique-Large-Rustic-Grey-Wooden-Wall-Clock-Left.jpg\">Tutaj<\/a><\/p>\n","protected":false},"featured_media":32595,"comment_status":"closed","ping_status":"closed","template":"","meta":[],"product_brand":[],"product_cat":[56],"product_tag":[50,65,70,68,53,76],"class_list":{"0":"post-5803","1":"product","2":"type-product","3":"status-publish","4":"has-post-thumbnail","6":"product_cat-duze-zegary-scienne","7":"product_tag-artystyczne-zegary-scienne","8":"product_tag-duze-zegary-dekoracyjne-na-sciane","9":"product_tag-duze-zegary-rzymskie-szkieletowe","10":"product_tag-drewniane-zegary-scienne-z-cyframi-rzymskimi","11":"product_tag-zegary-drewniane-szkieletowe","12":"product_tag-zegary-scienne-shabby-chic","13":"product_shipping_class-oversized-clocks-pl","15":"first","16":"instock","17":"sale","18":"taxable","19":"shipping-taxable","20":"purchasable","21":"product-type-variable"},"yoast_head":"<!-- This site is optimized with the Yoast SEO Premium plugin v27.2 (Yoast SEO v27.2) - https:\/\/yoast.com\/product\/yoast-seo-premium-wordpress\/ -->\n<title>Bia\u0142y Zegar Szkieletowy R\u0119cznie Wykonany z Drewna<\/title>\n<meta name=\"description\" content=\"Ten najbardziej imponuj\u0105cy bia\u0142y zegar szkieletowy przyci\u0105gnie uwag\u0119 absolutnie wszystkich wok\u00f3\u0142 niego\" \/>\n<meta name=\"robots\" content=\"index, follow, max-snippet:-1, max-image-preview:large, max-video-preview:-1\" \/>\n<link rel=\"canonical\" href=\"https:\/\/peakart.co.uk\/pl\/produkt\/bialy-zegar-szkieletowy\/\" \/>\n<meta property=\"og:locale\" content=\"pl_PL\" \/>\n<meta property=\"og:type\" content=\"article\" \/>\n<meta property=\"og:title\" content=\"Bia\u0142y Zegar Szkieletowy Wykonany z Drewna\" \/>\n<meta property=\"og:description\" content=\"Ten najbardziej imponuj\u0105cy bia\u0142y zegar szkieletowy przyci\u0105gnie uwag\u0119 absolutnie wszystkich wok\u00f3\u0142 niego\" \/>\n<meta property=\"og:url\" content=\"https:\/\/peakart.co.uk\/pl\/produkt\/bialy-zegar-szkieletowy\/\" \/>\n<meta property=\"og:site_name\" content=\"Peak Art\" \/>\n<meta property=\"article:publisher\" content=\"https:\/\/www.facebook.com\/PeakArtClocks\/\" \/>\n<meta property=\"article:modified_time\" content=\"2023-03-24T17:14:28+00:00\" \/>\n<meta property=\"og:image\" content=\"https:\/\/peakart.co.uk\/wp-content\/uploads\/2017\/09\/Image-1.jpeg\" \/>\n\t<meta property=\"og:image:width\" content=\"1902\" \/>\n\t<meta property=\"og:image:height\" content=\"2000\" \/>\n\t<meta property=\"og:image:type\" content=\"image\/jpeg\" \/>\n<meta name=\"twitter:card\" content=\"summary_large_image\" \/>\n<meta name=\"twitter:label1\" content=\"Dost\u0119pno\u015b\u0107\" \/>\n\t<meta name=\"twitter:data1\" content=\"Dost\u0119pny\" \/>\n<script type=\"application\/ld+json\" class=\"yoast-schema-graph\">{\"@context\":\"https:\/\/schema.org\",\"@graph\":[{\"@type\":\"WebPage\",\"@id\":\"https:\/\/peakart.co.uk\/pl\/produkt\/bialy-zegar-szkieletowy\/\",\"url\":\"https:\/\/peakart.co.uk\/pl\/produkt\/bialy-zegar-szkieletowy\/\",\"name\":\"Bia\u0142y Zegar Szkieletowy R\u0119cznie Wykonany z Drewna\",\"isPartOf\":{\"@id\":\"https:\/\/peakart.co.uk\/de\/#website\"},\"primaryImageOfPage\":{\"@id\":\"https:\/\/peakart.co.uk\/pl\/produkt\/bialy-zegar-szkieletowy\/#primaryimage\"},\"image\":{\"@id\":\"https:\/\/peakart.co.uk\/pl\/produkt\/bialy-zegar-szkieletowy\/#primaryimage\"},\"thumbnailUrl\":\"https:\/\/peakart.co.uk\/wp-content\/uploads\/2017\/09\/Image-1.jpeg\",\"datePublished\":\"2017-09-10T15:09:13+00:00\",\"dateModified\":\"2023-03-24T17:14:28+00:00\",\"description\":\"Ten najbardziej imponuj\u0105cy bia\u0142y zegar szkieletowy przyci\u0105gnie uwag\u0119 absolutnie wszystkich wok\u00f3\u0142 niego\",\"breadcrumb\":{\"@id\":\"https:\/\/peakart.co.uk\/pl\/produkt\/bialy-zegar-szkieletowy\/#breadcrumb\"},\"inLanguage\":\"pl-PL\",\"potentialAction\":[{\"@type\":\"ReadAction\",\"target\":[\"https:\/\/peakart.co.uk\/pl\/produkt\/bialy-zegar-szkieletowy\/\"]}]},{\"@type\":\"ImageObject\",\"inLanguage\":\"pl-PL\",\"@id\":\"https:\/\/peakart.co.uk\/pl\/produkt\/bialy-zegar-szkieletowy\/#primaryimage\",\"url\":\"https:\/\/peakart.co.uk\/wp-content\/uploads\/2017\/09\/Image-1.jpeg\",\"contentUrl\":\"https:\/\/peakart.co.uk\/wp-content\/uploads\/2017\/09\/Image-1.jpeg\",\"width\":1902,\"height\":2000},{\"@type\":\"BreadcrumbList\",\"@id\":\"https:\/\/peakart.co.uk\/pl\/produkt\/bialy-zegar-szkieletowy\/#breadcrumb\",\"itemListElement\":[{\"@type\":\"ListItem\",\"position\":1,\"name\":\"Home\",\"item\":\"https:\/\/peakart.co.uk\/pl\/\"},{\"@type\":\"ListItem\",\"position\":2,\"name\":\"Sklep\",\"item\":\"https:\/\/peakart.co.uk\/pl\/sklep\/\"},{\"@type\":\"ListItem\",\"position\":3,\"name\":\"Bia\u0142y Zegar Szkieletowy Wykonany z Drewna\"}]},{\"@type\":\"WebSite\",\"@id\":\"https:\/\/peakart.co.uk\/de\/#website\",\"url\":\"https:\/\/peakart.co.uk\/de\/\",\"name\":\"Peak Art\",\"description\":\"\",\"publisher\":{\"@id\":\"https:\/\/peakart.co.uk\/de\/#organization\"},\"potentialAction\":[{\"@type\":\"SearchAction\",\"target\":{\"@type\":\"EntryPoint\",\"urlTemplate\":\"https:\/\/peakart.co.uk\/de\/?s={search_term_string}\"},\"query-input\":{\"@type\":\"PropertyValueSpecification\",\"valueRequired\":true,\"valueName\":\"search_term_string\"}}],\"inLanguage\":\"pl-PL\"},{\"@type\":\"Organization\",\"@id\":\"https:\/\/peakart.co.uk\/de\/#organization\",\"name\":\"Peak Art\",\"url\":\"https:\/\/peakart.co.uk\/de\/\",\"logo\":{\"@type\":\"ImageObject\",\"inLanguage\":\"pl-PL\",\"@id\":\"https:\/\/peakart.co.uk\/de\/#\/schema\/logo\/image\/\",\"url\":\"https:\/\/peakart.co.uk\/wp-content\/uploads\/2023\/07\/logo-8.jpg\",\"contentUrl\":\"https:\/\/peakart.co.uk\/wp-content\/uploads\/2023\/07\/logo-8.jpg\",\"width\":666,\"height\":259,\"caption\":\"Peak Art\"},\"image\":{\"@id\":\"https:\/\/peakart.co.uk\/de\/#\/schema\/logo\/image\/\"},\"sameAs\":[\"https:\/\/www.facebook.com\/PeakArtClocks\/\"],\"hasMerchantReturnPolicy\":{\"@type\":\"MerchantReturnPolicy\",\"merchantReturnLink\":\"https:\/\/peakart.co.uk\/refund_returns\/\"}}]}<\/script>\n<meta property=\"og:availability\" content=\"instock\" \/>\n<meta property=\"product:availability\" content=\"instock\" \/>\n<meta property=\"product:retailer_item_id\" content=\"PEAKART-76663\" \/>\n<meta property=\"product:condition\" content=\"new\" \/>\n<!-- \/ Yoast SEO Premium plugin. -->","yoast_head_json":{"title":"Bia\u0142y Zegar Szkieletowy R\u0119cznie Wykonany z Drewna","description":"Ten najbardziej imponuj\u0105cy bia\u0142y zegar szkieletowy przyci\u0105gnie uwag\u0119 absolutnie wszystkich wok\u00f3\u0142 niego","robots":{"index":"index","follow":"follow","max-snippet":"max-snippet:-1","max-image-preview":"max-image-preview:large","max-video-preview":"max-video-preview:-1"},"canonical":"https:\/\/peakart.co.uk\/pl\/produkt\/bialy-zegar-szkieletowy\/","og_locale":"pl_PL","og_type":"article","og_title":"Bia\u0142y Zegar Szkieletowy Wykonany z Drewna","og_description":"Ten najbardziej imponuj\u0105cy bia\u0142y zegar szkieletowy przyci\u0105gnie uwag\u0119 absolutnie wszystkich wok\u00f3\u0142 niego","og_url":"https:\/\/peakart.co.uk\/pl\/produkt\/bialy-zegar-szkieletowy\/","og_site_name":"Peak Art","article_publisher":"https:\/\/www.facebook.com\/PeakArtClocks\/","article_modified_time":"2023-03-24T17:14:28+00:00","og_image":[{"width":1902,"height":2000,"url":"https:\/\/peakart.co.uk\/wp-content\/uploads\/2017\/09\/Image-1.jpeg","type":"image\/jpeg"}],"twitter_card":"summary_large_image","twitter_misc":{"Dost\u0119pno\u015b\u0107":"Dost\u0119pny"},"schema":{"@context":"https:\/\/schema.org","@graph":[{"@type":"WebPage","@id":"https:\/\/peakart.co.uk\/pl\/produkt\/bialy-zegar-szkieletowy\/","url":"https:\/\/peakart.co.uk\/pl\/produkt\/bialy-zegar-szkieletowy\/","name":"Bia\u0142y Zegar Szkieletowy R\u0119cznie Wykonany z Drewna","isPartOf":{"@id":"https:\/\/peakart.co.uk\/de\/#website"},"primaryImageOfPage":{"@id":"https:\/\/peakart.co.uk\/pl\/produkt\/bialy-zegar-szkieletowy\/#primaryimage"},"image":{"@id":"https:\/\/peakart.co.uk\/pl\/produkt\/bialy-zegar-szkieletowy\/#primaryimage"},"thumbnailUrl":"https:\/\/peakart.co.uk\/wp-content\/uploads\/2017\/09\/Image-1.jpeg","datePublished":"2017-09-10T15:09:13+00:00","dateModified":"2023-03-24T17:14:28+00:00","description":"Ten najbardziej imponuj\u0105cy bia\u0142y zegar szkieletowy przyci\u0105gnie uwag\u0119 absolutnie wszystkich wok\u00f3\u0142 niego","breadcrumb":{"@id":"https:\/\/peakart.co.uk\/pl\/produkt\/bialy-zegar-szkieletowy\/#breadcrumb"},"inLanguage":"pl-PL","potentialAction":[{"@type":"ReadAction","target":["https:\/\/peakart.co.uk\/pl\/produkt\/bialy-zegar-szkieletowy\/"]}]},{"@type":"ImageObject","inLanguage":"pl-PL","@id":"https:\/\/peakart.co.uk\/pl\/produkt\/bialy-zegar-szkieletowy\/#primaryimage","url":"https:\/\/peakart.co.uk\/wp-content\/uploads\/2017\/09\/Image-1.jpeg","contentUrl":"https:\/\/peakart.co.uk\/wp-content\/uploads\/2017\/09\/Image-1.jpeg","width":1902,"height":2000},{"@type":"BreadcrumbList","@id":"https:\/\/peakart.co.uk\/pl\/produkt\/bialy-zegar-szkieletowy\/#breadcrumb","itemListElement":[{"@type":"ListItem","position":1,"name":"Home","item":"https:\/\/peakart.co.uk\/pl\/"},{"@type":"ListItem","position":2,"name":"Sklep","item":"https:\/\/peakart.co.uk\/pl\/sklep\/"},{"@type":"ListItem","position":3,"name":"Bia\u0142y Zegar Szkieletowy Wykonany z Drewna"}]},{"@type":"WebSite","@id":"https:\/\/peakart.co.uk\/de\/#website","url":"https:\/\/peakart.co.uk\/de\/","name":"Peak Art","description":"","publisher":{"@id":"https:\/\/peakart.co.uk\/de\/#organization"},"potentialAction":[{"@type":"SearchAction","target":{"@type":"EntryPoint","urlTemplate":"https:\/\/peakart.co.uk\/de\/?s={search_term_string}"},"query-input":{"@type":"PropertyValueSpecification","valueRequired":true,"valueName":"search_term_string"}}],"inLanguage":"pl-PL"},{"@type":"Organization","@id":"https:\/\/peakart.co.uk\/de\/#organization","name":"Peak Art","url":"https:\/\/peakart.co.uk\/de\/","logo":{"@type":"ImageObject","inLanguage":"pl-PL","@id":"https:\/\/peakart.co.uk\/de\/#\/schema\/logo\/image\/","url":"https:\/\/peakart.co.uk\/wp-content\/uploads\/2023\/07\/logo-8.jpg","contentUrl":"https:\/\/peakart.co.uk\/wp-content\/uploads\/2023\/07\/logo-8.jpg","width":666,"height":259,"caption":"Peak Art"},"image":{"@id":"https:\/\/peakart.co.uk\/de\/#\/schema\/logo\/image\/"},"sameAs":["https:\/\/www.facebook.com\/PeakArtClocks\/"],"hasMerchantReturnPolicy":{"@type":"MerchantReturnPolicy","merchantReturnLink":"https:\/\/peakart.co.uk\/refund_returns\/"}}]},"og_availability":"instock","product_availability":"instock","product_retailer_item_id":"PEAKART-76663","product_condition":"new"},"_links":{"self":[{"href":"https:\/\/peakart.co.uk\/pl\/wp-json\/wp\/v2\/product\/5803","targetHints":{"allow":["GET"]}}],"collection":[{"href":"https:\/\/peakart.co.uk\/pl\/wp-json\/wp\/v2\/product"}],"about":[{"href":"https:\/\/peakart.co.uk\/pl\/wp-json\/wp\/v2\/types\/product"}],"replies":[{"embeddable":true,"href":"https:\/\/peakart.co.uk\/pl\/wp-json\/wp\/v2\/comments?post=5803"}],"wp:featuredmedia":[{"embeddable":true,"href":"https:\/\/peakart.co.uk\/pl\/wp-json\/wp\/v2\/media\/32595"}],"wp:attachment":[{"href":"https:\/\/peakart.co.uk\/pl\/wp-json\/wp\/v2\/media?parent=5803"}],"wp:term":[{"taxonomy":"product_brand","embeddable":true,"href":"https:\/\/peakart.co.uk\/pl\/wp-json\/wp\/v2\/product_brand?post=5803"},{"taxonomy":"product_cat","embeddable":true,"href":"https:\/\/peakart.co.uk\/pl\/wp-json\/wp\/v2\/product_cat?post=5803"},{"taxonomy":"product_tag","embeddable":true,"href":"https:\/\/peakart.co.uk\/pl\/wp-json\/wp\/v2\/product_tag?post=5803"}],"curies":[{"name":"wp","href":"https:\/\/api.w.org\/{rel}","templated":true}]}}