{"id":5772,"date":"2015-04-04T19:29:29","date_gmt":"2015-04-04T18:29:29","guid":{"rendered":"http:\/\/peakart.co.uk\/product\/luksusowy-zegar-artystyczny-cyfry-rzymskie-styl-tudor\/"},"modified":"2023-03-27T08:47:11","modified_gmt":"2023-03-27T07:47:11","slug":"zegar-rzymski-tudor","status":"publish","type":"product","link":"https:\/\/peakart.co.uk\/pl\/produkt\/zegar-rzymski-tudor\/","title":{"rendered":"Luksusowy Drewniany Zegar Rzymski Tudor"},"content":{"rendered":"<h2>Kosztowny zegar rzymski tudor wykonany z drewna<\/h2>\n<p>To klasyczne dzie\u0142o sztuki to nasz wielki zegar rzymski w stylu tudor. Zaprojektowali\u015bmy go jako centralny element dekoracyjny Twojego salonu, ekskluzywnej restauracji lub apartamentu. Wystarczy spojrze\u0107 na te zdj\u0119cia by zgodzi\u0107 si\u0119, \u017ce ten niesamowity zegar pe\u0142en elegancji i czaru wyr\u00f3\u017cni\u0142by si\u0119 w najbardziej stylowych wn\u0119trzach.<\/p>\n<p>Czy szukasz czego\u015b zupe\u0142nie innego ni\u017c to, co obecnie oferuje masowy rynek? By\u0107 mo\u017ce zamiast mie\u0107 du\u017ce lustro lub obraz jak wszyscy, wybierzesz dzie\u0142o sztuki, kt\u00f3re pozwoli wype\u0142ni\u0107 te puste miejsce na \u015bcianie? Nasz klasyczny zegar rzymski tudor wywrze niesamowite wra\u017cenie na ka\u017cdym, kto go zobaczy.<\/p>\n<p>Ca\u0142o\u015b\u0107 wykonali\u015bmy z dw\u00f3ch du\u017cych paneli drewna sosnowego. Zegar ma pi\u0119knie rze\u017abione cyfry rzymskie na r\u0119cznie malowanym &#8220;srebrnym&#8221; tle. Cichy mechanizm potrzebuje tylko jednej baterii typu C. Przed wysy\u0142k\u0105 demontujemy obie wskaz\u00f3wki aby unikn\u0105\u0107 ich uszkodzenia w czasie transportu. Wraz z zegarem wysy\u0142amy pe\u0142ne instrukcje, jak zamontow\u0107 wskaz\u00f3wki i ustawi\u0107 czas. Mo\u017cesz r\u00f3wnie\u017c sprawdzi\u0107 ten <a href=\"https:\/\/www.youtube.com\/watch?v=08Tq0lKFs30\">film na Youtube<\/a> w j\u0119zyku angielskim, aby uzyska\u0107 wi\u0119cej informacji.<\/p>\n<h2>Zr\u00f3b mocne wra\u017cenie pi\u0119knym zegarem z cyframi rzymskimi od Peak Art<\/h2>\n<p><a href=\"https:\/\/peakart.co.uk\/pl\/tag-produktu\/drewniane-zegary-scienne-z-cyframi-rzymskimi\/\">Zegary rzymskie<\/a> Peak Art to najbardziej unikatowe dzie\u0142a sztuki, kt\u00f3re przyjd\u0105 ci na my\u015bl, kiedy zaczniesz dekorowa\u0107 sw\u00f3j dom. Nasze zegary maj\u0105 wyra\u017ane, r\u0119cznie malowane wyko\u0144czenie, tradycyjny okr\u0105g\u0142y kszta\u0142t i s\u0105 podziwiane przez tysi\u0105ce ludzi w spo\u0142eczno\u015bci <a href=\"https:\/\/www.facebook.com\/PeakArtClocks\/\">Peak Art na Facebooku<\/a>.<\/p>\n<p>Mo\u017cesz je powiesi\u0107 w dowolnym pokoju w swoim domu. Niezale\u017cnie od wybranego miejsca, staraj si\u0119 trzyma\u0107 je z dala od bezpo\u015brednich \u017ar\u00f3de\u0142 ciep\u0142a lub wilgoci. Kolejnym doskona\u0142ym miejscem do naszych zegar\u00f3w jest Tw\u00f3j gabinet, recepcja hotelowa lub stylowa restauracja. Te wspania\u0142e artystyczne i najbardziej charyzmatyczne dzie\u0142a sztuki u\u017cytkowej zawsze wywr\u0105 bardzo silne wra\u017cenie na Twoich go\u015bciach.<\/p>\n","protected":false},"excerpt":{"rendered":"<p>Pi\u0119kny drewniany zegar rzymski w stylu tudor. Do wyboru trzy r\u00f3\u017cne rozmiary w zale\u017cno\u015bci od dost\u0119pnego miejsca na \u015bcianie. Ca\u0142o\u015b\u0107 zegara jest wykonana z drewna i r\u0119cznie malowana.<\/p>\n<p><strong>Projekt i Wykonanie<\/strong>\u00a0\u2013 Anna Siodelska<\/p>\n<p><strong>Front<\/strong> \u2013 Tudor<\/p>\n<p><b>T\u0142o<\/b> \u2013 Zielonkawe Z\u0142oto\/ Srebro<\/p>\n","protected":false},"featured_media":31236,"comment_status":"open","ping_status":"closed","template":"","meta":[],"product_brand":[],"product_cat":[56],"product_tag":[68],"class_list":{"0":"post-5772","1":"product","2":"type-product","3":"status-publish","4":"has-post-thumbnail","6":"product_cat-duze-zegary-scienne","7":"product_tag-drewniane-zegary-scienne-z-cyframi-rzymskimi","8":"product_shipping_class-oversized-clocks-pl","10":"first","11":"outofstock","12":"taxable","13":"shipping-taxable","14":"product-type-variable"},"yoast_head":"<!-- This site is optimized with the Yoast SEO Premium plugin v27.2 (Yoast SEO v27.2) - https:\/\/yoast.com\/product\/yoast-seo-premium-wordpress\/ -->\n<title>Bardzo Du\u017cy Drewniany Zegar Rzymski Tudor do Salonu<\/title>\n<meta name=\"description\" content=\"Klasyczny Zegar Rzymski w stylu tudor. Ca\u0142o\u015b\u0107 wykonana z drewna sosnowego i r\u0119cznie malowana.\" \/>\n<meta name=\"robots\" content=\"index, follow, max-snippet:-1, max-image-preview:large, max-video-preview:-1\" \/>\n<link rel=\"canonical\" href=\"https:\/\/peakart.co.uk\/pl\/produkt\/zegar-rzymski-tudor\/\" \/>\n<meta property=\"og:locale\" content=\"pl_PL\" \/>\n<meta property=\"og:type\" content=\"article\" \/>\n<meta property=\"og:title\" content=\"Luksusowy Drewniany Zegar Rzymski Tudor\" \/>\n<meta property=\"og:description\" content=\"Klasyczny Zegar Rzymski w stylu tudor. Ca\u0142o\u015b\u0107 wykonana z drewna sosnowego i r\u0119cznie malowana.\" \/>\n<meta property=\"og:url\" content=\"https:\/\/peakart.co.uk\/pl\/produkt\/zegar-rzymski-tudor\/\" \/>\n<meta property=\"og:site_name\" content=\"Peak Art\" \/>\n<meta property=\"article:publisher\" content=\"https:\/\/www.facebook.com\/PeakArtClocks\/\" \/>\n<meta property=\"article:modified_time\" content=\"2023-03-27T07:47:11+00:00\" \/>\n<meta property=\"og:image\" content=\"https:\/\/peakart.co.uk\/wp-content\/uploads\/2015\/04\/Classic-Tudor-Front1-400x400.jpg\" \/>\n\t<meta property=\"og:image:width\" content=\"400\" \/>\n\t<meta property=\"og:image:height\" content=\"400\" \/>\n\t<meta property=\"og:image:type\" content=\"image\/jpeg\" \/>\n<meta name=\"twitter:card\" content=\"summary_large_image\" \/>\n<meta name=\"twitter:label1\" content=\"Dost\u0119pno\u015b\u0107\" \/>\n\t<meta name=\"twitter:data1\" content=\"Brak w magazynie\" \/>\n<script type=\"application\/ld+json\" class=\"yoast-schema-graph\">{\"@context\":\"https:\/\/schema.org\",\"@graph\":[{\"@type\":\"WebPage\",\"@id\":\"https:\/\/peakart.co.uk\/pl\/produkt\/zegar-rzymski-tudor\/\",\"url\":\"https:\/\/peakart.co.uk\/pl\/produkt\/zegar-rzymski-tudor\/\",\"name\":\"Bardzo Du\u017cy Drewniany Zegar Rzymski Tudor do Salonu\",\"isPartOf\":{\"@id\":\"https:\/\/peakart.co.uk\/de\/#website\"},\"primaryImageOfPage\":{\"@id\":\"https:\/\/peakart.co.uk\/pl\/produkt\/zegar-rzymski-tudor\/#primaryimage\"},\"image\":{\"@id\":\"https:\/\/peakart.co.uk\/pl\/produkt\/zegar-rzymski-tudor\/#primaryimage\"},\"thumbnailUrl\":\"https:\/\/peakart.co.uk\/wp-content\/uploads\/2015\/04\/Classic-Tudor-Front1-400x400.jpg\",\"datePublished\":\"2015-04-04T18:29:29+00:00\",\"dateModified\":\"2023-03-27T07:47:11+00:00\",\"description\":\"Klasyczny Zegar Rzymski w stylu tudor. Ca\u0142o\u015b\u0107 wykonana z drewna sosnowego i r\u0119cznie malowana.\",\"breadcrumb\":{\"@id\":\"https:\/\/peakart.co.uk\/pl\/produkt\/zegar-rzymski-tudor\/#breadcrumb\"},\"inLanguage\":\"pl-PL\",\"potentialAction\":[{\"@type\":\"ReadAction\",\"target\":[\"https:\/\/peakart.co.uk\/pl\/produkt\/zegar-rzymski-tudor\/\"]}]},{\"@type\":\"ImageObject\",\"inLanguage\":\"pl-PL\",\"@id\":\"https:\/\/peakart.co.uk\/pl\/produkt\/zegar-rzymski-tudor\/#primaryimage\",\"url\":\"https:\/\/peakart.co.uk\/wp-content\/uploads\/2015\/04\/Classic-Tudor-Front1-400x400.jpg\",\"contentUrl\":\"https:\/\/peakart.co.uk\/wp-content\/uploads\/2015\/04\/Classic-Tudor-Front1-400x400.jpg\",\"width\":400,\"height\":400},{\"@type\":\"BreadcrumbList\",\"@id\":\"https:\/\/peakart.co.uk\/pl\/produkt\/zegar-rzymski-tudor\/#breadcrumb\",\"itemListElement\":[{\"@type\":\"ListItem\",\"position\":1,\"name\":\"Home\",\"item\":\"https:\/\/peakart.co.uk\/pl\/\"},{\"@type\":\"ListItem\",\"position\":2,\"name\":\"Sklep\",\"item\":\"https:\/\/peakart.co.uk\/pl\/sklep\/\"},{\"@type\":\"ListItem\",\"position\":3,\"name\":\"Luksusowy Drewniany Zegar Rzymski Tudor\"}]},{\"@type\":\"WebSite\",\"@id\":\"https:\/\/peakart.co.uk\/de\/#website\",\"url\":\"https:\/\/peakart.co.uk\/de\/\",\"name\":\"Peak Art\",\"description\":\"\",\"publisher\":{\"@id\":\"https:\/\/peakart.co.uk\/de\/#organization\"},\"potentialAction\":[{\"@type\":\"SearchAction\",\"target\":{\"@type\":\"EntryPoint\",\"urlTemplate\":\"https:\/\/peakart.co.uk\/de\/?s={search_term_string}\"},\"query-input\":{\"@type\":\"PropertyValueSpecification\",\"valueRequired\":true,\"valueName\":\"search_term_string\"}}],\"inLanguage\":\"pl-PL\"},{\"@type\":\"Organization\",\"@id\":\"https:\/\/peakart.co.uk\/de\/#organization\",\"name\":\"Peak Art\",\"url\":\"https:\/\/peakart.co.uk\/de\/\",\"logo\":{\"@type\":\"ImageObject\",\"inLanguage\":\"pl-PL\",\"@id\":\"https:\/\/peakart.co.uk\/de\/#\/schema\/logo\/image\/\",\"url\":\"https:\/\/peakart.co.uk\/wp-content\/uploads\/2023\/07\/logo-8.jpg\",\"contentUrl\":\"https:\/\/peakart.co.uk\/wp-content\/uploads\/2023\/07\/logo-8.jpg\",\"width\":666,\"height\":259,\"caption\":\"Peak Art\"},\"image\":{\"@id\":\"https:\/\/peakart.co.uk\/de\/#\/schema\/logo\/image\/\"},\"sameAs\":[\"https:\/\/www.facebook.com\/PeakArtClocks\/\"],\"hasMerchantReturnPolicy\":{\"@type\":\"MerchantReturnPolicy\",\"merchantReturnLink\":\"https:\/\/peakart.co.uk\/refund_returns\/\"}}]}<\/script>\n<meta property=\"og:availability\" content=\"out of stock\" \/>\n<meta property=\"product:availability\" content=\"out of stock\" \/>\n<meta property=\"product:retailer_item_id\" content=\"PEAKART-33829\" \/>\n<meta property=\"product:condition\" content=\"new\" \/>\n<!-- \/ Yoast SEO Premium plugin. -->","yoast_head_json":{"title":"Bardzo Du\u017cy Drewniany Zegar Rzymski Tudor do Salonu","description":"Klasyczny Zegar Rzymski w stylu tudor. Ca\u0142o\u015b\u0107 wykonana z drewna sosnowego i r\u0119cznie malowana.","robots":{"index":"index","follow":"follow","max-snippet":"max-snippet:-1","max-image-preview":"max-image-preview:large","max-video-preview":"max-video-preview:-1"},"canonical":"https:\/\/peakart.co.uk\/pl\/produkt\/zegar-rzymski-tudor\/","og_locale":"pl_PL","og_type":"article","og_title":"Luksusowy Drewniany Zegar Rzymski Tudor","og_description":"Klasyczny Zegar Rzymski w stylu tudor. Ca\u0142o\u015b\u0107 wykonana z drewna sosnowego i r\u0119cznie malowana.","og_url":"https:\/\/peakart.co.uk\/pl\/produkt\/zegar-rzymski-tudor\/","og_site_name":"Peak Art","article_publisher":"https:\/\/www.facebook.com\/PeakArtClocks\/","article_modified_time":"2023-03-27T07:47:11+00:00","og_image":[{"width":400,"height":400,"url":"https:\/\/peakart.co.uk\/wp-content\/uploads\/2015\/04\/Classic-Tudor-Front1-400x400.jpg","type":"image\/jpeg"}],"twitter_card":"summary_large_image","twitter_misc":{"Dost\u0119pno\u015b\u0107":"Brak w magazynie"},"schema":{"@context":"https:\/\/schema.org","@graph":[{"@type":"WebPage","@id":"https:\/\/peakart.co.uk\/pl\/produkt\/zegar-rzymski-tudor\/","url":"https:\/\/peakart.co.uk\/pl\/produkt\/zegar-rzymski-tudor\/","name":"Bardzo Du\u017cy Drewniany Zegar Rzymski Tudor do Salonu","isPartOf":{"@id":"https:\/\/peakart.co.uk\/de\/#website"},"primaryImageOfPage":{"@id":"https:\/\/peakart.co.uk\/pl\/produkt\/zegar-rzymski-tudor\/#primaryimage"},"image":{"@id":"https:\/\/peakart.co.uk\/pl\/produkt\/zegar-rzymski-tudor\/#primaryimage"},"thumbnailUrl":"https:\/\/peakart.co.uk\/wp-content\/uploads\/2015\/04\/Classic-Tudor-Front1-400x400.jpg","datePublished":"2015-04-04T18:29:29+00:00","dateModified":"2023-03-27T07:47:11+00:00","description":"Klasyczny Zegar Rzymski w stylu tudor. Ca\u0142o\u015b\u0107 wykonana z drewna sosnowego i r\u0119cznie malowana.","breadcrumb":{"@id":"https:\/\/peakart.co.uk\/pl\/produkt\/zegar-rzymski-tudor\/#breadcrumb"},"inLanguage":"pl-PL","potentialAction":[{"@type":"ReadAction","target":["https:\/\/peakart.co.uk\/pl\/produkt\/zegar-rzymski-tudor\/"]}]},{"@type":"ImageObject","inLanguage":"pl-PL","@id":"https:\/\/peakart.co.uk\/pl\/produkt\/zegar-rzymski-tudor\/#primaryimage","url":"https:\/\/peakart.co.uk\/wp-content\/uploads\/2015\/04\/Classic-Tudor-Front1-400x400.jpg","contentUrl":"https:\/\/peakart.co.uk\/wp-content\/uploads\/2015\/04\/Classic-Tudor-Front1-400x400.jpg","width":400,"height":400},{"@type":"BreadcrumbList","@id":"https:\/\/peakart.co.uk\/pl\/produkt\/zegar-rzymski-tudor\/#breadcrumb","itemListElement":[{"@type":"ListItem","position":1,"name":"Home","item":"https:\/\/peakart.co.uk\/pl\/"},{"@type":"ListItem","position":2,"name":"Sklep","item":"https:\/\/peakart.co.uk\/pl\/sklep\/"},{"@type":"ListItem","position":3,"name":"Luksusowy Drewniany Zegar Rzymski Tudor"}]},{"@type":"WebSite","@id":"https:\/\/peakart.co.uk\/de\/#website","url":"https:\/\/peakart.co.uk\/de\/","name":"Peak Art","description":"","publisher":{"@id":"https:\/\/peakart.co.uk\/de\/#organization"},"potentialAction":[{"@type":"SearchAction","target":{"@type":"EntryPoint","urlTemplate":"https:\/\/peakart.co.uk\/de\/?s={search_term_string}"},"query-input":{"@type":"PropertyValueSpecification","valueRequired":true,"valueName":"search_term_string"}}],"inLanguage":"pl-PL"},{"@type":"Organization","@id":"https:\/\/peakart.co.uk\/de\/#organization","name":"Peak Art","url":"https:\/\/peakart.co.uk\/de\/","logo":{"@type":"ImageObject","inLanguage":"pl-PL","@id":"https:\/\/peakart.co.uk\/de\/#\/schema\/logo\/image\/","url":"https:\/\/peakart.co.uk\/wp-content\/uploads\/2023\/07\/logo-8.jpg","contentUrl":"https:\/\/peakart.co.uk\/wp-content\/uploads\/2023\/07\/logo-8.jpg","width":666,"height":259,"caption":"Peak Art"},"image":{"@id":"https:\/\/peakart.co.uk\/de\/#\/schema\/logo\/image\/"},"sameAs":["https:\/\/www.facebook.com\/PeakArtClocks\/"],"hasMerchantReturnPolicy":{"@type":"MerchantReturnPolicy","merchantReturnLink":"https:\/\/peakart.co.uk\/refund_returns\/"}}]},"og_availability":"out of stock","product_availability":"out of stock","product_retailer_item_id":"PEAKART-33829","product_condition":"new"},"_links":{"self":[{"href":"https:\/\/peakart.co.uk\/pl\/wp-json\/wp\/v2\/product\/5772","targetHints":{"allow":["GET"]}}],"collection":[{"href":"https:\/\/peakart.co.uk\/pl\/wp-json\/wp\/v2\/product"}],"about":[{"href":"https:\/\/peakart.co.uk\/pl\/wp-json\/wp\/v2\/types\/product"}],"replies":[{"embeddable":true,"href":"https:\/\/peakart.co.uk\/pl\/wp-json\/wp\/v2\/comments?post=5772"}],"wp:featuredmedia":[{"embeddable":true,"href":"https:\/\/peakart.co.uk\/pl\/wp-json\/wp\/v2\/media\/31236"}],"wp:attachment":[{"href":"https:\/\/peakart.co.uk\/pl\/wp-json\/wp\/v2\/media?parent=5772"}],"wp:term":[{"taxonomy":"product_brand","embeddable":true,"href":"https:\/\/peakart.co.uk\/pl\/wp-json\/wp\/v2\/product_brand?post=5772"},{"taxonomy":"product_cat","embeddable":true,"href":"https:\/\/peakart.co.uk\/pl\/wp-json\/wp\/v2\/product_cat?post=5772"},{"taxonomy":"product_tag","embeddable":true,"href":"https:\/\/peakart.co.uk\/pl\/wp-json\/wp\/v2\/product_tag?post=5772"}],"curies":[{"name":"wp","href":"https:\/\/api.w.org\/{rel}","templated":true}]}}