{"id":5769,"date":"2015-07-11T19:47:46","date_gmt":"2015-07-11T18:47:46","guid":{"rendered":"http:\/\/peakart.co.uk\/product\/duzy-nowoczesny-zegar-scienny-styl-denim-100cm\/"},"modified":"2023-03-26T21:25:44","modified_gmt":"2023-03-26T20:25:44","slug":"zegar-scienny-denim","status":"publish","type":"product","link":"https:\/\/peakart.co.uk\/pl\/produkt\/zegar-scienny-denim\/","title":{"rendered":"Du\u017cy wykonany r\u0119cznie zegar \u015bcienny denim"},"content":{"rendered":"<h2>Du\u017cy zegar \u015bcienny w kolorze denim, z cyframi rzymskimi<\/h2>\n<p>Ten wyj\u0105tkowy zegar \u015bcienny w kolorze denim zaprojektowali\u015bmy z my\u015bl\u0105 o pomieszczeniach, w kt\u00f3rych kr\u00f3luje m\u0119ska energia. Powinien r\u00f3wnie\u017c pasowa\u0107 do wi\u0119kszo\u015bci wsp\u00f3\u0142czesnych wn\u0119trz. Czy chcesz wys\u0142a\u0107 go\u015bciom wyra\u017any komunikat i zrobi\u0107 na nich wra\u017cenie wyj\u0105tkowym i wyrafinowanym dzie\u0142em sztuki na \u015bcian\u0119? Jeste\u015bmy pewni tego, \u017ce ka\u017cdy z naszych <a href=\"https:\/\/peakart.co.uk\/pl\/tag-produktu\/drewniane-zegary-scienne-z-cyframi-rzymskimi\/\">zegar\u00f3w z cyframi rzymskimi<\/a> spe\u0142ni Twoje wymagania.<\/p>\n<p>Bardzo silny i cichy mechanizm kwarcowy zegara zasilany jest pojedyncz\u0105 bateri\u0105 C, kt\u00f3ra powinna wystarczy\u0107 na dziewi\u0119\u0107 miesi\u0119cy. Po odbiorze zegara nale\u017cy zamontowa\u0107 na nim wskaz\u00f3wki i ustawi\u0107 czas, zgodnie z instrukcj\u0105 przedstawion\u0105 w tym kr\u00f3tkim nagraniu wideo w portalu <a href=\"https:\/\/www.youtube.com\/watch?v=08Tq0lKFs30\">Youtube<\/a>.<\/p>\n<p>Zegary \u015bcienne firmy Peak Art to wyj\u0105tkowe, kosztowne dzie\u0142a sztuki. Przychodz\u0105 na my\u015bl podczas zmiany wystroju wn\u0119trza. Mo\u017cna je zamontowa\u0107 w dowolnym pomieszczeniu w domu, biurze, hotelu czy luksusowym, wielopoziomowym apartamencie. Zawsze nale\u017cy przy tym pami\u0119ta\u0107, by nie umieszcza\u0107 ich w pobli\u017cu bezpo\u015brednich \u017ar\u00f3de\u0142 ciep\u0142a. Nale\u017cy te\u017c unika\u0107 wilgoci, bo mo\u017ce ona ograniczy\u0107 \u017cywotno\u015b\u0107 mechanizmu.<\/p>\n<p>Do\u0142\u0105cz do tysi\u0119cy os\u00f3b w naszej <a href=\"https:\/\/www.facebook.com\/PeakArtClocks\/\">spo\u0142eczno\u015bci na portalu Facebook<\/a> i podziel si\u0119 z nami swoimi uwagami. Szukaj\u0105c w wyszukiwarce Google frazy &#8220;zegar \u015bcienny handmade&#8221;, zobaczysz, \u017ce firma Peak Art jest liderem na tym rynku. Wszelkie inne zegary tego rozmiaru i o podobnych funkcjach to zwykle wytwory masowej, fabrycznej produkcji.<\/p>\n<p>&nbsp;<\/p>\n","protected":false},"excerpt":{"rendered":"<p>Ten klasyczny zegar \u015bcienny w kolorze d\u017cinsu zosta\u0142 wykonany z dw\u00f3ch du\u017cych paneli drewna sosnowego. Na tarczy wida\u0107 starannie wykonane cyfry rzymskie na malowanym r\u0119cznie tle. Zegar ma \u015brednic\u0119 od 75 do 120 cm. Z uwagi na sw\u00f3j niespotykany wygl\u0105d b\u0119dzie stanowi\u0142 niezwyk\u0142y, nowoczesny dodatek do Twojego wn\u0119trza.<\/p>\n<p><strong>Projekt i r\u0119czne wykonanie<\/strong> \u2013 Anna Siodelska, Wielka Brytania<\/p>\n<p><strong>Kolor tarczy<\/strong> \u2013 Denim<\/p>\n<p><strong>Kolor t\u0142a<\/strong> \u2013 Denim<\/p>\n","protected":false},"featured_media":32349,"comment_status":"open","ping_status":"closed","template":"","meta":[],"product_brand":[],"product_cat":[56],"product_tag":[50,65,68,2671],"class_list":{"0":"post-5769","1":"product","2":"type-product","3":"status-publish","4":"has-post-thumbnail","6":"product_cat-duze-zegary-scienne","7":"product_tag-artystyczne-zegary-scienne","8":"product_tag-duze-zegary-dekoracyjne-na-sciane","9":"product_tag-drewniane-zegary-scienne-z-cyframi-rzymskimi","10":"product_tag-nietypowe-duze-zegary-scienne","11":"product_shipping_class-oversized-clocks-pl","13":"first","14":"instock","15":"sale","16":"taxable","17":"shipping-taxable","18":"purchasable","19":"product-type-variable"},"yoast_head":"<!-- This site is optimized with the Yoast SEO Premium plugin v27.2 (Yoast SEO v27.2) - https:\/\/yoast.com\/product\/yoast-seo-premium-wordpress\/ -->\n<title>Du\u017cy, charakterystyczny, zegar \u015bcienny w kolorze denim.<\/title>\n<meta name=\"description\" content=\"Du\u017cy, charakterystyczny zegar \u015bcienny w kolorze d\u017cinsu zrobi ogromne wra\u017cenie na ka\u017cdej osobie podziwiaj\u0105cej jego wyj\u0105tkow\u0105 urod\u0119. Luksusowe i kosztowne dzie\u0142o sztuki na \u015bcian\u0119, o du\u017cym rozmiarze.\" \/>\n<meta name=\"robots\" content=\"index, follow, max-snippet:-1, max-image-preview:large, max-video-preview:-1\" \/>\n<link rel=\"canonical\" href=\"https:\/\/peakart.co.uk\/pl\/produkt\/zegar-scienny-denim\/\" \/>\n<meta property=\"og:locale\" content=\"pl_PL\" \/>\n<meta property=\"og:type\" content=\"article\" \/>\n<meta property=\"og:title\" content=\"Du\u017cy wykonany r\u0119cznie zegar \u015bcienny denim\" \/>\n<meta property=\"og:description\" content=\"Du\u017cy, charakterystyczny zegar \u015bcienny w kolorze d\u017cinsu zrobi ogromne wra\u017cenie na ka\u017cdej osobie podziwiaj\u0105cej jego wyj\u0105tkow\u0105 urod\u0119. Luksusowe i kosztowne dzie\u0142o sztuki na \u015bcian\u0119, o du\u017cym rozmiarze.\" \/>\n<meta property=\"og:url\" content=\"https:\/\/peakart.co.uk\/pl\/produkt\/zegar-scienny-denim\/\" \/>\n<meta property=\"og:site_name\" content=\"Peak Art\" \/>\n<meta property=\"article:publisher\" content=\"https:\/\/www.facebook.com\/PeakArtClocks\/\" \/>\n<meta property=\"article:modified_time\" content=\"2023-03-26T20:25:44+00:00\" \/>\n<meta property=\"og:image\" content=\"https:\/\/peakart.co.uk\/wp-content\/uploads\/2015\/07\/Classic-Denim-Scale1-1.jpg\" \/>\n\t<meta property=\"og:image:width\" content=\"500\" \/>\n\t<meta property=\"og:image:height\" content=\"500\" \/>\n\t<meta property=\"og:image:type\" content=\"image\/jpeg\" \/>\n<meta name=\"twitter:card\" content=\"summary_large_image\" \/>\n<meta name=\"twitter:label1\" content=\"Dost\u0119pno\u015b\u0107\" \/>\n\t<meta name=\"twitter:data1\" content=\"Dost\u0119pny\" \/>\n<script type=\"application\/ld+json\" class=\"yoast-schema-graph\">{\"@context\":\"https:\/\/schema.org\",\"@graph\":[{\"@type\":\"WebPage\",\"@id\":\"https:\/\/peakart.co.uk\/pl\/produkt\/zegar-scienny-denim\/\",\"url\":\"https:\/\/peakart.co.uk\/pl\/produkt\/zegar-scienny-denim\/\",\"name\":\"Du\u017cy, charakterystyczny, zegar \u015bcienny w kolorze denim.\",\"isPartOf\":{\"@id\":\"https:\/\/peakart.co.uk\/de\/#website\"},\"primaryImageOfPage\":{\"@id\":\"https:\/\/peakart.co.uk\/pl\/produkt\/zegar-scienny-denim\/#primaryimage\"},\"image\":{\"@id\":\"https:\/\/peakart.co.uk\/pl\/produkt\/zegar-scienny-denim\/#primaryimage\"},\"thumbnailUrl\":\"https:\/\/peakart.co.uk\/wp-content\/uploads\/2015\/07\/Classic-Denim-Scale1-1.jpg\",\"datePublished\":\"2015-07-11T18:47:46+00:00\",\"dateModified\":\"2023-03-26T20:25:44+00:00\",\"description\":\"Du\u017cy, charakterystyczny zegar \u015bcienny w kolorze d\u017cinsu zrobi ogromne wra\u017cenie na ka\u017cdej osobie podziwiaj\u0105cej jego wyj\u0105tkow\u0105 urod\u0119. Luksusowe i kosztowne dzie\u0142o sztuki na \u015bcian\u0119, o du\u017cym rozmiarze.\",\"breadcrumb\":{\"@id\":\"https:\/\/peakart.co.uk\/pl\/produkt\/zegar-scienny-denim\/#breadcrumb\"},\"inLanguage\":\"pl-PL\",\"potentialAction\":[{\"@type\":\"ReadAction\",\"target\":[\"https:\/\/peakart.co.uk\/pl\/produkt\/zegar-scienny-denim\/\"]}]},{\"@type\":\"ImageObject\",\"inLanguage\":\"pl-PL\",\"@id\":\"https:\/\/peakart.co.uk\/pl\/produkt\/zegar-scienny-denim\/#primaryimage\",\"url\":\"https:\/\/peakart.co.uk\/wp-content\/uploads\/2015\/07\/Classic-Denim-Scale1-1.jpg\",\"contentUrl\":\"https:\/\/peakart.co.uk\/wp-content\/uploads\/2015\/07\/Classic-Denim-Scale1-1.jpg\",\"width\":500,\"height\":500},{\"@type\":\"BreadcrumbList\",\"@id\":\"https:\/\/peakart.co.uk\/pl\/produkt\/zegar-scienny-denim\/#breadcrumb\",\"itemListElement\":[{\"@type\":\"ListItem\",\"position\":1,\"name\":\"Home\",\"item\":\"https:\/\/peakart.co.uk\/pl\/\"},{\"@type\":\"ListItem\",\"position\":2,\"name\":\"Sklep\",\"item\":\"https:\/\/peakart.co.uk\/pl\/sklep\/\"},{\"@type\":\"ListItem\",\"position\":3,\"name\":\"Du\u017cy wykonany r\u0119cznie zegar \u015bcienny denim\"}]},{\"@type\":\"WebSite\",\"@id\":\"https:\/\/peakart.co.uk\/de\/#website\",\"url\":\"https:\/\/peakart.co.uk\/de\/\",\"name\":\"Peak Art\",\"description\":\"\",\"publisher\":{\"@id\":\"https:\/\/peakart.co.uk\/de\/#organization\"},\"potentialAction\":[{\"@type\":\"SearchAction\",\"target\":{\"@type\":\"EntryPoint\",\"urlTemplate\":\"https:\/\/peakart.co.uk\/de\/?s={search_term_string}\"},\"query-input\":{\"@type\":\"PropertyValueSpecification\",\"valueRequired\":true,\"valueName\":\"search_term_string\"}}],\"inLanguage\":\"pl-PL\"},{\"@type\":\"Organization\",\"@id\":\"https:\/\/peakart.co.uk\/de\/#organization\",\"name\":\"Peak Art\",\"url\":\"https:\/\/peakart.co.uk\/de\/\",\"logo\":{\"@type\":\"ImageObject\",\"inLanguage\":\"pl-PL\",\"@id\":\"https:\/\/peakart.co.uk\/de\/#\/schema\/logo\/image\/\",\"url\":\"https:\/\/peakart.co.uk\/wp-content\/uploads\/2023\/07\/logo-8.jpg\",\"contentUrl\":\"https:\/\/peakart.co.uk\/wp-content\/uploads\/2023\/07\/logo-8.jpg\",\"width\":666,\"height\":259,\"caption\":\"Peak Art\"},\"image\":{\"@id\":\"https:\/\/peakart.co.uk\/de\/#\/schema\/logo\/image\/\"},\"sameAs\":[\"https:\/\/www.facebook.com\/PeakArtClocks\/\"],\"hasMerchantReturnPolicy\":{\"@type\":\"MerchantReturnPolicy\",\"merchantReturnLink\":\"https:\/\/peakart.co.uk\/refund_returns\/\"}}]}<\/script>\n<meta property=\"og:availability\" content=\"instock\" \/>\n<meta property=\"product:availability\" content=\"instock\" \/>\n<meta property=\"product:retailer_item_id\" content=\"PEAKART-82546\" \/>\n<meta property=\"product:condition\" content=\"new\" \/>\n<!-- \/ Yoast SEO Premium plugin. -->","yoast_head_json":{"title":"Du\u017cy, charakterystyczny, zegar \u015bcienny w kolorze denim.","description":"Du\u017cy, charakterystyczny zegar \u015bcienny w kolorze d\u017cinsu zrobi ogromne wra\u017cenie na ka\u017cdej osobie podziwiaj\u0105cej jego wyj\u0105tkow\u0105 urod\u0119. Luksusowe i kosztowne dzie\u0142o sztuki na \u015bcian\u0119, o du\u017cym rozmiarze.","robots":{"index":"index","follow":"follow","max-snippet":"max-snippet:-1","max-image-preview":"max-image-preview:large","max-video-preview":"max-video-preview:-1"},"canonical":"https:\/\/peakart.co.uk\/pl\/produkt\/zegar-scienny-denim\/","og_locale":"pl_PL","og_type":"article","og_title":"Du\u017cy wykonany r\u0119cznie zegar \u015bcienny denim","og_description":"Du\u017cy, charakterystyczny zegar \u015bcienny w kolorze d\u017cinsu zrobi ogromne wra\u017cenie na ka\u017cdej osobie podziwiaj\u0105cej jego wyj\u0105tkow\u0105 urod\u0119. Luksusowe i kosztowne dzie\u0142o sztuki na \u015bcian\u0119, o du\u017cym rozmiarze.","og_url":"https:\/\/peakart.co.uk\/pl\/produkt\/zegar-scienny-denim\/","og_site_name":"Peak Art","article_publisher":"https:\/\/www.facebook.com\/PeakArtClocks\/","article_modified_time":"2023-03-26T20:25:44+00:00","og_image":[{"width":500,"height":500,"url":"https:\/\/peakart.co.uk\/wp-content\/uploads\/2015\/07\/Classic-Denim-Scale1-1.jpg","type":"image\/jpeg"}],"twitter_card":"summary_large_image","twitter_misc":{"Dost\u0119pno\u015b\u0107":"Dost\u0119pny"},"schema":{"@context":"https:\/\/schema.org","@graph":[{"@type":"WebPage","@id":"https:\/\/peakart.co.uk\/pl\/produkt\/zegar-scienny-denim\/","url":"https:\/\/peakart.co.uk\/pl\/produkt\/zegar-scienny-denim\/","name":"Du\u017cy, charakterystyczny, zegar \u015bcienny w kolorze denim.","isPartOf":{"@id":"https:\/\/peakart.co.uk\/de\/#website"},"primaryImageOfPage":{"@id":"https:\/\/peakart.co.uk\/pl\/produkt\/zegar-scienny-denim\/#primaryimage"},"image":{"@id":"https:\/\/peakart.co.uk\/pl\/produkt\/zegar-scienny-denim\/#primaryimage"},"thumbnailUrl":"https:\/\/peakart.co.uk\/wp-content\/uploads\/2015\/07\/Classic-Denim-Scale1-1.jpg","datePublished":"2015-07-11T18:47:46+00:00","dateModified":"2023-03-26T20:25:44+00:00","description":"Du\u017cy, charakterystyczny zegar \u015bcienny w kolorze d\u017cinsu zrobi ogromne wra\u017cenie na ka\u017cdej osobie podziwiaj\u0105cej jego wyj\u0105tkow\u0105 urod\u0119. Luksusowe i kosztowne dzie\u0142o sztuki na \u015bcian\u0119, o du\u017cym rozmiarze.","breadcrumb":{"@id":"https:\/\/peakart.co.uk\/pl\/produkt\/zegar-scienny-denim\/#breadcrumb"},"inLanguage":"pl-PL","potentialAction":[{"@type":"ReadAction","target":["https:\/\/peakart.co.uk\/pl\/produkt\/zegar-scienny-denim\/"]}]},{"@type":"ImageObject","inLanguage":"pl-PL","@id":"https:\/\/peakart.co.uk\/pl\/produkt\/zegar-scienny-denim\/#primaryimage","url":"https:\/\/peakart.co.uk\/wp-content\/uploads\/2015\/07\/Classic-Denim-Scale1-1.jpg","contentUrl":"https:\/\/peakart.co.uk\/wp-content\/uploads\/2015\/07\/Classic-Denim-Scale1-1.jpg","width":500,"height":500},{"@type":"BreadcrumbList","@id":"https:\/\/peakart.co.uk\/pl\/produkt\/zegar-scienny-denim\/#breadcrumb","itemListElement":[{"@type":"ListItem","position":1,"name":"Home","item":"https:\/\/peakart.co.uk\/pl\/"},{"@type":"ListItem","position":2,"name":"Sklep","item":"https:\/\/peakart.co.uk\/pl\/sklep\/"},{"@type":"ListItem","position":3,"name":"Du\u017cy wykonany r\u0119cznie zegar \u015bcienny denim"}]},{"@type":"WebSite","@id":"https:\/\/peakart.co.uk\/de\/#website","url":"https:\/\/peakart.co.uk\/de\/","name":"Peak Art","description":"","publisher":{"@id":"https:\/\/peakart.co.uk\/de\/#organization"},"potentialAction":[{"@type":"SearchAction","target":{"@type":"EntryPoint","urlTemplate":"https:\/\/peakart.co.uk\/de\/?s={search_term_string}"},"query-input":{"@type":"PropertyValueSpecification","valueRequired":true,"valueName":"search_term_string"}}],"inLanguage":"pl-PL"},{"@type":"Organization","@id":"https:\/\/peakart.co.uk\/de\/#organization","name":"Peak Art","url":"https:\/\/peakart.co.uk\/de\/","logo":{"@type":"ImageObject","inLanguage":"pl-PL","@id":"https:\/\/peakart.co.uk\/de\/#\/schema\/logo\/image\/","url":"https:\/\/peakart.co.uk\/wp-content\/uploads\/2023\/07\/logo-8.jpg","contentUrl":"https:\/\/peakart.co.uk\/wp-content\/uploads\/2023\/07\/logo-8.jpg","width":666,"height":259,"caption":"Peak Art"},"image":{"@id":"https:\/\/peakart.co.uk\/de\/#\/schema\/logo\/image\/"},"sameAs":["https:\/\/www.facebook.com\/PeakArtClocks\/"],"hasMerchantReturnPolicy":{"@type":"MerchantReturnPolicy","merchantReturnLink":"https:\/\/peakart.co.uk\/refund_returns\/"}}]},"og_availability":"instock","product_availability":"instock","product_retailer_item_id":"PEAKART-82546","product_condition":"new"},"_links":{"self":[{"href":"https:\/\/peakart.co.uk\/pl\/wp-json\/wp\/v2\/product\/5769","targetHints":{"allow":["GET"]}}],"collection":[{"href":"https:\/\/peakart.co.uk\/pl\/wp-json\/wp\/v2\/product"}],"about":[{"href":"https:\/\/peakart.co.uk\/pl\/wp-json\/wp\/v2\/types\/product"}],"replies":[{"embeddable":true,"href":"https:\/\/peakart.co.uk\/pl\/wp-json\/wp\/v2\/comments?post=5769"}],"wp:featuredmedia":[{"embeddable":true,"href":"https:\/\/peakart.co.uk\/pl\/wp-json\/wp\/v2\/media\/32349"}],"wp:attachment":[{"href":"https:\/\/peakart.co.uk\/pl\/wp-json\/wp\/v2\/media?parent=5769"}],"wp:term":[{"taxonomy":"product_brand","embeddable":true,"href":"https:\/\/peakart.co.uk\/pl\/wp-json\/wp\/v2\/product_brand?post=5769"},{"taxonomy":"product_cat","embeddable":true,"href":"https:\/\/peakart.co.uk\/pl\/wp-json\/wp\/v2\/product_cat?post=5769"},{"taxonomy":"product_tag","embeddable":true,"href":"https:\/\/peakart.co.uk\/pl\/wp-json\/wp\/v2\/product_tag?post=5769"}],"curies":[{"name":"wp","href":"https:\/\/api.w.org\/{rel}","templated":true}]}}