{"id":5768,"date":"2015-07-17T17:07:55","date_gmt":"2015-07-17T16:07:55","guid":{"rendered":"http:\/\/peakart.co.uk\/product\/wielki-zegar-na-sciane-styl-sredniowieczny-cyfry-rzymskie\/"},"modified":"2023-03-25T22:06:48","modified_gmt":"2023-03-25T22:06:48","slug":"duzy-zegar-scienny-w-stylu-sredniowiecznym","status":"publish","type":"product","link":"https:\/\/peakart.co.uk\/pl\/produkt\/duzy-zegar-scienny-w-stylu-sredniowiecznym\/","title":{"rendered":"Du\u017cy zegar \u015bcienny w stylu \u015bredniowiecznym"},"content":{"rendered":"<h2>Du\u017cy zegar \u015bcienny w stylu \u015bredniowiecznym z cyframi rzymskimi<\/h2>\n<p>\u201eClassic Rustic\u201d to du\u017cy zegar \u015bcienny z autorskiej kolekcji Peak Art, kt\u00f3ry zachwyca swym kunsztem i unikalno\u015bci\u0105. Zegar zosta\u0142 wykonany w stylu rustykalnym, w kt\u00f3rym drewno stanowi motyw przewodni. Tylna cz\u0119\u015b\u0107 zosta\u0142a pomalowana na ciemniejszy kolor ni\u017c front, aby uzyska\u0107 ciekawy kontrast i zachwycaj\u0105cy efekt wizualny. Do wyko\u0144czenia zegara zastosowane zosta\u0142y wysokiej jako\u015bci farby.<\/p>\n<p>Nasz du\u017cy zegar \u015bcienny doskonale komponuje si\u0119 z minimalistycznymi przestrzeniami nadaj\u0105c im wyj\u0105tkowego uroku. Jest tak\u017ce fanatycznym dope\u0142nieniem designerskich wn\u0119trz.<\/p>\n<p>Du\u017cy zegar \u015bcienny \u201eClassic Rustic\u201d jak ca\u0142a nasza kolekcja udowadnia, \u017ce czasomierze mog\u0105 by\u0107 prawdziw\u0105 sztuk\u0105. Stworzony zosta\u0142 przez artystk\u0119, kt\u00f3ra pracuje nad ka\u017cdym detalem tak d\u0142ugo, a\u017c uzyska ten niepowtarzalny, jedyny w swoim rodzaju efekt.<\/p>\n<p>Zegar wyposa\u017cony zosta\u0142 w jeden z najbardziej wydajnych mechanizm\u00f3w dost\u0119pnych na rynku, kt\u00f3ry pozwala na nieprzerwan\u0105 prac\u0119 zegara nawet przez dziewi\u0119\u0107 miesi\u0119cy. Decyduj\u0105c si\u0119 na ten model, mog\u0105 Pa\u0144stwo wybra\u0107 jeden z trzech dost\u0119pnych rozmiar\u00f3w.<\/p>\n<p>Serdecznie zach\u0119camy do zapoznania si\u0119 z nasz\u0105 ca\u0142\u0105 kolekcj\u0105 du\u017cych \u015bciennych zegar\u00f3w dekoracyjnych. Ka\u017cdy okaz jest intryguj\u0105cy, a r\u0119czne wykonanie sprawia, \u017ce nie ma dw\u00f3ch identycznych dzie\u0142.<\/p>\n","protected":false},"excerpt":{"rendered":"<p>Du\u017cy zegar \u015bcienny w stylu \u015bredniowiecznym to propozycja dla os\u00f3b, kt\u00f3re szukaj\u0105 wyj\u0105tkowego dodatku dekoracyjnego. Ten zegar nada Twoim wn\u0119trzom niepowtarzalnego klimatu! Nie czekaj poznaj nasz\u0105 ofert\u0119!<\/p>\n<p>\u201eClassic Rustic\u201d \u2013 to wyrafinowany du\u017cy zegar \u015bcienny, kt\u00f3ry odmieni Twoje wn\u0119trze. Ten wyj\u0105tkowy czasomierz zosta\u0142 wykonany w\u0142asnor\u0119cznie z dw\u00f3ch kawa\u0142k\u00f3w wyselekcjonowanego drewna sosnowego. Reprezentuje styl rustykalny, \u015bredniowieczny i idealnie \u0142\u0105czy si\u0119 z wieloma stylami aran\u017cacji wn\u0119trz.<\/p>\n<p><strong>Projekt i R\u0119czne Wykonanie<\/strong>\u00a0\u2013 Anna Siodelska, Wielka Brytania<\/p>\n<p><strong>Front<\/strong>\u00a0\u2013 Rustykalny<\/p>\n<p><strong>Ty\u0142<\/strong>\u00a0\u2013 Grafitowy<\/p>\n","protected":false},"featured_media":32346,"comment_status":"open","ping_status":"closed","template":"","meta":[],"product_brand":[],"product_cat":[56],"product_tag":[50,65,68,2671],"class_list":{"0":"post-5768","1":"product","2":"type-product","3":"status-publish","4":"has-post-thumbnail","6":"product_cat-duze-zegary-scienne","7":"product_tag-artystyczne-zegary-scienne","8":"product_tag-duze-zegary-dekoracyjne-na-sciane","9":"product_tag-drewniane-zegary-scienne-z-cyframi-rzymskimi","10":"product_tag-nietypowe-duze-zegary-scienne","11":"product_shipping_class-oversized-clocks-pl","13":"first","14":"instock","15":"sale","16":"taxable","17":"shipping-taxable","18":"purchasable","19":"product-type-variable"},"yoast_head":"<!-- This site is optimized with the Yoast SEO Premium plugin v27.2 (Yoast SEO v27.2) - https:\/\/yoast.com\/product\/yoast-seo-premium-wordpress\/ -->\n<title>Du\u017cy zegar \u015bcienny w stylu \u015bredniowiecznym dost\u0119pny w trzech rozmiarach<\/title>\n<meta name=\"description\" content=\"Nasz zegar \u015bcienny w stylu \u015bredniowiecznym jest wykonany z drewna sosnowego i r\u0119cznie malowany\" \/>\n<meta name=\"robots\" content=\"index, follow, max-snippet:-1, max-image-preview:large, max-video-preview:-1\" \/>\n<link rel=\"canonical\" href=\"https:\/\/peakart.co.uk\/pl\/produkt\/duzy-zegar-scienny-w-stylu-sredniowiecznym\/\" \/>\n<meta property=\"og:locale\" content=\"pl_PL\" \/>\n<meta property=\"og:type\" content=\"article\" \/>\n<meta property=\"og:title\" content=\"Du\u017cy zegar \u015bcienny w stylu \u015bredniowiecznym\" \/>\n<meta property=\"og:description\" content=\"Nasz zegar \u015bcienny w stylu \u015bredniowiecznym jest wykonany z drewna sosnowego i r\u0119cznie malowany\" \/>\n<meta property=\"og:url\" content=\"https:\/\/peakart.co.uk\/pl\/produkt\/duzy-zegar-scienny-w-stylu-sredniowiecznym\/\" \/>\n<meta property=\"og:site_name\" content=\"Peak Art\" \/>\n<meta property=\"article:publisher\" content=\"https:\/\/www.facebook.com\/PeakArtClocks\/\" \/>\n<meta property=\"article:modified_time\" content=\"2023-03-25T22:06:48+00:00\" \/>\n<meta property=\"og:image\" content=\"https:\/\/peakart.co.uk\/wp-content\/uploads\/2015\/07\/Rustic-zoom-1.jpg\" \/>\n\t<meta property=\"og:image:width\" content=\"500\" \/>\n\t<meta property=\"og:image:height\" content=\"500\" \/>\n\t<meta property=\"og:image:type\" content=\"image\/jpeg\" \/>\n<meta name=\"twitter:card\" content=\"summary_large_image\" \/>\n<meta name=\"twitter:label1\" content=\"Dost\u0119pno\u015b\u0107\" \/>\n\t<meta name=\"twitter:data1\" content=\"Dost\u0119pny\" \/>\n<script type=\"application\/ld+json\" class=\"yoast-schema-graph\">{\"@context\":\"https:\/\/schema.org\",\"@graph\":[{\"@type\":\"WebPage\",\"@id\":\"https:\/\/peakart.co.uk\/pl\/produkt\/duzy-zegar-scienny-w-stylu-sredniowiecznym\/\",\"url\":\"https:\/\/peakart.co.uk\/pl\/produkt\/duzy-zegar-scienny-w-stylu-sredniowiecznym\/\",\"name\":\"Du\u017cy zegar \u015bcienny w stylu \u015bredniowiecznym dost\u0119pny w trzech rozmiarach\",\"isPartOf\":{\"@id\":\"https:\/\/peakart.co.uk\/de\/#website\"},\"primaryImageOfPage\":{\"@id\":\"https:\/\/peakart.co.uk\/pl\/produkt\/duzy-zegar-scienny-w-stylu-sredniowiecznym\/#primaryimage\"},\"image\":{\"@id\":\"https:\/\/peakart.co.uk\/pl\/produkt\/duzy-zegar-scienny-w-stylu-sredniowiecznym\/#primaryimage\"},\"thumbnailUrl\":\"https:\/\/peakart.co.uk\/wp-content\/uploads\/2015\/07\/Rustic-zoom-1.jpg\",\"datePublished\":\"2015-07-17T16:07:55+00:00\",\"dateModified\":\"2023-03-25T22:06:48+00:00\",\"description\":\"Nasz zegar \u015bcienny w stylu \u015bredniowiecznym jest wykonany z drewna sosnowego i r\u0119cznie malowany\",\"breadcrumb\":{\"@id\":\"https:\/\/peakart.co.uk\/pl\/produkt\/duzy-zegar-scienny-w-stylu-sredniowiecznym\/#breadcrumb\"},\"inLanguage\":\"pl-PL\",\"potentialAction\":[{\"@type\":\"ReadAction\",\"target\":[\"https:\/\/peakart.co.uk\/pl\/produkt\/duzy-zegar-scienny-w-stylu-sredniowiecznym\/\"]}]},{\"@type\":\"ImageObject\",\"inLanguage\":\"pl-PL\",\"@id\":\"https:\/\/peakart.co.uk\/pl\/produkt\/duzy-zegar-scienny-w-stylu-sredniowiecznym\/#primaryimage\",\"url\":\"https:\/\/peakart.co.uk\/wp-content\/uploads\/2015\/07\/Rustic-zoom-1.jpg\",\"contentUrl\":\"https:\/\/peakart.co.uk\/wp-content\/uploads\/2015\/07\/Rustic-zoom-1.jpg\",\"width\":500,\"height\":500},{\"@type\":\"BreadcrumbList\",\"@id\":\"https:\/\/peakart.co.uk\/pl\/produkt\/duzy-zegar-scienny-w-stylu-sredniowiecznym\/#breadcrumb\",\"itemListElement\":[{\"@type\":\"ListItem\",\"position\":1,\"name\":\"Home\",\"item\":\"https:\/\/peakart.co.uk\/pl\/\"},{\"@type\":\"ListItem\",\"position\":2,\"name\":\"Sklep\",\"item\":\"https:\/\/peakart.co.uk\/pl\/sklep\/\"},{\"@type\":\"ListItem\",\"position\":3,\"name\":\"Du\u017cy zegar \u015bcienny w stylu \u015bredniowiecznym\"}]},{\"@type\":\"WebSite\",\"@id\":\"https:\/\/peakart.co.uk\/de\/#website\",\"url\":\"https:\/\/peakart.co.uk\/de\/\",\"name\":\"Peak Art\",\"description\":\"\",\"publisher\":{\"@id\":\"https:\/\/peakart.co.uk\/de\/#organization\"},\"potentialAction\":[{\"@type\":\"SearchAction\",\"target\":{\"@type\":\"EntryPoint\",\"urlTemplate\":\"https:\/\/peakart.co.uk\/de\/?s={search_term_string}\"},\"query-input\":{\"@type\":\"PropertyValueSpecification\",\"valueRequired\":true,\"valueName\":\"search_term_string\"}}],\"inLanguage\":\"pl-PL\"},{\"@type\":\"Organization\",\"@id\":\"https:\/\/peakart.co.uk\/de\/#organization\",\"name\":\"Peak Art\",\"url\":\"https:\/\/peakart.co.uk\/de\/\",\"logo\":{\"@type\":\"ImageObject\",\"inLanguage\":\"pl-PL\",\"@id\":\"https:\/\/peakart.co.uk\/de\/#\/schema\/logo\/image\/\",\"url\":\"https:\/\/peakart.co.uk\/wp-content\/uploads\/2023\/07\/logo-8.jpg\",\"contentUrl\":\"https:\/\/peakart.co.uk\/wp-content\/uploads\/2023\/07\/logo-8.jpg\",\"width\":666,\"height\":259,\"caption\":\"Peak Art\"},\"image\":{\"@id\":\"https:\/\/peakart.co.uk\/de\/#\/schema\/logo\/image\/\"},\"sameAs\":[\"https:\/\/www.facebook.com\/PeakArtClocks\/\"],\"hasMerchantReturnPolicy\":{\"@type\":\"MerchantReturnPolicy\",\"merchantReturnLink\":\"https:\/\/peakart.co.uk\/refund_returns\/\"}}]}<\/script>\n<meta property=\"og:availability\" content=\"instock\" \/>\n<meta property=\"product:availability\" content=\"instock\" \/>\n<meta property=\"product:retailer_item_id\" content=\"PEAKART-86513\" \/>\n<meta property=\"product:condition\" content=\"new\" \/>\n<!-- \/ Yoast SEO Premium plugin. -->","yoast_head_json":{"title":"Du\u017cy zegar \u015bcienny w stylu \u015bredniowiecznym dost\u0119pny w trzech rozmiarach","description":"Nasz zegar \u015bcienny w stylu \u015bredniowiecznym jest wykonany z drewna sosnowego i r\u0119cznie malowany","robots":{"index":"index","follow":"follow","max-snippet":"max-snippet:-1","max-image-preview":"max-image-preview:large","max-video-preview":"max-video-preview:-1"},"canonical":"https:\/\/peakart.co.uk\/pl\/produkt\/duzy-zegar-scienny-w-stylu-sredniowiecznym\/","og_locale":"pl_PL","og_type":"article","og_title":"Du\u017cy zegar \u015bcienny w stylu \u015bredniowiecznym","og_description":"Nasz zegar \u015bcienny w stylu \u015bredniowiecznym jest wykonany z drewna sosnowego i r\u0119cznie malowany","og_url":"https:\/\/peakart.co.uk\/pl\/produkt\/duzy-zegar-scienny-w-stylu-sredniowiecznym\/","og_site_name":"Peak Art","article_publisher":"https:\/\/www.facebook.com\/PeakArtClocks\/","article_modified_time":"2023-03-25T22:06:48+00:00","og_image":[{"width":500,"height":500,"url":"https:\/\/peakart.co.uk\/wp-content\/uploads\/2015\/07\/Rustic-zoom-1.jpg","type":"image\/jpeg"}],"twitter_card":"summary_large_image","twitter_misc":{"Dost\u0119pno\u015b\u0107":"Dost\u0119pny"},"schema":{"@context":"https:\/\/schema.org","@graph":[{"@type":"WebPage","@id":"https:\/\/peakart.co.uk\/pl\/produkt\/duzy-zegar-scienny-w-stylu-sredniowiecznym\/","url":"https:\/\/peakart.co.uk\/pl\/produkt\/duzy-zegar-scienny-w-stylu-sredniowiecznym\/","name":"Du\u017cy zegar \u015bcienny w stylu \u015bredniowiecznym dost\u0119pny w trzech rozmiarach","isPartOf":{"@id":"https:\/\/peakart.co.uk\/de\/#website"},"primaryImageOfPage":{"@id":"https:\/\/peakart.co.uk\/pl\/produkt\/duzy-zegar-scienny-w-stylu-sredniowiecznym\/#primaryimage"},"image":{"@id":"https:\/\/peakart.co.uk\/pl\/produkt\/duzy-zegar-scienny-w-stylu-sredniowiecznym\/#primaryimage"},"thumbnailUrl":"https:\/\/peakart.co.uk\/wp-content\/uploads\/2015\/07\/Rustic-zoom-1.jpg","datePublished":"2015-07-17T16:07:55+00:00","dateModified":"2023-03-25T22:06:48+00:00","description":"Nasz zegar \u015bcienny w stylu \u015bredniowiecznym jest wykonany z drewna sosnowego i r\u0119cznie malowany","breadcrumb":{"@id":"https:\/\/peakart.co.uk\/pl\/produkt\/duzy-zegar-scienny-w-stylu-sredniowiecznym\/#breadcrumb"},"inLanguage":"pl-PL","potentialAction":[{"@type":"ReadAction","target":["https:\/\/peakart.co.uk\/pl\/produkt\/duzy-zegar-scienny-w-stylu-sredniowiecznym\/"]}]},{"@type":"ImageObject","inLanguage":"pl-PL","@id":"https:\/\/peakart.co.uk\/pl\/produkt\/duzy-zegar-scienny-w-stylu-sredniowiecznym\/#primaryimage","url":"https:\/\/peakart.co.uk\/wp-content\/uploads\/2015\/07\/Rustic-zoom-1.jpg","contentUrl":"https:\/\/peakart.co.uk\/wp-content\/uploads\/2015\/07\/Rustic-zoom-1.jpg","width":500,"height":500},{"@type":"BreadcrumbList","@id":"https:\/\/peakart.co.uk\/pl\/produkt\/duzy-zegar-scienny-w-stylu-sredniowiecznym\/#breadcrumb","itemListElement":[{"@type":"ListItem","position":1,"name":"Home","item":"https:\/\/peakart.co.uk\/pl\/"},{"@type":"ListItem","position":2,"name":"Sklep","item":"https:\/\/peakart.co.uk\/pl\/sklep\/"},{"@type":"ListItem","position":3,"name":"Du\u017cy zegar \u015bcienny w stylu \u015bredniowiecznym"}]},{"@type":"WebSite","@id":"https:\/\/peakart.co.uk\/de\/#website","url":"https:\/\/peakart.co.uk\/de\/","name":"Peak Art","description":"","publisher":{"@id":"https:\/\/peakart.co.uk\/de\/#organization"},"potentialAction":[{"@type":"SearchAction","target":{"@type":"EntryPoint","urlTemplate":"https:\/\/peakart.co.uk\/de\/?s={search_term_string}"},"query-input":{"@type":"PropertyValueSpecification","valueRequired":true,"valueName":"search_term_string"}}],"inLanguage":"pl-PL"},{"@type":"Organization","@id":"https:\/\/peakart.co.uk\/de\/#organization","name":"Peak Art","url":"https:\/\/peakart.co.uk\/de\/","logo":{"@type":"ImageObject","inLanguage":"pl-PL","@id":"https:\/\/peakart.co.uk\/de\/#\/schema\/logo\/image\/","url":"https:\/\/peakart.co.uk\/wp-content\/uploads\/2023\/07\/logo-8.jpg","contentUrl":"https:\/\/peakart.co.uk\/wp-content\/uploads\/2023\/07\/logo-8.jpg","width":666,"height":259,"caption":"Peak Art"},"image":{"@id":"https:\/\/peakart.co.uk\/de\/#\/schema\/logo\/image\/"},"sameAs":["https:\/\/www.facebook.com\/PeakArtClocks\/"],"hasMerchantReturnPolicy":{"@type":"MerchantReturnPolicy","merchantReturnLink":"https:\/\/peakart.co.uk\/refund_returns\/"}}]},"og_availability":"instock","product_availability":"instock","product_retailer_item_id":"PEAKART-86513","product_condition":"new"},"_links":{"self":[{"href":"https:\/\/peakart.co.uk\/pl\/wp-json\/wp\/v2\/product\/5768","targetHints":{"allow":["GET"]}}],"collection":[{"href":"https:\/\/peakart.co.uk\/pl\/wp-json\/wp\/v2\/product"}],"about":[{"href":"https:\/\/peakart.co.uk\/pl\/wp-json\/wp\/v2\/types\/product"}],"replies":[{"embeddable":true,"href":"https:\/\/peakart.co.uk\/pl\/wp-json\/wp\/v2\/comments?post=5768"}],"wp:featuredmedia":[{"embeddable":true,"href":"https:\/\/peakart.co.uk\/pl\/wp-json\/wp\/v2\/media\/32346"}],"wp:attachment":[{"href":"https:\/\/peakart.co.uk\/pl\/wp-json\/wp\/v2\/media?parent=5768"}],"wp:term":[{"taxonomy":"product_brand","embeddable":true,"href":"https:\/\/peakart.co.uk\/pl\/wp-json\/wp\/v2\/product_brand?post=5768"},{"taxonomy":"product_cat","embeddable":true,"href":"https:\/\/peakart.co.uk\/pl\/wp-json\/wp\/v2\/product_cat?post=5768"},{"taxonomy":"product_tag","embeddable":true,"href":"https:\/\/peakart.co.uk\/pl\/wp-json\/wp\/v2\/product_tag?post=5768"}],"curies":[{"name":"wp","href":"https:\/\/api.w.org\/{rel}","templated":true}]}}