{"id":5732,"date":"2015-04-04T21:00:58","date_gmt":"2015-04-04T20:00:58","guid":{"rendered":"http:\/\/peakart.co.uk\/product\/niesamowity-zegar-drewaniany-w-stylu-shabby-chic\/"},"modified":"2023-03-26T21:22:15","modified_gmt":"2023-03-26T20:22:15","slug":"zegar-francuski","status":"publish","type":"product","link":"https:\/\/peakart.co.uk\/pl\/produkt\/zegar-francuski\/","title":{"rendered":"Ozdobny Zegar Francuski na \u015acian\u0119"},"content":{"rendered":"<h2>Niesamowity zegar francuski na \u015bcian\u0119 wykonany r\u0119cznie z drewna<\/h2>\n<p>Poszukujesz klasyki w najwy\u017cszej jako\u015bci wydaniu? To w\u0142a\u015bnie dla Ciebie zosta\u0142 stworzony ten zegar francuski. Jest to przyk\u0142ad ponadczasowego projektu, urzekaj\u0105cego swoj\u0105 wyrafinowan\u0105 prostot\u0105.<\/p>\n<p>Zegar wykonany zosta\u0142 w stylu shabby chic, kt\u00f3ry charakteryzuje si\u0119 postarzeniami, obtarciami i celowo zastosowanymi niedoskona\u0142o\u015bciami wykonania. To wszystko przy zachowaniu szykowno\u015bci i klasy. Kolorystyka zegara, czyli wyp\u0142owia\u0142e br\u0105zy nawi\u0105zuj\u0105 to stylu nazywanego nostalgicznym powiewem przesz\u0142o\u015bci. Ten zegar francuski sprawia wra\u017cenie starego i zniszczonego jednak wykonanego z ogromn\u0105 dok\u0142adno\u015bci\u0105 i przywi\u0105zaniem uwagi do detali. Stanowi on idealne po\u0142\u0105czenie z nowoczesnymi meblami, kt\u00f3re w zestawieniu z postarzanymi elementami, tworz\u0105 klimat \u201ez dusz\u0105\u201d.<\/p>\n<p>Nasz zegar francuski to propozycja, dla os\u00f3b, kt\u00f3re chc\u0105 prze\u0142ama\u0107 dzisiejsz\u0105 perfekcj\u0119 i styl modern. Z tym wyrafinowanym i ponadczasowym zegarem mo\u017cesz nada\u0107 swoim wn\u0119trza zupe\u0142nie nowe oblicze.\u00a0Zegar zosta\u0142 wyposa\u017cony w niezwykle cichy i wydajny mechanizm C Cell, kt\u00f3rego zastosowanie wyr\u00f3\u017cnia nas na tle tanich zegar\u00f3w konkurencji. Wszystkie zegary z naszej kolekcji wykonywane s\u0105 w 100% w\u0142asnor\u0119cznie z najlepszego gatunku drewna. Od lat ciesz\u0105 si\u0119 uznaniem koneser\u00f3w sztuki handmade.\u00a0Zegary, kt\u00f3re mog\u0105 Pa\u0144stwo znale\u017a\u0107 na naszej stronie powsta\u0142y wed\u0142ug autorskich projekt\u00f3w i s\u0105 dost\u0119pne wy\u0142\u0105cznie w naszym sklepie.<\/p>\n","protected":false},"excerpt":{"rendered":"<p>Wspania\u0142y francuski zegar \u015bcienny wykonany r\u0119cznie z dw\u00f3ch du\u017cych paneli drewna sosnowego pochodz\u0105cych od sprawdzonych dostawc\u00f3w. Front zegara to starannie wykonane Cyfry Rzymskie na r\u0119cznie malowanym tle. Dzi\u0119ki ca\u0142kowitej \u015brednicy 100 cm i unikatowemu charakterowi zegar ten b\u0119dzie idealnie pasowa\u0142 do wielu pomieszcze\u0144 w stylu Shabby Chic.<\/p>\n<p><b>Projekt i R\u0119czne Wykonanie<\/b>\u00a0&#8211;\u00a0Anna Siodelska<\/p>\n<p><b>Front<\/b> \u2013\u00a0Zielonkawy \/ Shabby Chic<\/p>\n<p><strong>Ty\u0142<\/strong> \u2013\u00a0Stare Z\u0142oto<\/p>\n","protected":false},"featured_media":32448,"comment_status":"open","ping_status":"closed","template":"","meta":[],"product_brand":[],"product_cat":[56],"product_tag":[50,65,68,76],"class_list":{"0":"post-5732","1":"product","2":"type-product","3":"status-publish","4":"has-post-thumbnail","6":"product_cat-duze-zegary-scienne","7":"product_tag-artystyczne-zegary-scienne","8":"product_tag-duze-zegary-dekoracyjne-na-sciane","9":"product_tag-drewniane-zegary-scienne-z-cyframi-rzymskimi","10":"product_tag-zegary-scienne-shabby-chic","11":"product_shipping_class-oversized-clocks-pl","13":"first","14":"instock","15":"sale","16":"taxable","17":"shipping-taxable","18":"purchasable","19":"product-type-variable"},"yoast_head":"<!-- This site is optimized with the Yoast SEO Premium plugin v27.2 (Yoast SEO v27.2) - https:\/\/yoast.com\/product\/yoast-seo-premium-wordpress\/ -->\n<title>Wielki Zegar Francuski Na \u015acian\u0119 do Stylowego Salonu. R\u0119czne Wykonanie.<\/title>\n<meta name=\"description\" content=\"Wielki pi\u0119knie zaprojektowany zegar francuski. Wykonany w ca\u0142o\u015bci r\u0119cznie z drewna sosnowego.\" \/>\n<meta name=\"robots\" content=\"index, follow, max-snippet:-1, max-image-preview:large, max-video-preview:-1\" \/>\n<link rel=\"canonical\" href=\"https:\/\/peakart.co.uk\/pl\/produkt\/zegar-francuski\/\" \/>\n<meta property=\"og:locale\" content=\"pl_PL\" \/>\n<meta property=\"og:type\" content=\"article\" \/>\n<meta property=\"og:title\" content=\"Ozdobny Zegar Francuski na \u015acian\u0119\" \/>\n<meta property=\"og:description\" content=\"Wielki pi\u0119knie zaprojektowany zegar francuski. Wykonany w ca\u0142o\u015bci r\u0119cznie z drewna sosnowego.\" \/>\n<meta property=\"og:url\" content=\"https:\/\/peakart.co.uk\/pl\/produkt\/zegar-francuski\/\" \/>\n<meta property=\"og:site_name\" content=\"Peak Art\" \/>\n<meta property=\"article:publisher\" content=\"https:\/\/www.facebook.com\/PeakArtClocks\/\" \/>\n<meta property=\"article:modified_time\" content=\"2023-03-26T20:22:15+00:00\" \/>\n<meta property=\"og:image\" content=\"https:\/\/peakart.co.uk\/wp-content\/uploads\/2015\/04\/IMG_1313-scaled.jpg\" \/>\n\t<meta property=\"og:image:width\" content=\"2560\" \/>\n\t<meta property=\"og:image:height\" content=\"1707\" \/>\n\t<meta property=\"og:image:type\" content=\"image\/jpeg\" \/>\n<meta name=\"twitter:card\" content=\"summary_large_image\" \/>\n<meta name=\"twitter:label1\" content=\"Dost\u0119pno\u015b\u0107\" \/>\n\t<meta name=\"twitter:data1\" content=\"Dost\u0119pny\" \/>\n<script type=\"application\/ld+json\" class=\"yoast-schema-graph\">{\"@context\":\"https:\/\/schema.org\",\"@graph\":[{\"@type\":\"WebPage\",\"@id\":\"https:\/\/peakart.co.uk\/pl\/produkt\/zegar-francuski\/\",\"url\":\"https:\/\/peakart.co.uk\/pl\/produkt\/zegar-francuski\/\",\"name\":\"Wielki Zegar Francuski Na \u015acian\u0119 do Stylowego Salonu. R\u0119czne Wykonanie.\",\"isPartOf\":{\"@id\":\"https:\/\/peakart.co.uk\/de\/#website\"},\"primaryImageOfPage\":{\"@id\":\"https:\/\/peakart.co.uk\/pl\/produkt\/zegar-francuski\/#primaryimage\"},\"image\":{\"@id\":\"https:\/\/peakart.co.uk\/pl\/produkt\/zegar-francuski\/#primaryimage\"},\"thumbnailUrl\":\"https:\/\/peakart.co.uk\/wp-content\/uploads\/2015\/04\/IMG_1313-scaled.jpg\",\"datePublished\":\"2015-04-04T20:00:58+00:00\",\"dateModified\":\"2023-03-26T20:22:15+00:00\",\"description\":\"Wielki pi\u0119knie zaprojektowany zegar francuski. Wykonany w ca\u0142o\u015bci r\u0119cznie z drewna sosnowego.\",\"breadcrumb\":{\"@id\":\"https:\/\/peakart.co.uk\/pl\/produkt\/zegar-francuski\/#breadcrumb\"},\"inLanguage\":\"pl-PL\",\"potentialAction\":[{\"@type\":\"ReadAction\",\"target\":[\"https:\/\/peakart.co.uk\/pl\/produkt\/zegar-francuski\/\"]}]},{\"@type\":\"ImageObject\",\"inLanguage\":\"pl-PL\",\"@id\":\"https:\/\/peakart.co.uk\/pl\/produkt\/zegar-francuski\/#primaryimage\",\"url\":\"https:\/\/peakart.co.uk\/wp-content\/uploads\/2015\/04\/IMG_1313-scaled.jpg\",\"contentUrl\":\"https:\/\/peakart.co.uk\/wp-content\/uploads\/2015\/04\/IMG_1313-scaled.jpg\",\"width\":2560,\"height\":1707},{\"@type\":\"BreadcrumbList\",\"@id\":\"https:\/\/peakart.co.uk\/pl\/produkt\/zegar-francuski\/#breadcrumb\",\"itemListElement\":[{\"@type\":\"ListItem\",\"position\":1,\"name\":\"Home\",\"item\":\"https:\/\/peakart.co.uk\/pl\/\"},{\"@type\":\"ListItem\",\"position\":2,\"name\":\"Sklep\",\"item\":\"https:\/\/peakart.co.uk\/pl\/sklep\/\"},{\"@type\":\"ListItem\",\"position\":3,\"name\":\"Ozdobny Zegar Francuski na \u015acian\u0119\"}]},{\"@type\":\"WebSite\",\"@id\":\"https:\/\/peakart.co.uk\/de\/#website\",\"url\":\"https:\/\/peakart.co.uk\/de\/\",\"name\":\"Peak Art\",\"description\":\"\",\"publisher\":{\"@id\":\"https:\/\/peakart.co.uk\/de\/#organization\"},\"potentialAction\":[{\"@type\":\"SearchAction\",\"target\":{\"@type\":\"EntryPoint\",\"urlTemplate\":\"https:\/\/peakart.co.uk\/de\/?s={search_term_string}\"},\"query-input\":{\"@type\":\"PropertyValueSpecification\",\"valueRequired\":true,\"valueName\":\"search_term_string\"}}],\"inLanguage\":\"pl-PL\"},{\"@type\":\"Organization\",\"@id\":\"https:\/\/peakart.co.uk\/de\/#organization\",\"name\":\"Peak Art\",\"url\":\"https:\/\/peakart.co.uk\/de\/\",\"logo\":{\"@type\":\"ImageObject\",\"inLanguage\":\"pl-PL\",\"@id\":\"https:\/\/peakart.co.uk\/de\/#\/schema\/logo\/image\/\",\"url\":\"https:\/\/peakart.co.uk\/wp-content\/uploads\/2023\/07\/logo-8.jpg\",\"contentUrl\":\"https:\/\/peakart.co.uk\/wp-content\/uploads\/2023\/07\/logo-8.jpg\",\"width\":666,\"height\":259,\"caption\":\"Peak Art\"},\"image\":{\"@id\":\"https:\/\/peakart.co.uk\/de\/#\/schema\/logo\/image\/\"},\"sameAs\":[\"https:\/\/www.facebook.com\/PeakArtClocks\/\"],\"hasMerchantReturnPolicy\":{\"@type\":\"MerchantReturnPolicy\",\"merchantReturnLink\":\"https:\/\/peakart.co.uk\/refund_returns\/\"}}]}<\/script>\n<meta property=\"og:availability\" content=\"instock\" \/>\n<meta property=\"product:availability\" content=\"instock\" \/>\n<meta property=\"product:retailer_item_id\" content=\"PEAKART-86342\" \/>\n<meta property=\"product:condition\" content=\"new\" \/>\n<!-- \/ Yoast SEO Premium plugin. -->","yoast_head_json":{"title":"Wielki Zegar Francuski Na \u015acian\u0119 do Stylowego Salonu. R\u0119czne Wykonanie.","description":"Wielki pi\u0119knie zaprojektowany zegar francuski. Wykonany w ca\u0142o\u015bci r\u0119cznie z drewna sosnowego.","robots":{"index":"index","follow":"follow","max-snippet":"max-snippet:-1","max-image-preview":"max-image-preview:large","max-video-preview":"max-video-preview:-1"},"canonical":"https:\/\/peakart.co.uk\/pl\/produkt\/zegar-francuski\/","og_locale":"pl_PL","og_type":"article","og_title":"Ozdobny Zegar Francuski na \u015acian\u0119","og_description":"Wielki pi\u0119knie zaprojektowany zegar francuski. Wykonany w ca\u0142o\u015bci r\u0119cznie z drewna sosnowego.","og_url":"https:\/\/peakart.co.uk\/pl\/produkt\/zegar-francuski\/","og_site_name":"Peak Art","article_publisher":"https:\/\/www.facebook.com\/PeakArtClocks\/","article_modified_time":"2023-03-26T20:22:15+00:00","og_image":[{"width":2560,"height":1707,"url":"https:\/\/peakart.co.uk\/wp-content\/uploads\/2015\/04\/IMG_1313-scaled.jpg","type":"image\/jpeg"}],"twitter_card":"summary_large_image","twitter_misc":{"Dost\u0119pno\u015b\u0107":"Dost\u0119pny"},"schema":{"@context":"https:\/\/schema.org","@graph":[{"@type":"WebPage","@id":"https:\/\/peakart.co.uk\/pl\/produkt\/zegar-francuski\/","url":"https:\/\/peakart.co.uk\/pl\/produkt\/zegar-francuski\/","name":"Wielki Zegar Francuski Na \u015acian\u0119 do Stylowego Salonu. R\u0119czne Wykonanie.","isPartOf":{"@id":"https:\/\/peakart.co.uk\/de\/#website"},"primaryImageOfPage":{"@id":"https:\/\/peakart.co.uk\/pl\/produkt\/zegar-francuski\/#primaryimage"},"image":{"@id":"https:\/\/peakart.co.uk\/pl\/produkt\/zegar-francuski\/#primaryimage"},"thumbnailUrl":"https:\/\/peakart.co.uk\/wp-content\/uploads\/2015\/04\/IMG_1313-scaled.jpg","datePublished":"2015-04-04T20:00:58+00:00","dateModified":"2023-03-26T20:22:15+00:00","description":"Wielki pi\u0119knie zaprojektowany zegar francuski. Wykonany w ca\u0142o\u015bci r\u0119cznie z drewna sosnowego.","breadcrumb":{"@id":"https:\/\/peakart.co.uk\/pl\/produkt\/zegar-francuski\/#breadcrumb"},"inLanguage":"pl-PL","potentialAction":[{"@type":"ReadAction","target":["https:\/\/peakart.co.uk\/pl\/produkt\/zegar-francuski\/"]}]},{"@type":"ImageObject","inLanguage":"pl-PL","@id":"https:\/\/peakart.co.uk\/pl\/produkt\/zegar-francuski\/#primaryimage","url":"https:\/\/peakart.co.uk\/wp-content\/uploads\/2015\/04\/IMG_1313-scaled.jpg","contentUrl":"https:\/\/peakart.co.uk\/wp-content\/uploads\/2015\/04\/IMG_1313-scaled.jpg","width":2560,"height":1707},{"@type":"BreadcrumbList","@id":"https:\/\/peakart.co.uk\/pl\/produkt\/zegar-francuski\/#breadcrumb","itemListElement":[{"@type":"ListItem","position":1,"name":"Home","item":"https:\/\/peakart.co.uk\/pl\/"},{"@type":"ListItem","position":2,"name":"Sklep","item":"https:\/\/peakart.co.uk\/pl\/sklep\/"},{"@type":"ListItem","position":3,"name":"Ozdobny Zegar Francuski na \u015acian\u0119"}]},{"@type":"WebSite","@id":"https:\/\/peakart.co.uk\/de\/#website","url":"https:\/\/peakart.co.uk\/de\/","name":"Peak Art","description":"","publisher":{"@id":"https:\/\/peakart.co.uk\/de\/#organization"},"potentialAction":[{"@type":"SearchAction","target":{"@type":"EntryPoint","urlTemplate":"https:\/\/peakart.co.uk\/de\/?s={search_term_string}"},"query-input":{"@type":"PropertyValueSpecification","valueRequired":true,"valueName":"search_term_string"}}],"inLanguage":"pl-PL"},{"@type":"Organization","@id":"https:\/\/peakart.co.uk\/de\/#organization","name":"Peak Art","url":"https:\/\/peakart.co.uk\/de\/","logo":{"@type":"ImageObject","inLanguage":"pl-PL","@id":"https:\/\/peakart.co.uk\/de\/#\/schema\/logo\/image\/","url":"https:\/\/peakart.co.uk\/wp-content\/uploads\/2023\/07\/logo-8.jpg","contentUrl":"https:\/\/peakart.co.uk\/wp-content\/uploads\/2023\/07\/logo-8.jpg","width":666,"height":259,"caption":"Peak Art"},"image":{"@id":"https:\/\/peakart.co.uk\/de\/#\/schema\/logo\/image\/"},"sameAs":["https:\/\/www.facebook.com\/PeakArtClocks\/"],"hasMerchantReturnPolicy":{"@type":"MerchantReturnPolicy","merchantReturnLink":"https:\/\/peakart.co.uk\/refund_returns\/"}}]},"og_availability":"instock","product_availability":"instock","product_retailer_item_id":"PEAKART-86342","product_condition":"new"},"_links":{"self":[{"href":"https:\/\/peakart.co.uk\/pl\/wp-json\/wp\/v2\/product\/5732","targetHints":{"allow":["GET"]}}],"collection":[{"href":"https:\/\/peakart.co.uk\/pl\/wp-json\/wp\/v2\/product"}],"about":[{"href":"https:\/\/peakart.co.uk\/pl\/wp-json\/wp\/v2\/types\/product"}],"replies":[{"embeddable":true,"href":"https:\/\/peakart.co.uk\/pl\/wp-json\/wp\/v2\/comments?post=5732"}],"wp:featuredmedia":[{"embeddable":true,"href":"https:\/\/peakart.co.uk\/pl\/wp-json\/wp\/v2\/media\/32448"}],"wp:attachment":[{"href":"https:\/\/peakart.co.uk\/pl\/wp-json\/wp\/v2\/media?parent=5732"}],"wp:term":[{"taxonomy":"product_brand","embeddable":true,"href":"https:\/\/peakart.co.uk\/pl\/wp-json\/wp\/v2\/product_brand?post=5732"},{"taxonomy":"product_cat","embeddable":true,"href":"https:\/\/peakart.co.uk\/pl\/wp-json\/wp\/v2\/product_cat?post=5732"},{"taxonomy":"product_tag","embeddable":true,"href":"https:\/\/peakart.co.uk\/pl\/wp-json\/wp\/v2\/product_tag?post=5732"}],"curies":[{"name":"wp","href":"https:\/\/api.w.org\/{rel}","templated":true}]}}