{"id":5731,"date":"2015-10-01T10:52:28","date_gmt":"2015-10-01T09:52:28","guid":{"rendered":"http:\/\/peakart.co.uk\/product\/piekny-zegar-dekoracyjny-recznie-wykonany\/"},"modified":"2023-03-25T21:59:44","modified_gmt":"2023-03-25T21:59:44","slug":"zegar-scienny-designerski","status":"publish","type":"product","link":"https:\/\/peakart.co.uk\/pl\/produkt\/zegar-scienny-designerski\/","title":{"rendered":"Zegar \u015acienny Designerski do Salonu"},"content":{"rendered":"<h2>Zegar \u015bcienny designerski r\u0119cznie wykonany z drewna<\/h2>\n<p>\u201eOld Clipper\u201d jest najbardziej ekscentrycznym czasomierzem wykonanym r\u0119cznie przez pe\u0142nego pasji artyst\u0119. To jedyny w swoim rodzaju, pi\u0119kny zegar \u015bcienny designerski. Jest wyci\u0119ty z dw\u00f3ch du\u017cych paneli drewna sosnowego o naturalnej urodzie i charakterystycznym wygl\u0105dzie. Zegar nie ma tradycyjnych, rzymskich cyfr \u2013 zamiast tego mo\u017cna podziwia\u0107 jego rze\u017abion\u0105 powierzchni\u0119 i niezwyk\u0142\u0105 tarcz\u0119.<\/p>\n<p>Szukasz czego\u015b innego ni\u017c zwyk\u0142e obrazy na \u015bcian\u0119? Czego\u015b, co wywiera niesamowite wra\u017cenie, tr\u00f3jwymiarowego i niespotykanego? A co powiesz na bardzo du\u017cy, r\u0119cznie wykonany designerski zegar na \u015bcian\u0119 zaprojektowany na zam\u00f3wienie i odznaczaj\u0105cy si\u0119 wyj\u0105tkowym wygl\u0105dem?<\/p>\n<p>Mechanizm kwarcowy tego zegara jest zasilany pojedyncz\u0105 bateri\u0105 C. Wskaz\u00f3wki s\u0105 demontowane do wysy\u0142ki, w celu unikni\u0119cia uszkodzenia podczas transportu. W zestawie znajduj\u0105 si\u0119 wyczerpuj\u0105ce instrukcje, jak je bezpiecznie zamontowa\u0107. Mo\u017cna r\u00f3wnie\u017c obejrze\u0107 <a href=\"https:\/\/www.youtube.com\/watch?v=08Tq0lKFs30\">kr\u00f3tkie nagranie wideo<\/a>, w kt\u00f3rym przedstawiam, jak ustawi\u0107 godzin\u0119.\u00a0Wszystkie nasze <a href=\"https:\/\/peakart.co.uk\/pl\/tag-produktu\/duze-zegary-dekoracyjne-na-sciane\/\">du\u017ce zegary dekoracyjne<\/a> s\u0105 wykonane z drewna i indywidualnie r\u0119cznie pomalowane. Dzi\u0119ki temu wy\u015bmienicie sprawdz\u0105 si\u0119 jako przedmiot skupiaj\u0105cy uwag\u0119 w domu, biurze czy luksusowym hotelu. Niezale\u017cnie od miejsca monta\u017cu ka\u017cdy z nich z pewno\u015bci\u0105 zatrzyma wzrok obserwator\u00f3w.<\/p>\n<p>Porzu\u0107 stare zwyczaje i dotychczasowe trendy, i tw\u00f3rz mod\u0119, si\u0119gaj\u0105c po bardzo du\u017ce designerskie zegary \u015bcienne od Peak Art. My wyznaczamy kierunek na tym niszowym rynku, wi\u0119c kupuj\u0105c u nas mo\u017cesz mie\u0107 pewno\u015b\u0107 co do najwy\u017cszej jako\u015bci produkt\u00f3w oraz obs\u0142ugi klienta.<\/p>\n<p>&nbsp;<\/p>\n","protected":false},"excerpt":{"rendered":"<p>Wielki designerski zegar \u015bcienny wykonany z drzewa sosnowego. Bior\u0105c pod uwag\u0119 wielki rozmiar i unikalny wygl\u0105d przyci\u0105gnie uwag\u0119 wszystkich Twoich go\u015bci.<\/p>\n<p><strong>Video<\/strong> &#8211;\u00a0<a href=\"https:\/\/www.youtube.com\/watch?v=fxvz5YXXGWI\">&#8220;Old Clipper&#8221; na YouTube<\/a><\/p>\n<p><strong>Projekt i R\u0119czne Wykonanie<\/strong>\u00a0&#8211;\u00a0Anna Siodelska<\/p>\n<p><strong>Front<\/strong> \u2013 Kolor D\u0119bowy<\/p>\n<p><strong>Ty\u0142<\/strong> \u2013 Kolor D\u0119bowy<\/p>\n<p>&nbsp;<\/p>\n","protected":false},"featured_media":31087,"comment_status":"open","ping_status":"closed","template":"","meta":[],"product_brand":[],"product_cat":[56],"product_tag":[50,65],"class_list":{"0":"post-5731","1":"product","2":"type-product","3":"status-publish","4":"has-post-thumbnail","6":"product_cat-duze-zegary-scienne","7":"product_tag-artystyczne-zegary-scienne","8":"product_tag-duze-zegary-dekoracyjne-na-sciane","9":"product_shipping_class-oversized-clocks-pl","11":"first","12":"outofstock","13":"taxable","14":"shipping-taxable","15":"product-type-variable"},"yoast_head":"<!-- This site is optimized with the Yoast SEO Premium plugin v27.2 (Yoast SEO v27.2) - https:\/\/yoast.com\/product\/yoast-seo-premium-wordpress\/ -->\n<title>Du\u017cy Drewniany Zegar \u015acienny Designerski R\u0119cznie Malowany.<\/title>\n<meta name=\"description\" content=\"Najbardziej ekscentryczny du\u017cy zegar \u015bcienny designerski wykonany przez pe\u0142nego pasji artyst\u0119\" \/>\n<meta name=\"robots\" content=\"index, follow, max-snippet:-1, max-image-preview:large, max-video-preview:-1\" \/>\n<link rel=\"canonical\" href=\"https:\/\/peakart.co.uk\/pl\/produkt\/zegar-scienny-designerski\/\" \/>\n<meta property=\"og:locale\" content=\"pl_PL\" \/>\n<meta property=\"og:type\" content=\"article\" \/>\n<meta property=\"og:title\" content=\"Zegar \u015acienny Designerski do Salonu\" \/>\n<meta property=\"og:description\" content=\"Najbardziej ekscentryczny du\u017cy zegar \u015bcienny designerski wykonany przez pe\u0142nego pasji artyst\u0119\" \/>\n<meta property=\"og:url\" content=\"https:\/\/peakart.co.uk\/pl\/produkt\/zegar-scienny-designerski\/\" \/>\n<meta property=\"og:site_name\" content=\"Peak Art\" \/>\n<meta property=\"article:publisher\" content=\"https:\/\/www.facebook.com\/PeakArtClocks\/\" \/>\n<meta property=\"article:modified_time\" content=\"2023-03-25T21:59:44+00:00\" \/>\n<meta property=\"og:image\" content=\"https:\/\/peakart.co.uk\/wp-content\/uploads\/2015\/10\/Large-Designer-Wall-Clock-Front.jpg\" \/>\n\t<meta property=\"og:image:width\" content=\"500\" \/>\n\t<meta property=\"og:image:height\" content=\"500\" \/>\n\t<meta property=\"og:image:type\" content=\"image\/jpeg\" \/>\n<meta name=\"twitter:card\" content=\"summary_large_image\" \/>\n<meta name=\"twitter:label1\" content=\"Dost\u0119pno\u015b\u0107\" \/>\n\t<meta name=\"twitter:data1\" content=\"Brak w magazynie\" \/>\n<script type=\"application\/ld+json\" class=\"yoast-schema-graph\">{\"@context\":\"https:\/\/schema.org\",\"@graph\":[{\"@type\":\"WebPage\",\"@id\":\"https:\/\/peakart.co.uk\/pl\/produkt\/zegar-scienny-designerski\/\",\"url\":\"https:\/\/peakart.co.uk\/pl\/produkt\/zegar-scienny-designerski\/\",\"name\":\"Du\u017cy Drewniany Zegar \u015acienny Designerski R\u0119cznie Malowany.\",\"isPartOf\":{\"@id\":\"https:\/\/peakart.co.uk\/de\/#website\"},\"primaryImageOfPage\":{\"@id\":\"https:\/\/peakart.co.uk\/pl\/produkt\/zegar-scienny-designerski\/#primaryimage\"},\"image\":{\"@id\":\"https:\/\/peakart.co.uk\/pl\/produkt\/zegar-scienny-designerski\/#primaryimage\"},\"thumbnailUrl\":\"https:\/\/peakart.co.uk\/wp-content\/uploads\/2015\/10\/Large-Designer-Wall-Clock-Front.jpg\",\"datePublished\":\"2015-10-01T09:52:28+00:00\",\"dateModified\":\"2023-03-25T21:59:44+00:00\",\"description\":\"Najbardziej ekscentryczny du\u017cy zegar \u015bcienny designerski wykonany przez pe\u0142nego pasji artyst\u0119\",\"breadcrumb\":{\"@id\":\"https:\/\/peakart.co.uk\/pl\/produkt\/zegar-scienny-designerski\/#breadcrumb\"},\"inLanguage\":\"pl-PL\",\"potentialAction\":[{\"@type\":\"ReadAction\",\"target\":[\"https:\/\/peakart.co.uk\/pl\/produkt\/zegar-scienny-designerski\/\"]}]},{\"@type\":\"ImageObject\",\"inLanguage\":\"pl-PL\",\"@id\":\"https:\/\/peakart.co.uk\/pl\/produkt\/zegar-scienny-designerski\/#primaryimage\",\"url\":\"https:\/\/peakart.co.uk\/wp-content\/uploads\/2015\/10\/Large-Designer-Wall-Clock-Front.jpg\",\"contentUrl\":\"https:\/\/peakart.co.uk\/wp-content\/uploads\/2015\/10\/Large-Designer-Wall-Clock-Front.jpg\",\"width\":500,\"height\":500,\"caption\":\"Peak Art - Old Clipper\"},{\"@type\":\"BreadcrumbList\",\"@id\":\"https:\/\/peakart.co.uk\/pl\/produkt\/zegar-scienny-designerski\/#breadcrumb\",\"itemListElement\":[{\"@type\":\"ListItem\",\"position\":1,\"name\":\"Home\",\"item\":\"https:\/\/peakart.co.uk\/pl\/\"},{\"@type\":\"ListItem\",\"position\":2,\"name\":\"Sklep\",\"item\":\"https:\/\/peakart.co.uk\/pl\/sklep\/\"},{\"@type\":\"ListItem\",\"position\":3,\"name\":\"Zegar \u015acienny Designerski do Salonu\"}]},{\"@type\":\"WebSite\",\"@id\":\"https:\/\/peakart.co.uk\/de\/#website\",\"url\":\"https:\/\/peakart.co.uk\/de\/\",\"name\":\"Peak Art\",\"description\":\"\",\"publisher\":{\"@id\":\"https:\/\/peakart.co.uk\/de\/#organization\"},\"potentialAction\":[{\"@type\":\"SearchAction\",\"target\":{\"@type\":\"EntryPoint\",\"urlTemplate\":\"https:\/\/peakart.co.uk\/de\/?s={search_term_string}\"},\"query-input\":{\"@type\":\"PropertyValueSpecification\",\"valueRequired\":true,\"valueName\":\"search_term_string\"}}],\"inLanguage\":\"pl-PL\"},{\"@type\":\"Organization\",\"@id\":\"https:\/\/peakart.co.uk\/de\/#organization\",\"name\":\"Peak Art\",\"url\":\"https:\/\/peakart.co.uk\/de\/\",\"logo\":{\"@type\":\"ImageObject\",\"inLanguage\":\"pl-PL\",\"@id\":\"https:\/\/peakart.co.uk\/de\/#\/schema\/logo\/image\/\",\"url\":\"https:\/\/peakart.co.uk\/wp-content\/uploads\/2023\/07\/logo-8.jpg\",\"contentUrl\":\"https:\/\/peakart.co.uk\/wp-content\/uploads\/2023\/07\/logo-8.jpg\",\"width\":666,\"height\":259,\"caption\":\"Peak Art\"},\"image\":{\"@id\":\"https:\/\/peakart.co.uk\/de\/#\/schema\/logo\/image\/\"},\"sameAs\":[\"https:\/\/www.facebook.com\/PeakArtClocks\/\"],\"hasMerchantReturnPolicy\":{\"@type\":\"MerchantReturnPolicy\",\"merchantReturnLink\":\"https:\/\/peakart.co.uk\/refund_returns\/\"}}]}<\/script>\n<meta property=\"og:availability\" content=\"out of stock\" \/>\n<meta property=\"product:availability\" content=\"out of stock\" \/>\n<meta property=\"product:retailer_item_id\" content=\"PEAKART-39973\" \/>\n<meta property=\"product:condition\" content=\"new\" \/>\n<!-- \/ Yoast SEO Premium plugin. -->","yoast_head_json":{"title":"Du\u017cy Drewniany Zegar \u015acienny Designerski R\u0119cznie Malowany.","description":"Najbardziej ekscentryczny du\u017cy zegar \u015bcienny designerski wykonany przez pe\u0142nego pasji artyst\u0119","robots":{"index":"index","follow":"follow","max-snippet":"max-snippet:-1","max-image-preview":"max-image-preview:large","max-video-preview":"max-video-preview:-1"},"canonical":"https:\/\/peakart.co.uk\/pl\/produkt\/zegar-scienny-designerski\/","og_locale":"pl_PL","og_type":"article","og_title":"Zegar \u015acienny Designerski do Salonu","og_description":"Najbardziej ekscentryczny du\u017cy zegar \u015bcienny designerski wykonany przez pe\u0142nego pasji artyst\u0119","og_url":"https:\/\/peakart.co.uk\/pl\/produkt\/zegar-scienny-designerski\/","og_site_name":"Peak Art","article_publisher":"https:\/\/www.facebook.com\/PeakArtClocks\/","article_modified_time":"2023-03-25T21:59:44+00:00","og_image":[{"width":500,"height":500,"url":"https:\/\/peakart.co.uk\/wp-content\/uploads\/2015\/10\/Large-Designer-Wall-Clock-Front.jpg","type":"image\/jpeg"}],"twitter_card":"summary_large_image","twitter_misc":{"Dost\u0119pno\u015b\u0107":"Brak w magazynie"},"schema":{"@context":"https:\/\/schema.org","@graph":[{"@type":"WebPage","@id":"https:\/\/peakart.co.uk\/pl\/produkt\/zegar-scienny-designerski\/","url":"https:\/\/peakart.co.uk\/pl\/produkt\/zegar-scienny-designerski\/","name":"Du\u017cy Drewniany Zegar \u015acienny Designerski R\u0119cznie Malowany.","isPartOf":{"@id":"https:\/\/peakart.co.uk\/de\/#website"},"primaryImageOfPage":{"@id":"https:\/\/peakart.co.uk\/pl\/produkt\/zegar-scienny-designerski\/#primaryimage"},"image":{"@id":"https:\/\/peakart.co.uk\/pl\/produkt\/zegar-scienny-designerski\/#primaryimage"},"thumbnailUrl":"https:\/\/peakart.co.uk\/wp-content\/uploads\/2015\/10\/Large-Designer-Wall-Clock-Front.jpg","datePublished":"2015-10-01T09:52:28+00:00","dateModified":"2023-03-25T21:59:44+00:00","description":"Najbardziej ekscentryczny du\u017cy zegar \u015bcienny designerski wykonany przez pe\u0142nego pasji artyst\u0119","breadcrumb":{"@id":"https:\/\/peakart.co.uk\/pl\/produkt\/zegar-scienny-designerski\/#breadcrumb"},"inLanguage":"pl-PL","potentialAction":[{"@type":"ReadAction","target":["https:\/\/peakart.co.uk\/pl\/produkt\/zegar-scienny-designerski\/"]}]},{"@type":"ImageObject","inLanguage":"pl-PL","@id":"https:\/\/peakart.co.uk\/pl\/produkt\/zegar-scienny-designerski\/#primaryimage","url":"https:\/\/peakart.co.uk\/wp-content\/uploads\/2015\/10\/Large-Designer-Wall-Clock-Front.jpg","contentUrl":"https:\/\/peakart.co.uk\/wp-content\/uploads\/2015\/10\/Large-Designer-Wall-Clock-Front.jpg","width":500,"height":500,"caption":"Peak Art - Old Clipper"},{"@type":"BreadcrumbList","@id":"https:\/\/peakart.co.uk\/pl\/produkt\/zegar-scienny-designerski\/#breadcrumb","itemListElement":[{"@type":"ListItem","position":1,"name":"Home","item":"https:\/\/peakart.co.uk\/pl\/"},{"@type":"ListItem","position":2,"name":"Sklep","item":"https:\/\/peakart.co.uk\/pl\/sklep\/"},{"@type":"ListItem","position":3,"name":"Zegar \u015acienny Designerski do Salonu"}]},{"@type":"WebSite","@id":"https:\/\/peakart.co.uk\/de\/#website","url":"https:\/\/peakart.co.uk\/de\/","name":"Peak Art","description":"","publisher":{"@id":"https:\/\/peakart.co.uk\/de\/#organization"},"potentialAction":[{"@type":"SearchAction","target":{"@type":"EntryPoint","urlTemplate":"https:\/\/peakart.co.uk\/de\/?s={search_term_string}"},"query-input":{"@type":"PropertyValueSpecification","valueRequired":true,"valueName":"search_term_string"}}],"inLanguage":"pl-PL"},{"@type":"Organization","@id":"https:\/\/peakart.co.uk\/de\/#organization","name":"Peak Art","url":"https:\/\/peakart.co.uk\/de\/","logo":{"@type":"ImageObject","inLanguage":"pl-PL","@id":"https:\/\/peakart.co.uk\/de\/#\/schema\/logo\/image\/","url":"https:\/\/peakart.co.uk\/wp-content\/uploads\/2023\/07\/logo-8.jpg","contentUrl":"https:\/\/peakart.co.uk\/wp-content\/uploads\/2023\/07\/logo-8.jpg","width":666,"height":259,"caption":"Peak Art"},"image":{"@id":"https:\/\/peakart.co.uk\/de\/#\/schema\/logo\/image\/"},"sameAs":["https:\/\/www.facebook.com\/PeakArtClocks\/"],"hasMerchantReturnPolicy":{"@type":"MerchantReturnPolicy","merchantReturnLink":"https:\/\/peakart.co.uk\/refund_returns\/"}}]},"og_availability":"out of stock","product_availability":"out of stock","product_retailer_item_id":"PEAKART-39973","product_condition":"new"},"_links":{"self":[{"href":"https:\/\/peakart.co.uk\/pl\/wp-json\/wp\/v2\/product\/5731","targetHints":{"allow":["GET"]}}],"collection":[{"href":"https:\/\/peakart.co.uk\/pl\/wp-json\/wp\/v2\/product"}],"about":[{"href":"https:\/\/peakart.co.uk\/pl\/wp-json\/wp\/v2\/types\/product"}],"replies":[{"embeddable":true,"href":"https:\/\/peakart.co.uk\/pl\/wp-json\/wp\/v2\/comments?post=5731"}],"wp:featuredmedia":[{"embeddable":true,"href":"https:\/\/peakart.co.uk\/pl\/wp-json\/wp\/v2\/media\/31087"}],"wp:attachment":[{"href":"https:\/\/peakart.co.uk\/pl\/wp-json\/wp\/v2\/media?parent=5731"}],"wp:term":[{"taxonomy":"product_brand","embeddable":true,"href":"https:\/\/peakart.co.uk\/pl\/wp-json\/wp\/v2\/product_brand?post=5731"},{"taxonomy":"product_cat","embeddable":true,"href":"https:\/\/peakart.co.uk\/pl\/wp-json\/wp\/v2\/product_cat?post=5731"},{"taxonomy":"product_tag","embeddable":true,"href":"https:\/\/peakart.co.uk\/pl\/wp-json\/wp\/v2\/product_tag?post=5731"}],"curies":[{"name":"wp","href":"https:\/\/api.w.org\/{rel}","templated":true}]}}