{"id":5726,"date":"2015-10-12T12:07:55","date_gmt":"2015-10-12T11:07:55","guid":{"rendered":"http:\/\/peakart.co.uk\/product\/czarny-zegar-szkieletowy-z-cyframi-rzymskimi\/"},"modified":"2023-03-25T11:45:49","modified_gmt":"2023-03-25T11:45:49","slug":"czarny-zegar-szkieletowy","status":"publish","type":"product","link":"https:\/\/peakart.co.uk\/pl\/produkt\/czarny-zegar-szkieletowy\/","title":{"rendered":"Czarny Zegar Sziekietowy z Drewna"},"content":{"rendered":"<h2>Czarny zegar szkieletowy z cyframi rzymskimi<\/h2>\n<p>Czer\u0144 to kolor nadaj\u0105cy wn\u0119trzom szykowno\u015bci. Najbardziej uniwersalna barwa, kt\u00f3r\u0105 mo\u017cemy dowolnie \u0142\u0105czy\u0107 z r\u00f3\u017cnymi dodatkami. Klasyka, kt\u00f3ra nigdy nie przemija. I w\u0142a\u015bnie z mi\u0142o\u015bci do ponadczasowej i wiecznie modnej czerni powsta\u0142 ten pi\u0119kny czasomierz.<\/p>\n<p>Nasz zegar szkieletowy nie jest w kolorze kruczo czarnym, a hebanowym, gdy\u017c wykonany zosta\u0142 w ca\u0142o\u015bci z prawdziwego drewna i chcieli\u015bmy zachowa\u0107 jego charakter \u2013 st\u0105d barwa ciemnego drzewa hebanowca. W tym projekcie zastosowali\u015bmy alia\u017c kojarz\u0105cego si\u0119 z domowym ciep\u0142em drewna i klasycznej czarnej elegancji.<\/p>\n<p>Zastosowanie czerni w dekoracji wn\u0119trz wymaga odwagi. Jednak przy zachowaniu proporcji, wprowadzeniu wy\u0142\u0105cznie delikatnych akcent\u00f3w mo\u017cna uzyska\u0107 kunsztown\u0105 aran\u017cacj\u0119. W\u0142a\u015bnie taki dodatek stanowi nasz zegar. Idealnie komponuje si\u0119 z ja\u015bniejszymi barwami \u015bcian czy bia\u0142ymi meblami nadaj\u0105c aran\u017cacjom zupe\u0142nie nowego wyrazu.<\/p>\n<p>Jest to <a href=\"https:\/\/peakart.co.uk\/pl\/tag-produktu\/duze-zegary-rzymskie-szkieletowe\/\">zegar z rodziny szkieletowych<\/a> o bardzo lekkiej, tr\u00f3jwymiarowej konstrukcji. Wyposa\u017cony zosta\u0142 w ultra cichy i niezwykle wydajny mechanizm, kt\u00f3ry wystarcza na 9 -12 miesi\u0119cy.<\/p>\n<p>Zegar &#8220;Light Heban&#8221; to szyk i gracja, kt\u00f3ra zawsze si\u0119 sprawdza i kt\u00f3ra nigdy nie wychodzi z trend\u00f3w. Nie czekaj &#8211; niech ten czarny zegar szkieletowy stanie si\u0119 motywem przewodnim Twojej aran\u017cacji!<\/p>\n<p>Wszystkie zegary dost\u0119pne w kolekcji Peak Art stworzone zosta\u0142y w\u0142asnor\u0119cznie wed\u0142ug autorskich projekt\u00f3w \u2013 s\u0105 niepowtarzalne i dost\u0119pne wy\u0142\u0105cznie w naszym sklepie. Istnieje mo\u017cliwo\u015b\u0107 wprowadzania zmian w projektach i wykonania zegara na Pa\u0144stwa specjalne zam\u00f3wienie.<\/p>\n","protected":false},"excerpt":{"rendered":"<p>Pi\u0119kny wisz\u0105cy czarny zegar szkieletowy w wyrafinowanej kolorystyce. Oryginalny, elegancki element aran\u017cacji wn\u0119trz. Ten zegar mo\u017ce sta\u0107 si\u0119 motywem przewodnim Twojej stylizacji!<\/p>\n<p>&#8220;Light Heban&#8221;\u00a0<strong>\u2013 <\/strong>klasyka w najwy\u017cszej jako\u015bci wykonaniu. Zegar wisz\u0105cy w ciemno hebanowej, czarnej kolorystyce to wyraz elegancji i wyrafinowania. Ten model to tzw. \u201ema\u0142a czarna\u201d \u2013 \u201emust have\u201d naszej kolekcji.<\/p>\n<p><strong>Projekt i R\u0119czne Wykonanie<\/strong>\u00a0\u2013 Anna Siodelska, Wielka Brytania<\/p>\n<p><strong>Front<\/strong>\u00a0\u2013 Ciemny heban\/czarny<\/p>\n<p><strong>Ty\u0142<\/strong>\u00a0\u2013 Transparenty<\/p>\n","protected":false},"featured_media":30971,"comment_status":"open","ping_status":"closed","template":"","meta":[],"product_brand":[],"product_cat":[56],"product_tag":[70,68,53],"class_list":{"0":"post-5726","1":"product","2":"type-product","3":"status-publish","4":"has-post-thumbnail","6":"product_cat-duze-zegary-scienne","7":"product_tag-duze-zegary-rzymskie-szkieletowe","8":"product_tag-drewniane-zegary-scienne-z-cyframi-rzymskimi","9":"product_tag-zegary-drewniane-szkieletowe","10":"product_shipping_class-oversized-clocks-pl","12":"first","13":"outofstock","14":"taxable","15":"shipping-taxable","16":"product-type-variable"},"yoast_head":"<!-- This site is optimized with the Yoast SEO Premium plugin v27.2 (Yoast SEO v27.2) - https:\/\/yoast.com\/product\/yoast-seo-premium-wordpress\/ -->\n<title>Czarny Zegar Szkieletowy z Pi\u0119knymi Du\u017cymi Cyframi Rzymskimi<\/title>\n<meta name=\"description\" content=\"Nasz czarny zegar szkieletowy jest zaprojektowany jako centralny element dekoracji w Twoim salonie\" \/>\n<meta name=\"robots\" content=\"index, follow, max-snippet:-1, max-image-preview:large, max-video-preview:-1\" \/>\n<link rel=\"canonical\" href=\"https:\/\/peakart.co.uk\/pl\/produkt\/czarny-zegar-szkieletowy\/\" \/>\n<meta property=\"og:locale\" content=\"pl_PL\" \/>\n<meta property=\"og:type\" content=\"article\" \/>\n<meta property=\"og:title\" content=\"Czarny Zegar Sziekietowy z Drewna\" \/>\n<meta property=\"og:description\" content=\"Nasz czarny zegar szkieletowy jest zaprojektowany jako centralny element dekoracji w Twoim salonie\" \/>\n<meta property=\"og:url\" content=\"https:\/\/peakart.co.uk\/pl\/produkt\/czarny-zegar-szkieletowy\/\" \/>\n<meta property=\"og:site_name\" content=\"Peak Art\" \/>\n<meta property=\"article:publisher\" content=\"https:\/\/www.facebook.com\/PeakArtClocks\/\" \/>\n<meta property=\"article:modified_time\" content=\"2023-03-25T11:45:49+00:00\" \/>\n<meta property=\"og:image\" content=\"https:\/\/peakart.co.uk\/wp-content\/uploads\/2015\/10\/Light-Heban-Front-400x400.jpg\" \/>\n\t<meta property=\"og:image:width\" content=\"400\" \/>\n\t<meta property=\"og:image:height\" content=\"400\" \/>\n\t<meta property=\"og:image:type\" content=\"image\/jpeg\" \/>\n<meta name=\"twitter:card\" content=\"summary_large_image\" \/>\n<meta name=\"twitter:label1\" content=\"Dost\u0119pno\u015b\u0107\" \/>\n\t<meta name=\"twitter:data1\" content=\"Brak w magazynie\" \/>\n<script type=\"application\/ld+json\" class=\"yoast-schema-graph\">{\"@context\":\"https:\/\/schema.org\",\"@graph\":[{\"@type\":\"WebPage\",\"@id\":\"https:\/\/peakart.co.uk\/pl\/produkt\/czarny-zegar-szkieletowy\/\",\"url\":\"https:\/\/peakart.co.uk\/pl\/produkt\/czarny-zegar-szkieletowy\/\",\"name\":\"Czarny Zegar Szkieletowy z Pi\u0119knymi Du\u017cymi Cyframi Rzymskimi\",\"isPartOf\":{\"@id\":\"https:\/\/peakart.co.uk\/de\/#website\"},\"primaryImageOfPage\":{\"@id\":\"https:\/\/peakart.co.uk\/pl\/produkt\/czarny-zegar-szkieletowy\/#primaryimage\"},\"image\":{\"@id\":\"https:\/\/peakart.co.uk\/pl\/produkt\/czarny-zegar-szkieletowy\/#primaryimage\"},\"thumbnailUrl\":\"https:\/\/peakart.co.uk\/wp-content\/uploads\/2015\/10\/Light-Heban-Front-400x400.jpg\",\"datePublished\":\"2015-10-12T11:07:55+00:00\",\"dateModified\":\"2023-03-25T11:45:49+00:00\",\"description\":\"Nasz czarny zegar szkieletowy jest zaprojektowany jako centralny element dekoracji w Twoim salonie\",\"breadcrumb\":{\"@id\":\"https:\/\/peakart.co.uk\/pl\/produkt\/czarny-zegar-szkieletowy\/#breadcrumb\"},\"inLanguage\":\"pl-PL\",\"potentialAction\":[{\"@type\":\"ReadAction\",\"target\":[\"https:\/\/peakart.co.uk\/pl\/produkt\/czarny-zegar-szkieletowy\/\"]}]},{\"@type\":\"ImageObject\",\"inLanguage\":\"pl-PL\",\"@id\":\"https:\/\/peakart.co.uk\/pl\/produkt\/czarny-zegar-szkieletowy\/#primaryimage\",\"url\":\"https:\/\/peakart.co.uk\/wp-content\/uploads\/2015\/10\/Light-Heban-Front-400x400.jpg\",\"contentUrl\":\"https:\/\/peakart.co.uk\/wp-content\/uploads\/2015\/10\/Light-Heban-Front-400x400.jpg\",\"width\":400,\"height\":400,\"caption\":\"Peak Art - Light Heban\"},{\"@type\":\"BreadcrumbList\",\"@id\":\"https:\/\/peakart.co.uk\/pl\/produkt\/czarny-zegar-szkieletowy\/#breadcrumb\",\"itemListElement\":[{\"@type\":\"ListItem\",\"position\":1,\"name\":\"Home\",\"item\":\"https:\/\/peakart.co.uk\/pl\/\"},{\"@type\":\"ListItem\",\"position\":2,\"name\":\"Sklep\",\"item\":\"https:\/\/peakart.co.uk\/pl\/sklep\/\"},{\"@type\":\"ListItem\",\"position\":3,\"name\":\"Czarny Zegar Sziekietowy z Drewna\"}]},{\"@type\":\"WebSite\",\"@id\":\"https:\/\/peakart.co.uk\/de\/#website\",\"url\":\"https:\/\/peakart.co.uk\/de\/\",\"name\":\"Peak Art\",\"description\":\"\",\"publisher\":{\"@id\":\"https:\/\/peakart.co.uk\/de\/#organization\"},\"potentialAction\":[{\"@type\":\"SearchAction\",\"target\":{\"@type\":\"EntryPoint\",\"urlTemplate\":\"https:\/\/peakart.co.uk\/de\/?s={search_term_string}\"},\"query-input\":{\"@type\":\"PropertyValueSpecification\",\"valueRequired\":true,\"valueName\":\"search_term_string\"}}],\"inLanguage\":\"pl-PL\"},{\"@type\":\"Organization\",\"@id\":\"https:\/\/peakart.co.uk\/de\/#organization\",\"name\":\"Peak Art\",\"url\":\"https:\/\/peakart.co.uk\/de\/\",\"logo\":{\"@type\":\"ImageObject\",\"inLanguage\":\"pl-PL\",\"@id\":\"https:\/\/peakart.co.uk\/de\/#\/schema\/logo\/image\/\",\"url\":\"https:\/\/peakart.co.uk\/wp-content\/uploads\/2023\/07\/logo-8.jpg\",\"contentUrl\":\"https:\/\/peakart.co.uk\/wp-content\/uploads\/2023\/07\/logo-8.jpg\",\"width\":666,\"height\":259,\"caption\":\"Peak Art\"},\"image\":{\"@id\":\"https:\/\/peakart.co.uk\/de\/#\/schema\/logo\/image\/\"},\"sameAs\":[\"https:\/\/www.facebook.com\/PeakArtClocks\/\"],\"hasMerchantReturnPolicy\":{\"@type\":\"MerchantReturnPolicy\",\"merchantReturnLink\":\"https:\/\/peakart.co.uk\/refund_returns\/\"}}]}<\/script>\n<meta property=\"og:availability\" content=\"out of stock\" \/>\n<meta property=\"product:availability\" content=\"out of stock\" \/>\n<meta property=\"product:retailer_item_id\" content=\"PEAKART-73488\" \/>\n<meta property=\"product:condition\" content=\"new\" \/>\n<!-- \/ Yoast SEO Premium plugin. -->","yoast_head_json":{"title":"Czarny Zegar Szkieletowy z Pi\u0119knymi Du\u017cymi Cyframi Rzymskimi","description":"Nasz czarny zegar szkieletowy jest zaprojektowany jako centralny element dekoracji w Twoim salonie","robots":{"index":"index","follow":"follow","max-snippet":"max-snippet:-1","max-image-preview":"max-image-preview:large","max-video-preview":"max-video-preview:-1"},"canonical":"https:\/\/peakart.co.uk\/pl\/produkt\/czarny-zegar-szkieletowy\/","og_locale":"pl_PL","og_type":"article","og_title":"Czarny Zegar Sziekietowy z Drewna","og_description":"Nasz czarny zegar szkieletowy jest zaprojektowany jako centralny element dekoracji w Twoim salonie","og_url":"https:\/\/peakart.co.uk\/pl\/produkt\/czarny-zegar-szkieletowy\/","og_site_name":"Peak Art","article_publisher":"https:\/\/www.facebook.com\/PeakArtClocks\/","article_modified_time":"2023-03-25T11:45:49+00:00","og_image":[{"width":400,"height":400,"url":"https:\/\/peakart.co.uk\/wp-content\/uploads\/2015\/10\/Light-Heban-Front-400x400.jpg","type":"image\/jpeg"}],"twitter_card":"summary_large_image","twitter_misc":{"Dost\u0119pno\u015b\u0107":"Brak w magazynie"},"schema":{"@context":"https:\/\/schema.org","@graph":[{"@type":"WebPage","@id":"https:\/\/peakart.co.uk\/pl\/produkt\/czarny-zegar-szkieletowy\/","url":"https:\/\/peakart.co.uk\/pl\/produkt\/czarny-zegar-szkieletowy\/","name":"Czarny Zegar Szkieletowy z Pi\u0119knymi Du\u017cymi Cyframi Rzymskimi","isPartOf":{"@id":"https:\/\/peakart.co.uk\/de\/#website"},"primaryImageOfPage":{"@id":"https:\/\/peakart.co.uk\/pl\/produkt\/czarny-zegar-szkieletowy\/#primaryimage"},"image":{"@id":"https:\/\/peakart.co.uk\/pl\/produkt\/czarny-zegar-szkieletowy\/#primaryimage"},"thumbnailUrl":"https:\/\/peakart.co.uk\/wp-content\/uploads\/2015\/10\/Light-Heban-Front-400x400.jpg","datePublished":"2015-10-12T11:07:55+00:00","dateModified":"2023-03-25T11:45:49+00:00","description":"Nasz czarny zegar szkieletowy jest zaprojektowany jako centralny element dekoracji w Twoim salonie","breadcrumb":{"@id":"https:\/\/peakart.co.uk\/pl\/produkt\/czarny-zegar-szkieletowy\/#breadcrumb"},"inLanguage":"pl-PL","potentialAction":[{"@type":"ReadAction","target":["https:\/\/peakart.co.uk\/pl\/produkt\/czarny-zegar-szkieletowy\/"]}]},{"@type":"ImageObject","inLanguage":"pl-PL","@id":"https:\/\/peakart.co.uk\/pl\/produkt\/czarny-zegar-szkieletowy\/#primaryimage","url":"https:\/\/peakart.co.uk\/wp-content\/uploads\/2015\/10\/Light-Heban-Front-400x400.jpg","contentUrl":"https:\/\/peakart.co.uk\/wp-content\/uploads\/2015\/10\/Light-Heban-Front-400x400.jpg","width":400,"height":400,"caption":"Peak Art - Light Heban"},{"@type":"BreadcrumbList","@id":"https:\/\/peakart.co.uk\/pl\/produkt\/czarny-zegar-szkieletowy\/#breadcrumb","itemListElement":[{"@type":"ListItem","position":1,"name":"Home","item":"https:\/\/peakart.co.uk\/pl\/"},{"@type":"ListItem","position":2,"name":"Sklep","item":"https:\/\/peakart.co.uk\/pl\/sklep\/"},{"@type":"ListItem","position":3,"name":"Czarny Zegar Sziekietowy z Drewna"}]},{"@type":"WebSite","@id":"https:\/\/peakart.co.uk\/de\/#website","url":"https:\/\/peakart.co.uk\/de\/","name":"Peak Art","description":"","publisher":{"@id":"https:\/\/peakart.co.uk\/de\/#organization"},"potentialAction":[{"@type":"SearchAction","target":{"@type":"EntryPoint","urlTemplate":"https:\/\/peakart.co.uk\/de\/?s={search_term_string}"},"query-input":{"@type":"PropertyValueSpecification","valueRequired":true,"valueName":"search_term_string"}}],"inLanguage":"pl-PL"},{"@type":"Organization","@id":"https:\/\/peakart.co.uk\/de\/#organization","name":"Peak Art","url":"https:\/\/peakart.co.uk\/de\/","logo":{"@type":"ImageObject","inLanguage":"pl-PL","@id":"https:\/\/peakart.co.uk\/de\/#\/schema\/logo\/image\/","url":"https:\/\/peakart.co.uk\/wp-content\/uploads\/2023\/07\/logo-8.jpg","contentUrl":"https:\/\/peakart.co.uk\/wp-content\/uploads\/2023\/07\/logo-8.jpg","width":666,"height":259,"caption":"Peak Art"},"image":{"@id":"https:\/\/peakart.co.uk\/de\/#\/schema\/logo\/image\/"},"sameAs":["https:\/\/www.facebook.com\/PeakArtClocks\/"],"hasMerchantReturnPolicy":{"@type":"MerchantReturnPolicy","merchantReturnLink":"https:\/\/peakart.co.uk\/refund_returns\/"}}]},"og_availability":"out of stock","product_availability":"out of stock","product_retailer_item_id":"PEAKART-73488","product_condition":"new"},"_links":{"self":[{"href":"https:\/\/peakart.co.uk\/pl\/wp-json\/wp\/v2\/product\/5726","targetHints":{"allow":["GET"]}}],"collection":[{"href":"https:\/\/peakart.co.uk\/pl\/wp-json\/wp\/v2\/product"}],"about":[{"href":"https:\/\/peakart.co.uk\/pl\/wp-json\/wp\/v2\/types\/product"}],"replies":[{"embeddable":true,"href":"https:\/\/peakart.co.uk\/pl\/wp-json\/wp\/v2\/comments?post=5726"}],"wp:featuredmedia":[{"embeddable":true,"href":"https:\/\/peakart.co.uk\/pl\/wp-json\/wp\/v2\/media\/30971"}],"wp:attachment":[{"href":"https:\/\/peakart.co.uk\/pl\/wp-json\/wp\/v2\/media?parent=5726"}],"wp:term":[{"taxonomy":"product_brand","embeddable":true,"href":"https:\/\/peakart.co.uk\/pl\/wp-json\/wp\/v2\/product_brand?post=5726"},{"taxonomy":"product_cat","embeddable":true,"href":"https:\/\/peakart.co.uk\/pl\/wp-json\/wp\/v2\/product_cat?post=5726"},{"taxonomy":"product_tag","embeddable":true,"href":"https:\/\/peakart.co.uk\/pl\/wp-json\/wp\/v2\/product_tag?post=5726"}],"curies":[{"name":"wp","href":"https:\/\/api.w.org\/{rel}","templated":true}]}}