{"id":5725,"date":"2015-10-24T11:15:41","date_gmt":"2015-10-24T10:15:41","guid":{"rendered":"http:\/\/peakart.co.uk\/product\/oryginalny-zegar-na-sciane-w-stylu-industrialnym\/"},"modified":"2023-03-25T11:50:37","modified_gmt":"2023-03-25T11:50:37","slug":"zegar-w-stylu-industrialnym","status":"publish","type":"product","link":"https:\/\/peakart.co.uk\/pl\/produkt\/zegar-w-stylu-industrialnym\/","title":{"rendered":"Oryginalny Zegar w Stylu Industrialnym"},"content":{"rendered":"<h2>Du\u017cy zegar w stylu industrialnym wykonany z drewna<\/h2>\n<p>&#8220;Heavy Metal&#8221; to wyj\u0105tkowy zegar o charakterze industrialnym, kt\u00f3ry zaprojektowali\u015bmy jako centralny element Twojego salonu. Metalowe elementy s\u0105 wkomponowane w konstrukcj\u0119 i widoczne na r\u0119cznie malowanym grafitowym tle. Czy szukasz czego\u015b innego, czego nie ma w ofercie tradycyjnych sklep\u00f3w? By\u0107 mo\u017ce chcia\u0142by\u015b zast\u0105pi\u0107 lustro lub du\u017cy obraz czym\u015b bardziej ekscentrycznym? Ten pi\u0119kny zegar w stylu industrialnym zaimponuje wszystkim, kt\u00f3rzy go zobacz\u0105 i zostaniesz zasypany pytaniami na jego temat.<\/p>\n<p>Jak wi\u0119kszo\u015b\u0107 naszych czasomierzy r\u00f3wnie\u017c ten jest wyci\u0119ty z dw\u00f3ch du\u017cych paneli drewna sosnowego. To nadaje ca\u0142o\u015bci wyj\u0105tkowego pi\u0119kna i charakteru. Ma bardzo unikalny design z metalowymi elementami i nieregularn\u0105 tarcz\u0105. Cichy mechanizm wymaga pojedynczej baterii C Cell (2 baterie w zestawie). Dostarczamy go po zdemontowaniu wskaz\u00f3wek, aby zapobiec uszkodzeniom podczas transportu. Razem z zegarem wysy\u0142amy pe\u0142ne instrukcje potrzebne do instalacji wskaz\u00f3wek i ustawienia czasu.<\/p>\n<p>Zegary Peak Art to wyj\u0105tkowe i drogie dzie\u0142a sztuki. Przyjd\u0105 ci na my\u015bl, kiedy zaczniesz dekorowa\u0107 sw\u00f3j dom. Wszystkie nasze zegary maj\u0105 wyra\u017ane, r\u0119cznie malowane wyko\u0144czenie i tradycyjny okr\u0105g\u0142y kszta\u0142t. Mo\u017cesz je zamontowa\u0107 w dowolnym pomieszczeniu w Twoim domu tylko pami\u0119taj unika\u0107 \u017ar\u00f3de\u0142 ciep\u0142a i wilgoci. Kolejnym doskona\u0142ym miejscem na nasze zegary jest recepcja Twojego biura lub hotelu.\u00a0Niezale\u017cnie od tego gdzie zdecydujesz si\u0119 umie\u015bci\u0107 jeden z naszych zegar\u00f3w industrialnych mo\u017cesz by\u0107 pewny, \u017ce zrobi\u0105 niesamowite wra\u017cenie.<\/p>\n","protected":false},"excerpt":{"rendered":"<p>Charyzmatyczny zegar w stylu industrialnym mo\u017ce by\u0107 idealnym dodatkiem dekoratorskim do Twojego salonu. Jak ka\u017cdy z naszych zegar\u00f3w ten r\u00f3wnie\u017c dost\u0119pny jest w r\u00f3\u017cnych rozmiarach w zale\u017cno\u015bci od potrzeb.<\/p>\n<p><strong>Projekt i r\u0119czne wykonanie<\/strong> \u2013 Anna Siodelska, Wielka Brytania<\/p>\n<p><strong>Kolor tarczy<\/strong> \u2013 Metaliczny i drewniany<\/p>\n<p><strong>Kolor t\u0142a<\/strong> \u2013 Grafitowy<\/p>\n","protected":false},"featured_media":32506,"comment_status":"open","ping_status":"closed","template":"","meta":[],"product_brand":[],"product_cat":[56],"product_tag":[50,65,67],"class_list":{"0":"post-5725","1":"product","2":"type-product","3":"status-publish","4":"has-post-thumbnail","6":"product_cat-duze-zegary-scienne","7":"product_tag-artystyczne-zegary-scienne","8":"product_tag-duze-zegary-dekoracyjne-na-sciane","9":"product_tag-duze-zegary-industrialne","10":"product_shipping_class-oversized-clocks-pl","12":"first","13":"instock","14":"sale","15":"taxable","16":"shipping-taxable","17":"purchasable","18":"product-type-variable"},"yoast_head":"<!-- This site is optimized with the Yoast SEO Premium plugin v27.2 (Yoast SEO v27.2) - https:\/\/yoast.com\/product\/yoast-seo-premium-wordpress\/ -->\n<title>Zegar w Stylu Industrialnym z Drewna i z elementami metalu<\/title>\n<meta name=\"description\" content=\"Nasz Zegar w Stylu Industrialnym b\u0119dzie idealnym dodatkiem dekoratorskim do Twojego domu.\" \/>\n<meta name=\"robots\" content=\"index, follow, max-snippet:-1, max-image-preview:large, max-video-preview:-1\" \/>\n<link rel=\"canonical\" href=\"https:\/\/peakart.co.uk\/pl\/produkt\/zegar-w-stylu-industrialnym\/\" \/>\n<meta property=\"og:locale\" content=\"pl_PL\" \/>\n<meta property=\"og:type\" content=\"article\" \/>\n<meta property=\"og:title\" content=\"Oryginalny Zegar w Stylu Industrialnym\" \/>\n<meta property=\"og:description\" content=\"Nasz Zegar w Stylu Industrialnym b\u0119dzie idealnym dodatkiem dekoratorskim do Twojego domu.\" \/>\n<meta property=\"og:url\" content=\"https:\/\/peakart.co.uk\/pl\/produkt\/zegar-w-stylu-industrialnym\/\" \/>\n<meta property=\"og:site_name\" content=\"Peak Art\" \/>\n<meta property=\"article:publisher\" content=\"https:\/\/www.facebook.com\/PeakArtClocks\/\" \/>\n<meta property=\"article:modified_time\" content=\"2023-03-25T11:50:37+00:00\" \/>\n<meta property=\"og:image\" content=\"https:\/\/peakart.co.uk\/wp-content\/uploads\/2015\/10\/Industrial-zoom-1.jpg\" \/>\n\t<meta property=\"og:image:width\" content=\"2183\" \/>\n\t<meta property=\"og:image:height\" content=\"2183\" \/>\n\t<meta property=\"og:image:type\" content=\"image\/jpeg\" \/>\n<meta name=\"twitter:card\" content=\"summary_large_image\" \/>\n<meta name=\"twitter:label1\" content=\"Dost\u0119pno\u015b\u0107\" \/>\n\t<meta name=\"twitter:data1\" content=\"Dost\u0119pny\" \/>\n<script type=\"application\/ld+json\" class=\"yoast-schema-graph\">{\"@context\":\"https:\/\/schema.org\",\"@graph\":[{\"@type\":\"WebPage\",\"@id\":\"https:\/\/peakart.co.uk\/pl\/produkt\/zegar-w-stylu-industrialnym\/\",\"url\":\"https:\/\/peakart.co.uk\/pl\/produkt\/zegar-w-stylu-industrialnym\/\",\"name\":\"Zegar w Stylu Industrialnym z Drewna i z elementami metalu\",\"isPartOf\":{\"@id\":\"https:\/\/peakart.co.uk\/de\/#website\"},\"primaryImageOfPage\":{\"@id\":\"https:\/\/peakart.co.uk\/pl\/produkt\/zegar-w-stylu-industrialnym\/#primaryimage\"},\"image\":{\"@id\":\"https:\/\/peakart.co.uk\/pl\/produkt\/zegar-w-stylu-industrialnym\/#primaryimage\"},\"thumbnailUrl\":\"https:\/\/peakart.co.uk\/wp-content\/uploads\/2015\/10\/Industrial-zoom-1.jpg\",\"datePublished\":\"2015-10-24T10:15:41+00:00\",\"dateModified\":\"2023-03-25T11:50:37+00:00\",\"description\":\"Nasz Zegar w Stylu Industrialnym b\u0119dzie idealnym dodatkiem dekoratorskim do Twojego domu.\",\"breadcrumb\":{\"@id\":\"https:\/\/peakart.co.uk\/pl\/produkt\/zegar-w-stylu-industrialnym\/#breadcrumb\"},\"inLanguage\":\"pl-PL\",\"potentialAction\":[{\"@type\":\"ReadAction\",\"target\":[\"https:\/\/peakart.co.uk\/pl\/produkt\/zegar-w-stylu-industrialnym\/\"]}]},{\"@type\":\"ImageObject\",\"inLanguage\":\"pl-PL\",\"@id\":\"https:\/\/peakart.co.uk\/pl\/produkt\/zegar-w-stylu-industrialnym\/#primaryimage\",\"url\":\"https:\/\/peakart.co.uk\/wp-content\/uploads\/2015\/10\/Industrial-zoom-1.jpg\",\"contentUrl\":\"https:\/\/peakart.co.uk\/wp-content\/uploads\/2015\/10\/Industrial-zoom-1.jpg\",\"width\":2183,\"height\":2183},{\"@type\":\"BreadcrumbList\",\"@id\":\"https:\/\/peakart.co.uk\/pl\/produkt\/zegar-w-stylu-industrialnym\/#breadcrumb\",\"itemListElement\":[{\"@type\":\"ListItem\",\"position\":1,\"name\":\"Home\",\"item\":\"https:\/\/peakart.co.uk\/pl\/\"},{\"@type\":\"ListItem\",\"position\":2,\"name\":\"Sklep\",\"item\":\"https:\/\/peakart.co.uk\/pl\/sklep\/\"},{\"@type\":\"ListItem\",\"position\":3,\"name\":\"Oryginalny Zegar w Stylu Industrialnym\"}]},{\"@type\":\"WebSite\",\"@id\":\"https:\/\/peakart.co.uk\/de\/#website\",\"url\":\"https:\/\/peakart.co.uk\/de\/\",\"name\":\"Peak Art\",\"description\":\"\",\"publisher\":{\"@id\":\"https:\/\/peakart.co.uk\/de\/#organization\"},\"potentialAction\":[{\"@type\":\"SearchAction\",\"target\":{\"@type\":\"EntryPoint\",\"urlTemplate\":\"https:\/\/peakart.co.uk\/de\/?s={search_term_string}\"},\"query-input\":{\"@type\":\"PropertyValueSpecification\",\"valueRequired\":true,\"valueName\":\"search_term_string\"}}],\"inLanguage\":\"pl-PL\"},{\"@type\":\"Organization\",\"@id\":\"https:\/\/peakart.co.uk\/de\/#organization\",\"name\":\"Peak Art\",\"url\":\"https:\/\/peakart.co.uk\/de\/\",\"logo\":{\"@type\":\"ImageObject\",\"inLanguage\":\"pl-PL\",\"@id\":\"https:\/\/peakart.co.uk\/de\/#\/schema\/logo\/image\/\",\"url\":\"https:\/\/peakart.co.uk\/wp-content\/uploads\/2023\/07\/logo-8.jpg\",\"contentUrl\":\"https:\/\/peakart.co.uk\/wp-content\/uploads\/2023\/07\/logo-8.jpg\",\"width\":666,\"height\":259,\"caption\":\"Peak Art\"},\"image\":{\"@id\":\"https:\/\/peakart.co.uk\/de\/#\/schema\/logo\/image\/\"},\"sameAs\":[\"https:\/\/www.facebook.com\/PeakArtClocks\/\"],\"hasMerchantReturnPolicy\":{\"@type\":\"MerchantReturnPolicy\",\"merchantReturnLink\":\"https:\/\/peakart.co.uk\/refund_returns\/\"}}]}<\/script>\n<meta property=\"og:availability\" content=\"instock\" \/>\n<meta property=\"product:availability\" content=\"instock\" \/>\n<meta property=\"product:retailer_item_id\" content=\"PEAKART-36739\" \/>\n<meta property=\"product:condition\" content=\"new\" \/>\n<!-- \/ Yoast SEO Premium plugin. -->","yoast_head_json":{"title":"Zegar w Stylu Industrialnym z Drewna i z elementami metalu","description":"Nasz Zegar w Stylu Industrialnym b\u0119dzie idealnym dodatkiem dekoratorskim do Twojego domu.","robots":{"index":"index","follow":"follow","max-snippet":"max-snippet:-1","max-image-preview":"max-image-preview:large","max-video-preview":"max-video-preview:-1"},"canonical":"https:\/\/peakart.co.uk\/pl\/produkt\/zegar-w-stylu-industrialnym\/","og_locale":"pl_PL","og_type":"article","og_title":"Oryginalny Zegar w Stylu Industrialnym","og_description":"Nasz Zegar w Stylu Industrialnym b\u0119dzie idealnym dodatkiem dekoratorskim do Twojego domu.","og_url":"https:\/\/peakart.co.uk\/pl\/produkt\/zegar-w-stylu-industrialnym\/","og_site_name":"Peak Art","article_publisher":"https:\/\/www.facebook.com\/PeakArtClocks\/","article_modified_time":"2023-03-25T11:50:37+00:00","og_image":[{"width":2183,"height":2183,"url":"https:\/\/peakart.co.uk\/wp-content\/uploads\/2015\/10\/Industrial-zoom-1.jpg","type":"image\/jpeg"}],"twitter_card":"summary_large_image","twitter_misc":{"Dost\u0119pno\u015b\u0107":"Dost\u0119pny"},"schema":{"@context":"https:\/\/schema.org","@graph":[{"@type":"WebPage","@id":"https:\/\/peakart.co.uk\/pl\/produkt\/zegar-w-stylu-industrialnym\/","url":"https:\/\/peakart.co.uk\/pl\/produkt\/zegar-w-stylu-industrialnym\/","name":"Zegar w Stylu Industrialnym z Drewna i z elementami metalu","isPartOf":{"@id":"https:\/\/peakart.co.uk\/de\/#website"},"primaryImageOfPage":{"@id":"https:\/\/peakart.co.uk\/pl\/produkt\/zegar-w-stylu-industrialnym\/#primaryimage"},"image":{"@id":"https:\/\/peakart.co.uk\/pl\/produkt\/zegar-w-stylu-industrialnym\/#primaryimage"},"thumbnailUrl":"https:\/\/peakart.co.uk\/wp-content\/uploads\/2015\/10\/Industrial-zoom-1.jpg","datePublished":"2015-10-24T10:15:41+00:00","dateModified":"2023-03-25T11:50:37+00:00","description":"Nasz Zegar w Stylu Industrialnym b\u0119dzie idealnym dodatkiem dekoratorskim do Twojego domu.","breadcrumb":{"@id":"https:\/\/peakart.co.uk\/pl\/produkt\/zegar-w-stylu-industrialnym\/#breadcrumb"},"inLanguage":"pl-PL","potentialAction":[{"@type":"ReadAction","target":["https:\/\/peakart.co.uk\/pl\/produkt\/zegar-w-stylu-industrialnym\/"]}]},{"@type":"ImageObject","inLanguage":"pl-PL","@id":"https:\/\/peakart.co.uk\/pl\/produkt\/zegar-w-stylu-industrialnym\/#primaryimage","url":"https:\/\/peakart.co.uk\/wp-content\/uploads\/2015\/10\/Industrial-zoom-1.jpg","contentUrl":"https:\/\/peakart.co.uk\/wp-content\/uploads\/2015\/10\/Industrial-zoom-1.jpg","width":2183,"height":2183},{"@type":"BreadcrumbList","@id":"https:\/\/peakart.co.uk\/pl\/produkt\/zegar-w-stylu-industrialnym\/#breadcrumb","itemListElement":[{"@type":"ListItem","position":1,"name":"Home","item":"https:\/\/peakart.co.uk\/pl\/"},{"@type":"ListItem","position":2,"name":"Sklep","item":"https:\/\/peakart.co.uk\/pl\/sklep\/"},{"@type":"ListItem","position":3,"name":"Oryginalny Zegar w Stylu Industrialnym"}]},{"@type":"WebSite","@id":"https:\/\/peakart.co.uk\/de\/#website","url":"https:\/\/peakart.co.uk\/de\/","name":"Peak Art","description":"","publisher":{"@id":"https:\/\/peakart.co.uk\/de\/#organization"},"potentialAction":[{"@type":"SearchAction","target":{"@type":"EntryPoint","urlTemplate":"https:\/\/peakart.co.uk\/de\/?s={search_term_string}"},"query-input":{"@type":"PropertyValueSpecification","valueRequired":true,"valueName":"search_term_string"}}],"inLanguage":"pl-PL"},{"@type":"Organization","@id":"https:\/\/peakart.co.uk\/de\/#organization","name":"Peak Art","url":"https:\/\/peakart.co.uk\/de\/","logo":{"@type":"ImageObject","inLanguage":"pl-PL","@id":"https:\/\/peakart.co.uk\/de\/#\/schema\/logo\/image\/","url":"https:\/\/peakart.co.uk\/wp-content\/uploads\/2023\/07\/logo-8.jpg","contentUrl":"https:\/\/peakart.co.uk\/wp-content\/uploads\/2023\/07\/logo-8.jpg","width":666,"height":259,"caption":"Peak Art"},"image":{"@id":"https:\/\/peakart.co.uk\/de\/#\/schema\/logo\/image\/"},"sameAs":["https:\/\/www.facebook.com\/PeakArtClocks\/"],"hasMerchantReturnPolicy":{"@type":"MerchantReturnPolicy","merchantReturnLink":"https:\/\/peakart.co.uk\/refund_returns\/"}}]},"og_availability":"instock","product_availability":"instock","product_retailer_item_id":"PEAKART-36739","product_condition":"new"},"_links":{"self":[{"href":"https:\/\/peakart.co.uk\/pl\/wp-json\/wp\/v2\/product\/5725","targetHints":{"allow":["GET"]}}],"collection":[{"href":"https:\/\/peakart.co.uk\/pl\/wp-json\/wp\/v2\/product"}],"about":[{"href":"https:\/\/peakart.co.uk\/pl\/wp-json\/wp\/v2\/types\/product"}],"replies":[{"embeddable":true,"href":"https:\/\/peakart.co.uk\/pl\/wp-json\/wp\/v2\/comments?post=5725"}],"wp:featuredmedia":[{"embeddable":true,"href":"https:\/\/peakart.co.uk\/pl\/wp-json\/wp\/v2\/media\/32506"}],"wp:attachment":[{"href":"https:\/\/peakart.co.uk\/pl\/wp-json\/wp\/v2\/media?parent=5725"}],"wp:term":[{"taxonomy":"product_brand","embeddable":true,"href":"https:\/\/peakart.co.uk\/pl\/wp-json\/wp\/v2\/product_brand?post=5725"},{"taxonomy":"product_cat","embeddable":true,"href":"https:\/\/peakart.co.uk\/pl\/wp-json\/wp\/v2\/product_cat?post=5725"},{"taxonomy":"product_tag","embeddable":true,"href":"https:\/\/peakart.co.uk\/pl\/wp-json\/wp\/v2\/product_tag?post=5725"}],"curies":[{"name":"wp","href":"https:\/\/api.w.org\/{rel}","templated":true}]}}