{"id":5724,"date":"2015-11-07T07:47:18","date_gmt":"2015-11-07T07:47:18","guid":{"rendered":"http:\/\/peakart.co.uk\/product\/duzy-dekoracyjny-zegar-scienny-do-sypialni\/"},"modified":"2023-03-25T20:25:38","modified_gmt":"2023-03-25T20:25:38","slug":"duzy-dekoracyjny-zegar-scienny-do-sypialni","status":"publish","type":"product","link":"https:\/\/peakart.co.uk\/pl\/produkt\/duzy-dekoracyjny-zegar-scienny-do-sypialni\/","title":{"rendered":"Du\u017cy Dekoracyjny Zegar \u015acienny do Sypialni"},"content":{"rendered":"<h2>Du\u017cy dekoracyjny zegar do sypialni | Drewno sosnowe | R\u0119kodzie\u0142o<\/h2>\n<p>Z wielk\u0105 satysfakcj\u0105 przedstawiamy Pa\u0144stwu rezultat naszej pracy &#8211; malowniczy zegar \u201eTwilight Shadows\u201d. Jest to nasza autorska wariacja na temat nowoczesnych czasomierzy. Niepowtarzalny zegar do sypialni, kt\u00f3ry nadaje przestrzeniom wyj\u0105tkowego charakteru.<\/p>\n<p>\u201eTwilight Shadows\u201d \u2013 jedyny w swoim rodzaju zegar dekoracyjny do sypialni i salonu. Takiej kompozycji barw i stylu wykonania nie znajdziecie na p\u00f3\u0142kach sklepowych. Zegar zosta\u0142 stworzony w nowoczesnych trendach wed\u0142ug kreatorskiej wizji.<\/p>\n<p>Kolorystyka tylnej cz\u0119\u015bci zegara nawi\u0105zuje do nieba o letnim zmierzchu. Kafle wyst\u0119puj\u0105 w czterech nieostrych barwach \u2013 czerwie\u0144, granat, ziele\u0144 oraz \u017c\u00f3\u0142\u0107. Natomiast przednia cz\u0119\u015b\u0107 zegara pomalowana zosta\u0142a ch\u0142odn\u0105 i neutraln\u0105 farb\u0105 w odcieniu khaki.\u00a0\u201eTwilight Shadows\u201d to idealny zegar do designerskiej sypialni czy przestrzennego salonu. Jest to \u015bwie\u017cy powiem dekoratorski. Z powodzeniem zast\u0105pi powtarzaj\u0105ce si\u0119 w wielu aran\u017cacjach lustra i obrazy. Je\u015bli chcesz stworzy\u0107 sw\u00f3j unikalny styl to nasze zegary s\u0105 odpowiednim wyborem. My r\u00f3wnie\u017c mamy do\u015b\u0107 kopiowania i powtarzaj\u0105cych si\u0119 we wszystkich domach wzor\u00f3w. W\u0142a\u015bnie, dlatego zaprojektowali\u015bmy w\u0142asn\u0105 lini\u0119 Peak Art. Chcemy naszym klientom oferowa\u0107 to co najlepsze.<\/p>\n<p>Po za oczywi\u015bcie oryginalnym aspektem wizualnym nasze zegary wyr\u00f3\u017cnia tak\u017ce jako\u015b\u0107 wykonania. Stosujemy wy\u0142\u0105cznie wysokiej jako\u015bci drewno, najlepsze farby i ultra wydajny mechanizm, kt\u00f3ry pozwala na d\u0142u\u017csz\u0105 prac\u0119 zegara. Aby w pe\u0142ni spe\u0142ni\u0107 Pa\u0144stwa wymagania przygotowali\u015bmy ten zegar w trzech wymiarach, by mogli Pa\u0144stwo z \u0142atwo\u015bci\u0105 dopasowa\u0107 go do w\u0142asnych przestrzeni. W zwi\u0105zku z tym, \u017ce wszystkie nasze zegary tworzymy r\u0119cznie istnieje mo\u017cliwo\u015b\u0107 wprowadzenia zmian wed\u0142ug Pa\u0144stwa indywidualnych preferencji. Czy \u201eTwilight Shadows\u201d zawi\u015bnie na Twojej \u015bcianie?<\/p>\n","protected":false},"excerpt":{"rendered":"<p>Du\u017cy wyj\u0105tkowy zegar do sypialni. Szukasz niepowtarzalnego dodatku do swojej sypialni? \u201eTwilight Shadows\u201d spe\u0142ni Twoje oczekiwania!<\/p>\n<p><strong>Projekt i R\u0119czne Wykonanie<\/strong>\u00a0\u2013 Anna Siodelska, Wielka Brytania<\/p>\n<p><strong>Front<\/strong>\u00a0\u2013 ch\u0142odny neutralny szary khaki<\/p>\n<p><strong>Ty\u0142<\/strong>\u00a0\u2013 kolorowy<\/p>\n","protected":false},"featured_media":31068,"comment_status":"open","ping_status":"closed","template":"","meta":[],"product_brand":[],"product_cat":[56],"product_tag":[50,65],"class_list":{"0":"post-5724","1":"product","2":"type-product","3":"status-publish","4":"has-post-thumbnail","6":"product_cat-duze-zegary-scienne","7":"product_tag-artystyczne-zegary-scienne","8":"product_tag-duze-zegary-dekoracyjne-na-sciane","9":"product_shipping_class-oversized-clocks-pl","11":"first","12":"outofstock","13":"taxable","14":"shipping-taxable","15":"product-type-variable"},"yoast_head":"<!-- This site is optimized with the Yoast SEO Premium plugin v27.2 (Yoast SEO v27.2) - https:\/\/yoast.com\/product\/yoast-seo-premium-wordpress\/ -->\n<title>Du\u017cy zegar do sypialni. R\u0119cznie malowany i wykonany z drewna sosnowego.<\/title>\n<meta name=\"description\" content=\"Dost\u0119pny w trzech rozmiarach du\u017cy dekoracyjny zegar \u015bcienny do sypialni.\" \/>\n<meta name=\"robots\" content=\"index, follow, max-snippet:-1, max-image-preview:large, max-video-preview:-1\" \/>\n<link rel=\"canonical\" href=\"https:\/\/peakart.co.uk\/pl\/produkt\/duzy-dekoracyjny-zegar-scienny-do-sypialni\/\" \/>\n<meta property=\"og:locale\" content=\"pl_PL\" \/>\n<meta property=\"og:type\" content=\"article\" \/>\n<meta property=\"og:title\" content=\"Du\u017cy Dekoracyjny Zegar \u015acienny do Sypialni\" \/>\n<meta property=\"og:description\" content=\"Dost\u0119pny w trzech rozmiarach du\u017cy dekoracyjny zegar \u015bcienny do sypialni.\" \/>\n<meta property=\"og:url\" content=\"https:\/\/peakart.co.uk\/pl\/produkt\/duzy-dekoracyjny-zegar-scienny-do-sypialni\/\" \/>\n<meta property=\"og:site_name\" content=\"Peak Art\" \/>\n<meta property=\"article:publisher\" content=\"https:\/\/www.facebook.com\/PeakArtClocks\/\" \/>\n<meta property=\"article:modified_time\" content=\"2023-03-25T20:25:38+00:00\" \/>\n<meta property=\"og:image\" content=\"https:\/\/peakart.co.uk\/wp-content\/uploads\/2015\/11\/Twiligt-Shadows-Front-400x400.jpg\" \/>\n\t<meta property=\"og:image:width\" content=\"400\" \/>\n\t<meta property=\"og:image:height\" content=\"400\" \/>\n\t<meta property=\"og:image:type\" content=\"image\/jpeg\" \/>\n<meta name=\"twitter:card\" content=\"summary_large_image\" \/>\n<meta name=\"twitter:label1\" content=\"Dost\u0119pno\u015b\u0107\" \/>\n\t<meta name=\"twitter:data1\" content=\"Brak w magazynie\" \/>\n<script type=\"application\/ld+json\" class=\"yoast-schema-graph\">{\"@context\":\"https:\/\/schema.org\",\"@graph\":[{\"@type\":\"WebPage\",\"@id\":\"https:\/\/peakart.co.uk\/pl\/produkt\/duzy-dekoracyjny-zegar-scienny-do-sypialni\/\",\"url\":\"https:\/\/peakart.co.uk\/pl\/produkt\/duzy-dekoracyjny-zegar-scienny-do-sypialni\/\",\"name\":\"Du\u017cy zegar do sypialni. R\u0119cznie malowany i wykonany z drewna sosnowego.\",\"isPartOf\":{\"@id\":\"https:\/\/peakart.co.uk\/de\/#website\"},\"primaryImageOfPage\":{\"@id\":\"https:\/\/peakart.co.uk\/pl\/produkt\/duzy-dekoracyjny-zegar-scienny-do-sypialni\/#primaryimage\"},\"image\":{\"@id\":\"https:\/\/peakart.co.uk\/pl\/produkt\/duzy-dekoracyjny-zegar-scienny-do-sypialni\/#primaryimage\"},\"thumbnailUrl\":\"https:\/\/peakart.co.uk\/wp-content\/uploads\/2015\/11\/Twiligt-Shadows-Front-400x400.jpg\",\"datePublished\":\"2015-11-07T07:47:18+00:00\",\"dateModified\":\"2023-03-25T20:25:38+00:00\",\"description\":\"Dost\u0119pny w trzech rozmiarach du\u017cy dekoracyjny zegar \u015bcienny do sypialni.\",\"breadcrumb\":{\"@id\":\"https:\/\/peakart.co.uk\/pl\/produkt\/duzy-dekoracyjny-zegar-scienny-do-sypialni\/#breadcrumb\"},\"inLanguage\":\"pl-PL\",\"potentialAction\":[{\"@type\":\"ReadAction\",\"target\":[\"https:\/\/peakart.co.uk\/pl\/produkt\/duzy-dekoracyjny-zegar-scienny-do-sypialni\/\"]}]},{\"@type\":\"ImageObject\",\"inLanguage\":\"pl-PL\",\"@id\":\"https:\/\/peakart.co.uk\/pl\/produkt\/duzy-dekoracyjny-zegar-scienny-do-sypialni\/#primaryimage\",\"url\":\"https:\/\/peakart.co.uk\/wp-content\/uploads\/2015\/11\/Twiligt-Shadows-Front-400x400.jpg\",\"contentUrl\":\"https:\/\/peakart.co.uk\/wp-content\/uploads\/2015\/11\/Twiligt-Shadows-Front-400x400.jpg\",\"width\":400,\"height\":400,\"caption\":\"Peak Art - Twilight Shadows\"},{\"@type\":\"BreadcrumbList\",\"@id\":\"https:\/\/peakart.co.uk\/pl\/produkt\/duzy-dekoracyjny-zegar-scienny-do-sypialni\/#breadcrumb\",\"itemListElement\":[{\"@type\":\"ListItem\",\"position\":1,\"name\":\"Home\",\"item\":\"https:\/\/peakart.co.uk\/pl\/\"},{\"@type\":\"ListItem\",\"position\":2,\"name\":\"Sklep\",\"item\":\"https:\/\/peakart.co.uk\/pl\/sklep\/\"},{\"@type\":\"ListItem\",\"position\":3,\"name\":\"Du\u017cy Dekoracyjny Zegar \u015acienny do Sypialni\"}]},{\"@type\":\"WebSite\",\"@id\":\"https:\/\/peakart.co.uk\/de\/#website\",\"url\":\"https:\/\/peakart.co.uk\/de\/\",\"name\":\"Peak Art\",\"description\":\"\",\"publisher\":{\"@id\":\"https:\/\/peakart.co.uk\/de\/#organization\"},\"potentialAction\":[{\"@type\":\"SearchAction\",\"target\":{\"@type\":\"EntryPoint\",\"urlTemplate\":\"https:\/\/peakart.co.uk\/de\/?s={search_term_string}\"},\"query-input\":{\"@type\":\"PropertyValueSpecification\",\"valueRequired\":true,\"valueName\":\"search_term_string\"}}],\"inLanguage\":\"pl-PL\"},{\"@type\":\"Organization\",\"@id\":\"https:\/\/peakart.co.uk\/de\/#organization\",\"name\":\"Peak Art\",\"url\":\"https:\/\/peakart.co.uk\/de\/\",\"logo\":{\"@type\":\"ImageObject\",\"inLanguage\":\"pl-PL\",\"@id\":\"https:\/\/peakart.co.uk\/de\/#\/schema\/logo\/image\/\",\"url\":\"https:\/\/peakart.co.uk\/wp-content\/uploads\/2023\/07\/logo-8.jpg\",\"contentUrl\":\"https:\/\/peakart.co.uk\/wp-content\/uploads\/2023\/07\/logo-8.jpg\",\"width\":666,\"height\":259,\"caption\":\"Peak Art\"},\"image\":{\"@id\":\"https:\/\/peakart.co.uk\/de\/#\/schema\/logo\/image\/\"},\"sameAs\":[\"https:\/\/www.facebook.com\/PeakArtClocks\/\"],\"hasMerchantReturnPolicy\":{\"@type\":\"MerchantReturnPolicy\",\"merchantReturnLink\":\"https:\/\/peakart.co.uk\/refund_returns\/\"}}]}<\/script>\n<meta property=\"og:availability\" content=\"out of stock\" \/>\n<meta property=\"product:availability\" content=\"out of stock\" \/>\n<meta property=\"product:retailer_item_id\" content=\"PEAKART-18419\" \/>\n<meta property=\"product:condition\" content=\"new\" \/>\n<!-- \/ Yoast SEO Premium plugin. -->","yoast_head_json":{"title":"Du\u017cy zegar do sypialni. R\u0119cznie malowany i wykonany z drewna sosnowego.","description":"Dost\u0119pny w trzech rozmiarach du\u017cy dekoracyjny zegar \u015bcienny do sypialni.","robots":{"index":"index","follow":"follow","max-snippet":"max-snippet:-1","max-image-preview":"max-image-preview:large","max-video-preview":"max-video-preview:-1"},"canonical":"https:\/\/peakart.co.uk\/pl\/produkt\/duzy-dekoracyjny-zegar-scienny-do-sypialni\/","og_locale":"pl_PL","og_type":"article","og_title":"Du\u017cy Dekoracyjny Zegar \u015acienny do Sypialni","og_description":"Dost\u0119pny w trzech rozmiarach du\u017cy dekoracyjny zegar \u015bcienny do sypialni.","og_url":"https:\/\/peakart.co.uk\/pl\/produkt\/duzy-dekoracyjny-zegar-scienny-do-sypialni\/","og_site_name":"Peak Art","article_publisher":"https:\/\/www.facebook.com\/PeakArtClocks\/","article_modified_time":"2023-03-25T20:25:38+00:00","og_image":[{"width":400,"height":400,"url":"https:\/\/peakart.co.uk\/wp-content\/uploads\/2015\/11\/Twiligt-Shadows-Front-400x400.jpg","type":"image\/jpeg"}],"twitter_card":"summary_large_image","twitter_misc":{"Dost\u0119pno\u015b\u0107":"Brak w magazynie"},"schema":{"@context":"https:\/\/schema.org","@graph":[{"@type":"WebPage","@id":"https:\/\/peakart.co.uk\/pl\/produkt\/duzy-dekoracyjny-zegar-scienny-do-sypialni\/","url":"https:\/\/peakart.co.uk\/pl\/produkt\/duzy-dekoracyjny-zegar-scienny-do-sypialni\/","name":"Du\u017cy zegar do sypialni. R\u0119cznie malowany i wykonany z drewna sosnowego.","isPartOf":{"@id":"https:\/\/peakart.co.uk\/de\/#website"},"primaryImageOfPage":{"@id":"https:\/\/peakart.co.uk\/pl\/produkt\/duzy-dekoracyjny-zegar-scienny-do-sypialni\/#primaryimage"},"image":{"@id":"https:\/\/peakart.co.uk\/pl\/produkt\/duzy-dekoracyjny-zegar-scienny-do-sypialni\/#primaryimage"},"thumbnailUrl":"https:\/\/peakart.co.uk\/wp-content\/uploads\/2015\/11\/Twiligt-Shadows-Front-400x400.jpg","datePublished":"2015-11-07T07:47:18+00:00","dateModified":"2023-03-25T20:25:38+00:00","description":"Dost\u0119pny w trzech rozmiarach du\u017cy dekoracyjny zegar \u015bcienny do sypialni.","breadcrumb":{"@id":"https:\/\/peakart.co.uk\/pl\/produkt\/duzy-dekoracyjny-zegar-scienny-do-sypialni\/#breadcrumb"},"inLanguage":"pl-PL","potentialAction":[{"@type":"ReadAction","target":["https:\/\/peakart.co.uk\/pl\/produkt\/duzy-dekoracyjny-zegar-scienny-do-sypialni\/"]}]},{"@type":"ImageObject","inLanguage":"pl-PL","@id":"https:\/\/peakart.co.uk\/pl\/produkt\/duzy-dekoracyjny-zegar-scienny-do-sypialni\/#primaryimage","url":"https:\/\/peakart.co.uk\/wp-content\/uploads\/2015\/11\/Twiligt-Shadows-Front-400x400.jpg","contentUrl":"https:\/\/peakart.co.uk\/wp-content\/uploads\/2015\/11\/Twiligt-Shadows-Front-400x400.jpg","width":400,"height":400,"caption":"Peak Art - Twilight Shadows"},{"@type":"BreadcrumbList","@id":"https:\/\/peakart.co.uk\/pl\/produkt\/duzy-dekoracyjny-zegar-scienny-do-sypialni\/#breadcrumb","itemListElement":[{"@type":"ListItem","position":1,"name":"Home","item":"https:\/\/peakart.co.uk\/pl\/"},{"@type":"ListItem","position":2,"name":"Sklep","item":"https:\/\/peakart.co.uk\/pl\/sklep\/"},{"@type":"ListItem","position":3,"name":"Du\u017cy Dekoracyjny Zegar \u015acienny do Sypialni"}]},{"@type":"WebSite","@id":"https:\/\/peakart.co.uk\/de\/#website","url":"https:\/\/peakart.co.uk\/de\/","name":"Peak Art","description":"","publisher":{"@id":"https:\/\/peakart.co.uk\/de\/#organization"},"potentialAction":[{"@type":"SearchAction","target":{"@type":"EntryPoint","urlTemplate":"https:\/\/peakart.co.uk\/de\/?s={search_term_string}"},"query-input":{"@type":"PropertyValueSpecification","valueRequired":true,"valueName":"search_term_string"}}],"inLanguage":"pl-PL"},{"@type":"Organization","@id":"https:\/\/peakart.co.uk\/de\/#organization","name":"Peak Art","url":"https:\/\/peakart.co.uk\/de\/","logo":{"@type":"ImageObject","inLanguage":"pl-PL","@id":"https:\/\/peakart.co.uk\/de\/#\/schema\/logo\/image\/","url":"https:\/\/peakart.co.uk\/wp-content\/uploads\/2023\/07\/logo-8.jpg","contentUrl":"https:\/\/peakart.co.uk\/wp-content\/uploads\/2023\/07\/logo-8.jpg","width":666,"height":259,"caption":"Peak Art"},"image":{"@id":"https:\/\/peakart.co.uk\/de\/#\/schema\/logo\/image\/"},"sameAs":["https:\/\/www.facebook.com\/PeakArtClocks\/"],"hasMerchantReturnPolicy":{"@type":"MerchantReturnPolicy","merchantReturnLink":"https:\/\/peakart.co.uk\/refund_returns\/"}}]},"og_availability":"out of stock","product_availability":"out of stock","product_retailer_item_id":"PEAKART-18419","product_condition":"new"},"_links":{"self":[{"href":"https:\/\/peakart.co.uk\/pl\/wp-json\/wp\/v2\/product\/5724","targetHints":{"allow":["GET"]}}],"collection":[{"href":"https:\/\/peakart.co.uk\/pl\/wp-json\/wp\/v2\/product"}],"about":[{"href":"https:\/\/peakart.co.uk\/pl\/wp-json\/wp\/v2\/types\/product"}],"replies":[{"embeddable":true,"href":"https:\/\/peakart.co.uk\/pl\/wp-json\/wp\/v2\/comments?post=5724"}],"wp:featuredmedia":[{"embeddable":true,"href":"https:\/\/peakart.co.uk\/pl\/wp-json\/wp\/v2\/media\/31068"}],"wp:attachment":[{"href":"https:\/\/peakart.co.uk\/pl\/wp-json\/wp\/v2\/media?parent=5724"}],"wp:term":[{"taxonomy":"product_brand","embeddable":true,"href":"https:\/\/peakart.co.uk\/pl\/wp-json\/wp\/v2\/product_brand?post=5724"},{"taxonomy":"product_cat","embeddable":true,"href":"https:\/\/peakart.co.uk\/pl\/wp-json\/wp\/v2\/product_cat?post=5724"},{"taxonomy":"product_tag","embeddable":true,"href":"https:\/\/peakart.co.uk\/pl\/wp-json\/wp\/v2\/product_tag?post=5724"}],"curies":[{"name":"wp","href":"https:\/\/api.w.org\/{rel}","templated":true}]}}