{"id":5723,"date":"2015-11-18T19:42:36","date_gmt":"2015-11-18T19:42:36","guid":{"rendered":"http:\/\/peakart.co.uk\/product\/duzy-malowany-oryginalny-zegar-na-sciane\/"},"modified":"2023-03-25T19:57:37","modified_gmt":"2023-03-25T19:57:37","slug":"recznie-malowany-zegar","status":"publish","type":"product","link":"https:\/\/peakart.co.uk\/pl\/produkt\/recznie-malowany-zegar\/","title":{"rendered":"Du\u017cy R\u0119cznie Malowany Zegar z Drewna"},"content":{"rendered":"<h2>R\u0119cznie malowany zegar \u015bcienny z mozaik\u0105, aby zapewni\u0107 czas i dekoracj\u0119<\/h2>\n<p>&#8220;Mosaic&#8221; to du\u017cy artystyczny r\u0119cznie malowany zegar \u015bcienny, kt\u00f3ry jest wyci\u0119ty z dw\u00f3ch masywnych paneli z drewna sosnowego po\u0142\u0105czonych ze sob\u0105. To nie tylko wyj\u0105tkowy i niepowtarzalny zegar ale tak\u017ce jedyne w swoim rodzaju dzie\u0142o sztuki.<\/p>\n<p>Szukasz czego\u015b unikalnego do wype\u0142nienia pustej przestrzeni na \u015bcianie? By\u0107 mo\u017ce nadszed\u0142 czas, aby zast\u0105pi\u0107 lustro lub du\u017cy obraz nowym pomys\u0142em? Czy zastanawia\u0142e\u015b si\u0119 nad pi\u0119knym mozaikowym zegarem \u015bciennym, kt\u00f3ry m\u00f3g\u0142by odr\u00f3\u017cni\u0107 twoje miejsce od reszty \u015bwiata? Zapoznaj si\u0119 z nasz\u0105 galeri\u0105 online pokazuj\u0105c\u0105 nasze zegary w r\u00f3\u017cnych konfiguracjach. Zgodzicie si\u0119, \u017ce ka\u017cdy z nich jest niesamowicie imponuj\u0105cy i jedyny w swoim rodzaju.<\/p>\n<p>Mechanizm zegarowy jest cichy w dzia\u0142aniu i wymaga tylko jednej baterii C Cell. Jest dostarczany z od\u0142\u0105czonymi wskaz\u00f3wkami, aby zapobiec uszkodzeniom podczas transportu. Na naszym kanale <a href=\"https:\/\/www.youtube.com\/watch?v=08Tq0lKFs30\">Youtube<\/a> mo\u017cesz obejrze\u0107 kr\u00f3tki film, w kt\u00f3rym pokazuj\u0119, jak mocuje si\u0119 wskaz\u00f3wki zegara i ustawia czas.<\/p>\n<h2>Zegary Peak Art to nie tylko urz\u0105dzenia do pomiaru czasu<\/h2>\n<p>Wszystkie zegary Peak Art s\u0105 wspania\u0142ymi dzie\u0142ami sztuki z pewnymi wsp\u00f3\u0142czesnymi akcentami. Zegary maj\u0105 wyra\u017ane, r\u0119cznie malowane wyko\u0144czenie i tradycyjny okr\u0105g\u0142y kszta\u0142t. Mo\u017cna je zamontowa\u0107 w dowolnym pomieszczeniu w domu. Kolejnym doskona\u0142ym miejscem dla tych gigantycznych zegar\u00f3w jest biuro, recepcja hotelowa czy nawet luksusowy apartament.<\/p>\n<p>Nie pod\u0105\u017caj za t\u0142umem, rzu\u0107 wyzwanie akceptowanej modzie i spraw, by zegary \u015bcienne z Peak Art sta\u0142y si\u0119 nowym trendem. Poszukaj w internecie du\u017cych r\u0119cznie malowanych zegar\u00f3w, a zobaczysz, \u017ce Peak Art jest liderem na tym niszowym rynku, bez konkurencji.<\/p>\n","protected":false},"excerpt":{"rendered":"<p>R\u0119cznie malowany zegar\u00a0 \u015bcienny wykonany z drewna sosnowego. Jedyny unikalny egzemplarz dost\u0119pny tylko w rozmiarze 100 cm.<\/p>\n<p><strong>Projekt i Wykonanie<\/strong> \u2013 Anna Siodelska, United Kingdom<\/p>\n<p><strong>Kolor<\/strong>\u00a0\u2013 Mosaika<\/p>\n","protected":false},"featured_media":31020,"comment_status":"open","ping_status":"closed","template":"","meta":[],"product_brand":[],"product_cat":[56],"product_tag":[50],"class_list":{"0":"post-5723","1":"product","2":"type-product","3":"status-publish","4":"has-post-thumbnail","6":"product_cat-duze-zegary-scienne","7":"product_tag-artystyczne-zegary-scienne","8":"product_shipping_class-oversized-clocks-pl","10":"first","11":"outofstock","12":"sale","13":"taxable","14":"shipping-taxable","15":"purchasable","16":"product-type-simple"},"yoast_head":"<!-- This site is optimized with the Yoast SEO Premium plugin v27.2 (Yoast SEO v27.2) - https:\/\/yoast.com\/product\/yoast-seo-premium-wordpress\/ -->\n<title>Du\u017cy R\u0119cznie Malowany Zegar \u015acienny<\/title>\n<meta name=\"description\" content=\"R\u0119cznie malowany zegar\u00a0 \u015bcienny wykonany z drewna sosnowego. Jedyny unikalny egzemplarz dost\u0119pny tylko w rozmiarze 100 cm\" \/>\n<meta name=\"robots\" content=\"index, follow, max-snippet:-1, max-image-preview:large, max-video-preview:-1\" \/>\n<link rel=\"canonical\" href=\"https:\/\/peakart.co.uk\/pl\/produkt\/recznie-malowany-zegar\/\" \/>\n<meta property=\"og:locale\" content=\"pl_PL\" \/>\n<meta property=\"og:type\" content=\"article\" \/>\n<meta property=\"og:title\" content=\"Du\u017cy R\u0119cznie Malowany Zegar z Drewna\" \/>\n<meta property=\"og:description\" content=\"R\u0119cznie malowany zegar\u00a0 \u015bcienny wykonany z drewna sosnowego. Jedyny unikalny egzemplarz dost\u0119pny tylko w rozmiarze 100 cm\" \/>\n<meta property=\"og:url\" content=\"https:\/\/peakart.co.uk\/pl\/produkt\/recznie-malowany-zegar\/\" \/>\n<meta property=\"og:site_name\" content=\"Peak Art\" \/>\n<meta property=\"article:publisher\" content=\"https:\/\/www.facebook.com\/PeakArtClocks\/\" \/>\n<meta property=\"article:modified_time\" content=\"2023-03-25T19:57:37+00:00\" \/>\n<meta property=\"og:image\" content=\"https:\/\/peakart.co.uk\/wp-content\/uploads\/2015\/11\/Mosaic-grey-front-transp-400x400-1.jpg\" \/>\n\t<meta property=\"og:image:width\" content=\"400\" \/>\n\t<meta property=\"og:image:height\" content=\"400\" \/>\n\t<meta property=\"og:image:type\" content=\"image\/jpeg\" \/>\n<meta name=\"twitter:card\" content=\"summary_large_image\" \/>\n<meta name=\"twitter:label1\" content=\"Cena\" \/>\n\t<meta name=\"twitter:data1\" content=\"3,750&#122;&#322;\" \/>\n\t<meta name=\"twitter:label2\" content=\"Dost\u0119pno\u015b\u0107\" \/>\n\t<meta name=\"twitter:data2\" content=\"Brak w magazynie\" \/>\n<script type=\"application\/ld+json\" class=\"yoast-schema-graph\">{\"@context\":\"https:\/\/schema.org\",\"@graph\":[{\"@type\":\"WebPage\",\"@id\":\"https:\/\/peakart.co.uk\/pl\/produkt\/recznie-malowany-zegar\/\",\"url\":\"https:\/\/peakart.co.uk\/pl\/produkt\/recznie-malowany-zegar\/\",\"name\":\"Du\u017cy R\u0119cznie Malowany Zegar \u015acienny\",\"isPartOf\":{\"@id\":\"https:\/\/peakart.co.uk\/de\/#website\"},\"primaryImageOfPage\":{\"@id\":\"https:\/\/peakart.co.uk\/pl\/produkt\/recznie-malowany-zegar\/#primaryimage\"},\"image\":{\"@id\":\"https:\/\/peakart.co.uk\/pl\/produkt\/recznie-malowany-zegar\/#primaryimage\"},\"thumbnailUrl\":\"https:\/\/peakart.co.uk\/wp-content\/uploads\/2015\/11\/Mosaic-grey-front-transp-400x400-1.jpg\",\"datePublished\":\"2015-11-18T19:42:36+00:00\",\"dateModified\":\"2023-03-25T19:57:37+00:00\",\"description\":\"R\u0119cznie malowany zegar\u00a0 \u015bcienny wykonany z drewna sosnowego. Jedyny unikalny egzemplarz dost\u0119pny tylko w rozmiarze 100 cm\",\"breadcrumb\":{\"@id\":\"https:\/\/peakart.co.uk\/pl\/produkt\/recznie-malowany-zegar\/#breadcrumb\"},\"inLanguage\":\"pl-PL\",\"potentialAction\":[{\"@type\":\"ReadAction\",\"target\":[\"https:\/\/peakart.co.uk\/pl\/produkt\/recznie-malowany-zegar\/\"]}]},{\"@type\":\"ImageObject\",\"inLanguage\":\"pl-PL\",\"@id\":\"https:\/\/peakart.co.uk\/pl\/produkt\/recznie-malowany-zegar\/#primaryimage\",\"url\":\"https:\/\/peakart.co.uk\/wp-content\/uploads\/2015\/11\/Mosaic-grey-front-transp-400x400-1.jpg\",\"contentUrl\":\"https:\/\/peakart.co.uk\/wp-content\/uploads\/2015\/11\/Mosaic-grey-front-transp-400x400-1.jpg\",\"width\":400,\"height\":400,\"caption\":\"Peak Art - Mosaic\"},{\"@type\":\"BreadcrumbList\",\"@id\":\"https:\/\/peakart.co.uk\/pl\/produkt\/recznie-malowany-zegar\/#breadcrumb\",\"itemListElement\":[{\"@type\":\"ListItem\",\"position\":1,\"name\":\"Home\",\"item\":\"https:\/\/peakart.co.uk\/pl\/\"},{\"@type\":\"ListItem\",\"position\":2,\"name\":\"Sklep\",\"item\":\"https:\/\/peakart.co.uk\/pl\/sklep\/\"},{\"@type\":\"ListItem\",\"position\":3,\"name\":\"Du\u017cy R\u0119cznie Malowany Zegar z Drewna\"}]},{\"@type\":\"WebSite\",\"@id\":\"https:\/\/peakart.co.uk\/de\/#website\",\"url\":\"https:\/\/peakart.co.uk\/de\/\",\"name\":\"Peak Art\",\"description\":\"\",\"publisher\":{\"@id\":\"https:\/\/peakart.co.uk\/de\/#organization\"},\"potentialAction\":[{\"@type\":\"SearchAction\",\"target\":{\"@type\":\"EntryPoint\",\"urlTemplate\":\"https:\/\/peakart.co.uk\/de\/?s={search_term_string}\"},\"query-input\":{\"@type\":\"PropertyValueSpecification\",\"valueRequired\":true,\"valueName\":\"search_term_string\"}}],\"inLanguage\":\"pl-PL\"},{\"@type\":\"Organization\",\"@id\":\"https:\/\/peakart.co.uk\/de\/#organization\",\"name\":\"Peak Art\",\"url\":\"https:\/\/peakart.co.uk\/de\/\",\"logo\":{\"@type\":\"ImageObject\",\"inLanguage\":\"pl-PL\",\"@id\":\"https:\/\/peakart.co.uk\/de\/#\/schema\/logo\/image\/\",\"url\":\"https:\/\/peakart.co.uk\/wp-content\/uploads\/2023\/07\/logo-8.jpg\",\"contentUrl\":\"https:\/\/peakart.co.uk\/wp-content\/uploads\/2023\/07\/logo-8.jpg\",\"width\":666,\"height\":259,\"caption\":\"Peak Art\"},\"image\":{\"@id\":\"https:\/\/peakart.co.uk\/de\/#\/schema\/logo\/image\/\"},\"sameAs\":[\"https:\/\/www.facebook.com\/PeakArtClocks\/\"],\"hasMerchantReturnPolicy\":{\"@type\":\"MerchantReturnPolicy\",\"merchantReturnLink\":\"https:\/\/peakart.co.uk\/refund_returns\/\"}}]}<\/script>\n<meta property=\"product:price:amount\" content=\"3750\" \/>\n<meta property=\"product:price:currency\" content=\"PLN\" \/>\n<meta property=\"og:availability\" content=\"out of stock\" \/>\n<meta property=\"product:availability\" content=\"out of stock\" \/>\n<meta property=\"product:retailer_item_id\" content=\"PEAKART-35121\" \/>\n<meta property=\"product:condition\" content=\"new\" \/>\n<!-- \/ Yoast SEO Premium plugin. -->","yoast_head_json":{"title":"Du\u017cy R\u0119cznie Malowany Zegar \u015acienny","description":"R\u0119cznie malowany zegar\u00a0 \u015bcienny wykonany z drewna sosnowego. Jedyny unikalny egzemplarz dost\u0119pny tylko w rozmiarze 100 cm","robots":{"index":"index","follow":"follow","max-snippet":"max-snippet:-1","max-image-preview":"max-image-preview:large","max-video-preview":"max-video-preview:-1"},"canonical":"https:\/\/peakart.co.uk\/pl\/produkt\/recznie-malowany-zegar\/","og_locale":"pl_PL","og_type":"article","og_title":"Du\u017cy R\u0119cznie Malowany Zegar z Drewna","og_description":"R\u0119cznie malowany zegar\u00a0 \u015bcienny wykonany z drewna sosnowego. Jedyny unikalny egzemplarz dost\u0119pny tylko w rozmiarze 100 cm","og_url":"https:\/\/peakart.co.uk\/pl\/produkt\/recznie-malowany-zegar\/","og_site_name":"Peak Art","article_publisher":"https:\/\/www.facebook.com\/PeakArtClocks\/","article_modified_time":"2023-03-25T19:57:37+00:00","og_image":[{"width":400,"height":400,"url":"https:\/\/peakart.co.uk\/wp-content\/uploads\/2015\/11\/Mosaic-grey-front-transp-400x400-1.jpg","type":"image\/jpeg"}],"twitter_card":"summary_large_image","twitter_misc":{"Cena":"3,750&#122;&#322;","Dost\u0119pno\u015b\u0107":"Brak w magazynie"},"schema":{"@context":"https:\/\/schema.org","@graph":[{"@type":"WebPage","@id":"https:\/\/peakart.co.uk\/pl\/produkt\/recznie-malowany-zegar\/","url":"https:\/\/peakart.co.uk\/pl\/produkt\/recznie-malowany-zegar\/","name":"Du\u017cy R\u0119cznie Malowany Zegar \u015acienny","isPartOf":{"@id":"https:\/\/peakart.co.uk\/de\/#website"},"primaryImageOfPage":{"@id":"https:\/\/peakart.co.uk\/pl\/produkt\/recznie-malowany-zegar\/#primaryimage"},"image":{"@id":"https:\/\/peakart.co.uk\/pl\/produkt\/recznie-malowany-zegar\/#primaryimage"},"thumbnailUrl":"https:\/\/peakart.co.uk\/wp-content\/uploads\/2015\/11\/Mosaic-grey-front-transp-400x400-1.jpg","datePublished":"2015-11-18T19:42:36+00:00","dateModified":"2023-03-25T19:57:37+00:00","description":"R\u0119cznie malowany zegar\u00a0 \u015bcienny wykonany z drewna sosnowego. Jedyny unikalny egzemplarz dost\u0119pny tylko w rozmiarze 100 cm","breadcrumb":{"@id":"https:\/\/peakart.co.uk\/pl\/produkt\/recznie-malowany-zegar\/#breadcrumb"},"inLanguage":"pl-PL","potentialAction":[{"@type":"ReadAction","target":["https:\/\/peakart.co.uk\/pl\/produkt\/recznie-malowany-zegar\/"]}]},{"@type":"ImageObject","inLanguage":"pl-PL","@id":"https:\/\/peakart.co.uk\/pl\/produkt\/recznie-malowany-zegar\/#primaryimage","url":"https:\/\/peakart.co.uk\/wp-content\/uploads\/2015\/11\/Mosaic-grey-front-transp-400x400-1.jpg","contentUrl":"https:\/\/peakart.co.uk\/wp-content\/uploads\/2015\/11\/Mosaic-grey-front-transp-400x400-1.jpg","width":400,"height":400,"caption":"Peak Art - Mosaic"},{"@type":"BreadcrumbList","@id":"https:\/\/peakart.co.uk\/pl\/produkt\/recznie-malowany-zegar\/#breadcrumb","itemListElement":[{"@type":"ListItem","position":1,"name":"Home","item":"https:\/\/peakart.co.uk\/pl\/"},{"@type":"ListItem","position":2,"name":"Sklep","item":"https:\/\/peakart.co.uk\/pl\/sklep\/"},{"@type":"ListItem","position":3,"name":"Du\u017cy R\u0119cznie Malowany Zegar z Drewna"}]},{"@type":"WebSite","@id":"https:\/\/peakart.co.uk\/de\/#website","url":"https:\/\/peakart.co.uk\/de\/","name":"Peak Art","description":"","publisher":{"@id":"https:\/\/peakart.co.uk\/de\/#organization"},"potentialAction":[{"@type":"SearchAction","target":{"@type":"EntryPoint","urlTemplate":"https:\/\/peakart.co.uk\/de\/?s={search_term_string}"},"query-input":{"@type":"PropertyValueSpecification","valueRequired":true,"valueName":"search_term_string"}}],"inLanguage":"pl-PL"},{"@type":"Organization","@id":"https:\/\/peakart.co.uk\/de\/#organization","name":"Peak Art","url":"https:\/\/peakart.co.uk\/de\/","logo":{"@type":"ImageObject","inLanguage":"pl-PL","@id":"https:\/\/peakart.co.uk\/de\/#\/schema\/logo\/image\/","url":"https:\/\/peakart.co.uk\/wp-content\/uploads\/2023\/07\/logo-8.jpg","contentUrl":"https:\/\/peakart.co.uk\/wp-content\/uploads\/2023\/07\/logo-8.jpg","width":666,"height":259,"caption":"Peak Art"},"image":{"@id":"https:\/\/peakart.co.uk\/de\/#\/schema\/logo\/image\/"},"sameAs":["https:\/\/www.facebook.com\/PeakArtClocks\/"],"hasMerchantReturnPolicy":{"@type":"MerchantReturnPolicy","merchantReturnLink":"https:\/\/peakart.co.uk\/refund_returns\/"}}]},"product_price_amount":"3750","product_price_currency":"PLN","og_availability":"out of stock","product_availability":"out of stock","product_retailer_item_id":"PEAKART-35121","product_condition":"new"},"_links":{"self":[{"href":"https:\/\/peakart.co.uk\/pl\/wp-json\/wp\/v2\/product\/5723","targetHints":{"allow":["GET"]}}],"collection":[{"href":"https:\/\/peakart.co.uk\/pl\/wp-json\/wp\/v2\/product"}],"about":[{"href":"https:\/\/peakart.co.uk\/pl\/wp-json\/wp\/v2\/types\/product"}],"replies":[{"embeddable":true,"href":"https:\/\/peakart.co.uk\/pl\/wp-json\/wp\/v2\/comments?post=5723"}],"wp:featuredmedia":[{"embeddable":true,"href":"https:\/\/peakart.co.uk\/pl\/wp-json\/wp\/v2\/media\/31020"}],"wp:attachment":[{"href":"https:\/\/peakart.co.uk\/pl\/wp-json\/wp\/v2\/media?parent=5723"}],"wp:term":[{"taxonomy":"product_brand","embeddable":true,"href":"https:\/\/peakart.co.uk\/pl\/wp-json\/wp\/v2\/product_brand?post=5723"},{"taxonomy":"product_cat","embeddable":true,"href":"https:\/\/peakart.co.uk\/pl\/wp-json\/wp\/v2\/product_cat?post=5723"},{"taxonomy":"product_tag","embeddable":true,"href":"https:\/\/peakart.co.uk\/pl\/wp-json\/wp\/v2\/product_tag?post=5723"}],"curies":[{"name":"wp","href":"https:\/\/api.w.org\/{rel}","templated":true}]}}