{"id":5691,"date":"2015-09-19T15:33:32","date_gmt":"2015-09-19T14:33:32","guid":{"rendered":"http:\/\/peakart.co.uk\/product\/masywny-zegar-ozdobny-w-stylu-boho-100cm\/"},"modified":"2023-03-26T21:34:45","modified_gmt":"2023-03-26T20:34:45","slug":"zegar-artystyczny","status":"publish","type":"product","link":"https:\/\/peakart.co.uk\/pl\/produkt\/zegar-artystyczny\/","title":{"rendered":"Wielki Zegar Artystyczny na \u015acian\u0119"},"content":{"rendered":"<h2>Wielki zegar artystyczny na \u015bcian\u0119 r\u0119cznie malowany<\/h2>\n<p>&#8220;Boho&#8221; to ogromny designerski zegar inspirowany \u017cyw\u0105 barw\u0105 bohemistycznego trendu projektowania wn\u0119trz. Z pewno\u015bci\u0105 ozdobi on miejsce, w kt\u00f3rym mieszkasz w najbardziej nietypowy i pi\u0119kny spos\u00f3b. Czy szukasz czego\u015b odmiennego, aby wype\u0142ni\u0107 t\u0119 du\u017c\u0105, pust\u0105 \u015bcian\u0119? Czy tw\u00f3j salon wygl\u0105da na nudny lub jakby brakowa\u0142o mu unikatowo\u015bci i charakteru? Czy rozwa\u017ca\u0142e\u015b wielki, centralnie po\u0142o\u017cony zegar artystyczny, kt\u00f3ry m\u00f3g\u0142by odr\u00f3\u017cni\u0107 twoje miejsce od reszty \u015bwiata?<\/p>\n<p>Tarcza zegara jest wyci\u0119ta z du\u017cej, pojedynczej p\u0142yty drewna sosnowego, co dodaje niesamowity, naturalny wygl\u0105d i charakter. Wiele z tych eleganckich czasomierzy posiada klasyczne cyfry rzymskie na bogatym tle, a inne maj\u0105 bardziej minimalistyczny wygl\u0105d szkieletu. Posiada on najmocniejszy nap\u0119dzany bateri\u0105 mechanizm od Quartz, typu sweep movement.<\/p>\n<p>Nasze artystyczne designerskie zegary to bardzo atrakcyjne i luksusowe dzie\u0142a sztuki, o kt\u00f3rych pomy\u015blisz, gdy b\u0119dzie trzeba wype\u0142ni\u0107 du\u017c\u0105, pust\u0105 przestrze\u0144 \u015bcienn\u0105. Ka\u017cdy r\u0119cznie wykonany zegar od Peak Art jest absolutnie osza\u0142amiaj\u0105cy i mo\u017cna je znale\u017a\u0107 tylko w najbardziej presti\u017cowym \u015brodowisku. Niekt\u00f3rzy z naszych klient\u00f3w montuj\u0105 te zegary w swoich gabinetach lub najbardziej luksusowych apartamentach, ale mo\u017cna je zamontowa\u0107 w ka\u017cdym pomieszczeniu w domu, o ile nie s\u0105 zbyt blisko \u017ar\u00f3de\u0142 ciep\u0142a lub wilgoci.<\/p>\n<p>Nie pod\u0105\u017caj za starymi nawykami, prowokuj zaakceptowane trendy i spraw, aby te ogromne i niezwyk\u0142e czasomierze od Peak Art sta\u0142y si\u0119 now\u0105 mod\u0105. Prowadzimy w wyszukiwarce Google w wyszukiwaniu du\u017cych, r\u0119cznie robionych zegar\u00f3w, poniewa\u017c to Peak Art jako pierwsze wpad\u0142o na ten wyj\u0105tkowy pomys\u0142 wykorzystywany przy projektowaniu wn\u0119trz.<\/p>\n","protected":false},"excerpt":{"rendered":"<p><b>Boho\u00a0<\/b>to wielki zegar artystyczny o \u015brednicy 100 cm i niesamowitym charakterze. Dost\u0119pny r\u00f3wnie\u017c w innych rozmiarach a zale\u017cno\u015bci od wymagania klient\u00f3w &#8211; 75 lub 120 cm.<\/p>\n<p><strong>Video<\/strong> &#8211;\u00a0<a href=\"https:\/\/www.youtube.com\/watch?v=auklvIXHikU\">Boho Kr\u00f3tki Filmik na Youtube<\/a><\/p>\n<p><strong>Projekt i Wykonanie<\/strong>\u00a0&#8211;\u00a0Anna Siodelska, United Kingdom<\/p>\n<p><strong>Front<\/strong> \u2013 Zielonkawy \/ Chateau Grey<\/p>\n<p><strong>Ty\u0142<\/strong>\u00a0\u2013\u00a0Boho<\/p>\n<p>&nbsp;<\/p>\n","protected":false},"featured_media":32352,"comment_status":"open","ping_status":"closed","template":"","meta":[],"product_brand":[],"product_cat":[56],"product_tag":[50,65],"class_list":{"0":"post-5691","1":"product","2":"type-product","3":"status-publish","4":"has-post-thumbnail","6":"product_cat-duze-zegary-scienne","7":"product_tag-artystyczne-zegary-scienne","8":"product_tag-duze-zegary-dekoracyjne-na-sciane","9":"product_shipping_class-oversized-clocks-pl","11":"first","12":"outofstock","13":"taxable","14":"shipping-taxable","15":"product-type-variable"},"yoast_head":"<!-- This site is optimized with the Yoast SEO Premium plugin v27.2 (Yoast SEO v27.2) - https:\/\/yoast.com\/product\/yoast-seo-premium-wordpress\/ -->\n<title>Pi\u0119kny R\u0119cznie Malowany Zegar Artystyczny<\/title>\n<meta name=\"description\" content=\"Drewniany Zegar Artystyczny W Stylu Boho\" \/>\n<meta name=\"robots\" content=\"index, follow, max-snippet:-1, max-image-preview:large, max-video-preview:-1\" \/>\n<link rel=\"canonical\" href=\"https:\/\/peakart.co.uk\/pl\/produkt\/zegar-artystyczny\/\" \/>\n<meta property=\"og:locale\" content=\"pl_PL\" \/>\n<meta property=\"og:type\" content=\"article\" \/>\n<meta property=\"og:title\" content=\"Wielki Zegar Artystyczny na \u015acian\u0119\" \/>\n<meta property=\"og:description\" content=\"Drewniany Zegar Artystyczny W Stylu Boho\" \/>\n<meta property=\"og:url\" content=\"https:\/\/peakart.co.uk\/pl\/produkt\/zegar-artystyczny\/\" \/>\n<meta property=\"og:site_name\" content=\"Peak Art\" \/>\n<meta property=\"article:publisher\" content=\"https:\/\/www.facebook.com\/PeakArtClocks\/\" \/>\n<meta property=\"article:modified_time\" content=\"2023-03-26T20:34:45+00:00\" \/>\n<meta property=\"og:image\" content=\"https:\/\/peakart.co.uk\/wp-content\/uploads\/2015\/09\/Large-Artistic-Wall-Clock-zoom-1.jpg\" \/>\n\t<meta property=\"og:image:width\" content=\"1554\" \/>\n\t<meta property=\"og:image:height\" content=\"1200\" \/>\n\t<meta property=\"og:image:type\" content=\"image\/jpeg\" \/>\n<meta name=\"twitter:card\" content=\"summary_large_image\" \/>\n<meta name=\"twitter:label1\" content=\"Dost\u0119pno\u015b\u0107\" \/>\n\t<meta name=\"twitter:data1\" content=\"Brak w magazynie\" \/>\n<script type=\"application\/ld+json\" class=\"yoast-schema-graph\">{\"@context\":\"https:\/\/schema.org\",\"@graph\":[{\"@type\":\"WebPage\",\"@id\":\"https:\/\/peakart.co.uk\/pl\/produkt\/zegar-artystyczny\/\",\"url\":\"https:\/\/peakart.co.uk\/pl\/produkt\/zegar-artystyczny\/\",\"name\":\"Pi\u0119kny R\u0119cznie Malowany Zegar Artystyczny\",\"isPartOf\":{\"@id\":\"https:\/\/peakart.co.uk\/de\/#website\"},\"primaryImageOfPage\":{\"@id\":\"https:\/\/peakart.co.uk\/pl\/produkt\/zegar-artystyczny\/#primaryimage\"},\"image\":{\"@id\":\"https:\/\/peakart.co.uk\/pl\/produkt\/zegar-artystyczny\/#primaryimage\"},\"thumbnailUrl\":\"https:\/\/peakart.co.uk\/wp-content\/uploads\/2015\/09\/Large-Artistic-Wall-Clock-zoom-1.jpg\",\"datePublished\":\"2015-09-19T14:33:32+00:00\",\"dateModified\":\"2023-03-26T20:34:45+00:00\",\"description\":\"Drewniany Zegar Artystyczny W Stylu Boho\",\"breadcrumb\":{\"@id\":\"https:\/\/peakart.co.uk\/pl\/produkt\/zegar-artystyczny\/#breadcrumb\"},\"inLanguage\":\"pl-PL\",\"potentialAction\":[{\"@type\":\"ReadAction\",\"target\":[\"https:\/\/peakart.co.uk\/pl\/produkt\/zegar-artystyczny\/\"]}]},{\"@type\":\"ImageObject\",\"inLanguage\":\"pl-PL\",\"@id\":\"https:\/\/peakart.co.uk\/pl\/produkt\/zegar-artystyczny\/#primaryimage\",\"url\":\"https:\/\/peakart.co.uk\/wp-content\/uploads\/2015\/09\/Large-Artistic-Wall-Clock-zoom-1.jpg\",\"contentUrl\":\"https:\/\/peakart.co.uk\/wp-content\/uploads\/2015\/09\/Large-Artistic-Wall-Clock-zoom-1.jpg\",\"width\":1554,\"height\":1200},{\"@type\":\"BreadcrumbList\",\"@id\":\"https:\/\/peakart.co.uk\/pl\/produkt\/zegar-artystyczny\/#breadcrumb\",\"itemListElement\":[{\"@type\":\"ListItem\",\"position\":1,\"name\":\"Home\",\"item\":\"https:\/\/peakart.co.uk\/pl\/\"},{\"@type\":\"ListItem\",\"position\":2,\"name\":\"Sklep\",\"item\":\"https:\/\/peakart.co.uk\/pl\/sklep\/\"},{\"@type\":\"ListItem\",\"position\":3,\"name\":\"Wielki Zegar Artystyczny na \u015acian\u0119\"}]},{\"@type\":\"WebSite\",\"@id\":\"https:\/\/peakart.co.uk\/de\/#website\",\"url\":\"https:\/\/peakart.co.uk\/de\/\",\"name\":\"Peak Art\",\"description\":\"\",\"publisher\":{\"@id\":\"https:\/\/peakart.co.uk\/de\/#organization\"},\"potentialAction\":[{\"@type\":\"SearchAction\",\"target\":{\"@type\":\"EntryPoint\",\"urlTemplate\":\"https:\/\/peakart.co.uk\/de\/?s={search_term_string}\"},\"query-input\":{\"@type\":\"PropertyValueSpecification\",\"valueRequired\":true,\"valueName\":\"search_term_string\"}}],\"inLanguage\":\"pl-PL\"},{\"@type\":\"Organization\",\"@id\":\"https:\/\/peakart.co.uk\/de\/#organization\",\"name\":\"Peak Art\",\"url\":\"https:\/\/peakart.co.uk\/de\/\",\"logo\":{\"@type\":\"ImageObject\",\"inLanguage\":\"pl-PL\",\"@id\":\"https:\/\/peakart.co.uk\/de\/#\/schema\/logo\/image\/\",\"url\":\"https:\/\/peakart.co.uk\/wp-content\/uploads\/2023\/07\/logo-8.jpg\",\"contentUrl\":\"https:\/\/peakart.co.uk\/wp-content\/uploads\/2023\/07\/logo-8.jpg\",\"width\":666,\"height\":259,\"caption\":\"Peak Art\"},\"image\":{\"@id\":\"https:\/\/peakart.co.uk\/de\/#\/schema\/logo\/image\/\"},\"sameAs\":[\"https:\/\/www.facebook.com\/PeakArtClocks\/\"],\"hasMerchantReturnPolicy\":{\"@type\":\"MerchantReturnPolicy\",\"merchantReturnLink\":\"https:\/\/peakart.co.uk\/refund_returns\/\"}}]}<\/script>\n<meta property=\"og:availability\" content=\"out of stock\" \/>\n<meta property=\"product:availability\" content=\"out of stock\" \/>\n<meta property=\"product:retailer_item_id\" content=\"PEAKART-38931\" \/>\n<meta property=\"product:condition\" content=\"new\" \/>\n<!-- \/ Yoast SEO Premium plugin. -->","yoast_head_json":{"title":"Pi\u0119kny R\u0119cznie Malowany Zegar Artystyczny","description":"Drewniany Zegar Artystyczny W Stylu Boho","robots":{"index":"index","follow":"follow","max-snippet":"max-snippet:-1","max-image-preview":"max-image-preview:large","max-video-preview":"max-video-preview:-1"},"canonical":"https:\/\/peakart.co.uk\/pl\/produkt\/zegar-artystyczny\/","og_locale":"pl_PL","og_type":"article","og_title":"Wielki Zegar Artystyczny na \u015acian\u0119","og_description":"Drewniany Zegar Artystyczny W Stylu Boho","og_url":"https:\/\/peakart.co.uk\/pl\/produkt\/zegar-artystyczny\/","og_site_name":"Peak Art","article_publisher":"https:\/\/www.facebook.com\/PeakArtClocks\/","article_modified_time":"2023-03-26T20:34:45+00:00","og_image":[{"width":1554,"height":1200,"url":"https:\/\/peakart.co.uk\/wp-content\/uploads\/2015\/09\/Large-Artistic-Wall-Clock-zoom-1.jpg","type":"image\/jpeg"}],"twitter_card":"summary_large_image","twitter_misc":{"Dost\u0119pno\u015b\u0107":"Brak w magazynie"},"schema":{"@context":"https:\/\/schema.org","@graph":[{"@type":"WebPage","@id":"https:\/\/peakart.co.uk\/pl\/produkt\/zegar-artystyczny\/","url":"https:\/\/peakart.co.uk\/pl\/produkt\/zegar-artystyczny\/","name":"Pi\u0119kny R\u0119cznie Malowany Zegar Artystyczny","isPartOf":{"@id":"https:\/\/peakart.co.uk\/de\/#website"},"primaryImageOfPage":{"@id":"https:\/\/peakart.co.uk\/pl\/produkt\/zegar-artystyczny\/#primaryimage"},"image":{"@id":"https:\/\/peakart.co.uk\/pl\/produkt\/zegar-artystyczny\/#primaryimage"},"thumbnailUrl":"https:\/\/peakart.co.uk\/wp-content\/uploads\/2015\/09\/Large-Artistic-Wall-Clock-zoom-1.jpg","datePublished":"2015-09-19T14:33:32+00:00","dateModified":"2023-03-26T20:34:45+00:00","description":"Drewniany Zegar Artystyczny W Stylu Boho","breadcrumb":{"@id":"https:\/\/peakart.co.uk\/pl\/produkt\/zegar-artystyczny\/#breadcrumb"},"inLanguage":"pl-PL","potentialAction":[{"@type":"ReadAction","target":["https:\/\/peakart.co.uk\/pl\/produkt\/zegar-artystyczny\/"]}]},{"@type":"ImageObject","inLanguage":"pl-PL","@id":"https:\/\/peakart.co.uk\/pl\/produkt\/zegar-artystyczny\/#primaryimage","url":"https:\/\/peakart.co.uk\/wp-content\/uploads\/2015\/09\/Large-Artistic-Wall-Clock-zoom-1.jpg","contentUrl":"https:\/\/peakart.co.uk\/wp-content\/uploads\/2015\/09\/Large-Artistic-Wall-Clock-zoom-1.jpg","width":1554,"height":1200},{"@type":"BreadcrumbList","@id":"https:\/\/peakart.co.uk\/pl\/produkt\/zegar-artystyczny\/#breadcrumb","itemListElement":[{"@type":"ListItem","position":1,"name":"Home","item":"https:\/\/peakart.co.uk\/pl\/"},{"@type":"ListItem","position":2,"name":"Sklep","item":"https:\/\/peakart.co.uk\/pl\/sklep\/"},{"@type":"ListItem","position":3,"name":"Wielki Zegar Artystyczny na \u015acian\u0119"}]},{"@type":"WebSite","@id":"https:\/\/peakart.co.uk\/de\/#website","url":"https:\/\/peakart.co.uk\/de\/","name":"Peak Art","description":"","publisher":{"@id":"https:\/\/peakart.co.uk\/de\/#organization"},"potentialAction":[{"@type":"SearchAction","target":{"@type":"EntryPoint","urlTemplate":"https:\/\/peakart.co.uk\/de\/?s={search_term_string}"},"query-input":{"@type":"PropertyValueSpecification","valueRequired":true,"valueName":"search_term_string"}}],"inLanguage":"pl-PL"},{"@type":"Organization","@id":"https:\/\/peakart.co.uk\/de\/#organization","name":"Peak Art","url":"https:\/\/peakart.co.uk\/de\/","logo":{"@type":"ImageObject","inLanguage":"pl-PL","@id":"https:\/\/peakart.co.uk\/de\/#\/schema\/logo\/image\/","url":"https:\/\/peakart.co.uk\/wp-content\/uploads\/2023\/07\/logo-8.jpg","contentUrl":"https:\/\/peakart.co.uk\/wp-content\/uploads\/2023\/07\/logo-8.jpg","width":666,"height":259,"caption":"Peak Art"},"image":{"@id":"https:\/\/peakart.co.uk\/de\/#\/schema\/logo\/image\/"},"sameAs":["https:\/\/www.facebook.com\/PeakArtClocks\/"],"hasMerchantReturnPolicy":{"@type":"MerchantReturnPolicy","merchantReturnLink":"https:\/\/peakart.co.uk\/refund_returns\/"}}]},"og_availability":"out of stock","product_availability":"out of stock","product_retailer_item_id":"PEAKART-38931","product_condition":"new"},"_links":{"self":[{"href":"https:\/\/peakart.co.uk\/pl\/wp-json\/wp\/v2\/product\/5691","targetHints":{"allow":["GET"]}}],"collection":[{"href":"https:\/\/peakart.co.uk\/pl\/wp-json\/wp\/v2\/product"}],"about":[{"href":"https:\/\/peakart.co.uk\/pl\/wp-json\/wp\/v2\/types\/product"}],"replies":[{"embeddable":true,"href":"https:\/\/peakart.co.uk\/pl\/wp-json\/wp\/v2\/comments?post=5691"}],"wp:featuredmedia":[{"embeddable":true,"href":"https:\/\/peakart.co.uk\/pl\/wp-json\/wp\/v2\/media\/32352"}],"wp:attachment":[{"href":"https:\/\/peakart.co.uk\/pl\/wp-json\/wp\/v2\/media?parent=5691"}],"wp:term":[{"taxonomy":"product_brand","embeddable":true,"href":"https:\/\/peakart.co.uk\/pl\/wp-json\/wp\/v2\/product_brand?post=5691"},{"taxonomy":"product_cat","embeddable":true,"href":"https:\/\/peakart.co.uk\/pl\/wp-json\/wp\/v2\/product_cat?post=5691"},{"taxonomy":"product_tag","embeddable":true,"href":"https:\/\/peakart.co.uk\/pl\/wp-json\/wp\/v2\/product_tag?post=5691"}],"curies":[{"name":"wp","href":"https:\/\/api.w.org\/{rel}","templated":true}]}}