{"id":5690,"date":"2016-10-10T19:31:45","date_gmt":"2016-10-10T18:31:45","guid":{"rendered":"http:\/\/peakart.co.uk\/product\/piekny-recznie-malowany-zegar-ozdobny-75cm\/"},"modified":"2024-12-07T13:24:16","modified_gmt":"2024-12-07T13:24:16","slug":"recznie-malowany-zegar-ozdobny","status":"publish","type":"product","link":"https:\/\/peakart.co.uk\/pl\/produkt\/recznie-malowany-zegar-ozdobny\/","title":{"rendered":"Pi\u0119kny R\u0119cznie Malowany Zegar Ozdobny"},"content":{"rendered":"<h2>Niesamowity drewniany r\u0119cznie malowany zegar ozdobny do salonu<\/h2>\n<p>Z wielk\u0105 przyjemno\u015bci\u0105 przedstawiamy kolejny zjawiskowy r\u0119cznie malowany zegar ozdobny\u00a0&#8220;Tribal&#8221;. Projektuj\u0105c ten zegar pragn\u0119li\u015bmy stworzy\u0107 idealn\u0105 propozycj\u0119 dla mi\u0142o\u015bnik\u00f3w sztuki i malarstwa r\u0119cznego. G\u0142\u0119boko wierzymy, \u017ce nam si\u0119 to uda\u0142o, poniewa\u017c zegar zosta\u0142 bardzo pozytywnie odebrany przez naszych klient\u00f3w.<\/p>\n<p>Cech\u0105 charakterystyczn\u0105 tego zegara jest wyrafinowane zestawienie kolor\u00f3w.\u00a0 Stawiaj\u0105c na odcienie rudo\u015bci, rdzy, szaro\u015bci oraz br\u0105z\u00f3w uzyskali\u015bmy efekt pi\u0119knej polskiej jesieni. Ten zegar ozdobny zaprojektowany zosta\u0142 w taki spos\u00f3b, by wywo\u0142a\u0107 efekt tr\u00f3jwymiarowo\u015bci. Uwierzcie nam nikt nie przejdzie oboj\u0119tnie obok tego dzie\u0142a wn\u0119trzarskiego.\u00a0Je\u015bli szukasz ponadprzeci\u0119tnego elementu dekoracyjnego, masz do\u015b\u0107 s\u0142abej jako\u015bci produkt\u00f3w sprzedawanych na masow\u0105 skal\u0119, cenisz sobie unikalne prace prawdziwych artyst\u00f3w to jeste\u015b w odpowiednim miejscu.<\/p>\n<p>Nasze zegary powstaj\u0105 z mi\u0142o\u015bci do sztuki i indywidualizmu. Ka\u017cdy projekt jest w ca\u0142o\u015bci tworzony przez nas i dost\u0119pny wy\u0142\u0105cznie w naszym sklepie. Dodatkowo istnieje mo\u017cliwo\u015b\u0107 by\u015bmy wykonali zegar wed\u0142ug Twoich indywidualnych preferencji. Jeste\u015bmy otwarci na nowe wyzwania.<\/p>\n","protected":false},"excerpt":{"rendered":"<p>&#8220;Tribal&#8221; stanowi wyj\u0105tkowy przyk\u0142ad na to, \u017ce zegar \u015bcienny mo\u017ce by\u0107 prawdziwym dzie\u0142em sztuki. Wykonany zosta\u0142 r\u0119cznie, wed\u0142ug autorskiego projektu z wysokiej jako\u015bci materia\u0142\u00f3w.\u00a0 Jego cech\u0105 wyr\u00f3\u017cniaj\u0105ca go na tle innych prac jest wielobarwny, pi\u0119knie malowany front.\u00a0 Mog\u0105 Pa\u0144stwo zam\u00f3wi\u0107 ten egzemplarz w jednym z trzech dost\u0119pnych rozmiar\u00f3w.<\/p>\n<p><strong>Video<\/strong>\u00a0&#8211; <a href=\"https:\/\/www.youtube.com\/watch?v=5rFeWZUl8KE\">Artystyczny Malowany Zegar na Youtube<\/a><\/p>\n<p><strong>Projekt i R\u0119czne Wykonanie<\/strong>\u00a0&#8211;\u00a0Anna Siodelska<\/p>\n<p><strong>Prz\u00f3d<\/strong> \u2013\u00a0R\u0119cznie Malowany<\/p>\n<p><strong>Ty\u0142<\/strong> \u2013\u00a0\u015aciana\/Transparentny<\/p>\n","protected":false},"featured_media":32373,"comment_status":"closed","ping_status":"closed","template":"","meta":[],"product_brand":[],"product_cat":[56],"product_tag":[50,65,53],"class_list":{"0":"post-5690","1":"product","2":"type-product","3":"status-publish","4":"has-post-thumbnail","6":"product_cat-duze-zegary-scienne","7":"product_tag-artystyczne-zegary-scienne","8":"product_tag-duze-zegary-dekoracyjne-na-sciane","9":"product_tag-zegary-drewniane-szkieletowe","10":"product_shipping_class-oversized-clocks-pl","12":"first","13":"instock","14":"sale","15":"taxable","16":"shipping-taxable","17":"purchasable","18":"product-type-variable"},"yoast_head":"<!-- This site is optimized with the Yoast SEO Premium plugin v27.2 (Yoast SEO v27.2) - https:\/\/yoast.com\/product\/yoast-seo-premium-wordpress\/ -->\n<title>Nasz zegar ozdobny jest wykonany z drewna i r\u0119cznie malowany<\/title>\n<meta name=\"description\" content=\"R\u0119cznie malowany zegar ozdobny z Peak Art jest nie tylko urz\u0105dzeniem do pomiaru czasu ale r\u00f3wnie\u017c elementem dekoracji\" \/>\n<meta name=\"robots\" content=\"index, follow, max-snippet:-1, max-image-preview:large, max-video-preview:-1\" \/>\n<link rel=\"canonical\" href=\"https:\/\/peakart.co.uk\/pl\/produkt\/recznie-malowany-zegar-ozdobny\/\" \/>\n<meta property=\"og:locale\" content=\"pl_PL\" \/>\n<meta property=\"og:type\" content=\"article\" \/>\n<meta property=\"og:title\" content=\"Pi\u0119kny R\u0119cznie Malowany Zegar Ozdobny\" \/>\n<meta property=\"og:description\" content=\"R\u0119cznie malowany zegar ozdobny z Peak Art jest nie tylko urz\u0105dzeniem do pomiaru czasu ale r\u00f3wnie\u017c elementem dekoracji\" \/>\n<meta property=\"og:url\" content=\"https:\/\/peakart.co.uk\/pl\/produkt\/recznie-malowany-zegar-ozdobny\/\" \/>\n<meta property=\"og:site_name\" content=\"Peak Art\" \/>\n<meta property=\"article:publisher\" content=\"https:\/\/www.facebook.com\/PeakArtClocks\/\" \/>\n<meta property=\"article:modified_time\" content=\"2024-12-07T13:24:16+00:00\" \/>\n<meta property=\"og:image\" content=\"https:\/\/peakart.co.uk\/wp-content\/uploads\/2016\/10\/Large-Contemporary-30-inch-Wooden-Skeleton-Wall-Clock-Mystery-Interiors-1.jpg\" \/>\n\t<meta property=\"og:image:width\" content=\"900\" \/>\n\t<meta property=\"og:image:height\" content=\"719\" \/>\n\t<meta property=\"og:image:type\" content=\"image\/jpeg\" \/>\n<meta name=\"twitter:card\" content=\"summary_large_image\" \/>\n<meta name=\"twitter:label1\" content=\"Dost\u0119pno\u015b\u0107\" \/>\n\t<meta name=\"twitter:data1\" content=\"Dost\u0119pny\" \/>\n<script type=\"application\/ld+json\" class=\"yoast-schema-graph\">{\"@context\":\"https:\/\/schema.org\",\"@graph\":[{\"@type\":\"WebPage\",\"@id\":\"https:\/\/peakart.co.uk\/pl\/produkt\/recznie-malowany-zegar-ozdobny\/\",\"url\":\"https:\/\/peakart.co.uk\/pl\/produkt\/recznie-malowany-zegar-ozdobny\/\",\"name\":\"Nasz zegar ozdobny jest wykonany z drewna i r\u0119cznie malowany\",\"isPartOf\":{\"@id\":\"https:\/\/peakart.co.uk\/de\/#website\"},\"primaryImageOfPage\":{\"@id\":\"https:\/\/peakart.co.uk\/pl\/produkt\/recznie-malowany-zegar-ozdobny\/#primaryimage\"},\"image\":{\"@id\":\"https:\/\/peakart.co.uk\/pl\/produkt\/recznie-malowany-zegar-ozdobny\/#primaryimage\"},\"thumbnailUrl\":\"https:\/\/peakart.co.uk\/wp-content\/uploads\/2016\/10\/Large-Contemporary-30-inch-Wooden-Skeleton-Wall-Clock-Mystery-Interiors-1.jpg\",\"datePublished\":\"2016-10-10T18:31:45+00:00\",\"dateModified\":\"2024-12-07T13:24:16+00:00\",\"description\":\"R\u0119cznie malowany zegar ozdobny z Peak Art jest nie tylko urz\u0105dzeniem do pomiaru czasu ale r\u00f3wnie\u017c elementem dekoracji\",\"breadcrumb\":{\"@id\":\"https:\/\/peakart.co.uk\/pl\/produkt\/recznie-malowany-zegar-ozdobny\/#breadcrumb\"},\"inLanguage\":\"pl-PL\",\"potentialAction\":[{\"@type\":\"ReadAction\",\"target\":[\"https:\/\/peakart.co.uk\/pl\/produkt\/recznie-malowany-zegar-ozdobny\/\"]}]},{\"@type\":\"ImageObject\",\"inLanguage\":\"pl-PL\",\"@id\":\"https:\/\/peakart.co.uk\/pl\/produkt\/recznie-malowany-zegar-ozdobny\/#primaryimage\",\"url\":\"https:\/\/peakart.co.uk\/wp-content\/uploads\/2016\/10\/Large-Contemporary-30-inch-Wooden-Skeleton-Wall-Clock-Mystery-Interiors-1.jpg\",\"contentUrl\":\"https:\/\/peakart.co.uk\/wp-content\/uploads\/2016\/10\/Large-Contemporary-30-inch-Wooden-Skeleton-Wall-Clock-Mystery-Interiors-1.jpg\",\"width\":900,\"height\":719},{\"@type\":\"BreadcrumbList\",\"@id\":\"https:\/\/peakart.co.uk\/pl\/produkt\/recznie-malowany-zegar-ozdobny\/#breadcrumb\",\"itemListElement\":[{\"@type\":\"ListItem\",\"position\":1,\"name\":\"Home\",\"item\":\"https:\/\/peakart.co.uk\/pl\/\"},{\"@type\":\"ListItem\",\"position\":2,\"name\":\"Sklep\",\"item\":\"https:\/\/peakart.co.uk\/pl\/sklep\/\"},{\"@type\":\"ListItem\",\"position\":3,\"name\":\"Pi\u0119kny R\u0119cznie Malowany Zegar Ozdobny\"}]},{\"@type\":\"WebSite\",\"@id\":\"https:\/\/peakart.co.uk\/de\/#website\",\"url\":\"https:\/\/peakart.co.uk\/de\/\",\"name\":\"Peak Art\",\"description\":\"\",\"publisher\":{\"@id\":\"https:\/\/peakart.co.uk\/de\/#organization\"},\"potentialAction\":[{\"@type\":\"SearchAction\",\"target\":{\"@type\":\"EntryPoint\",\"urlTemplate\":\"https:\/\/peakart.co.uk\/de\/?s={search_term_string}\"},\"query-input\":{\"@type\":\"PropertyValueSpecification\",\"valueRequired\":true,\"valueName\":\"search_term_string\"}}],\"inLanguage\":\"pl-PL\"},{\"@type\":\"Organization\",\"@id\":\"https:\/\/peakart.co.uk\/de\/#organization\",\"name\":\"Peak Art\",\"url\":\"https:\/\/peakart.co.uk\/de\/\",\"logo\":{\"@type\":\"ImageObject\",\"inLanguage\":\"pl-PL\",\"@id\":\"https:\/\/peakart.co.uk\/de\/#\/schema\/logo\/image\/\",\"url\":\"https:\/\/peakart.co.uk\/wp-content\/uploads\/2023\/07\/logo-8.jpg\",\"contentUrl\":\"https:\/\/peakart.co.uk\/wp-content\/uploads\/2023\/07\/logo-8.jpg\",\"width\":666,\"height\":259,\"caption\":\"Peak Art\"},\"image\":{\"@id\":\"https:\/\/peakart.co.uk\/de\/#\/schema\/logo\/image\/\"},\"sameAs\":[\"https:\/\/www.facebook.com\/PeakArtClocks\/\"],\"hasMerchantReturnPolicy\":{\"@type\":\"MerchantReturnPolicy\",\"merchantReturnLink\":\"https:\/\/peakart.co.uk\/refund_returns\/\"}}]}<\/script>\n<meta property=\"og:availability\" content=\"instock\" \/>\n<meta property=\"product:availability\" content=\"instock\" \/>\n<meta property=\"product:retailer_item_id\" content=\"PEAKART-57912\" \/>\n<meta property=\"product:condition\" content=\"new\" \/>\n<!-- \/ Yoast SEO Premium plugin. -->","yoast_head_json":{"title":"Nasz zegar ozdobny jest wykonany z drewna i r\u0119cznie malowany","description":"R\u0119cznie malowany zegar ozdobny z Peak Art jest nie tylko urz\u0105dzeniem do pomiaru czasu ale r\u00f3wnie\u017c elementem dekoracji","robots":{"index":"index","follow":"follow","max-snippet":"max-snippet:-1","max-image-preview":"max-image-preview:large","max-video-preview":"max-video-preview:-1"},"canonical":"https:\/\/peakart.co.uk\/pl\/produkt\/recznie-malowany-zegar-ozdobny\/","og_locale":"pl_PL","og_type":"article","og_title":"Pi\u0119kny R\u0119cznie Malowany Zegar Ozdobny","og_description":"R\u0119cznie malowany zegar ozdobny z Peak Art jest nie tylko urz\u0105dzeniem do pomiaru czasu ale r\u00f3wnie\u017c elementem dekoracji","og_url":"https:\/\/peakart.co.uk\/pl\/produkt\/recznie-malowany-zegar-ozdobny\/","og_site_name":"Peak Art","article_publisher":"https:\/\/www.facebook.com\/PeakArtClocks\/","article_modified_time":"2024-12-07T13:24:16+00:00","og_image":[{"width":900,"height":719,"url":"https:\/\/peakart.co.uk\/wp-content\/uploads\/2016\/10\/Large-Contemporary-30-inch-Wooden-Skeleton-Wall-Clock-Mystery-Interiors-1.jpg","type":"image\/jpeg"}],"twitter_card":"summary_large_image","twitter_misc":{"Dost\u0119pno\u015b\u0107":"Dost\u0119pny"},"schema":{"@context":"https:\/\/schema.org","@graph":[{"@type":"WebPage","@id":"https:\/\/peakart.co.uk\/pl\/produkt\/recznie-malowany-zegar-ozdobny\/","url":"https:\/\/peakart.co.uk\/pl\/produkt\/recznie-malowany-zegar-ozdobny\/","name":"Nasz zegar ozdobny jest wykonany z drewna i r\u0119cznie malowany","isPartOf":{"@id":"https:\/\/peakart.co.uk\/de\/#website"},"primaryImageOfPage":{"@id":"https:\/\/peakart.co.uk\/pl\/produkt\/recznie-malowany-zegar-ozdobny\/#primaryimage"},"image":{"@id":"https:\/\/peakart.co.uk\/pl\/produkt\/recznie-malowany-zegar-ozdobny\/#primaryimage"},"thumbnailUrl":"https:\/\/peakart.co.uk\/wp-content\/uploads\/2016\/10\/Large-Contemporary-30-inch-Wooden-Skeleton-Wall-Clock-Mystery-Interiors-1.jpg","datePublished":"2016-10-10T18:31:45+00:00","dateModified":"2024-12-07T13:24:16+00:00","description":"R\u0119cznie malowany zegar ozdobny z Peak Art jest nie tylko urz\u0105dzeniem do pomiaru czasu ale r\u00f3wnie\u017c elementem dekoracji","breadcrumb":{"@id":"https:\/\/peakart.co.uk\/pl\/produkt\/recznie-malowany-zegar-ozdobny\/#breadcrumb"},"inLanguage":"pl-PL","potentialAction":[{"@type":"ReadAction","target":["https:\/\/peakart.co.uk\/pl\/produkt\/recznie-malowany-zegar-ozdobny\/"]}]},{"@type":"ImageObject","inLanguage":"pl-PL","@id":"https:\/\/peakart.co.uk\/pl\/produkt\/recznie-malowany-zegar-ozdobny\/#primaryimage","url":"https:\/\/peakart.co.uk\/wp-content\/uploads\/2016\/10\/Large-Contemporary-30-inch-Wooden-Skeleton-Wall-Clock-Mystery-Interiors-1.jpg","contentUrl":"https:\/\/peakart.co.uk\/wp-content\/uploads\/2016\/10\/Large-Contemporary-30-inch-Wooden-Skeleton-Wall-Clock-Mystery-Interiors-1.jpg","width":900,"height":719},{"@type":"BreadcrumbList","@id":"https:\/\/peakart.co.uk\/pl\/produkt\/recznie-malowany-zegar-ozdobny\/#breadcrumb","itemListElement":[{"@type":"ListItem","position":1,"name":"Home","item":"https:\/\/peakart.co.uk\/pl\/"},{"@type":"ListItem","position":2,"name":"Sklep","item":"https:\/\/peakart.co.uk\/pl\/sklep\/"},{"@type":"ListItem","position":3,"name":"Pi\u0119kny R\u0119cznie Malowany Zegar Ozdobny"}]},{"@type":"WebSite","@id":"https:\/\/peakart.co.uk\/de\/#website","url":"https:\/\/peakart.co.uk\/de\/","name":"Peak Art","description":"","publisher":{"@id":"https:\/\/peakart.co.uk\/de\/#organization"},"potentialAction":[{"@type":"SearchAction","target":{"@type":"EntryPoint","urlTemplate":"https:\/\/peakart.co.uk\/de\/?s={search_term_string}"},"query-input":{"@type":"PropertyValueSpecification","valueRequired":true,"valueName":"search_term_string"}}],"inLanguage":"pl-PL"},{"@type":"Organization","@id":"https:\/\/peakart.co.uk\/de\/#organization","name":"Peak Art","url":"https:\/\/peakart.co.uk\/de\/","logo":{"@type":"ImageObject","inLanguage":"pl-PL","@id":"https:\/\/peakart.co.uk\/de\/#\/schema\/logo\/image\/","url":"https:\/\/peakart.co.uk\/wp-content\/uploads\/2023\/07\/logo-8.jpg","contentUrl":"https:\/\/peakart.co.uk\/wp-content\/uploads\/2023\/07\/logo-8.jpg","width":666,"height":259,"caption":"Peak Art"},"image":{"@id":"https:\/\/peakart.co.uk\/de\/#\/schema\/logo\/image\/"},"sameAs":["https:\/\/www.facebook.com\/PeakArtClocks\/"],"hasMerchantReturnPolicy":{"@type":"MerchantReturnPolicy","merchantReturnLink":"https:\/\/peakart.co.uk\/refund_returns\/"}}]},"og_availability":"instock","product_availability":"instock","product_retailer_item_id":"PEAKART-57912","product_condition":"new"},"_links":{"self":[{"href":"https:\/\/peakart.co.uk\/pl\/wp-json\/wp\/v2\/product\/5690","targetHints":{"allow":["GET"]}}],"collection":[{"href":"https:\/\/peakart.co.uk\/pl\/wp-json\/wp\/v2\/product"}],"about":[{"href":"https:\/\/peakart.co.uk\/pl\/wp-json\/wp\/v2\/types\/product"}],"replies":[{"embeddable":true,"href":"https:\/\/peakart.co.uk\/pl\/wp-json\/wp\/v2\/comments?post=5690"}],"wp:featuredmedia":[{"embeddable":true,"href":"https:\/\/peakart.co.uk\/pl\/wp-json\/wp\/v2\/media\/32373"}],"wp:attachment":[{"href":"https:\/\/peakart.co.uk\/pl\/wp-json\/wp\/v2\/media?parent=5690"}],"wp:term":[{"taxonomy":"product_brand","embeddable":true,"href":"https:\/\/peakart.co.uk\/pl\/wp-json\/wp\/v2\/product_brand?post=5690"},{"taxonomy":"product_cat","embeddable":true,"href":"https:\/\/peakart.co.uk\/pl\/wp-json\/wp\/v2\/product_cat?post=5690"},{"taxonomy":"product_tag","embeddable":true,"href":"https:\/\/peakart.co.uk\/pl\/wp-json\/wp\/v2\/product_tag?post=5690"}],"curies":[{"name":"wp","href":"https:\/\/api.w.org\/{rel}","templated":true}]}}