{"id":5689,"date":"2016-10-29T17:17:31","date_gmt":"2016-10-29T16:17:31","guid":{"rendered":"http:\/\/peakart.co.uk\/product\/przepiekny-i-niepowtarzalny-zegar-dekoracyjny-75cm\/"},"modified":"2024-12-07T13:24:15","modified_gmt":"2024-12-07T13:24:15","slug":"niepowtarzalny-zegar-dekoracyjny","status":"publish","type":"product","link":"https:\/\/peakart.co.uk\/pl\/produkt\/niepowtarzalny-zegar-dekoracyjny\/","title":{"rendered":"Pi\u0119kny i Niepowtarzalny Zegar Dekoracyjny"},"content":{"rendered":"<h2>Du\u017cy i niepowtarzalny zegar dekoracyjny. R\u0119cznie malowany wykonany z drewna.<\/h2>\n<p>Je\u015bli poszukujesz niezwyk\u0142ego, jedynego w swoim rodzaju zegara dekoracyjnego to mamy dla Ciebie idealn\u0105 propozycj\u0119. Nasz pi\u0119kny zegar ozdobny stworzony zosta\u0142 wed\u0142ug dopracowywanego miesi\u0105cami autorskiego projektu. Jest to propozycja dla prawdziwych koneser\u00f3w malarstwa r\u0119cznego.\u00a0\u00a0Zegar zosta\u0142 specjalnie zaprojektowany w kszta\u0142cie ko\u0142a z perfekcyjnie wyrze\u017abionymi przestrzeniami, kt\u00f3re odbijaj\u0105 kolor \u015bcian i nadaj\u0105 tr\u00f3jwymiarowo\u015bci. Ka\u017cdy element wykonali\u015bmy z wysokiej, jako\u015bci materia\u0142\u00f3w, kt\u00f3re wyr\u00f3\u017cniaj\u0105 nas na tle konkurencji.<\/p>\n<p>Nie mo\u017cna nie wspomnie\u0107 o znakomitym zestawieniu kolorystycznym. Zegar mieni si\u0119 barwami polskiej jesieni. Dominuj\u0105cymi kolorami s\u0105 oczywi\u015bcie rdzawy, szary, kremowy oraz ciemny odcie\u0144 d\u0119bu, kt\u00f3ry nadaje charakteru ca\u0142ej kompozycji.<br \/>\nNiepodwa\u017caln\u0105 zalet\u0105 naszych r\u0119cznie robionych zegar\u00f3w s\u0105 stosowane wysokiej jako\u015bci ciche mechanizmy, montowane w niewidocznej cz\u0119\u015bci zegara.\u00a0\u00a0Zegar idealnie sprawdzi si\u0119 w salonie czy sypialni, nadaj\u0105c wn\u0119trzom szczeg\u00f3lny charakter. To zupe\u0142nie nowy spos\u00f3b dekoracji wn\u0119trz, kt\u00f3ry niew\u0105tpliwie przykuje uwag\u0119 wszystkich Twoich go\u015bci. Nasz urzekaj\u0105cy dekoracyjny zegar \u015bcienny idealnie sprawdzi si\u0119 jako prezent na wa\u017cne uroczysto\u015bci rodzinne i rocznice. Istnieje r\u00f3wnie\u017c mo\u017cliwo\u015b\u0107 personalizacji naszych dzie\u0142 wed\u0142ug indywidualnych zam\u00f3wie\u0144.<\/p>\n<p>&nbsp;<\/p>\n","protected":false},"excerpt":{"rendered":"<p>&#8220;Speckled Fox&#8221; \u2013 to pi\u0119kny zegar dekoracyjny, wykonany w\u0142asnor\u0119cznie z ogromn\u0105 staranno\u015bci\u0105. Ten egzemplarz na tle naszych innych prac wyr\u00f3\u017cnia jego charakterystyczna, wielobarwna kolorystyka. Dost\u0119pny jest w 3 rozmiarach.<\/p>\n<p><strong>Projekt i Wykonanie<\/strong>\u00a0&#8211;\u00a0Anna Siodelska<\/p>\n<p><strong>Front<\/strong> \u2013 Barwy jesieni<\/p>\n<p><strong>Ty\u0142<\/strong> \u2013\u00a0Transparentny<\/p>\n","protected":false},"featured_media":32376,"comment_status":"closed","ping_status":"closed","template":"","meta":[],"product_brand":[],"product_cat":[56],"product_tag":[50,65,53],"class_list":{"0":"post-5689","1":"product","2":"type-product","3":"status-publish","4":"has-post-thumbnail","6":"product_cat-duze-zegary-scienne","7":"product_tag-artystyczne-zegary-scienne","8":"product_tag-duze-zegary-dekoracyjne-na-sciane","9":"product_tag-zegary-drewniane-szkieletowe","10":"product_shipping_class-oversized-clocks-pl","12":"first","13":"outofstock","14":"taxable","15":"shipping-taxable","16":"product-type-variable"},"yoast_head":"<!-- This site is optimized with the Yoast SEO Premium plugin v27.2 (Yoast SEO v27.2) - https:\/\/yoast.com\/product\/yoast-seo-premium-wordpress\/ -->\n<title>Du\u017cy i pi\u0119kny zegar dekoracyjny o niepowtarzalnym wygl\u0105dzie<\/title>\n<meta name=\"description\" content=\"Niepowtarzalny zegar dekoracyjny r\u0119cznie wykonany i pomalowany\" \/>\n<meta name=\"robots\" content=\"index, follow, max-snippet:-1, max-image-preview:large, max-video-preview:-1\" \/>\n<link rel=\"canonical\" href=\"https:\/\/peakart.co.uk\/pl\/produkt\/niepowtarzalny-zegar-dekoracyjny\/\" \/>\n<meta property=\"og:locale\" content=\"pl_PL\" \/>\n<meta property=\"og:type\" content=\"article\" \/>\n<meta property=\"og:title\" content=\"Pi\u0119kny i Niepowtarzalny Zegar Dekoracyjny\" \/>\n<meta property=\"og:description\" content=\"Niepowtarzalny zegar dekoracyjny r\u0119cznie wykonany i pomalowany\" \/>\n<meta property=\"og:url\" content=\"https:\/\/peakart.co.uk\/pl\/produkt\/niepowtarzalny-zegar-dekoracyjny\/\" \/>\n<meta property=\"og:site_name\" content=\"Peak Art\" \/>\n<meta property=\"article:publisher\" content=\"https:\/\/www.facebook.com\/PeakArtClocks\/\" \/>\n<meta property=\"article:modified_time\" content=\"2024-12-07T13:24:15+00:00\" \/>\n<meta property=\"og:image\" content=\"https:\/\/peakart.co.uk\/wp-content\/uploads\/2016\/10\/Fox-75-interiors-1-700x394-1.jpg\" \/>\n\t<meta property=\"og:image:width\" content=\"700\" \/>\n\t<meta property=\"og:image:height\" content=\"394\" \/>\n\t<meta property=\"og:image:type\" content=\"image\/jpeg\" \/>\n<meta name=\"twitter:card\" content=\"summary_large_image\" \/>\n<meta name=\"twitter:label1\" content=\"Dost\u0119pno\u015b\u0107\" \/>\n\t<meta name=\"twitter:data1\" content=\"Brak w magazynie\" \/>\n<script type=\"application\/ld+json\" class=\"yoast-schema-graph\">{\"@context\":\"https:\/\/schema.org\",\"@graph\":[{\"@type\":\"WebPage\",\"@id\":\"https:\/\/peakart.co.uk\/pl\/produkt\/niepowtarzalny-zegar-dekoracyjny\/\",\"url\":\"https:\/\/peakart.co.uk\/pl\/produkt\/niepowtarzalny-zegar-dekoracyjny\/\",\"name\":\"Du\u017cy i pi\u0119kny zegar dekoracyjny o niepowtarzalnym wygl\u0105dzie\",\"isPartOf\":{\"@id\":\"https:\/\/peakart.co.uk\/de\/#website\"},\"primaryImageOfPage\":{\"@id\":\"https:\/\/peakart.co.uk\/pl\/produkt\/niepowtarzalny-zegar-dekoracyjny\/#primaryimage\"},\"image\":{\"@id\":\"https:\/\/peakart.co.uk\/pl\/produkt\/niepowtarzalny-zegar-dekoracyjny\/#primaryimage\"},\"thumbnailUrl\":\"https:\/\/peakart.co.uk\/wp-content\/uploads\/2016\/10\/Fox-75-interiors-1-700x394-1.jpg\",\"datePublished\":\"2016-10-29T16:17:31+00:00\",\"dateModified\":\"2024-12-07T13:24:15+00:00\",\"description\":\"Niepowtarzalny zegar dekoracyjny r\u0119cznie wykonany i pomalowany\",\"breadcrumb\":{\"@id\":\"https:\/\/peakart.co.uk\/pl\/produkt\/niepowtarzalny-zegar-dekoracyjny\/#breadcrumb\"},\"inLanguage\":\"pl-PL\",\"potentialAction\":[{\"@type\":\"ReadAction\",\"target\":[\"https:\/\/peakart.co.uk\/pl\/produkt\/niepowtarzalny-zegar-dekoracyjny\/\"]}]},{\"@type\":\"ImageObject\",\"inLanguage\":\"pl-PL\",\"@id\":\"https:\/\/peakart.co.uk\/pl\/produkt\/niepowtarzalny-zegar-dekoracyjny\/#primaryimage\",\"url\":\"https:\/\/peakart.co.uk\/wp-content\/uploads\/2016\/10\/Fox-75-interiors-1-700x394-1.jpg\",\"contentUrl\":\"https:\/\/peakart.co.uk\/wp-content\/uploads\/2016\/10\/Fox-75-interiors-1-700x394-1.jpg\",\"width\":700,\"height\":394},{\"@type\":\"BreadcrumbList\",\"@id\":\"https:\/\/peakart.co.uk\/pl\/produkt\/niepowtarzalny-zegar-dekoracyjny\/#breadcrumb\",\"itemListElement\":[{\"@type\":\"ListItem\",\"position\":1,\"name\":\"Home\",\"item\":\"https:\/\/peakart.co.uk\/pl\/\"},{\"@type\":\"ListItem\",\"position\":2,\"name\":\"Sklep\",\"item\":\"https:\/\/peakart.co.uk\/pl\/sklep\/\"},{\"@type\":\"ListItem\",\"position\":3,\"name\":\"Pi\u0119kny i Niepowtarzalny Zegar Dekoracyjny\"}]},{\"@type\":\"WebSite\",\"@id\":\"https:\/\/peakart.co.uk\/de\/#website\",\"url\":\"https:\/\/peakart.co.uk\/de\/\",\"name\":\"Peak Art\",\"description\":\"\",\"publisher\":{\"@id\":\"https:\/\/peakart.co.uk\/de\/#organization\"},\"potentialAction\":[{\"@type\":\"SearchAction\",\"target\":{\"@type\":\"EntryPoint\",\"urlTemplate\":\"https:\/\/peakart.co.uk\/de\/?s={search_term_string}\"},\"query-input\":{\"@type\":\"PropertyValueSpecification\",\"valueRequired\":true,\"valueName\":\"search_term_string\"}}],\"inLanguage\":\"pl-PL\"},{\"@type\":\"Organization\",\"@id\":\"https:\/\/peakart.co.uk\/de\/#organization\",\"name\":\"Peak Art\",\"url\":\"https:\/\/peakart.co.uk\/de\/\",\"logo\":{\"@type\":\"ImageObject\",\"inLanguage\":\"pl-PL\",\"@id\":\"https:\/\/peakart.co.uk\/de\/#\/schema\/logo\/image\/\",\"url\":\"https:\/\/peakart.co.uk\/wp-content\/uploads\/2023\/07\/logo-8.jpg\",\"contentUrl\":\"https:\/\/peakart.co.uk\/wp-content\/uploads\/2023\/07\/logo-8.jpg\",\"width\":666,\"height\":259,\"caption\":\"Peak Art\"},\"image\":{\"@id\":\"https:\/\/peakart.co.uk\/de\/#\/schema\/logo\/image\/\"},\"sameAs\":[\"https:\/\/www.facebook.com\/PeakArtClocks\/\"],\"hasMerchantReturnPolicy\":{\"@type\":\"MerchantReturnPolicy\",\"merchantReturnLink\":\"https:\/\/peakart.co.uk\/refund_returns\/\"}}]}<\/script>\n<meta property=\"og:availability\" content=\"out of stock\" \/>\n<meta property=\"product:availability\" content=\"out of stock\" \/>\n<meta property=\"product:retailer_item_id\" content=\"PEAKART-86456\" \/>\n<meta property=\"product:condition\" content=\"new\" \/>\n<!-- \/ Yoast SEO Premium plugin. -->","yoast_head_json":{"title":"Du\u017cy i pi\u0119kny zegar dekoracyjny o niepowtarzalnym wygl\u0105dzie","description":"Niepowtarzalny zegar dekoracyjny r\u0119cznie wykonany i pomalowany","robots":{"index":"index","follow":"follow","max-snippet":"max-snippet:-1","max-image-preview":"max-image-preview:large","max-video-preview":"max-video-preview:-1"},"canonical":"https:\/\/peakart.co.uk\/pl\/produkt\/niepowtarzalny-zegar-dekoracyjny\/","og_locale":"pl_PL","og_type":"article","og_title":"Pi\u0119kny i Niepowtarzalny Zegar Dekoracyjny","og_description":"Niepowtarzalny zegar dekoracyjny r\u0119cznie wykonany i pomalowany","og_url":"https:\/\/peakart.co.uk\/pl\/produkt\/niepowtarzalny-zegar-dekoracyjny\/","og_site_name":"Peak Art","article_publisher":"https:\/\/www.facebook.com\/PeakArtClocks\/","article_modified_time":"2024-12-07T13:24:15+00:00","og_image":[{"width":700,"height":394,"url":"https:\/\/peakart.co.uk\/wp-content\/uploads\/2016\/10\/Fox-75-interiors-1-700x394-1.jpg","type":"image\/jpeg"}],"twitter_card":"summary_large_image","twitter_misc":{"Dost\u0119pno\u015b\u0107":"Brak w magazynie"},"schema":{"@context":"https:\/\/schema.org","@graph":[{"@type":"WebPage","@id":"https:\/\/peakart.co.uk\/pl\/produkt\/niepowtarzalny-zegar-dekoracyjny\/","url":"https:\/\/peakart.co.uk\/pl\/produkt\/niepowtarzalny-zegar-dekoracyjny\/","name":"Du\u017cy i pi\u0119kny zegar dekoracyjny o niepowtarzalnym wygl\u0105dzie","isPartOf":{"@id":"https:\/\/peakart.co.uk\/de\/#website"},"primaryImageOfPage":{"@id":"https:\/\/peakart.co.uk\/pl\/produkt\/niepowtarzalny-zegar-dekoracyjny\/#primaryimage"},"image":{"@id":"https:\/\/peakart.co.uk\/pl\/produkt\/niepowtarzalny-zegar-dekoracyjny\/#primaryimage"},"thumbnailUrl":"https:\/\/peakart.co.uk\/wp-content\/uploads\/2016\/10\/Fox-75-interiors-1-700x394-1.jpg","datePublished":"2016-10-29T16:17:31+00:00","dateModified":"2024-12-07T13:24:15+00:00","description":"Niepowtarzalny zegar dekoracyjny r\u0119cznie wykonany i pomalowany","breadcrumb":{"@id":"https:\/\/peakart.co.uk\/pl\/produkt\/niepowtarzalny-zegar-dekoracyjny\/#breadcrumb"},"inLanguage":"pl-PL","potentialAction":[{"@type":"ReadAction","target":["https:\/\/peakart.co.uk\/pl\/produkt\/niepowtarzalny-zegar-dekoracyjny\/"]}]},{"@type":"ImageObject","inLanguage":"pl-PL","@id":"https:\/\/peakart.co.uk\/pl\/produkt\/niepowtarzalny-zegar-dekoracyjny\/#primaryimage","url":"https:\/\/peakart.co.uk\/wp-content\/uploads\/2016\/10\/Fox-75-interiors-1-700x394-1.jpg","contentUrl":"https:\/\/peakart.co.uk\/wp-content\/uploads\/2016\/10\/Fox-75-interiors-1-700x394-1.jpg","width":700,"height":394},{"@type":"BreadcrumbList","@id":"https:\/\/peakart.co.uk\/pl\/produkt\/niepowtarzalny-zegar-dekoracyjny\/#breadcrumb","itemListElement":[{"@type":"ListItem","position":1,"name":"Home","item":"https:\/\/peakart.co.uk\/pl\/"},{"@type":"ListItem","position":2,"name":"Sklep","item":"https:\/\/peakart.co.uk\/pl\/sklep\/"},{"@type":"ListItem","position":3,"name":"Pi\u0119kny i Niepowtarzalny Zegar Dekoracyjny"}]},{"@type":"WebSite","@id":"https:\/\/peakart.co.uk\/de\/#website","url":"https:\/\/peakart.co.uk\/de\/","name":"Peak Art","description":"","publisher":{"@id":"https:\/\/peakart.co.uk\/de\/#organization"},"potentialAction":[{"@type":"SearchAction","target":{"@type":"EntryPoint","urlTemplate":"https:\/\/peakart.co.uk\/de\/?s={search_term_string}"},"query-input":{"@type":"PropertyValueSpecification","valueRequired":true,"valueName":"search_term_string"}}],"inLanguage":"pl-PL"},{"@type":"Organization","@id":"https:\/\/peakart.co.uk\/de\/#organization","name":"Peak Art","url":"https:\/\/peakart.co.uk\/de\/","logo":{"@type":"ImageObject","inLanguage":"pl-PL","@id":"https:\/\/peakart.co.uk\/de\/#\/schema\/logo\/image\/","url":"https:\/\/peakart.co.uk\/wp-content\/uploads\/2023\/07\/logo-8.jpg","contentUrl":"https:\/\/peakart.co.uk\/wp-content\/uploads\/2023\/07\/logo-8.jpg","width":666,"height":259,"caption":"Peak Art"},"image":{"@id":"https:\/\/peakart.co.uk\/de\/#\/schema\/logo\/image\/"},"sameAs":["https:\/\/www.facebook.com\/PeakArtClocks\/"],"hasMerchantReturnPolicy":{"@type":"MerchantReturnPolicy","merchantReturnLink":"https:\/\/peakart.co.uk\/refund_returns\/"}}]},"og_availability":"out of stock","product_availability":"out of stock","product_retailer_item_id":"PEAKART-86456","product_condition":"new"},"_links":{"self":[{"href":"https:\/\/peakart.co.uk\/pl\/wp-json\/wp\/v2\/product\/5689","targetHints":{"allow":["GET"]}}],"collection":[{"href":"https:\/\/peakart.co.uk\/pl\/wp-json\/wp\/v2\/product"}],"about":[{"href":"https:\/\/peakart.co.uk\/pl\/wp-json\/wp\/v2\/types\/product"}],"replies":[{"embeddable":true,"href":"https:\/\/peakart.co.uk\/pl\/wp-json\/wp\/v2\/comments?post=5689"}],"wp:featuredmedia":[{"embeddable":true,"href":"https:\/\/peakart.co.uk\/pl\/wp-json\/wp\/v2\/media\/32376"}],"wp:attachment":[{"href":"https:\/\/peakart.co.uk\/pl\/wp-json\/wp\/v2\/media?parent=5689"}],"wp:term":[{"taxonomy":"product_brand","embeddable":true,"href":"https:\/\/peakart.co.uk\/pl\/wp-json\/wp\/v2\/product_brand?post=5689"},{"taxonomy":"product_cat","embeddable":true,"href":"https:\/\/peakart.co.uk\/pl\/wp-json\/wp\/v2\/product_cat?post=5689"},{"taxonomy":"product_tag","embeddable":true,"href":"https:\/\/peakart.co.uk\/pl\/wp-json\/wp\/v2\/product_tag?post=5689"}],"curies":[{"name":"wp","href":"https:\/\/api.w.org\/{rel}","templated":true}]}}