{"id":5688,"date":"2016-11-13T18:08:25","date_gmt":"2016-11-13T18:08:25","guid":{"rendered":"http:\/\/peakart.co.uk\/product\/unikatowy-recznie-wykonany-zegar-na-sciane\/"},"modified":"2024-12-07T13:24:10","modified_gmt":"2024-12-07T13:24:10","slug":"dekoracyjny-zegar-do-kuchni","status":"publish","type":"product","link":"https:\/\/peakart.co.uk\/pl\/produkt\/dekoracyjny-zegar-do-kuchni\/","title":{"rendered":"Dekoracyjny Zegar do Kuchni"},"content":{"rendered":"<h2>Du\u017cy, szary, malowany r\u0119cznie dekoracyjny zegar do kuchni<\/h2>\n<p>Ten niezwyk\u0142y, nowatorski, r\u0119cznie malowany szkieletowy zegar \u015bcienny, jak sama nazwa wskazuje, powsta\u0142 w zwi\u0105zku z fascynacj\u0105 \u017cyciem wilk\u00f3w, mieszka\u0144c\u00f3w le\u015bnej g\u0142uszy. Kolorystyka przywodzi na my\u015bl bujne futro tych majestatycznych drapie\u017cnik\u00f3w. Mi\u0119kkimi, zr\u00f3\u017cnicowanymi poci\u0105gni\u0119ciami p\u0119dzla pokryto powierzchni\u0119 zegara farb\u0105 w kolorach szaro\u015bci i br\u0105zu, z ochrowymi akcentami \u2013 w ten spos\u00f3b powsta\u0142 pozornie chaotyczny wz\u00f3r inspirowany natur\u0105. Bardzo du\u017ca obr\u0119cz pot\u0119guje wra\u017cenie g\u0142\u0119bi i solidno\u015bci.<\/p>\n<p>Zegar &#8220;Winter Wolf&#8221; powsta\u0142 z dw\u00f3ch paneli sosnowego drewna pozyskanego ze zr\u00f3wnowa\u017conej uprawy i pomalowanego r\u0119cznie nietoksycznymi farbami kredowymi i akrylowymi. Do wyko\u0144czenia powierzchni pos\u0142u\u017cy\u0142 wosk, kt\u00f3ry nada\u0142 jej mi\u0119kki blask i wyr\u00f3wna\u0142 kolorystyk\u0119. Mechanizm zegara \u2013 najefektywniejszy spo\u015br\u00f3d dost\u0119pnych na rynku nap\u0119d\u00f3w kwarcowych \u2013 dzia\u0142a na bateri\u0119 C. Metalowe wskaz\u00f3wki o kszta\u0142cie szpadli pasuj\u0105 do solidnej, drewnianej konstrukcji, o niepor\u00f3wnanie wy\u017cszej jako\u015bci ni\u017c oferowane gdzie indziej projekty z p\u0142yty pil\u015bniowej.<\/p>\n<p>Je\u017celi poszukujesz stylowego dekoracyjnego zegara do kuchni to &#8220;Winter Wolf&#8221; niew\u0105tpliwie spe\u0142ni Twoje oczekiwania. Zegary ozdobne z Peak Art to nie tylko urz\u0105dzenia do pomiaru czasu. My staramy si\u0119, \u017ceby ka\u017cdy zegar m\u00f3g\u0142 by\u0107 r\u00f3wnie\u017c niesamowitym elementem dekoracji.<\/p>\n<p>&nbsp;<\/p>\n","protected":false},"excerpt":{"rendered":"<p>Niesamowity r\u0119cznie wykonany zegar dekoracyjny idealnie nadaj\u0105cy si\u0119 do stylowej kuchni. Oryginalny projekt wykonali\u015bmy w rozmiarze 75 cm ale oferujemy r\u00f3wnie\u017c \u015brednic\u0119 100 cm i 120 cm.<\/p>\n<p><strong>Projekt i R\u0119czne Wykonanie<\/strong>\u00a0&#8211;\u00a0Anna Siodelska, United Kingdom<\/p>\n<p><strong>Front<\/strong> \u2013 Sier\u015b\u0107 wilka<\/p>\n<p><strong>Ty\u0142<\/strong> \u2013 Transparentny<\/p>\n","protected":false},"featured_media":32343,"comment_status":"closed","ping_status":"closed","template":"","meta":[],"product_brand":[],"product_cat":[56],"product_tag":[50,65,2671,53],"class_list":{"0":"post-5688","1":"product","2":"type-product","3":"status-publish","4":"has-post-thumbnail","6":"product_cat-duze-zegary-scienne","7":"product_tag-artystyczne-zegary-scienne","8":"product_tag-duze-zegary-dekoracyjne-na-sciane","9":"product_tag-nietypowe-duze-zegary-scienne","10":"product_tag-zegary-drewniane-szkieletowe","11":"product_shipping_class-oversized-clocks-pl","13":"first","14":"instock","15":"sale","16":"taxable","17":"shipping-taxable","18":"purchasable","19":"product-type-variable"},"yoast_head":"<!-- This site is optimized with the Yoast SEO Premium plugin v27.2 (Yoast SEO v27.2) - https:\/\/yoast.com\/product\/yoast-seo-premium-wordpress\/ -->\n<title>Dekoracyjny Zegar Do Kuchni. Wykonany z Drewna i R\u0119cznie Malowany.<\/title>\n<meta name=\"description\" content=\"&quot;Winter Wolf&quot; to przepi\u0119kny i unikalny dekoracyjny zegar do kuchni b\u0105d\u017a salonu\" \/>\n<meta name=\"robots\" content=\"index, follow, max-snippet:-1, max-image-preview:large, max-video-preview:-1\" \/>\n<link rel=\"canonical\" href=\"https:\/\/peakart.co.uk\/pl\/produkt\/dekoracyjny-zegar-do-kuchni\/\" \/>\n<meta property=\"og:locale\" content=\"pl_PL\" \/>\n<meta property=\"og:type\" content=\"article\" \/>\n<meta property=\"og:title\" content=\"Dekoracyjny Zegar do Kuchni\" \/>\n<meta property=\"og:description\" content=\"&quot;Winter Wolf&quot; to przepi\u0119kny i unikalny dekoracyjny zegar do kuchni b\u0105d\u017a salonu\" \/>\n<meta property=\"og:url\" content=\"https:\/\/peakart.co.uk\/pl\/produkt\/dekoracyjny-zegar-do-kuchni\/\" \/>\n<meta property=\"og:site_name\" content=\"Peak Art\" \/>\n<meta property=\"article:publisher\" content=\"https:\/\/www.facebook.com\/PeakArtClocks\/\" \/>\n<meta property=\"article:modified_time\" content=\"2024-12-07T13:24:10+00:00\" \/>\n<meta property=\"og:image\" content=\"https:\/\/peakart.co.uk\/wp-content\/uploads\/2016\/11\/Large-contemporary-hand-painted-artistic-wall-clock-75cm-winter-wolf-interiors-2-1.jpg\" \/>\n\t<meta property=\"og:image:width\" content=\"1073\" \/>\n\t<meta property=\"og:image:height\" content=\"1198\" \/>\n\t<meta property=\"og:image:type\" content=\"image\/jpeg\" \/>\n<meta name=\"twitter:card\" content=\"summary_large_image\" \/>\n<meta name=\"twitter:label1\" content=\"Dost\u0119pno\u015b\u0107\" \/>\n\t<meta name=\"twitter:data1\" content=\"Dost\u0119pny\" \/>\n<script type=\"application\/ld+json\" class=\"yoast-schema-graph\">{\"@context\":\"https:\/\/schema.org\",\"@graph\":[{\"@type\":\"WebPage\",\"@id\":\"https:\/\/peakart.co.uk\/pl\/produkt\/dekoracyjny-zegar-do-kuchni\/\",\"url\":\"https:\/\/peakart.co.uk\/pl\/produkt\/dekoracyjny-zegar-do-kuchni\/\",\"name\":\"Dekoracyjny Zegar Do Kuchni. Wykonany z Drewna i R\u0119cznie Malowany.\",\"isPartOf\":{\"@id\":\"https:\/\/peakart.co.uk\/de\/#website\"},\"primaryImageOfPage\":{\"@id\":\"https:\/\/peakart.co.uk\/pl\/produkt\/dekoracyjny-zegar-do-kuchni\/#primaryimage\"},\"image\":{\"@id\":\"https:\/\/peakart.co.uk\/pl\/produkt\/dekoracyjny-zegar-do-kuchni\/#primaryimage\"},\"thumbnailUrl\":\"https:\/\/peakart.co.uk\/wp-content\/uploads\/2016\/11\/Large-contemporary-hand-painted-artistic-wall-clock-75cm-winter-wolf-interiors-2-1.jpg\",\"datePublished\":\"2016-11-13T18:08:25+00:00\",\"dateModified\":\"2024-12-07T13:24:10+00:00\",\"description\":\"\\\"Winter Wolf\\\" to przepi\u0119kny i unikalny dekoracyjny zegar do kuchni b\u0105d\u017a salonu\",\"breadcrumb\":{\"@id\":\"https:\/\/peakart.co.uk\/pl\/produkt\/dekoracyjny-zegar-do-kuchni\/#breadcrumb\"},\"inLanguage\":\"pl-PL\",\"potentialAction\":[{\"@type\":\"ReadAction\",\"target\":[\"https:\/\/peakart.co.uk\/pl\/produkt\/dekoracyjny-zegar-do-kuchni\/\"]}]},{\"@type\":\"ImageObject\",\"inLanguage\":\"pl-PL\",\"@id\":\"https:\/\/peakart.co.uk\/pl\/produkt\/dekoracyjny-zegar-do-kuchni\/#primaryimage\",\"url\":\"https:\/\/peakart.co.uk\/wp-content\/uploads\/2016\/11\/Large-contemporary-hand-painted-artistic-wall-clock-75cm-winter-wolf-interiors-2-1.jpg\",\"contentUrl\":\"https:\/\/peakart.co.uk\/wp-content\/uploads\/2016\/11\/Large-contemporary-hand-painted-artistic-wall-clock-75cm-winter-wolf-interiors-2-1.jpg\",\"width\":1073,\"height\":1198},{\"@type\":\"BreadcrumbList\",\"@id\":\"https:\/\/peakart.co.uk\/pl\/produkt\/dekoracyjny-zegar-do-kuchni\/#breadcrumb\",\"itemListElement\":[{\"@type\":\"ListItem\",\"position\":1,\"name\":\"Home\",\"item\":\"https:\/\/peakart.co.uk\/pl\/\"},{\"@type\":\"ListItem\",\"position\":2,\"name\":\"Sklep\",\"item\":\"https:\/\/peakart.co.uk\/pl\/sklep\/\"},{\"@type\":\"ListItem\",\"position\":3,\"name\":\"Dekoracyjny Zegar do Kuchni\"}]},{\"@type\":\"WebSite\",\"@id\":\"https:\/\/peakart.co.uk\/de\/#website\",\"url\":\"https:\/\/peakart.co.uk\/de\/\",\"name\":\"Peak Art\",\"description\":\"\",\"publisher\":{\"@id\":\"https:\/\/peakart.co.uk\/de\/#organization\"},\"potentialAction\":[{\"@type\":\"SearchAction\",\"target\":{\"@type\":\"EntryPoint\",\"urlTemplate\":\"https:\/\/peakart.co.uk\/de\/?s={search_term_string}\"},\"query-input\":{\"@type\":\"PropertyValueSpecification\",\"valueRequired\":true,\"valueName\":\"search_term_string\"}}],\"inLanguage\":\"pl-PL\"},{\"@type\":\"Organization\",\"@id\":\"https:\/\/peakart.co.uk\/de\/#organization\",\"name\":\"Peak Art\",\"url\":\"https:\/\/peakart.co.uk\/de\/\",\"logo\":{\"@type\":\"ImageObject\",\"inLanguage\":\"pl-PL\",\"@id\":\"https:\/\/peakart.co.uk\/de\/#\/schema\/logo\/image\/\",\"url\":\"https:\/\/peakart.co.uk\/wp-content\/uploads\/2023\/07\/logo-8.jpg\",\"contentUrl\":\"https:\/\/peakart.co.uk\/wp-content\/uploads\/2023\/07\/logo-8.jpg\",\"width\":666,\"height\":259,\"caption\":\"Peak Art\"},\"image\":{\"@id\":\"https:\/\/peakart.co.uk\/de\/#\/schema\/logo\/image\/\"},\"sameAs\":[\"https:\/\/www.facebook.com\/PeakArtClocks\/\"],\"hasMerchantReturnPolicy\":{\"@type\":\"MerchantReturnPolicy\",\"merchantReturnLink\":\"https:\/\/peakart.co.uk\/refund_returns\/\"}}]}<\/script>\n<meta property=\"og:availability\" content=\"instock\" \/>\n<meta property=\"product:availability\" content=\"instock\" \/>\n<meta property=\"product:retailer_item_id\" content=\"PEAKART-44849\" \/>\n<meta property=\"product:condition\" content=\"new\" \/>\n<!-- \/ Yoast SEO Premium plugin. -->","yoast_head_json":{"title":"Dekoracyjny Zegar Do Kuchni. Wykonany z Drewna i R\u0119cznie Malowany.","description":"\"Winter Wolf\" to przepi\u0119kny i unikalny dekoracyjny zegar do kuchni b\u0105d\u017a salonu","robots":{"index":"index","follow":"follow","max-snippet":"max-snippet:-1","max-image-preview":"max-image-preview:large","max-video-preview":"max-video-preview:-1"},"canonical":"https:\/\/peakart.co.uk\/pl\/produkt\/dekoracyjny-zegar-do-kuchni\/","og_locale":"pl_PL","og_type":"article","og_title":"Dekoracyjny Zegar do Kuchni","og_description":"\"Winter Wolf\" to przepi\u0119kny i unikalny dekoracyjny zegar do kuchni b\u0105d\u017a salonu","og_url":"https:\/\/peakart.co.uk\/pl\/produkt\/dekoracyjny-zegar-do-kuchni\/","og_site_name":"Peak Art","article_publisher":"https:\/\/www.facebook.com\/PeakArtClocks\/","article_modified_time":"2024-12-07T13:24:10+00:00","og_image":[{"width":1073,"height":1198,"url":"https:\/\/peakart.co.uk\/wp-content\/uploads\/2016\/11\/Large-contemporary-hand-painted-artistic-wall-clock-75cm-winter-wolf-interiors-2-1.jpg","type":"image\/jpeg"}],"twitter_card":"summary_large_image","twitter_misc":{"Dost\u0119pno\u015b\u0107":"Dost\u0119pny"},"schema":{"@context":"https:\/\/schema.org","@graph":[{"@type":"WebPage","@id":"https:\/\/peakart.co.uk\/pl\/produkt\/dekoracyjny-zegar-do-kuchni\/","url":"https:\/\/peakart.co.uk\/pl\/produkt\/dekoracyjny-zegar-do-kuchni\/","name":"Dekoracyjny Zegar Do Kuchni. Wykonany z Drewna i R\u0119cznie Malowany.","isPartOf":{"@id":"https:\/\/peakart.co.uk\/de\/#website"},"primaryImageOfPage":{"@id":"https:\/\/peakart.co.uk\/pl\/produkt\/dekoracyjny-zegar-do-kuchni\/#primaryimage"},"image":{"@id":"https:\/\/peakart.co.uk\/pl\/produkt\/dekoracyjny-zegar-do-kuchni\/#primaryimage"},"thumbnailUrl":"https:\/\/peakart.co.uk\/wp-content\/uploads\/2016\/11\/Large-contemporary-hand-painted-artistic-wall-clock-75cm-winter-wolf-interiors-2-1.jpg","datePublished":"2016-11-13T18:08:25+00:00","dateModified":"2024-12-07T13:24:10+00:00","description":"\"Winter Wolf\" to przepi\u0119kny i unikalny dekoracyjny zegar do kuchni b\u0105d\u017a salonu","breadcrumb":{"@id":"https:\/\/peakart.co.uk\/pl\/produkt\/dekoracyjny-zegar-do-kuchni\/#breadcrumb"},"inLanguage":"pl-PL","potentialAction":[{"@type":"ReadAction","target":["https:\/\/peakart.co.uk\/pl\/produkt\/dekoracyjny-zegar-do-kuchni\/"]}]},{"@type":"ImageObject","inLanguage":"pl-PL","@id":"https:\/\/peakart.co.uk\/pl\/produkt\/dekoracyjny-zegar-do-kuchni\/#primaryimage","url":"https:\/\/peakart.co.uk\/wp-content\/uploads\/2016\/11\/Large-contemporary-hand-painted-artistic-wall-clock-75cm-winter-wolf-interiors-2-1.jpg","contentUrl":"https:\/\/peakart.co.uk\/wp-content\/uploads\/2016\/11\/Large-contemporary-hand-painted-artistic-wall-clock-75cm-winter-wolf-interiors-2-1.jpg","width":1073,"height":1198},{"@type":"BreadcrumbList","@id":"https:\/\/peakart.co.uk\/pl\/produkt\/dekoracyjny-zegar-do-kuchni\/#breadcrumb","itemListElement":[{"@type":"ListItem","position":1,"name":"Home","item":"https:\/\/peakart.co.uk\/pl\/"},{"@type":"ListItem","position":2,"name":"Sklep","item":"https:\/\/peakart.co.uk\/pl\/sklep\/"},{"@type":"ListItem","position":3,"name":"Dekoracyjny Zegar do Kuchni"}]},{"@type":"WebSite","@id":"https:\/\/peakart.co.uk\/de\/#website","url":"https:\/\/peakart.co.uk\/de\/","name":"Peak Art","description":"","publisher":{"@id":"https:\/\/peakart.co.uk\/de\/#organization"},"potentialAction":[{"@type":"SearchAction","target":{"@type":"EntryPoint","urlTemplate":"https:\/\/peakart.co.uk\/de\/?s={search_term_string}"},"query-input":{"@type":"PropertyValueSpecification","valueRequired":true,"valueName":"search_term_string"}}],"inLanguage":"pl-PL"},{"@type":"Organization","@id":"https:\/\/peakart.co.uk\/de\/#organization","name":"Peak Art","url":"https:\/\/peakart.co.uk\/de\/","logo":{"@type":"ImageObject","inLanguage":"pl-PL","@id":"https:\/\/peakart.co.uk\/de\/#\/schema\/logo\/image\/","url":"https:\/\/peakart.co.uk\/wp-content\/uploads\/2023\/07\/logo-8.jpg","contentUrl":"https:\/\/peakart.co.uk\/wp-content\/uploads\/2023\/07\/logo-8.jpg","width":666,"height":259,"caption":"Peak Art"},"image":{"@id":"https:\/\/peakart.co.uk\/de\/#\/schema\/logo\/image\/"},"sameAs":["https:\/\/www.facebook.com\/PeakArtClocks\/"],"hasMerchantReturnPolicy":{"@type":"MerchantReturnPolicy","merchantReturnLink":"https:\/\/peakart.co.uk\/refund_returns\/"}}]},"og_availability":"instock","product_availability":"instock","product_retailer_item_id":"PEAKART-44849","product_condition":"new"},"_links":{"self":[{"href":"https:\/\/peakart.co.uk\/pl\/wp-json\/wp\/v2\/product\/5688","targetHints":{"allow":["GET"]}}],"collection":[{"href":"https:\/\/peakart.co.uk\/pl\/wp-json\/wp\/v2\/product"}],"about":[{"href":"https:\/\/peakart.co.uk\/pl\/wp-json\/wp\/v2\/types\/product"}],"replies":[{"embeddable":true,"href":"https:\/\/peakart.co.uk\/pl\/wp-json\/wp\/v2\/comments?post=5688"}],"wp:featuredmedia":[{"embeddable":true,"href":"https:\/\/peakart.co.uk\/pl\/wp-json\/wp\/v2\/media\/32343"}],"wp:attachment":[{"href":"https:\/\/peakart.co.uk\/pl\/wp-json\/wp\/v2\/media?parent=5688"}],"wp:term":[{"taxonomy":"product_brand","embeddable":true,"href":"https:\/\/peakart.co.uk\/pl\/wp-json\/wp\/v2\/product_brand?post=5688"},{"taxonomy":"product_cat","embeddable":true,"href":"https:\/\/peakart.co.uk\/pl\/wp-json\/wp\/v2\/product_cat?post=5688"},{"taxonomy":"product_tag","embeddable":true,"href":"https:\/\/peakart.co.uk\/pl\/wp-json\/wp\/v2\/product_tag?post=5688"}],"curies":[{"name":"wp","href":"https:\/\/api.w.org\/{rel}","templated":true}]}}