{"id":5687,"date":"2017-02-10T17:16:39","date_gmt":"2017-02-10T17:16:39","guid":{"rendered":"http:\/\/peakart.co.uk\/product\/stylowy-zegar-dekoracyjny-na-sciane\/"},"modified":"2024-12-07T13:24:09","modified_gmt":"2024-12-07T13:24:09","slug":"dekoracyjny-zegar-w-stylu-wiejskim","status":"publish","type":"product","link":"https:\/\/peakart.co.uk\/pl\/produkt\/dekoracyjny-zegar-w-stylu-wiejskim\/","title":{"rendered":"Wyj\u0105tkowy, dekoracyjny zegar w stylu wiejskim"},"content":{"rendered":"<h2>Ekstrawagancki, ozdobny zegar w stylu wiejskim, z t\u0142em w kolorze miedzi<\/h2>\n<p>Od czasu do czasu odczuwam potrzeb\u0119 poeksperymentowania i stworzenia czego\u015b zupe\u0142nie nowego i niezwyk\u0142ego. Ten ekscentryczny, dekoracyjny czasomierz to owoc mojej d\u0142ugotrwa\u0142ej fascynacji star\u0105, zniszczon\u0105 miedzi\u0105. Chcia\u0142am zrobi\u0107 zegar, kt\u00f3ry wygl\u0105da\u0142by ol\u015bniewaj\u0105co w starej chacie czy stylowym domu na wsi.<\/p>\n<p>Ka\u017cdy z naszych artystycznych zegar\u00f3w \u015bciennych zrobi\u0142by ogromne wra\u017cenie na go\u015bciach, ale ten model jest tak wyj\u0105tkowy i ekstrawagancki, \u017ce odtworzenie go by\u0142oby niemal niemo\u017cliwo\u015bci\u0105. Pragniesz wyeksponowa\u0107 jaki\u015b wyj\u0105tkowy przedmiot w swoim salonie? Wyobra\u017a sobie tylko rozmowy prowadzone przy stole w jadalni przez go\u015bci podziwiaj\u0105cych to dzie\u0142o sztuki.<\/p>\n<p>Peak Art Clocks to firma rodzinna, maj\u0105ca tysi\u0105ce obserwator\u00f3w w <a href=\"https:\/\/www.facebook.com\/PeakArtClocks\/\">spo\u0142eczno\u015bci na portalu Facebook<\/a>. Wprowadzaj\u0105c szerok\u0105 ofert\u0119 pi\u0119knych, wykonanych r\u0119cznie zegar\u00f3w \u015bciennych na rynek internetowy, mamy nadziej\u0119 zmieni\u0107 globalne trendy wystroju wn\u0119trz. Niezwyk\u0142e dzie\u0142o sztuki na \u015bcianie wygl\u0105da o wiele bardzie stylowo ni\u017c standardowe du\u017ce lustro, nieprawda\u017c?<\/p>\n","protected":false},"excerpt":{"rendered":"<p><strong>Projekt i wykonanie r\u0119czne<\/strong> \u2013 Anna Siodelska, Wielka Brytania<\/p>\n<p><strong>Kolor tarczy<\/strong> \u2013 czarny\/niebieski<\/p>\n<p><strong>Kolor t\u0142a<\/strong> \u2013 miedziany\/\u015bciana\/transparentny<\/p>\n","protected":false},"featured_media":31290,"comment_status":"closed","ping_status":"closed","template":"","meta":[],"product_brand":[],"product_cat":[56],"product_tag":[50,65],"class_list":{"0":"post-5687","1":"product","2":"type-product","3":"status-publish","4":"has-post-thumbnail","6":"product_cat-duze-zegary-scienne","7":"product_tag-artystyczne-zegary-scienne","8":"product_tag-duze-zegary-dekoracyjne-na-sciane","9":"product_shipping_class-oversized-clocks-pl","11":"first","12":"outofstock","13":"taxable","14":"shipping-taxable","15":"product-type-variable"},"yoast_head":"<!-- This site is optimized with the Yoast SEO Premium plugin v27.2 (Yoast SEO v27.2) - https:\/\/yoast.com\/product\/yoast-seo-premium-wordpress\/ -->\n<title>Dekoracyjny Zegar w Stylu Wiejskim R\u0119cznie Malowany.<\/title>\n<meta name=\"description\" content=\"Bardzo du\u017cy, ozdobny zegar do wiejskiego wn\u0119trza, wykonany r\u0119cznie z drewna.\" \/>\n<meta name=\"robots\" content=\"index, follow, max-snippet:-1, max-image-preview:large, max-video-preview:-1\" \/>\n<link rel=\"canonical\" href=\"https:\/\/peakart.co.uk\/pl\/produkt\/dekoracyjny-zegar-w-stylu-wiejskim\/\" \/>\n<meta property=\"og:locale\" content=\"pl_PL\" \/>\n<meta property=\"og:type\" content=\"article\" \/>\n<meta property=\"og:title\" content=\"Wyj\u0105tkowy, dekoracyjny zegar w stylu wiejskim\" \/>\n<meta property=\"og:description\" content=\"Bardzo du\u017cy, ozdobny zegar do wiejskiego wn\u0119trza, wykonany r\u0119cznie z drewna.\" \/>\n<meta property=\"og:url\" content=\"https:\/\/peakart.co.uk\/pl\/produkt\/dekoracyjny-zegar-w-stylu-wiejskim\/\" \/>\n<meta property=\"og:site_name\" content=\"Peak Art\" \/>\n<meta property=\"article:publisher\" content=\"https:\/\/www.facebook.com\/PeakArtClocks\/\" \/>\n<meta property=\"article:modified_time\" content=\"2024-12-07T13:24:09+00:00\" \/>\n<meta property=\"og:image\" content=\"https:\/\/peakart.co.uk\/wp-content\/uploads\/2017\/02\/Large-Handmade-Shabby-Wall-Clock-Cottage-Black-Front-400x400-1.jpg\" \/>\n\t<meta property=\"og:image:width\" content=\"392\" \/>\n\t<meta property=\"og:image:height\" content=\"392\" \/>\n\t<meta property=\"og:image:type\" content=\"image\/jpeg\" \/>\n<meta name=\"twitter:card\" content=\"summary_large_image\" \/>\n<meta name=\"twitter:label1\" content=\"Dost\u0119pno\u015b\u0107\" \/>\n\t<meta name=\"twitter:data1\" content=\"Brak w magazynie\" \/>\n<script type=\"application\/ld+json\" class=\"yoast-schema-graph\">{\"@context\":\"https:\/\/schema.org\",\"@graph\":[{\"@type\":\"WebPage\",\"@id\":\"https:\/\/peakart.co.uk\/pl\/produkt\/dekoracyjny-zegar-w-stylu-wiejskim\/\",\"url\":\"https:\/\/peakart.co.uk\/pl\/produkt\/dekoracyjny-zegar-w-stylu-wiejskim\/\",\"name\":\"Dekoracyjny Zegar w Stylu Wiejskim R\u0119cznie Malowany.\",\"isPartOf\":{\"@id\":\"https:\/\/peakart.co.uk\/de\/#website\"},\"primaryImageOfPage\":{\"@id\":\"https:\/\/peakart.co.uk\/pl\/produkt\/dekoracyjny-zegar-w-stylu-wiejskim\/#primaryimage\"},\"image\":{\"@id\":\"https:\/\/peakart.co.uk\/pl\/produkt\/dekoracyjny-zegar-w-stylu-wiejskim\/#primaryimage\"},\"thumbnailUrl\":\"https:\/\/peakart.co.uk\/wp-content\/uploads\/2017\/02\/Large-Handmade-Shabby-Wall-Clock-Cottage-Black-Front-400x400-1.jpg\",\"datePublished\":\"2017-02-10T17:16:39+00:00\",\"dateModified\":\"2024-12-07T13:24:09+00:00\",\"description\":\"Bardzo du\u017cy, ozdobny zegar do wiejskiego wn\u0119trza, wykonany r\u0119cznie z drewna.\",\"breadcrumb\":{\"@id\":\"https:\/\/peakart.co.uk\/pl\/produkt\/dekoracyjny-zegar-w-stylu-wiejskim\/#breadcrumb\"},\"inLanguage\":\"pl-PL\",\"potentialAction\":[{\"@type\":\"ReadAction\",\"target\":[\"https:\/\/peakart.co.uk\/pl\/produkt\/dekoracyjny-zegar-w-stylu-wiejskim\/\"]}]},{\"@type\":\"ImageObject\",\"inLanguage\":\"pl-PL\",\"@id\":\"https:\/\/peakart.co.uk\/pl\/produkt\/dekoracyjny-zegar-w-stylu-wiejskim\/#primaryimage\",\"url\":\"https:\/\/peakart.co.uk\/wp-content\/uploads\/2017\/02\/Large-Handmade-Shabby-Wall-Clock-Cottage-Black-Front-400x400-1.jpg\",\"contentUrl\":\"https:\/\/peakart.co.uk\/wp-content\/uploads\/2017\/02\/Large-Handmade-Shabby-Wall-Clock-Cottage-Black-Front-400x400-1.jpg\",\"width\":392,\"height\":392,\"caption\":\"Peak Art - Cottage\"},{\"@type\":\"BreadcrumbList\",\"@id\":\"https:\/\/peakart.co.uk\/pl\/produkt\/dekoracyjny-zegar-w-stylu-wiejskim\/#breadcrumb\",\"itemListElement\":[{\"@type\":\"ListItem\",\"position\":1,\"name\":\"Home\",\"item\":\"https:\/\/peakart.co.uk\/pl\/\"},{\"@type\":\"ListItem\",\"position\":2,\"name\":\"Sklep\",\"item\":\"https:\/\/peakart.co.uk\/pl\/sklep\/\"},{\"@type\":\"ListItem\",\"position\":3,\"name\":\"Wyj\u0105tkowy, dekoracyjny zegar w stylu wiejskim\"}]},{\"@type\":\"WebSite\",\"@id\":\"https:\/\/peakart.co.uk\/de\/#website\",\"url\":\"https:\/\/peakart.co.uk\/de\/\",\"name\":\"Peak Art\",\"description\":\"\",\"publisher\":{\"@id\":\"https:\/\/peakart.co.uk\/de\/#organization\"},\"potentialAction\":[{\"@type\":\"SearchAction\",\"target\":{\"@type\":\"EntryPoint\",\"urlTemplate\":\"https:\/\/peakart.co.uk\/de\/?s={search_term_string}\"},\"query-input\":{\"@type\":\"PropertyValueSpecification\",\"valueRequired\":true,\"valueName\":\"search_term_string\"}}],\"inLanguage\":\"pl-PL\"},{\"@type\":\"Organization\",\"@id\":\"https:\/\/peakart.co.uk\/de\/#organization\",\"name\":\"Peak Art\",\"url\":\"https:\/\/peakart.co.uk\/de\/\",\"logo\":{\"@type\":\"ImageObject\",\"inLanguage\":\"pl-PL\",\"@id\":\"https:\/\/peakart.co.uk\/de\/#\/schema\/logo\/image\/\",\"url\":\"https:\/\/peakart.co.uk\/wp-content\/uploads\/2023\/07\/logo-8.jpg\",\"contentUrl\":\"https:\/\/peakart.co.uk\/wp-content\/uploads\/2023\/07\/logo-8.jpg\",\"width\":666,\"height\":259,\"caption\":\"Peak Art\"},\"image\":{\"@id\":\"https:\/\/peakart.co.uk\/de\/#\/schema\/logo\/image\/\"},\"sameAs\":[\"https:\/\/www.facebook.com\/PeakArtClocks\/\"],\"hasMerchantReturnPolicy\":{\"@type\":\"MerchantReturnPolicy\",\"merchantReturnLink\":\"https:\/\/peakart.co.uk\/refund_returns\/\"}}]}<\/script>\n<meta property=\"og:availability\" content=\"out of stock\" \/>\n<meta property=\"product:availability\" content=\"out of stock\" \/>\n<meta property=\"product:retailer_item_id\" content=\"PEAKART-91267\" \/>\n<meta property=\"product:condition\" content=\"new\" \/>\n<!-- \/ Yoast SEO Premium plugin. -->","yoast_head_json":{"title":"Dekoracyjny Zegar w Stylu Wiejskim R\u0119cznie Malowany.","description":"Bardzo du\u017cy, ozdobny zegar do wiejskiego wn\u0119trza, wykonany r\u0119cznie z drewna.","robots":{"index":"index","follow":"follow","max-snippet":"max-snippet:-1","max-image-preview":"max-image-preview:large","max-video-preview":"max-video-preview:-1"},"canonical":"https:\/\/peakart.co.uk\/pl\/produkt\/dekoracyjny-zegar-w-stylu-wiejskim\/","og_locale":"pl_PL","og_type":"article","og_title":"Wyj\u0105tkowy, dekoracyjny zegar w stylu wiejskim","og_description":"Bardzo du\u017cy, ozdobny zegar do wiejskiego wn\u0119trza, wykonany r\u0119cznie z drewna.","og_url":"https:\/\/peakart.co.uk\/pl\/produkt\/dekoracyjny-zegar-w-stylu-wiejskim\/","og_site_name":"Peak Art","article_publisher":"https:\/\/www.facebook.com\/PeakArtClocks\/","article_modified_time":"2024-12-07T13:24:09+00:00","og_image":[{"width":392,"height":392,"url":"https:\/\/peakart.co.uk\/wp-content\/uploads\/2017\/02\/Large-Handmade-Shabby-Wall-Clock-Cottage-Black-Front-400x400-1.jpg","type":"image\/jpeg"}],"twitter_card":"summary_large_image","twitter_misc":{"Dost\u0119pno\u015b\u0107":"Brak w magazynie"},"schema":{"@context":"https:\/\/schema.org","@graph":[{"@type":"WebPage","@id":"https:\/\/peakart.co.uk\/pl\/produkt\/dekoracyjny-zegar-w-stylu-wiejskim\/","url":"https:\/\/peakart.co.uk\/pl\/produkt\/dekoracyjny-zegar-w-stylu-wiejskim\/","name":"Dekoracyjny Zegar w Stylu Wiejskim R\u0119cznie Malowany.","isPartOf":{"@id":"https:\/\/peakart.co.uk\/de\/#website"},"primaryImageOfPage":{"@id":"https:\/\/peakart.co.uk\/pl\/produkt\/dekoracyjny-zegar-w-stylu-wiejskim\/#primaryimage"},"image":{"@id":"https:\/\/peakart.co.uk\/pl\/produkt\/dekoracyjny-zegar-w-stylu-wiejskim\/#primaryimage"},"thumbnailUrl":"https:\/\/peakart.co.uk\/wp-content\/uploads\/2017\/02\/Large-Handmade-Shabby-Wall-Clock-Cottage-Black-Front-400x400-1.jpg","datePublished":"2017-02-10T17:16:39+00:00","dateModified":"2024-12-07T13:24:09+00:00","description":"Bardzo du\u017cy, ozdobny zegar do wiejskiego wn\u0119trza, wykonany r\u0119cznie z drewna.","breadcrumb":{"@id":"https:\/\/peakart.co.uk\/pl\/produkt\/dekoracyjny-zegar-w-stylu-wiejskim\/#breadcrumb"},"inLanguage":"pl-PL","potentialAction":[{"@type":"ReadAction","target":["https:\/\/peakart.co.uk\/pl\/produkt\/dekoracyjny-zegar-w-stylu-wiejskim\/"]}]},{"@type":"ImageObject","inLanguage":"pl-PL","@id":"https:\/\/peakart.co.uk\/pl\/produkt\/dekoracyjny-zegar-w-stylu-wiejskim\/#primaryimage","url":"https:\/\/peakart.co.uk\/wp-content\/uploads\/2017\/02\/Large-Handmade-Shabby-Wall-Clock-Cottage-Black-Front-400x400-1.jpg","contentUrl":"https:\/\/peakart.co.uk\/wp-content\/uploads\/2017\/02\/Large-Handmade-Shabby-Wall-Clock-Cottage-Black-Front-400x400-1.jpg","width":392,"height":392,"caption":"Peak Art - Cottage"},{"@type":"BreadcrumbList","@id":"https:\/\/peakart.co.uk\/pl\/produkt\/dekoracyjny-zegar-w-stylu-wiejskim\/#breadcrumb","itemListElement":[{"@type":"ListItem","position":1,"name":"Home","item":"https:\/\/peakart.co.uk\/pl\/"},{"@type":"ListItem","position":2,"name":"Sklep","item":"https:\/\/peakart.co.uk\/pl\/sklep\/"},{"@type":"ListItem","position":3,"name":"Wyj\u0105tkowy, dekoracyjny zegar w stylu wiejskim"}]},{"@type":"WebSite","@id":"https:\/\/peakart.co.uk\/de\/#website","url":"https:\/\/peakart.co.uk\/de\/","name":"Peak Art","description":"","publisher":{"@id":"https:\/\/peakart.co.uk\/de\/#organization"},"potentialAction":[{"@type":"SearchAction","target":{"@type":"EntryPoint","urlTemplate":"https:\/\/peakart.co.uk\/de\/?s={search_term_string}"},"query-input":{"@type":"PropertyValueSpecification","valueRequired":true,"valueName":"search_term_string"}}],"inLanguage":"pl-PL"},{"@type":"Organization","@id":"https:\/\/peakart.co.uk\/de\/#organization","name":"Peak Art","url":"https:\/\/peakart.co.uk\/de\/","logo":{"@type":"ImageObject","inLanguage":"pl-PL","@id":"https:\/\/peakart.co.uk\/de\/#\/schema\/logo\/image\/","url":"https:\/\/peakart.co.uk\/wp-content\/uploads\/2023\/07\/logo-8.jpg","contentUrl":"https:\/\/peakart.co.uk\/wp-content\/uploads\/2023\/07\/logo-8.jpg","width":666,"height":259,"caption":"Peak Art"},"image":{"@id":"https:\/\/peakart.co.uk\/de\/#\/schema\/logo\/image\/"},"sameAs":["https:\/\/www.facebook.com\/PeakArtClocks\/"],"hasMerchantReturnPolicy":{"@type":"MerchantReturnPolicy","merchantReturnLink":"https:\/\/peakart.co.uk\/refund_returns\/"}}]},"og_availability":"out of stock","product_availability":"out of stock","product_retailer_item_id":"PEAKART-91267","product_condition":"new"},"_links":{"self":[{"href":"https:\/\/peakart.co.uk\/pl\/wp-json\/wp\/v2\/product\/5687","targetHints":{"allow":["GET"]}}],"collection":[{"href":"https:\/\/peakart.co.uk\/pl\/wp-json\/wp\/v2\/product"}],"about":[{"href":"https:\/\/peakart.co.uk\/pl\/wp-json\/wp\/v2\/types\/product"}],"replies":[{"embeddable":true,"href":"https:\/\/peakart.co.uk\/pl\/wp-json\/wp\/v2\/comments?post=5687"}],"wp:featuredmedia":[{"embeddable":true,"href":"https:\/\/peakart.co.uk\/pl\/wp-json\/wp\/v2\/media\/31290"}],"wp:attachment":[{"href":"https:\/\/peakart.co.uk\/pl\/wp-json\/wp\/v2\/media?parent=5687"}],"wp:term":[{"taxonomy":"product_brand","embeddable":true,"href":"https:\/\/peakart.co.uk\/pl\/wp-json\/wp\/v2\/product_brand?post=5687"},{"taxonomy":"product_cat","embeddable":true,"href":"https:\/\/peakart.co.uk\/pl\/wp-json\/wp\/v2\/product_cat?post=5687"},{"taxonomy":"product_tag","embeddable":true,"href":"https:\/\/peakart.co.uk\/pl\/wp-json\/wp\/v2\/product_tag?post=5687"}],"curies":[{"name":"wp","href":"https:\/\/api.w.org\/{rel}","templated":true}]}}