{"id":5685,"date":"2016-04-23T13:16:21","date_gmt":"2016-04-23T12:16:21","guid":{"rendered":"http:\/\/peakart.co.uk\/product\/ogromny-dekoracyjny-zegar-scienny-z-drewna\/"},"modified":"2023-03-25T11:30:40","modified_gmt":"2023-03-25T11:30:40","slug":"bardzo-duzy-zegar","status":"publish","type":"product","link":"https:\/\/peakart.co.uk\/pl\/produkt\/bardzo-duzy-zegar\/","title":{"rendered":"Bardzo Du\u017cy Zegar Dekoracyjny z Drewna"},"content":{"rendered":"<h2>Bardzo du\u017cy zegar pi\u0119knie zaprojektowany w ciemnych odcieniach<\/h2>\n<p>&#8220;Dark Horse&#8221; to bardzo du\u017cy zegar, kt\u00f3ry pocz\u0105tkowo zaprojektowali\u015bmy jako kolejny <a href=\"https:\/\/peakart.co.uk\/pl\/produkt\/wielki-zegar-na-sciane\/\">wielki zegar na \u015bcian\u0119<\/a> z naszej kolekcji &#8211; &#8220;Old Clipper&#8221;. Oba te niesamowite zegary maj\u0105 podobny kszta\u0142t tarczy i zapieraj\u0105cy dech w piersiach efekt &#8220;wow&#8221;. W przeciwie\u0144stwie do projektu zegara &#8220;Old Clipper&#8221; pi\u0119kny &#8220;Dark Horse&#8221; nie ma pe\u0142nego t\u0142a. Ma tylko w\u0105sk\u0105 drewnian\u0105 obr\u0119cz, kt\u00f3ra zapewnia niesamowity tr\u00f3jwymiarowy i lekki wygl\u0105d. Front tego zegara jest w ciemnych odcieniach i ma unikalny kszta\u0142t z niestandardowymi, r\u0119cznie rze\u017abionymi elementami. Wygl\u0105da bardzo tajemniczo i intryguj\u0105co i zapewni \u015bwietny temat do wielu rozm\u00f3w przy stole.<\/p>\n<p>&nbsp;<\/p>\n<p>Mechanizm zegara jest niezwykle cichy i potrzebuje jedynie pojedynczej baterii typu C-Cell. Zawsze przed wysy\u0142k\u0105 zdejmujemy wskaz\u00f3wki, aby zapobiec uszkodzeniom podczas transportu. Zach\u0119camy do obejrzenia tego <a href=\"https:\/\/www.youtube.com\/watch?v=08Tq0lKFs30\">kr\u00f3tkiego filmu<\/a>, w kt\u00f3rym pokazuj\u0119, w jaki spos\u00f3b powiniene\u015b zainstalowa\u0107 wskaz\u00f3wki i ustawi\u0107 czas.<\/p>\n<h2>Je\u017celi szukasz nietypowego elementu dekoracji to bardzo du\u017cy zegar z Peak Art b\u0119dzie idealnym wyborem<\/h2>\n<p>Wszystkie zegary \u015bcienne Peak Art s\u0105 wykonane z drewna i malowane r\u0119cznie. Na pewno przyjd\u0105 Ci do g\u0142owy, gdy zaczniesz dekorowa\u0107 lub rozbudowaywa\u0107 sw\u00f3j dom. Nasze zegary mo\u017cna zamontowa\u0107 w dowolnym pomieszczeniu w domu, o ile nie jest nara\u017cone na bezpo\u015brednie dzia\u0142anie \u017ar\u00f3de\u0142 ciep\u0142a lub wilgoci.<\/p>\n<p>W przeciwie\u0144stwie do du\u017cych zegar\u00f3w produkowanych fabrycznie, nasze produkty maj\u0105 naprawd\u0119 imponuj\u0105cy i unikalny wygl\u0105d. Dlatego wyb\u00f3r jednego z nich do dekoracji \u015bcian jest doskona\u0142ym pomys\u0142em. Podczas gdy wi\u0119kszo\u015b\u0107 ludzi mo\u017ce pomy\u015ble\u0107, \u017ce potrzebujesz du\u017cego obrazu lub lustra, my chcemy pokaza\u0107, \u017ce bardzo du\u017ce zegary to nie tylko urz\u0105dzenia czasu. Stanowi\u0105 one wspania\u0142y dodatek dekoratorski i dodaj\u0105 duszy ka\u017cdemu pomieszczeniu.<\/p>\n<p>Je\u015bli naprawd\u0119 szukasz czego\u015b innego, zach\u0119camy do przy\u0142\u0105czenia si\u0119 do naszej spo\u0142eczno\u015bci\u00a0<a href=\"https:\/\/www.facebook.com\/PeakArtClocks\/\">Facebook<\/a>. Tysi\u0105ce ludzi \u015bledzi nas, publikuj\u0105c komentarze i sugestie, a my chcieliby\u015bmy, aby\u015b by\u0142 jednym z nich.<\/p>\n","protected":false},"excerpt":{"rendered":"<p>&#8220;Dark Horse XL&#8221; to bardzo du\u017cy zegar, kt\u00f3ry wykonujemy r\u0119cznie z dw\u00f3ch du\u017cych paneli z drewna sosnowego. Zegar o wyrazistym charakterze i funkcjach wygl\u0105da niesamowicie na r\u0119cznie malowanym i rze\u017abionym tle. Przy ca\u0142kowitej \u015brednicy 120 cm &#8220;Dark Horse XL&#8221; b\u0119dzie g\u0142\u00f3wn\u0105 atrakcj\u0105 w Twoim stylowym otoczeniu. Cho\u0107 oryginalny design to 120 cm to mo\u017cemy teraz zaoferowa\u0107 dwa mniejsze rozmiary: 100 cm lub 75 cm. Wybierz wymagan\u0105 \u015brednic\u0119 z rozwijanej listy.<\/p>\n","protected":false},"featured_media":32285,"comment_status":"closed","ping_status":"closed","template":"","meta":[],"product_brand":[],"product_cat":[56],"product_tag":[50,65,53],"class_list":{"0":"post-5685","1":"product","2":"type-product","3":"status-publish","4":"has-post-thumbnail","6":"product_cat-duze-zegary-scienne","7":"product_tag-artystyczne-zegary-scienne","8":"product_tag-duze-zegary-dekoracyjne-na-sciane","9":"product_tag-zegary-drewniane-szkieletowe","10":"product_shipping_class-oversized-clocks-pl","12":"first","13":"instock","14":"sale","15":"taxable","16":"shipping-taxable","17":"purchasable","18":"product-type-variable"},"yoast_head":"<!-- This site is optimized with the Yoast SEO Premium plugin v27.2 (Yoast SEO v27.2) - https:\/\/yoast.com\/product\/yoast-seo-premium-wordpress\/ -->\n<title>Bardzo Du\u017cy Zegar Ozdobny Wykonany z Drewna i R\u0119cznie Malowany<\/title>\n<meta name=\"description\" content=\"Ten przepi\u0119kny bardzo du\u017cy zegar z drewna sosnowego niew\u0105tpliwie doda charakteru Twojemu otoczeniu\" \/>\n<meta name=\"robots\" content=\"index, follow, max-snippet:-1, max-image-preview:large, max-video-preview:-1\" \/>\n<link rel=\"canonical\" href=\"https:\/\/peakart.co.uk\/pl\/produkt\/bardzo-duzy-zegar\/\" \/>\n<meta property=\"og:locale\" content=\"pl_PL\" \/>\n<meta property=\"og:type\" content=\"article\" \/>\n<meta property=\"og:title\" content=\"Bardzo Du\u017cy Zegar Dekoracyjny z Drewna\" \/>\n<meta property=\"og:description\" content=\"Ten przepi\u0119kny bardzo du\u017cy zegar z drewna sosnowego niew\u0105tpliwie doda charakteru Twojemu otoczeniu\" \/>\n<meta property=\"og:url\" content=\"https:\/\/peakart.co.uk\/pl\/produkt\/bardzo-duzy-zegar\/\" \/>\n<meta property=\"og:site_name\" content=\"Peak Art\" \/>\n<meta property=\"article:publisher\" content=\"https:\/\/www.facebook.com\/PeakArtClocks\/\" \/>\n<meta property=\"article:modified_time\" content=\"2023-03-25T11:30:40+00:00\" \/>\n<meta property=\"og:image\" content=\"https:\/\/peakart.co.uk\/wp-content\/uploads\/2016\/04\/Giant-Handmade-Designer-Statement-Wall-Clock-Dark-Horse-2.jpg\" \/>\n\t<meta property=\"og:image:width\" content=\"900\" \/>\n\t<meta property=\"og:image:height\" content=\"874\" \/>\n\t<meta property=\"og:image:type\" content=\"image\/jpeg\" \/>\n<meta name=\"twitter:card\" content=\"summary_large_image\" \/>\n<meta name=\"twitter:label1\" content=\"Dost\u0119pno\u015b\u0107\" \/>\n\t<meta name=\"twitter:data1\" content=\"Dost\u0119pny\" \/>\n<script type=\"application\/ld+json\" class=\"yoast-schema-graph\">{\"@context\":\"https:\/\/schema.org\",\"@graph\":[{\"@type\":\"WebPage\",\"@id\":\"https:\/\/peakart.co.uk\/pl\/produkt\/bardzo-duzy-zegar\/\",\"url\":\"https:\/\/peakart.co.uk\/pl\/produkt\/bardzo-duzy-zegar\/\",\"name\":\"Bardzo Du\u017cy Zegar Ozdobny Wykonany z Drewna i R\u0119cznie Malowany\",\"isPartOf\":{\"@id\":\"https:\/\/peakart.co.uk\/de\/#website\"},\"primaryImageOfPage\":{\"@id\":\"https:\/\/peakart.co.uk\/pl\/produkt\/bardzo-duzy-zegar\/#primaryimage\"},\"image\":{\"@id\":\"https:\/\/peakart.co.uk\/pl\/produkt\/bardzo-duzy-zegar\/#primaryimage\"},\"thumbnailUrl\":\"https:\/\/peakart.co.uk\/wp-content\/uploads\/2016\/04\/Giant-Handmade-Designer-Statement-Wall-Clock-Dark-Horse-2.jpg\",\"datePublished\":\"2016-04-23T12:16:21+00:00\",\"dateModified\":\"2023-03-25T11:30:40+00:00\",\"description\":\"Ten przepi\u0119kny bardzo du\u017cy zegar z drewna sosnowego niew\u0105tpliwie doda charakteru Twojemu otoczeniu\",\"breadcrumb\":{\"@id\":\"https:\/\/peakart.co.uk\/pl\/produkt\/bardzo-duzy-zegar\/#breadcrumb\"},\"inLanguage\":\"pl-PL\",\"potentialAction\":[{\"@type\":\"ReadAction\",\"target\":[\"https:\/\/peakart.co.uk\/pl\/produkt\/bardzo-duzy-zegar\/\"]}]},{\"@type\":\"ImageObject\",\"inLanguage\":\"pl-PL\",\"@id\":\"https:\/\/peakart.co.uk\/pl\/produkt\/bardzo-duzy-zegar\/#primaryimage\",\"url\":\"https:\/\/peakart.co.uk\/wp-content\/uploads\/2016\/04\/Giant-Handmade-Designer-Statement-Wall-Clock-Dark-Horse-2.jpg\",\"contentUrl\":\"https:\/\/peakart.co.uk\/wp-content\/uploads\/2016\/04\/Giant-Handmade-Designer-Statement-Wall-Clock-Dark-Horse-2.jpg\",\"width\":900,\"height\":874},{\"@type\":\"BreadcrumbList\",\"@id\":\"https:\/\/peakart.co.uk\/pl\/produkt\/bardzo-duzy-zegar\/#breadcrumb\",\"itemListElement\":[{\"@type\":\"ListItem\",\"position\":1,\"name\":\"Home\",\"item\":\"https:\/\/peakart.co.uk\/pl\/\"},{\"@type\":\"ListItem\",\"position\":2,\"name\":\"Sklep\",\"item\":\"https:\/\/peakart.co.uk\/pl\/sklep\/\"},{\"@type\":\"ListItem\",\"position\":3,\"name\":\"Bardzo Du\u017cy Zegar Dekoracyjny z Drewna\"}]},{\"@type\":\"WebSite\",\"@id\":\"https:\/\/peakart.co.uk\/de\/#website\",\"url\":\"https:\/\/peakart.co.uk\/de\/\",\"name\":\"Peak Art\",\"description\":\"\",\"publisher\":{\"@id\":\"https:\/\/peakart.co.uk\/de\/#organization\"},\"potentialAction\":[{\"@type\":\"SearchAction\",\"target\":{\"@type\":\"EntryPoint\",\"urlTemplate\":\"https:\/\/peakart.co.uk\/de\/?s={search_term_string}\"},\"query-input\":{\"@type\":\"PropertyValueSpecification\",\"valueRequired\":true,\"valueName\":\"search_term_string\"}}],\"inLanguage\":\"pl-PL\"},{\"@type\":\"Organization\",\"@id\":\"https:\/\/peakart.co.uk\/de\/#organization\",\"name\":\"Peak Art\",\"url\":\"https:\/\/peakart.co.uk\/de\/\",\"logo\":{\"@type\":\"ImageObject\",\"inLanguage\":\"pl-PL\",\"@id\":\"https:\/\/peakart.co.uk\/de\/#\/schema\/logo\/image\/\",\"url\":\"https:\/\/peakart.co.uk\/wp-content\/uploads\/2023\/07\/logo-8.jpg\",\"contentUrl\":\"https:\/\/peakart.co.uk\/wp-content\/uploads\/2023\/07\/logo-8.jpg\",\"width\":666,\"height\":259,\"caption\":\"Peak Art\"},\"image\":{\"@id\":\"https:\/\/peakart.co.uk\/de\/#\/schema\/logo\/image\/\"},\"sameAs\":[\"https:\/\/www.facebook.com\/PeakArtClocks\/\"],\"hasMerchantReturnPolicy\":{\"@type\":\"MerchantReturnPolicy\",\"merchantReturnLink\":\"https:\/\/peakart.co.uk\/refund_returns\/\"}}]}<\/script>\n<meta property=\"og:availability\" content=\"instock\" \/>\n<meta property=\"product:availability\" content=\"instock\" \/>\n<meta property=\"product:retailer_item_id\" content=\"PEAKART-96538\" \/>\n<meta property=\"product:condition\" content=\"new\" \/>\n<!-- \/ Yoast SEO Premium plugin. -->","yoast_head_json":{"title":"Bardzo Du\u017cy Zegar Ozdobny Wykonany z Drewna i R\u0119cznie Malowany","description":"Ten przepi\u0119kny bardzo du\u017cy zegar z drewna sosnowego niew\u0105tpliwie doda charakteru Twojemu otoczeniu","robots":{"index":"index","follow":"follow","max-snippet":"max-snippet:-1","max-image-preview":"max-image-preview:large","max-video-preview":"max-video-preview:-1"},"canonical":"https:\/\/peakart.co.uk\/pl\/produkt\/bardzo-duzy-zegar\/","og_locale":"pl_PL","og_type":"article","og_title":"Bardzo Du\u017cy Zegar Dekoracyjny z Drewna","og_description":"Ten przepi\u0119kny bardzo du\u017cy zegar z drewna sosnowego niew\u0105tpliwie doda charakteru Twojemu otoczeniu","og_url":"https:\/\/peakart.co.uk\/pl\/produkt\/bardzo-duzy-zegar\/","og_site_name":"Peak Art","article_publisher":"https:\/\/www.facebook.com\/PeakArtClocks\/","article_modified_time":"2023-03-25T11:30:40+00:00","og_image":[{"width":900,"height":874,"url":"https:\/\/peakart.co.uk\/wp-content\/uploads\/2016\/04\/Giant-Handmade-Designer-Statement-Wall-Clock-Dark-Horse-2.jpg","type":"image\/jpeg"}],"twitter_card":"summary_large_image","twitter_misc":{"Dost\u0119pno\u015b\u0107":"Dost\u0119pny"},"schema":{"@context":"https:\/\/schema.org","@graph":[{"@type":"WebPage","@id":"https:\/\/peakart.co.uk\/pl\/produkt\/bardzo-duzy-zegar\/","url":"https:\/\/peakart.co.uk\/pl\/produkt\/bardzo-duzy-zegar\/","name":"Bardzo Du\u017cy Zegar Ozdobny Wykonany z Drewna i R\u0119cznie Malowany","isPartOf":{"@id":"https:\/\/peakart.co.uk\/de\/#website"},"primaryImageOfPage":{"@id":"https:\/\/peakart.co.uk\/pl\/produkt\/bardzo-duzy-zegar\/#primaryimage"},"image":{"@id":"https:\/\/peakart.co.uk\/pl\/produkt\/bardzo-duzy-zegar\/#primaryimage"},"thumbnailUrl":"https:\/\/peakart.co.uk\/wp-content\/uploads\/2016\/04\/Giant-Handmade-Designer-Statement-Wall-Clock-Dark-Horse-2.jpg","datePublished":"2016-04-23T12:16:21+00:00","dateModified":"2023-03-25T11:30:40+00:00","description":"Ten przepi\u0119kny bardzo du\u017cy zegar z drewna sosnowego niew\u0105tpliwie doda charakteru Twojemu otoczeniu","breadcrumb":{"@id":"https:\/\/peakart.co.uk\/pl\/produkt\/bardzo-duzy-zegar\/#breadcrumb"},"inLanguage":"pl-PL","potentialAction":[{"@type":"ReadAction","target":["https:\/\/peakart.co.uk\/pl\/produkt\/bardzo-duzy-zegar\/"]}]},{"@type":"ImageObject","inLanguage":"pl-PL","@id":"https:\/\/peakart.co.uk\/pl\/produkt\/bardzo-duzy-zegar\/#primaryimage","url":"https:\/\/peakart.co.uk\/wp-content\/uploads\/2016\/04\/Giant-Handmade-Designer-Statement-Wall-Clock-Dark-Horse-2.jpg","contentUrl":"https:\/\/peakart.co.uk\/wp-content\/uploads\/2016\/04\/Giant-Handmade-Designer-Statement-Wall-Clock-Dark-Horse-2.jpg","width":900,"height":874},{"@type":"BreadcrumbList","@id":"https:\/\/peakart.co.uk\/pl\/produkt\/bardzo-duzy-zegar\/#breadcrumb","itemListElement":[{"@type":"ListItem","position":1,"name":"Home","item":"https:\/\/peakart.co.uk\/pl\/"},{"@type":"ListItem","position":2,"name":"Sklep","item":"https:\/\/peakart.co.uk\/pl\/sklep\/"},{"@type":"ListItem","position":3,"name":"Bardzo Du\u017cy Zegar Dekoracyjny z Drewna"}]},{"@type":"WebSite","@id":"https:\/\/peakart.co.uk\/de\/#website","url":"https:\/\/peakart.co.uk\/de\/","name":"Peak Art","description":"","publisher":{"@id":"https:\/\/peakart.co.uk\/de\/#organization"},"potentialAction":[{"@type":"SearchAction","target":{"@type":"EntryPoint","urlTemplate":"https:\/\/peakart.co.uk\/de\/?s={search_term_string}"},"query-input":{"@type":"PropertyValueSpecification","valueRequired":true,"valueName":"search_term_string"}}],"inLanguage":"pl-PL"},{"@type":"Organization","@id":"https:\/\/peakart.co.uk\/de\/#organization","name":"Peak Art","url":"https:\/\/peakart.co.uk\/de\/","logo":{"@type":"ImageObject","inLanguage":"pl-PL","@id":"https:\/\/peakart.co.uk\/de\/#\/schema\/logo\/image\/","url":"https:\/\/peakart.co.uk\/wp-content\/uploads\/2023\/07\/logo-8.jpg","contentUrl":"https:\/\/peakart.co.uk\/wp-content\/uploads\/2023\/07\/logo-8.jpg","width":666,"height":259,"caption":"Peak Art"},"image":{"@id":"https:\/\/peakart.co.uk\/de\/#\/schema\/logo\/image\/"},"sameAs":["https:\/\/www.facebook.com\/PeakArtClocks\/"],"hasMerchantReturnPolicy":{"@type":"MerchantReturnPolicy","merchantReturnLink":"https:\/\/peakart.co.uk\/refund_returns\/"}}]},"og_availability":"instock","product_availability":"instock","product_retailer_item_id":"PEAKART-96538","product_condition":"new"},"_links":{"self":[{"href":"https:\/\/peakart.co.uk\/pl\/wp-json\/wp\/v2\/product\/5685","targetHints":{"allow":["GET"]}}],"collection":[{"href":"https:\/\/peakart.co.uk\/pl\/wp-json\/wp\/v2\/product"}],"about":[{"href":"https:\/\/peakart.co.uk\/pl\/wp-json\/wp\/v2\/types\/product"}],"replies":[{"embeddable":true,"href":"https:\/\/peakart.co.uk\/pl\/wp-json\/wp\/v2\/comments?post=5685"}],"wp:featuredmedia":[{"embeddable":true,"href":"https:\/\/peakart.co.uk\/pl\/wp-json\/wp\/v2\/media\/32285"}],"wp:attachment":[{"href":"https:\/\/peakart.co.uk\/pl\/wp-json\/wp\/v2\/media?parent=5685"}],"wp:term":[{"taxonomy":"product_brand","embeddable":true,"href":"https:\/\/peakart.co.uk\/pl\/wp-json\/wp\/v2\/product_brand?post=5685"},{"taxonomy":"product_cat","embeddable":true,"href":"https:\/\/peakart.co.uk\/pl\/wp-json\/wp\/v2\/product_cat?post=5685"},{"taxonomy":"product_tag","embeddable":true,"href":"https:\/\/peakart.co.uk\/pl\/wp-json\/wp\/v2\/product_tag?post=5685"}],"curies":[{"name":"wp","href":"https:\/\/api.w.org\/{rel}","templated":true}]}}