{"id":5684,"date":"2015-11-26T14:40:32","date_gmt":"2015-11-26T14:40:32","guid":{"rendered":"http:\/\/peakart.co.uk\/product\/intrygujacy-i-unikalny-zegar-drewniany\/"},"modified":"2023-03-25T20:04:27","modified_gmt":"2023-03-25T20:04:27","slug":"wielki-zegar-na-sciane","status":"publish","type":"product","link":"https:\/\/peakart.co.uk\/pl\/produkt\/wielki-zegar-na-sciane\/","title":{"rendered":"Wielki Zegar na \u015acian\u0119 Wykonany z Drewna"},"content":{"rendered":"<h2>Wielki zegar na \u015bcian\u0119 wykonany r\u0119cznie z drewna sosnowego<\/h2>\n<p>Projekt tego intryguj\u0105cego dzie\u0142a dekoratorskiego zosta\u0142 bardzo dok\u0142adnie przemy\u015blany. Ka\u017cdy jego element wykonany jest z artystyczn\u0105 wizj\u0105 i \u201eim perfekcj\u0105\u201d powoduj\u0105c efekt unikalno\u015bci i niepowtarzalno\u015bci. Tarcz\u0119 zegara tworz\u0105 dwa drewniane ko\u0142a w odcieniach br\u0105zu. W tylnym ja\u015bniejszym panelu wyrze\u017abione zosta\u0142y geometryczne wzory, na kt\u00f3re nachodzi przedni znacznie ciemniejszy panel drzewny. Ca\u0142o\u015b\u0107 tworzy niebanalne po\u0142\u0105czenie z intryguj\u0105cymi przej\u015bciami.<\/p>\n<p>Projekt tego zegara zosta\u0142 po raz pierwszy wykonany w oparciu o oryginalny\u00a0<a href=\"https:\/\/peakart.co.uk\/pl\/produkt\/zegar-scienny-designerski\/\">zegar \u015bcienny designerski<\/a>, kt\u00f3ry mia\u0142 \u015brednic\u0119 100 cm.\u00a0Tak jak wszystkie inne zegary z naszej kolekcji, ten wielki zegar na \u015bcian\u0119 wyposa\u017cony jest w mechanizm kwarcowy zasilany bateryjnie. Wed\u0142ug naszych statystyk, pojedyncza bateria C-Cell powinna wystarczy\u0107 na 9-12 miesi\u0119cy nieprzerwanej pracy.<\/p>\n<p>Drewniany, wielki zegar na \u015bcian\u0119 to prawdziwe artystyczne arcydzie\u0142o, kt\u00f3re idealnie sprawdzi si\u0119 u os\u00f3b, pragn\u0105cych wywo\u0142a\u0107 efekt zachwytu u swoich go\u015bci. Ten zjawiskowy egzemplarz stanowi fantastyczne dope\u0142nienie stylowych i designerskich mieszka\u0144, dom\u00f3w i biur. \u015awietnie wsp\u00f3\u0142gra zar\u00f3wno z klimatycznymi, starszymi, jak i nowocze\u015bnie urz\u0105dzonymi przestrzeniami.<\/p>\n<p>W\u0142asnor\u0119cznie tworzone zegary \u015bcienne s\u0105 r\u00f3wnie\u017c ciekawym pomys\u0142em na prezent dla rodziny lub znajomych. Zach\u0119camy do zapoznania si\u0119 z ca\u0142\u0105 kolekcj\u0105 Peak Art. Je\u015bli maj\u0105 Pa\u0144stwo natomiast szczeg\u00f3lne wymagania to bardzo ch\u0119tnie wykonam zegar wed\u0142ug indywidualnego zam\u00f3wienia.<\/p>\n","protected":false},"excerpt":{"rendered":"<p>Old Clipper XL \u2013 to wyj\u0105tkowy wielki zegar na \u015bcian\u0119 wykonany wed\u0142ug bardzo oryginalnego projektu. Ten egzemplarz, jak wszystkie inne arcydzie\u0142a w naszy sklepie, stworzony zosta\u0142 w\u0142asnor\u0119cznie z dw\u00f3ch paneli wysokiej klasy prawdziwego sosnowego drzewa.<\/p>\n<p><strong>Projekt i R\u0119czne Wykonanie<\/strong>\u00a0&#8211;\u00a0Anna Siodelska, Wielka Brytania<\/p>\n<p><strong>Front<\/strong> \u2013\u00a0Kolor d\u0119bu<\/p>\n<p><strong>Ty\u0142<\/strong> \u2013 Kolor d\u0119bu<\/p>\n","protected":false},"featured_media":32516,"comment_status":"open","ping_status":"closed","template":"","meta":[],"product_brand":[],"product_cat":[56],"product_tag":[50,65,2138,2672],"class_list":{"0":"post-5684","1":"product","2":"type-product","3":"status-publish","4":"has-post-thumbnail","6":"product_cat-duze-zegary-scienne","7":"product_tag-artystyczne-zegary-scienne","8":"product_tag-duze-zegary-dekoracyjne-na-sciane","9":"product_tag-duze-zegary-scienne","10":"product_tag-unikalne-duze-zegary-scienne","11":"product_shipping_class-oversized-clocks-pl","13":"first","14":"instock","15":"sale","16":"taxable","17":"shipping-taxable","18":"purchasable","19":"product-type-variable"},"yoast_head":"<!-- This site is optimized with the Yoast SEO Premium plugin v27.2 (Yoast SEO v27.2) - https:\/\/yoast.com\/product\/yoast-seo-premium-wordpress\/ -->\n<title>Wielki Zegar na \u015acian\u0119 Wykonany z Drewna - Peak Art<\/title>\n<meta name=\"description\" content=\"Ten Bardzo Wielki Zegar Na \u015acian\u0119 jest zaprojektowany na efekt &quot;wow&quot;. Dost\u0119pny w trzech rozmiarach.\" \/>\n<meta name=\"robots\" content=\"index, follow, max-snippet:-1, max-image-preview:large, max-video-preview:-1\" \/>\n<link rel=\"canonical\" href=\"https:\/\/peakart.co.uk\/pl\/produkt\/wielki-zegar-na-sciane\/\" \/>\n<meta property=\"og:locale\" content=\"pl_PL\" \/>\n<meta property=\"og:type\" content=\"article\" \/>\n<meta property=\"og:title\" content=\"Wielki Zegar na \u015acian\u0119 Wykonany z Drewna\" \/>\n<meta property=\"og:description\" content=\"Ten Bardzo Wielki Zegar Na \u015acian\u0119 jest zaprojektowany na efekt &quot;wow&quot;. Dost\u0119pny w trzech rozmiarach.\" \/>\n<meta property=\"og:url\" content=\"https:\/\/peakart.co.uk\/pl\/produkt\/wielki-zegar-na-sciane\/\" \/>\n<meta property=\"og:site_name\" content=\"Peak Art\" \/>\n<meta property=\"article:publisher\" content=\"https:\/\/www.facebook.com\/PeakArtClocks\/\" \/>\n<meta property=\"article:modified_time\" content=\"2023-03-25T20:04:27+00:00\" \/>\n<meta property=\"og:image\" content=\"https:\/\/peakart.co.uk\/wp-content\/uploads\/2015\/11\/IMG_2058-scaled-e1717229479186.jpg\" \/>\n\t<meta property=\"og:image:width\" content=\"2560\" \/>\n\t<meta property=\"og:image:height\" content=\"1707\" \/>\n\t<meta property=\"og:image:type\" content=\"image\/jpeg\" \/>\n<meta name=\"twitter:card\" content=\"summary_large_image\" \/>\n<meta name=\"twitter:label1\" content=\"Dost\u0119pno\u015b\u0107\" \/>\n\t<meta name=\"twitter:data1\" content=\"Dost\u0119pny\" \/>\n<script type=\"application\/ld+json\" class=\"yoast-schema-graph\">{\"@context\":\"https:\/\/schema.org\",\"@graph\":[{\"@type\":\"WebPage\",\"@id\":\"https:\/\/peakart.co.uk\/pl\/produkt\/wielki-zegar-na-sciane\/\",\"url\":\"https:\/\/peakart.co.uk\/pl\/produkt\/wielki-zegar-na-sciane\/\",\"name\":\"Wielki Zegar na \u015acian\u0119 Wykonany z Drewna - Peak Art\",\"isPartOf\":{\"@id\":\"https:\/\/peakart.co.uk\/de\/#website\"},\"primaryImageOfPage\":{\"@id\":\"https:\/\/peakart.co.uk\/pl\/produkt\/wielki-zegar-na-sciane\/#primaryimage\"},\"image\":{\"@id\":\"https:\/\/peakart.co.uk\/pl\/produkt\/wielki-zegar-na-sciane\/#primaryimage\"},\"thumbnailUrl\":\"https:\/\/peakart.co.uk\/wp-content\/uploads\/2015\/11\/IMG_2058-scaled-e1717229479186.jpg\",\"datePublished\":\"2015-11-26T14:40:32+00:00\",\"dateModified\":\"2023-03-25T20:04:27+00:00\",\"description\":\"Ten Bardzo Wielki Zegar Na \u015acian\u0119 jest zaprojektowany na efekt \\\"wow\\\". Dost\u0119pny w trzech rozmiarach.\",\"breadcrumb\":{\"@id\":\"https:\/\/peakart.co.uk\/pl\/produkt\/wielki-zegar-na-sciane\/#breadcrumb\"},\"inLanguage\":\"pl-PL\",\"potentialAction\":[{\"@type\":\"ReadAction\",\"target\":[\"https:\/\/peakart.co.uk\/pl\/produkt\/wielki-zegar-na-sciane\/\"]}]},{\"@type\":\"ImageObject\",\"inLanguage\":\"pl-PL\",\"@id\":\"https:\/\/peakart.co.uk\/pl\/produkt\/wielki-zegar-na-sciane\/#primaryimage\",\"url\":\"https:\/\/peakart.co.uk\/wp-content\/uploads\/2015\/11\/IMG_2058-scaled-e1717229479186.jpg\",\"contentUrl\":\"https:\/\/peakart.co.uk\/wp-content\/uploads\/2015\/11\/IMG_2058-scaled-e1717229479186.jpg\",\"width\":1706,\"height\":1706,\"caption\":\"big wall clock\"},{\"@type\":\"BreadcrumbList\",\"@id\":\"https:\/\/peakart.co.uk\/pl\/produkt\/wielki-zegar-na-sciane\/#breadcrumb\",\"itemListElement\":[{\"@type\":\"ListItem\",\"position\":1,\"name\":\"Home\",\"item\":\"https:\/\/peakart.co.uk\/pl\/\"},{\"@type\":\"ListItem\",\"position\":2,\"name\":\"Sklep\",\"item\":\"https:\/\/peakart.co.uk\/pl\/sklep\/\"},{\"@type\":\"ListItem\",\"position\":3,\"name\":\"Wielki Zegar na \u015acian\u0119 Wykonany z Drewna\"}]},{\"@type\":\"WebSite\",\"@id\":\"https:\/\/peakart.co.uk\/de\/#website\",\"url\":\"https:\/\/peakart.co.uk\/de\/\",\"name\":\"Peak Art\",\"description\":\"\",\"publisher\":{\"@id\":\"https:\/\/peakart.co.uk\/de\/#organization\"},\"potentialAction\":[{\"@type\":\"SearchAction\",\"target\":{\"@type\":\"EntryPoint\",\"urlTemplate\":\"https:\/\/peakart.co.uk\/de\/?s={search_term_string}\"},\"query-input\":{\"@type\":\"PropertyValueSpecification\",\"valueRequired\":true,\"valueName\":\"search_term_string\"}}],\"inLanguage\":\"pl-PL\"},{\"@type\":\"Organization\",\"@id\":\"https:\/\/peakart.co.uk\/de\/#organization\",\"name\":\"Peak Art\",\"url\":\"https:\/\/peakart.co.uk\/de\/\",\"logo\":{\"@type\":\"ImageObject\",\"inLanguage\":\"pl-PL\",\"@id\":\"https:\/\/peakart.co.uk\/de\/#\/schema\/logo\/image\/\",\"url\":\"https:\/\/peakart.co.uk\/wp-content\/uploads\/2023\/07\/logo-8.jpg\",\"contentUrl\":\"https:\/\/peakart.co.uk\/wp-content\/uploads\/2023\/07\/logo-8.jpg\",\"width\":666,\"height\":259,\"caption\":\"Peak Art\"},\"image\":{\"@id\":\"https:\/\/peakart.co.uk\/de\/#\/schema\/logo\/image\/\"},\"sameAs\":[\"https:\/\/www.facebook.com\/PeakArtClocks\/\"],\"hasMerchantReturnPolicy\":{\"@type\":\"MerchantReturnPolicy\",\"merchantReturnLink\":\"https:\/\/peakart.co.uk\/refund_returns\/\"}}]}<\/script>\n<meta property=\"og:availability\" content=\"instock\" \/>\n<meta property=\"product:availability\" content=\"instock\" \/>\n<meta property=\"product:retailer_item_id\" content=\"PEAKART-89581\" \/>\n<meta property=\"product:condition\" content=\"new\" \/>\n<!-- \/ Yoast SEO Premium plugin. -->","yoast_head_json":{"title":"Wielki Zegar na \u015acian\u0119 Wykonany z Drewna - Peak Art","description":"Ten Bardzo Wielki Zegar Na \u015acian\u0119 jest zaprojektowany na efekt \"wow\". Dost\u0119pny w trzech rozmiarach.","robots":{"index":"index","follow":"follow","max-snippet":"max-snippet:-1","max-image-preview":"max-image-preview:large","max-video-preview":"max-video-preview:-1"},"canonical":"https:\/\/peakart.co.uk\/pl\/produkt\/wielki-zegar-na-sciane\/","og_locale":"pl_PL","og_type":"article","og_title":"Wielki Zegar na \u015acian\u0119 Wykonany z Drewna","og_description":"Ten Bardzo Wielki Zegar Na \u015acian\u0119 jest zaprojektowany na efekt \"wow\". Dost\u0119pny w trzech rozmiarach.","og_url":"https:\/\/peakart.co.uk\/pl\/produkt\/wielki-zegar-na-sciane\/","og_site_name":"Peak Art","article_publisher":"https:\/\/www.facebook.com\/PeakArtClocks\/","article_modified_time":"2023-03-25T20:04:27+00:00","og_image":[{"width":2560,"height":1707,"url":"https:\/\/peakart.co.uk\/wp-content\/uploads\/2015\/11\/IMG_2058-scaled-e1717229479186.jpg","type":"image\/jpeg"}],"twitter_card":"summary_large_image","twitter_misc":{"Dost\u0119pno\u015b\u0107":"Dost\u0119pny"},"schema":{"@context":"https:\/\/schema.org","@graph":[{"@type":"WebPage","@id":"https:\/\/peakart.co.uk\/pl\/produkt\/wielki-zegar-na-sciane\/","url":"https:\/\/peakart.co.uk\/pl\/produkt\/wielki-zegar-na-sciane\/","name":"Wielki Zegar na \u015acian\u0119 Wykonany z Drewna - Peak Art","isPartOf":{"@id":"https:\/\/peakart.co.uk\/de\/#website"},"primaryImageOfPage":{"@id":"https:\/\/peakart.co.uk\/pl\/produkt\/wielki-zegar-na-sciane\/#primaryimage"},"image":{"@id":"https:\/\/peakart.co.uk\/pl\/produkt\/wielki-zegar-na-sciane\/#primaryimage"},"thumbnailUrl":"https:\/\/peakart.co.uk\/wp-content\/uploads\/2015\/11\/IMG_2058-scaled-e1717229479186.jpg","datePublished":"2015-11-26T14:40:32+00:00","dateModified":"2023-03-25T20:04:27+00:00","description":"Ten Bardzo Wielki Zegar Na \u015acian\u0119 jest zaprojektowany na efekt \"wow\". Dost\u0119pny w trzech rozmiarach.","breadcrumb":{"@id":"https:\/\/peakart.co.uk\/pl\/produkt\/wielki-zegar-na-sciane\/#breadcrumb"},"inLanguage":"pl-PL","potentialAction":[{"@type":"ReadAction","target":["https:\/\/peakart.co.uk\/pl\/produkt\/wielki-zegar-na-sciane\/"]}]},{"@type":"ImageObject","inLanguage":"pl-PL","@id":"https:\/\/peakart.co.uk\/pl\/produkt\/wielki-zegar-na-sciane\/#primaryimage","url":"https:\/\/peakart.co.uk\/wp-content\/uploads\/2015\/11\/IMG_2058-scaled-e1717229479186.jpg","contentUrl":"https:\/\/peakart.co.uk\/wp-content\/uploads\/2015\/11\/IMG_2058-scaled-e1717229479186.jpg","width":1706,"height":1706,"caption":"big wall clock"},{"@type":"BreadcrumbList","@id":"https:\/\/peakart.co.uk\/pl\/produkt\/wielki-zegar-na-sciane\/#breadcrumb","itemListElement":[{"@type":"ListItem","position":1,"name":"Home","item":"https:\/\/peakart.co.uk\/pl\/"},{"@type":"ListItem","position":2,"name":"Sklep","item":"https:\/\/peakart.co.uk\/pl\/sklep\/"},{"@type":"ListItem","position":3,"name":"Wielki Zegar na \u015acian\u0119 Wykonany z Drewna"}]},{"@type":"WebSite","@id":"https:\/\/peakart.co.uk\/de\/#website","url":"https:\/\/peakart.co.uk\/de\/","name":"Peak Art","description":"","publisher":{"@id":"https:\/\/peakart.co.uk\/de\/#organization"},"potentialAction":[{"@type":"SearchAction","target":{"@type":"EntryPoint","urlTemplate":"https:\/\/peakart.co.uk\/de\/?s={search_term_string}"},"query-input":{"@type":"PropertyValueSpecification","valueRequired":true,"valueName":"search_term_string"}}],"inLanguage":"pl-PL"},{"@type":"Organization","@id":"https:\/\/peakart.co.uk\/de\/#organization","name":"Peak Art","url":"https:\/\/peakart.co.uk\/de\/","logo":{"@type":"ImageObject","inLanguage":"pl-PL","@id":"https:\/\/peakart.co.uk\/de\/#\/schema\/logo\/image\/","url":"https:\/\/peakart.co.uk\/wp-content\/uploads\/2023\/07\/logo-8.jpg","contentUrl":"https:\/\/peakart.co.uk\/wp-content\/uploads\/2023\/07\/logo-8.jpg","width":666,"height":259,"caption":"Peak Art"},"image":{"@id":"https:\/\/peakart.co.uk\/de\/#\/schema\/logo\/image\/"},"sameAs":["https:\/\/www.facebook.com\/PeakArtClocks\/"],"hasMerchantReturnPolicy":{"@type":"MerchantReturnPolicy","merchantReturnLink":"https:\/\/peakart.co.uk\/refund_returns\/"}}]},"og_availability":"instock","product_availability":"instock","product_retailer_item_id":"PEAKART-89581","product_condition":"new"},"_links":{"self":[{"href":"https:\/\/peakart.co.uk\/pl\/wp-json\/wp\/v2\/product\/5684","targetHints":{"allow":["GET"]}}],"collection":[{"href":"https:\/\/peakart.co.uk\/pl\/wp-json\/wp\/v2\/product"}],"about":[{"href":"https:\/\/peakart.co.uk\/pl\/wp-json\/wp\/v2\/types\/product"}],"replies":[{"embeddable":true,"href":"https:\/\/peakart.co.uk\/pl\/wp-json\/wp\/v2\/comments?post=5684"}],"wp:featuredmedia":[{"embeddable":true,"href":"https:\/\/peakart.co.uk\/pl\/wp-json\/wp\/v2\/media\/32516"}],"wp:attachment":[{"href":"https:\/\/peakart.co.uk\/pl\/wp-json\/wp\/v2\/media?parent=5684"}],"wp:term":[{"taxonomy":"product_brand","embeddable":true,"href":"https:\/\/peakart.co.uk\/pl\/wp-json\/wp\/v2\/product_brand?post=5684"},{"taxonomy":"product_cat","embeddable":true,"href":"https:\/\/peakart.co.uk\/pl\/wp-json\/wp\/v2\/product_cat?post=5684"},{"taxonomy":"product_tag","embeddable":true,"href":"https:\/\/peakart.co.uk\/pl\/wp-json\/wp\/v2\/product_tag?post=5684"}],"curies":[{"name":"wp","href":"https:\/\/api.w.org\/{rel}","templated":true}]}}