{"id":5674,"date":"2016-01-26T16:01:38","date_gmt":"2016-01-26T16:01:38","guid":{"rendered":"http:\/\/peakart.co.uk\/product\/recznie-malowany-abstrakcyjny-zegar-scienny\/"},"modified":"2023-03-25T20:29:21","modified_gmt":"2023-03-25T20:29:21","slug":"recznie-malowany-zegar-scienny","status":"publish","type":"product","link":"https:\/\/peakart.co.uk\/pl\/produkt\/recznie-malowany-zegar-scienny\/","title":{"rendered":"Bardzo du\u017cy, malowany r\u0119cznie zegar \u015bcienny"},"content":{"rendered":"<h2>Pi\u0119kny, wyj\u0105tkowy, malowany r\u0119cznie zegar \u015bcienny<\/h2>\n<p>Ten abstrakcyjny, malowany r\u0119cznie zegar \u015bcienny to zdumiewaj\u0105ce, tr\u00f3jwymiarowe dzie\u0142o sztuki na \u015bcian\u0119, niepowtarzalne z uwagi na sw\u00f3j wyj\u0105tkowy charakter. Na jego powierzchni mieszaj\u0105 si\u0119 r\u00f3\u017cne kolory i wzory, w pi\u0119knej kompozycji. Pragniesz, by Tw\u00f3j salon nabra\u0142 bardziej wyrazistego charakteru? Szukasz takiego elementu dekoracyjnego, kt\u00f3rego nie spos\u00f3b znale\u017a\u0107 w zwyk\u0142ej witrynie sklepowej?<\/p>\n<p>My\u015blisz o du\u017cej ozdobie nie do znalezienia w innym miejscu na \u015bwiecie? Zegar \u201eAbstract\u201d wniesie wniesie \u017cyw\u0105, od\u015bwie\u017caj\u0105c\u0105 atmosfer\u0119 do stylowego wn\u0119trza i b\u0119dzie stanowi\u0107 wyra\u017any komunikat dla wszystkich go\u015bci.<\/p>\n<p>To masywny, malowany r\u0119cznie czasomierz, jeden z wielu <a href=\"https:\/\/peakart.co.uk\/pl\/tag-produktu\/artystyczne-zegary-scienne\/\">artystycznych zegar\u00f3w \u015bciennych<\/a> w kolekcji Peak Art. Kiedy mu si\u0119 bli\u017cej przyjrze\u0107, wida\u0107 jasno, \u017ce niemo\u017cliwo\u015bci\u0105 jest odtworzy\u0107 tak szczeg\u00f3\u0142owy i oryginalny projekt.<\/p>\n<p>Mechanizm zegara powsta\u0142 w oparciu o najbardziej efektywn\u0105 technologi\u0119 kwarcow\u0105, a zasilany jest pojedyncz\u0105 bateri\u0105 C. Przed wys\u0142aniem zegara demontujemy obie wskaz\u00f3wki, aby zapobiec ich uszkodzeniu w transporcie. W tym <a href=\"https:\/\/www.youtube.com\/watch?v=08Tq0lKFs30\">kr\u00f3tkim nagraniu wideo<\/a> pokazuj\u0119, jak zamontowa\u0107 wskaz\u00f3wki i ustawi\u0107 czas.<\/p>\n<h2>Malowany r\u0119cznie zegar \u015bcienny firmy Peak Art z pewno\u015bci\u0105 zrobi ogromne wra\u017cenie na go\u015bciach.<\/h2>\n<p>Zegary marki Peak Art mo\u017cna powiesi\u0107 w ka\u017cdym pomieszczeniu w domu, biurze, restauracji czy stylowym, wielopoziomowym apartamencie. Zawsze jednak nale\u017cy pami\u0119ta\u0107 o tym, by nie montowa\u0107 ich bezpo\u015brednio przy \u017ar\u00f3d\u0142ach wysokiej temperatury czy w wilgotnych miejscach.<\/p>\n<p>W firmie Peak Art specjalizujemy si\u0119 w produkcji najbardziej wyj\u0105tkowych zegar\u00f3w \u015bciennych na \u015bwiecie. Jako firma rodzinna staramy si\u0119 dostarcza\u0107 wykonanych r\u0119cznie produkt\u00f3w najwy\u017cszej jako\u015bci, jakich nigdy nie znajdzie si\u0119 u du\u017cych sprzedawc\u00f3w detalicznych. We wszystko, co robimy, wk\u0142adamy swoje serce i kupuj\u0105c u nas, nigdy si\u0119 nie zawiedziesz.<\/p>\n<p>Do\u0142\u0105cz do tysi\u0119cy os\u00f3b obserwuj\u0105cych <a href=\"https:\/\/www.facebook.com\/PeakArtClocks\/\">profil Peak Art Clocks w portalu Facebook<\/a> i pom\u00f3\u017c nam zmienia\u0107 trendy projektowania wn\u0119trz na ca\u0142ym \u015bwiecie.<\/p>\n","protected":false},"excerpt":{"rendered":"<p>Artystyczny zegar \u015bcienny \u201eAbstract\u201d zosta\u0142 wykonany i pomalowany r\u0119cznie. Na jego powierzchni mieszaj\u0105 si\u0119 r\u00f3\u017cne kolory i wzory, w pi\u0119knej kompozycji. Je\u015bli kto\u015b szuka wyra\u017anego elementu dekoracyjnego, kt\u00f3rego na pr\u00f3\u017cno szuka\u0107 gdzie indziej na \u015bwiecie, to trafi\u0142 w dobre miejsce. Ten zegar, o \u015brednicy 100 cm, wniesie \u017cyw\u0105, od\u015bwie\u017caj\u0105c\u0105 atmosfer\u0119 do stylowego wn\u0119trza.<\/p>\n<p><strong>Nagranie wideo<\/strong> \u2013 <a href=\"https:\/\/www.youtube.com\/watch?v=Eb-TILM6n60\">r\u0119cznie malowany zegar \u015bcienny w portalu Youtube<\/a><\/p>\n<p><strong>Projekt i r\u0119czne wykonanie<\/strong> \u2013 Anna Siodelska, Wielka Brytania<\/p>\n<p><strong>Kolor tarczy<\/strong> \u2013 abstrakcyjny<\/p>\n<p><strong>Kolor t\u0142a<\/strong> \u2013 abstrakcyjny<\/p>\n","protected":false},"featured_media":31076,"comment_status":"open","ping_status":"closed","template":"","meta":[],"product_brand":[],"product_cat":[56],"product_tag":[50],"class_list":{"0":"post-5674","1":"product","2":"type-product","3":"status-publish","4":"has-post-thumbnail","6":"product_cat-duze-zegary-scienne","7":"product_tag-artystyczne-zegary-scienne","8":"product_shipping_class-oversized-clocks-pl","10":"first","11":"outofstock","12":"sale","13":"sold-individually","14":"taxable","15":"shipping-taxable","16":"purchasable","17":"product-type-simple"},"yoast_head":"<!-- This site is optimized with the Yoast SEO Premium plugin v27.2 (Yoast SEO v27.2) - https:\/\/yoast.com\/product\/yoast-seo-premium-wordpress\/ -->\n<title>R\u0119cznie Malowany Zegar \u015acienny. Wyj\u0105tkowy element dekoracyjny.<\/title>\n<meta name=\"description\" content=\"Abstrakcyjny, malowany r\u0119cznie zegar \u015bcienny to wspania\u0142y, du\u017cy element dekoracyjny na \u015bcian\u0119, wyj\u0105tkowy i absolutnie niepowtarzalny. O \u015brednicy 100 cm i wadze 12 kg\" \/>\n<meta name=\"robots\" content=\"index, follow, max-snippet:-1, max-image-preview:large, max-video-preview:-1\" \/>\n<link rel=\"canonical\" href=\"https:\/\/peakart.co.uk\/pl\/produkt\/recznie-malowany-zegar-scienny\/\" \/>\n<meta property=\"og:locale\" content=\"pl_PL\" \/>\n<meta property=\"og:type\" content=\"article\" \/>\n<meta property=\"og:title\" content=\"Bardzo du\u017cy, malowany r\u0119cznie zegar \u015bcienny\" \/>\n<meta property=\"og:description\" content=\"Abstrakcyjny, malowany r\u0119cznie zegar \u015bcienny to wspania\u0142y, du\u017cy element dekoracyjny na \u015bcian\u0119, wyj\u0105tkowy i absolutnie niepowtarzalny. O \u015brednicy 100 cm i wadze 12 kg\" \/>\n<meta property=\"og:url\" content=\"https:\/\/peakart.co.uk\/pl\/produkt\/recznie-malowany-zegar-scienny\/\" \/>\n<meta property=\"og:site_name\" content=\"Peak Art\" \/>\n<meta property=\"article:publisher\" content=\"https:\/\/www.facebook.com\/PeakArtClocks\/\" \/>\n<meta property=\"article:modified_time\" content=\"2023-03-25T20:29:21+00:00\" \/>\n<meta property=\"og:image\" content=\"https:\/\/peakart.co.uk\/wp-content\/uploads\/2016\/01\/Abstract-Front-400x400.jpg\" \/>\n\t<meta property=\"og:image:width\" content=\"400\" \/>\n\t<meta property=\"og:image:height\" content=\"400\" \/>\n\t<meta property=\"og:image:type\" content=\"image\/jpeg\" \/>\n<meta name=\"twitter:card\" content=\"summary_large_image\" \/>\n<meta name=\"twitter:label1\" content=\"Cena\" \/>\n\t<meta name=\"twitter:data1\" content=\"2,900&#122;&#322;\" \/>\n\t<meta name=\"twitter:label2\" content=\"Dost\u0119pno\u015b\u0107\" \/>\n\t<meta name=\"twitter:data2\" content=\"Brak w magazynie\" \/>\n<script type=\"application\/ld+json\" class=\"yoast-schema-graph\">{\"@context\":\"https:\/\/schema.org\",\"@graph\":[{\"@type\":\"WebPage\",\"@id\":\"https:\/\/peakart.co.uk\/pl\/produkt\/recznie-malowany-zegar-scienny\/\",\"url\":\"https:\/\/peakart.co.uk\/pl\/produkt\/recznie-malowany-zegar-scienny\/\",\"name\":\"R\u0119cznie Malowany Zegar \u015acienny. Wyj\u0105tkowy element dekoracyjny.\",\"isPartOf\":{\"@id\":\"https:\/\/peakart.co.uk\/de\/#website\"},\"primaryImageOfPage\":{\"@id\":\"https:\/\/peakart.co.uk\/pl\/produkt\/recznie-malowany-zegar-scienny\/#primaryimage\"},\"image\":{\"@id\":\"https:\/\/peakart.co.uk\/pl\/produkt\/recznie-malowany-zegar-scienny\/#primaryimage\"},\"thumbnailUrl\":\"https:\/\/peakart.co.uk\/wp-content\/uploads\/2016\/01\/Abstract-Front-400x400.jpg\",\"datePublished\":\"2016-01-26T16:01:38+00:00\",\"dateModified\":\"2023-03-25T20:29:21+00:00\",\"description\":\"Abstrakcyjny, malowany r\u0119cznie zegar \u015bcienny to wspania\u0142y, du\u017cy element dekoracyjny na \u015bcian\u0119, wyj\u0105tkowy i absolutnie niepowtarzalny. O \u015brednicy 100 cm i wadze 12 kg\",\"breadcrumb\":{\"@id\":\"https:\/\/peakart.co.uk\/pl\/produkt\/recznie-malowany-zegar-scienny\/#breadcrumb\"},\"inLanguage\":\"pl-PL\",\"potentialAction\":[{\"@type\":\"ReadAction\",\"target\":[\"https:\/\/peakart.co.uk\/pl\/produkt\/recznie-malowany-zegar-scienny\/\"]}]},{\"@type\":\"ImageObject\",\"inLanguage\":\"pl-PL\",\"@id\":\"https:\/\/peakart.co.uk\/pl\/produkt\/recznie-malowany-zegar-scienny\/#primaryimage\",\"url\":\"https:\/\/peakart.co.uk\/wp-content\/uploads\/2016\/01\/Abstract-Front-400x400.jpg\",\"contentUrl\":\"https:\/\/peakart.co.uk\/wp-content\/uploads\/2016\/01\/Abstract-Front-400x400.jpg\",\"width\":400,\"height\":400,\"caption\":\"Peak Art - Abstract\"},{\"@type\":\"BreadcrumbList\",\"@id\":\"https:\/\/peakart.co.uk\/pl\/produkt\/recznie-malowany-zegar-scienny\/#breadcrumb\",\"itemListElement\":[{\"@type\":\"ListItem\",\"position\":1,\"name\":\"Home\",\"item\":\"https:\/\/peakart.co.uk\/pl\/\"},{\"@type\":\"ListItem\",\"position\":2,\"name\":\"Sklep\",\"item\":\"https:\/\/peakart.co.uk\/pl\/sklep\/\"},{\"@type\":\"ListItem\",\"position\":3,\"name\":\"Bardzo du\u017cy, malowany r\u0119cznie zegar \u015bcienny\"}]},{\"@type\":\"WebSite\",\"@id\":\"https:\/\/peakart.co.uk\/de\/#website\",\"url\":\"https:\/\/peakart.co.uk\/de\/\",\"name\":\"Peak Art\",\"description\":\"\",\"publisher\":{\"@id\":\"https:\/\/peakart.co.uk\/de\/#organization\"},\"potentialAction\":[{\"@type\":\"SearchAction\",\"target\":{\"@type\":\"EntryPoint\",\"urlTemplate\":\"https:\/\/peakart.co.uk\/de\/?s={search_term_string}\"},\"query-input\":{\"@type\":\"PropertyValueSpecification\",\"valueRequired\":true,\"valueName\":\"search_term_string\"}}],\"inLanguage\":\"pl-PL\"},{\"@type\":\"Organization\",\"@id\":\"https:\/\/peakart.co.uk\/de\/#organization\",\"name\":\"Peak Art\",\"url\":\"https:\/\/peakart.co.uk\/de\/\",\"logo\":{\"@type\":\"ImageObject\",\"inLanguage\":\"pl-PL\",\"@id\":\"https:\/\/peakart.co.uk\/de\/#\/schema\/logo\/image\/\",\"url\":\"https:\/\/peakart.co.uk\/wp-content\/uploads\/2023\/07\/logo-8.jpg\",\"contentUrl\":\"https:\/\/peakart.co.uk\/wp-content\/uploads\/2023\/07\/logo-8.jpg\",\"width\":666,\"height\":259,\"caption\":\"Peak Art\"},\"image\":{\"@id\":\"https:\/\/peakart.co.uk\/de\/#\/schema\/logo\/image\/\"},\"sameAs\":[\"https:\/\/www.facebook.com\/PeakArtClocks\/\"],\"hasMerchantReturnPolicy\":{\"@type\":\"MerchantReturnPolicy\",\"merchantReturnLink\":\"https:\/\/peakart.co.uk\/refund_returns\/\"}}]}<\/script>\n<meta property=\"product:price:amount\" content=\"2900\" \/>\n<meta property=\"product:price:currency\" content=\"PLN\" \/>\n<meta property=\"og:availability\" content=\"out of stock\" \/>\n<meta property=\"product:availability\" content=\"out of stock\" \/>\n<meta property=\"product:retailer_item_id\" content=\"PEAKART-82854\" \/>\n<meta property=\"product:condition\" content=\"new\" \/>\n<!-- \/ Yoast SEO Premium plugin. -->","yoast_head_json":{"title":"R\u0119cznie Malowany Zegar \u015acienny. Wyj\u0105tkowy element dekoracyjny.","description":"Abstrakcyjny, malowany r\u0119cznie zegar \u015bcienny to wspania\u0142y, du\u017cy element dekoracyjny na \u015bcian\u0119, wyj\u0105tkowy i absolutnie niepowtarzalny. O \u015brednicy 100 cm i wadze 12 kg","robots":{"index":"index","follow":"follow","max-snippet":"max-snippet:-1","max-image-preview":"max-image-preview:large","max-video-preview":"max-video-preview:-1"},"canonical":"https:\/\/peakart.co.uk\/pl\/produkt\/recznie-malowany-zegar-scienny\/","og_locale":"pl_PL","og_type":"article","og_title":"Bardzo du\u017cy, malowany r\u0119cznie zegar \u015bcienny","og_description":"Abstrakcyjny, malowany r\u0119cznie zegar \u015bcienny to wspania\u0142y, du\u017cy element dekoracyjny na \u015bcian\u0119, wyj\u0105tkowy i absolutnie niepowtarzalny. O \u015brednicy 100 cm i wadze 12 kg","og_url":"https:\/\/peakart.co.uk\/pl\/produkt\/recznie-malowany-zegar-scienny\/","og_site_name":"Peak Art","article_publisher":"https:\/\/www.facebook.com\/PeakArtClocks\/","article_modified_time":"2023-03-25T20:29:21+00:00","og_image":[{"width":400,"height":400,"url":"https:\/\/peakart.co.uk\/wp-content\/uploads\/2016\/01\/Abstract-Front-400x400.jpg","type":"image\/jpeg"}],"twitter_card":"summary_large_image","twitter_misc":{"Cena":"2,900&#122;&#322;","Dost\u0119pno\u015b\u0107":"Brak w magazynie"},"schema":{"@context":"https:\/\/schema.org","@graph":[{"@type":"WebPage","@id":"https:\/\/peakart.co.uk\/pl\/produkt\/recznie-malowany-zegar-scienny\/","url":"https:\/\/peakart.co.uk\/pl\/produkt\/recznie-malowany-zegar-scienny\/","name":"R\u0119cznie Malowany Zegar \u015acienny. Wyj\u0105tkowy element dekoracyjny.","isPartOf":{"@id":"https:\/\/peakart.co.uk\/de\/#website"},"primaryImageOfPage":{"@id":"https:\/\/peakart.co.uk\/pl\/produkt\/recznie-malowany-zegar-scienny\/#primaryimage"},"image":{"@id":"https:\/\/peakart.co.uk\/pl\/produkt\/recznie-malowany-zegar-scienny\/#primaryimage"},"thumbnailUrl":"https:\/\/peakart.co.uk\/wp-content\/uploads\/2016\/01\/Abstract-Front-400x400.jpg","datePublished":"2016-01-26T16:01:38+00:00","dateModified":"2023-03-25T20:29:21+00:00","description":"Abstrakcyjny, malowany r\u0119cznie zegar \u015bcienny to wspania\u0142y, du\u017cy element dekoracyjny na \u015bcian\u0119, wyj\u0105tkowy i absolutnie niepowtarzalny. O \u015brednicy 100 cm i wadze 12 kg","breadcrumb":{"@id":"https:\/\/peakart.co.uk\/pl\/produkt\/recznie-malowany-zegar-scienny\/#breadcrumb"},"inLanguage":"pl-PL","potentialAction":[{"@type":"ReadAction","target":["https:\/\/peakart.co.uk\/pl\/produkt\/recznie-malowany-zegar-scienny\/"]}]},{"@type":"ImageObject","inLanguage":"pl-PL","@id":"https:\/\/peakart.co.uk\/pl\/produkt\/recznie-malowany-zegar-scienny\/#primaryimage","url":"https:\/\/peakart.co.uk\/wp-content\/uploads\/2016\/01\/Abstract-Front-400x400.jpg","contentUrl":"https:\/\/peakart.co.uk\/wp-content\/uploads\/2016\/01\/Abstract-Front-400x400.jpg","width":400,"height":400,"caption":"Peak Art - Abstract"},{"@type":"BreadcrumbList","@id":"https:\/\/peakart.co.uk\/pl\/produkt\/recznie-malowany-zegar-scienny\/#breadcrumb","itemListElement":[{"@type":"ListItem","position":1,"name":"Home","item":"https:\/\/peakart.co.uk\/pl\/"},{"@type":"ListItem","position":2,"name":"Sklep","item":"https:\/\/peakart.co.uk\/pl\/sklep\/"},{"@type":"ListItem","position":3,"name":"Bardzo du\u017cy, malowany r\u0119cznie zegar \u015bcienny"}]},{"@type":"WebSite","@id":"https:\/\/peakart.co.uk\/de\/#website","url":"https:\/\/peakart.co.uk\/de\/","name":"Peak Art","description":"","publisher":{"@id":"https:\/\/peakart.co.uk\/de\/#organization"},"potentialAction":[{"@type":"SearchAction","target":{"@type":"EntryPoint","urlTemplate":"https:\/\/peakart.co.uk\/de\/?s={search_term_string}"},"query-input":{"@type":"PropertyValueSpecification","valueRequired":true,"valueName":"search_term_string"}}],"inLanguage":"pl-PL"},{"@type":"Organization","@id":"https:\/\/peakart.co.uk\/de\/#organization","name":"Peak Art","url":"https:\/\/peakart.co.uk\/de\/","logo":{"@type":"ImageObject","inLanguage":"pl-PL","@id":"https:\/\/peakart.co.uk\/de\/#\/schema\/logo\/image\/","url":"https:\/\/peakart.co.uk\/wp-content\/uploads\/2023\/07\/logo-8.jpg","contentUrl":"https:\/\/peakart.co.uk\/wp-content\/uploads\/2023\/07\/logo-8.jpg","width":666,"height":259,"caption":"Peak Art"},"image":{"@id":"https:\/\/peakart.co.uk\/de\/#\/schema\/logo\/image\/"},"sameAs":["https:\/\/www.facebook.com\/PeakArtClocks\/"],"hasMerchantReturnPolicy":{"@type":"MerchantReturnPolicy","merchantReturnLink":"https:\/\/peakart.co.uk\/refund_returns\/"}}]},"product_price_amount":"2900","product_price_currency":"PLN","og_availability":"out of stock","product_availability":"out of stock","product_retailer_item_id":"PEAKART-82854","product_condition":"new"},"_links":{"self":[{"href":"https:\/\/peakart.co.uk\/pl\/wp-json\/wp\/v2\/product\/5674","targetHints":{"allow":["GET"]}}],"collection":[{"href":"https:\/\/peakart.co.uk\/pl\/wp-json\/wp\/v2\/product"}],"about":[{"href":"https:\/\/peakart.co.uk\/pl\/wp-json\/wp\/v2\/types\/product"}],"replies":[{"embeddable":true,"href":"https:\/\/peakart.co.uk\/pl\/wp-json\/wp\/v2\/comments?post=5674"}],"wp:featuredmedia":[{"embeddable":true,"href":"https:\/\/peakart.co.uk\/pl\/wp-json\/wp\/v2\/media\/31076"}],"wp:attachment":[{"href":"https:\/\/peakart.co.uk\/pl\/wp-json\/wp\/v2\/media?parent=5674"}],"wp:term":[{"taxonomy":"product_brand","embeddable":true,"href":"https:\/\/peakart.co.uk\/pl\/wp-json\/wp\/v2\/product_brand?post=5674"},{"taxonomy":"product_cat","embeddable":true,"href":"https:\/\/peakart.co.uk\/pl\/wp-json\/wp\/v2\/product_cat?post=5674"},{"taxonomy":"product_tag","embeddable":true,"href":"https:\/\/peakart.co.uk\/pl\/wp-json\/wp\/v2\/product_tag?post=5674"}],"curies":[{"name":"wp","href":"https:\/\/api.w.org\/{rel}","templated":true}]}}