{"id":5673,"date":"2016-03-01T19:02:01","date_gmt":"2016-03-01T19:02:01","guid":{"rendered":"http:\/\/peakart.co.uk\/product\/antyczny-zegar-scienny-z-cyframi-rzymskimi\/"},"modified":"2025-01-23T17:35:48","modified_gmt":"2025-01-23T17:35:48","slug":"zegar-scienny-rustykalny","status":"publish","type":"product","link":"https:\/\/peakart.co.uk\/pl\/produkt\/zegar-scienny-rustykalny\/","title":{"rendered":"Pi\u0119kny Zegar \u015acienny Rustykalny"},"content":{"rendered":"<h2>Zegar \u015bcienny rustykalny z pi\u0119knymi cyframi rzymskimi<\/h2>\n<p>Ten nietypowy, imponuj\u0105cy zegar \u015bcienny o wygl\u0105dzie rustykalnym zosta\u0142 po raz pierwszy wykonany w 2015 roku. Prz\u00f3d to r\u0119cznie wyci\u0119ta z pojedynczego panelu drewna sosnowego tarcza. Ty\u0142 r\u00f3wnie\u017c drewniany i r\u0119cznie malowany jest przykr\u0119cony do obr\u0119czy. Jego solidna konstrukcja i unikalny wygl\u0105d na pewno przyci\u0105gnie uwag\u0119 Pa\u0144stwa go\u015bci i bedzie stanowi\u0107 centraln\u0105 dekoracje w Waszym salonie.<\/p>\n<p>Tak jak ka\u017cdy z naszych r\u0119cznie wykonanych czasomierzy, ten rustykalny zegar \u015bcienny wyposa\u017cony jest w cichy mechanizm.\u00a0Do zasilania potrzebna jest pojednycza bateri\u0105 typu C-Cell, kt\u00f3ra powinna wystarczy\u0107 na 9-12 miesi\u0119cy pracy. Aby unikn\u0105\u0107 uszkodze\u0144 w trakcie transportu, przed wys\u0142aniem zawsze demontujemy obie wskaz\u00f3wki. Razem z zegarem wysy\u0142amy Pa\u0144stwu szczeg\u00f3\u0142owe instrukcje dotycz\u0105ce instalacji wskaz\u00f3wek i ustawienia czasu.<\/p>\n<p>Zegary Peak Art to przepi\u0119kne dzie\u0142a sztuki u\u017cytkowej, kt\u00f3re nie tylko pozwalaj\u0105 mierzy\u0107 czas ale r\u00f3wnie\u017c nadaj\u0105 niesamowitego charakteru ka\u017cdemu wn\u0119trzu. Ich niepowtarzalny urok jest ceniony przez wielu klient\u00f3w na ca\u0142ym \u015bwiecie.\u00a0Zapraszam na\u00a0<a href=\"https:\/\/www.facebook.com\/PeakArtClocks\/\">Stron\u0119 Facebook<\/a>, na kt\u00f3rej tysi\u0105ce ludzi do\u0142\u0105czy\u0142o do Peak Art by wyra\u017ca\u0107 swoje opinie b\u0105d\u017a ogl\u0105da\u0107 kolejne projekty zegar\u00f3w. Wiele z nich zosta\u0142o zaprojektowane na specjalne \u017cyczenie naszych klient\u00f3w dlatego zawsze jeste\u015bmy otwarci na nowe pomys\u0142y dotycz\u0105ce kszta\u0142tu b\u0105d\u017a odcieni, kt\u00f3re mog\u0105 Pa\u0144stwu bardziej odpowiada\u0107.<\/p>\n","protected":false},"excerpt":{"rendered":"<p>Ten niezwyk\u0142y rustykalny zegar \u015bcienny\u00a0o \u015brednicy 100 cm zosta\u0142 zaprojektowany do wystroj\u00f3w, kt\u00f3re cz\u0119sto mo\u017cna spotka\u0107 na tradycyjnej Polskiej wsi. Ma intryguj\u0105cy i przyjemny dla oka wygl\u0105d i niew\u0105tpliwie doda uroku ka\u017cdemu pomieszczeniu. Oryginalnie zaprojektowany ze \u015brednic\u0105 100 cm, teraz r\u00f3wnie\u017c dost\u0119pny w wersjach 75 cm lub 120 cm.<\/p>\n<p><b>Projekt i R\u0119czne Wykonanie<\/b>\u00a0&#8211;\u00a0Anna Siodelska<\/p>\n<p><strong>Front<\/strong> \u2013 Ciemny \/ D\u0105b<\/p>\n<p><strong>T\u0142o<\/strong> \u2013 Kolor Ciemnego Piwa<\/p>\n<p><strong>Uwaga \u2013 <\/strong>Rozmiar 75 cm ma troche inne kszta\u0142ty cyfr aby nie by\u0142y zbyt w\u0105skie. Przyk\u0142adowe zdj\u0119cie z innego projektu znajduje si\u0119\u00a0<a href=\"https:\/\/peakart.co.uk\/wp-content\/uploads\/2017\/09\/Unique-Large-Rustic-Grey-Wooden-Wall-Clock-Left.jpg\">Tutaj<\/a><\/p>\n","protected":false},"featured_media":33854,"comment_status":"open","ping_status":"closed","template":"","meta":[],"product_brand":[],"product_cat":[56],"product_tag":[50,65,2138,68,2672],"class_list":{"0":"post-5673","1":"product","2":"type-product","3":"status-publish","4":"has-post-thumbnail","6":"product_cat-duze-zegary-scienne","7":"product_tag-artystyczne-zegary-scienne","8":"product_tag-duze-zegary-dekoracyjne-na-sciane","9":"product_tag-duze-zegary-scienne","10":"product_tag-drewniane-zegary-scienne-z-cyframi-rzymskimi","11":"product_tag-unikalne-duze-zegary-scienne","12":"product_shipping_class-oversized-clocks-pl","14":"first","15":"instock","16":"sale","17":"taxable","18":"shipping-taxable","19":"purchasable","20":"product-type-variable"},"yoast_head":"<!-- This site is optimized with the Yoast SEO Premium plugin v27.2 (Yoast SEO v27.2) - https:\/\/yoast.com\/product\/yoast-seo-premium-wordpress\/ -->\n<title>Zegar \u015acienny Rustykalny z Pi\u0119knymi Cyframi Rzymskimi<\/title>\n<meta name=\"description\" content=\"Nasz Zegar \u015acienny Rustykalny to idealny dodatek dekoratorski do Twojego salonu.\" \/>\n<meta name=\"robots\" content=\"index, follow, max-snippet:-1, max-image-preview:large, max-video-preview:-1\" \/>\n<link rel=\"canonical\" href=\"https:\/\/peakart.co.uk\/pl\/produkt\/zegar-scienny-rustykalny\/\" \/>\n<meta property=\"og:locale\" content=\"pl_PL\" \/>\n<meta property=\"og:type\" content=\"article\" \/>\n<meta property=\"og:title\" content=\"Pi\u0119kny Zegar \u015acienny Rustykalny\" \/>\n<meta property=\"og:description\" content=\"Nasz Zegar \u015acienny Rustykalny to idealny dodatek dekoratorski do Twojego salonu.\" \/>\n<meta property=\"og:url\" content=\"https:\/\/peakart.co.uk\/pl\/produkt\/zegar-scienny-rustykalny\/\" \/>\n<meta property=\"og:site_name\" content=\"Peak Art\" \/>\n<meta property=\"article:publisher\" content=\"https:\/\/www.facebook.com\/PeakArtClocks\/\" \/>\n<meta property=\"article:modified_time\" content=\"2025-01-23T17:35:48+00:00\" \/>\n<meta property=\"og:image\" content=\"https:\/\/peakart.co.uk\/wp-content\/uploads\/2016\/03\/big-rustic-wall-clock-scaled-e1736451552391.jpg\" \/>\n\t<meta property=\"og:image:width\" content=\"1920\" \/>\n\t<meta property=\"og:image:height\" content=\"1830\" \/>\n\t<meta property=\"og:image:type\" content=\"image\/jpeg\" \/>\n<meta name=\"twitter:card\" content=\"summary_large_image\" \/>\n<meta name=\"twitter:label1\" content=\"Dost\u0119pno\u015b\u0107\" \/>\n\t<meta name=\"twitter:data1\" content=\"Dost\u0119pny\" \/>\n<script type=\"application\/ld+json\" class=\"yoast-schema-graph\">{\"@context\":\"https:\/\/schema.org\",\"@graph\":[{\"@type\":\"WebPage\",\"@id\":\"https:\/\/peakart.co.uk\/pl\/produkt\/zegar-scienny-rustykalny\/\",\"url\":\"https:\/\/peakart.co.uk\/pl\/produkt\/zegar-scienny-rustykalny\/\",\"name\":\"Zegar \u015acienny Rustykalny z Pi\u0119knymi Cyframi Rzymskimi\",\"isPartOf\":{\"@id\":\"https:\/\/peakart.co.uk\/de\/#website\"},\"primaryImageOfPage\":{\"@id\":\"https:\/\/peakart.co.uk\/pl\/produkt\/zegar-scienny-rustykalny\/#primaryimage\"},\"image\":{\"@id\":\"https:\/\/peakart.co.uk\/pl\/produkt\/zegar-scienny-rustykalny\/#primaryimage\"},\"thumbnailUrl\":\"https:\/\/peakart.co.uk\/wp-content\/uploads\/2016\/03\/extraordinary-rustic-wall-clock-from-wood-scaled.jpg\",\"datePublished\":\"2016-03-01T19:02:01+00:00\",\"dateModified\":\"2025-01-23T17:35:48+00:00\",\"description\":\"Nasz Zegar \u015acienny Rustykalny to idealny dodatek dekoratorski do Twojego salonu.\",\"breadcrumb\":{\"@id\":\"https:\/\/peakart.co.uk\/pl\/produkt\/zegar-scienny-rustykalny\/#breadcrumb\"},\"inLanguage\":\"pl-PL\",\"potentialAction\":[{\"@type\":\"ReadAction\",\"target\":[\"https:\/\/peakart.co.uk\/pl\/produkt\/zegar-scienny-rustykalny\/\"]}]},{\"@type\":\"ImageObject\",\"inLanguage\":\"pl-PL\",\"@id\":\"https:\/\/peakart.co.uk\/pl\/produkt\/zegar-scienny-rustykalny\/#primaryimage\",\"url\":\"https:\/\/peakart.co.uk\/wp-content\/uploads\/2016\/03\/extraordinary-rustic-wall-clock-from-wood-scaled.jpg\",\"contentUrl\":\"https:\/\/peakart.co.uk\/wp-content\/uploads\/2016\/03\/extraordinary-rustic-wall-clock-from-wood-scaled.jpg\",\"width\":2560,\"height\":1725,\"caption\":\"extraordinary rustic wall clock from wood\"},{\"@type\":\"BreadcrumbList\",\"@id\":\"https:\/\/peakart.co.uk\/pl\/produkt\/zegar-scienny-rustykalny\/#breadcrumb\",\"itemListElement\":[{\"@type\":\"ListItem\",\"position\":1,\"name\":\"Home\",\"item\":\"https:\/\/peakart.co.uk\/pl\/\"},{\"@type\":\"ListItem\",\"position\":2,\"name\":\"Sklep\",\"item\":\"https:\/\/peakart.co.uk\/pl\/sklep\/\"},{\"@type\":\"ListItem\",\"position\":3,\"name\":\"Pi\u0119kny Zegar \u015acienny Rustykalny\"}]},{\"@type\":\"WebSite\",\"@id\":\"https:\/\/peakart.co.uk\/de\/#website\",\"url\":\"https:\/\/peakart.co.uk\/de\/\",\"name\":\"Peak Art\",\"description\":\"\",\"publisher\":{\"@id\":\"https:\/\/peakart.co.uk\/de\/#organization\"},\"potentialAction\":[{\"@type\":\"SearchAction\",\"target\":{\"@type\":\"EntryPoint\",\"urlTemplate\":\"https:\/\/peakart.co.uk\/de\/?s={search_term_string}\"},\"query-input\":{\"@type\":\"PropertyValueSpecification\",\"valueRequired\":true,\"valueName\":\"search_term_string\"}}],\"inLanguage\":\"pl-PL\"},{\"@type\":\"Organization\",\"@id\":\"https:\/\/peakart.co.uk\/de\/#organization\",\"name\":\"Peak Art\",\"url\":\"https:\/\/peakart.co.uk\/de\/\",\"logo\":{\"@type\":\"ImageObject\",\"inLanguage\":\"pl-PL\",\"@id\":\"https:\/\/peakart.co.uk\/de\/#\/schema\/logo\/image\/\",\"url\":\"https:\/\/peakart.co.uk\/wp-content\/uploads\/2023\/07\/logo-8.jpg\",\"contentUrl\":\"https:\/\/peakart.co.uk\/wp-content\/uploads\/2023\/07\/logo-8.jpg\",\"width\":666,\"height\":259,\"caption\":\"Peak Art\"},\"image\":{\"@id\":\"https:\/\/peakart.co.uk\/de\/#\/schema\/logo\/image\/\"},\"sameAs\":[\"https:\/\/www.facebook.com\/PeakArtClocks\/\"],\"hasMerchantReturnPolicy\":{\"@type\":\"MerchantReturnPolicy\",\"merchantReturnLink\":\"https:\/\/peakart.co.uk\/refund_returns\/\"}}]}<\/script>\n<meta property=\"og:availability\" content=\"instock\" \/>\n<meta property=\"product:availability\" content=\"instock\" \/>\n<meta property=\"product:retailer_item_id\" content=\"PEAKART-36759\" \/>\n<meta property=\"product:condition\" content=\"new\" \/>\n<!-- \/ Yoast SEO Premium plugin. -->","yoast_head_json":{"title":"Zegar \u015acienny Rustykalny z Pi\u0119knymi Cyframi Rzymskimi","description":"Nasz Zegar \u015acienny Rustykalny to idealny dodatek dekoratorski do Twojego salonu.","robots":{"index":"index","follow":"follow","max-snippet":"max-snippet:-1","max-image-preview":"max-image-preview:large","max-video-preview":"max-video-preview:-1"},"canonical":"https:\/\/peakart.co.uk\/pl\/produkt\/zegar-scienny-rustykalny\/","og_locale":"pl_PL","og_type":"article","og_title":"Pi\u0119kny Zegar \u015acienny Rustykalny","og_description":"Nasz Zegar \u015acienny Rustykalny to idealny dodatek dekoratorski do Twojego salonu.","og_url":"https:\/\/peakart.co.uk\/pl\/produkt\/zegar-scienny-rustykalny\/","og_site_name":"Peak Art","article_publisher":"https:\/\/www.facebook.com\/PeakArtClocks\/","article_modified_time":"2025-01-23T17:35:48+00:00","og_image":[{"width":1920,"height":1830,"url":"https:\/\/peakart.co.uk\/wp-content\/uploads\/2016\/03\/big-rustic-wall-clock-scaled-e1736451552391.jpg","type":"image\/jpeg"}],"twitter_card":"summary_large_image","twitter_misc":{"Dost\u0119pno\u015b\u0107":"Dost\u0119pny"},"schema":{"@context":"https:\/\/schema.org","@graph":[{"@type":"WebPage","@id":"https:\/\/peakart.co.uk\/pl\/produkt\/zegar-scienny-rustykalny\/","url":"https:\/\/peakart.co.uk\/pl\/produkt\/zegar-scienny-rustykalny\/","name":"Zegar \u015acienny Rustykalny z Pi\u0119knymi Cyframi Rzymskimi","isPartOf":{"@id":"https:\/\/peakart.co.uk\/de\/#website"},"primaryImageOfPage":{"@id":"https:\/\/peakart.co.uk\/pl\/produkt\/zegar-scienny-rustykalny\/#primaryimage"},"image":{"@id":"https:\/\/peakart.co.uk\/pl\/produkt\/zegar-scienny-rustykalny\/#primaryimage"},"thumbnailUrl":"https:\/\/peakart.co.uk\/wp-content\/uploads\/2016\/03\/extraordinary-rustic-wall-clock-from-wood-scaled.jpg","datePublished":"2016-03-01T19:02:01+00:00","dateModified":"2025-01-23T17:35:48+00:00","description":"Nasz Zegar \u015acienny Rustykalny to idealny dodatek dekoratorski do Twojego salonu.","breadcrumb":{"@id":"https:\/\/peakart.co.uk\/pl\/produkt\/zegar-scienny-rustykalny\/#breadcrumb"},"inLanguage":"pl-PL","potentialAction":[{"@type":"ReadAction","target":["https:\/\/peakart.co.uk\/pl\/produkt\/zegar-scienny-rustykalny\/"]}]},{"@type":"ImageObject","inLanguage":"pl-PL","@id":"https:\/\/peakart.co.uk\/pl\/produkt\/zegar-scienny-rustykalny\/#primaryimage","url":"https:\/\/peakart.co.uk\/wp-content\/uploads\/2016\/03\/extraordinary-rustic-wall-clock-from-wood-scaled.jpg","contentUrl":"https:\/\/peakart.co.uk\/wp-content\/uploads\/2016\/03\/extraordinary-rustic-wall-clock-from-wood-scaled.jpg","width":2560,"height":1725,"caption":"extraordinary rustic wall clock from wood"},{"@type":"BreadcrumbList","@id":"https:\/\/peakart.co.uk\/pl\/produkt\/zegar-scienny-rustykalny\/#breadcrumb","itemListElement":[{"@type":"ListItem","position":1,"name":"Home","item":"https:\/\/peakart.co.uk\/pl\/"},{"@type":"ListItem","position":2,"name":"Sklep","item":"https:\/\/peakart.co.uk\/pl\/sklep\/"},{"@type":"ListItem","position":3,"name":"Pi\u0119kny Zegar \u015acienny Rustykalny"}]},{"@type":"WebSite","@id":"https:\/\/peakart.co.uk\/de\/#website","url":"https:\/\/peakart.co.uk\/de\/","name":"Peak Art","description":"","publisher":{"@id":"https:\/\/peakart.co.uk\/de\/#organization"},"potentialAction":[{"@type":"SearchAction","target":{"@type":"EntryPoint","urlTemplate":"https:\/\/peakart.co.uk\/de\/?s={search_term_string}"},"query-input":{"@type":"PropertyValueSpecification","valueRequired":true,"valueName":"search_term_string"}}],"inLanguage":"pl-PL"},{"@type":"Organization","@id":"https:\/\/peakart.co.uk\/de\/#organization","name":"Peak Art","url":"https:\/\/peakart.co.uk\/de\/","logo":{"@type":"ImageObject","inLanguage":"pl-PL","@id":"https:\/\/peakart.co.uk\/de\/#\/schema\/logo\/image\/","url":"https:\/\/peakart.co.uk\/wp-content\/uploads\/2023\/07\/logo-8.jpg","contentUrl":"https:\/\/peakart.co.uk\/wp-content\/uploads\/2023\/07\/logo-8.jpg","width":666,"height":259,"caption":"Peak Art"},"image":{"@id":"https:\/\/peakart.co.uk\/de\/#\/schema\/logo\/image\/"},"sameAs":["https:\/\/www.facebook.com\/PeakArtClocks\/"],"hasMerchantReturnPolicy":{"@type":"MerchantReturnPolicy","merchantReturnLink":"https:\/\/peakart.co.uk\/refund_returns\/"}}]},"og_availability":"instock","product_availability":"instock","product_retailer_item_id":"PEAKART-36759","product_condition":"new"},"_links":{"self":[{"href":"https:\/\/peakart.co.uk\/pl\/wp-json\/wp\/v2\/product\/5673","targetHints":{"allow":["GET"]}}],"collection":[{"href":"https:\/\/peakart.co.uk\/pl\/wp-json\/wp\/v2\/product"}],"about":[{"href":"https:\/\/peakart.co.uk\/pl\/wp-json\/wp\/v2\/types\/product"}],"replies":[{"embeddable":true,"href":"https:\/\/peakart.co.uk\/pl\/wp-json\/wp\/v2\/comments?post=5673"}],"wp:featuredmedia":[{"embeddable":true,"href":"https:\/\/peakart.co.uk\/pl\/wp-json\/wp\/v2\/media\/33854"}],"wp:attachment":[{"href":"https:\/\/peakart.co.uk\/pl\/wp-json\/wp\/v2\/media?parent=5673"}],"wp:term":[{"taxonomy":"product_brand","embeddable":true,"href":"https:\/\/peakart.co.uk\/pl\/wp-json\/wp\/v2\/product_brand?post=5673"},{"taxonomy":"product_cat","embeddable":true,"href":"https:\/\/peakart.co.uk\/pl\/wp-json\/wp\/v2\/product_cat?post=5673"},{"taxonomy":"product_tag","embeddable":true,"href":"https:\/\/peakart.co.uk\/pl\/wp-json\/wp\/v2\/product_tag?post=5673"}],"curies":[{"name":"wp","href":"https:\/\/api.w.org\/{rel}","templated":true}]}}