{"id":5671,"date":"2016-03-02T12:34:50","date_gmt":"2016-03-02T12:34:50","guid":{"rendered":"http:\/\/peakart.co.uk\/product\/duzy-drewniany-zegar-szkieletowy-100cm\/"},"modified":"2023-03-25T11:09:24","modified_gmt":"2023-03-25T11:09:24","slug":"drewniany-zegar-szkieletowy","status":"publish","type":"product","link":"https:\/\/peakart.co.uk\/pl\/produkt\/drewniany-zegar-szkieletowy\/","title":{"rendered":"Du\u017cy Drewniany Zegar Szkieletowy"},"content":{"rendered":"<h2>Rustykalny drewniany zegar szkieletowy w ciemnym kolorze<\/h2>\n<p>Mamy przyjemno\u015b\u0107 zaprezentowa\u0107 nasz wyj\u0105tkowy, drewniany zegar szkieletowy. Ten zjawiskowy zegar \u015bcienny zosta\u0142 wykonany z najwy\u017csz\u0105 staranno\u015bci\u0105 oraz precyzj\u0105. Jego wielkim walorem jest niepowtarzalno\u015b\u0107 oraz zachwycaj\u0105cy efekt wizualny. Zegar jest idealnym przyk\u0142adem sztuki rustykalnej \u2013 bezpretensjonalnego r\u0119kodzie\u0142a, prostego w swojej formie. Wyrazisty ciemno d\u0119bowy kolor dodatkowo nadaje charakteru.<\/p>\n<p>W okr\u0105g\u0142y kszta\u0142t zegara wpisane zosta\u0142y cyfry rzymskie, precyzyjnie wyrze\u017abione w jednym masywnym kawa\u0142ku prawdziwego drewna. Ogromn\u0105 zalet\u0105 jest cichy, zaledwie s\u0142yszalny mechanizm zegara Quartz, zasilany pojedyncz\u0105 bateri\u0105 C Cell. Mechanizm zosta\u0142 zgrabnie ukryty w tylnej cz\u0119\u015bci zegara.\u00a0Je\u015bli szukasz do swoich wn\u0119trz niesztampowego i unikalnego elementu dekoracyjnego to jeste\u015b w idealnym miejscu. Nasze zegary s\u0105 niezwyk\u0142ymi dzie\u0142ami sztuki, podziwianymi przez koneser\u00f3w z ca\u0142ego \u015bwiata. Mo\u017cesz by\u0107 pewny, \u017ce nasz ozdobny zegar szkieletowy nada niepowtarzalnego charakteru Twoim wn\u0119trzom. Wszystkie nasze zegary wykonywane s\u0105 w\u0142asnor\u0119cznie z wykorzystaniem wysokiej jako\u015bci materia\u0142\u00f3w. Mo\u017cemy r\u00f3wnie\u017c stworzy\u0107 dla Pa\u0144stwa niepowtarzalny zegar wed\u0142ug indywidualnie przygotowanego projektu.<\/p>\n","protected":false},"excerpt":{"rendered":"<p>&#8220;Light Rustic&#8221;\u2013 to du\u017cy drewniany zegar wykonany w stylu rustykalnym.\u00a0 Charakteryzuje si\u0119 minimalizmem w zdobieniach oraz stylowym kolorem ciemnego d\u0119bu. Zegar tworzony jest na specjalne zam\u00f3wienie klienta w trzech rozmiarach.<\/p>\n<p><strong>Projekt i R\u0119czne Wykonanie<\/strong>\u00a0&#8211;\u00a0Anna Siodelska<\/p>\n<p><strong>Front<\/strong> \u2013\u00a0Rustic<\/p>\n<p><strong>Ty\u0142<\/strong> \u2013\u00a0Transparentny<\/p>\n<p><strong>Uwaga \u2013 <\/strong>Rozmiar 75 cm ma troche inne kszta\u0142ty cyfr aby nie by\u0142y zbyt w\u0105skie. Przyk\u0142adowe zdj\u0119cie z innego projektu znajduje si\u0119\u00a0<a href=\"https:\/\/peakart.co.uk\/wp-content\/uploads\/2017\/09\/Unique-Large-Rustic-Grey-Wooden-Wall-Clock-Left.jpg\">Tutaj<\/a><\/p>\n","protected":false},"featured_media":32300,"comment_status":"closed","ping_status":"closed","template":"","meta":[],"product_brand":[],"product_cat":[56],"product_tag":[50,65,70,68,2671,53],"class_list":{"0":"post-5671","1":"product","2":"type-product","3":"status-publish","4":"has-post-thumbnail","6":"product_cat-duze-zegary-scienne","7":"product_tag-artystyczne-zegary-scienne","8":"product_tag-duze-zegary-dekoracyjne-na-sciane","9":"product_tag-duze-zegary-rzymskie-szkieletowe","10":"product_tag-drewniane-zegary-scienne-z-cyframi-rzymskimi","11":"product_tag-nietypowe-duze-zegary-scienne","12":"product_tag-zegary-drewniane-szkieletowe","13":"product_shipping_class-oversized-clocks-pl","15":"first","16":"instock","17":"sale","18":"taxable","19":"shipping-taxable","20":"purchasable","21":"product-type-variable"},"yoast_head":"<!-- This site is optimized with the Yoast SEO Premium plugin v27.2 (Yoast SEO v27.2) - https:\/\/yoast.com\/product\/yoast-seo-premium-wordpress\/ -->\n<title>Du\u017cy Drewniany Zegar Szkieletowy do Twojego Salonu<\/title>\n<meta name=\"description\" content=\"Pi\u0119kny Drewniany Zegar Szkieletowy. Idealny element dekoratorski.\" \/>\n<meta name=\"robots\" content=\"index, follow, max-snippet:-1, max-image-preview:large, max-video-preview:-1\" \/>\n<link rel=\"canonical\" href=\"https:\/\/peakart.co.uk\/pl\/produkt\/drewniany-zegar-szkieletowy\/\" \/>\n<meta property=\"og:locale\" content=\"pl_PL\" \/>\n<meta property=\"og:type\" content=\"article\" \/>\n<meta property=\"og:title\" content=\"Du\u017cy Drewniany Zegar Szkieletowy\" \/>\n<meta property=\"og:description\" content=\"Pi\u0119kny Drewniany Zegar Szkieletowy. Idealny element dekoratorski.\" \/>\n<meta property=\"og:url\" content=\"https:\/\/peakart.co.uk\/pl\/produkt\/drewniany-zegar-szkieletowy\/\" \/>\n<meta property=\"og:site_name\" content=\"Peak Art\" \/>\n<meta property=\"article:publisher\" content=\"https:\/\/www.facebook.com\/PeakArtClocks\/\" \/>\n<meta property=\"article:modified_time\" content=\"2023-03-25T11:09:24+00:00\" \/>\n<meta property=\"og:image\" content=\"https:\/\/peakart.co.uk\/wp-content\/uploads\/2016\/03\/Facebook-Ad-Rustic.jpg\" \/>\n\t<meta property=\"og:image:width\" content=\"1200\" \/>\n\t<meta property=\"og:image:height\" content=\"1200\" \/>\n\t<meta property=\"og:image:type\" content=\"image\/jpeg\" \/>\n<meta name=\"twitter:card\" content=\"summary_large_image\" \/>\n<meta name=\"twitter:label1\" content=\"Dost\u0119pno\u015b\u0107\" \/>\n\t<meta name=\"twitter:data1\" content=\"Dost\u0119pny\" \/>\n<script type=\"application\/ld+json\" class=\"yoast-schema-graph\">{\"@context\":\"https:\/\/schema.org\",\"@graph\":[{\"@type\":\"WebPage\",\"@id\":\"https:\/\/peakart.co.uk\/pl\/produkt\/drewniany-zegar-szkieletowy\/\",\"url\":\"https:\/\/peakart.co.uk\/pl\/produkt\/drewniany-zegar-szkieletowy\/\",\"name\":\"Du\u017cy Drewniany Zegar Szkieletowy do Twojego Salonu\",\"isPartOf\":{\"@id\":\"https:\/\/peakart.co.uk\/de\/#website\"},\"primaryImageOfPage\":{\"@id\":\"https:\/\/peakart.co.uk\/pl\/produkt\/drewniany-zegar-szkieletowy\/#primaryimage\"},\"image\":{\"@id\":\"https:\/\/peakart.co.uk\/pl\/produkt\/drewniany-zegar-szkieletowy\/#primaryimage\"},\"thumbnailUrl\":\"https:\/\/peakart.co.uk\/wp-content\/uploads\/2016\/03\/Facebook-Ad-Rustic.jpg\",\"datePublished\":\"2016-03-02T12:34:50+00:00\",\"dateModified\":\"2023-03-25T11:09:24+00:00\",\"description\":\"Pi\u0119kny Drewniany Zegar Szkieletowy. Idealny element dekoratorski.\",\"breadcrumb\":{\"@id\":\"https:\/\/peakart.co.uk\/pl\/produkt\/drewniany-zegar-szkieletowy\/#breadcrumb\"},\"inLanguage\":\"pl-PL\",\"potentialAction\":[{\"@type\":\"ReadAction\",\"target\":[\"https:\/\/peakart.co.uk\/pl\/produkt\/drewniany-zegar-szkieletowy\/\"]}]},{\"@type\":\"ImageObject\",\"inLanguage\":\"pl-PL\",\"@id\":\"https:\/\/peakart.co.uk\/pl\/produkt\/drewniany-zegar-szkieletowy\/#primaryimage\",\"url\":\"https:\/\/peakart.co.uk\/wp-content\/uploads\/2016\/03\/Facebook-Ad-Rustic.jpg\",\"contentUrl\":\"https:\/\/peakart.co.uk\/wp-content\/uploads\/2016\/03\/Facebook-Ad-Rustic.jpg\",\"width\":1200,\"height\":1200},{\"@type\":\"BreadcrumbList\",\"@id\":\"https:\/\/peakart.co.uk\/pl\/produkt\/drewniany-zegar-szkieletowy\/#breadcrumb\",\"itemListElement\":[{\"@type\":\"ListItem\",\"position\":1,\"name\":\"Home\",\"item\":\"https:\/\/peakart.co.uk\/pl\/\"},{\"@type\":\"ListItem\",\"position\":2,\"name\":\"Sklep\",\"item\":\"https:\/\/peakart.co.uk\/pl\/sklep\/\"},{\"@type\":\"ListItem\",\"position\":3,\"name\":\"Du\u017cy Drewniany Zegar Szkieletowy\"}]},{\"@type\":\"WebSite\",\"@id\":\"https:\/\/peakart.co.uk\/de\/#website\",\"url\":\"https:\/\/peakart.co.uk\/de\/\",\"name\":\"Peak Art\",\"description\":\"\",\"publisher\":{\"@id\":\"https:\/\/peakart.co.uk\/de\/#organization\"},\"potentialAction\":[{\"@type\":\"SearchAction\",\"target\":{\"@type\":\"EntryPoint\",\"urlTemplate\":\"https:\/\/peakart.co.uk\/de\/?s={search_term_string}\"},\"query-input\":{\"@type\":\"PropertyValueSpecification\",\"valueRequired\":true,\"valueName\":\"search_term_string\"}}],\"inLanguage\":\"pl-PL\"},{\"@type\":\"Organization\",\"@id\":\"https:\/\/peakart.co.uk\/de\/#organization\",\"name\":\"Peak Art\",\"url\":\"https:\/\/peakart.co.uk\/de\/\",\"logo\":{\"@type\":\"ImageObject\",\"inLanguage\":\"pl-PL\",\"@id\":\"https:\/\/peakart.co.uk\/de\/#\/schema\/logo\/image\/\",\"url\":\"https:\/\/peakart.co.uk\/wp-content\/uploads\/2023\/07\/logo-8.jpg\",\"contentUrl\":\"https:\/\/peakart.co.uk\/wp-content\/uploads\/2023\/07\/logo-8.jpg\",\"width\":666,\"height\":259,\"caption\":\"Peak Art\"},\"image\":{\"@id\":\"https:\/\/peakart.co.uk\/de\/#\/schema\/logo\/image\/\"},\"sameAs\":[\"https:\/\/www.facebook.com\/PeakArtClocks\/\"],\"hasMerchantReturnPolicy\":{\"@type\":\"MerchantReturnPolicy\",\"merchantReturnLink\":\"https:\/\/peakart.co.uk\/refund_returns\/\"}}]}<\/script>\n<meta property=\"og:availability\" content=\"instock\" \/>\n<meta property=\"product:availability\" content=\"instock\" \/>\n<meta property=\"product:retailer_item_id\" content=\"PEAKART-17369\" \/>\n<meta property=\"product:condition\" content=\"new\" \/>\n<!-- \/ Yoast SEO Premium plugin. -->","yoast_head_json":{"title":"Du\u017cy Drewniany Zegar Szkieletowy do Twojego Salonu","description":"Pi\u0119kny Drewniany Zegar Szkieletowy. Idealny element dekoratorski.","robots":{"index":"index","follow":"follow","max-snippet":"max-snippet:-1","max-image-preview":"max-image-preview:large","max-video-preview":"max-video-preview:-1"},"canonical":"https:\/\/peakart.co.uk\/pl\/produkt\/drewniany-zegar-szkieletowy\/","og_locale":"pl_PL","og_type":"article","og_title":"Du\u017cy Drewniany Zegar Szkieletowy","og_description":"Pi\u0119kny Drewniany Zegar Szkieletowy. Idealny element dekoratorski.","og_url":"https:\/\/peakart.co.uk\/pl\/produkt\/drewniany-zegar-szkieletowy\/","og_site_name":"Peak Art","article_publisher":"https:\/\/www.facebook.com\/PeakArtClocks\/","article_modified_time":"2023-03-25T11:09:24+00:00","og_image":[{"width":1200,"height":1200,"url":"https:\/\/peakart.co.uk\/wp-content\/uploads\/2016\/03\/Facebook-Ad-Rustic.jpg","type":"image\/jpeg"}],"twitter_card":"summary_large_image","twitter_misc":{"Dost\u0119pno\u015b\u0107":"Dost\u0119pny"},"schema":{"@context":"https:\/\/schema.org","@graph":[{"@type":"WebPage","@id":"https:\/\/peakart.co.uk\/pl\/produkt\/drewniany-zegar-szkieletowy\/","url":"https:\/\/peakart.co.uk\/pl\/produkt\/drewniany-zegar-szkieletowy\/","name":"Du\u017cy Drewniany Zegar Szkieletowy do Twojego Salonu","isPartOf":{"@id":"https:\/\/peakart.co.uk\/de\/#website"},"primaryImageOfPage":{"@id":"https:\/\/peakart.co.uk\/pl\/produkt\/drewniany-zegar-szkieletowy\/#primaryimage"},"image":{"@id":"https:\/\/peakart.co.uk\/pl\/produkt\/drewniany-zegar-szkieletowy\/#primaryimage"},"thumbnailUrl":"https:\/\/peakart.co.uk\/wp-content\/uploads\/2016\/03\/Facebook-Ad-Rustic.jpg","datePublished":"2016-03-02T12:34:50+00:00","dateModified":"2023-03-25T11:09:24+00:00","description":"Pi\u0119kny Drewniany Zegar Szkieletowy. Idealny element dekoratorski.","breadcrumb":{"@id":"https:\/\/peakart.co.uk\/pl\/produkt\/drewniany-zegar-szkieletowy\/#breadcrumb"},"inLanguage":"pl-PL","potentialAction":[{"@type":"ReadAction","target":["https:\/\/peakart.co.uk\/pl\/produkt\/drewniany-zegar-szkieletowy\/"]}]},{"@type":"ImageObject","inLanguage":"pl-PL","@id":"https:\/\/peakart.co.uk\/pl\/produkt\/drewniany-zegar-szkieletowy\/#primaryimage","url":"https:\/\/peakart.co.uk\/wp-content\/uploads\/2016\/03\/Facebook-Ad-Rustic.jpg","contentUrl":"https:\/\/peakart.co.uk\/wp-content\/uploads\/2016\/03\/Facebook-Ad-Rustic.jpg","width":1200,"height":1200},{"@type":"BreadcrumbList","@id":"https:\/\/peakart.co.uk\/pl\/produkt\/drewniany-zegar-szkieletowy\/#breadcrumb","itemListElement":[{"@type":"ListItem","position":1,"name":"Home","item":"https:\/\/peakart.co.uk\/pl\/"},{"@type":"ListItem","position":2,"name":"Sklep","item":"https:\/\/peakart.co.uk\/pl\/sklep\/"},{"@type":"ListItem","position":3,"name":"Du\u017cy Drewniany Zegar Szkieletowy"}]},{"@type":"WebSite","@id":"https:\/\/peakart.co.uk\/de\/#website","url":"https:\/\/peakart.co.uk\/de\/","name":"Peak Art","description":"","publisher":{"@id":"https:\/\/peakart.co.uk\/de\/#organization"},"potentialAction":[{"@type":"SearchAction","target":{"@type":"EntryPoint","urlTemplate":"https:\/\/peakart.co.uk\/de\/?s={search_term_string}"},"query-input":{"@type":"PropertyValueSpecification","valueRequired":true,"valueName":"search_term_string"}}],"inLanguage":"pl-PL"},{"@type":"Organization","@id":"https:\/\/peakart.co.uk\/de\/#organization","name":"Peak Art","url":"https:\/\/peakart.co.uk\/de\/","logo":{"@type":"ImageObject","inLanguage":"pl-PL","@id":"https:\/\/peakart.co.uk\/de\/#\/schema\/logo\/image\/","url":"https:\/\/peakart.co.uk\/wp-content\/uploads\/2023\/07\/logo-8.jpg","contentUrl":"https:\/\/peakart.co.uk\/wp-content\/uploads\/2023\/07\/logo-8.jpg","width":666,"height":259,"caption":"Peak Art"},"image":{"@id":"https:\/\/peakart.co.uk\/de\/#\/schema\/logo\/image\/"},"sameAs":["https:\/\/www.facebook.com\/PeakArtClocks\/"],"hasMerchantReturnPolicy":{"@type":"MerchantReturnPolicy","merchantReturnLink":"https:\/\/peakart.co.uk\/refund_returns\/"}}]},"og_availability":"instock","product_availability":"instock","product_retailer_item_id":"PEAKART-17369","product_condition":"new"},"_links":{"self":[{"href":"https:\/\/peakart.co.uk\/pl\/wp-json\/wp\/v2\/product\/5671","targetHints":{"allow":["GET"]}}],"collection":[{"href":"https:\/\/peakart.co.uk\/pl\/wp-json\/wp\/v2\/product"}],"about":[{"href":"https:\/\/peakart.co.uk\/pl\/wp-json\/wp\/v2\/types\/product"}],"replies":[{"embeddable":true,"href":"https:\/\/peakart.co.uk\/pl\/wp-json\/wp\/v2\/comments?post=5671"}],"wp:featuredmedia":[{"embeddable":true,"href":"https:\/\/peakart.co.uk\/pl\/wp-json\/wp\/v2\/media\/32300"}],"wp:attachment":[{"href":"https:\/\/peakart.co.uk\/pl\/wp-json\/wp\/v2\/media?parent=5671"}],"wp:term":[{"taxonomy":"product_brand","embeddable":true,"href":"https:\/\/peakart.co.uk\/pl\/wp-json\/wp\/v2\/product_brand?post=5671"},{"taxonomy":"product_cat","embeddable":true,"href":"https:\/\/peakart.co.uk\/pl\/wp-json\/wp\/v2\/product_cat?post=5671"},{"taxonomy":"product_tag","embeddable":true,"href":"https:\/\/peakart.co.uk\/pl\/wp-json\/wp\/v2\/product_tag?post=5671"}],"curies":[{"name":"wp","href":"https:\/\/api.w.org\/{rel}","templated":true}]}}