{"id":5670,"date":"2016-03-06T18:57:38","date_gmt":"2016-03-06T18:57:38","guid":{"rendered":"http:\/\/peakart.co.uk\/product\/bialy-rustykalny-recznie-wykonany-zegar-scienny\/"},"modified":"2023-03-24T17:19:08","modified_gmt":"2023-03-24T17:19:08","slug":"bialy-zegar-shabby-chic","status":"publish","type":"product","link":"https:\/\/peakart.co.uk\/pl\/produkt\/bialy-zegar-shabby-chic\/","title":{"rendered":"Bia\u0142y Zegar Shabby Chic z Cyframi Rzymskimi"},"content":{"rendered":"<h2>Bia\u0142y zegar\u00a0 shabby chic wykonany z drewna i r\u0119cznie malowany<\/h2>\n<p>Czy starasz si\u0119 wype\u0142ni\u0107 t\u0119 niezr\u0119czn\u0105 pust\u0105 przestrze\u0144 \u015bcienn\u0105 w swoim salonie czym\u015b, co by\u0142oby zar\u00f3wno przyci\u0105gaj\u0105ce wzrok, jak i funkcjonalne? Ten wspania\u0142y bia\u0142y zegar Shabby Chic, zaprojektowany przez Peak Art, mo\u017ce nie tylko pokazywa\u0107 czas ale r\u00f3wnie\u017c by\u0107 du\u017cym elementem dekoracji w Twoim domu. Jeste\u015bmy przekonani, \u017ce zainspiruje wiele rozm\u00f3w przy stole z Twoimi go\u015b\u0107mi.<\/p>\n<p>Front tego pi\u0119knego zegara wycinamy z pojedynczego panelu drzewa sosnowego. Z ty\u0142u wida\u0107 r\u00f3wnie\u017c drewnian\u0105 obr\u0119cz, dzi\u0119ki kt\u00f3rej konstrukcja jest mocniejsza i ma charakter tr\u00f3jwymiarowy. Poni\u017cej kr\u00f3tki filmik w j\u0119zyku angielskim, na kt\u00f3rym wida\u0107 troche wi\u0119cej szczeg\u00f3\u0142\u00f3w.<\/p>\n<p>Mechanizm kwarcowy jest zasilane bateryjnie i wymaga pojedynczej baterii C Cell. Aby zapobiec uszkodzeniom podczas transportu, dostarczamy zegar z obiema wskaz\u00f3wkami zdj\u0119tymi z mechanizmu. Chocia\u017c otrzymasz pe\u0142ne pisemne instrukcje dotycz\u0105ce instalacji wskaz\u00f3wek, mo\u017cesz r\u00f3wnie\u017c obejrze\u0107 ten <a href=\"https:\/\/www.youtube.com\/watch?v=08Tq0lKFs30\">kr\u00f3tki film na Youtube<\/a>, gdzie pokazuj\u0119 jak to nale\u017cy zrobi\u0107.<\/p>\n<h2>Dlaczego bia\u0142y zegar shabby chic z Peak Art to najlepszy wyb\u00f3w?<\/h2>\n<p>Je\u015bli szukasz wi\u0119cej informacji na temat historii du\u017cych zegar\u00f3w \u015bciennych shabby chic Peak Art, odwied\u017a nasz blog i zostaw swoj\u0105 opini\u0119 lub komentarz. Nasze zegary s\u0105 drogimi dzie\u0142ami sztuki, kt\u00f3re mo\u017cesz zamontowa\u0107 w swoim mieszkaniu, biurze, hotelu lub apartamencie. Pami\u0119taj, aby unika\u0107 bezpo\u015bredniego \u017ar\u00f3d\u0142a ciep\u0142a lub wilgoci.<\/p>\n<p>Gdziekolwiek zdecydujesz si\u0119 na umieszczenie jednego z tych niezwyk\u0142ych zegar\u00f3w, mo\u017cesz by\u0107 pewien, \u017ce zapewni\u0105 one silny i trwa\u0142y efekt &#8220;wow&#8221; ka\u017cdemu, kto si\u0119 na nie natknie. Nie ma znaczenia, czy wybierzesz ten bia\u0142y zegar shabby chic czy inny z naszego sklepu. Te rzadkie r\u0119cznie robione produkty b\u0119d\u0105 dobrze komponowa\u0107 si\u0119 w najbardziej stylowych wn\u0119trzach. Sprawi\u0105, \u017ce staniesz si\u0119 dumnym posiadaczem czego\u015b, czego nie mo\u017cna kupi\u0107 w zwyk\u0142ym sklepie.<\/p>\n<p>&nbsp;<\/p>\n<p>&nbsp;<\/p>\n<p>&nbsp;<\/p>\n<p>&nbsp;<\/p>\n<p>&nbsp;<\/p>\n<p>&nbsp;<\/p>\n","protected":false},"excerpt":{"rendered":"<p>Wielki r\u0119cznie wykonany bia\u0142y zegar w stylu Shabby Chic. Unikatowe dzie\u0142o sztuki do Twojego domu. Przepi\u0119kne wyko\u0144czenie nada charakteru ka\u017cdemu pomieszczeniu.\u00a0Chocia\u017c na zdj\u0119ciu wida\u0107 zegar o \u015brednicy 100 cm (40 &#8220;), mo\u017cemy zaoferowa\u0107 dwa inne rozmiary do wyboru. Daj nam zna\u0107, je\u015bli masz jakie\u015b pytania.<\/p>\n<p><strong>Video<\/strong> &#8211;\u00a0<a href=\"https:\/\/www.youtube.com\/watch?v=1gwL4F1aRQw\">Wielki Bia\u0142y Zegar Drewniany na Youtube<\/a><\/p>\n<p><b>Projekt i R\u0119czne Wykonanie<\/b>\u00a0&#8211;\u00a0Anna Siodelska<\/p>\n<p><strong>Front<\/strong> \u2013\u00a0Bia\u0142y \/ Szary<\/p>\n<p><strong>Ty\u0142<\/strong> \u2013\u00a0Transparentny \/ \u015aciana<\/p>\n<p><strong>Uwaga \u2013 <\/strong>Rozmiar 75 cm ma troche inne kszta\u0142ty cyfr aby nie by\u0142y zbyt w\u0105skie. Przyk\u0142adowe zdj\u0119cie z innego projektu znajduje si\u0119\u00a0<a href=\"https:\/\/peakart.co.uk\/wp-content\/uploads\/2017\/09\/Unique-Large-Rustic-Grey-Wooden-Wall-Clock-Left.jpg\">Tutaj<\/a><\/p>\n<p>&nbsp;<\/p>\n","protected":false},"featured_media":33390,"comment_status":"closed","ping_status":"closed","template":"","meta":[],"product_brand":[],"product_cat":[56],"product_tag":[50,65,2138,70,68,2671,2672,53,76],"class_list":{"0":"post-5670","1":"product","2":"type-product","3":"status-publish","4":"has-post-thumbnail","6":"product_cat-duze-zegary-scienne","7":"product_tag-artystyczne-zegary-scienne","8":"product_tag-duze-zegary-dekoracyjne-na-sciane","9":"product_tag-duze-zegary-scienne","10":"product_tag-duze-zegary-rzymskie-szkieletowe","11":"product_tag-drewniane-zegary-scienne-z-cyframi-rzymskimi","12":"product_tag-nietypowe-duze-zegary-scienne","13":"product_tag-unikalne-duze-zegary-scienne","14":"product_tag-zegary-drewniane-szkieletowe","15":"product_tag-zegary-scienne-shabby-chic","16":"product_shipping_class-oversized-clocks-pl","18":"first","19":"instock","20":"sale","21":"taxable","22":"shipping-taxable","23":"purchasable","24":"product-type-variable"},"yoast_head":"<!-- This site is optimized with the Yoast SEO Premium plugin v27.2 (Yoast SEO v27.2) - https:\/\/yoast.com\/product\/yoast-seo-premium-wordpress\/ -->\n<title>Imponuj\u0105cy bia\u0142y zegar shabby chic z r\u0119cznie wyci\u0119tymi cyframi rzymskimi.<\/title>\n<meta name=\"description\" content=\"Bia\u0142y zegar shabby chic kt\u00f3rego front wycinamy z pojedynczego panelu drzewa sosnowego\" \/>\n<meta name=\"robots\" content=\"index, follow, max-snippet:-1, max-image-preview:large, max-video-preview:-1\" \/>\n<link rel=\"canonical\" href=\"https:\/\/peakart.co.uk\/pl\/produkt\/bialy-zegar-shabby-chic\/\" \/>\n<meta property=\"og:locale\" content=\"pl_PL\" \/>\n<meta property=\"og:type\" content=\"article\" \/>\n<meta property=\"og:title\" content=\"Bia\u0142y Zegar Shabby Chic z Cyframi Rzymskimi\" \/>\n<meta property=\"og:description\" content=\"Bia\u0142y zegar shabby chic kt\u00f3rego front wycinamy z pojedynczego panelu drzewa sosnowego\" \/>\n<meta property=\"og:url\" content=\"https:\/\/peakart.co.uk\/pl\/produkt\/bialy-zegar-shabby-chic\/\" \/>\n<meta property=\"og:site_name\" content=\"Peak Art\" \/>\n<meta property=\"article:publisher\" content=\"https:\/\/www.facebook.com\/PeakArtClocks\/\" \/>\n<meta property=\"article:modified_time\" content=\"2023-03-24T17:19:08+00:00\" \/>\n<meta property=\"og:image\" content=\"https:\/\/peakart.co.uk\/wp-content\/uploads\/2016\/03\/Facebook-Ad.jpg\" \/>\n\t<meta property=\"og:image:width\" content=\"1200\" \/>\n\t<meta property=\"og:image:height\" content=\"1200\" \/>\n\t<meta property=\"og:image:type\" content=\"image\/jpeg\" \/>\n<meta name=\"twitter:card\" content=\"summary_large_image\" \/>\n<meta name=\"twitter:label1\" content=\"Dost\u0119pno\u015b\u0107\" \/>\n\t<meta name=\"twitter:data1\" content=\"Dost\u0119pny\" \/>\n<script type=\"application\/ld+json\" class=\"yoast-schema-graph\">{\"@context\":\"https:\/\/schema.org\",\"@graph\":[{\"@type\":\"WebPage\",\"@id\":\"https:\/\/peakart.co.uk\/pl\/produkt\/bialy-zegar-shabby-chic\/\",\"url\":\"https:\/\/peakart.co.uk\/pl\/produkt\/bialy-zegar-shabby-chic\/\",\"name\":\"Imponuj\u0105cy bia\u0142y zegar shabby chic z r\u0119cznie wyci\u0119tymi cyframi rzymskimi.\",\"isPartOf\":{\"@id\":\"https:\/\/peakart.co.uk\/de\/#website\"},\"primaryImageOfPage\":{\"@id\":\"https:\/\/peakart.co.uk\/pl\/produkt\/bialy-zegar-shabby-chic\/#primaryimage\"},\"image\":{\"@id\":\"https:\/\/peakart.co.uk\/pl\/produkt\/bialy-zegar-shabby-chic\/#primaryimage\"},\"thumbnailUrl\":\"https:\/\/peakart.co.uk\/wp-content\/uploads\/2016\/03\/Facebook-Ad.jpg\",\"datePublished\":\"2016-03-06T18:57:38+00:00\",\"dateModified\":\"2023-03-24T17:19:08+00:00\",\"description\":\"Bia\u0142y zegar shabby chic kt\u00f3rego front wycinamy z pojedynczego panelu drzewa sosnowego\",\"breadcrumb\":{\"@id\":\"https:\/\/peakart.co.uk\/pl\/produkt\/bialy-zegar-shabby-chic\/#breadcrumb\"},\"inLanguage\":\"pl-PL\",\"potentialAction\":[{\"@type\":\"ReadAction\",\"target\":[\"https:\/\/peakart.co.uk\/pl\/produkt\/bialy-zegar-shabby-chic\/\"]}]},{\"@type\":\"ImageObject\",\"inLanguage\":\"pl-PL\",\"@id\":\"https:\/\/peakart.co.uk\/pl\/produkt\/bialy-zegar-shabby-chic\/#primaryimage\",\"url\":\"https:\/\/peakart.co.uk\/wp-content\/uploads\/2016\/03\/Facebook-Ad.jpg\",\"contentUrl\":\"https:\/\/peakart.co.uk\/wp-content\/uploads\/2016\/03\/Facebook-Ad.jpg\",\"width\":1200,\"height\":1200},{\"@type\":\"BreadcrumbList\",\"@id\":\"https:\/\/peakart.co.uk\/pl\/produkt\/bialy-zegar-shabby-chic\/#breadcrumb\",\"itemListElement\":[{\"@type\":\"ListItem\",\"position\":1,\"name\":\"Home\",\"item\":\"https:\/\/peakart.co.uk\/pl\/\"},{\"@type\":\"ListItem\",\"position\":2,\"name\":\"Sklep\",\"item\":\"https:\/\/peakart.co.uk\/pl\/sklep\/\"},{\"@type\":\"ListItem\",\"position\":3,\"name\":\"Bia\u0142y Zegar Shabby Chic z Cyframi Rzymskimi\"}]},{\"@type\":\"WebSite\",\"@id\":\"https:\/\/peakart.co.uk\/de\/#website\",\"url\":\"https:\/\/peakart.co.uk\/de\/\",\"name\":\"Peak Art\",\"description\":\"\",\"publisher\":{\"@id\":\"https:\/\/peakart.co.uk\/de\/#organization\"},\"potentialAction\":[{\"@type\":\"SearchAction\",\"target\":{\"@type\":\"EntryPoint\",\"urlTemplate\":\"https:\/\/peakart.co.uk\/de\/?s={search_term_string}\"},\"query-input\":{\"@type\":\"PropertyValueSpecification\",\"valueRequired\":true,\"valueName\":\"search_term_string\"}}],\"inLanguage\":\"pl-PL\"},{\"@type\":\"Organization\",\"@id\":\"https:\/\/peakart.co.uk\/de\/#organization\",\"name\":\"Peak Art\",\"url\":\"https:\/\/peakart.co.uk\/de\/\",\"logo\":{\"@type\":\"ImageObject\",\"inLanguage\":\"pl-PL\",\"@id\":\"https:\/\/peakart.co.uk\/de\/#\/schema\/logo\/image\/\",\"url\":\"https:\/\/peakart.co.uk\/wp-content\/uploads\/2023\/07\/logo-8.jpg\",\"contentUrl\":\"https:\/\/peakart.co.uk\/wp-content\/uploads\/2023\/07\/logo-8.jpg\",\"width\":666,\"height\":259,\"caption\":\"Peak Art\"},\"image\":{\"@id\":\"https:\/\/peakart.co.uk\/de\/#\/schema\/logo\/image\/\"},\"sameAs\":[\"https:\/\/www.facebook.com\/PeakArtClocks\/\"],\"hasMerchantReturnPolicy\":{\"@type\":\"MerchantReturnPolicy\",\"merchantReturnLink\":\"https:\/\/peakart.co.uk\/refund_returns\/\"}}]}<\/script>\n<meta property=\"og:availability\" content=\"instock\" \/>\n<meta property=\"product:availability\" content=\"instock\" \/>\n<meta property=\"product:retailer_item_id\" content=\"PEAKART-49219\" \/>\n<meta property=\"product:condition\" content=\"new\" \/>\n<!-- \/ Yoast SEO Premium plugin. -->","yoast_head_json":{"title":"Imponuj\u0105cy bia\u0142y zegar shabby chic z r\u0119cznie wyci\u0119tymi cyframi rzymskimi.","description":"Bia\u0142y zegar shabby chic kt\u00f3rego front wycinamy z pojedynczego panelu drzewa sosnowego","robots":{"index":"index","follow":"follow","max-snippet":"max-snippet:-1","max-image-preview":"max-image-preview:large","max-video-preview":"max-video-preview:-1"},"canonical":"https:\/\/peakart.co.uk\/pl\/produkt\/bialy-zegar-shabby-chic\/","og_locale":"pl_PL","og_type":"article","og_title":"Bia\u0142y Zegar Shabby Chic z Cyframi Rzymskimi","og_description":"Bia\u0142y zegar shabby chic kt\u00f3rego front wycinamy z pojedynczego panelu drzewa sosnowego","og_url":"https:\/\/peakart.co.uk\/pl\/produkt\/bialy-zegar-shabby-chic\/","og_site_name":"Peak Art","article_publisher":"https:\/\/www.facebook.com\/PeakArtClocks\/","article_modified_time":"2023-03-24T17:19:08+00:00","og_image":[{"width":1200,"height":1200,"url":"https:\/\/peakart.co.uk\/wp-content\/uploads\/2016\/03\/Facebook-Ad.jpg","type":"image\/jpeg"}],"twitter_card":"summary_large_image","twitter_misc":{"Dost\u0119pno\u015b\u0107":"Dost\u0119pny"},"schema":{"@context":"https:\/\/schema.org","@graph":[{"@type":"WebPage","@id":"https:\/\/peakart.co.uk\/pl\/produkt\/bialy-zegar-shabby-chic\/","url":"https:\/\/peakart.co.uk\/pl\/produkt\/bialy-zegar-shabby-chic\/","name":"Imponuj\u0105cy bia\u0142y zegar shabby chic z r\u0119cznie wyci\u0119tymi cyframi rzymskimi.","isPartOf":{"@id":"https:\/\/peakart.co.uk\/de\/#website"},"primaryImageOfPage":{"@id":"https:\/\/peakart.co.uk\/pl\/produkt\/bialy-zegar-shabby-chic\/#primaryimage"},"image":{"@id":"https:\/\/peakart.co.uk\/pl\/produkt\/bialy-zegar-shabby-chic\/#primaryimage"},"thumbnailUrl":"https:\/\/peakart.co.uk\/wp-content\/uploads\/2016\/03\/Facebook-Ad.jpg","datePublished":"2016-03-06T18:57:38+00:00","dateModified":"2023-03-24T17:19:08+00:00","description":"Bia\u0142y zegar shabby chic kt\u00f3rego front wycinamy z pojedynczego panelu drzewa sosnowego","breadcrumb":{"@id":"https:\/\/peakart.co.uk\/pl\/produkt\/bialy-zegar-shabby-chic\/#breadcrumb"},"inLanguage":"pl-PL","potentialAction":[{"@type":"ReadAction","target":["https:\/\/peakart.co.uk\/pl\/produkt\/bialy-zegar-shabby-chic\/"]}]},{"@type":"ImageObject","inLanguage":"pl-PL","@id":"https:\/\/peakart.co.uk\/pl\/produkt\/bialy-zegar-shabby-chic\/#primaryimage","url":"https:\/\/peakart.co.uk\/wp-content\/uploads\/2016\/03\/Facebook-Ad.jpg","contentUrl":"https:\/\/peakart.co.uk\/wp-content\/uploads\/2016\/03\/Facebook-Ad.jpg","width":1200,"height":1200},{"@type":"BreadcrumbList","@id":"https:\/\/peakart.co.uk\/pl\/produkt\/bialy-zegar-shabby-chic\/#breadcrumb","itemListElement":[{"@type":"ListItem","position":1,"name":"Home","item":"https:\/\/peakart.co.uk\/pl\/"},{"@type":"ListItem","position":2,"name":"Sklep","item":"https:\/\/peakart.co.uk\/pl\/sklep\/"},{"@type":"ListItem","position":3,"name":"Bia\u0142y Zegar Shabby Chic z Cyframi Rzymskimi"}]},{"@type":"WebSite","@id":"https:\/\/peakart.co.uk\/de\/#website","url":"https:\/\/peakart.co.uk\/de\/","name":"Peak Art","description":"","publisher":{"@id":"https:\/\/peakart.co.uk\/de\/#organization"},"potentialAction":[{"@type":"SearchAction","target":{"@type":"EntryPoint","urlTemplate":"https:\/\/peakart.co.uk\/de\/?s={search_term_string}"},"query-input":{"@type":"PropertyValueSpecification","valueRequired":true,"valueName":"search_term_string"}}],"inLanguage":"pl-PL"},{"@type":"Organization","@id":"https:\/\/peakart.co.uk\/de\/#organization","name":"Peak Art","url":"https:\/\/peakart.co.uk\/de\/","logo":{"@type":"ImageObject","inLanguage":"pl-PL","@id":"https:\/\/peakart.co.uk\/de\/#\/schema\/logo\/image\/","url":"https:\/\/peakart.co.uk\/wp-content\/uploads\/2023\/07\/logo-8.jpg","contentUrl":"https:\/\/peakart.co.uk\/wp-content\/uploads\/2023\/07\/logo-8.jpg","width":666,"height":259,"caption":"Peak Art"},"image":{"@id":"https:\/\/peakart.co.uk\/de\/#\/schema\/logo\/image\/"},"sameAs":["https:\/\/www.facebook.com\/PeakArtClocks\/"],"hasMerchantReturnPolicy":{"@type":"MerchantReturnPolicy","merchantReturnLink":"https:\/\/peakart.co.uk\/refund_returns\/"}}]},"og_availability":"instock","product_availability":"instock","product_retailer_item_id":"PEAKART-49219","product_condition":"new"},"_links":{"self":[{"href":"https:\/\/peakart.co.uk\/pl\/wp-json\/wp\/v2\/product\/5670","targetHints":{"allow":["GET"]}}],"collection":[{"href":"https:\/\/peakart.co.uk\/pl\/wp-json\/wp\/v2\/product"}],"about":[{"href":"https:\/\/peakart.co.uk\/pl\/wp-json\/wp\/v2\/types\/product"}],"replies":[{"embeddable":true,"href":"https:\/\/peakart.co.uk\/pl\/wp-json\/wp\/v2\/comments?post=5670"}],"wp:featuredmedia":[{"embeddable":true,"href":"https:\/\/peakart.co.uk\/pl\/wp-json\/wp\/v2\/media\/33390"}],"wp:attachment":[{"href":"https:\/\/peakart.co.uk\/pl\/wp-json\/wp\/v2\/media?parent=5670"}],"wp:term":[{"taxonomy":"product_brand","embeddable":true,"href":"https:\/\/peakart.co.uk\/pl\/wp-json\/wp\/v2\/product_brand?post=5670"},{"taxonomy":"product_cat","embeddable":true,"href":"https:\/\/peakart.co.uk\/pl\/wp-json\/wp\/v2\/product_cat?post=5670"},{"taxonomy":"product_tag","embeddable":true,"href":"https:\/\/peakart.co.uk\/pl\/wp-json\/wp\/v2\/product_tag?post=5670"}],"curies":[{"name":"wp","href":"https:\/\/api.w.org\/{rel}","templated":true}]}}