{"id":5669,"date":"2016-05-03T09:30:34","date_gmt":"2016-05-03T08:30:34","guid":{"rendered":"http:\/\/peakart.co.uk\/product\/nowoczesny-szkieletowy-zegar-scienny\/"},"modified":"2023-03-23T22:52:34","modified_gmt":"2023-03-23T22:52:34","slug":"nowoczesny-szkieletowy-zegar-scienny","status":"publish","type":"product","link":"https:\/\/peakart.co.uk\/pl\/produkt\/nowoczesny-szkieletowy-zegar-scienny\/","title":{"rendered":"Nowoczesny Szkieletowy Zegar \u015acienny"},"content":{"rendered":"<h2>Pi\u0119kny nowoczesny zegar \u015bcienny o budowie szkieletowej wykonany z drewna<\/h2>\n<p>Czy intryguje Ci\u0119 nazwa tego wielkiego nowoczesnego zegara szkieletowego? Podobnie jak wszystkie pozosta\u0142e nowoczesne zegary \u015bcienne marki Peak Art, Marijuana to imponuj\u0105cy projekt. R\u0119cznie wyci\u0119ty, a\u017curowy wz\u00f3r rzymskich cyfr, przez kt\u00f3ry wida\u0107 \u015bcian\u0119, wpasuje si\u0119 idealnie w niemal ka\u017cde wn\u0119trze. Urody dodaje mu jeszcze r\u0119cznie malowana tarcza o niespotykanym wzorze.<\/p>\n<p>Szukasz wsp\u00f3\u0142czesnego, ekskluzywnego podarunku dla bliskiej Ci osoby? Pragniesz uzyska\u0107 efekt zaskoczenia, wr\u0119czaj\u0105c oryginalny prezent, nie do znalezienia na sklepowych wystawach? Ten zdumiewaj\u0105cy, nowoczesny czasomierz mo\u017ce sprawdzi\u0107 si\u0119 w tej roli wy\u015bmienicie! Jego tarcz\u0119 wyci\u0119to z pojedynczego panelu sosnowego drewna, uzyskuj\u0105c bardzo naturalny wygl\u0105d. Wskaz\u00f3wki pomalowano na wz\u00f3r li\u015bci o nier\u00f3wnej fakturze, w r\u00f3\u017cnych odcieniach zieleni. Ten a\u017curowy projekt marki Peak Art b\u0119dzie stanowi\u0107 wspania\u0142e dope\u0142nienie wystroju wi\u0119kszo\u015bci wsp\u00f3\u0142czesnych wn\u0119trz.<\/p>\n<p>Mechanizm zegara wymaga pojedynczej baterii C, kt\u00f3ra powinna wystarczy\u0107 na od sze\u015bciu do dziewi\u0119ciu miesi\u0119cy. Zegar dostarczamy ze zdemontowanymi wskaz\u00f3wkami, aby zapobiec ewentualnemu ich uszkodzeniu podczas transportu. Po otrzymaniu przesy\u0142ki zalecane jest obejrzenie tego kr\u00f3tkiego nagrania <a href=\"https:\/\/www.youtube.com\/watch?v=08Tq0lKFs30\">wideo<\/a>, w kt\u00f3rym wyja\u015bniono, jak ustawi\u0107 godzin\u0119.<\/p>\n<h2>Nowoczesny szkieletowy zegar \u015bcienny jako element dekoracji wn\u0119trz<\/h2>\n<p>Firma Peak Art specjalizuje si\u0119 w robieniu bardzo du\u017cych zegar\u00f3w wyra\u017caj\u0105cych indywidualno\u015b\u0107 ich posiadaczy. Kolekcja <a href=\"https:\/\/peakart.co.uk\/pl\/tag-produktu\/duze-zegary-rzymskie-szkieletowe\/\">zegar\u00f3w szkieletowych z cyframi rzymskimi<\/a> cieszy si\u0119 du\u017c\u0105 popularno\u015bci\u0105 po\u015br\u00f3d naszych klient\u00f3w. Te wspania\u0142e zegary powstaj\u0105 z przeznaczeniem do wn\u0119trz, poniewa\u017c nie s\u0105 odporne na warunki pogodowe. Umieszczaj\u0105c je w domu, biurze czy luksusowym apartamencie, nale\u017cy zadba\u0107 o to, by nie by\u0142y nara\u017cone na bezpo\u015brednie oddzia\u0142ywanie wysokiej temperatury b\u0105d\u017a wilgoci, poniewa\u017c mog\u0142oby to skr\u00f3ci\u0107 \u017cywotno\u015b\u0107 mechanizmu lub wysuszy\u0107 drewno.<\/p>\n<p>Do\u0142\u0105cz do spo\u0142eczno\u015bci <a href=\"https:\/\/www.facebook.com\/PeakArtClocks\/\">Peak Art na portalu Facebook<\/a> i razem zmieniajmy trendy ozdabiania pustych przestrzeni \u015bciennych. Nie trzeba pod\u0105\u017ca\u0107 za dotychczasow\u0105 mod\u0105 wieszania na nich du\u017cych obraz\u00f3w czy luster. Lepiej wyr\u00f3\u017cni\u0107 si\u0119 z t\u0142umu, wybieraj\u0105c naprawd\u0119 wyj\u0105tkowy produkt handmade.<\/p>\n<p>&nbsp;<\/p>\n","protected":false},"excerpt":{"rendered":"<p>Nowoczesny, bardzo du\u017cy zegar szkieletowy &#8220;Marijuana&#8221; zosta\u0142 wykonany r\u0119cznie z pojedynczego panelu drewna sosnowego pozyskanego ze zr\u00f3wnowa\u017conej uprawy. Na jego ol\u015bniewaj\u0105cej tarczy wida\u0107 starannie wyci\u0119te cyfry rzymskie w malowanej, drewnianej ramie, a przez prze\u015bwity a\u017curowej konstrukcji wida\u0107 \u015bcian\u0119. Ka\u017cdy z naszych zegar\u00f3w, tak\u017ce egzemplarze wykonane na podstawie podobnych wzor\u00f3w, jest unikatem i podobnie ma si\u0119 sprawa z tym modelem. &#8220;Marijuana&#8221; ma \u015brednic\u0119 75-120 cm, i intryguj\u0105c\u0105 powierzchni\u0119 powsta\u0142\u0105 z inspiracji natur\u0105; zda egzamin jako element najbardziej wyrafinowanego wystroju pomieszczenia.<\/p>\n<p><strong>Video<\/strong> &#8211;\u00a0<a href=\"https:\/\/www.youtube.com\/watch?v=_Gay_wgrMKE\">Nowoczesny Zegar Marijuana na Youtube<\/a><\/p>\n<p><strong>Projekt i R\u0119czne Wykonanie<\/strong>\u00a0&#8211;\u00a0Anna Siodelska, United Kingdom<\/p>\n<p><strong>Front<\/strong> \u2013 Marijuana<\/p>\n<p><strong>Ty\u0142<\/strong> \u2013\u00a0Transparentny \/ \u015aciana<\/p>\n","protected":false},"featured_media":33424,"comment_status":"closed","ping_status":"closed","template":"","meta":[],"product_brand":[],"product_cat":[56],"product_tag":[50,65,70,68,2671,53],"class_list":{"0":"post-5669","1":"product","2":"type-product","3":"status-publish","4":"has-post-thumbnail","6":"product_cat-duze-zegary-scienne","7":"product_tag-artystyczne-zegary-scienne","8":"product_tag-duze-zegary-dekoracyjne-na-sciane","9":"product_tag-duze-zegary-rzymskie-szkieletowe","10":"product_tag-drewniane-zegary-scienne-z-cyframi-rzymskimi","11":"product_tag-nietypowe-duze-zegary-scienne","12":"product_tag-zegary-drewniane-szkieletowe","13":"product_shipping_class-oversized-clocks-pl","15":"first","16":"instock","17":"sale","18":"taxable","19":"shipping-taxable","20":"purchasable","21":"product-type-variable"},"yoast_head":"<!-- This site is optimized with the Yoast SEO Premium plugin v27.2 (Yoast SEO v27.2) - https:\/\/yoast.com\/product\/yoast-seo-premium-wordpress\/ -->\n<title>Nowoczesne Zegary \u015acienne R\u0119cznie Wykonane z Drewna Sosnowego<\/title>\n<meta name=\"description\" content=\"&quot;Marijuana&quot; to Du\u017cy Nowoczesny Szkieletowy Zegar \u015acienny z Cyframi Rzymskimi, kt\u00f3ry stanowi wspania\u0142y dodatek dekoratorski\" \/>\n<meta name=\"robots\" content=\"index, follow, max-snippet:-1, max-image-preview:large, max-video-preview:-1\" \/>\n<link rel=\"canonical\" href=\"https:\/\/peakart.co.uk\/pl\/produkt\/nowoczesny-szkieletowy-zegar-scienny\/\" \/>\n<meta property=\"og:locale\" content=\"pl_PL\" \/>\n<meta property=\"og:type\" content=\"article\" \/>\n<meta property=\"og:title\" content=\"Nowoczesny Szkieletowy Zegar \u015acienny\" \/>\n<meta property=\"og:description\" content=\"&quot;Marijuana&quot; to Du\u017cy Nowoczesny Szkieletowy Zegar \u015acienny z Cyframi Rzymskimi, kt\u00f3ry stanowi wspania\u0142y dodatek dekoratorski\" \/>\n<meta property=\"og:url\" content=\"https:\/\/peakart.co.uk\/pl\/produkt\/nowoczesny-szkieletowy-zegar-scienny\/\" \/>\n<meta property=\"og:site_name\" content=\"Peak Art\" \/>\n<meta property=\"article:publisher\" content=\"https:\/\/www.facebook.com\/PeakArtClocks\/\" \/>\n<meta property=\"article:modified_time\" content=\"2023-03-23T22:52:34+00:00\" \/>\n<meta property=\"og:image\" content=\"https:\/\/peakart.co.uk\/wp-content\/uploads\/2016\/05\/Very-Large-Modern-Wall-Clocks-Home-Decor-Scale-1.jpg\" \/>\n\t<meta property=\"og:image:width\" content=\"900\" \/>\n\t<meta property=\"og:image:height\" content=\"600\" \/>\n\t<meta property=\"og:image:type\" content=\"image\/jpeg\" \/>\n<meta name=\"twitter:card\" content=\"summary_large_image\" \/>\n<meta name=\"twitter:label1\" content=\"Dost\u0119pno\u015b\u0107\" \/>\n\t<meta name=\"twitter:data1\" content=\"Dost\u0119pny\" \/>\n<script type=\"application\/ld+json\" class=\"yoast-schema-graph\">{\"@context\":\"https:\/\/schema.org\",\"@graph\":[{\"@type\":\"WebPage\",\"@id\":\"https:\/\/peakart.co.uk\/pl\/produkt\/nowoczesny-szkieletowy-zegar-scienny\/\",\"url\":\"https:\/\/peakart.co.uk\/pl\/produkt\/nowoczesny-szkieletowy-zegar-scienny\/\",\"name\":\"Nowoczesne Zegary \u015acienne R\u0119cznie Wykonane z Drewna Sosnowego\",\"isPartOf\":{\"@id\":\"https:\/\/peakart.co.uk\/de\/#website\"},\"primaryImageOfPage\":{\"@id\":\"https:\/\/peakart.co.uk\/pl\/produkt\/nowoczesny-szkieletowy-zegar-scienny\/#primaryimage\"},\"image\":{\"@id\":\"https:\/\/peakart.co.uk\/pl\/produkt\/nowoczesny-szkieletowy-zegar-scienny\/#primaryimage\"},\"thumbnailUrl\":\"https:\/\/peakart.co.uk\/wp-content\/uploads\/2016\/05\/Very-Large-Modern-Wall-Clocks-Home-Decor-Scale-1.jpg\",\"datePublished\":\"2016-05-03T08:30:34+00:00\",\"dateModified\":\"2023-03-23T22:52:34+00:00\",\"description\":\"\\\"Marijuana\\\" to Du\u017cy Nowoczesny Szkieletowy Zegar \u015acienny z Cyframi Rzymskimi, kt\u00f3ry stanowi wspania\u0142y dodatek dekoratorski\",\"breadcrumb\":{\"@id\":\"https:\/\/peakart.co.uk\/pl\/produkt\/nowoczesny-szkieletowy-zegar-scienny\/#breadcrumb\"},\"inLanguage\":\"pl-PL\",\"potentialAction\":[{\"@type\":\"ReadAction\",\"target\":[\"https:\/\/peakart.co.uk\/pl\/produkt\/nowoczesny-szkieletowy-zegar-scienny\/\"]}]},{\"@type\":\"ImageObject\",\"inLanguage\":\"pl-PL\",\"@id\":\"https:\/\/peakart.co.uk\/pl\/produkt\/nowoczesny-szkieletowy-zegar-scienny\/#primaryimage\",\"url\":\"https:\/\/peakart.co.uk\/wp-content\/uploads\/2016\/05\/Very-Large-Modern-Wall-Clocks-Home-Decor-Scale-1.jpg\",\"contentUrl\":\"https:\/\/peakart.co.uk\/wp-content\/uploads\/2016\/05\/Very-Large-Modern-Wall-Clocks-Home-Decor-Scale-1.jpg\",\"width\":900,\"height\":600},{\"@type\":\"BreadcrumbList\",\"@id\":\"https:\/\/peakart.co.uk\/pl\/produkt\/nowoczesny-szkieletowy-zegar-scienny\/#breadcrumb\",\"itemListElement\":[{\"@type\":\"ListItem\",\"position\":1,\"name\":\"Home\",\"item\":\"https:\/\/peakart.co.uk\/pl\/\"},{\"@type\":\"ListItem\",\"position\":2,\"name\":\"Sklep\",\"item\":\"https:\/\/peakart.co.uk\/pl\/sklep\/\"},{\"@type\":\"ListItem\",\"position\":3,\"name\":\"Nowoczesny Szkieletowy Zegar \u015acienny\"}]},{\"@type\":\"WebSite\",\"@id\":\"https:\/\/peakart.co.uk\/de\/#website\",\"url\":\"https:\/\/peakart.co.uk\/de\/\",\"name\":\"Peak Art\",\"description\":\"\",\"publisher\":{\"@id\":\"https:\/\/peakart.co.uk\/de\/#organization\"},\"potentialAction\":[{\"@type\":\"SearchAction\",\"target\":{\"@type\":\"EntryPoint\",\"urlTemplate\":\"https:\/\/peakart.co.uk\/de\/?s={search_term_string}\"},\"query-input\":{\"@type\":\"PropertyValueSpecification\",\"valueRequired\":true,\"valueName\":\"search_term_string\"}}],\"inLanguage\":\"pl-PL\"},{\"@type\":\"Organization\",\"@id\":\"https:\/\/peakart.co.uk\/de\/#organization\",\"name\":\"Peak Art\",\"url\":\"https:\/\/peakart.co.uk\/de\/\",\"logo\":{\"@type\":\"ImageObject\",\"inLanguage\":\"pl-PL\",\"@id\":\"https:\/\/peakart.co.uk\/de\/#\/schema\/logo\/image\/\",\"url\":\"https:\/\/peakart.co.uk\/wp-content\/uploads\/2023\/07\/logo-8.jpg\",\"contentUrl\":\"https:\/\/peakart.co.uk\/wp-content\/uploads\/2023\/07\/logo-8.jpg\",\"width\":666,\"height\":259,\"caption\":\"Peak Art\"},\"image\":{\"@id\":\"https:\/\/peakart.co.uk\/de\/#\/schema\/logo\/image\/\"},\"sameAs\":[\"https:\/\/www.facebook.com\/PeakArtClocks\/\"],\"hasMerchantReturnPolicy\":{\"@type\":\"MerchantReturnPolicy\",\"merchantReturnLink\":\"https:\/\/peakart.co.uk\/refund_returns\/\"}}]}<\/script>\n<meta property=\"og:availability\" content=\"instock\" \/>\n<meta property=\"product:availability\" content=\"instock\" \/>\n<meta property=\"product:retailer_item_id\" content=\"PEAKART-33896\" \/>\n<meta property=\"product:condition\" content=\"new\" \/>\n<!-- \/ Yoast SEO Premium plugin. -->","yoast_head_json":{"title":"Nowoczesne Zegary \u015acienne R\u0119cznie Wykonane z Drewna Sosnowego","description":"\"Marijuana\" to Du\u017cy Nowoczesny Szkieletowy Zegar \u015acienny z Cyframi Rzymskimi, kt\u00f3ry stanowi wspania\u0142y dodatek dekoratorski","robots":{"index":"index","follow":"follow","max-snippet":"max-snippet:-1","max-image-preview":"max-image-preview:large","max-video-preview":"max-video-preview:-1"},"canonical":"https:\/\/peakart.co.uk\/pl\/produkt\/nowoczesny-szkieletowy-zegar-scienny\/","og_locale":"pl_PL","og_type":"article","og_title":"Nowoczesny Szkieletowy Zegar \u015acienny","og_description":"\"Marijuana\" to Du\u017cy Nowoczesny Szkieletowy Zegar \u015acienny z Cyframi Rzymskimi, kt\u00f3ry stanowi wspania\u0142y dodatek dekoratorski","og_url":"https:\/\/peakart.co.uk\/pl\/produkt\/nowoczesny-szkieletowy-zegar-scienny\/","og_site_name":"Peak Art","article_publisher":"https:\/\/www.facebook.com\/PeakArtClocks\/","article_modified_time":"2023-03-23T22:52:34+00:00","og_image":[{"width":900,"height":600,"url":"https:\/\/peakart.co.uk\/wp-content\/uploads\/2016\/05\/Very-Large-Modern-Wall-Clocks-Home-Decor-Scale-1.jpg","type":"image\/jpeg"}],"twitter_card":"summary_large_image","twitter_misc":{"Dost\u0119pno\u015b\u0107":"Dost\u0119pny"},"schema":{"@context":"https:\/\/schema.org","@graph":[{"@type":"WebPage","@id":"https:\/\/peakart.co.uk\/pl\/produkt\/nowoczesny-szkieletowy-zegar-scienny\/","url":"https:\/\/peakart.co.uk\/pl\/produkt\/nowoczesny-szkieletowy-zegar-scienny\/","name":"Nowoczesne Zegary \u015acienne R\u0119cznie Wykonane z Drewna Sosnowego","isPartOf":{"@id":"https:\/\/peakart.co.uk\/de\/#website"},"primaryImageOfPage":{"@id":"https:\/\/peakart.co.uk\/pl\/produkt\/nowoczesny-szkieletowy-zegar-scienny\/#primaryimage"},"image":{"@id":"https:\/\/peakart.co.uk\/pl\/produkt\/nowoczesny-szkieletowy-zegar-scienny\/#primaryimage"},"thumbnailUrl":"https:\/\/peakart.co.uk\/wp-content\/uploads\/2016\/05\/Very-Large-Modern-Wall-Clocks-Home-Decor-Scale-1.jpg","datePublished":"2016-05-03T08:30:34+00:00","dateModified":"2023-03-23T22:52:34+00:00","description":"\"Marijuana\" to Du\u017cy Nowoczesny Szkieletowy Zegar \u015acienny z Cyframi Rzymskimi, kt\u00f3ry stanowi wspania\u0142y dodatek dekoratorski","breadcrumb":{"@id":"https:\/\/peakart.co.uk\/pl\/produkt\/nowoczesny-szkieletowy-zegar-scienny\/#breadcrumb"},"inLanguage":"pl-PL","potentialAction":[{"@type":"ReadAction","target":["https:\/\/peakart.co.uk\/pl\/produkt\/nowoczesny-szkieletowy-zegar-scienny\/"]}]},{"@type":"ImageObject","inLanguage":"pl-PL","@id":"https:\/\/peakart.co.uk\/pl\/produkt\/nowoczesny-szkieletowy-zegar-scienny\/#primaryimage","url":"https:\/\/peakart.co.uk\/wp-content\/uploads\/2016\/05\/Very-Large-Modern-Wall-Clocks-Home-Decor-Scale-1.jpg","contentUrl":"https:\/\/peakart.co.uk\/wp-content\/uploads\/2016\/05\/Very-Large-Modern-Wall-Clocks-Home-Decor-Scale-1.jpg","width":900,"height":600},{"@type":"BreadcrumbList","@id":"https:\/\/peakart.co.uk\/pl\/produkt\/nowoczesny-szkieletowy-zegar-scienny\/#breadcrumb","itemListElement":[{"@type":"ListItem","position":1,"name":"Home","item":"https:\/\/peakart.co.uk\/pl\/"},{"@type":"ListItem","position":2,"name":"Sklep","item":"https:\/\/peakart.co.uk\/pl\/sklep\/"},{"@type":"ListItem","position":3,"name":"Nowoczesny Szkieletowy Zegar \u015acienny"}]},{"@type":"WebSite","@id":"https:\/\/peakart.co.uk\/de\/#website","url":"https:\/\/peakart.co.uk\/de\/","name":"Peak Art","description":"","publisher":{"@id":"https:\/\/peakart.co.uk\/de\/#organization"},"potentialAction":[{"@type":"SearchAction","target":{"@type":"EntryPoint","urlTemplate":"https:\/\/peakart.co.uk\/de\/?s={search_term_string}"},"query-input":{"@type":"PropertyValueSpecification","valueRequired":true,"valueName":"search_term_string"}}],"inLanguage":"pl-PL"},{"@type":"Organization","@id":"https:\/\/peakart.co.uk\/de\/#organization","name":"Peak Art","url":"https:\/\/peakart.co.uk\/de\/","logo":{"@type":"ImageObject","inLanguage":"pl-PL","@id":"https:\/\/peakart.co.uk\/de\/#\/schema\/logo\/image\/","url":"https:\/\/peakart.co.uk\/wp-content\/uploads\/2023\/07\/logo-8.jpg","contentUrl":"https:\/\/peakart.co.uk\/wp-content\/uploads\/2023\/07\/logo-8.jpg","width":666,"height":259,"caption":"Peak Art"},"image":{"@id":"https:\/\/peakart.co.uk\/de\/#\/schema\/logo\/image\/"},"sameAs":["https:\/\/www.facebook.com\/PeakArtClocks\/"],"hasMerchantReturnPolicy":{"@type":"MerchantReturnPolicy","merchantReturnLink":"https:\/\/peakart.co.uk\/refund_returns\/"}}]},"og_availability":"instock","product_availability":"instock","product_retailer_item_id":"PEAKART-33896","product_condition":"new"},"_links":{"self":[{"href":"https:\/\/peakart.co.uk\/pl\/wp-json\/wp\/v2\/product\/5669","targetHints":{"allow":["GET"]}}],"collection":[{"href":"https:\/\/peakart.co.uk\/pl\/wp-json\/wp\/v2\/product"}],"about":[{"href":"https:\/\/peakart.co.uk\/pl\/wp-json\/wp\/v2\/types\/product"}],"replies":[{"embeddable":true,"href":"https:\/\/peakart.co.uk\/pl\/wp-json\/wp\/v2\/comments?post=5669"}],"wp:featuredmedia":[{"embeddable":true,"href":"https:\/\/peakart.co.uk\/pl\/wp-json\/wp\/v2\/media\/33424"}],"wp:attachment":[{"href":"https:\/\/peakart.co.uk\/pl\/wp-json\/wp\/v2\/media?parent=5669"}],"wp:term":[{"taxonomy":"product_brand","embeddable":true,"href":"https:\/\/peakart.co.uk\/pl\/wp-json\/wp\/v2\/product_brand?post=5669"},{"taxonomy":"product_cat","embeddable":true,"href":"https:\/\/peakart.co.uk\/pl\/wp-json\/wp\/v2\/product_cat?post=5669"},{"taxonomy":"product_tag","embeddable":true,"href":"https:\/\/peakart.co.uk\/pl\/wp-json\/wp\/v2\/product_tag?post=5669"}],"curies":[{"name":"wp","href":"https:\/\/api.w.org\/{rel}","templated":true}]}}