{"id":5668,"date":"2016-05-06T18:41:22","date_gmt":"2016-05-06T17:41:22","guid":{"rendered":"http:\/\/peakart.co.uk\/product\/stylowy-drewniany-zegar-scienny-shabby-chic\/"},"modified":"2023-03-24T17:24:40","modified_gmt":"2023-03-24T17:24:40","slug":"zegar-shabby-chic","status":"publish","type":"product","link":"https:\/\/peakart.co.uk\/pl\/produkt\/zegar-shabby-chic\/","title":{"rendered":"Zegar Shabby Chic R\u0119cznie Wykonany"},"content":{"rendered":"<h2>Du\u017cy zegar Shabby Chic z z cyframi rzymskimi<\/h2>\n<p>Ten wspania\u0142y zegar shabby chic jest ekscentrycznym dzie\u0142em sztuki do Twojego salonu. Sprawi niesamowite wra\u017cenie w ka\u017cdym stylowym wn\u0119trzu. Pi\u0119kny front pokazuje du\u017ce r\u0119cznie rze\u017abione cyfry rzymskie. Ponadto lekka, szkieletowa konstrukcja oznacza, \u017ce \u200b\u200bnie musisz si\u0119 martwi\u0107 o dopasowanie koloru \u015bciany do t\u0142a. Front zegara jest jedyny w swoim rodzaju, r\u0119cznie malowany z wyrazistymi rysami, aby doda\u0107 wi\u0119cej charakteru. Kr\u00f3tki filmik poni\u017cej w jezyku angielskim pokazuje ten zegar z innej perspektywy.<\/p>\n<p>Zegar shabby chic z firmy Peak Art to nie tylko urz\u0105dzenie do pokazywania czasu. Jest to r\u00f3wnie\u017c niezwyk\u0142y element dekoracyjny. Aby uzyska\u0107 tak po\u017c\u0105dany efekt &#8220;wow&#8221;, wycinamy front z pojedynczego du\u017cego panelu z drewna sosnowego. Takie post\u0119powanie dodaje niepowtarzalnego pi\u0119kna i naturalnego wygl\u0105du. W\u0105ska okr\u0105g\u0142a obr\u0119cz z ty\u0142u zapewnia tr\u00f3jwymiarowy wygl\u0105d i pomaga w ukryciu mechanizmu zegara.<\/p>\n<h2>Zegar shabby chic z kolekcji Peak Art b\u0105d\u017a na zam\u00f3wienie<\/h2>\n<p>Czy pr\u00f3bujesz wype\u0142ni\u0107 pust\u0105 przestrze\u0144 na \u015bcianie czym\u015b niekonwencjonalnym? Zegary Peak Art s\u0105 absolutnie rewelacyjnym nowym trendem w aran\u017cacji wn\u0119trz. Wierzymy, \u017ce stan\u0105 si\u0119 mod\u0105 w nadchodz\u0105cych latach. Nie musisz ju\u017c zastanawia\u0107 si\u0119 czy kupi\u0107 du\u017ce lustro czy obraz jak wszyscy.<\/p>\n<p>Zegar shabby chic to \u015bwietne i nietypowe rozwi\u0105zanie do dekoracji salonu. Je\u017celi masz ograniczon\u0105 powierzchnie na \u015bcianie to proponujemy najmniejszy rozmiar o \u015brednicy 75 cm. Dla klient\u00f3w, kt\u00f3rzy maj\u0105 wi\u0119ksz\u0105 powierzchni\u0119 do zagospodarowania mo\u017cemy wykona\u0107 ten sam zegar w rozmiarach 100 cm lub nawet 120 cm. Mamy r\u00f3wnie\u017c wiele innych\u00a0<a href=\"https:\/\/peakart.co.uk\/pl\/tag-produktu\/zegary-scienne-shabby-chic\/\">zegar\u00f3w \u015bciennych shabby chic<\/a>\u00a0w ofercie. Je\u017celi \u017caden z tych projekt\u00f3w nie pasuje do Twojego wn\u0119trza to wy\u015blij nam jakie\u015b zdj\u0119cia i zaprojektujemy razem co\u015b nowego.<\/p>\n<p>&nbsp;<\/p>\n<p>&nbsp;<\/p>\n","protected":false},"excerpt":{"rendered":"<p>Niesamowity r\u0119cznie robiony zegar shabby chic<b>,<\/b>\u00a0kt\u00f3ry bez w\u0105tpienia nada charakteru ka\u017cdemu pomieszczeniu. W ca\u0142o\u015bci wykonany z drewna sosnowego i r\u0119cznie malowany. Projekt zegara szkieletowego z cyframi rzymskimi wykonanego z drewna to wy\u0142\u0105czno\u015b\u0107 Peak Art.<\/p>\n<p><strong>Video<\/strong> &#8211;\u00a0<a href=\"https:\/\/www.youtube.com\/watch?v=4cfqVehxm2g\">Wielki zegar shabby chic na Youtube<\/a><\/p>\n<p><b>Projekt i R\u0119czne Wykonanie<\/b>\u00a0&#8211;\u00a0Anna Siodelska<\/p>\n<p><strong>Front<\/strong> \u2013 Shabby Chic \/ Szary<\/p>\n<p><strong>Ty\u0142<\/strong> \u2013\u00a0Transparentny<\/p>\n<p><strong>Uwaga \u2013 <\/strong>Rozmiar 75 cm ma troche inne kszta\u0142ty cyfr aby nie by\u0142y zbyt w\u0105skie. Przyk\u0142adowe zdj\u0119cie z innego projektu znajduje si\u0119\u00a0<a href=\"https:\/\/peakart.co.uk\/wp-content\/uploads\/2017\/09\/Unique-Large-Rustic-Grey-Wooden-Wall-Clock-Left.jpg\">Tutaj<\/a><\/p>\n","protected":false},"featured_media":32253,"comment_status":"closed","ping_status":"closed","template":"","meta":[],"product_brand":[],"product_cat":[56],"product_tag":[50,65,70,68,53,76],"class_list":{"0":"post-5668","1":"product","2":"type-product","3":"status-publish","4":"has-post-thumbnail","6":"product_cat-duze-zegary-scienne","7":"product_tag-artystyczne-zegary-scienne","8":"product_tag-duze-zegary-dekoracyjne-na-sciane","9":"product_tag-duze-zegary-rzymskie-szkieletowe","10":"product_tag-drewniane-zegary-scienne-z-cyframi-rzymskimi","11":"product_tag-zegary-drewniane-szkieletowe","12":"product_tag-zegary-scienne-shabby-chic","13":"product_shipping_class-oversized-clocks-pl","15":"first","16":"instock","17":"sale","18":"taxable","19":"shipping-taxable","20":"purchasable","21":"product-type-variable"},"yoast_head":"<!-- This site is optimized with the Yoast SEO Premium plugin v27.2 (Yoast SEO v27.2) - https:\/\/yoast.com\/product\/yoast-seo-premium-wordpress\/ -->\n<title>Zegar Shabby Chic Wykonany z Drewna. Dost\u0119pny w trzech rozmiarach.<\/title>\n<meta name=\"description\" content=\"Bardzo du\u017cy zegar shabby chic z cyframi rzymskimi. Drogie dzie\u0142o sztuki na \u015bcian\u0119 do salonu.\" \/>\n<meta name=\"robots\" content=\"index, follow, max-snippet:-1, max-image-preview:large, max-video-preview:-1\" \/>\n<link rel=\"canonical\" href=\"https:\/\/peakart.co.uk\/pl\/produkt\/zegar-shabby-chic\/\" \/>\n<meta property=\"og:locale\" content=\"pl_PL\" \/>\n<meta property=\"og:type\" content=\"article\" \/>\n<meta property=\"og:title\" content=\"Zegar Shabby Chic R\u0119cznie Wykonany\" \/>\n<meta property=\"og:description\" content=\"Bardzo du\u017cy zegar shabby chic z cyframi rzymskimi. Drogie dzie\u0142o sztuki na \u015bcian\u0119 do salonu.\" \/>\n<meta property=\"og:url\" content=\"https:\/\/peakart.co.uk\/pl\/produkt\/zegar-shabby-chic\/\" \/>\n<meta property=\"og:site_name\" content=\"Peak Art\" \/>\n<meta property=\"article:publisher\" content=\"https:\/\/www.facebook.com\/PeakArtClocks\/\" \/>\n<meta property=\"article:modified_time\" content=\"2023-03-24T17:24:40+00:00\" \/>\n<meta property=\"og:image\" content=\"https:\/\/peakart.co.uk\/wp-content\/uploads\/2016\/05\/Large-Shabby-Chic-French-Skeleton-Wall-Clock-1.jpg\" \/>\n\t<meta property=\"og:image:width\" content=\"900\" \/>\n\t<meta property=\"og:image:height\" content=\"610\" \/>\n\t<meta property=\"og:image:type\" content=\"image\/jpeg\" \/>\n<meta name=\"twitter:card\" content=\"summary_large_image\" \/>\n<meta name=\"twitter:label1\" content=\"Dost\u0119pno\u015b\u0107\" \/>\n\t<meta name=\"twitter:data1\" content=\"Dost\u0119pny\" \/>\n<script type=\"application\/ld+json\" class=\"yoast-schema-graph\">{\"@context\":\"https:\/\/schema.org\",\"@graph\":[{\"@type\":\"WebPage\",\"@id\":\"https:\/\/peakart.co.uk\/pl\/produkt\/zegar-shabby-chic\/\",\"url\":\"https:\/\/peakart.co.uk\/pl\/produkt\/zegar-shabby-chic\/\",\"name\":\"Zegar Shabby Chic Wykonany z Drewna. Dost\u0119pny w trzech rozmiarach.\",\"isPartOf\":{\"@id\":\"https:\/\/peakart.co.uk\/de\/#website\"},\"primaryImageOfPage\":{\"@id\":\"https:\/\/peakart.co.uk\/pl\/produkt\/zegar-shabby-chic\/#primaryimage\"},\"image\":{\"@id\":\"https:\/\/peakart.co.uk\/pl\/produkt\/zegar-shabby-chic\/#primaryimage\"},\"thumbnailUrl\":\"https:\/\/peakart.co.uk\/wp-content\/uploads\/2016\/05\/Large-Shabby-Chic-French-Skeleton-Wall-Clock-1.jpg\",\"datePublished\":\"2016-05-06T17:41:22+00:00\",\"dateModified\":\"2023-03-24T17:24:40+00:00\",\"description\":\"Bardzo du\u017cy zegar shabby chic z cyframi rzymskimi. Drogie dzie\u0142o sztuki na \u015bcian\u0119 do salonu.\",\"breadcrumb\":{\"@id\":\"https:\/\/peakart.co.uk\/pl\/produkt\/zegar-shabby-chic\/#breadcrumb\"},\"inLanguage\":\"pl-PL\",\"potentialAction\":[{\"@type\":\"ReadAction\",\"target\":[\"https:\/\/peakart.co.uk\/pl\/produkt\/zegar-shabby-chic\/\"]}]},{\"@type\":\"ImageObject\",\"inLanguage\":\"pl-PL\",\"@id\":\"https:\/\/peakart.co.uk\/pl\/produkt\/zegar-shabby-chic\/#primaryimage\",\"url\":\"https:\/\/peakart.co.uk\/wp-content\/uploads\/2016\/05\/Large-Shabby-Chic-French-Skeleton-Wall-Clock-1.jpg\",\"contentUrl\":\"https:\/\/peakart.co.uk\/wp-content\/uploads\/2016\/05\/Large-Shabby-Chic-French-Skeleton-Wall-Clock-1.jpg\",\"width\":900,\"height\":610},{\"@type\":\"BreadcrumbList\",\"@id\":\"https:\/\/peakart.co.uk\/pl\/produkt\/zegar-shabby-chic\/#breadcrumb\",\"itemListElement\":[{\"@type\":\"ListItem\",\"position\":1,\"name\":\"Home\",\"item\":\"https:\/\/peakart.co.uk\/pl\/\"},{\"@type\":\"ListItem\",\"position\":2,\"name\":\"Sklep\",\"item\":\"https:\/\/peakart.co.uk\/pl\/sklep\/\"},{\"@type\":\"ListItem\",\"position\":3,\"name\":\"Zegar Shabby Chic R\u0119cznie Wykonany\"}]},{\"@type\":\"WebSite\",\"@id\":\"https:\/\/peakart.co.uk\/de\/#website\",\"url\":\"https:\/\/peakart.co.uk\/de\/\",\"name\":\"Peak Art\",\"description\":\"\",\"publisher\":{\"@id\":\"https:\/\/peakart.co.uk\/de\/#organization\"},\"potentialAction\":[{\"@type\":\"SearchAction\",\"target\":{\"@type\":\"EntryPoint\",\"urlTemplate\":\"https:\/\/peakart.co.uk\/de\/?s={search_term_string}\"},\"query-input\":{\"@type\":\"PropertyValueSpecification\",\"valueRequired\":true,\"valueName\":\"search_term_string\"}}],\"inLanguage\":\"pl-PL\"},{\"@type\":\"Organization\",\"@id\":\"https:\/\/peakart.co.uk\/de\/#organization\",\"name\":\"Peak Art\",\"url\":\"https:\/\/peakart.co.uk\/de\/\",\"logo\":{\"@type\":\"ImageObject\",\"inLanguage\":\"pl-PL\",\"@id\":\"https:\/\/peakart.co.uk\/de\/#\/schema\/logo\/image\/\",\"url\":\"https:\/\/peakart.co.uk\/wp-content\/uploads\/2023\/07\/logo-8.jpg\",\"contentUrl\":\"https:\/\/peakart.co.uk\/wp-content\/uploads\/2023\/07\/logo-8.jpg\",\"width\":666,\"height\":259,\"caption\":\"Peak Art\"},\"image\":{\"@id\":\"https:\/\/peakart.co.uk\/de\/#\/schema\/logo\/image\/\"},\"sameAs\":[\"https:\/\/www.facebook.com\/PeakArtClocks\/\"],\"hasMerchantReturnPolicy\":{\"@type\":\"MerchantReturnPolicy\",\"merchantReturnLink\":\"https:\/\/peakart.co.uk\/refund_returns\/\"}}]}<\/script>\n<meta property=\"og:availability\" content=\"instock\" \/>\n<meta property=\"product:availability\" content=\"instock\" \/>\n<meta property=\"product:retailer_item_id\" content=\"PEAKART-51398\" \/>\n<meta property=\"product:condition\" content=\"new\" \/>\n<!-- \/ Yoast SEO Premium plugin. -->","yoast_head_json":{"title":"Zegar Shabby Chic Wykonany z Drewna. Dost\u0119pny w trzech rozmiarach.","description":"Bardzo du\u017cy zegar shabby chic z cyframi rzymskimi. Drogie dzie\u0142o sztuki na \u015bcian\u0119 do salonu.","robots":{"index":"index","follow":"follow","max-snippet":"max-snippet:-1","max-image-preview":"max-image-preview:large","max-video-preview":"max-video-preview:-1"},"canonical":"https:\/\/peakart.co.uk\/pl\/produkt\/zegar-shabby-chic\/","og_locale":"pl_PL","og_type":"article","og_title":"Zegar Shabby Chic R\u0119cznie Wykonany","og_description":"Bardzo du\u017cy zegar shabby chic z cyframi rzymskimi. Drogie dzie\u0142o sztuki na \u015bcian\u0119 do salonu.","og_url":"https:\/\/peakart.co.uk\/pl\/produkt\/zegar-shabby-chic\/","og_site_name":"Peak Art","article_publisher":"https:\/\/www.facebook.com\/PeakArtClocks\/","article_modified_time":"2023-03-24T17:24:40+00:00","og_image":[{"width":900,"height":610,"url":"https:\/\/peakart.co.uk\/wp-content\/uploads\/2016\/05\/Large-Shabby-Chic-French-Skeleton-Wall-Clock-1.jpg","type":"image\/jpeg"}],"twitter_card":"summary_large_image","twitter_misc":{"Dost\u0119pno\u015b\u0107":"Dost\u0119pny"},"schema":{"@context":"https:\/\/schema.org","@graph":[{"@type":"WebPage","@id":"https:\/\/peakart.co.uk\/pl\/produkt\/zegar-shabby-chic\/","url":"https:\/\/peakart.co.uk\/pl\/produkt\/zegar-shabby-chic\/","name":"Zegar Shabby Chic Wykonany z Drewna. Dost\u0119pny w trzech rozmiarach.","isPartOf":{"@id":"https:\/\/peakart.co.uk\/de\/#website"},"primaryImageOfPage":{"@id":"https:\/\/peakart.co.uk\/pl\/produkt\/zegar-shabby-chic\/#primaryimage"},"image":{"@id":"https:\/\/peakart.co.uk\/pl\/produkt\/zegar-shabby-chic\/#primaryimage"},"thumbnailUrl":"https:\/\/peakart.co.uk\/wp-content\/uploads\/2016\/05\/Large-Shabby-Chic-French-Skeleton-Wall-Clock-1.jpg","datePublished":"2016-05-06T17:41:22+00:00","dateModified":"2023-03-24T17:24:40+00:00","description":"Bardzo du\u017cy zegar shabby chic z cyframi rzymskimi. Drogie dzie\u0142o sztuki na \u015bcian\u0119 do salonu.","breadcrumb":{"@id":"https:\/\/peakart.co.uk\/pl\/produkt\/zegar-shabby-chic\/#breadcrumb"},"inLanguage":"pl-PL","potentialAction":[{"@type":"ReadAction","target":["https:\/\/peakart.co.uk\/pl\/produkt\/zegar-shabby-chic\/"]}]},{"@type":"ImageObject","inLanguage":"pl-PL","@id":"https:\/\/peakart.co.uk\/pl\/produkt\/zegar-shabby-chic\/#primaryimage","url":"https:\/\/peakart.co.uk\/wp-content\/uploads\/2016\/05\/Large-Shabby-Chic-French-Skeleton-Wall-Clock-1.jpg","contentUrl":"https:\/\/peakart.co.uk\/wp-content\/uploads\/2016\/05\/Large-Shabby-Chic-French-Skeleton-Wall-Clock-1.jpg","width":900,"height":610},{"@type":"BreadcrumbList","@id":"https:\/\/peakart.co.uk\/pl\/produkt\/zegar-shabby-chic\/#breadcrumb","itemListElement":[{"@type":"ListItem","position":1,"name":"Home","item":"https:\/\/peakart.co.uk\/pl\/"},{"@type":"ListItem","position":2,"name":"Sklep","item":"https:\/\/peakart.co.uk\/pl\/sklep\/"},{"@type":"ListItem","position":3,"name":"Zegar Shabby Chic R\u0119cznie Wykonany"}]},{"@type":"WebSite","@id":"https:\/\/peakart.co.uk\/de\/#website","url":"https:\/\/peakart.co.uk\/de\/","name":"Peak Art","description":"","publisher":{"@id":"https:\/\/peakart.co.uk\/de\/#organization"},"potentialAction":[{"@type":"SearchAction","target":{"@type":"EntryPoint","urlTemplate":"https:\/\/peakart.co.uk\/de\/?s={search_term_string}"},"query-input":{"@type":"PropertyValueSpecification","valueRequired":true,"valueName":"search_term_string"}}],"inLanguage":"pl-PL"},{"@type":"Organization","@id":"https:\/\/peakart.co.uk\/de\/#organization","name":"Peak Art","url":"https:\/\/peakart.co.uk\/de\/","logo":{"@type":"ImageObject","inLanguage":"pl-PL","@id":"https:\/\/peakart.co.uk\/de\/#\/schema\/logo\/image\/","url":"https:\/\/peakart.co.uk\/wp-content\/uploads\/2023\/07\/logo-8.jpg","contentUrl":"https:\/\/peakart.co.uk\/wp-content\/uploads\/2023\/07\/logo-8.jpg","width":666,"height":259,"caption":"Peak Art"},"image":{"@id":"https:\/\/peakart.co.uk\/de\/#\/schema\/logo\/image\/"},"sameAs":["https:\/\/www.facebook.com\/PeakArtClocks\/"],"hasMerchantReturnPolicy":{"@type":"MerchantReturnPolicy","merchantReturnLink":"https:\/\/peakart.co.uk\/refund_returns\/"}}]},"og_availability":"instock","product_availability":"instock","product_retailer_item_id":"PEAKART-51398","product_condition":"new"},"_links":{"self":[{"href":"https:\/\/peakart.co.uk\/pl\/wp-json\/wp\/v2\/product\/5668","targetHints":{"allow":["GET"]}}],"collection":[{"href":"https:\/\/peakart.co.uk\/pl\/wp-json\/wp\/v2\/product"}],"about":[{"href":"https:\/\/peakart.co.uk\/pl\/wp-json\/wp\/v2\/types\/product"}],"replies":[{"embeddable":true,"href":"https:\/\/peakart.co.uk\/pl\/wp-json\/wp\/v2\/comments?post=5668"}],"wp:featuredmedia":[{"embeddable":true,"href":"https:\/\/peakart.co.uk\/pl\/wp-json\/wp\/v2\/media\/32253"}],"wp:attachment":[{"href":"https:\/\/peakart.co.uk\/pl\/wp-json\/wp\/v2\/media?parent=5668"}],"wp:term":[{"taxonomy":"product_brand","embeddable":true,"href":"https:\/\/peakart.co.uk\/pl\/wp-json\/wp\/v2\/product_brand?post=5668"},{"taxonomy":"product_cat","embeddable":true,"href":"https:\/\/peakart.co.uk\/pl\/wp-json\/wp\/v2\/product_cat?post=5668"},{"taxonomy":"product_tag","embeddable":true,"href":"https:\/\/peakart.co.uk\/pl\/wp-json\/wp\/v2\/product_tag?post=5668"}],"curies":[{"name":"wp","href":"https:\/\/api.w.org\/{rel}","templated":true}]}}