{"id":5667,"date":"2016-10-03T13:57:47","date_gmt":"2016-10-03T12:57:47","guid":{"rendered":"http:\/\/peakart.co.uk\/product\/unikalny-projekt-dekoracyjny-zegar-scienny-100cm\/"},"modified":"2024-12-07T13:24:18","modified_gmt":"2024-12-07T13:24:18","slug":"wyjatkowy-zegar-wykonany-recznie","status":"publish","type":"product","link":"https:\/\/peakart.co.uk\/pl\/produkt\/wyjatkowy-zegar-wykonany-recznie\/","title":{"rendered":"Wyrafinowany, wyj\u0105tkowy, r\u0119cznie wykonany zegar"},"content":{"rendered":"<h2>Wyj\u0105tkowy zegar wykonany r\u0119cznie marki Peak Art dla os\u00f3b o wyrafinowanym gu\u015bcie<\/h2>\n<p>\u201eRafa koralowa\u201d to jeden z najbardziej niezwyk\u0142ych zegar\u00f3w wykonanych r\u0119cznie w Peak Art. Ten nadzwyczajny model powsta\u0142 z inspiracji zr\u00f3\u017cnicowanymi ekosystemami podwodnymi tworz\u0105cymi Wielk\u0105 Raf\u0119 Koralow\u0105. Wystarczy rzuci\u0107 okiem na to rzadkie, wspania\u0142e dzie\u0142o sztuki, by zgodzi\u0107 si\u0119, \u017ce nie ma takiego drugiego na ca\u0142ym \u015bwiecie. My sami nie byliby\u015bmy w stanie stworzy\u0107 drugiego identycznego zegara na zam\u00f3wienie, z oczywistych wzgl\u0119d\u00f3w. Ka\u017cdy zegar wykonany na indywidualne zam\u00f3wienie ma wyj\u0105tkowe cechy i w\u0142asny charakter.<\/p>\n<p>Czy chcesz zosta\u0107 dumnym w\u0142a\u015bcicielem tak unikatowego, zachwycaj\u0105cego dzie\u0142a sztuki? Nasz zapieraj\u0105cy dech w piersiach zegar wniesie czar i magi\u0119 do Twojego domu, nadaj\u0105c mu naturalnej urody. Je\u015bli szukasz czego\u015b naprawd\u0119 wyj\u0105tkowego, niespotykanego do\u0142\u0105cz do naszej <a href=\"https:\/\/www.facebook.com\/PeakArtClocks\/\">spo\u0142eczno\u015bci w portalu Facebook<\/a>.<\/p>\n<h2>Co sprawia, \u017ce ka\u017cdy r\u0119cznie wykonany zegar \u015bcienny jest tak niezwyk\u0142y<\/h2>\n<p>Produkty marki Peak Art cho\u0107 z wysokiej p\u00f3\u0142ki s\u0105 niekonwencjonalne i niepowtarzalne, co nie ma swojej ceny. W ca\u0142ym Internecie nie spos\u00f3b znale\u017a\u0107 innej firmy wykonuj\u0105cej zegary o takich wymiarach z r\u00f3wn\u0105 pasj\u0105. Zapraszamy do zerkni\u0119cia na nasz <a href=\"https:\/\/peakart.co.uk\/pl\/blog-post\/recznie-robione-zegary-scienne\/\">blog<\/a>, gdzie mo\u017cna dowiedzie\u0107 si\u0119, dlaczego klienci si\u0119gaj\u0105 po zegary r\u0119cznie wykonane zamiast produkowanych masowo. Nie pod\u0105\u017caj \u015blepo za trendami, jak 99% os\u00f3b, i do\u0142\u0105cz do niewielkiej grupy os\u00f3b ceni\u0105cych sobie ekskluzywno\u015b\u0107 i niebanalny styl.<\/p>\n<p>&nbsp;<\/p>\n","protected":false},"excerpt":{"rendered":"<p>Zegar \u201eRafa koralowa\u201d to najnowszy dodatek do naszej linii zegar\u00f3w artystycznych. Wszystkie zegary marki Peak Art to wykonane i pomalowane r\u0119cznie dzie\u0142a sztuki o nietuzinkowym charakterze. Je\u015bli szukasz czego\u015b, czego nie znajdzie si\u0119 w sklepowej witrynie, ten czasomierz mo\u017ce by\u0107 doskona\u0142ym wyborem.<\/p>\n<p><strong>Projekt i r\u0119czne wykonanie<\/strong> \u2013 Anna Siodelska, Wielka Brytania<\/p>\n<p><strong>Kolor tarczy<\/strong> \u2013 koralowy<\/p>\n<p><strong>Kolor t\u0142a<\/strong> \u2013 transparentny<\/p>\n","protected":false},"featured_media":32379,"comment_status":"closed","ping_status":"closed","template":"","meta":[],"product_brand":[],"product_cat":[56],"product_tag":[50,65,2671,53],"class_list":{"0":"post-5667","1":"product","2":"type-product","3":"status-publish","4":"has-post-thumbnail","6":"product_cat-duze-zegary-scienne","7":"product_tag-artystyczne-zegary-scienne","8":"product_tag-duze-zegary-dekoracyjne-na-sciane","9":"product_tag-nietypowe-duze-zegary-scienne","10":"product_tag-zegary-drewniane-szkieletowe","11":"product_shipping_class-oversized-clocks-pl","13":"first","14":"instock","15":"sale","16":"taxable","17":"shipping-taxable","18":"purchasable","19":"product-type-variable"},"yoast_head":"<!-- This site is optimized with the Yoast SEO Premium plugin v27.2 (Yoast SEO v27.2) - https:\/\/yoast.com\/product\/yoast-seo-premium-wordpress\/ -->\n<title>bardzo du\u017cy, pi\u0119kny i wyj\u0105tkowy, r\u0119cznie wykonany zegar<\/title>\n<meta name=\"description\" content=\"\u201eRafa koralowa\u201d to najbardziej niesamowity, wyj\u0105tkowy zegar wykonany r\u0119cznie, na jaki mo\u017cna trafi\u0107. Zosta\u0142 zrobiony z drewna i pomalowany r\u0119cznie.\" \/>\n<meta name=\"robots\" content=\"index, follow, max-snippet:-1, max-image-preview:large, max-video-preview:-1\" \/>\n<link rel=\"canonical\" href=\"https:\/\/peakart.co.uk\/pl\/produkt\/wyjatkowy-zegar-wykonany-recznie\/\" \/>\n<meta property=\"og:locale\" content=\"pl_PL\" \/>\n<meta property=\"og:type\" content=\"article\" \/>\n<meta property=\"og:title\" content=\"Wyrafinowany, wyj\u0105tkowy, r\u0119cznie wykonany zegar\" \/>\n<meta property=\"og:description\" content=\"\u201eRafa koralowa\u201d to najbardziej niesamowity, wyj\u0105tkowy zegar wykonany r\u0119cznie, na jaki mo\u017cna trafi\u0107. Zosta\u0142 zrobiony z drewna i pomalowany r\u0119cznie.\" \/>\n<meta property=\"og:url\" content=\"https:\/\/peakart.co.uk\/pl\/produkt\/wyjatkowy-zegar-wykonany-recznie\/\" \/>\n<meta property=\"og:site_name\" content=\"Peak Art\" \/>\n<meta property=\"article:publisher\" content=\"https:\/\/www.facebook.com\/PeakArtClocks\/\" \/>\n<meta property=\"article:modified_time\" content=\"2024-12-07T13:24:18+00:00\" \/>\n<meta property=\"og:image\" content=\"https:\/\/peakart.co.uk\/wp-content\/uploads\/2016\/10\/Oversize-Skeleton-Artistic-Wall-Clock-Coral-Reef-Zoom-1-scaled.jpg\" \/>\n\t<meta property=\"og:image:width\" content=\"2560\" \/>\n\t<meta property=\"og:image:height\" content=\"1764\" \/>\n\t<meta property=\"og:image:type\" content=\"image\/jpeg\" \/>\n<meta name=\"twitter:card\" content=\"summary_large_image\" \/>\n<meta name=\"twitter:label1\" content=\"Dost\u0119pno\u015b\u0107\" \/>\n\t<meta name=\"twitter:data1\" content=\"Dost\u0119pny\" \/>\n<script type=\"application\/ld+json\" class=\"yoast-schema-graph\">{\"@context\":\"https:\/\/schema.org\",\"@graph\":[{\"@type\":\"WebPage\",\"@id\":\"https:\/\/peakart.co.uk\/pl\/produkt\/wyjatkowy-zegar-wykonany-recznie\/\",\"url\":\"https:\/\/peakart.co.uk\/pl\/produkt\/wyjatkowy-zegar-wykonany-recznie\/\",\"name\":\"bardzo du\u017cy, pi\u0119kny i wyj\u0105tkowy, r\u0119cznie wykonany zegar\",\"isPartOf\":{\"@id\":\"https:\/\/peakart.co.uk\/de\/#website\"},\"primaryImageOfPage\":{\"@id\":\"https:\/\/peakart.co.uk\/pl\/produkt\/wyjatkowy-zegar-wykonany-recznie\/#primaryimage\"},\"image\":{\"@id\":\"https:\/\/peakart.co.uk\/pl\/produkt\/wyjatkowy-zegar-wykonany-recznie\/#primaryimage\"},\"thumbnailUrl\":\"https:\/\/peakart.co.uk\/wp-content\/uploads\/2016\/10\/Oversize-Skeleton-Artistic-Wall-Clock-Coral-Reef-Zoom-1-scaled.jpg\",\"datePublished\":\"2016-10-03T12:57:47+00:00\",\"dateModified\":\"2024-12-07T13:24:18+00:00\",\"description\":\"\u201eRafa koralowa\u201d to najbardziej niesamowity, wyj\u0105tkowy zegar wykonany r\u0119cznie, na jaki mo\u017cna trafi\u0107. Zosta\u0142 zrobiony z drewna i pomalowany r\u0119cznie.\",\"breadcrumb\":{\"@id\":\"https:\/\/peakart.co.uk\/pl\/produkt\/wyjatkowy-zegar-wykonany-recznie\/#breadcrumb\"},\"inLanguage\":\"pl-PL\",\"potentialAction\":[{\"@type\":\"ReadAction\",\"target\":[\"https:\/\/peakart.co.uk\/pl\/produkt\/wyjatkowy-zegar-wykonany-recznie\/\"]}]},{\"@type\":\"ImageObject\",\"inLanguage\":\"pl-PL\",\"@id\":\"https:\/\/peakart.co.uk\/pl\/produkt\/wyjatkowy-zegar-wykonany-recznie\/#primaryimage\",\"url\":\"https:\/\/peakart.co.uk\/wp-content\/uploads\/2016\/10\/Oversize-Skeleton-Artistic-Wall-Clock-Coral-Reef-Zoom-1-scaled.jpg\",\"contentUrl\":\"https:\/\/peakart.co.uk\/wp-content\/uploads\/2016\/10\/Oversize-Skeleton-Artistic-Wall-Clock-Coral-Reef-Zoom-1-scaled.jpg\",\"width\":2560,\"height\":1764},{\"@type\":\"BreadcrumbList\",\"@id\":\"https:\/\/peakart.co.uk\/pl\/produkt\/wyjatkowy-zegar-wykonany-recznie\/#breadcrumb\",\"itemListElement\":[{\"@type\":\"ListItem\",\"position\":1,\"name\":\"Home\",\"item\":\"https:\/\/peakart.co.uk\/pl\/\"},{\"@type\":\"ListItem\",\"position\":2,\"name\":\"Sklep\",\"item\":\"https:\/\/peakart.co.uk\/pl\/sklep\/\"},{\"@type\":\"ListItem\",\"position\":3,\"name\":\"Wyrafinowany, wyj\u0105tkowy, r\u0119cznie wykonany zegar\"}]},{\"@type\":\"WebSite\",\"@id\":\"https:\/\/peakart.co.uk\/de\/#website\",\"url\":\"https:\/\/peakart.co.uk\/de\/\",\"name\":\"Peak Art\",\"description\":\"\",\"publisher\":{\"@id\":\"https:\/\/peakart.co.uk\/de\/#organization\"},\"potentialAction\":[{\"@type\":\"SearchAction\",\"target\":{\"@type\":\"EntryPoint\",\"urlTemplate\":\"https:\/\/peakart.co.uk\/de\/?s={search_term_string}\"},\"query-input\":{\"@type\":\"PropertyValueSpecification\",\"valueRequired\":true,\"valueName\":\"search_term_string\"}}],\"inLanguage\":\"pl-PL\"},{\"@type\":\"Organization\",\"@id\":\"https:\/\/peakart.co.uk\/de\/#organization\",\"name\":\"Peak Art\",\"url\":\"https:\/\/peakart.co.uk\/de\/\",\"logo\":{\"@type\":\"ImageObject\",\"inLanguage\":\"pl-PL\",\"@id\":\"https:\/\/peakart.co.uk\/de\/#\/schema\/logo\/image\/\",\"url\":\"https:\/\/peakart.co.uk\/wp-content\/uploads\/2023\/07\/logo-8.jpg\",\"contentUrl\":\"https:\/\/peakart.co.uk\/wp-content\/uploads\/2023\/07\/logo-8.jpg\",\"width\":666,\"height\":259,\"caption\":\"Peak Art\"},\"image\":{\"@id\":\"https:\/\/peakart.co.uk\/de\/#\/schema\/logo\/image\/\"},\"sameAs\":[\"https:\/\/www.facebook.com\/PeakArtClocks\/\"],\"hasMerchantReturnPolicy\":{\"@type\":\"MerchantReturnPolicy\",\"merchantReturnLink\":\"https:\/\/peakart.co.uk\/refund_returns\/\"}}]}<\/script>\n<meta property=\"og:availability\" content=\"instock\" \/>\n<meta property=\"product:availability\" content=\"instock\" \/>\n<meta property=\"product:retailer_item_id\" content=\"PEAKART-17262\" \/>\n<meta property=\"product:condition\" content=\"new\" \/>\n<!-- \/ Yoast SEO Premium plugin. -->","yoast_head_json":{"title":"bardzo du\u017cy, pi\u0119kny i wyj\u0105tkowy, r\u0119cznie wykonany zegar","description":"\u201eRafa koralowa\u201d to najbardziej niesamowity, wyj\u0105tkowy zegar wykonany r\u0119cznie, na jaki mo\u017cna trafi\u0107. Zosta\u0142 zrobiony z drewna i pomalowany r\u0119cznie.","robots":{"index":"index","follow":"follow","max-snippet":"max-snippet:-1","max-image-preview":"max-image-preview:large","max-video-preview":"max-video-preview:-1"},"canonical":"https:\/\/peakart.co.uk\/pl\/produkt\/wyjatkowy-zegar-wykonany-recznie\/","og_locale":"pl_PL","og_type":"article","og_title":"Wyrafinowany, wyj\u0105tkowy, r\u0119cznie wykonany zegar","og_description":"\u201eRafa koralowa\u201d to najbardziej niesamowity, wyj\u0105tkowy zegar wykonany r\u0119cznie, na jaki mo\u017cna trafi\u0107. Zosta\u0142 zrobiony z drewna i pomalowany r\u0119cznie.","og_url":"https:\/\/peakart.co.uk\/pl\/produkt\/wyjatkowy-zegar-wykonany-recznie\/","og_site_name":"Peak Art","article_publisher":"https:\/\/www.facebook.com\/PeakArtClocks\/","article_modified_time":"2024-12-07T13:24:18+00:00","og_image":[{"width":2560,"height":1764,"url":"https:\/\/peakart.co.uk\/wp-content\/uploads\/2016\/10\/Oversize-Skeleton-Artistic-Wall-Clock-Coral-Reef-Zoom-1-scaled.jpg","type":"image\/jpeg"}],"twitter_card":"summary_large_image","twitter_misc":{"Dost\u0119pno\u015b\u0107":"Dost\u0119pny"},"schema":{"@context":"https:\/\/schema.org","@graph":[{"@type":"WebPage","@id":"https:\/\/peakart.co.uk\/pl\/produkt\/wyjatkowy-zegar-wykonany-recznie\/","url":"https:\/\/peakart.co.uk\/pl\/produkt\/wyjatkowy-zegar-wykonany-recznie\/","name":"bardzo du\u017cy, pi\u0119kny i wyj\u0105tkowy, r\u0119cznie wykonany zegar","isPartOf":{"@id":"https:\/\/peakart.co.uk\/de\/#website"},"primaryImageOfPage":{"@id":"https:\/\/peakart.co.uk\/pl\/produkt\/wyjatkowy-zegar-wykonany-recznie\/#primaryimage"},"image":{"@id":"https:\/\/peakart.co.uk\/pl\/produkt\/wyjatkowy-zegar-wykonany-recznie\/#primaryimage"},"thumbnailUrl":"https:\/\/peakart.co.uk\/wp-content\/uploads\/2016\/10\/Oversize-Skeleton-Artistic-Wall-Clock-Coral-Reef-Zoom-1-scaled.jpg","datePublished":"2016-10-03T12:57:47+00:00","dateModified":"2024-12-07T13:24:18+00:00","description":"\u201eRafa koralowa\u201d to najbardziej niesamowity, wyj\u0105tkowy zegar wykonany r\u0119cznie, na jaki mo\u017cna trafi\u0107. Zosta\u0142 zrobiony z drewna i pomalowany r\u0119cznie.","breadcrumb":{"@id":"https:\/\/peakart.co.uk\/pl\/produkt\/wyjatkowy-zegar-wykonany-recznie\/#breadcrumb"},"inLanguage":"pl-PL","potentialAction":[{"@type":"ReadAction","target":["https:\/\/peakart.co.uk\/pl\/produkt\/wyjatkowy-zegar-wykonany-recznie\/"]}]},{"@type":"ImageObject","inLanguage":"pl-PL","@id":"https:\/\/peakart.co.uk\/pl\/produkt\/wyjatkowy-zegar-wykonany-recznie\/#primaryimage","url":"https:\/\/peakart.co.uk\/wp-content\/uploads\/2016\/10\/Oversize-Skeleton-Artistic-Wall-Clock-Coral-Reef-Zoom-1-scaled.jpg","contentUrl":"https:\/\/peakart.co.uk\/wp-content\/uploads\/2016\/10\/Oversize-Skeleton-Artistic-Wall-Clock-Coral-Reef-Zoom-1-scaled.jpg","width":2560,"height":1764},{"@type":"BreadcrumbList","@id":"https:\/\/peakart.co.uk\/pl\/produkt\/wyjatkowy-zegar-wykonany-recznie\/#breadcrumb","itemListElement":[{"@type":"ListItem","position":1,"name":"Home","item":"https:\/\/peakart.co.uk\/pl\/"},{"@type":"ListItem","position":2,"name":"Sklep","item":"https:\/\/peakart.co.uk\/pl\/sklep\/"},{"@type":"ListItem","position":3,"name":"Wyrafinowany, wyj\u0105tkowy, r\u0119cznie wykonany zegar"}]},{"@type":"WebSite","@id":"https:\/\/peakart.co.uk\/de\/#website","url":"https:\/\/peakart.co.uk\/de\/","name":"Peak Art","description":"","publisher":{"@id":"https:\/\/peakart.co.uk\/de\/#organization"},"potentialAction":[{"@type":"SearchAction","target":{"@type":"EntryPoint","urlTemplate":"https:\/\/peakart.co.uk\/de\/?s={search_term_string}"},"query-input":{"@type":"PropertyValueSpecification","valueRequired":true,"valueName":"search_term_string"}}],"inLanguage":"pl-PL"},{"@type":"Organization","@id":"https:\/\/peakart.co.uk\/de\/#organization","name":"Peak Art","url":"https:\/\/peakart.co.uk\/de\/","logo":{"@type":"ImageObject","inLanguage":"pl-PL","@id":"https:\/\/peakart.co.uk\/de\/#\/schema\/logo\/image\/","url":"https:\/\/peakart.co.uk\/wp-content\/uploads\/2023\/07\/logo-8.jpg","contentUrl":"https:\/\/peakart.co.uk\/wp-content\/uploads\/2023\/07\/logo-8.jpg","width":666,"height":259,"caption":"Peak Art"},"image":{"@id":"https:\/\/peakart.co.uk\/de\/#\/schema\/logo\/image\/"},"sameAs":["https:\/\/www.facebook.com\/PeakArtClocks\/"],"hasMerchantReturnPolicy":{"@type":"MerchantReturnPolicy","merchantReturnLink":"https:\/\/peakart.co.uk\/refund_returns\/"}}]},"og_availability":"instock","product_availability":"instock","product_retailer_item_id":"PEAKART-17262","product_condition":"new"},"_links":{"self":[{"href":"https:\/\/peakart.co.uk\/pl\/wp-json\/wp\/v2\/product\/5667","targetHints":{"allow":["GET"]}}],"collection":[{"href":"https:\/\/peakart.co.uk\/pl\/wp-json\/wp\/v2\/product"}],"about":[{"href":"https:\/\/peakart.co.uk\/pl\/wp-json\/wp\/v2\/types\/product"}],"replies":[{"embeddable":true,"href":"https:\/\/peakart.co.uk\/pl\/wp-json\/wp\/v2\/comments?post=5667"}],"wp:featuredmedia":[{"embeddable":true,"href":"https:\/\/peakart.co.uk\/pl\/wp-json\/wp\/v2\/media\/32379"}],"wp:attachment":[{"href":"https:\/\/peakart.co.uk\/pl\/wp-json\/wp\/v2\/media?parent=5667"}],"wp:term":[{"taxonomy":"product_brand","embeddable":true,"href":"https:\/\/peakart.co.uk\/pl\/wp-json\/wp\/v2\/product_brand?post=5667"},{"taxonomy":"product_cat","embeddable":true,"href":"https:\/\/peakart.co.uk\/pl\/wp-json\/wp\/v2\/product_cat?post=5667"},{"taxonomy":"product_tag","embeddable":true,"href":"https:\/\/peakart.co.uk\/pl\/wp-json\/wp\/v2\/product_tag?post=5667"}],"curies":[{"name":"wp","href":"https:\/\/api.w.org\/{rel}","templated":true}]}}