{"id":5666,"date":"2016-11-01T19:30:12","date_gmt":"2016-11-01T19:30:12","guid":{"rendered":"http:\/\/peakart.co.uk\/product\/nadzwyczajne-rekodzielo-zegar-scienny\/"},"modified":"2025-04-13T11:57:09","modified_gmt":"2025-04-13T10:57:09","slug":"zegar-designerski","status":"publish","type":"product","link":"https:\/\/peakart.co.uk\/pl\/produkt\/zegar-designerski\/","title":{"rendered":"Niesamowity Zegar Designerski na \u015acian\u0119"},"content":{"rendered":"<h3>Niezwyk\u0142y r\u0119cznie wykonany zegar designerski<\/h3>\n<p>Ten pi\u0119kny, zegar designerski powsta\u0142 w zwi\u0105zku z fascynacj\u0105 bogactwem podwodnego \u015bwiata, z jego ol\u015bniewaj\u0105c\u0105 feeri\u0105 barw i r\u00f3\u017cnorodno\u015bci\u0105 form \u017cycia. G\u0142\u0119bokie odcienie niebieskiego koloru pokrywaj\u0105cego tarcz\u0119 zegara uzupe\u0142niono kontrastuj\u0105cymi \u017c\u00f3\u0142tymi i pomara\u0144czowymi akcentami. Barwy tylnej obr\u0119czy s\u0105 mniej intensywne, tak aby podkre\u015bli\u0107 urod\u0119 pierwszego planu. A\u017curowa forma i bogata ornamentacja sk\u0142adaj\u0105 si\u0119 na atrakcyjny, egzotyczny wygl\u0105d tego nietuzinkowego modelu.<\/p>\n<p>Zegar designerski &#8220;Deep Blue&#8221; wykonali\u015bmy r\u0119cznie z dw\u00f3ch paneli drewna sosnowego. To wyj\u0105tkowy zegar, zar\u00f3wno z uwagi na r\u0119czne wykonanie, jak i unikalny projekt. W przeciwie\u0144stwie do innych du\u017cych zegar\u00f3w dost\u0119pnych na rynku, w wi\u0119kszo\u015bci wykonanych z p\u0142yty pil\u015bniowej, &#8220;Deep Blue&#8221; ma solidn\u0105 drewnian\u0105 konstrukcj\u0119. Mechanizm zegara nale\u017cy do najefektywniejszych na rynku. Do jego obs\u0142ugi potrzebna jest bateria C. Metalowe wskaz\u00f3wki poruszaj\u0105 si\u0119 na stylowej tarczy pomalowanej nietoksycznymi farbami do drewna. Ca\u0142o\u015b\u0107 pokryta jest warstw\u0105 wosku, kt\u00f3ry nadaje mi\u0119kkiego po\u0142ysku.<\/p>\n<h3>Zegar designerski\u00a0 Peak Art wywo\u0142a niesamowite wra\u017cenie<\/h3>\n<p>&#8220;Deep Blue&#8221; to nie tylko urz\u0105dzenie do pomiaru czasu, ale najbardziej niezwyk\u0142e dzie\u0142o sztuki.\u00a0Nape\u0142ni tw\u00f3j dom charyzm\u0105 i energi\u0105. Niepowtarzalny design i pi\u0119kno sprawia, \u017ce jest to idealny wyb\u00f3r dla tych, kt\u00f3rzy szukaj\u0105 czego\u015b ekskluzywnego. Budowa szkieletowa tego zegara sprawia, \u017ce wygl\u0105da tr\u00f3jwymiarowo i pasuje do wielu r\u00f3\u017cnych wn\u0119trz, niezale\u017cnie od koloru \u015bciany. Do\u0142\u0105cz do naszej spo\u0142eczno\u015bci na <a href=\"https:\/\/www.facebook.com\/PeakArtClocks\/\">Facebooku<\/a>, aby przedstawi\u0107 swoje opinie i komentarze.<\/p>\n<p>Je\u015bli wybierzesz dowolny zegar designerski z Peak Art mo\u017cesz by\u0107 pewny, \u017ce nikt inny nie posiada identycznego modelu. Jeste\u015bmy nowym biznesem online, kt\u00f3ry zajmuje si\u0119 projektowaniem i wykonaniem <a href=\"https:\/\/peakart.co.uk\/pl\/tag-produktu\/duze-zegary-dekoracyjne-na-sciane\/\">wielkich zegar\u00f3w dekoracyjnych<\/a>.\u00a0Ka\u017cdy zegar z naszej kolekcji ma indywidualne cechy i charakter dzi\u0119ki r\u0119cznie wykonanej pracy.\u00a0Podczas gdy oryginalny projekt &#8220;Deep Blue&#8221; mierzy 100 cm, mo\u017cemy go teraz r\u00f3wnie\u017c wykona\u0107 w dw\u00f3ch innych rozmiarach w zale\u017cno\u015bci od dost\u0119pnego miejsca na \u015bcianie.<\/p>\n","protected":false},"excerpt":{"rendered":"<p>Bardzo du\u017cy i imponuj\u0105cy zegar designerski wykonany z drewna sosnowego i r\u0119cznie pomalowany. Dost\u0119pny w trzech r\u00f3\u017cnych rozmiarach, w zale\u017cno\u015bci od zapotrzebowania.<\/p>\n<p><strong>Projekt i R\u0119czne Wykonanie<\/strong>\u00a0&#8211;\u00a0Anna Siodelska, United Kingdom<\/p>\n<p><b>Front<\/b>\u00a0\u2013\u00a0Deep Blue<\/p>\n<p><b>Ty\u0142<\/b>\u2013 Transparentny<\/p>\n<p>&nbsp;<\/p>\n","protected":false},"featured_media":32220,"comment_status":"closed","ping_status":"closed","template":"","meta":[],"product_brand":[],"product_cat":[56],"product_tag":[50,65,2138,2671,2672,53],"class_list":{"0":"post-5666","1":"product","2":"type-product","3":"status-publish","4":"has-post-thumbnail","6":"product_cat-duze-zegary-scienne","7":"product_tag-artystyczne-zegary-scienne","8":"product_tag-duze-zegary-dekoracyjne-na-sciane","9":"product_tag-duze-zegary-scienne","10":"product_tag-nietypowe-duze-zegary-scienne","11":"product_tag-unikalne-duze-zegary-scienne","12":"product_tag-zegary-drewniane-szkieletowe","13":"product_shipping_class-oversized-clocks-pl","15":"first","16":"instock","17":"sale","18":"featured","19":"taxable","20":"shipping-taxable","21":"purchasable","22":"product-type-variable"},"yoast_head":"<!-- This site is optimized with the Yoast SEO Premium plugin v27.2 (Yoast SEO v27.2) - https:\/\/yoast.com\/product\/yoast-seo-premium-wordpress\/ -->\n<title>Niesamowity Zegar Desigerski dost\u0119pny w trzech r\u00f3\u017cnych rozmiarach<\/title>\n<meta name=\"description\" content=\"Zegar Designerski &quot;Deep Blue&quot; jest zainspirowany bogactwem \u015bwiata podwodnego i rafy koralowej.\" \/>\n<meta name=\"robots\" content=\"index, follow, max-snippet:-1, max-image-preview:large, max-video-preview:-1\" \/>\n<link rel=\"canonical\" href=\"https:\/\/peakart.co.uk\/pl\/produkt\/zegar-designerski\/\" \/>\n<meta property=\"og:locale\" content=\"pl_PL\" \/>\n<meta property=\"og:type\" content=\"article\" \/>\n<meta property=\"og:title\" content=\"Niesamowity Zegar Designerski na \u015acian\u0119\" \/>\n<meta property=\"og:description\" content=\"Zegar Designerski &quot;Deep Blue&quot; jest zainspirowany bogactwem \u015bwiata podwodnego i rafy koralowej.\" \/>\n<meta property=\"og:url\" content=\"https:\/\/peakart.co.uk\/pl\/produkt\/zegar-designerski\/\" \/>\n<meta property=\"og:site_name\" content=\"Peak Art\" \/>\n<meta property=\"article:publisher\" content=\"https:\/\/www.facebook.com\/PeakArtClocks\/\" \/>\n<meta property=\"article:modified_time\" content=\"2025-04-13T10:57:09+00:00\" \/>\n<meta property=\"og:image\" content=\"https:\/\/peakart.co.uk\/wp-content\/uploads\/2016\/11\/IMG_2900-scaled-e1714760503589.jpg\" \/>\n\t<meta property=\"og:image:width\" content=\"2560\" \/>\n\t<meta property=\"og:image:height\" content=\"1707\" \/>\n\t<meta property=\"og:image:type\" content=\"image\/jpeg\" \/>\n<meta name=\"twitter:card\" content=\"summary_large_image\" \/>\n<meta name=\"twitter:label1\" content=\"Dost\u0119pno\u015b\u0107\" \/>\n\t<meta name=\"twitter:data1\" content=\"Dost\u0119pny\" \/>\n<script type=\"application\/ld+json\" class=\"yoast-schema-graph\">{\"@context\":\"https:\/\/schema.org\",\"@graph\":[{\"@type\":\"WebPage\",\"@id\":\"https:\/\/peakart.co.uk\/pl\/produkt\/zegar-designerski\/\",\"url\":\"https:\/\/peakart.co.uk\/pl\/produkt\/zegar-designerski\/\",\"name\":\"Niesamowity Zegar Desigerski dost\u0119pny w trzech r\u00f3\u017cnych rozmiarach\",\"isPartOf\":{\"@id\":\"https:\/\/peakart.co.uk\/de\/#website\"},\"primaryImageOfPage\":{\"@id\":\"https:\/\/peakart.co.uk\/pl\/produkt\/zegar-designerski\/#primaryimage\"},\"image\":{\"@id\":\"https:\/\/peakart.co.uk\/pl\/produkt\/zegar-designerski\/#primaryimage\"},\"thumbnailUrl\":\"https:\/\/peakart.co.uk\/wp-content\/uploads\/2016\/11\/IMG_2900-scaled-e1714760503589.jpg\",\"datePublished\":\"2016-11-01T19:30:12+00:00\",\"dateModified\":\"2025-04-13T10:57:09+00:00\",\"description\":\"Zegar Designerski \\\"Deep Blue\\\" jest zainspirowany bogactwem \u015bwiata podwodnego i rafy koralowej.\",\"breadcrumb\":{\"@id\":\"https:\/\/peakart.co.uk\/pl\/produkt\/zegar-designerski\/#breadcrumb\"},\"inLanguage\":\"pl-PL\",\"potentialAction\":[{\"@type\":\"ReadAction\",\"target\":[\"https:\/\/peakart.co.uk\/pl\/produkt\/zegar-designerski\/\"]}]},{\"@type\":\"ImageObject\",\"inLanguage\":\"pl-PL\",\"@id\":\"https:\/\/peakart.co.uk\/pl\/produkt\/zegar-designerski\/#primaryimage\",\"url\":\"https:\/\/peakart.co.uk\/wp-content\/uploads\/2016\/11\/IMG_2900-scaled-e1714760503589.jpg\",\"contentUrl\":\"https:\/\/peakart.co.uk\/wp-content\/uploads\/2016\/11\/IMG_2900-scaled-e1714760503589.jpg\",\"width\":1915,\"height\":1600},{\"@type\":\"BreadcrumbList\",\"@id\":\"https:\/\/peakart.co.uk\/pl\/produkt\/zegar-designerski\/#breadcrumb\",\"itemListElement\":[{\"@type\":\"ListItem\",\"position\":1,\"name\":\"Home\",\"item\":\"https:\/\/peakart.co.uk\/pl\/\"},{\"@type\":\"ListItem\",\"position\":2,\"name\":\"Sklep\",\"item\":\"https:\/\/peakart.co.uk\/pl\/sklep\/\"},{\"@type\":\"ListItem\",\"position\":3,\"name\":\"Niesamowity Zegar Designerski na \u015acian\u0119\"}]},{\"@type\":\"WebSite\",\"@id\":\"https:\/\/peakart.co.uk\/de\/#website\",\"url\":\"https:\/\/peakart.co.uk\/de\/\",\"name\":\"Peak Art\",\"description\":\"\",\"publisher\":{\"@id\":\"https:\/\/peakart.co.uk\/de\/#organization\"},\"potentialAction\":[{\"@type\":\"SearchAction\",\"target\":{\"@type\":\"EntryPoint\",\"urlTemplate\":\"https:\/\/peakart.co.uk\/de\/?s={search_term_string}\"},\"query-input\":{\"@type\":\"PropertyValueSpecification\",\"valueRequired\":true,\"valueName\":\"search_term_string\"}}],\"inLanguage\":\"pl-PL\"},{\"@type\":\"Organization\",\"@id\":\"https:\/\/peakart.co.uk\/de\/#organization\",\"name\":\"Peak Art\",\"url\":\"https:\/\/peakart.co.uk\/de\/\",\"logo\":{\"@type\":\"ImageObject\",\"inLanguage\":\"pl-PL\",\"@id\":\"https:\/\/peakart.co.uk\/de\/#\/schema\/logo\/image\/\",\"url\":\"https:\/\/peakart.co.uk\/wp-content\/uploads\/2023\/07\/logo-8.jpg\",\"contentUrl\":\"https:\/\/peakart.co.uk\/wp-content\/uploads\/2023\/07\/logo-8.jpg\",\"width\":666,\"height\":259,\"caption\":\"Peak Art\"},\"image\":{\"@id\":\"https:\/\/peakart.co.uk\/de\/#\/schema\/logo\/image\/\"},\"sameAs\":[\"https:\/\/www.facebook.com\/PeakArtClocks\/\"],\"hasMerchantReturnPolicy\":{\"@type\":\"MerchantReturnPolicy\",\"merchantReturnLink\":\"https:\/\/peakart.co.uk\/refund_returns\/\"}}]}<\/script>\n<meta property=\"og:availability\" content=\"instock\" \/>\n<meta property=\"product:availability\" content=\"instock\" \/>\n<meta property=\"product:retailer_item_id\" content=\"PEAKART-97141\" \/>\n<meta property=\"product:condition\" content=\"new\" \/>\n<!-- \/ Yoast SEO Premium plugin. -->","yoast_head_json":{"title":"Niesamowity Zegar Desigerski dost\u0119pny w trzech r\u00f3\u017cnych rozmiarach","description":"Zegar Designerski \"Deep Blue\" jest zainspirowany bogactwem \u015bwiata podwodnego i rafy koralowej.","robots":{"index":"index","follow":"follow","max-snippet":"max-snippet:-1","max-image-preview":"max-image-preview:large","max-video-preview":"max-video-preview:-1"},"canonical":"https:\/\/peakart.co.uk\/pl\/produkt\/zegar-designerski\/","og_locale":"pl_PL","og_type":"article","og_title":"Niesamowity Zegar Designerski na \u015acian\u0119","og_description":"Zegar Designerski \"Deep Blue\" jest zainspirowany bogactwem \u015bwiata podwodnego i rafy koralowej.","og_url":"https:\/\/peakart.co.uk\/pl\/produkt\/zegar-designerski\/","og_site_name":"Peak Art","article_publisher":"https:\/\/www.facebook.com\/PeakArtClocks\/","article_modified_time":"2025-04-13T10:57:09+00:00","og_image":[{"width":2560,"height":1707,"url":"https:\/\/peakart.co.uk\/wp-content\/uploads\/2016\/11\/IMG_2900-scaled-e1714760503589.jpg","type":"image\/jpeg"}],"twitter_card":"summary_large_image","twitter_misc":{"Dost\u0119pno\u015b\u0107":"Dost\u0119pny"},"schema":{"@context":"https:\/\/schema.org","@graph":[{"@type":"WebPage","@id":"https:\/\/peakart.co.uk\/pl\/produkt\/zegar-designerski\/","url":"https:\/\/peakart.co.uk\/pl\/produkt\/zegar-designerski\/","name":"Niesamowity Zegar Desigerski dost\u0119pny w trzech r\u00f3\u017cnych rozmiarach","isPartOf":{"@id":"https:\/\/peakart.co.uk\/de\/#website"},"primaryImageOfPage":{"@id":"https:\/\/peakart.co.uk\/pl\/produkt\/zegar-designerski\/#primaryimage"},"image":{"@id":"https:\/\/peakart.co.uk\/pl\/produkt\/zegar-designerski\/#primaryimage"},"thumbnailUrl":"https:\/\/peakart.co.uk\/wp-content\/uploads\/2016\/11\/IMG_2900-scaled-e1714760503589.jpg","datePublished":"2016-11-01T19:30:12+00:00","dateModified":"2025-04-13T10:57:09+00:00","description":"Zegar Designerski \"Deep Blue\" jest zainspirowany bogactwem \u015bwiata podwodnego i rafy koralowej.","breadcrumb":{"@id":"https:\/\/peakart.co.uk\/pl\/produkt\/zegar-designerski\/#breadcrumb"},"inLanguage":"pl-PL","potentialAction":[{"@type":"ReadAction","target":["https:\/\/peakart.co.uk\/pl\/produkt\/zegar-designerski\/"]}]},{"@type":"ImageObject","inLanguage":"pl-PL","@id":"https:\/\/peakart.co.uk\/pl\/produkt\/zegar-designerski\/#primaryimage","url":"https:\/\/peakart.co.uk\/wp-content\/uploads\/2016\/11\/IMG_2900-scaled-e1714760503589.jpg","contentUrl":"https:\/\/peakart.co.uk\/wp-content\/uploads\/2016\/11\/IMG_2900-scaled-e1714760503589.jpg","width":1915,"height":1600},{"@type":"BreadcrumbList","@id":"https:\/\/peakart.co.uk\/pl\/produkt\/zegar-designerski\/#breadcrumb","itemListElement":[{"@type":"ListItem","position":1,"name":"Home","item":"https:\/\/peakart.co.uk\/pl\/"},{"@type":"ListItem","position":2,"name":"Sklep","item":"https:\/\/peakart.co.uk\/pl\/sklep\/"},{"@type":"ListItem","position":3,"name":"Niesamowity Zegar Designerski na \u015acian\u0119"}]},{"@type":"WebSite","@id":"https:\/\/peakart.co.uk\/de\/#website","url":"https:\/\/peakart.co.uk\/de\/","name":"Peak Art","description":"","publisher":{"@id":"https:\/\/peakart.co.uk\/de\/#organization"},"potentialAction":[{"@type":"SearchAction","target":{"@type":"EntryPoint","urlTemplate":"https:\/\/peakart.co.uk\/de\/?s={search_term_string}"},"query-input":{"@type":"PropertyValueSpecification","valueRequired":true,"valueName":"search_term_string"}}],"inLanguage":"pl-PL"},{"@type":"Organization","@id":"https:\/\/peakart.co.uk\/de\/#organization","name":"Peak Art","url":"https:\/\/peakart.co.uk\/de\/","logo":{"@type":"ImageObject","inLanguage":"pl-PL","@id":"https:\/\/peakart.co.uk\/de\/#\/schema\/logo\/image\/","url":"https:\/\/peakart.co.uk\/wp-content\/uploads\/2023\/07\/logo-8.jpg","contentUrl":"https:\/\/peakart.co.uk\/wp-content\/uploads\/2023\/07\/logo-8.jpg","width":666,"height":259,"caption":"Peak Art"},"image":{"@id":"https:\/\/peakart.co.uk\/de\/#\/schema\/logo\/image\/"},"sameAs":["https:\/\/www.facebook.com\/PeakArtClocks\/"],"hasMerchantReturnPolicy":{"@type":"MerchantReturnPolicy","merchantReturnLink":"https:\/\/peakart.co.uk\/refund_returns\/"}}]},"og_availability":"instock","product_availability":"instock","product_retailer_item_id":"PEAKART-97141","product_condition":"new"},"_links":{"self":[{"href":"https:\/\/peakart.co.uk\/pl\/wp-json\/wp\/v2\/product\/5666","targetHints":{"allow":["GET"]}}],"collection":[{"href":"https:\/\/peakart.co.uk\/pl\/wp-json\/wp\/v2\/product"}],"about":[{"href":"https:\/\/peakart.co.uk\/pl\/wp-json\/wp\/v2\/types\/product"}],"replies":[{"embeddable":true,"href":"https:\/\/peakart.co.uk\/pl\/wp-json\/wp\/v2\/comments?post=5666"}],"wp:featuredmedia":[{"embeddable":true,"href":"https:\/\/peakart.co.uk\/pl\/wp-json\/wp\/v2\/media\/32220"}],"wp:attachment":[{"href":"https:\/\/peakart.co.uk\/pl\/wp-json\/wp\/v2\/media?parent=5666"}],"wp:term":[{"taxonomy":"product_brand","embeddable":true,"href":"https:\/\/peakart.co.uk\/pl\/wp-json\/wp\/v2\/product_brand?post=5666"},{"taxonomy":"product_cat","embeddable":true,"href":"https:\/\/peakart.co.uk\/pl\/wp-json\/wp\/v2\/product_cat?post=5666"},{"taxonomy":"product_tag","embeddable":true,"href":"https:\/\/peakart.co.uk\/pl\/wp-json\/wp\/v2\/product_tag?post=5666"}],"curies":[{"name":"wp","href":"https:\/\/api.w.org\/{rel}","templated":true}]}}