{"id":5665,"date":"2016-04-26T20:42:52","date_gmt":"2016-04-26T19:42:52","guid":{"rendered":"http:\/\/peakart.co.uk\/product\/drewniany-zegar-scienny-o-nowoczesnym-wygladzie\/"},"modified":"2023-03-24T17:30:13","modified_gmt":"2023-03-24T17:30:13","slug":"nowoczesny-zegar-scienny","status":"publish","type":"product","link":"https:\/\/peakart.co.uk\/pl\/produkt\/nowoczesny-zegar-scienny\/","title":{"rendered":"Du\u017cy Nowoczesny Zegar \u015acienny"},"content":{"rendered":"<h2>Nowoczesny zegar \u015bcienny z cyframi rzymskimi r\u0119cznie wykonany z drewna<\/h2>\n<p>Ten pi\u0119kny zegar zawdzi\u0119cza swoj\u0105 nazw\u0119 intryguj\u0105cej kolorystyce \u201eletniej burzy\u201d. Jego tarcza mieni si\u0119 kilkoma odcieniami z\u0142otego oraz niebieskiego, tworz\u0105c efekt piorun\u00f3w. R\u0119cznie malowany front\u00a0jest niepowtarzalny i jedyny w swoim rodzaju. Tak jak nie ma dw\u00f3ch identycznych piorun\u00f3w na niebie tak i nasze r\u0119cznie rze\u017abione efekty s\u0105 nie do powt\u00f3rzenia. Ten unikatowy a jednocze\u015bnie niezwykle nowoczesny zegar \u015bcienny niew\u0105tpliwie skupi na sobie uwag\u0119 Twoich przyjaci\u00f3\u0142 i go\u015bci.<\/p>\n<p>W obr\u0119czy zegara z ogromn\u0105 staranno\u015bci\u0105 wyrze\u017abili\u015bmy du\u017ce cyfry rzymskie. Taki zabieg spowodowa\u0142 wyst\u0105pienie pustych przestrzeni, kt\u00f3re \u015bwietnie odbijaj\u0105 kolor \u015bcian. Dzi\u0119ki temu zegar na ka\u017cdym pod\u0142o\u017cu wygl\u0105da troch\u0119 inaczej. Dodatkowo uzyskali\u015bmy tr\u00f3jwymiarowy efekt wizualny, kt\u00f3ry dodaje charakteru i pozwala uzyska\u0107 ciekawe po\u0142\u0105czenia z r\u00f3\u017cnymi kolorami t\u0142a. Kolejn\u0105 niepodwa\u017caln\u0105 zalet\u0105 tego zegara jest ukryty w tylnej cz\u0119\u015bci, cichy mechanizm. Je\u017celi chodzi o kwestie techniczne to zegar dostarczamy przesy\u0142k\u0105 kuriersk\u0105 z Anglii. Aby unikn\u0105\u0107 uszkodze\u0144 w trakcie transportu zawsze demontujemy wskaz\u00f3wki. Ka\u017cdy z naszych klient\u00f3w otrzyma email z instrukcjami jak r\u00f3wnie\u017c za\u0142\u0105cznik razem z przesy\u0142k\u0105. W razie jakichkolwiek w\u0105tpliwo\u015bci prosimy o kontakt mailowy b\u0105d\u017a telefoniczny.<\/p>\n<h2>Je\u017celi poszukujesz czego\u015b wyj\u0105tkowego to nowoczesny zegar \u015bcienny z Peak Art mo\u017ce by\u0107 strza\u0142em w dziesi\u0105tk\u0119<\/h2>\n<p>Ka\u017cdy zegar z Peak Art idealnie dope\u0142ni nowoczesne aran\u017cacje wn\u0119trz, nadaj\u0105c im wyj\u0105tkowego klimatu. Sprawdzi si\u0119 r\u00f3wnie\u017c w stylowych apartamentach, biurach i gabinetach. Obecnie\u00a0<a href=\"https:\/\/peakart.co.uk\/pl\/tag-produktu\/duze-zegary-rzymskie-szkieletowe\/\">du\u017ce zegary rzymskie o konstrukcji szkieletowej<\/a>\u00a0 s\u0105 nowym, intryguj\u0105cym trendem dekoratorskim.\u00a0Zegary z autorskiej kolekcji Peak Art podziwiane s\u0105 przez kolekcjoner\u00f3w i dedykowane dla wszystkich, kt\u00f3rzy szukaj\u0105 wyrafinowanych dodatk\u00f3w, niebanalnych pomys\u0142\u00f3w na prezent. Nasze zegary to nie tylko zwyk\u0142e czasomierze, ale r\u00f3wnie\u017c wyrafinowane i nowoczesne elementy dekoracji. Do\u0142\u0105cz do tysi\u0119cy ludzi na naszej stronie\u00a0<a href=\"https:\/\/www.facebook.com\/PeakArtClocks\/\">Facebook<\/a>\u00a0i podziel si\u0119 swoimi uwagami.<\/p>\n","protected":false},"excerpt":{"rendered":"<p>&#8220;Summer Storm&#8221; \u2013 to jedna z bardziej nowoczesnych propozycji zegar\u00f3w \u015bciennych z naszej kolekcji. Stworzony zosta\u0142 w\u0142asnor\u0119cznie z dobrej jako\u015bci drewna sosnowego. Mog\u0105 go Pa\u0144stwo naby\u0107 w jednym z trzech dost\u0119pnych rozmiar\u00f3w.<\/p>\n<p><strong>Video<\/strong> &#8211;\u00a0<a href=\"https:\/\/www.youtube.com\/watch?v=t8Uyba4vgvw\">Nowoczesny Zegar \u015acienny<\/a><\/p>\n<p><strong>Projekt i Wykonanie<\/strong>\u00a0&#8211;\u00a0Anna Siodelska, United Kingdom<\/p>\n<p><strong>Front<\/strong> \u2013 Letnia Burza<\/p>\n<p><strong>Ty\u0142<\/strong> \u2013\u00a0Transparentny<\/p>\n<p>&nbsp;<\/p>\n","protected":false},"featured_media":32303,"comment_status":"closed","ping_status":"closed","template":"","meta":[],"product_brand":[],"product_cat":[56],"product_tag":[50,65,70,68,53],"class_list":{"0":"post-5665","1":"product","2":"type-product","3":"status-publish","4":"has-post-thumbnail","6":"product_cat-duze-zegary-scienne","7":"product_tag-artystyczne-zegary-scienne","8":"product_tag-duze-zegary-dekoracyjne-na-sciane","9":"product_tag-duze-zegary-rzymskie-szkieletowe","10":"product_tag-drewniane-zegary-scienne-z-cyframi-rzymskimi","11":"product_tag-zegary-drewniane-szkieletowe","12":"product_shipping_class-oversized-clocks-pl","14":"first","15":"instock","16":"sale","17":"taxable","18":"shipping-taxable","19":"purchasable","20":"product-type-variable"},"yoast_head":"<!-- This site is optimized with the Yoast SEO Premium plugin v27.2 (Yoast SEO v27.2) - https:\/\/yoast.com\/product\/yoast-seo-premium-wordpress\/ -->\n<title>Nowoczesny Zegar \u015acienny z du\u017cymi cyframi rzymskimi<\/title>\n<meta name=\"description\" content=\"Je\u017celi poszukujesz zegara do dekoracji to nasz nowoczesny zegar \u015bcienny mo\u017ce by\u0107 strza\u0142em w dziesi\u0105tk\u0119\" \/>\n<meta name=\"robots\" content=\"index, follow, max-snippet:-1, max-image-preview:large, max-video-preview:-1\" \/>\n<link rel=\"canonical\" href=\"https:\/\/peakart.co.uk\/pl\/produkt\/nowoczesny-zegar-scienny\/\" \/>\n<meta property=\"og:locale\" content=\"pl_PL\" \/>\n<meta property=\"og:type\" content=\"article\" \/>\n<meta property=\"og:title\" content=\"Du\u017cy Nowoczesny Zegar \u015acienny\" \/>\n<meta property=\"og:description\" content=\"Je\u017celi poszukujesz zegara do dekoracji to nasz nowoczesny zegar \u015bcienny mo\u017ce by\u0107 strza\u0142em w dziesi\u0105tk\u0119\" \/>\n<meta property=\"og:url\" content=\"https:\/\/peakart.co.uk\/pl\/produkt\/nowoczesny-zegar-scienny\/\" \/>\n<meta property=\"og:site_name\" content=\"Peak Art\" \/>\n<meta property=\"article:publisher\" content=\"https:\/\/www.facebook.com\/PeakArtClocks\/\" \/>\n<meta property=\"article:modified_time\" content=\"2023-03-24T17:30:13+00:00\" \/>\n<meta property=\"og:image\" content=\"https:\/\/peakart.co.uk\/wp-content\/uploads\/2016\/04\/IMG_2269-scaled.jpg\" \/>\n\t<meta property=\"og:image:width\" content=\"2560\" \/>\n\t<meta property=\"og:image:height\" content=\"1707\" \/>\n\t<meta property=\"og:image:type\" content=\"image\/jpeg\" \/>\n<meta name=\"twitter:card\" content=\"summary_large_image\" \/>\n<meta name=\"twitter:label1\" content=\"Dost\u0119pno\u015b\u0107\" \/>\n\t<meta name=\"twitter:data1\" content=\"Dost\u0119pny\" \/>\n<script type=\"application\/ld+json\" class=\"yoast-schema-graph\">{\"@context\":\"https:\/\/schema.org\",\"@graph\":[{\"@type\":\"WebPage\",\"@id\":\"https:\/\/peakart.co.uk\/pl\/produkt\/nowoczesny-zegar-scienny\/\",\"url\":\"https:\/\/peakart.co.uk\/pl\/produkt\/nowoczesny-zegar-scienny\/\",\"name\":\"Nowoczesny Zegar \u015acienny z du\u017cymi cyframi rzymskimi\",\"isPartOf\":{\"@id\":\"https:\/\/peakart.co.uk\/de\/#website\"},\"primaryImageOfPage\":{\"@id\":\"https:\/\/peakart.co.uk\/pl\/produkt\/nowoczesny-zegar-scienny\/#primaryimage\"},\"image\":{\"@id\":\"https:\/\/peakart.co.uk\/pl\/produkt\/nowoczesny-zegar-scienny\/#primaryimage\"},\"thumbnailUrl\":\"https:\/\/peakart.co.uk\/wp-content\/uploads\/2016\/04\/IMG_2269-scaled.jpg\",\"datePublished\":\"2016-04-26T19:42:52+00:00\",\"dateModified\":\"2023-03-24T17:30:13+00:00\",\"description\":\"Je\u017celi poszukujesz zegara do dekoracji to nasz nowoczesny zegar \u015bcienny mo\u017ce by\u0107 strza\u0142em w dziesi\u0105tk\u0119\",\"breadcrumb\":{\"@id\":\"https:\/\/peakart.co.uk\/pl\/produkt\/nowoczesny-zegar-scienny\/#breadcrumb\"},\"inLanguage\":\"pl-PL\",\"potentialAction\":[{\"@type\":\"ReadAction\",\"target\":[\"https:\/\/peakart.co.uk\/pl\/produkt\/nowoczesny-zegar-scienny\/\"]}]},{\"@type\":\"ImageObject\",\"inLanguage\":\"pl-PL\",\"@id\":\"https:\/\/peakart.co.uk\/pl\/produkt\/nowoczesny-zegar-scienny\/#primaryimage\",\"url\":\"https:\/\/peakart.co.uk\/wp-content\/uploads\/2016\/04\/IMG_2269-scaled.jpg\",\"contentUrl\":\"https:\/\/peakart.co.uk\/wp-content\/uploads\/2016\/04\/IMG_2269-scaled.jpg\",\"width\":2560,\"height\":1707},{\"@type\":\"BreadcrumbList\",\"@id\":\"https:\/\/peakart.co.uk\/pl\/produkt\/nowoczesny-zegar-scienny\/#breadcrumb\",\"itemListElement\":[{\"@type\":\"ListItem\",\"position\":1,\"name\":\"Home\",\"item\":\"https:\/\/peakart.co.uk\/pl\/\"},{\"@type\":\"ListItem\",\"position\":2,\"name\":\"Sklep\",\"item\":\"https:\/\/peakart.co.uk\/pl\/sklep\/\"},{\"@type\":\"ListItem\",\"position\":3,\"name\":\"Du\u017cy Nowoczesny Zegar \u015acienny\"}]},{\"@type\":\"WebSite\",\"@id\":\"https:\/\/peakart.co.uk\/de\/#website\",\"url\":\"https:\/\/peakart.co.uk\/de\/\",\"name\":\"Peak Art\",\"description\":\"\",\"publisher\":{\"@id\":\"https:\/\/peakart.co.uk\/de\/#organization\"},\"potentialAction\":[{\"@type\":\"SearchAction\",\"target\":{\"@type\":\"EntryPoint\",\"urlTemplate\":\"https:\/\/peakart.co.uk\/de\/?s={search_term_string}\"},\"query-input\":{\"@type\":\"PropertyValueSpecification\",\"valueRequired\":true,\"valueName\":\"search_term_string\"}}],\"inLanguage\":\"pl-PL\"},{\"@type\":\"Organization\",\"@id\":\"https:\/\/peakart.co.uk\/de\/#organization\",\"name\":\"Peak Art\",\"url\":\"https:\/\/peakart.co.uk\/de\/\",\"logo\":{\"@type\":\"ImageObject\",\"inLanguage\":\"pl-PL\",\"@id\":\"https:\/\/peakart.co.uk\/de\/#\/schema\/logo\/image\/\",\"url\":\"https:\/\/peakart.co.uk\/wp-content\/uploads\/2023\/07\/logo-8.jpg\",\"contentUrl\":\"https:\/\/peakart.co.uk\/wp-content\/uploads\/2023\/07\/logo-8.jpg\",\"width\":666,\"height\":259,\"caption\":\"Peak Art\"},\"image\":{\"@id\":\"https:\/\/peakart.co.uk\/de\/#\/schema\/logo\/image\/\"},\"sameAs\":[\"https:\/\/www.facebook.com\/PeakArtClocks\/\"],\"hasMerchantReturnPolicy\":{\"@type\":\"MerchantReturnPolicy\",\"merchantReturnLink\":\"https:\/\/peakart.co.uk\/refund_returns\/\"}}]}<\/script>\n<meta property=\"og:availability\" content=\"instock\" \/>\n<meta property=\"product:availability\" content=\"instock\" \/>\n<meta property=\"product:retailer_item_id\" content=\"PEAKART-18424\" \/>\n<meta property=\"product:condition\" content=\"new\" \/>\n<!-- \/ Yoast SEO Premium plugin. -->","yoast_head_json":{"title":"Nowoczesny Zegar \u015acienny z du\u017cymi cyframi rzymskimi","description":"Je\u017celi poszukujesz zegara do dekoracji to nasz nowoczesny zegar \u015bcienny mo\u017ce by\u0107 strza\u0142em w dziesi\u0105tk\u0119","robots":{"index":"index","follow":"follow","max-snippet":"max-snippet:-1","max-image-preview":"max-image-preview:large","max-video-preview":"max-video-preview:-1"},"canonical":"https:\/\/peakart.co.uk\/pl\/produkt\/nowoczesny-zegar-scienny\/","og_locale":"pl_PL","og_type":"article","og_title":"Du\u017cy Nowoczesny Zegar \u015acienny","og_description":"Je\u017celi poszukujesz zegara do dekoracji to nasz nowoczesny zegar \u015bcienny mo\u017ce by\u0107 strza\u0142em w dziesi\u0105tk\u0119","og_url":"https:\/\/peakart.co.uk\/pl\/produkt\/nowoczesny-zegar-scienny\/","og_site_name":"Peak Art","article_publisher":"https:\/\/www.facebook.com\/PeakArtClocks\/","article_modified_time":"2023-03-24T17:30:13+00:00","og_image":[{"width":2560,"height":1707,"url":"https:\/\/peakart.co.uk\/wp-content\/uploads\/2016\/04\/IMG_2269-scaled.jpg","type":"image\/jpeg"}],"twitter_card":"summary_large_image","twitter_misc":{"Dost\u0119pno\u015b\u0107":"Dost\u0119pny"},"schema":{"@context":"https:\/\/schema.org","@graph":[{"@type":"WebPage","@id":"https:\/\/peakart.co.uk\/pl\/produkt\/nowoczesny-zegar-scienny\/","url":"https:\/\/peakart.co.uk\/pl\/produkt\/nowoczesny-zegar-scienny\/","name":"Nowoczesny Zegar \u015acienny z du\u017cymi cyframi rzymskimi","isPartOf":{"@id":"https:\/\/peakart.co.uk\/de\/#website"},"primaryImageOfPage":{"@id":"https:\/\/peakart.co.uk\/pl\/produkt\/nowoczesny-zegar-scienny\/#primaryimage"},"image":{"@id":"https:\/\/peakart.co.uk\/pl\/produkt\/nowoczesny-zegar-scienny\/#primaryimage"},"thumbnailUrl":"https:\/\/peakart.co.uk\/wp-content\/uploads\/2016\/04\/IMG_2269-scaled.jpg","datePublished":"2016-04-26T19:42:52+00:00","dateModified":"2023-03-24T17:30:13+00:00","description":"Je\u017celi poszukujesz zegara do dekoracji to nasz nowoczesny zegar \u015bcienny mo\u017ce by\u0107 strza\u0142em w dziesi\u0105tk\u0119","breadcrumb":{"@id":"https:\/\/peakart.co.uk\/pl\/produkt\/nowoczesny-zegar-scienny\/#breadcrumb"},"inLanguage":"pl-PL","potentialAction":[{"@type":"ReadAction","target":["https:\/\/peakart.co.uk\/pl\/produkt\/nowoczesny-zegar-scienny\/"]}]},{"@type":"ImageObject","inLanguage":"pl-PL","@id":"https:\/\/peakart.co.uk\/pl\/produkt\/nowoczesny-zegar-scienny\/#primaryimage","url":"https:\/\/peakart.co.uk\/wp-content\/uploads\/2016\/04\/IMG_2269-scaled.jpg","contentUrl":"https:\/\/peakart.co.uk\/wp-content\/uploads\/2016\/04\/IMG_2269-scaled.jpg","width":2560,"height":1707},{"@type":"BreadcrumbList","@id":"https:\/\/peakart.co.uk\/pl\/produkt\/nowoczesny-zegar-scienny\/#breadcrumb","itemListElement":[{"@type":"ListItem","position":1,"name":"Home","item":"https:\/\/peakart.co.uk\/pl\/"},{"@type":"ListItem","position":2,"name":"Sklep","item":"https:\/\/peakart.co.uk\/pl\/sklep\/"},{"@type":"ListItem","position":3,"name":"Du\u017cy Nowoczesny Zegar \u015acienny"}]},{"@type":"WebSite","@id":"https:\/\/peakart.co.uk\/de\/#website","url":"https:\/\/peakart.co.uk\/de\/","name":"Peak Art","description":"","publisher":{"@id":"https:\/\/peakart.co.uk\/de\/#organization"},"potentialAction":[{"@type":"SearchAction","target":{"@type":"EntryPoint","urlTemplate":"https:\/\/peakart.co.uk\/de\/?s={search_term_string}"},"query-input":{"@type":"PropertyValueSpecification","valueRequired":true,"valueName":"search_term_string"}}],"inLanguage":"pl-PL"},{"@type":"Organization","@id":"https:\/\/peakart.co.uk\/de\/#organization","name":"Peak Art","url":"https:\/\/peakart.co.uk\/de\/","logo":{"@type":"ImageObject","inLanguage":"pl-PL","@id":"https:\/\/peakart.co.uk\/de\/#\/schema\/logo\/image\/","url":"https:\/\/peakart.co.uk\/wp-content\/uploads\/2023\/07\/logo-8.jpg","contentUrl":"https:\/\/peakart.co.uk\/wp-content\/uploads\/2023\/07\/logo-8.jpg","width":666,"height":259,"caption":"Peak Art"},"image":{"@id":"https:\/\/peakart.co.uk\/de\/#\/schema\/logo\/image\/"},"sameAs":["https:\/\/www.facebook.com\/PeakArtClocks\/"],"hasMerchantReturnPolicy":{"@type":"MerchantReturnPolicy","merchantReturnLink":"https:\/\/peakart.co.uk\/refund_returns\/"}}]},"og_availability":"instock","product_availability":"instock","product_retailer_item_id":"PEAKART-18424","product_condition":"new"},"_links":{"self":[{"href":"https:\/\/peakart.co.uk\/pl\/wp-json\/wp\/v2\/product\/5665","targetHints":{"allow":["GET"]}}],"collection":[{"href":"https:\/\/peakart.co.uk\/pl\/wp-json\/wp\/v2\/product"}],"about":[{"href":"https:\/\/peakart.co.uk\/pl\/wp-json\/wp\/v2\/types\/product"}],"replies":[{"embeddable":true,"href":"https:\/\/peakart.co.uk\/pl\/wp-json\/wp\/v2\/comments?post=5665"}],"wp:featuredmedia":[{"embeddable":true,"href":"https:\/\/peakart.co.uk\/pl\/wp-json\/wp\/v2\/media\/32303"}],"wp:attachment":[{"href":"https:\/\/peakart.co.uk\/pl\/wp-json\/wp\/v2\/media?parent=5665"}],"wp:term":[{"taxonomy":"product_brand","embeddable":true,"href":"https:\/\/peakart.co.uk\/pl\/wp-json\/wp\/v2\/product_brand?post=5665"},{"taxonomy":"product_cat","embeddable":true,"href":"https:\/\/peakart.co.uk\/pl\/wp-json\/wp\/v2\/product_cat?post=5665"},{"taxonomy":"product_tag","embeddable":true,"href":"https:\/\/peakart.co.uk\/pl\/wp-json\/wp\/v2\/product_tag?post=5665"}],"curies":[{"name":"wp","href":"https:\/\/api.w.org\/{rel}","templated":true}]}}