{"id":5664,"date":"2016-04-28T18:11:51","date_gmt":"2016-04-28T17:11:51","guid":{"rendered":"http:\/\/peakart.co.uk\/product\/bardzo-duzy-i-nowoczesny-zegar-szkieletowy\/"},"modified":"2023-03-25T11:02:33","modified_gmt":"2023-03-25T11:02:33","slug":"duzy-zegar-nowoczesny","status":"publish","type":"product","link":"https:\/\/peakart.co.uk\/pl\/produkt\/duzy-zegar-nowoczesny\/","title":{"rendered":"Du\u017cy Zegar Nowoczesny Handmade"},"content":{"rendered":"<h2>Du\u017cy zegar nowoczesny z pi\u0119knymi cyframi rzymskimi<\/h2>\n<p>&#8220;Old Shaman&#8221; jest prawdopodobnie najbardziej niesamowitym du\u017cym nowoczesnym zegarem, z jakim kiedykolwiek si\u0119 spotka\u0142e\u015b. Generalnie ludzie spodziewaj\u0105 si\u0119 zobaczy\u0107 tej klasy produkt w presti\u017cowej galerii sztuki lub luksusowym hotelu. Front tego zapieraj\u0105cego dech w piersiach zegara wyci\u0119ty jest z jednego panelu drewna sosnowego i pokazuje du\u017ce cyfry rzymskie na przezroczystym tle.\u00a0Je\u015bli przyjrzysz si\u0119 uwa\u017cnie to zauwa\u017cysz w\u0105sk\u0105 obr\u0119cz, kt\u00f3r\u0105 przymocowali\u015bmy z ty\u0142u. Zapewnia to pi\u0119kny, tr\u00f3jwymiarowy \u00a0wygl\u0105d.<\/p>\n<p>Wyobra\u017a sobie jak siedzisz przy stole i zabawiasz go\u015bci, opowiadaj\u0105c im o ekskluzywnych zegarach \u015bciennych z naszej kolekcji. Chocia\u017c zamie\u015bcili\u015bmy tutaj wiele r\u00f3\u017cnych zdj\u0119\u0107, nagrali\u015bmy r\u00f3wnie\u017c kr\u00f3tki film w j\u0119zyku angielskim, aby dostarczy\u0107 dodatkowych informacji. Zegar na filmie ma \u015brednic\u0119 100 cm, ale mo\u017cemy wykona\u0107 ten sam projekt w trzech r\u00f3\u017cnych rozmiarach. Po prostu wybierz wymagan\u0105 \u015brednic\u0119 zegara z rozwijanej listy.<\/p>\n<p>Cichy mechanizm zegara potrzebuje pojedynczej baterii C Cell. Przed wysy\u0142k\u0105 zawsze zdejmujemy obie wskaz\u00f3wki, aby zapobiec uszkodzeniom podczas transportu. Pe\u0142ne instrukcje wyja\u015bniaj\u0105ce, w jaki spos\u00f3b nale\u017cy zamontowa\u0107 wskaz\u00f3wki i ustawi\u0107 czas zawarli\u015bmy w tym <a href=\"https:\/\/www.youtube.com\/watch?v=08Tq0lKFs30\">filmie<\/a>.<\/p>\n<h2>Czy s\u0105dzisz, \u017ce du\u017cy zegar nowoczesny ze sklepu internetowego Peak Art pasuje do Twojego domu?<\/h2>\n<p>Zegary Peak Art s\u0105 rzadkimi dzie\u0142ami sztuki. Czy potrzebujesz wype\u0142ni\u0107 du\u017c\u0105 pust\u0105 przestrze\u0144 w \u015bcianie lub doda\u0107 wyj\u0105tkowego charakteru do swojego salonu? Je\u015bli tak jest to nasze zegary mog\u0105 by\u0107 idealnym dodatkiem dekoratorskim. Mo\u017cna je zamontowa\u0107 w dowolnym pomieszczeniu w domu, ale nale\u017cy trzyma\u0107 je z dala od \u017ar\u00f3de\u0142 ciep\u0142a i wilgoci.<\/p>\n<p>Zegary z tak\u0105 charyzm\u0105 b\u0119d\u0105 dobrze pasowa\u0107 do Twojego luksusowego biura, stylowej restauracji lub ekskluzywnego apartamentu.\u00a0Peak Art dominuje na niszowym rynku du\u017cych zegar\u00f3w \u015bciennych handmade. Dzieje si\u0119 tak, poniewa\u017c nikt inny nie jest w stanie dor\u00f3wna\u0107 jako\u015bci i wyj\u0105tkowo\u015bci naszych produkt\u00f3w. Sprawd\u017a stron\u0119 <a href=\"https:\/\/www.facebook.com\/PeakArtClocks\/\">Peak Art na Facebooku<\/a> i do\u0142\u0105cz do tysi\u0119cy fan\u00f3w na ca\u0142ym \u015bwiecie, kt\u00f3rzy docenili ju\u017c nasz\u0105 mark\u0119<\/p>\n","protected":false},"excerpt":{"rendered":"<p>Wielki Nowoczesny Zegar \u015acienny wykonany r\u0119cznie z drewna i r\u0119cznie malowany. Idealny dodatek dekoratorski do stylowego salonu.<\/p>\n<p><b>Projekt i R\u0119czne Wykonanie<\/b>\u00a0&#8211;\u00a0Anna Siodelska<\/p>\n<p><strong>Front<\/strong> \u2013 Szaman<\/p>\n<p><strong>Ty\u0142<\/strong> \u2013\u00a0Transparentny \/ \u015aciana<\/p>\n<p><strong>Uwaga \u2013 <\/strong>Rozmiar 75 cm ma troche inne kszta\u0142ty cyfr aby nie by\u0142y zbyt w\u0105skie. Przyk\u0142adowe zdj\u0119cie z innego projektu znajduje si\u0119\u00a0<a href=\"https:\/\/peakart.co.uk\/wp-content\/uploads\/2017\/09\/Unique-Large-Rustic-Grey-Wooden-Wall-Clock-Left.jpg\">Tutaj<\/a><\/p>\n","protected":false},"featured_media":32358,"comment_status":"closed","ping_status":"closed","template":"","meta":[],"product_brand":[],"product_cat":[56],"product_tag":[50,65,70,68,2671,53],"class_list":{"0":"post-5664","1":"product","2":"type-product","3":"status-publish","4":"has-post-thumbnail","6":"product_cat-duze-zegary-scienne","7":"product_tag-artystyczne-zegary-scienne","8":"product_tag-duze-zegary-dekoracyjne-na-sciane","9":"product_tag-duze-zegary-rzymskie-szkieletowe","10":"product_tag-drewniane-zegary-scienne-z-cyframi-rzymskimi","11":"product_tag-nietypowe-duze-zegary-scienne","12":"product_tag-zegary-drewniane-szkieletowe","13":"product_shipping_class-oversized-clocks-pl","15":"first","16":"instock","17":"sale","18":"taxable","19":"shipping-taxable","20":"purchasable","21":"product-type-variable"},"yoast_head":"<!-- This site is optimized with the Yoast SEO Premium plugin v27.2 (Yoast SEO v27.2) - https:\/\/yoast.com\/product\/yoast-seo-premium-wordpress\/ -->\n<title>Du\u017cy Zegar Nowoczesny z Cyframi Rzymskimi.<\/title>\n<meta name=\"description\" content=\"Nasz bardzo Du\u017cy Zegar Nowoczesny z cyframi rzymskimi jest wykonany z drewna sosnowego i r\u0119cznie pomalowany\" \/>\n<meta name=\"robots\" content=\"index, follow, max-snippet:-1, max-image-preview:large, max-video-preview:-1\" \/>\n<link rel=\"canonical\" href=\"https:\/\/peakart.co.uk\/pl\/produkt\/duzy-zegar-nowoczesny\/\" \/>\n<meta property=\"og:locale\" content=\"pl_PL\" \/>\n<meta property=\"og:type\" content=\"article\" \/>\n<meta property=\"og:title\" content=\"Du\u017cy Zegar Nowoczesny Handmade\" \/>\n<meta property=\"og:description\" content=\"Nasz bardzo Du\u017cy Zegar Nowoczesny z cyframi rzymskimi jest wykonany z drewna sosnowego i r\u0119cznie pomalowany\" \/>\n<meta property=\"og:url\" content=\"https:\/\/peakart.co.uk\/pl\/produkt\/duzy-zegar-nowoczesny\/\" \/>\n<meta property=\"og:site_name\" content=\"Peak Art\" \/>\n<meta property=\"article:publisher\" content=\"https:\/\/www.facebook.com\/PeakArtClocks\/\" \/>\n<meta property=\"article:modified_time\" content=\"2023-03-25T11:02:33+00:00\" \/>\n<meta property=\"og:image\" content=\"https:\/\/peakart.co.uk\/wp-content\/uploads\/2016\/04\/Extra-Large-Contemporary-Clock-Zoom-1.jpg\" \/>\n\t<meta property=\"og:image:width\" content=\"600\" \/>\n\t<meta property=\"og:image:height\" content=\"600\" \/>\n\t<meta property=\"og:image:type\" content=\"image\/jpeg\" \/>\n<meta name=\"twitter:card\" content=\"summary_large_image\" \/>\n<meta name=\"twitter:label1\" content=\"Dost\u0119pno\u015b\u0107\" \/>\n\t<meta name=\"twitter:data1\" content=\"Dost\u0119pny\" \/>\n<script type=\"application\/ld+json\" class=\"yoast-schema-graph\">{\"@context\":\"https:\/\/schema.org\",\"@graph\":[{\"@type\":\"WebPage\",\"@id\":\"https:\/\/peakart.co.uk\/pl\/produkt\/duzy-zegar-nowoczesny\/\",\"url\":\"https:\/\/peakart.co.uk\/pl\/produkt\/duzy-zegar-nowoczesny\/\",\"name\":\"Du\u017cy Zegar Nowoczesny z Cyframi Rzymskimi.\",\"isPartOf\":{\"@id\":\"https:\/\/peakart.co.uk\/de\/#website\"},\"primaryImageOfPage\":{\"@id\":\"https:\/\/peakart.co.uk\/pl\/produkt\/duzy-zegar-nowoczesny\/#primaryimage\"},\"image\":{\"@id\":\"https:\/\/peakart.co.uk\/pl\/produkt\/duzy-zegar-nowoczesny\/#primaryimage\"},\"thumbnailUrl\":\"https:\/\/peakart.co.uk\/wp-content\/uploads\/2016\/04\/Extra-Large-Contemporary-Clock-Zoom-1.jpg\",\"datePublished\":\"2016-04-28T17:11:51+00:00\",\"dateModified\":\"2023-03-25T11:02:33+00:00\",\"description\":\"Nasz bardzo Du\u017cy Zegar Nowoczesny z cyframi rzymskimi jest wykonany z drewna sosnowego i r\u0119cznie pomalowany\",\"breadcrumb\":{\"@id\":\"https:\/\/peakart.co.uk\/pl\/produkt\/duzy-zegar-nowoczesny\/#breadcrumb\"},\"inLanguage\":\"pl-PL\",\"potentialAction\":[{\"@type\":\"ReadAction\",\"target\":[\"https:\/\/peakart.co.uk\/pl\/produkt\/duzy-zegar-nowoczesny\/\"]}]},{\"@type\":\"ImageObject\",\"inLanguage\":\"pl-PL\",\"@id\":\"https:\/\/peakart.co.uk\/pl\/produkt\/duzy-zegar-nowoczesny\/#primaryimage\",\"url\":\"https:\/\/peakart.co.uk\/wp-content\/uploads\/2016\/04\/Extra-Large-Contemporary-Clock-Zoom-1.jpg\",\"contentUrl\":\"https:\/\/peakart.co.uk\/wp-content\/uploads\/2016\/04\/Extra-Large-Contemporary-Clock-Zoom-1.jpg\",\"width\":600,\"height\":600},{\"@type\":\"BreadcrumbList\",\"@id\":\"https:\/\/peakart.co.uk\/pl\/produkt\/duzy-zegar-nowoczesny\/#breadcrumb\",\"itemListElement\":[{\"@type\":\"ListItem\",\"position\":1,\"name\":\"Home\",\"item\":\"https:\/\/peakart.co.uk\/pl\/\"},{\"@type\":\"ListItem\",\"position\":2,\"name\":\"Sklep\",\"item\":\"https:\/\/peakart.co.uk\/pl\/sklep\/\"},{\"@type\":\"ListItem\",\"position\":3,\"name\":\"Du\u017cy Zegar Nowoczesny Handmade\"}]},{\"@type\":\"WebSite\",\"@id\":\"https:\/\/peakart.co.uk\/de\/#website\",\"url\":\"https:\/\/peakart.co.uk\/de\/\",\"name\":\"Peak Art\",\"description\":\"\",\"publisher\":{\"@id\":\"https:\/\/peakart.co.uk\/de\/#organization\"},\"potentialAction\":[{\"@type\":\"SearchAction\",\"target\":{\"@type\":\"EntryPoint\",\"urlTemplate\":\"https:\/\/peakart.co.uk\/de\/?s={search_term_string}\"},\"query-input\":{\"@type\":\"PropertyValueSpecification\",\"valueRequired\":true,\"valueName\":\"search_term_string\"}}],\"inLanguage\":\"pl-PL\"},{\"@type\":\"Organization\",\"@id\":\"https:\/\/peakart.co.uk\/de\/#organization\",\"name\":\"Peak Art\",\"url\":\"https:\/\/peakart.co.uk\/de\/\",\"logo\":{\"@type\":\"ImageObject\",\"inLanguage\":\"pl-PL\",\"@id\":\"https:\/\/peakart.co.uk\/de\/#\/schema\/logo\/image\/\",\"url\":\"https:\/\/peakart.co.uk\/wp-content\/uploads\/2023\/07\/logo-8.jpg\",\"contentUrl\":\"https:\/\/peakart.co.uk\/wp-content\/uploads\/2023\/07\/logo-8.jpg\",\"width\":666,\"height\":259,\"caption\":\"Peak Art\"},\"image\":{\"@id\":\"https:\/\/peakart.co.uk\/de\/#\/schema\/logo\/image\/\"},\"sameAs\":[\"https:\/\/www.facebook.com\/PeakArtClocks\/\"],\"hasMerchantReturnPolicy\":{\"@type\":\"MerchantReturnPolicy\",\"merchantReturnLink\":\"https:\/\/peakart.co.uk\/refund_returns\/\"}}]}<\/script>\n<meta property=\"og:availability\" content=\"instock\" \/>\n<meta property=\"product:availability\" content=\"instock\" \/>\n<meta property=\"product:retailer_item_id\" content=\"PEAKART-67238\" \/>\n<meta property=\"product:condition\" content=\"new\" \/>\n<!-- \/ Yoast SEO Premium plugin. -->","yoast_head_json":{"title":"Du\u017cy Zegar Nowoczesny z Cyframi Rzymskimi.","description":"Nasz bardzo Du\u017cy Zegar Nowoczesny z cyframi rzymskimi jest wykonany z drewna sosnowego i r\u0119cznie pomalowany","robots":{"index":"index","follow":"follow","max-snippet":"max-snippet:-1","max-image-preview":"max-image-preview:large","max-video-preview":"max-video-preview:-1"},"canonical":"https:\/\/peakart.co.uk\/pl\/produkt\/duzy-zegar-nowoczesny\/","og_locale":"pl_PL","og_type":"article","og_title":"Du\u017cy Zegar Nowoczesny Handmade","og_description":"Nasz bardzo Du\u017cy Zegar Nowoczesny z cyframi rzymskimi jest wykonany z drewna sosnowego i r\u0119cznie pomalowany","og_url":"https:\/\/peakart.co.uk\/pl\/produkt\/duzy-zegar-nowoczesny\/","og_site_name":"Peak Art","article_publisher":"https:\/\/www.facebook.com\/PeakArtClocks\/","article_modified_time":"2023-03-25T11:02:33+00:00","og_image":[{"width":600,"height":600,"url":"https:\/\/peakart.co.uk\/wp-content\/uploads\/2016\/04\/Extra-Large-Contemporary-Clock-Zoom-1.jpg","type":"image\/jpeg"}],"twitter_card":"summary_large_image","twitter_misc":{"Dost\u0119pno\u015b\u0107":"Dost\u0119pny"},"schema":{"@context":"https:\/\/schema.org","@graph":[{"@type":"WebPage","@id":"https:\/\/peakart.co.uk\/pl\/produkt\/duzy-zegar-nowoczesny\/","url":"https:\/\/peakart.co.uk\/pl\/produkt\/duzy-zegar-nowoczesny\/","name":"Du\u017cy Zegar Nowoczesny z Cyframi Rzymskimi.","isPartOf":{"@id":"https:\/\/peakart.co.uk\/de\/#website"},"primaryImageOfPage":{"@id":"https:\/\/peakart.co.uk\/pl\/produkt\/duzy-zegar-nowoczesny\/#primaryimage"},"image":{"@id":"https:\/\/peakart.co.uk\/pl\/produkt\/duzy-zegar-nowoczesny\/#primaryimage"},"thumbnailUrl":"https:\/\/peakart.co.uk\/wp-content\/uploads\/2016\/04\/Extra-Large-Contemporary-Clock-Zoom-1.jpg","datePublished":"2016-04-28T17:11:51+00:00","dateModified":"2023-03-25T11:02:33+00:00","description":"Nasz bardzo Du\u017cy Zegar Nowoczesny z cyframi rzymskimi jest wykonany z drewna sosnowego i r\u0119cznie pomalowany","breadcrumb":{"@id":"https:\/\/peakart.co.uk\/pl\/produkt\/duzy-zegar-nowoczesny\/#breadcrumb"},"inLanguage":"pl-PL","potentialAction":[{"@type":"ReadAction","target":["https:\/\/peakart.co.uk\/pl\/produkt\/duzy-zegar-nowoczesny\/"]}]},{"@type":"ImageObject","inLanguage":"pl-PL","@id":"https:\/\/peakart.co.uk\/pl\/produkt\/duzy-zegar-nowoczesny\/#primaryimage","url":"https:\/\/peakart.co.uk\/wp-content\/uploads\/2016\/04\/Extra-Large-Contemporary-Clock-Zoom-1.jpg","contentUrl":"https:\/\/peakart.co.uk\/wp-content\/uploads\/2016\/04\/Extra-Large-Contemporary-Clock-Zoom-1.jpg","width":600,"height":600},{"@type":"BreadcrumbList","@id":"https:\/\/peakart.co.uk\/pl\/produkt\/duzy-zegar-nowoczesny\/#breadcrumb","itemListElement":[{"@type":"ListItem","position":1,"name":"Home","item":"https:\/\/peakart.co.uk\/pl\/"},{"@type":"ListItem","position":2,"name":"Sklep","item":"https:\/\/peakart.co.uk\/pl\/sklep\/"},{"@type":"ListItem","position":3,"name":"Du\u017cy Zegar Nowoczesny Handmade"}]},{"@type":"WebSite","@id":"https:\/\/peakart.co.uk\/de\/#website","url":"https:\/\/peakart.co.uk\/de\/","name":"Peak Art","description":"","publisher":{"@id":"https:\/\/peakart.co.uk\/de\/#organization"},"potentialAction":[{"@type":"SearchAction","target":{"@type":"EntryPoint","urlTemplate":"https:\/\/peakart.co.uk\/de\/?s={search_term_string}"},"query-input":{"@type":"PropertyValueSpecification","valueRequired":true,"valueName":"search_term_string"}}],"inLanguage":"pl-PL"},{"@type":"Organization","@id":"https:\/\/peakart.co.uk\/de\/#organization","name":"Peak Art","url":"https:\/\/peakart.co.uk\/de\/","logo":{"@type":"ImageObject","inLanguage":"pl-PL","@id":"https:\/\/peakart.co.uk\/de\/#\/schema\/logo\/image\/","url":"https:\/\/peakart.co.uk\/wp-content\/uploads\/2023\/07\/logo-8.jpg","contentUrl":"https:\/\/peakart.co.uk\/wp-content\/uploads\/2023\/07\/logo-8.jpg","width":666,"height":259,"caption":"Peak Art"},"image":{"@id":"https:\/\/peakart.co.uk\/de\/#\/schema\/logo\/image\/"},"sameAs":["https:\/\/www.facebook.com\/PeakArtClocks\/"],"hasMerchantReturnPolicy":{"@type":"MerchantReturnPolicy","merchantReturnLink":"https:\/\/peakart.co.uk\/refund_returns\/"}}]},"og_availability":"instock","product_availability":"instock","product_retailer_item_id":"PEAKART-67238","product_condition":"new"},"_links":{"self":[{"href":"https:\/\/peakart.co.uk\/pl\/wp-json\/wp\/v2\/product\/5664","targetHints":{"allow":["GET"]}}],"collection":[{"href":"https:\/\/peakart.co.uk\/pl\/wp-json\/wp\/v2\/product"}],"about":[{"href":"https:\/\/peakart.co.uk\/pl\/wp-json\/wp\/v2\/types\/product"}],"replies":[{"embeddable":true,"href":"https:\/\/peakart.co.uk\/pl\/wp-json\/wp\/v2\/comments?post=5664"}],"wp:featuredmedia":[{"embeddable":true,"href":"https:\/\/peakart.co.uk\/pl\/wp-json\/wp\/v2\/media\/32358"}],"wp:attachment":[{"href":"https:\/\/peakart.co.uk\/pl\/wp-json\/wp\/v2\/media?parent=5664"}],"wp:term":[{"taxonomy":"product_brand","embeddable":true,"href":"https:\/\/peakart.co.uk\/pl\/wp-json\/wp\/v2\/product_brand?post=5664"},{"taxonomy":"product_cat","embeddable":true,"href":"https:\/\/peakart.co.uk\/pl\/wp-json\/wp\/v2\/product_cat?post=5664"},{"taxonomy":"product_tag","embeddable":true,"href":"https:\/\/peakart.co.uk\/pl\/wp-json\/wp\/v2\/product_tag?post=5664"}],"curies":[{"name":"wp","href":"https:\/\/api.w.org\/{rel}","templated":true}]}}