{"id":5571,"date":"2017-02-22T19:55:23","date_gmt":"2017-02-22T19:55:23","guid":{"rendered":"http:\/\/peakart.co.uk\/product\/olbrzymi-dekoracyjny-drewaniany-zegar-scienny\/"},"modified":"2024-12-07T13:24:07","modified_gmt":"2024-12-07T13:24:07","slug":"duzy-zegar-wiszacy","status":"publish","type":"product","link":"https:\/\/peakart.co.uk\/pl\/produkt\/duzy-zegar-wiszacy\/","title":{"rendered":"Du\u017cy Zegar Wisz\u0105cy Wykonany z Drewna"},"content":{"rendered":"<h2>Olbrzymi zegar wisz\u0105cy do dekoracji salonu, biura lub restauracji<\/h2>\n<p>Drewniany zegar wisz\u0105cy \u201eSawannah\u201d to przyk\u0142ad nowoczesnej sztuki. Stworzony wed\u0142ug zasady, \u017ce artyzm mo\u017cna wydoby\u0107 nawet z przedmiot\u00f3w s\u0142u\u017c\u0105cych nam w codziennym \u017cyciu. Po\u0142\u0105czenie pi\u0119knego z po\u017cytecznym.<\/p>\n<p>To jedna z bardziej okazalszych propozycji, kt\u00f3re znajd\u0105 Pa\u0144stwo w naszej kolekcji. Wielki zegar sw\u0105 charakterystyczn\u0105 kolorystyk\u0105 i zdobnictwem przenosi nas na gor\u0105c\u0105, trawiast\u0105 sawann\u0119. Tarcza zegara pokryta zosta\u0142a nieregularnym wg\u0142\u0119bieniami, nadaj\u0105cymi modelowi egzotyczny, afryka\u0144ski charakter.<\/p>\n<p>\u201eSavannah\u201d to intryguj\u0105cy zegar, dla prawdziwych koneser\u00f3w sztuki. Idealnie sprawdzi si\u0119 u os\u00f3b, kt\u00f3re ceni\u0105 sobie r\u0119cznie robione i jedyne w swoim rodzaju elementy wystroju wn\u0119trz. Wykonany zosta\u0142 z ogromn\u0105 staranno\u015bci\u0105 i niemo\u017cliw\u0105 do powt\u00f3rzenia \u201eimperfekcj\u0105\u201d d\u0142oni ludzkich.<\/p>\n<p>Drewno to materia\u0142 ponadczasowy, kt\u00f3ry nigdy nie wychodzi z mody. Si\u0119gaj\u0105c po drewniany, du\u017cy zegar wisz\u0105cy stawiaj\u0105, zatem Pa\u0144stwo na klasyk\u0119, kt\u00f3ra zawsz\u0119 si\u0119 obroni. \u201eSavannah\u201d idealnie sprawdzi si\u0119 w salonie, kuchni lub sypialni. Z powodzeniem odmieni gabinet, sal\u0119 konferencyjn\u0105 lub inne przestrzenie biurowe.<\/p>\n<p>Wybieraj\u0105c zegary \u015bcienne z kolekcji Peak Art tworz\u0105 Pa\u0144stwo sw\u00f3j w\u0142asny niepowtarzalny styl. Wszystkie propozycje zosta\u0142y wykonane wed\u0142ug kreatorskich projekt\u00f3w i dost\u0119pne s\u0105 wy\u0142\u0105cznie w naszym sklepie.<\/p>\n","protected":false},"excerpt":{"rendered":"<p>Wyj\u0105tkowy zegar wisz\u0105cy do Twojego domu. Odmie\u0144 swoje wn\u0119trze wybieraj\u0105c nowatorski kierunek dekoracji!\u00a0\u201eSavannah\u201d to niezwykle artystyczny drewniany zegar \u015bcienny wykonany z drzewa sosnowego i r\u0119cznie malowany. Spektakularne dzie\u0142o sztuki, kt\u00f3ry mo\u017ce sta\u0107 si\u0119 ozdob\u0105 Twoich wn\u0119trz. Dost\u0119pny w trzech rozmiarach na zam\u00f3wienie.<\/p>\n<p><strong>Projekt i R\u0119czne Wykonanie<\/strong>\u00a0\u2013 Anna Siodelska, Wielka Brytania<\/p>\n<p><strong>Front<\/strong>\u00a0\u2013 jasny d\u0105b \/ przetarta szaro\u015b\u0107<\/p>\n<p><strong>Ty\u0142<\/strong>\u00a0\u2013 Transparenty<\/p>\n","protected":false},"featured_media":30848,"comment_status":"closed","ping_status":"closed","template":"","meta":[],"product_brand":[],"product_cat":[56],"product_tag":[50,65,53],"class_list":{"0":"post-5571","1":"product","2":"type-product","3":"status-publish","4":"has-post-thumbnail","6":"product_cat-duze-zegary-scienne","7":"product_tag-artystyczne-zegary-scienne","8":"product_tag-duze-zegary-dekoracyjne-na-sciane","9":"product_tag-zegary-drewniane-szkieletowe","10":"product_shipping_class-oversized-clocks-pl","12":"first","13":"outofstock","14":"taxable","15":"shipping-taxable","16":"product-type-variable"},"yoast_head":"<!-- This site is optimized with the Yoast SEO Premium plugin v27.2 (Yoast SEO v27.2) - https:\/\/yoast.com\/product\/yoast-seo-premium-wordpress\/ -->\n<title>Du\u017cy Zegar Wisz\u0105cy z Drewna. R\u0119kodzie\u0142o dost\u0119pne w trzech rozmiarach.<\/title>\n<meta name=\"description\" content=\"Niesamowicie imponuj\u0105cy, wielki zegar wisz\u0105cy wykonany z drewna sosnowego o konstrukcji szkieletowej\" \/>\n<meta name=\"robots\" content=\"index, follow, max-snippet:-1, max-image-preview:large, max-video-preview:-1\" \/>\n<link rel=\"canonical\" href=\"https:\/\/peakart.co.uk\/pl\/produkt\/duzy-zegar-wiszacy\/\" \/>\n<meta property=\"og:locale\" content=\"pl_PL\" \/>\n<meta property=\"og:type\" content=\"article\" \/>\n<meta property=\"og:title\" content=\"Du\u017cy Zegar Wisz\u0105cy Wykonany z Drewna\" \/>\n<meta property=\"og:description\" content=\"Niesamowicie imponuj\u0105cy, wielki zegar wisz\u0105cy wykonany z drewna sosnowego o konstrukcji szkieletowej\" \/>\n<meta property=\"og:url\" content=\"https:\/\/peakart.co.uk\/pl\/produkt\/duzy-zegar-wiszacy\/\" \/>\n<meta property=\"og:site_name\" content=\"Peak Art\" \/>\n<meta property=\"article:publisher\" content=\"https:\/\/www.facebook.com\/PeakArtClocks\/\" \/>\n<meta property=\"article:modified_time\" content=\"2024-12-07T13:24:07+00:00\" \/>\n<meta property=\"og:image\" content=\"https:\/\/peakart.co.uk\/wp-content\/uploads\/2017\/02\/Massive-Skeleton-Decorative-Wooden-Wall-Clock-Sawannah-XL-1.jpg\" \/>\n\t<meta property=\"og:image:width\" content=\"500\" \/>\n\t<meta property=\"og:image:height\" content=\"500\" \/>\n\t<meta property=\"og:image:type\" content=\"image\/jpeg\" \/>\n<meta name=\"twitter:card\" content=\"summary_large_image\" \/>\n<meta name=\"twitter:label1\" content=\"Dost\u0119pno\u015b\u0107\" \/>\n\t<meta name=\"twitter:data1\" content=\"Brak w magazynie\" \/>\n<script type=\"application\/ld+json\" class=\"yoast-schema-graph\">{\"@context\":\"https:\/\/schema.org\",\"@graph\":[{\"@type\":\"WebPage\",\"@id\":\"https:\/\/peakart.co.uk\/pl\/produkt\/duzy-zegar-wiszacy\/\",\"url\":\"https:\/\/peakart.co.uk\/pl\/produkt\/duzy-zegar-wiszacy\/\",\"name\":\"Du\u017cy Zegar Wisz\u0105cy z Drewna. R\u0119kodzie\u0142o dost\u0119pne w trzech rozmiarach.\",\"isPartOf\":{\"@id\":\"https:\/\/peakart.co.uk\/de\/#website\"},\"primaryImageOfPage\":{\"@id\":\"https:\/\/peakart.co.uk\/pl\/produkt\/duzy-zegar-wiszacy\/#primaryimage\"},\"image\":{\"@id\":\"https:\/\/peakart.co.uk\/pl\/produkt\/duzy-zegar-wiszacy\/#primaryimage\"},\"thumbnailUrl\":\"https:\/\/peakart.co.uk\/wp-content\/uploads\/2017\/02\/Massive-Skeleton-Decorative-Wooden-Wall-Clock-Sawannah-XL-1.jpg\",\"datePublished\":\"2017-02-22T19:55:23+00:00\",\"dateModified\":\"2024-12-07T13:24:07+00:00\",\"description\":\"Niesamowicie imponuj\u0105cy, wielki zegar wisz\u0105cy wykonany z drewna sosnowego o konstrukcji szkieletowej\",\"breadcrumb\":{\"@id\":\"https:\/\/peakart.co.uk\/pl\/produkt\/duzy-zegar-wiszacy\/#breadcrumb\"},\"inLanguage\":\"pl-PL\",\"potentialAction\":[{\"@type\":\"ReadAction\",\"target\":[\"https:\/\/peakart.co.uk\/pl\/produkt\/duzy-zegar-wiszacy\/\"]}]},{\"@type\":\"ImageObject\",\"inLanguage\":\"pl-PL\",\"@id\":\"https:\/\/peakart.co.uk\/pl\/produkt\/duzy-zegar-wiszacy\/#primaryimage\",\"url\":\"https:\/\/peakart.co.uk\/wp-content\/uploads\/2017\/02\/Massive-Skeleton-Decorative-Wooden-Wall-Clock-Sawannah-XL-1.jpg\",\"contentUrl\":\"https:\/\/peakart.co.uk\/wp-content\/uploads\/2017\/02\/Massive-Skeleton-Decorative-Wooden-Wall-Clock-Sawannah-XL-1.jpg\",\"width\":500,\"height\":500,\"caption\":\"Peak Art - Savannah\"},{\"@type\":\"BreadcrumbList\",\"@id\":\"https:\/\/peakart.co.uk\/pl\/produkt\/duzy-zegar-wiszacy\/#breadcrumb\",\"itemListElement\":[{\"@type\":\"ListItem\",\"position\":1,\"name\":\"Home\",\"item\":\"https:\/\/peakart.co.uk\/pl\/\"},{\"@type\":\"ListItem\",\"position\":2,\"name\":\"Sklep\",\"item\":\"https:\/\/peakart.co.uk\/pl\/sklep\/\"},{\"@type\":\"ListItem\",\"position\":3,\"name\":\"Du\u017cy Zegar Wisz\u0105cy Wykonany z Drewna\"}]},{\"@type\":\"WebSite\",\"@id\":\"https:\/\/peakart.co.uk\/de\/#website\",\"url\":\"https:\/\/peakart.co.uk\/de\/\",\"name\":\"Peak Art\",\"description\":\"\",\"publisher\":{\"@id\":\"https:\/\/peakart.co.uk\/de\/#organization\"},\"potentialAction\":[{\"@type\":\"SearchAction\",\"target\":{\"@type\":\"EntryPoint\",\"urlTemplate\":\"https:\/\/peakart.co.uk\/de\/?s={search_term_string}\"},\"query-input\":{\"@type\":\"PropertyValueSpecification\",\"valueRequired\":true,\"valueName\":\"search_term_string\"}}],\"inLanguage\":\"pl-PL\"},{\"@type\":\"Organization\",\"@id\":\"https:\/\/peakart.co.uk\/de\/#organization\",\"name\":\"Peak Art\",\"url\":\"https:\/\/peakart.co.uk\/de\/\",\"logo\":{\"@type\":\"ImageObject\",\"inLanguage\":\"pl-PL\",\"@id\":\"https:\/\/peakart.co.uk\/de\/#\/schema\/logo\/image\/\",\"url\":\"https:\/\/peakart.co.uk\/wp-content\/uploads\/2023\/07\/logo-8.jpg\",\"contentUrl\":\"https:\/\/peakart.co.uk\/wp-content\/uploads\/2023\/07\/logo-8.jpg\",\"width\":666,\"height\":259,\"caption\":\"Peak Art\"},\"image\":{\"@id\":\"https:\/\/peakart.co.uk\/de\/#\/schema\/logo\/image\/\"},\"sameAs\":[\"https:\/\/www.facebook.com\/PeakArtClocks\/\"],\"hasMerchantReturnPolicy\":{\"@type\":\"MerchantReturnPolicy\",\"merchantReturnLink\":\"https:\/\/peakart.co.uk\/refund_returns\/\"}}]}<\/script>\n<meta property=\"og:availability\" content=\"out of stock\" \/>\n<meta property=\"product:availability\" content=\"out of stock\" \/>\n<meta property=\"product:retailer_item_id\" content=\"PEAKART-92887\" \/>\n<meta property=\"product:condition\" content=\"new\" \/>\n<!-- \/ Yoast SEO Premium plugin. -->","yoast_head_json":{"title":"Du\u017cy Zegar Wisz\u0105cy z Drewna. R\u0119kodzie\u0142o dost\u0119pne w trzech rozmiarach.","description":"Niesamowicie imponuj\u0105cy, wielki zegar wisz\u0105cy wykonany z drewna sosnowego o konstrukcji szkieletowej","robots":{"index":"index","follow":"follow","max-snippet":"max-snippet:-1","max-image-preview":"max-image-preview:large","max-video-preview":"max-video-preview:-1"},"canonical":"https:\/\/peakart.co.uk\/pl\/produkt\/duzy-zegar-wiszacy\/","og_locale":"pl_PL","og_type":"article","og_title":"Du\u017cy Zegar Wisz\u0105cy Wykonany z Drewna","og_description":"Niesamowicie imponuj\u0105cy, wielki zegar wisz\u0105cy wykonany z drewna sosnowego o konstrukcji szkieletowej","og_url":"https:\/\/peakart.co.uk\/pl\/produkt\/duzy-zegar-wiszacy\/","og_site_name":"Peak Art","article_publisher":"https:\/\/www.facebook.com\/PeakArtClocks\/","article_modified_time":"2024-12-07T13:24:07+00:00","og_image":[{"width":500,"height":500,"url":"https:\/\/peakart.co.uk\/wp-content\/uploads\/2017\/02\/Massive-Skeleton-Decorative-Wooden-Wall-Clock-Sawannah-XL-1.jpg","type":"image\/jpeg"}],"twitter_card":"summary_large_image","twitter_misc":{"Dost\u0119pno\u015b\u0107":"Brak w magazynie"},"schema":{"@context":"https:\/\/schema.org","@graph":[{"@type":"WebPage","@id":"https:\/\/peakart.co.uk\/pl\/produkt\/duzy-zegar-wiszacy\/","url":"https:\/\/peakart.co.uk\/pl\/produkt\/duzy-zegar-wiszacy\/","name":"Du\u017cy Zegar Wisz\u0105cy z Drewna. R\u0119kodzie\u0142o dost\u0119pne w trzech rozmiarach.","isPartOf":{"@id":"https:\/\/peakart.co.uk\/de\/#website"},"primaryImageOfPage":{"@id":"https:\/\/peakart.co.uk\/pl\/produkt\/duzy-zegar-wiszacy\/#primaryimage"},"image":{"@id":"https:\/\/peakart.co.uk\/pl\/produkt\/duzy-zegar-wiszacy\/#primaryimage"},"thumbnailUrl":"https:\/\/peakart.co.uk\/wp-content\/uploads\/2017\/02\/Massive-Skeleton-Decorative-Wooden-Wall-Clock-Sawannah-XL-1.jpg","datePublished":"2017-02-22T19:55:23+00:00","dateModified":"2024-12-07T13:24:07+00:00","description":"Niesamowicie imponuj\u0105cy, wielki zegar wisz\u0105cy wykonany z drewna sosnowego o konstrukcji szkieletowej","breadcrumb":{"@id":"https:\/\/peakart.co.uk\/pl\/produkt\/duzy-zegar-wiszacy\/#breadcrumb"},"inLanguage":"pl-PL","potentialAction":[{"@type":"ReadAction","target":["https:\/\/peakart.co.uk\/pl\/produkt\/duzy-zegar-wiszacy\/"]}]},{"@type":"ImageObject","inLanguage":"pl-PL","@id":"https:\/\/peakart.co.uk\/pl\/produkt\/duzy-zegar-wiszacy\/#primaryimage","url":"https:\/\/peakart.co.uk\/wp-content\/uploads\/2017\/02\/Massive-Skeleton-Decorative-Wooden-Wall-Clock-Sawannah-XL-1.jpg","contentUrl":"https:\/\/peakart.co.uk\/wp-content\/uploads\/2017\/02\/Massive-Skeleton-Decorative-Wooden-Wall-Clock-Sawannah-XL-1.jpg","width":500,"height":500,"caption":"Peak Art - Savannah"},{"@type":"BreadcrumbList","@id":"https:\/\/peakart.co.uk\/pl\/produkt\/duzy-zegar-wiszacy\/#breadcrumb","itemListElement":[{"@type":"ListItem","position":1,"name":"Home","item":"https:\/\/peakart.co.uk\/pl\/"},{"@type":"ListItem","position":2,"name":"Sklep","item":"https:\/\/peakart.co.uk\/pl\/sklep\/"},{"@type":"ListItem","position":3,"name":"Du\u017cy Zegar Wisz\u0105cy Wykonany z Drewna"}]},{"@type":"WebSite","@id":"https:\/\/peakart.co.uk\/de\/#website","url":"https:\/\/peakart.co.uk\/de\/","name":"Peak Art","description":"","publisher":{"@id":"https:\/\/peakart.co.uk\/de\/#organization"},"potentialAction":[{"@type":"SearchAction","target":{"@type":"EntryPoint","urlTemplate":"https:\/\/peakart.co.uk\/de\/?s={search_term_string}"},"query-input":{"@type":"PropertyValueSpecification","valueRequired":true,"valueName":"search_term_string"}}],"inLanguage":"pl-PL"},{"@type":"Organization","@id":"https:\/\/peakart.co.uk\/de\/#organization","name":"Peak Art","url":"https:\/\/peakart.co.uk\/de\/","logo":{"@type":"ImageObject","inLanguage":"pl-PL","@id":"https:\/\/peakart.co.uk\/de\/#\/schema\/logo\/image\/","url":"https:\/\/peakart.co.uk\/wp-content\/uploads\/2023\/07\/logo-8.jpg","contentUrl":"https:\/\/peakart.co.uk\/wp-content\/uploads\/2023\/07\/logo-8.jpg","width":666,"height":259,"caption":"Peak Art"},"image":{"@id":"https:\/\/peakart.co.uk\/de\/#\/schema\/logo\/image\/"},"sameAs":["https:\/\/www.facebook.com\/PeakArtClocks\/"],"hasMerchantReturnPolicy":{"@type":"MerchantReturnPolicy","merchantReturnLink":"https:\/\/peakart.co.uk\/refund_returns\/"}}]},"og_availability":"out of stock","product_availability":"out of stock","product_retailer_item_id":"PEAKART-92887","product_condition":"new"},"_links":{"self":[{"href":"https:\/\/peakart.co.uk\/pl\/wp-json\/wp\/v2\/product\/5571","targetHints":{"allow":["GET"]}}],"collection":[{"href":"https:\/\/peakart.co.uk\/pl\/wp-json\/wp\/v2\/product"}],"about":[{"href":"https:\/\/peakart.co.uk\/pl\/wp-json\/wp\/v2\/types\/product"}],"replies":[{"embeddable":true,"href":"https:\/\/peakart.co.uk\/pl\/wp-json\/wp\/v2\/comments?post=5571"}],"wp:featuredmedia":[{"embeddable":true,"href":"https:\/\/peakart.co.uk\/pl\/wp-json\/wp\/v2\/media\/30848"}],"wp:attachment":[{"href":"https:\/\/peakart.co.uk\/pl\/wp-json\/wp\/v2\/media?parent=5571"}],"wp:term":[{"taxonomy":"product_brand","embeddable":true,"href":"https:\/\/peakart.co.uk\/pl\/wp-json\/wp\/v2\/product_brand?post=5571"},{"taxonomy":"product_cat","embeddable":true,"href":"https:\/\/peakart.co.uk\/pl\/wp-json\/wp\/v2\/product_cat?post=5571"},{"taxonomy":"product_tag","embeddable":true,"href":"https:\/\/peakart.co.uk\/pl\/wp-json\/wp\/v2\/product_tag?post=5571"}],"curies":[{"name":"wp","href":"https:\/\/api.w.org\/{rel}","templated":true}]}}