{"id":5570,"date":"2017-03-10T12:10:40","date_gmt":"2017-03-10T12:10:40","guid":{"rendered":"http:\/\/peakart.co.uk\/product\/szkieletowy-rustykalny-zegar-scienny-z-cyframi-rzymskimi\/"},"modified":"2024-12-07T13:24:05","modified_gmt":"2024-12-07T13:24:05","slug":"wielki-zegar-scienny","status":"publish","type":"product","link":"https:\/\/peakart.co.uk\/pl\/produkt\/wielki-zegar-scienny\/","title":{"rendered":"Wielki Zegar \u015acienny Cyfry Rzymskie"},"content":{"rendered":"<h2>Wielki zegar \u015bcienny r\u0119cznie wykonany z drewna i r\u0119cznie malowany<\/h2>\n<p>Nigdy nie znudzi mi si\u0119 tworzenie tych osza\u0142amiaj\u0105cych tr\u00f3jwymiarowych <a href=\"https:\/\/peakart.co.uk\/pl\/tag-produktu\/zegary-drewniane-szkieletowe\/\">zegar\u00f3w szkieletowych<\/a>. Maj\u0105 tyle charakteru i robi\u0105 tak silne wra\u017cenie! Ogromn\u0105 rado\u015b\u0107 sprawia mi obserwowanie, jak ka\u017cdy z nich si\u0119 rozwija, kiedy je projektuj\u0119, wycinam i maluj\u0119. Nie zawsze dzia\u0142a to dok\u0142adnie tak, jak to planuj\u0119. Czy to jest problem? Nie s\u0105dz\u0119, poniewa\u017c pod\u0105\u017canie za planem jest wa\u017cne, ale g\u0142\u00f3wnym celem jest wyj\u0105tkowo\u015b\u0107, prawda?<\/p>\n<p>Ten wielki zegar \u015bcienny od samego pocz\u0105tku by\u0142 eksperymentem. Chcia\u0142em sprawi\u0107, by przednia cz\u0119\u015b\u0107 by\u0142a szara, ale jednocze\u015bnie interesuj\u0105ca. Chocia\u017c pocz\u0105tkowo nie udawa\u0142o mi si\u0119, my\u015bl\u0119, \u017ce ostatecznie osi\u0105gn\u0105\u0142em ten rustykalny wygl\u0105d, na kt\u00f3ry liczy\u0142am.<br \/>\nKa\u017cdy zegar od Peak Art ma swoje unikalne cechy i charakter. To w\u0142a\u015bnie odr\u00f3\u017cnia te r\u0119cznie wykonane dzie\u0142a od masowo produkowanych tanich alternatyw. Ludzie szukaj\u0105 czego\u015b wyj\u0105tkowego, aby ozdobi\u0107 swoje kuchnie, sypialnie lub korytarze w stylowy spos\u00f3b z odrobin\u0105 &#8220;wow&#8221;. Z tego powodu narodzi\u0142 si\u0119 Peak Art &#8211; zapewniaj\u0105cy niezwyk\u0142y efekt wizualny z funkcjonaln\u0105 grafik\u0105 \u015bcienn\u0105.<\/p>\n<h2>Je\u017celi szukasz nowych rozwi\u0105za\u0144 to wielki zegar \u015bcienny z Peak Art jest \u015bwietnym pomys\u0142em<\/h2>\n<p>Odwied\u017a nasz\u0105 sekcj\u0119 blog\u00f3w, je\u015bli chcesz dowiedzie\u0107 si\u0119 czego\u015b wi\u0119cej o zegarach szkieletowych z Peak Art. Ten <a href=\"https:\/\/peakart.co.uk\/pl\/blog-post\/recznie-robione-zegary-scienne\/\">blog<\/a> pokazuje r\u00f3\u017cnic\u0119 mi\u0119dzy naszymi r\u0119cznie robionymi produktami a &#8220;alternatywami&#8221; produkowanymi w fabrykach. W naszej <a href=\"https:\/\/www.facebook.com\/PeakArtClocks\/\">spo\u0142eczno\u015bci na Facebooku<\/a> s\u0105 tysi\u0105ce os\u00f3b, wi\u0119c do\u0142\u0105cz do nich, aby podzieli\u0107 si\u0119 swoimi pogl\u0105dami i komentarzami. Prosz\u0119 daj mi zna\u0107, co s\u0105dzisz o tym czasomierzu jako nowoczesnej alternatywie dla du\u017cych obraz\u00f3w i luster? Czy wola\u0142by\u015b pod\u0105\u017ca\u0107 za starymi trendami w aran\u017cacji wn\u0119trz lub by\u0107 cz\u0119\u015bci\u0105 czego\u015b nowego? Mo\u017ce ten wielki zegar \u015bcienny podoba Ci si\u0119 ze wzgl\u0119du na kszta\u0142t ale wolisz inne kolory? Proponuj\u0119 wsp\u00f3\u0142prac\u0119 ze mn\u0105 nad zaprojektowaniem Twojej w\u0142asnej kolorystyki. W ten spos\u00f3b mo\u017cemy razem stworzy\u0107 du\u017cy zegar na \u015bcian\u0119 pasuj\u0105cy idealnie do Twojego wn\u0119trza.<\/p>\n<p>&nbsp;<\/p>\n","protected":false},"excerpt":{"rendered":"<p>Wielki zegar \u015bcienny o konstrukcji szkieletowej z cyframi rzymskimi. Front r\u0119cznie wykonany z pojedynczego panelu drewna sosnowego. Dodatkowa drewniana obr\u0119cz z ty\u0142u nadaje tr\u00f3jwymiarowego wygl\u0105du. Dost\u0119pny w trzech r\u00f3\u017cnych rozmiarach.<\/p>\n<p><b>Projekt i R\u0119czne Wykonanie<\/b>\u00a0&#8211;\u00a0Anna Siodelska<\/p>\n<p><strong>Front<\/strong> \u2013Rustykalny \/ Szary<\/p>\n<p><strong>Ty\u0142<\/strong> \u2013\u00a0Transparentny \/ \u015aciana<\/p>\n<p><strong>Uwaga \u2013 <\/strong>Rozmiar 75 cm ma troche inne kszta\u0142ty cyfr aby nie by\u0142y zbyt w\u0105skie. Przyk\u0142adowe zdj\u0119cie z innego projektu znajduje si\u0119\u00a0<a href=\"https:\/\/peakart.co.uk\/wp-content\/uploads\/2017\/09\/Unique-Large-Rustic-Grey-Wooden-Wall-Clock-Left.jpg\">Tutaj<\/a><\/p>\n","protected":false},"featured_media":32670,"comment_status":"closed","ping_status":"closed","template":"","meta":[],"product_brand":[],"product_cat":[56],"product_tag":[50,65,70,68,2671,53,76],"class_list":{"0":"post-5570","1":"product","2":"type-product","3":"status-publish","4":"has-post-thumbnail","6":"product_cat-duze-zegary-scienne","7":"product_tag-artystyczne-zegary-scienne","8":"product_tag-duze-zegary-dekoracyjne-na-sciane","9":"product_tag-duze-zegary-rzymskie-szkieletowe","10":"product_tag-drewniane-zegary-scienne-z-cyframi-rzymskimi","11":"product_tag-nietypowe-duze-zegary-scienne","12":"product_tag-zegary-drewniane-szkieletowe","13":"product_tag-zegary-scienne-shabby-chic","14":"product_shipping_class-oversized-clocks-pl","16":"first","17":"instock","18":"sale","19":"featured","20":"taxable","21":"shipping-taxable","22":"purchasable","23":"product-type-variable"},"yoast_head":"<!-- This site is optimized with the Yoast SEO Premium plugin v27.2 (Yoast SEO v27.2) - https:\/\/yoast.com\/product\/yoast-seo-premium-wordpress\/ -->\n<title>Wielki Zegar \u015acienny z Cyframi Rzymskimi<\/title>\n<meta name=\"description\" content=\"Niesamowity Rzymski Wielki Zegar \u015acienny R\u0119cznie Wykonany z Drewna\" \/>\n<meta name=\"robots\" content=\"index, follow, max-snippet:-1, max-image-preview:large, max-video-preview:-1\" \/>\n<link rel=\"canonical\" href=\"https:\/\/peakart.co.uk\/pl\/produkt\/wielki-zegar-scienny\/\" \/>\n<meta property=\"og:locale\" content=\"pl_PL\" \/>\n<meta property=\"og:type\" content=\"article\" \/>\n<meta property=\"og:title\" content=\"Wielki Zegar \u015acienny Cyfry Rzymskie\" \/>\n<meta property=\"og:description\" content=\"Niesamowity Rzymski Wielki Zegar \u015acienny R\u0119cznie Wykonany z Drewna\" \/>\n<meta property=\"og:url\" content=\"https:\/\/peakart.co.uk\/pl\/produkt\/wielki-zegar-scienny\/\" \/>\n<meta property=\"og:site_name\" content=\"Peak Art\" \/>\n<meta property=\"article:publisher\" content=\"https:\/\/www.facebook.com\/PeakArtClocks\/\" \/>\n<meta property=\"article:modified_time\" content=\"2024-12-07T13:24:05+00:00\" \/>\n<meta property=\"og:image\" content=\"https:\/\/peakart.co.uk\/wp-content\/uploads\/2017\/03\/Extra-Large-Rustic-Skeleton-Roman-Numeral-Wall-Clock-Left-1.jpg\" \/>\n\t<meta property=\"og:image:width\" content=\"500\" \/>\n\t<meta property=\"og:image:height\" content=\"437\" \/>\n\t<meta property=\"og:image:type\" content=\"image\/jpeg\" \/>\n<meta name=\"twitter:card\" content=\"summary_large_image\" \/>\n<meta name=\"twitter:label1\" content=\"Dost\u0119pno\u015b\u0107\" \/>\n\t<meta name=\"twitter:data1\" content=\"Dost\u0119pny\" \/>\n<script type=\"application\/ld+json\" class=\"yoast-schema-graph\">{\"@context\":\"https:\/\/schema.org\",\"@graph\":[{\"@type\":\"WebPage\",\"@id\":\"https:\/\/peakart.co.uk\/pl\/produkt\/wielki-zegar-scienny\/\",\"url\":\"https:\/\/peakart.co.uk\/pl\/produkt\/wielki-zegar-scienny\/\",\"name\":\"Wielki Zegar \u015acienny z Cyframi Rzymskimi\",\"isPartOf\":{\"@id\":\"https:\/\/peakart.co.uk\/de\/#website\"},\"primaryImageOfPage\":{\"@id\":\"https:\/\/peakart.co.uk\/pl\/produkt\/wielki-zegar-scienny\/#primaryimage\"},\"image\":{\"@id\":\"https:\/\/peakart.co.uk\/pl\/produkt\/wielki-zegar-scienny\/#primaryimage\"},\"thumbnailUrl\":\"https:\/\/peakart.co.uk\/wp-content\/uploads\/2017\/03\/Extra-Large-Rustic-Skeleton-Roman-Numeral-Wall-Clock-Left-1.jpg\",\"datePublished\":\"2017-03-10T12:10:40+00:00\",\"dateModified\":\"2024-12-07T13:24:05+00:00\",\"description\":\"Niesamowity Rzymski Wielki Zegar \u015acienny R\u0119cznie Wykonany z Drewna\",\"breadcrumb\":{\"@id\":\"https:\/\/peakart.co.uk\/pl\/produkt\/wielki-zegar-scienny\/#breadcrumb\"},\"inLanguage\":\"pl-PL\",\"potentialAction\":[{\"@type\":\"ReadAction\",\"target\":[\"https:\/\/peakart.co.uk\/pl\/produkt\/wielki-zegar-scienny\/\"]}]},{\"@type\":\"ImageObject\",\"inLanguage\":\"pl-PL\",\"@id\":\"https:\/\/peakart.co.uk\/pl\/produkt\/wielki-zegar-scienny\/#primaryimage\",\"url\":\"https:\/\/peakart.co.uk\/wp-content\/uploads\/2017\/03\/Extra-Large-Rustic-Skeleton-Roman-Numeral-Wall-Clock-Left-1.jpg\",\"contentUrl\":\"https:\/\/peakart.co.uk\/wp-content\/uploads\/2017\/03\/Extra-Large-Rustic-Skeleton-Roman-Numeral-Wall-Clock-Left-1.jpg\",\"width\":500,\"height\":437},{\"@type\":\"BreadcrumbList\",\"@id\":\"https:\/\/peakart.co.uk\/pl\/produkt\/wielki-zegar-scienny\/#breadcrumb\",\"itemListElement\":[{\"@type\":\"ListItem\",\"position\":1,\"name\":\"Home\",\"item\":\"https:\/\/peakart.co.uk\/pl\/\"},{\"@type\":\"ListItem\",\"position\":2,\"name\":\"Sklep\",\"item\":\"https:\/\/peakart.co.uk\/pl\/sklep\/\"},{\"@type\":\"ListItem\",\"position\":3,\"name\":\"Wielki Zegar \u015acienny Cyfry Rzymskie\"}]},{\"@type\":\"WebSite\",\"@id\":\"https:\/\/peakart.co.uk\/de\/#website\",\"url\":\"https:\/\/peakart.co.uk\/de\/\",\"name\":\"Peak Art\",\"description\":\"\",\"publisher\":{\"@id\":\"https:\/\/peakart.co.uk\/de\/#organization\"},\"potentialAction\":[{\"@type\":\"SearchAction\",\"target\":{\"@type\":\"EntryPoint\",\"urlTemplate\":\"https:\/\/peakart.co.uk\/de\/?s={search_term_string}\"},\"query-input\":{\"@type\":\"PropertyValueSpecification\",\"valueRequired\":true,\"valueName\":\"search_term_string\"}}],\"inLanguage\":\"pl-PL\"},{\"@type\":\"Organization\",\"@id\":\"https:\/\/peakart.co.uk\/de\/#organization\",\"name\":\"Peak Art\",\"url\":\"https:\/\/peakart.co.uk\/de\/\",\"logo\":{\"@type\":\"ImageObject\",\"inLanguage\":\"pl-PL\",\"@id\":\"https:\/\/peakart.co.uk\/de\/#\/schema\/logo\/image\/\",\"url\":\"https:\/\/peakart.co.uk\/wp-content\/uploads\/2023\/07\/logo-8.jpg\",\"contentUrl\":\"https:\/\/peakart.co.uk\/wp-content\/uploads\/2023\/07\/logo-8.jpg\",\"width\":666,\"height\":259,\"caption\":\"Peak Art\"},\"image\":{\"@id\":\"https:\/\/peakart.co.uk\/de\/#\/schema\/logo\/image\/\"},\"sameAs\":[\"https:\/\/www.facebook.com\/PeakArtClocks\/\"],\"hasMerchantReturnPolicy\":{\"@type\":\"MerchantReturnPolicy\",\"merchantReturnLink\":\"https:\/\/peakart.co.uk\/refund_returns\/\"}}]}<\/script>\n<meta property=\"og:availability\" content=\"instock\" \/>\n<meta property=\"product:availability\" content=\"instock\" \/>\n<meta property=\"product:retailer_item_id\" content=\"PEAKART-78149\" \/>\n<meta property=\"product:condition\" content=\"new\" \/>\n<!-- \/ Yoast SEO Premium plugin. -->","yoast_head_json":{"title":"Wielki Zegar \u015acienny z Cyframi Rzymskimi","description":"Niesamowity Rzymski Wielki Zegar \u015acienny R\u0119cznie Wykonany z Drewna","robots":{"index":"index","follow":"follow","max-snippet":"max-snippet:-1","max-image-preview":"max-image-preview:large","max-video-preview":"max-video-preview:-1"},"canonical":"https:\/\/peakart.co.uk\/pl\/produkt\/wielki-zegar-scienny\/","og_locale":"pl_PL","og_type":"article","og_title":"Wielki Zegar \u015acienny Cyfry Rzymskie","og_description":"Niesamowity Rzymski Wielki Zegar \u015acienny R\u0119cznie Wykonany z Drewna","og_url":"https:\/\/peakart.co.uk\/pl\/produkt\/wielki-zegar-scienny\/","og_site_name":"Peak Art","article_publisher":"https:\/\/www.facebook.com\/PeakArtClocks\/","article_modified_time":"2024-12-07T13:24:05+00:00","og_image":[{"width":500,"height":437,"url":"https:\/\/peakart.co.uk\/wp-content\/uploads\/2017\/03\/Extra-Large-Rustic-Skeleton-Roman-Numeral-Wall-Clock-Left-1.jpg","type":"image\/jpeg"}],"twitter_card":"summary_large_image","twitter_misc":{"Dost\u0119pno\u015b\u0107":"Dost\u0119pny"},"schema":{"@context":"https:\/\/schema.org","@graph":[{"@type":"WebPage","@id":"https:\/\/peakart.co.uk\/pl\/produkt\/wielki-zegar-scienny\/","url":"https:\/\/peakart.co.uk\/pl\/produkt\/wielki-zegar-scienny\/","name":"Wielki Zegar \u015acienny z Cyframi Rzymskimi","isPartOf":{"@id":"https:\/\/peakart.co.uk\/de\/#website"},"primaryImageOfPage":{"@id":"https:\/\/peakart.co.uk\/pl\/produkt\/wielki-zegar-scienny\/#primaryimage"},"image":{"@id":"https:\/\/peakart.co.uk\/pl\/produkt\/wielki-zegar-scienny\/#primaryimage"},"thumbnailUrl":"https:\/\/peakart.co.uk\/wp-content\/uploads\/2017\/03\/Extra-Large-Rustic-Skeleton-Roman-Numeral-Wall-Clock-Left-1.jpg","datePublished":"2017-03-10T12:10:40+00:00","dateModified":"2024-12-07T13:24:05+00:00","description":"Niesamowity Rzymski Wielki Zegar \u015acienny R\u0119cznie Wykonany z Drewna","breadcrumb":{"@id":"https:\/\/peakart.co.uk\/pl\/produkt\/wielki-zegar-scienny\/#breadcrumb"},"inLanguage":"pl-PL","potentialAction":[{"@type":"ReadAction","target":["https:\/\/peakart.co.uk\/pl\/produkt\/wielki-zegar-scienny\/"]}]},{"@type":"ImageObject","inLanguage":"pl-PL","@id":"https:\/\/peakart.co.uk\/pl\/produkt\/wielki-zegar-scienny\/#primaryimage","url":"https:\/\/peakart.co.uk\/wp-content\/uploads\/2017\/03\/Extra-Large-Rustic-Skeleton-Roman-Numeral-Wall-Clock-Left-1.jpg","contentUrl":"https:\/\/peakart.co.uk\/wp-content\/uploads\/2017\/03\/Extra-Large-Rustic-Skeleton-Roman-Numeral-Wall-Clock-Left-1.jpg","width":500,"height":437},{"@type":"BreadcrumbList","@id":"https:\/\/peakart.co.uk\/pl\/produkt\/wielki-zegar-scienny\/#breadcrumb","itemListElement":[{"@type":"ListItem","position":1,"name":"Home","item":"https:\/\/peakart.co.uk\/pl\/"},{"@type":"ListItem","position":2,"name":"Sklep","item":"https:\/\/peakart.co.uk\/pl\/sklep\/"},{"@type":"ListItem","position":3,"name":"Wielki Zegar \u015acienny Cyfry Rzymskie"}]},{"@type":"WebSite","@id":"https:\/\/peakart.co.uk\/de\/#website","url":"https:\/\/peakart.co.uk\/de\/","name":"Peak Art","description":"","publisher":{"@id":"https:\/\/peakart.co.uk\/de\/#organization"},"potentialAction":[{"@type":"SearchAction","target":{"@type":"EntryPoint","urlTemplate":"https:\/\/peakart.co.uk\/de\/?s={search_term_string}"},"query-input":{"@type":"PropertyValueSpecification","valueRequired":true,"valueName":"search_term_string"}}],"inLanguage":"pl-PL"},{"@type":"Organization","@id":"https:\/\/peakart.co.uk\/de\/#organization","name":"Peak Art","url":"https:\/\/peakart.co.uk\/de\/","logo":{"@type":"ImageObject","inLanguage":"pl-PL","@id":"https:\/\/peakart.co.uk\/de\/#\/schema\/logo\/image\/","url":"https:\/\/peakart.co.uk\/wp-content\/uploads\/2023\/07\/logo-8.jpg","contentUrl":"https:\/\/peakart.co.uk\/wp-content\/uploads\/2023\/07\/logo-8.jpg","width":666,"height":259,"caption":"Peak Art"},"image":{"@id":"https:\/\/peakart.co.uk\/de\/#\/schema\/logo\/image\/"},"sameAs":["https:\/\/www.facebook.com\/PeakArtClocks\/"],"hasMerchantReturnPolicy":{"@type":"MerchantReturnPolicy","merchantReturnLink":"https:\/\/peakart.co.uk\/refund_returns\/"}}]},"og_availability":"instock","product_availability":"instock","product_retailer_item_id":"PEAKART-78149","product_condition":"new"},"_links":{"self":[{"href":"https:\/\/peakart.co.uk\/pl\/wp-json\/wp\/v2\/product\/5570","targetHints":{"allow":["GET"]}}],"collection":[{"href":"https:\/\/peakart.co.uk\/pl\/wp-json\/wp\/v2\/product"}],"about":[{"href":"https:\/\/peakart.co.uk\/pl\/wp-json\/wp\/v2\/types\/product"}],"replies":[{"embeddable":true,"href":"https:\/\/peakart.co.uk\/pl\/wp-json\/wp\/v2\/comments?post=5570"}],"wp:featuredmedia":[{"embeddable":true,"href":"https:\/\/peakart.co.uk\/pl\/wp-json\/wp\/v2\/media\/32670"}],"wp:attachment":[{"href":"https:\/\/peakart.co.uk\/pl\/wp-json\/wp\/v2\/media?parent=5570"}],"wp:term":[{"taxonomy":"product_brand","embeddable":true,"href":"https:\/\/peakart.co.uk\/pl\/wp-json\/wp\/v2\/product_brand?post=5570"},{"taxonomy":"product_cat","embeddable":true,"href":"https:\/\/peakart.co.uk\/pl\/wp-json\/wp\/v2\/product_cat?post=5570"},{"taxonomy":"product_tag","embeddable":true,"href":"https:\/\/peakart.co.uk\/pl\/wp-json\/wp\/v2\/product_tag?post=5570"}],"curies":[{"name":"wp","href":"https:\/\/api.w.org\/{rel}","templated":true}]}}