{"id":5569,"date":"2017-05-22T16:17:19","date_gmt":"2017-05-22T15:17:19","guid":{"rendered":"http:\/\/peakart.co.uk\/product\/wielki-unikalny-drewniany-zegar-scienny\/"},"modified":"2024-12-07T13:24:02","modified_gmt":"2024-12-07T13:24:02","slug":"unikalny-drewniany-zegar-scienny","status":"publish","type":"product","link":"https:\/\/peakart.co.uk\/pl\/produkt\/unikalny-drewniany-zegar-scienny\/","title":{"rendered":"Wielki Unikalny Drewniany Zegar \u015acienny"},"content":{"rendered":"<h2>R\u0119cznie wykonany,\u00a0unikalny drewniany zegar \u015bcienny do salonu b\u0105d\u017a jadalni<\/h2>\n<p>Ten pi\u0119kny i unikalny drewniany zegar \u015bcienny jest jednym z najbardziej wyj\u0105tkowych w kolekcji Peak Art. Nie posiada tradycyjnych cyfr rzymskich, dzi\u0119ki czemu jest atrakcyjny dla ekscentrycznych kolekcjoner\u00f3w sztuki. Je\u015bli spojrzysz dok\u0142adniej na przepi\u0119knie wykonan\u0105 tarcz\u0119, ujrzysz zjednoczone duchowo ta\u0144cz\u0105ce plemi\u0119. Je\u015bli szukasz czego\u015b ca\u0142kowicie odr\u0119bnego od ofert masowych, zdecydowanie nie b\u0119dziesz zawiedziony \u017cadnym z r\u0119cznie wykonanych zegar\u00f3w Peak Art.<\/p>\n<p>W dzisiejszych czasach zdecydowana wi\u0119kszo\u015b\u0107 dekoracji domowych jest projektowanych tak, aby by\u0142y tanie i sprzedawane na skal\u0119 masow\u0105. W ci\u0105gu kilku minut mo\u017cesz znale\u017a\u0107 setki identycznie wygl\u0105daj\u0105cych du\u017cych zegar\u00f3w, kt\u00f3re jedynie r\u00f3\u017cni\u0105 si\u0119 nieznacznie w cenie. Fabryki na ca\u0142ym \u015bwiecie s\u0105 zaj\u0119te produkcj\u0105 setek tysi\u0119cy nieoryginalnych przedmiot\u00f3w bez charakteru. Peak Art to ma\u0142a globalna firma rodzinna, kt\u00f3ra dominuje na tym niszowego rynku pod wzgl\u0119dem oryginalno\u015bci. Nasze unikalne drewniane zegary na \u015bcian\u0119 s\u0105 doceniane w wielu krajach na ca\u0142ym \u015bwiecie.<\/p>\n<p>Ka\u017cdy projekt ma sw\u00f3j charakter i styl, \u017cadne dwa zegary nie s\u0105 nigdy takie same. Kupuj\u0105c jeden z tych niesamowitych czasomierzy, mo\u017cesz by\u0107 pewien, \u017ce ka\u017cda osoba wchodz\u0105ca do Twojego domu, biura lub hotelu b\u0119dzie pod wra\u017ceniem. Prosimy, nie wahaj si\u0119 i do\u0142\u0105cz do tysi\u0119cy ludzi \u015bledz\u0105cych nasz\u0105 stron\u0119 na <a href=\"https:\/\/www.facebook.com\/PeakArtClocks\/\">Facebooku<\/a>, aby mie\u0107 wgl\u0105d na najnowsze projekty i oferty.<\/p>\n","protected":false},"excerpt":{"rendered":"<p>Imponuj\u0105cy i wyj\u0105tkowy drewniany zegar na \u015bcian\u0119 do salonu b\u0105d\u017a jadalni. Tego typu wspania\u0142e dzie\u0142o sztuki to nie tylko czasomierz, ale r\u00f3wnie\u017c nietuzinkowy dodatek dekoratorski. Dost\u0119pny w trzech r\u00f3\u017cnych rozmiarach na zam\u00f3wienie.<\/p>\n<p><strong>Projekt i R\u0119czne Wykonanie<\/strong>\u00a0&#8211;\u00a0Anna Siodelska<\/p>\n<p><strong>Front<\/strong> \u2013 Kolory Ziemi<\/p>\n<p><strong>T\u0142o<\/strong> \u2013\u00a0Transparentny \/ \u015aciana<\/p>\n","protected":false},"featured_media":32297,"comment_status":"closed","ping_status":"closed","template":"","meta":[],"product_brand":[],"product_cat":[56],"product_tag":[50,65,53],"class_list":{"0":"post-5569","1":"product","2":"type-product","3":"status-publish","4":"has-post-thumbnail","6":"product_cat-duze-zegary-scienne","7":"product_tag-artystyczne-zegary-scienne","8":"product_tag-duze-zegary-dekoracyjne-na-sciane","9":"product_tag-zegary-drewniane-szkieletowe","10":"product_shipping_class-oversized-clocks-pl","12":"first","13":"instock","14":"sale","15":"featured","16":"taxable","17":"shipping-taxable","18":"purchasable","19":"product-type-variable"},"yoast_head":"<!-- This site is optimized with the Yoast SEO Premium plugin v27.2 (Yoast SEO v27.2) - https:\/\/yoast.com\/product\/yoast-seo-premium-wordpress\/ -->\n<title>Pi\u0119kny i imponuj\u0105cy drewniany zegar \u015bcienny do Twojego Salonu<\/title>\n<meta name=\"description\" content=\"Nasze r\u0119cznie robione unikalne drewniane zegary \u015bcienne s\u0105 doceniane w wielu krajach na \u015bwiecie\" \/>\n<meta name=\"robots\" content=\"index, follow, max-snippet:-1, max-image-preview:large, max-video-preview:-1\" \/>\n<link rel=\"canonical\" href=\"https:\/\/peakart.co.uk\/pl\/produkt\/unikalny-drewniany-zegar-scienny\/\" \/>\n<meta property=\"og:locale\" content=\"pl_PL\" \/>\n<meta property=\"og:type\" content=\"article\" \/>\n<meta property=\"og:title\" content=\"Wielki Unikalny Drewniany Zegar \u015acienny\" \/>\n<meta property=\"og:description\" content=\"Nasze r\u0119cznie robione unikalne drewniane zegary \u015bcienne s\u0105 doceniane w wielu krajach na \u015bwiecie\" \/>\n<meta property=\"og:url\" content=\"https:\/\/peakart.co.uk\/pl\/produkt\/unikalny-drewniany-zegar-scienny\/\" \/>\n<meta property=\"og:site_name\" content=\"Peak Art\" \/>\n<meta property=\"article:publisher\" content=\"https:\/\/www.facebook.com\/PeakArtClocks\/\" \/>\n<meta property=\"article:modified_time\" content=\"2024-12-07T13:24:02+00:00\" \/>\n<meta property=\"og:image\" content=\"https:\/\/peakart.co.uk\/wp-content\/uploads\/2017\/05\/IMG_3001-scaled-e1714763750383.jpg\" \/>\n\t<meta property=\"og:image:width\" content=\"2560\" \/>\n\t<meta property=\"og:image:height\" content=\"1707\" \/>\n\t<meta property=\"og:image:type\" content=\"image\/jpeg\" \/>\n<meta name=\"twitter:card\" content=\"summary_large_image\" \/>\n<meta name=\"twitter:label1\" content=\"Dost\u0119pno\u015b\u0107\" \/>\n\t<meta name=\"twitter:data1\" content=\"Dost\u0119pny\" \/>\n<script type=\"application\/ld+json\" class=\"yoast-schema-graph\">{\"@context\":\"https:\/\/schema.org\",\"@graph\":[{\"@type\":\"WebPage\",\"@id\":\"https:\/\/peakart.co.uk\/pl\/produkt\/unikalny-drewniany-zegar-scienny\/\",\"url\":\"https:\/\/peakart.co.uk\/pl\/produkt\/unikalny-drewniany-zegar-scienny\/\",\"name\":\"Pi\u0119kny i imponuj\u0105cy drewniany zegar \u015bcienny do Twojego Salonu\",\"isPartOf\":{\"@id\":\"https:\/\/peakart.co.uk\/de\/#website\"},\"primaryImageOfPage\":{\"@id\":\"https:\/\/peakart.co.uk\/pl\/produkt\/unikalny-drewniany-zegar-scienny\/#primaryimage\"},\"image\":{\"@id\":\"https:\/\/peakart.co.uk\/pl\/produkt\/unikalny-drewniany-zegar-scienny\/#primaryimage\"},\"thumbnailUrl\":\"https:\/\/peakart.co.uk\/wp-content\/uploads\/2017\/05\/IMG_3001-scaled-e1714763750383.jpg\",\"datePublished\":\"2017-05-22T15:17:19+00:00\",\"dateModified\":\"2024-12-07T13:24:02+00:00\",\"description\":\"Nasze r\u0119cznie robione unikalne drewniane zegary \u015bcienne s\u0105 doceniane w wielu krajach na \u015bwiecie\",\"breadcrumb\":{\"@id\":\"https:\/\/peakart.co.uk\/pl\/produkt\/unikalny-drewniany-zegar-scienny\/#breadcrumb\"},\"inLanguage\":\"pl-PL\",\"potentialAction\":[{\"@type\":\"ReadAction\",\"target\":[\"https:\/\/peakart.co.uk\/pl\/produkt\/unikalny-drewniany-zegar-scienny\/\"]}]},{\"@type\":\"ImageObject\",\"inLanguage\":\"pl-PL\",\"@id\":\"https:\/\/peakart.co.uk\/pl\/produkt\/unikalny-drewniany-zegar-scienny\/#primaryimage\",\"url\":\"https:\/\/peakart.co.uk\/wp-content\/uploads\/2017\/05\/IMG_3001-scaled-e1714763750383.jpg\",\"contentUrl\":\"https:\/\/peakart.co.uk\/wp-content\/uploads\/2017\/05\/IMG_3001-scaled-e1714763750383.jpg\",\"width\":2201,\"height\":1706},{\"@type\":\"BreadcrumbList\",\"@id\":\"https:\/\/peakart.co.uk\/pl\/produkt\/unikalny-drewniany-zegar-scienny\/#breadcrumb\",\"itemListElement\":[{\"@type\":\"ListItem\",\"position\":1,\"name\":\"Home\",\"item\":\"https:\/\/peakart.co.uk\/pl\/\"},{\"@type\":\"ListItem\",\"position\":2,\"name\":\"Sklep\",\"item\":\"https:\/\/peakart.co.uk\/pl\/sklep\/\"},{\"@type\":\"ListItem\",\"position\":3,\"name\":\"Wielki Unikalny Drewniany Zegar \u015acienny\"}]},{\"@type\":\"WebSite\",\"@id\":\"https:\/\/peakart.co.uk\/de\/#website\",\"url\":\"https:\/\/peakart.co.uk\/de\/\",\"name\":\"Peak Art\",\"description\":\"\",\"publisher\":{\"@id\":\"https:\/\/peakart.co.uk\/de\/#organization\"},\"potentialAction\":[{\"@type\":\"SearchAction\",\"target\":{\"@type\":\"EntryPoint\",\"urlTemplate\":\"https:\/\/peakart.co.uk\/de\/?s={search_term_string}\"},\"query-input\":{\"@type\":\"PropertyValueSpecification\",\"valueRequired\":true,\"valueName\":\"search_term_string\"}}],\"inLanguage\":\"pl-PL\"},{\"@type\":\"Organization\",\"@id\":\"https:\/\/peakart.co.uk\/de\/#organization\",\"name\":\"Peak Art\",\"url\":\"https:\/\/peakart.co.uk\/de\/\",\"logo\":{\"@type\":\"ImageObject\",\"inLanguage\":\"pl-PL\",\"@id\":\"https:\/\/peakart.co.uk\/de\/#\/schema\/logo\/image\/\",\"url\":\"https:\/\/peakart.co.uk\/wp-content\/uploads\/2023\/07\/logo-8.jpg\",\"contentUrl\":\"https:\/\/peakart.co.uk\/wp-content\/uploads\/2023\/07\/logo-8.jpg\",\"width\":666,\"height\":259,\"caption\":\"Peak Art\"},\"image\":{\"@id\":\"https:\/\/peakart.co.uk\/de\/#\/schema\/logo\/image\/\"},\"sameAs\":[\"https:\/\/www.facebook.com\/PeakArtClocks\/\"],\"hasMerchantReturnPolicy\":{\"@type\":\"MerchantReturnPolicy\",\"merchantReturnLink\":\"https:\/\/peakart.co.uk\/refund_returns\/\"}}]}<\/script>\n<meta property=\"og:availability\" content=\"instock\" \/>\n<meta property=\"product:availability\" content=\"instock\" \/>\n<meta property=\"product:retailer_item_id\" content=\"PEAKART-98938\" \/>\n<meta property=\"product:condition\" content=\"new\" \/>\n<!-- \/ Yoast SEO Premium plugin. -->","yoast_head_json":{"title":"Pi\u0119kny i imponuj\u0105cy drewniany zegar \u015bcienny do Twojego Salonu","description":"Nasze r\u0119cznie robione unikalne drewniane zegary \u015bcienne s\u0105 doceniane w wielu krajach na \u015bwiecie","robots":{"index":"index","follow":"follow","max-snippet":"max-snippet:-1","max-image-preview":"max-image-preview:large","max-video-preview":"max-video-preview:-1"},"canonical":"https:\/\/peakart.co.uk\/pl\/produkt\/unikalny-drewniany-zegar-scienny\/","og_locale":"pl_PL","og_type":"article","og_title":"Wielki Unikalny Drewniany Zegar \u015acienny","og_description":"Nasze r\u0119cznie robione unikalne drewniane zegary \u015bcienne s\u0105 doceniane w wielu krajach na \u015bwiecie","og_url":"https:\/\/peakart.co.uk\/pl\/produkt\/unikalny-drewniany-zegar-scienny\/","og_site_name":"Peak Art","article_publisher":"https:\/\/www.facebook.com\/PeakArtClocks\/","article_modified_time":"2024-12-07T13:24:02+00:00","og_image":[{"width":2560,"height":1707,"url":"https:\/\/peakart.co.uk\/wp-content\/uploads\/2017\/05\/IMG_3001-scaled-e1714763750383.jpg","type":"image\/jpeg"}],"twitter_card":"summary_large_image","twitter_misc":{"Dost\u0119pno\u015b\u0107":"Dost\u0119pny"},"schema":{"@context":"https:\/\/schema.org","@graph":[{"@type":"WebPage","@id":"https:\/\/peakart.co.uk\/pl\/produkt\/unikalny-drewniany-zegar-scienny\/","url":"https:\/\/peakart.co.uk\/pl\/produkt\/unikalny-drewniany-zegar-scienny\/","name":"Pi\u0119kny i imponuj\u0105cy drewniany zegar \u015bcienny do Twojego Salonu","isPartOf":{"@id":"https:\/\/peakart.co.uk\/de\/#website"},"primaryImageOfPage":{"@id":"https:\/\/peakart.co.uk\/pl\/produkt\/unikalny-drewniany-zegar-scienny\/#primaryimage"},"image":{"@id":"https:\/\/peakart.co.uk\/pl\/produkt\/unikalny-drewniany-zegar-scienny\/#primaryimage"},"thumbnailUrl":"https:\/\/peakart.co.uk\/wp-content\/uploads\/2017\/05\/IMG_3001-scaled-e1714763750383.jpg","datePublished":"2017-05-22T15:17:19+00:00","dateModified":"2024-12-07T13:24:02+00:00","description":"Nasze r\u0119cznie robione unikalne drewniane zegary \u015bcienne s\u0105 doceniane w wielu krajach na \u015bwiecie","breadcrumb":{"@id":"https:\/\/peakart.co.uk\/pl\/produkt\/unikalny-drewniany-zegar-scienny\/#breadcrumb"},"inLanguage":"pl-PL","potentialAction":[{"@type":"ReadAction","target":["https:\/\/peakart.co.uk\/pl\/produkt\/unikalny-drewniany-zegar-scienny\/"]}]},{"@type":"ImageObject","inLanguage":"pl-PL","@id":"https:\/\/peakart.co.uk\/pl\/produkt\/unikalny-drewniany-zegar-scienny\/#primaryimage","url":"https:\/\/peakart.co.uk\/wp-content\/uploads\/2017\/05\/IMG_3001-scaled-e1714763750383.jpg","contentUrl":"https:\/\/peakart.co.uk\/wp-content\/uploads\/2017\/05\/IMG_3001-scaled-e1714763750383.jpg","width":2201,"height":1706},{"@type":"BreadcrumbList","@id":"https:\/\/peakart.co.uk\/pl\/produkt\/unikalny-drewniany-zegar-scienny\/#breadcrumb","itemListElement":[{"@type":"ListItem","position":1,"name":"Home","item":"https:\/\/peakart.co.uk\/pl\/"},{"@type":"ListItem","position":2,"name":"Sklep","item":"https:\/\/peakart.co.uk\/pl\/sklep\/"},{"@type":"ListItem","position":3,"name":"Wielki Unikalny Drewniany Zegar \u015acienny"}]},{"@type":"WebSite","@id":"https:\/\/peakart.co.uk\/de\/#website","url":"https:\/\/peakart.co.uk\/de\/","name":"Peak Art","description":"","publisher":{"@id":"https:\/\/peakart.co.uk\/de\/#organization"},"potentialAction":[{"@type":"SearchAction","target":{"@type":"EntryPoint","urlTemplate":"https:\/\/peakart.co.uk\/de\/?s={search_term_string}"},"query-input":{"@type":"PropertyValueSpecification","valueRequired":true,"valueName":"search_term_string"}}],"inLanguage":"pl-PL"},{"@type":"Organization","@id":"https:\/\/peakart.co.uk\/de\/#organization","name":"Peak Art","url":"https:\/\/peakart.co.uk\/de\/","logo":{"@type":"ImageObject","inLanguage":"pl-PL","@id":"https:\/\/peakart.co.uk\/de\/#\/schema\/logo\/image\/","url":"https:\/\/peakart.co.uk\/wp-content\/uploads\/2023\/07\/logo-8.jpg","contentUrl":"https:\/\/peakart.co.uk\/wp-content\/uploads\/2023\/07\/logo-8.jpg","width":666,"height":259,"caption":"Peak Art"},"image":{"@id":"https:\/\/peakart.co.uk\/de\/#\/schema\/logo\/image\/"},"sameAs":["https:\/\/www.facebook.com\/PeakArtClocks\/"],"hasMerchantReturnPolicy":{"@type":"MerchantReturnPolicy","merchantReturnLink":"https:\/\/peakart.co.uk\/refund_returns\/"}}]},"og_availability":"instock","product_availability":"instock","product_retailer_item_id":"PEAKART-98938","product_condition":"new"},"_links":{"self":[{"href":"https:\/\/peakart.co.uk\/pl\/wp-json\/wp\/v2\/product\/5569","targetHints":{"allow":["GET"]}}],"collection":[{"href":"https:\/\/peakart.co.uk\/pl\/wp-json\/wp\/v2\/product"}],"about":[{"href":"https:\/\/peakart.co.uk\/pl\/wp-json\/wp\/v2\/types\/product"}],"replies":[{"embeddable":true,"href":"https:\/\/peakart.co.uk\/pl\/wp-json\/wp\/v2\/comments?post=5569"}],"wp:featuredmedia":[{"embeddable":true,"href":"https:\/\/peakart.co.uk\/pl\/wp-json\/wp\/v2\/media\/32297"}],"wp:attachment":[{"href":"https:\/\/peakart.co.uk\/pl\/wp-json\/wp\/v2\/media?parent=5569"}],"wp:term":[{"taxonomy":"product_brand","embeddable":true,"href":"https:\/\/peakart.co.uk\/pl\/wp-json\/wp\/v2\/product_brand?post=5569"},{"taxonomy":"product_cat","embeddable":true,"href":"https:\/\/peakart.co.uk\/pl\/wp-json\/wp\/v2\/product_cat?post=5569"},{"taxonomy":"product_tag","embeddable":true,"href":"https:\/\/peakart.co.uk\/pl\/wp-json\/wp\/v2\/product_tag?post=5569"}],"curies":[{"name":"wp","href":"https:\/\/api.w.org\/{rel}","templated":true}]}}