{"id":5568,"date":"2017-04-04T12:31:45","date_gmt":"2017-04-04T11:31:45","guid":{"rendered":"http:\/\/peakart.co.uk\/product\/rustykalny-zegar-scienny-z-cyframi-rzymskimi\/"},"modified":"2024-12-07T13:24:04","modified_gmt":"2024-12-07T13:24:04","slug":"duzy-zegar-scienny-do-salonu","status":"publish","type":"product","link":"https:\/\/peakart.co.uk\/pl\/produkt\/duzy-zegar-scienny-do-salonu\/","title":{"rendered":"Du\u017cy Zegar \u015acienny do Salonu Handmade"},"content":{"rendered":"<h2>Szukasz du\u017cego zegara\u00a0\u015bciennego\u00a0do salonu, kt\u00f3ry wywo\u0142a niesamowite wra\u017cenie na Twoich go\u015bciach?<\/h2>\n<p>Kiedy patrzysz na ten pi\u0119kny, r\u0119cznie wykonany du\u017cy zegar \u015bcienny do salonu, to nie mo\u017cesz si\u0119 powstrzyma\u0107 od powiedzenia &#8220;wow, co za niesamowite dzie\u0142o sztuki&#8221;. W Peak Art ka\u017cdy zegar jest unikalny na skal\u0119 \u015bwiatow\u0105, jedyny w swoim rodzaju. Jest to g\u0142\u00f3wny pow\u00f3d, dla kt\u00f3rego cz\u0119sto przychodz\u0105 do nas ludzie szukaj\u0105cy du\u017cego zegara na \u015bcian\u0119 salonu. Czy jeste\u015b zainteresowany czym\u015b, czego nie mo\u017cesz znale\u017a\u0107 w oknie sklepu? Mo\u017ce chcesz czego\u015b tak ekscentrycznego, \u017ce mo\u017ce si\u0119 sta\u0107 si\u0119 tematem wielu rozm\u00f3w przy stole? Je\u017celi szukasz czego\u015b unikalnego, do\u0142\u0105cz do tysi\u0119cy ludzi w naszej spo\u0142eczno\u015bci na stronie <a href=\"https:\/\/www.facebook.com\/PeakArtClocks\/\">Facebook<\/a>. Mo\u017cesz tam zostawia\u0107 swoje opinie i komentarze, aby pom\u00f3c nam w tworzeniu bardziej unikalnych projekt\u00f3w dostosowanych do Twoich potrzeb.<\/p>\n<p>&#8220;Classic Rustic Grey&#8221; to zegar rzymski z szarym, niebieskim i z\u0142otym motywem. Zegar jest wyci\u0119ty z pojedynczego du\u017cego panelu drewna sosnowego i pi\u0119knie r\u0119cznie malowany. Z\u0142ote t\u0142o dodaje bardziej charyzmatycznego wygl\u0105du. Zapewnia tak\u017ce silne wra\u017cenie na ka\u017cdym, kto go zobaczy. Pomys\u0142 wykorzystania du\u017cego zegara \u015bciennego do dekoracji salonu nie jest nowy, ale w Peak Art przenosimy go na wy\u017cszy poziom. Nie produkujemy masowo tych niezwyk\u0142ych zegar\u00f3w jak 95% innych firm. Jako ma\u0142a firma rodzinna wykonujemy r\u0119cznie ka\u017cdy z nich, niezale\u017cnie od wybranego rozmiaru. W zale\u017cno\u015bci od tego, ile masz miejsca, mo\u017cemy zaoferowa\u0107 du\u017cy zegar \u015bcienny do Twojego salonu od 75 cm do 120 cm \u015brednicy.<\/p>\n<p>Czy my\u015blisz, \u017ce musisz wierci\u0107 \u015bciany, aby dostarczy\u0107 energi\u0119 elektryczn\u0105 do naszych unikatowych zegar\u00f3w? Nie martw si\u0119 o to, poniewa\u017c wszystkie z nich wymagaj\u0105 tylko jednej baterii C-Cell, kt\u00f3ra wytrzyma nawet 12 miesi\u0119cy. Ka\u017cdy zegar wyposa\u017cony jest w cichy mechanizm, kt\u00f3ry wybrali\u015bmy jako najlepszy na rynku. Wszystkie nasze zegary dostarczamy z obiema wskaz\u00f3wkami zdj\u0119tymi z mechanizmu, aby zapobiec uszkodzeniom podczas transportu. Po z\u0142o\u017ceniu zam\u00f3wienia otrzymasz osobisty e-mail zawieraj\u0105cy wszystkie informacje, w tym wideo na youtube, wyja\u015bniaj\u0105ce, jak zainstalowa\u0107 wskaz\u00f3wki i ustawi\u0107 czas.<\/p>\n<h2>Wyobra\u017a sobie du\u017cy zegar \u015bcienny w swoim salonie, biurze lub apartamencie<\/h2>\n<p>Je\u015bli zastanawiasz si\u0119, jak nasze r\u0119cznie robione zegary mog\u0105 wygl\u0105da\u0107 w Twoim domu, sprawd\u017a nasz\u0105 <a href=\"https:\/\/peakart.co.uk\/pl\/galeria\/\">galeri\u0119<\/a> z r\u00f3\u017cnymi aran\u017cacjami. Mimo, \u017ce projekty z cyframi rzymskimi s\u0105 najbardziej powszechne, mamy wiele r\u00f3\u017cnych innych kszta\u0142t\u00f3w i rozmiar\u00f3w. Jak zawsze, prosimy o bezpo\u015bredni kontakt, je\u015bli nie mo\u017cesz znale\u017a\u0107 projektu, kt\u00f3ry pasuje do Twoich potrzeb. Zaprojektowali\u015bmy spersonalizowane zegary dla wielu klient\u00f3w na ca\u0142ym \u015bwiecie i mo\u017cesz by\u0107 nast\u0119pny.<\/p>\n<p>&nbsp;<\/p>\n<p>&nbsp;<\/p>\n<p>&nbsp;<\/p>\n","protected":false},"excerpt":{"rendered":"<p>Bardzo du\u017cy zegar \u015bcienny\u00a0do salonu wykonany r\u0119cznie z drewna i r\u0119cznie malowany. Pi\u0119knie wyko\u0144czone cyfry rzymskie dodaj\u0105 charakteru i przykuwaj\u0105 uwag\u0119.<\/p>\n<p><b>Projekt i R\u0119czne Wykonanie<\/b>\u00a0&#8211;\u00a0Anna Siodelska<\/p>\n<p><strong>Front<\/strong> \u2013 Rustykalny \/ Szary<\/p>\n<p><strong>T\u0142o<\/strong> \u2013\u00a0Z\u0142ote<\/p>\n<p><strong>Uwaga \u2013 <\/strong>Rozmiar 75 cm ma troche inne kszta\u0142ty cyfr aby nie by\u0142y zbyt w\u0105skie. Przyk\u0142adowe zdj\u0119cie z innego projektu znajduje si\u0119\u00a0<a href=\"https:\/\/peakart.co.uk\/wp-content\/uploads\/2017\/09\/Unique-Large-Rustic-Grey-Wooden-Wall-Clock-Left.jpg\">Tutaj<\/a><\/p>\n","protected":false},"featured_media":32232,"comment_status":"closed","ping_status":"closed","template":"","meta":[],"product_brand":[],"product_cat":[56],"product_tag":[50,65,2138,68,2671,76],"class_list":{"0":"post-5568","1":"product","2":"type-product","3":"status-publish","4":"has-post-thumbnail","6":"product_cat-duze-zegary-scienne","7":"product_tag-artystyczne-zegary-scienne","8":"product_tag-duze-zegary-dekoracyjne-na-sciane","9":"product_tag-duze-zegary-scienne","10":"product_tag-drewniane-zegary-scienne-z-cyframi-rzymskimi","11":"product_tag-nietypowe-duze-zegary-scienne","12":"product_tag-zegary-scienne-shabby-chic","13":"product_shipping_class-oversized-clocks-pl","15":"first","16":"instock","17":"sale","18":"featured","19":"taxable","20":"shipping-taxable","21":"purchasable","22":"product-type-variable"},"yoast_head":"<!-- This site is optimized with the Yoast SEO Premium plugin v27.2 (Yoast SEO v27.2) - https:\/\/yoast.com\/product\/yoast-seo-premium-wordpress\/ -->\n<title>Du\u017cy Zegar \u015acienny do Salonu. R\u0119cznie wykonany z drewna.<\/title>\n<meta name=\"description\" content=\"W Peak Art specjalizujemy si\u0119 w zegarach handmade. Ten du\u017cy zegar \u015bciennny do salonu jest jednym z najbardziej imponuj\u0105cych.\" \/>\n<meta name=\"robots\" content=\"index, follow, max-snippet:-1, max-image-preview:large, max-video-preview:-1\" \/>\n<link rel=\"canonical\" href=\"https:\/\/peakart.co.uk\/pl\/produkt\/duzy-zegar-scienny-do-salonu\/\" \/>\n<meta property=\"og:locale\" content=\"pl_PL\" \/>\n<meta property=\"og:type\" content=\"article\" \/>\n<meta property=\"og:title\" content=\"Du\u017cy Zegar \u015acienny do Salonu Handmade\" \/>\n<meta property=\"og:description\" content=\"W Peak Art specjalizujemy si\u0119 w zegarach handmade. Ten du\u017cy zegar \u015bciennny do salonu jest jednym z najbardziej imponuj\u0105cych.\" \/>\n<meta property=\"og:url\" content=\"https:\/\/peakart.co.uk\/pl\/produkt\/duzy-zegar-scienny-do-salonu\/\" \/>\n<meta property=\"og:site_name\" content=\"Peak Art\" \/>\n<meta property=\"article:publisher\" content=\"https:\/\/www.facebook.com\/PeakArtClocks\/\" \/>\n<meta property=\"article:modified_time\" content=\"2024-12-07T13:24:04+00:00\" \/>\n<meta property=\"og:image\" content=\"https:\/\/peakart.co.uk\/wp-content\/uploads\/2017\/04\/Social-Logo.jpg\" \/>\n\t<meta property=\"og:image:width\" content=\"718\" \/>\n\t<meta property=\"og:image:height\" content=\"718\" \/>\n\t<meta property=\"og:image:type\" content=\"image\/jpeg\" \/>\n<meta name=\"twitter:card\" content=\"summary_large_image\" \/>\n<meta name=\"twitter:label1\" content=\"Dost\u0119pno\u015b\u0107\" \/>\n\t<meta name=\"twitter:data1\" content=\"Dost\u0119pny\" \/>\n<script type=\"application\/ld+json\" class=\"yoast-schema-graph\">{\"@context\":\"https:\/\/schema.org\",\"@graph\":[{\"@type\":\"WebPage\",\"@id\":\"https:\/\/peakart.co.uk\/pl\/produkt\/duzy-zegar-scienny-do-salonu\/\",\"url\":\"https:\/\/peakart.co.uk\/pl\/produkt\/duzy-zegar-scienny-do-salonu\/\",\"name\":\"Du\u017cy Zegar \u015acienny do Salonu. R\u0119cznie wykonany z drewna.\",\"isPartOf\":{\"@id\":\"https:\/\/peakart.co.uk\/de\/#website\"},\"primaryImageOfPage\":{\"@id\":\"https:\/\/peakart.co.uk\/pl\/produkt\/duzy-zegar-scienny-do-salonu\/#primaryimage\"},\"image\":{\"@id\":\"https:\/\/peakart.co.uk\/pl\/produkt\/duzy-zegar-scienny-do-salonu\/#primaryimage\"},\"thumbnailUrl\":\"https:\/\/peakart.co.uk\/wp-content\/uploads\/2017\/04\/Social-Logo.jpg\",\"datePublished\":\"2017-04-04T11:31:45+00:00\",\"dateModified\":\"2024-12-07T13:24:04+00:00\",\"description\":\"W Peak Art specjalizujemy si\u0119 w zegarach handmade. Ten du\u017cy zegar \u015bciennny do salonu jest jednym z najbardziej imponuj\u0105cych.\",\"breadcrumb\":{\"@id\":\"https:\/\/peakart.co.uk\/pl\/produkt\/duzy-zegar-scienny-do-salonu\/#breadcrumb\"},\"inLanguage\":\"pl-PL\",\"potentialAction\":[{\"@type\":\"ReadAction\",\"target\":[\"https:\/\/peakart.co.uk\/pl\/produkt\/duzy-zegar-scienny-do-salonu\/\"]}]},{\"@type\":\"ImageObject\",\"inLanguage\":\"pl-PL\",\"@id\":\"https:\/\/peakart.co.uk\/pl\/produkt\/duzy-zegar-scienny-do-salonu\/#primaryimage\",\"url\":\"https:\/\/peakart.co.uk\/wp-content\/uploads\/2017\/04\/Social-Logo.jpg\",\"contentUrl\":\"https:\/\/peakart.co.uk\/wp-content\/uploads\/2017\/04\/Social-Logo.jpg\",\"width\":718,\"height\":718},{\"@type\":\"BreadcrumbList\",\"@id\":\"https:\/\/peakart.co.uk\/pl\/produkt\/duzy-zegar-scienny-do-salonu\/#breadcrumb\",\"itemListElement\":[{\"@type\":\"ListItem\",\"position\":1,\"name\":\"Home\",\"item\":\"https:\/\/peakart.co.uk\/pl\/\"},{\"@type\":\"ListItem\",\"position\":2,\"name\":\"Sklep\",\"item\":\"https:\/\/peakart.co.uk\/pl\/sklep\/\"},{\"@type\":\"ListItem\",\"position\":3,\"name\":\"Du\u017cy Zegar \u015acienny do Salonu Handmade\"}]},{\"@type\":\"WebSite\",\"@id\":\"https:\/\/peakart.co.uk\/de\/#website\",\"url\":\"https:\/\/peakart.co.uk\/de\/\",\"name\":\"Peak Art\",\"description\":\"\",\"publisher\":{\"@id\":\"https:\/\/peakart.co.uk\/de\/#organization\"},\"potentialAction\":[{\"@type\":\"SearchAction\",\"target\":{\"@type\":\"EntryPoint\",\"urlTemplate\":\"https:\/\/peakart.co.uk\/de\/?s={search_term_string}\"},\"query-input\":{\"@type\":\"PropertyValueSpecification\",\"valueRequired\":true,\"valueName\":\"search_term_string\"}}],\"inLanguage\":\"pl-PL\"},{\"@type\":\"Organization\",\"@id\":\"https:\/\/peakart.co.uk\/de\/#organization\",\"name\":\"Peak Art\",\"url\":\"https:\/\/peakart.co.uk\/de\/\",\"logo\":{\"@type\":\"ImageObject\",\"inLanguage\":\"pl-PL\",\"@id\":\"https:\/\/peakart.co.uk\/de\/#\/schema\/logo\/image\/\",\"url\":\"https:\/\/peakart.co.uk\/wp-content\/uploads\/2023\/07\/logo-8.jpg\",\"contentUrl\":\"https:\/\/peakart.co.uk\/wp-content\/uploads\/2023\/07\/logo-8.jpg\",\"width\":666,\"height\":259,\"caption\":\"Peak Art\"},\"image\":{\"@id\":\"https:\/\/peakart.co.uk\/de\/#\/schema\/logo\/image\/\"},\"sameAs\":[\"https:\/\/www.facebook.com\/PeakArtClocks\/\"],\"hasMerchantReturnPolicy\":{\"@type\":\"MerchantReturnPolicy\",\"merchantReturnLink\":\"https:\/\/peakart.co.uk\/refund_returns\/\"}}]}<\/script>\n<meta property=\"og:availability\" content=\"instock\" \/>\n<meta property=\"product:availability\" content=\"instock\" \/>\n<meta property=\"product:retailer_item_id\" content=\"PEAKART-87272\" \/>\n<meta property=\"product:condition\" content=\"new\" \/>\n<!-- \/ Yoast SEO Premium plugin. -->","yoast_head_json":{"title":"Du\u017cy Zegar \u015acienny do Salonu. R\u0119cznie wykonany z drewna.","description":"W Peak Art specjalizujemy si\u0119 w zegarach handmade. Ten du\u017cy zegar \u015bciennny do salonu jest jednym z najbardziej imponuj\u0105cych.","robots":{"index":"index","follow":"follow","max-snippet":"max-snippet:-1","max-image-preview":"max-image-preview:large","max-video-preview":"max-video-preview:-1"},"canonical":"https:\/\/peakart.co.uk\/pl\/produkt\/duzy-zegar-scienny-do-salonu\/","og_locale":"pl_PL","og_type":"article","og_title":"Du\u017cy Zegar \u015acienny do Salonu Handmade","og_description":"W Peak Art specjalizujemy si\u0119 w zegarach handmade. Ten du\u017cy zegar \u015bciennny do salonu jest jednym z najbardziej imponuj\u0105cych.","og_url":"https:\/\/peakart.co.uk\/pl\/produkt\/duzy-zegar-scienny-do-salonu\/","og_site_name":"Peak Art","article_publisher":"https:\/\/www.facebook.com\/PeakArtClocks\/","article_modified_time":"2024-12-07T13:24:04+00:00","og_image":[{"width":718,"height":718,"url":"https:\/\/peakart.co.uk\/wp-content\/uploads\/2017\/04\/Social-Logo.jpg","type":"image\/jpeg"}],"twitter_card":"summary_large_image","twitter_misc":{"Dost\u0119pno\u015b\u0107":"Dost\u0119pny"},"schema":{"@context":"https:\/\/schema.org","@graph":[{"@type":"WebPage","@id":"https:\/\/peakart.co.uk\/pl\/produkt\/duzy-zegar-scienny-do-salonu\/","url":"https:\/\/peakart.co.uk\/pl\/produkt\/duzy-zegar-scienny-do-salonu\/","name":"Du\u017cy Zegar \u015acienny do Salonu. R\u0119cznie wykonany z drewna.","isPartOf":{"@id":"https:\/\/peakart.co.uk\/de\/#website"},"primaryImageOfPage":{"@id":"https:\/\/peakart.co.uk\/pl\/produkt\/duzy-zegar-scienny-do-salonu\/#primaryimage"},"image":{"@id":"https:\/\/peakart.co.uk\/pl\/produkt\/duzy-zegar-scienny-do-salonu\/#primaryimage"},"thumbnailUrl":"https:\/\/peakart.co.uk\/wp-content\/uploads\/2017\/04\/Social-Logo.jpg","datePublished":"2017-04-04T11:31:45+00:00","dateModified":"2024-12-07T13:24:04+00:00","description":"W Peak Art specjalizujemy si\u0119 w zegarach handmade. Ten du\u017cy zegar \u015bciennny do salonu jest jednym z najbardziej imponuj\u0105cych.","breadcrumb":{"@id":"https:\/\/peakart.co.uk\/pl\/produkt\/duzy-zegar-scienny-do-salonu\/#breadcrumb"},"inLanguage":"pl-PL","potentialAction":[{"@type":"ReadAction","target":["https:\/\/peakart.co.uk\/pl\/produkt\/duzy-zegar-scienny-do-salonu\/"]}]},{"@type":"ImageObject","inLanguage":"pl-PL","@id":"https:\/\/peakart.co.uk\/pl\/produkt\/duzy-zegar-scienny-do-salonu\/#primaryimage","url":"https:\/\/peakart.co.uk\/wp-content\/uploads\/2017\/04\/Social-Logo.jpg","contentUrl":"https:\/\/peakart.co.uk\/wp-content\/uploads\/2017\/04\/Social-Logo.jpg","width":718,"height":718},{"@type":"BreadcrumbList","@id":"https:\/\/peakart.co.uk\/pl\/produkt\/duzy-zegar-scienny-do-salonu\/#breadcrumb","itemListElement":[{"@type":"ListItem","position":1,"name":"Home","item":"https:\/\/peakart.co.uk\/pl\/"},{"@type":"ListItem","position":2,"name":"Sklep","item":"https:\/\/peakart.co.uk\/pl\/sklep\/"},{"@type":"ListItem","position":3,"name":"Du\u017cy Zegar \u015acienny do Salonu Handmade"}]},{"@type":"WebSite","@id":"https:\/\/peakart.co.uk\/de\/#website","url":"https:\/\/peakart.co.uk\/de\/","name":"Peak Art","description":"","publisher":{"@id":"https:\/\/peakart.co.uk\/de\/#organization"},"potentialAction":[{"@type":"SearchAction","target":{"@type":"EntryPoint","urlTemplate":"https:\/\/peakart.co.uk\/de\/?s={search_term_string}"},"query-input":{"@type":"PropertyValueSpecification","valueRequired":true,"valueName":"search_term_string"}}],"inLanguage":"pl-PL"},{"@type":"Organization","@id":"https:\/\/peakart.co.uk\/de\/#organization","name":"Peak Art","url":"https:\/\/peakart.co.uk\/de\/","logo":{"@type":"ImageObject","inLanguage":"pl-PL","@id":"https:\/\/peakart.co.uk\/de\/#\/schema\/logo\/image\/","url":"https:\/\/peakart.co.uk\/wp-content\/uploads\/2023\/07\/logo-8.jpg","contentUrl":"https:\/\/peakart.co.uk\/wp-content\/uploads\/2023\/07\/logo-8.jpg","width":666,"height":259,"caption":"Peak Art"},"image":{"@id":"https:\/\/peakart.co.uk\/de\/#\/schema\/logo\/image\/"},"sameAs":["https:\/\/www.facebook.com\/PeakArtClocks\/"],"hasMerchantReturnPolicy":{"@type":"MerchantReturnPolicy","merchantReturnLink":"https:\/\/peakart.co.uk\/refund_returns\/"}}]},"og_availability":"instock","product_availability":"instock","product_retailer_item_id":"PEAKART-87272","product_condition":"new"},"_links":{"self":[{"href":"https:\/\/peakart.co.uk\/pl\/wp-json\/wp\/v2\/product\/5568","targetHints":{"allow":["GET"]}}],"collection":[{"href":"https:\/\/peakart.co.uk\/pl\/wp-json\/wp\/v2\/product"}],"about":[{"href":"https:\/\/peakart.co.uk\/pl\/wp-json\/wp\/v2\/types\/product"}],"replies":[{"embeddable":true,"href":"https:\/\/peakart.co.uk\/pl\/wp-json\/wp\/v2\/comments?post=5568"}],"wp:featuredmedia":[{"embeddable":true,"href":"https:\/\/peakart.co.uk\/pl\/wp-json\/wp\/v2\/media\/32232"}],"wp:attachment":[{"href":"https:\/\/peakart.co.uk\/pl\/wp-json\/wp\/v2\/media?parent=5568"}],"wp:term":[{"taxonomy":"product_brand","embeddable":true,"href":"https:\/\/peakart.co.uk\/pl\/wp-json\/wp\/v2\/product_brand?post=5568"},{"taxonomy":"product_cat","embeddable":true,"href":"https:\/\/peakart.co.uk\/pl\/wp-json\/wp\/v2\/product_cat?post=5568"},{"taxonomy":"product_tag","embeddable":true,"href":"https:\/\/peakart.co.uk\/pl\/wp-json\/wp\/v2\/product_tag?post=5568"}],"curies":[{"name":"wp","href":"https:\/\/api.w.org\/{rel}","templated":true}]}}