{"id":5567,"date":"2017-06-07T20:35:33","date_gmt":"2017-06-07T19:35:33","guid":{"rendered":"http:\/\/peakart.co.uk\/product\/ekstrawagancki-recznie-wykonany-zegar-scienny-drewniany\/"},"modified":"2024-12-07T13:24:00","modified_gmt":"2024-12-07T13:24:00","slug":"unikalny-zegar-designerski","status":"publish","type":"product","link":"https:\/\/peakart.co.uk\/pl\/produkt\/unikalny-zegar-designerski\/","title":{"rendered":"Unikalny Zegar Designerski z Drewna"},"content":{"rendered":"<h2>R\u0119cznie malowany unikalny zegar designerski na \u015bcian\u0119<\/h2>\n<p>Czy szukasz w Internecie bardzo du\u017cych r\u0119cznie robionych zegar\u00f3w \u015bciennych? To jasne, \u017ce zegary Peak Art nie tylko s\u0105 numerem jeden w wyszukiwarce Google, ale te\u017c odstaj\u0105 od konkurencji swoim wyj\u0105tkowym pi\u0119knem i charyzmatycznym urokiem. Nikt inny wcze\u015bniej sobie nie wyobra\u017ca\u0142, \u017ce tak ogromne zegary mog\u0105 by\u0107 wyci\u0119te z drewna, r\u0119cznie pomalowane w ca\u0142kowicie niepowtarzalne wzory. Ten pi\u0119kny i unikalny zegar designerski dodali\u015bmy do naszej kolekcji latem 2017 jako alternatyw\u0119 do popularnych zegar\u00f3w rzymskich.<\/p>\n<p>Ka\u017cda inna firma, a w\u0142a\u015bciwie producent zegar\u00f3w, pod\u0105\u017ca t\u0105 sam\u0105 \u015bcie\u017ck\u0105 masowej produkcji ka\u017cdego produktu. Je\u015bli szukasz du\u017cego zegara \u015bciennego, kt\u00f3ry mo\u017ce stanowi\u0107 centrum Twojego salonu, nie musisz ju\u017c dalej szuka\u0107. Wybierz jeden z wielu niepowtarzalnych i ekstrawaganckich zegar\u00f3w dost\u0119pnych w naszym sklepie internetowym.<\/p>\n<p>Ka\u017cdy z zegar\u00f3w Peak Art jest wyposa\u017cony w cichy mechanizm zasilany bateryjnie. Z naszego do\u015bwiadczenia wynika, \u017ce pojedyncza bateria wystarczy na 9 miesi\u0119cy nieprzerwanej pracy.<\/p>\n<h2>Du\u017cy unikalny zegar designerski do Twojego salonu<\/h2>\n<p>&#8220;Maori Moana&#8221; to jeden z naszych najbardziej <a href=\"https:\/\/peakart.co.uk\/pl\/tag-produktu\/artystyczne-zegary-scienne\/\">artystycznych projekt\u00f3w<\/a>, zainspirowany przez rodzime plemiona Nowej Zelandii. Charakteryzuje si\u0119 pi\u0119knym zestawem kolor\u00f3w wmieszanych w fantastyczny kszta\u0142t i rze\u017abione dodatki. Je\u015bli szukasz funkcjonalnej, wyr\u00f3\u017cniaj\u0105cej si\u0119 tr\u00f3jwymiarowej sztuki \u015bciennej, do\u0142\u0105cz do naszej rosn\u0105cej spo\u0142eczno\u015bci na <a href=\"https:\/\/www.facebook.com\/PeakArtClocks\/\">Facebooku<\/a> i wyra\u017a swoje pogl\u0105dy i komentarze.<\/p>\n<p>Ten unikalny zegar designerski jest dost\u0119pny w trzech r\u00f3\u017cnych rozmiarach: 75 cm, 100 cm lub 120 cm. Dzi\u0119ku temu jeste\u015bmy przekonani, \u017ce mo\u017cemy sprosta\u0107 wymaganiom wi\u0119kszo\u015bci naszych klient\u00f3w je\u017celi chodzi o rozmiar. W naszym sklepie oferujemy wiele r\u00f3\u017cnych zegar\u00f3w designerskich. Nie martw si\u0119 je\u017celi nie mo\u017cesz znale\u017a\u0107 stylu, kt\u00f3ry Ci si\u0119 podoba. Wy\u015blij nam zdj\u0119cia i wyja\u015bnij, czego poszukujesz. Razem mo\u017cemy stworzy\u0107 unikalny projekt zegara do Twojego domu.<\/p>\n","protected":false},"excerpt":{"rendered":"<p>Pi\u0119kny i unikalny zegar designerski, kt\u00f3ry nie tylko s\u0142u\u017cy do pomiaru czasu ale r\u00f3wnie\u017c mo\u017ce stanowi\u0107 wspania\u0142y dodatek dekoratorski. Dost\u0119pny na zam\u00f3wienie w trzech r\u00f3\u017cnych rozmiarach w zale\u017cno\u015bci od potrzeb naszych klient\u00f3w.<\/p>\n<p><strong>Projekt i R\u0119czne Wykonanie<\/strong>\u00a0&#8211;\u00a0Anna Siodelska<\/p>\n<p><strong>Front<\/strong> \u2013\u00a0Maori<\/p>\n<p><strong>Ty\u0142<\/strong> \u2013\u00a0Transparentny \/ \u015aciana<\/p>\n<p>&nbsp;<\/p>\n","protected":false},"featured_media":32328,"comment_status":"closed","ping_status":"closed","template":"","meta":[],"product_brand":[],"product_cat":[56],"product_tag":[50,65,53],"class_list":{"0":"post-5567","1":"product","2":"type-product","3":"status-publish","4":"has-post-thumbnail","6":"product_cat-duze-zegary-scienne","7":"product_tag-artystyczne-zegary-scienne","8":"product_tag-duze-zegary-dekoracyjne-na-sciane","9":"product_tag-zegary-drewniane-szkieletowe","10":"product_shipping_class-oversized-clocks-pl","12":"first","13":"instock","14":"sale","15":"taxable","16":"shipping-taxable","17":"purchasable","18":"product-type-variable"},"yoast_head":"<!-- This site is optimized with the Yoast SEO Premium plugin v27.2 (Yoast SEO v27.2) - https:\/\/yoast.com\/product\/yoast-seo-premium-wordpress\/ -->\n<title>Unikalny Zegar Designerski do Twojego Salonu b\u0105d\u017a Restauracji<\/title>\n<meta name=\"description\" content=\"Nasz Unikalny Zegar Designerski to idealny element dekoratorski do salonu, biura lub drogiej restauracji\" \/>\n<meta name=\"robots\" content=\"index, follow, max-snippet:-1, max-image-preview:large, max-video-preview:-1\" \/>\n<link rel=\"canonical\" href=\"https:\/\/peakart.co.uk\/pl\/produkt\/unikalny-zegar-designerski\/\" \/>\n<meta property=\"og:locale\" content=\"pl_PL\" \/>\n<meta property=\"og:type\" content=\"article\" \/>\n<meta property=\"og:title\" content=\"Unikalny Zegar Designerski z Drewna\" \/>\n<meta property=\"og:description\" content=\"Nasz Unikalny Zegar Designerski to idealny element dekoratorski do salonu, biura lub drogiej restauracji\" \/>\n<meta property=\"og:url\" content=\"https:\/\/peakart.co.uk\/pl\/produkt\/unikalny-zegar-designerski\/\" \/>\n<meta property=\"og:site_name\" content=\"Peak Art\" \/>\n<meta property=\"article:publisher\" content=\"https:\/\/www.facebook.com\/PeakArtClocks\/\" \/>\n<meta property=\"article:modified_time\" content=\"2024-12-07T13:24:00+00:00\" \/>\n<meta property=\"og:image\" content=\"https:\/\/peakart.co.uk\/wp-content\/uploads\/2017\/06\/Very-extravagant-decorative-large-wooden-wall-clock-100cm-Maori-Moana-Left-1.jpg\" \/>\n\t<meta property=\"og:image:width\" content=\"2285\" \/>\n\t<meta property=\"og:image:height\" content=\"2285\" \/>\n\t<meta property=\"og:image:type\" content=\"image\/jpeg\" \/>\n<meta name=\"twitter:card\" content=\"summary_large_image\" \/>\n<meta name=\"twitter:label1\" content=\"Dost\u0119pno\u015b\u0107\" \/>\n\t<meta name=\"twitter:data1\" content=\"Dost\u0119pny\" \/>\n<script type=\"application\/ld+json\" class=\"yoast-schema-graph\">{\"@context\":\"https:\/\/schema.org\",\"@graph\":[{\"@type\":\"WebPage\",\"@id\":\"https:\/\/peakart.co.uk\/pl\/produkt\/unikalny-zegar-designerski\/\",\"url\":\"https:\/\/peakart.co.uk\/pl\/produkt\/unikalny-zegar-designerski\/\",\"name\":\"Unikalny Zegar Designerski do Twojego Salonu b\u0105d\u017a Restauracji\",\"isPartOf\":{\"@id\":\"https:\/\/peakart.co.uk\/de\/#website\"},\"primaryImageOfPage\":{\"@id\":\"https:\/\/peakart.co.uk\/pl\/produkt\/unikalny-zegar-designerski\/#primaryimage\"},\"image\":{\"@id\":\"https:\/\/peakart.co.uk\/pl\/produkt\/unikalny-zegar-designerski\/#primaryimage\"},\"thumbnailUrl\":\"https:\/\/peakart.co.uk\/wp-content\/uploads\/2017\/06\/Very-extravagant-decorative-large-wooden-wall-clock-100cm-Maori-Moana-Left-1.jpg\",\"datePublished\":\"2017-06-07T19:35:33+00:00\",\"dateModified\":\"2024-12-07T13:24:00+00:00\",\"description\":\"Nasz Unikalny Zegar Designerski to idealny element dekoratorski do salonu, biura lub drogiej restauracji\",\"breadcrumb\":{\"@id\":\"https:\/\/peakart.co.uk\/pl\/produkt\/unikalny-zegar-designerski\/#breadcrumb\"},\"inLanguage\":\"pl-PL\",\"potentialAction\":[{\"@type\":\"ReadAction\",\"target\":[\"https:\/\/peakart.co.uk\/pl\/produkt\/unikalny-zegar-designerski\/\"]}]},{\"@type\":\"ImageObject\",\"inLanguage\":\"pl-PL\",\"@id\":\"https:\/\/peakart.co.uk\/pl\/produkt\/unikalny-zegar-designerski\/#primaryimage\",\"url\":\"https:\/\/peakart.co.uk\/wp-content\/uploads\/2017\/06\/Very-extravagant-decorative-large-wooden-wall-clock-100cm-Maori-Moana-Left-1.jpg\",\"contentUrl\":\"https:\/\/peakart.co.uk\/wp-content\/uploads\/2017\/06\/Very-extravagant-decorative-large-wooden-wall-clock-100cm-Maori-Moana-Left-1.jpg\",\"width\":2285,\"height\":2285},{\"@type\":\"BreadcrumbList\",\"@id\":\"https:\/\/peakart.co.uk\/pl\/produkt\/unikalny-zegar-designerski\/#breadcrumb\",\"itemListElement\":[{\"@type\":\"ListItem\",\"position\":1,\"name\":\"Home\",\"item\":\"https:\/\/peakart.co.uk\/pl\/\"},{\"@type\":\"ListItem\",\"position\":2,\"name\":\"Sklep\",\"item\":\"https:\/\/peakart.co.uk\/pl\/sklep\/\"},{\"@type\":\"ListItem\",\"position\":3,\"name\":\"Unikalny Zegar Designerski z Drewna\"}]},{\"@type\":\"WebSite\",\"@id\":\"https:\/\/peakart.co.uk\/de\/#website\",\"url\":\"https:\/\/peakart.co.uk\/de\/\",\"name\":\"Peak Art\",\"description\":\"\",\"publisher\":{\"@id\":\"https:\/\/peakart.co.uk\/de\/#organization\"},\"potentialAction\":[{\"@type\":\"SearchAction\",\"target\":{\"@type\":\"EntryPoint\",\"urlTemplate\":\"https:\/\/peakart.co.uk\/de\/?s={search_term_string}\"},\"query-input\":{\"@type\":\"PropertyValueSpecification\",\"valueRequired\":true,\"valueName\":\"search_term_string\"}}],\"inLanguage\":\"pl-PL\"},{\"@type\":\"Organization\",\"@id\":\"https:\/\/peakart.co.uk\/de\/#organization\",\"name\":\"Peak Art\",\"url\":\"https:\/\/peakart.co.uk\/de\/\",\"logo\":{\"@type\":\"ImageObject\",\"inLanguage\":\"pl-PL\",\"@id\":\"https:\/\/peakart.co.uk\/de\/#\/schema\/logo\/image\/\",\"url\":\"https:\/\/peakart.co.uk\/wp-content\/uploads\/2023\/07\/logo-8.jpg\",\"contentUrl\":\"https:\/\/peakart.co.uk\/wp-content\/uploads\/2023\/07\/logo-8.jpg\",\"width\":666,\"height\":259,\"caption\":\"Peak Art\"},\"image\":{\"@id\":\"https:\/\/peakart.co.uk\/de\/#\/schema\/logo\/image\/\"},\"sameAs\":[\"https:\/\/www.facebook.com\/PeakArtClocks\/\"],\"hasMerchantReturnPolicy\":{\"@type\":\"MerchantReturnPolicy\",\"merchantReturnLink\":\"https:\/\/peakart.co.uk\/refund_returns\/\"}}]}<\/script>\n<meta property=\"og:availability\" content=\"instock\" \/>\n<meta property=\"product:availability\" content=\"instock\" \/>\n<meta property=\"product:retailer_item_id\" content=\"PEAKART-14948\" \/>\n<meta property=\"product:condition\" content=\"new\" \/>\n<!-- \/ Yoast SEO Premium plugin. -->","yoast_head_json":{"title":"Unikalny Zegar Designerski do Twojego Salonu b\u0105d\u017a Restauracji","description":"Nasz Unikalny Zegar Designerski to idealny element dekoratorski do salonu, biura lub drogiej restauracji","robots":{"index":"index","follow":"follow","max-snippet":"max-snippet:-1","max-image-preview":"max-image-preview:large","max-video-preview":"max-video-preview:-1"},"canonical":"https:\/\/peakart.co.uk\/pl\/produkt\/unikalny-zegar-designerski\/","og_locale":"pl_PL","og_type":"article","og_title":"Unikalny Zegar Designerski z Drewna","og_description":"Nasz Unikalny Zegar Designerski to idealny element dekoratorski do salonu, biura lub drogiej restauracji","og_url":"https:\/\/peakart.co.uk\/pl\/produkt\/unikalny-zegar-designerski\/","og_site_name":"Peak Art","article_publisher":"https:\/\/www.facebook.com\/PeakArtClocks\/","article_modified_time":"2024-12-07T13:24:00+00:00","og_image":[{"width":2285,"height":2285,"url":"https:\/\/peakart.co.uk\/wp-content\/uploads\/2017\/06\/Very-extravagant-decorative-large-wooden-wall-clock-100cm-Maori-Moana-Left-1.jpg","type":"image\/jpeg"}],"twitter_card":"summary_large_image","twitter_misc":{"Dost\u0119pno\u015b\u0107":"Dost\u0119pny"},"schema":{"@context":"https:\/\/schema.org","@graph":[{"@type":"WebPage","@id":"https:\/\/peakart.co.uk\/pl\/produkt\/unikalny-zegar-designerski\/","url":"https:\/\/peakart.co.uk\/pl\/produkt\/unikalny-zegar-designerski\/","name":"Unikalny Zegar Designerski do Twojego Salonu b\u0105d\u017a Restauracji","isPartOf":{"@id":"https:\/\/peakart.co.uk\/de\/#website"},"primaryImageOfPage":{"@id":"https:\/\/peakart.co.uk\/pl\/produkt\/unikalny-zegar-designerski\/#primaryimage"},"image":{"@id":"https:\/\/peakart.co.uk\/pl\/produkt\/unikalny-zegar-designerski\/#primaryimage"},"thumbnailUrl":"https:\/\/peakart.co.uk\/wp-content\/uploads\/2017\/06\/Very-extravagant-decorative-large-wooden-wall-clock-100cm-Maori-Moana-Left-1.jpg","datePublished":"2017-06-07T19:35:33+00:00","dateModified":"2024-12-07T13:24:00+00:00","description":"Nasz Unikalny Zegar Designerski to idealny element dekoratorski do salonu, biura lub drogiej restauracji","breadcrumb":{"@id":"https:\/\/peakart.co.uk\/pl\/produkt\/unikalny-zegar-designerski\/#breadcrumb"},"inLanguage":"pl-PL","potentialAction":[{"@type":"ReadAction","target":["https:\/\/peakart.co.uk\/pl\/produkt\/unikalny-zegar-designerski\/"]}]},{"@type":"ImageObject","inLanguage":"pl-PL","@id":"https:\/\/peakart.co.uk\/pl\/produkt\/unikalny-zegar-designerski\/#primaryimage","url":"https:\/\/peakart.co.uk\/wp-content\/uploads\/2017\/06\/Very-extravagant-decorative-large-wooden-wall-clock-100cm-Maori-Moana-Left-1.jpg","contentUrl":"https:\/\/peakart.co.uk\/wp-content\/uploads\/2017\/06\/Very-extravagant-decorative-large-wooden-wall-clock-100cm-Maori-Moana-Left-1.jpg","width":2285,"height":2285},{"@type":"BreadcrumbList","@id":"https:\/\/peakart.co.uk\/pl\/produkt\/unikalny-zegar-designerski\/#breadcrumb","itemListElement":[{"@type":"ListItem","position":1,"name":"Home","item":"https:\/\/peakart.co.uk\/pl\/"},{"@type":"ListItem","position":2,"name":"Sklep","item":"https:\/\/peakart.co.uk\/pl\/sklep\/"},{"@type":"ListItem","position":3,"name":"Unikalny Zegar Designerski z Drewna"}]},{"@type":"WebSite","@id":"https:\/\/peakart.co.uk\/de\/#website","url":"https:\/\/peakart.co.uk\/de\/","name":"Peak Art","description":"","publisher":{"@id":"https:\/\/peakart.co.uk\/de\/#organization"},"potentialAction":[{"@type":"SearchAction","target":{"@type":"EntryPoint","urlTemplate":"https:\/\/peakart.co.uk\/de\/?s={search_term_string}"},"query-input":{"@type":"PropertyValueSpecification","valueRequired":true,"valueName":"search_term_string"}}],"inLanguage":"pl-PL"},{"@type":"Organization","@id":"https:\/\/peakart.co.uk\/de\/#organization","name":"Peak Art","url":"https:\/\/peakart.co.uk\/de\/","logo":{"@type":"ImageObject","inLanguage":"pl-PL","@id":"https:\/\/peakart.co.uk\/de\/#\/schema\/logo\/image\/","url":"https:\/\/peakart.co.uk\/wp-content\/uploads\/2023\/07\/logo-8.jpg","contentUrl":"https:\/\/peakart.co.uk\/wp-content\/uploads\/2023\/07\/logo-8.jpg","width":666,"height":259,"caption":"Peak Art"},"image":{"@id":"https:\/\/peakart.co.uk\/de\/#\/schema\/logo\/image\/"},"sameAs":["https:\/\/www.facebook.com\/PeakArtClocks\/"],"hasMerchantReturnPolicy":{"@type":"MerchantReturnPolicy","merchantReturnLink":"https:\/\/peakart.co.uk\/refund_returns\/"}}]},"og_availability":"instock","product_availability":"instock","product_retailer_item_id":"PEAKART-14948","product_condition":"new"},"_links":{"self":[{"href":"https:\/\/peakart.co.uk\/pl\/wp-json\/wp\/v2\/product\/5567","targetHints":{"allow":["GET"]}}],"collection":[{"href":"https:\/\/peakart.co.uk\/pl\/wp-json\/wp\/v2\/product"}],"about":[{"href":"https:\/\/peakart.co.uk\/pl\/wp-json\/wp\/v2\/types\/product"}],"replies":[{"embeddable":true,"href":"https:\/\/peakart.co.uk\/pl\/wp-json\/wp\/v2\/comments?post=5567"}],"wp:featuredmedia":[{"embeddable":true,"href":"https:\/\/peakart.co.uk\/pl\/wp-json\/wp\/v2\/media\/32328"}],"wp:attachment":[{"href":"https:\/\/peakart.co.uk\/pl\/wp-json\/wp\/v2\/media?parent=5567"}],"wp:term":[{"taxonomy":"product_brand","embeddable":true,"href":"https:\/\/peakart.co.uk\/pl\/wp-json\/wp\/v2\/product_brand?post=5567"},{"taxonomy":"product_cat","embeddable":true,"href":"https:\/\/peakart.co.uk\/pl\/wp-json\/wp\/v2\/product_cat?post=5567"},{"taxonomy":"product_tag","embeddable":true,"href":"https:\/\/peakart.co.uk\/pl\/wp-json\/wp\/v2\/product_tag?post=5567"}],"curies":[{"name":"wp","href":"https:\/\/api.w.org\/{rel}","templated":true}]}}