{"id":5557,"date":"2017-08-05T17:57:47","date_gmt":"2017-08-05T16:57:47","guid":{"rendered":"http:\/\/peakart.co.uk\/product\/wielki-recznie-wykonany-zegar-industrialny\/"},"modified":"2024-12-07T13:23:56","modified_gmt":"2024-12-07T13:23:56","slug":"drewniany-zegar-industrialny","status":"publish","type":"product","link":"https:\/\/peakart.co.uk\/pl\/produkt\/drewniany-zegar-industrialny\/","title":{"rendered":"Drewniany Zegar Industrialny"},"content":{"rendered":"<h2>Wielki drewniany zegar industrialny wykonany r\u0119cznie<\/h2>\n<p>Ten wspania\u0142y drewniany zegar industrialny wykonali\u015bmy z dw\u00f3ch du\u017cych paneli drewna sosnowego skr\u0119conych razem. Posiada on wiele kolor\u00f3w i wzor\u00f3w, zapewniaj\u0105c szczeg\u00f3lnie niezwyk\u0142y wygl\u0105d i charakter. Jego niesamowity styl sprawia, \u017ce jest bardzo atrakcyjny dla os\u00f3b o wyrafinowanym i cz\u0119sto drogim smaku.<\/p>\n<p>Je\u015bli chcesz wyr\u00f3\u017cnia\u0107 si\u0119 z t\u0142umu w dzisiejszych czasach, nie wystarczy ju\u017c kupi\u0107 fabrycznie produkowanych artyku\u0142\u00f3w dekoracyjnych. Kupowanie masowo dost\u0119pnych produkt\u00f3w na nikim nie zrobi wra\u017cenia. W Peak Art pracujemy nad najbardziej imponuj\u0105cymi projektami zegar\u00f3w handmade od ko\u0144ca 2014 roku. Naszym g\u0142\u00f3wnym celem jest unikalno\u015b\u0107 i nie powtarzalno\u015b\u0107. Wielu klient\u00f3w prosi\u0142o o zegar o charakterze industrialnym wykonany wy\u0142\u0105cznie z drewna i przedstawiony tutaj projekt jest nasz\u0105 odpowiedzi\u0105.<\/p>\n<p>Ten drewniany zegar industrialny jest zasilany bateryjnie wi\u0119c nie musisz si\u0119 martwi\u0107 o ustawienie go na \u015bciane w pobli\u017cu gniazdka z pr\u0105dem. Jest on kolorystycznie dobrany tak by eksponowa\u0107 kolory rdzy, czerni z kremowym odcieniem w niekt\u00f3rch miejscach. Konstrukcja szkieletowa nadaje tr\u00f3jwymiarowego wygl\u0105du i pozwoli na \u0142atwiejsze dostosowanie do r\u00f3\u017cnych kolor\u00f3w \u015bciany.<\/p>\n<p>&nbsp;<\/p>\n","protected":false},"excerpt":{"rendered":"<p>Pi\u0119kny drewniany zegar industrialny do dekoracji Twojego salonu. Konstrucja tego dzie\u0142a sztuki jest niepowtarzalna i jedyna w swoim rodzaju w skali globalnej.<\/p>\n<p><b>Projekt i R\u0119czne Wykonanie<\/b>\u00a0&#8211;\u00a0Anna Siodelska<\/p>\n<p><strong>Front<\/strong> \u2013 Rustykalny, Czarny, Kremowy<\/p>\n<p><strong>Ty\u0142<\/strong> \u2013 Transparentny<\/p>\n","protected":false},"featured_media":33432,"comment_status":"closed","ping_status":"closed","template":"","meta":[],"product_brand":[],"product_cat":[56],"product_tag":[50,65,67,2138,53],"class_list":{"0":"post-5557","1":"product","2":"type-product","3":"status-publish","4":"has-post-thumbnail","6":"product_cat-duze-zegary-scienne","7":"product_tag-artystyczne-zegary-scienne","8":"product_tag-duze-zegary-dekoracyjne-na-sciane","9":"product_tag-duze-zegary-industrialne","10":"product_tag-duze-zegary-scienne","11":"product_tag-zegary-drewniane-szkieletowe","12":"product_shipping_class-oversized-clocks-pl","14":"first","15":"instock","16":"sale","17":"taxable","18":"shipping-taxable","19":"purchasable","20":"product-type-variable"},"yoast_head":"<!-- This site is optimized with the Yoast SEO Premium plugin v27.2 (Yoast SEO v27.2) - https:\/\/yoast.com\/product\/yoast-seo-premium-wordpress\/ -->\n<title>Du\u017ce drewniany zegar industrialny do dekoracji salonu.<\/title>\n<meta name=\"description\" content=\"Niezwykle unikalny drewniany zegar industrialny r\u0119cznie wykonany z drewna\" \/>\n<meta name=\"robots\" content=\"index, follow, max-snippet:-1, max-image-preview:large, max-video-preview:-1\" \/>\n<link rel=\"canonical\" href=\"https:\/\/peakart.co.uk\/pl\/produkt\/drewniany-zegar-industrialny\/\" \/>\n<meta property=\"og:locale\" content=\"pl_PL\" \/>\n<meta property=\"og:type\" content=\"article\" \/>\n<meta property=\"og:title\" content=\"Drewniany Zegar Industrialny\" \/>\n<meta property=\"og:description\" content=\"Niezwykle unikalny drewniany zegar industrialny r\u0119cznie wykonany z drewna\" \/>\n<meta property=\"og:url\" content=\"https:\/\/peakart.co.uk\/pl\/produkt\/drewniany-zegar-industrialny\/\" \/>\n<meta property=\"og:site_name\" content=\"Peak Art\" \/>\n<meta property=\"article:publisher\" content=\"https:\/\/www.facebook.com\/PeakArtClocks\/\" \/>\n<meta property=\"article:modified_time\" content=\"2024-12-07T13:23:56+00:00\" \/>\n<meta property=\"og:image\" content=\"https:\/\/peakart.co.uk\/wp-content\/uploads\/2017\/08\/Massive-Contemporary-Industrial-Wooden-Wall-Clock-Rusty-Industrial-Right-2-1-1024x1024.jpg\" \/>\n\t<meta property=\"og:image:width\" content=\"1024\" \/>\n\t<meta property=\"og:image:height\" content=\"1024\" \/>\n\t<meta property=\"og:image:type\" content=\"image\/jpeg\" \/>\n<meta name=\"twitter:card\" content=\"summary_large_image\" \/>\n<meta name=\"twitter:label1\" content=\"Dost\u0119pno\u015b\u0107\" \/>\n\t<meta name=\"twitter:data1\" content=\"Dost\u0119pny\" \/>\n<script type=\"application\/ld+json\" class=\"yoast-schema-graph\">{\"@context\":\"https:\/\/schema.org\",\"@graph\":[{\"@type\":\"WebPage\",\"@id\":\"https:\/\/peakart.co.uk\/pl\/produkt\/drewniany-zegar-industrialny\/\",\"url\":\"https:\/\/peakart.co.uk\/pl\/produkt\/drewniany-zegar-industrialny\/\",\"name\":\"Du\u017ce drewniany zegar industrialny do dekoracji salonu.\",\"isPartOf\":{\"@id\":\"https:\/\/peakart.co.uk\/de\/#website\"},\"primaryImageOfPage\":{\"@id\":\"https:\/\/peakart.co.uk\/pl\/produkt\/drewniany-zegar-industrialny\/#primaryimage\"},\"image\":{\"@id\":\"https:\/\/peakart.co.uk\/pl\/produkt\/drewniany-zegar-industrialny\/#primaryimage\"},\"thumbnailUrl\":\"https:\/\/peakart.co.uk\/wp-content\/uploads\/2017\/08\/Massive-Contemporary-Industrial-Wooden-Wall-Clock-Rusty-Industrial-Right-2-1.jpg\",\"datePublished\":\"2017-08-05T16:57:47+00:00\",\"dateModified\":\"2024-12-07T13:23:56+00:00\",\"description\":\"Niezwykle unikalny drewniany zegar industrialny r\u0119cznie wykonany z drewna\",\"breadcrumb\":{\"@id\":\"https:\/\/peakart.co.uk\/pl\/produkt\/drewniany-zegar-industrialny\/#breadcrumb\"},\"inLanguage\":\"pl-PL\",\"potentialAction\":[{\"@type\":\"ReadAction\",\"target\":[\"https:\/\/peakart.co.uk\/pl\/produkt\/drewniany-zegar-industrialny\/\"]}]},{\"@type\":\"ImageObject\",\"inLanguage\":\"pl-PL\",\"@id\":\"https:\/\/peakart.co.uk\/pl\/produkt\/drewniany-zegar-industrialny\/#primaryimage\",\"url\":\"https:\/\/peakart.co.uk\/wp-content\/uploads\/2017\/08\/Massive-Contemporary-Industrial-Wooden-Wall-Clock-Rusty-Industrial-Right-2-1.jpg\",\"contentUrl\":\"https:\/\/peakart.co.uk\/wp-content\/uploads\/2017\/08\/Massive-Contemporary-Industrial-Wooden-Wall-Clock-Rusty-Industrial-Right-2-1.jpg\",\"width\":2253,\"height\":2253},{\"@type\":\"BreadcrumbList\",\"@id\":\"https:\/\/peakart.co.uk\/pl\/produkt\/drewniany-zegar-industrialny\/#breadcrumb\",\"itemListElement\":[{\"@type\":\"ListItem\",\"position\":1,\"name\":\"Home\",\"item\":\"https:\/\/peakart.co.uk\/pl\/\"},{\"@type\":\"ListItem\",\"position\":2,\"name\":\"Sklep\",\"item\":\"https:\/\/peakart.co.uk\/pl\/sklep\/\"},{\"@type\":\"ListItem\",\"position\":3,\"name\":\"Drewniany Zegar Industrialny\"}]},{\"@type\":\"WebSite\",\"@id\":\"https:\/\/peakart.co.uk\/de\/#website\",\"url\":\"https:\/\/peakart.co.uk\/de\/\",\"name\":\"Peak Art\",\"description\":\"\",\"publisher\":{\"@id\":\"https:\/\/peakart.co.uk\/de\/#organization\"},\"potentialAction\":[{\"@type\":\"SearchAction\",\"target\":{\"@type\":\"EntryPoint\",\"urlTemplate\":\"https:\/\/peakart.co.uk\/de\/?s={search_term_string}\"},\"query-input\":{\"@type\":\"PropertyValueSpecification\",\"valueRequired\":true,\"valueName\":\"search_term_string\"}}],\"inLanguage\":\"pl-PL\"},{\"@type\":\"Organization\",\"@id\":\"https:\/\/peakart.co.uk\/de\/#organization\",\"name\":\"Peak Art\",\"url\":\"https:\/\/peakart.co.uk\/de\/\",\"logo\":{\"@type\":\"ImageObject\",\"inLanguage\":\"pl-PL\",\"@id\":\"https:\/\/peakart.co.uk\/de\/#\/schema\/logo\/image\/\",\"url\":\"https:\/\/peakart.co.uk\/wp-content\/uploads\/2023\/07\/logo-8.jpg\",\"contentUrl\":\"https:\/\/peakart.co.uk\/wp-content\/uploads\/2023\/07\/logo-8.jpg\",\"width\":666,\"height\":259,\"caption\":\"Peak Art\"},\"image\":{\"@id\":\"https:\/\/peakart.co.uk\/de\/#\/schema\/logo\/image\/\"},\"sameAs\":[\"https:\/\/www.facebook.com\/PeakArtClocks\/\"],\"hasMerchantReturnPolicy\":{\"@type\":\"MerchantReturnPolicy\",\"merchantReturnLink\":\"https:\/\/peakart.co.uk\/refund_returns\/\"}}]}<\/script>\n<meta property=\"og:availability\" content=\"instock\" \/>\n<meta property=\"product:availability\" content=\"instock\" \/>\n<meta property=\"product:retailer_item_id\" content=\"PEAKART-32938\" \/>\n<meta property=\"product:condition\" content=\"new\" \/>\n<!-- \/ Yoast SEO Premium plugin. -->","yoast_head_json":{"title":"Du\u017ce drewniany zegar industrialny do dekoracji salonu.","description":"Niezwykle unikalny drewniany zegar industrialny r\u0119cznie wykonany z drewna","robots":{"index":"index","follow":"follow","max-snippet":"max-snippet:-1","max-image-preview":"max-image-preview:large","max-video-preview":"max-video-preview:-1"},"canonical":"https:\/\/peakart.co.uk\/pl\/produkt\/drewniany-zegar-industrialny\/","og_locale":"pl_PL","og_type":"article","og_title":"Drewniany Zegar Industrialny","og_description":"Niezwykle unikalny drewniany zegar industrialny r\u0119cznie wykonany z drewna","og_url":"https:\/\/peakart.co.uk\/pl\/produkt\/drewniany-zegar-industrialny\/","og_site_name":"Peak Art","article_publisher":"https:\/\/www.facebook.com\/PeakArtClocks\/","article_modified_time":"2024-12-07T13:23:56+00:00","og_image":[{"width":1024,"height":1024,"url":"https:\/\/peakart.co.uk\/wp-content\/uploads\/2017\/08\/Massive-Contemporary-Industrial-Wooden-Wall-Clock-Rusty-Industrial-Right-2-1-1024x1024.jpg","type":"image\/jpeg"}],"twitter_card":"summary_large_image","twitter_misc":{"Dost\u0119pno\u015b\u0107":"Dost\u0119pny"},"schema":{"@context":"https:\/\/schema.org","@graph":[{"@type":"WebPage","@id":"https:\/\/peakart.co.uk\/pl\/produkt\/drewniany-zegar-industrialny\/","url":"https:\/\/peakart.co.uk\/pl\/produkt\/drewniany-zegar-industrialny\/","name":"Du\u017ce drewniany zegar industrialny do dekoracji salonu.","isPartOf":{"@id":"https:\/\/peakart.co.uk\/de\/#website"},"primaryImageOfPage":{"@id":"https:\/\/peakart.co.uk\/pl\/produkt\/drewniany-zegar-industrialny\/#primaryimage"},"image":{"@id":"https:\/\/peakart.co.uk\/pl\/produkt\/drewniany-zegar-industrialny\/#primaryimage"},"thumbnailUrl":"https:\/\/peakart.co.uk\/wp-content\/uploads\/2017\/08\/Massive-Contemporary-Industrial-Wooden-Wall-Clock-Rusty-Industrial-Right-2-1.jpg","datePublished":"2017-08-05T16:57:47+00:00","dateModified":"2024-12-07T13:23:56+00:00","description":"Niezwykle unikalny drewniany zegar industrialny r\u0119cznie wykonany z drewna","breadcrumb":{"@id":"https:\/\/peakart.co.uk\/pl\/produkt\/drewniany-zegar-industrialny\/#breadcrumb"},"inLanguage":"pl-PL","potentialAction":[{"@type":"ReadAction","target":["https:\/\/peakart.co.uk\/pl\/produkt\/drewniany-zegar-industrialny\/"]}]},{"@type":"ImageObject","inLanguage":"pl-PL","@id":"https:\/\/peakart.co.uk\/pl\/produkt\/drewniany-zegar-industrialny\/#primaryimage","url":"https:\/\/peakart.co.uk\/wp-content\/uploads\/2017\/08\/Massive-Contemporary-Industrial-Wooden-Wall-Clock-Rusty-Industrial-Right-2-1.jpg","contentUrl":"https:\/\/peakart.co.uk\/wp-content\/uploads\/2017\/08\/Massive-Contemporary-Industrial-Wooden-Wall-Clock-Rusty-Industrial-Right-2-1.jpg","width":2253,"height":2253},{"@type":"BreadcrumbList","@id":"https:\/\/peakart.co.uk\/pl\/produkt\/drewniany-zegar-industrialny\/#breadcrumb","itemListElement":[{"@type":"ListItem","position":1,"name":"Home","item":"https:\/\/peakart.co.uk\/pl\/"},{"@type":"ListItem","position":2,"name":"Sklep","item":"https:\/\/peakart.co.uk\/pl\/sklep\/"},{"@type":"ListItem","position":3,"name":"Drewniany Zegar Industrialny"}]},{"@type":"WebSite","@id":"https:\/\/peakart.co.uk\/de\/#website","url":"https:\/\/peakart.co.uk\/de\/","name":"Peak Art","description":"","publisher":{"@id":"https:\/\/peakart.co.uk\/de\/#organization"},"potentialAction":[{"@type":"SearchAction","target":{"@type":"EntryPoint","urlTemplate":"https:\/\/peakart.co.uk\/de\/?s={search_term_string}"},"query-input":{"@type":"PropertyValueSpecification","valueRequired":true,"valueName":"search_term_string"}}],"inLanguage":"pl-PL"},{"@type":"Organization","@id":"https:\/\/peakart.co.uk\/de\/#organization","name":"Peak Art","url":"https:\/\/peakart.co.uk\/de\/","logo":{"@type":"ImageObject","inLanguage":"pl-PL","@id":"https:\/\/peakart.co.uk\/de\/#\/schema\/logo\/image\/","url":"https:\/\/peakart.co.uk\/wp-content\/uploads\/2023\/07\/logo-8.jpg","contentUrl":"https:\/\/peakart.co.uk\/wp-content\/uploads\/2023\/07\/logo-8.jpg","width":666,"height":259,"caption":"Peak Art"},"image":{"@id":"https:\/\/peakart.co.uk\/de\/#\/schema\/logo\/image\/"},"sameAs":["https:\/\/www.facebook.com\/PeakArtClocks\/"],"hasMerchantReturnPolicy":{"@type":"MerchantReturnPolicy","merchantReturnLink":"https:\/\/peakart.co.uk\/refund_returns\/"}}]},"og_availability":"instock","product_availability":"instock","product_retailer_item_id":"PEAKART-32938","product_condition":"new"},"_links":{"self":[{"href":"https:\/\/peakart.co.uk\/pl\/wp-json\/wp\/v2\/product\/5557","targetHints":{"allow":["GET"]}}],"collection":[{"href":"https:\/\/peakart.co.uk\/pl\/wp-json\/wp\/v2\/product"}],"about":[{"href":"https:\/\/peakart.co.uk\/pl\/wp-json\/wp\/v2\/types\/product"}],"replies":[{"embeddable":true,"href":"https:\/\/peakart.co.uk\/pl\/wp-json\/wp\/v2\/comments?post=5557"}],"wp:featuredmedia":[{"embeddable":true,"href":"https:\/\/peakart.co.uk\/pl\/wp-json\/wp\/v2\/media\/33432"}],"wp:attachment":[{"href":"https:\/\/peakart.co.uk\/pl\/wp-json\/wp\/v2\/media?parent=5557"}],"wp:term":[{"taxonomy":"product_brand","embeddable":true,"href":"https:\/\/peakart.co.uk\/pl\/wp-json\/wp\/v2\/product_brand?post=5557"},{"taxonomy":"product_cat","embeddable":true,"href":"https:\/\/peakart.co.uk\/pl\/wp-json\/wp\/v2\/product_cat?post=5557"},{"taxonomy":"product_tag","embeddable":true,"href":"https:\/\/peakart.co.uk\/pl\/wp-json\/wp\/v2\/product_tag?post=5557"}],"curies":[{"name":"wp","href":"https:\/\/api.w.org\/{rel}","templated":true}]}}