{"id":34233,"date":"2024-11-03T18:37:32","date_gmt":"2024-11-03T18:37:32","guid":{"rendered":"https:\/\/peakart.co.uk\/product\/ogromny-zegar-scienny\/"},"modified":"2025-05-03T19:55:32","modified_gmt":"2025-05-03T18:55:32","slug":"ogromny-zegar-scienny","status":"publish","type":"product","link":"https:\/\/peakart.co.uk\/pl\/produkt\/ogromny-zegar-scienny\/","title":{"rendered":"Ogromny Zegar \u015acienny"},"content":{"rendered":"<p class=\"\" data-start=\"0\" data-end=\"346\">Ogromny zegar \u015bcienny to nie tylko praktyczny przyrz\u0105d do odmierzania czasu, ale r\u00f3wnie\u017c efektowny element wystroju wn\u0119trza, kt\u00f3ry mo\u017ce ca\u0142kowicie odmieni\u0107 charakter pomieszczenia. Dzi\u0119ki swoim rozmiarom \u2013 cz\u0119sto przekraczaj\u0105cym 80 cm \u015brednicy \u2013 zegar taki staje si\u0119 centralnym punktem aran\u017cacji i przyci\u0105ga uwag\u0119 zar\u00f3wno domownik\u00f3w, jak i go\u015bci.<\/p>\n<p class=\"\" data-start=\"348\" data-end=\"807\">Jednym z najcz\u0119\u015bciej wybieranych styl\u00f3w ogromnych zegar\u00f3w \u015bciennych s\u0105 <a href=\"https:\/\/peakart.co.uk\/pl\/tag-produktu\/drewniane-zegary-scienne-z-cyframi-rzymskimi\/\">modele z rzymskimi cyframi<\/a>, kt\u00f3re nadaj\u0105 przestrzeni klasycznego, eleganckiego wygl\u0105du. Z kolei wersje minimalistyczne, z prostymi wskaz\u00f3wkami i bez zb\u0119dnych ozd\u00f3b, doskonale komponuj\u0105 si\u0119 z nowoczesnymi wn\u0119trzami w stylu skandynawskim czy loftowym. Ogromne zegary cz\u0119sto produkowane s\u0105 z metalu, drewna lub tworzyw sztucznych, co pozwala na \u0142atwe dopasowanie ich do r\u00f3\u017cnorodnych estetyk.<\/p>\n<p class=\"\" data-start=\"809\" data-end=\"1156\">Tego typu zegary najcz\u0119\u015bciej wiesza si\u0119 w salonach, przestronnych kuchniach, na klatkach schodowych lub w biurach \u2013 wsz\u0119dzie tam, gdzie przestrze\u0144 pozwala na pe\u0142ne wyeksponowanie ich rozmiaru i formy. Dodatkowym atutem jest ich funkcjonalno\u015b\u0107 \u2013 du\u017ce cyfry i kontrastuj\u0105ce wskaz\u00f3wki u\u0142atwiaj\u0105 szybkie odczytanie godziny nawet z wi\u0119kszej odleg\u0142o\u015bci.<\/p>\n<p class=\"\" data-start=\"1158\" data-end=\"1570\">Ogromny zegar \u015bcienny to tak\u017ce spos\u00f3b na nadanie wn\u0119trzu indywidualnego charakteru. Niezale\u017cnie od tego, czy wybierzesz model retro, industrialny, glamour czy minimalistyczny \u2013 b\u0119dzie on silnym akcentem dekoracyjnym. Takie zegary cz\u0119sto staj\u0105 si\u0119 r\u00f3wnie\u017c tematem rozm\u00f3w, poniewa\u017c rzadko pozostaj\u0105 niezauwa\u017cone. To doskona\u0142e po\u0142\u0105czenie u\u017cyteczno\u015bci i designu, kt\u00f3re podkre\u015bla styl i osobowo\u015b\u0107 w\u0142a\u015bciciela wn\u0119trza.<\/p>\n","protected":false},"excerpt":{"rendered":"<div class=\"product_summary_middle\"><\/div>\n<div class=\"woocommerce-product-details__short-description\">\n<p>Nietypowy du\u017cy zegar wykonany z drewna do dekoracji \u015bciany w kuchni lub salonie. Ka\u017cdy z naszych zegar\u00f3w jest wykonany r\u0119cznie i nigdy nie wygl<span class=\"Y2IQFc\" lang=\"pl\">\u0105da identycznie jak na oryginalnym zdj\u0119ciu.<\/span><\/p>\n<p><b>Projekt i R\u0119czne Wykonanie<\/b>\u00a0\u2013 Anna Siodelska<\/p>\n<p><strong>Front<\/strong> \u2013 Stary\u00a0<span class=\"Y2IQFc\" lang=\"pl\">d\u0105b<\/span><\/p>\n<p><strong>Ty\u0142<\/strong>\u00a0\u2013 Transparentny<\/p>\n<\/div>\n","protected":false},"featured_media":33187,"comment_status":"closed","ping_status":"closed","template":"","meta":[],"product_brand":[],"product_cat":[56],"product_tag":[50,2671,53],"class_list":{"0":"post-34233","1":"product","2":"type-product","3":"status-publish","4":"has-post-thumbnail","6":"product_cat-duze-zegary-scienne","7":"product_tag-artystyczne-zegary-scienne","8":"product_tag-nietypowe-duze-zegary-scienne","9":"product_tag-zegary-drewniane-szkieletowe","11":"first","12":"instock","13":"sale","14":"taxable","15":"shipping-taxable","16":"purchasable","17":"product-type-variable"},"yoast_head":"<!-- This site is optimized with the Yoast SEO Premium plugin v27.2 (Yoast SEO v27.2) - https:\/\/yoast.com\/product\/yoast-seo-premium-wordpress\/ -->\n<title>Ogromny Zegar \u015acienny do Kuchni lub Salonu - Peak Art<\/title>\n<meta name=\"description\" content=\"Nasz ogromny zegar \u015bcienny r\u0119cznie wykonany z drewna ma \u015brednice do 120cm co pozwoli wywo\u0142a\u0107 niesamowite wra\u017cenie na Twoich go\u015bciach.\" \/>\n<meta name=\"robots\" content=\"index, follow, max-snippet:-1, max-image-preview:large, max-video-preview:-1\" \/>\n<link rel=\"canonical\" href=\"https:\/\/peakart.co.uk\/pl\/produkt\/ogromny-zegar-scienny\/\" \/>\n<meta property=\"og:locale\" content=\"pl_PL\" \/>\n<meta property=\"og:type\" content=\"article\" \/>\n<meta property=\"og:title\" content=\"Ogromny Zegar \u015acienny\" \/>\n<meta property=\"og:description\" content=\"Nasz ogromny zegar \u015bcienny r\u0119cznie wykonany z drewna ma \u015brednice do 120cm co pozwoli wywo\u0142a\u0107 niesamowite wra\u017cenie na Twoich go\u015bciach.\" \/>\n<meta property=\"og:url\" content=\"https:\/\/peakart.co.uk\/pl\/produkt\/ogromny-zegar-scienny\/\" \/>\n<meta property=\"og:site_name\" content=\"Peak Art\" \/>\n<meta property=\"article:publisher\" content=\"https:\/\/www.facebook.com\/PeakArtClocks\/\" \/>\n<meta property=\"article:modified_time\" content=\"2025-05-03T18:55:32+00:00\" \/>\n<meta property=\"og:image\" content=\"https:\/\/peakart.co.uk\/wp-content\/uploads\/2024\/11\/Big-Wall-Clock-with-pillows-e1731768535135.jpg\" \/>\n\t<meta property=\"og:image:width\" content=\"900\" \/>\n\t<meta property=\"og:image:height\" content=\"1600\" \/>\n\t<meta property=\"og:image:type\" content=\"image\/jpeg\" \/>\n<meta name=\"twitter:card\" content=\"summary_large_image\" \/>\n<meta name=\"twitter:label1\" content=\"Dost\u0119pno\u015b\u0107\" \/>\n\t<meta name=\"twitter:data1\" content=\"Dost\u0119pny\" \/>\n<script type=\"application\/ld+json\" class=\"yoast-schema-graph\">{\"@context\":\"https:\/\/schema.org\",\"@graph\":[{\"@type\":\"WebPage\",\"@id\":\"https:\/\/peakart.co.uk\/pl\/produkt\/ogromny-zegar-scienny\/\",\"url\":\"https:\/\/peakart.co.uk\/pl\/produkt\/ogromny-zegar-scienny\/\",\"name\":\"Ogromny Zegar \u015acienny do Kuchni lub Salonu - Peak Art\",\"isPartOf\":{\"@id\":\"https:\/\/peakart.co.uk\/de\/#website\"},\"primaryImageOfPage\":{\"@id\":\"https:\/\/peakart.co.uk\/pl\/produkt\/ogromny-zegar-scienny\/#primaryimage\"},\"image\":{\"@id\":\"https:\/\/peakart.co.uk\/pl\/produkt\/ogromny-zegar-scienny\/#primaryimage\"},\"thumbnailUrl\":\"https:\/\/peakart.co.uk\/wp-content\/uploads\/2024\/11\/Big-Wall-Clock-with-pillows-e1731768535135.jpg\",\"datePublished\":\"2024-11-03T18:37:32+00:00\",\"dateModified\":\"2025-05-03T18:55:32+00:00\",\"description\":\"Nasz ogromny zegar \u015bcienny r\u0119cznie wykonany z drewna ma \u015brednice do 120cm co pozwoli wywo\u0142a\u0107 niesamowite wra\u017cenie na Twoich go\u015bciach.\",\"breadcrumb\":{\"@id\":\"https:\/\/peakart.co.uk\/pl\/produkt\/ogromny-zegar-scienny\/#breadcrumb\"},\"inLanguage\":\"pl-PL\",\"potentialAction\":[{\"@type\":\"ReadAction\",\"target\":[\"https:\/\/peakart.co.uk\/pl\/produkt\/ogromny-zegar-scienny\/\"]}]},{\"@type\":\"ImageObject\",\"inLanguage\":\"pl-PL\",\"@id\":\"https:\/\/peakart.co.uk\/pl\/produkt\/ogromny-zegar-scienny\/#primaryimage\",\"url\":\"https:\/\/peakart.co.uk\/wp-content\/uploads\/2024\/11\/Big-Wall-Clock-with-pillows-e1731768535135.jpg\",\"contentUrl\":\"https:\/\/peakart.co.uk\/wp-content\/uploads\/2024\/11\/Big-Wall-Clock-with-pillows-e1731768535135.jpg\",\"width\":871,\"height\":983,\"caption\":\"Ogromny Zegar \u015acienny\"},{\"@type\":\"BreadcrumbList\",\"@id\":\"https:\/\/peakart.co.uk\/pl\/produkt\/ogromny-zegar-scienny\/#breadcrumb\",\"itemListElement\":[{\"@type\":\"ListItem\",\"position\":1,\"name\":\"Home\",\"item\":\"https:\/\/peakart.co.uk\/pl\/\"},{\"@type\":\"ListItem\",\"position\":2,\"name\":\"Sklep\",\"item\":\"https:\/\/peakart.co.uk\/pl\/sklep\/\"},{\"@type\":\"ListItem\",\"position\":3,\"name\":\"Ogromny Zegar \u015acienny\"}]},{\"@type\":\"WebSite\",\"@id\":\"https:\/\/peakart.co.uk\/de\/#website\",\"url\":\"https:\/\/peakart.co.uk\/de\/\",\"name\":\"Peak Art\",\"description\":\"\",\"publisher\":{\"@id\":\"https:\/\/peakart.co.uk\/de\/#organization\"},\"potentialAction\":[{\"@type\":\"SearchAction\",\"target\":{\"@type\":\"EntryPoint\",\"urlTemplate\":\"https:\/\/peakart.co.uk\/de\/?s={search_term_string}\"},\"query-input\":{\"@type\":\"PropertyValueSpecification\",\"valueRequired\":true,\"valueName\":\"search_term_string\"}}],\"inLanguage\":\"pl-PL\"},{\"@type\":\"Organization\",\"@id\":\"https:\/\/peakart.co.uk\/de\/#organization\",\"name\":\"Peak Art\",\"url\":\"https:\/\/peakart.co.uk\/de\/\",\"logo\":{\"@type\":\"ImageObject\",\"inLanguage\":\"pl-PL\",\"@id\":\"https:\/\/peakart.co.uk\/de\/#\/schema\/logo\/image\/\",\"url\":\"https:\/\/peakart.co.uk\/wp-content\/uploads\/2023\/07\/logo-8.jpg\",\"contentUrl\":\"https:\/\/peakart.co.uk\/wp-content\/uploads\/2023\/07\/logo-8.jpg\",\"width\":666,\"height\":259,\"caption\":\"Peak Art\"},\"image\":{\"@id\":\"https:\/\/peakart.co.uk\/de\/#\/schema\/logo\/image\/\"},\"sameAs\":[\"https:\/\/www.facebook.com\/PeakArtClocks\/\"],\"hasMerchantReturnPolicy\":{\"@type\":\"MerchantReturnPolicy\",\"merchantReturnLink\":\"https:\/\/peakart.co.uk\/refund_returns\/\"}}]}<\/script>\n<meta property=\"og:availability\" content=\"instock\" \/>\n<meta property=\"product:availability\" content=\"instock\" \/>\n<meta property=\"product:retailer_item_id\" content=\"PEAKART-88731\" \/>\n<meta property=\"product:condition\" content=\"new\" \/>\n<!-- \/ Yoast SEO Premium plugin. -->","yoast_head_json":{"title":"Ogromny Zegar \u015acienny do Kuchni lub Salonu - Peak Art","description":"Nasz ogromny zegar \u015bcienny r\u0119cznie wykonany z drewna ma \u015brednice do 120cm co pozwoli wywo\u0142a\u0107 niesamowite wra\u017cenie na Twoich go\u015bciach.","robots":{"index":"index","follow":"follow","max-snippet":"max-snippet:-1","max-image-preview":"max-image-preview:large","max-video-preview":"max-video-preview:-1"},"canonical":"https:\/\/peakart.co.uk\/pl\/produkt\/ogromny-zegar-scienny\/","og_locale":"pl_PL","og_type":"article","og_title":"Ogromny Zegar \u015acienny","og_description":"Nasz ogromny zegar \u015bcienny r\u0119cznie wykonany z drewna ma \u015brednice do 120cm co pozwoli wywo\u0142a\u0107 niesamowite wra\u017cenie na Twoich go\u015bciach.","og_url":"https:\/\/peakart.co.uk\/pl\/produkt\/ogromny-zegar-scienny\/","og_site_name":"Peak Art","article_publisher":"https:\/\/www.facebook.com\/PeakArtClocks\/","article_modified_time":"2025-05-03T18:55:32+00:00","og_image":[{"width":900,"height":1600,"url":"https:\/\/peakart.co.uk\/wp-content\/uploads\/2024\/11\/Big-Wall-Clock-with-pillows-e1731768535135.jpg","type":"image\/jpeg"}],"twitter_card":"summary_large_image","twitter_misc":{"Dost\u0119pno\u015b\u0107":"Dost\u0119pny"},"schema":{"@context":"https:\/\/schema.org","@graph":[{"@type":"WebPage","@id":"https:\/\/peakart.co.uk\/pl\/produkt\/ogromny-zegar-scienny\/","url":"https:\/\/peakart.co.uk\/pl\/produkt\/ogromny-zegar-scienny\/","name":"Ogromny Zegar \u015acienny do Kuchni lub Salonu - Peak Art","isPartOf":{"@id":"https:\/\/peakart.co.uk\/de\/#website"},"primaryImageOfPage":{"@id":"https:\/\/peakart.co.uk\/pl\/produkt\/ogromny-zegar-scienny\/#primaryimage"},"image":{"@id":"https:\/\/peakart.co.uk\/pl\/produkt\/ogromny-zegar-scienny\/#primaryimage"},"thumbnailUrl":"https:\/\/peakart.co.uk\/wp-content\/uploads\/2024\/11\/Big-Wall-Clock-with-pillows-e1731768535135.jpg","datePublished":"2024-11-03T18:37:32+00:00","dateModified":"2025-05-03T18:55:32+00:00","description":"Nasz ogromny zegar \u015bcienny r\u0119cznie wykonany z drewna ma \u015brednice do 120cm co pozwoli wywo\u0142a\u0107 niesamowite wra\u017cenie na Twoich go\u015bciach.","breadcrumb":{"@id":"https:\/\/peakart.co.uk\/pl\/produkt\/ogromny-zegar-scienny\/#breadcrumb"},"inLanguage":"pl-PL","potentialAction":[{"@type":"ReadAction","target":["https:\/\/peakart.co.uk\/pl\/produkt\/ogromny-zegar-scienny\/"]}]},{"@type":"ImageObject","inLanguage":"pl-PL","@id":"https:\/\/peakart.co.uk\/pl\/produkt\/ogromny-zegar-scienny\/#primaryimage","url":"https:\/\/peakart.co.uk\/wp-content\/uploads\/2024\/11\/Big-Wall-Clock-with-pillows-e1731768535135.jpg","contentUrl":"https:\/\/peakart.co.uk\/wp-content\/uploads\/2024\/11\/Big-Wall-Clock-with-pillows-e1731768535135.jpg","width":871,"height":983,"caption":"Ogromny Zegar \u015acienny"},{"@type":"BreadcrumbList","@id":"https:\/\/peakart.co.uk\/pl\/produkt\/ogromny-zegar-scienny\/#breadcrumb","itemListElement":[{"@type":"ListItem","position":1,"name":"Home","item":"https:\/\/peakart.co.uk\/pl\/"},{"@type":"ListItem","position":2,"name":"Sklep","item":"https:\/\/peakart.co.uk\/pl\/sklep\/"},{"@type":"ListItem","position":3,"name":"Ogromny Zegar \u015acienny"}]},{"@type":"WebSite","@id":"https:\/\/peakart.co.uk\/de\/#website","url":"https:\/\/peakart.co.uk\/de\/","name":"Peak Art","description":"","publisher":{"@id":"https:\/\/peakart.co.uk\/de\/#organization"},"potentialAction":[{"@type":"SearchAction","target":{"@type":"EntryPoint","urlTemplate":"https:\/\/peakart.co.uk\/de\/?s={search_term_string}"},"query-input":{"@type":"PropertyValueSpecification","valueRequired":true,"valueName":"search_term_string"}}],"inLanguage":"pl-PL"},{"@type":"Organization","@id":"https:\/\/peakart.co.uk\/de\/#organization","name":"Peak Art","url":"https:\/\/peakart.co.uk\/de\/","logo":{"@type":"ImageObject","inLanguage":"pl-PL","@id":"https:\/\/peakart.co.uk\/de\/#\/schema\/logo\/image\/","url":"https:\/\/peakart.co.uk\/wp-content\/uploads\/2023\/07\/logo-8.jpg","contentUrl":"https:\/\/peakart.co.uk\/wp-content\/uploads\/2023\/07\/logo-8.jpg","width":666,"height":259,"caption":"Peak Art"},"image":{"@id":"https:\/\/peakart.co.uk\/de\/#\/schema\/logo\/image\/"},"sameAs":["https:\/\/www.facebook.com\/PeakArtClocks\/"],"hasMerchantReturnPolicy":{"@type":"MerchantReturnPolicy","merchantReturnLink":"https:\/\/peakart.co.uk\/refund_returns\/"}}]},"og_availability":"instock","product_availability":"instock","product_retailer_item_id":"PEAKART-88731","product_condition":"new"},"_links":{"self":[{"href":"https:\/\/peakart.co.uk\/pl\/wp-json\/wp\/v2\/product\/34233","targetHints":{"allow":["GET"]}}],"collection":[{"href":"https:\/\/peakart.co.uk\/pl\/wp-json\/wp\/v2\/product"}],"about":[{"href":"https:\/\/peakart.co.uk\/pl\/wp-json\/wp\/v2\/types\/product"}],"replies":[{"embeddable":true,"href":"https:\/\/peakart.co.uk\/pl\/wp-json\/wp\/v2\/comments?post=34233"}],"wp:featuredmedia":[{"embeddable":true,"href":"https:\/\/peakart.co.uk\/pl\/wp-json\/wp\/v2\/media\/33187"}],"wp:attachment":[{"href":"https:\/\/peakart.co.uk\/pl\/wp-json\/wp\/v2\/media?parent=34233"}],"wp:term":[{"taxonomy":"product_brand","embeddable":true,"href":"https:\/\/peakart.co.uk\/pl\/wp-json\/wp\/v2\/product_brand?post=34233"},{"taxonomy":"product_cat","embeddable":true,"href":"https:\/\/peakart.co.uk\/pl\/wp-json\/wp\/v2\/product_cat?post=34233"},{"taxonomy":"product_tag","embeddable":true,"href":"https:\/\/peakart.co.uk\/pl\/wp-json\/wp\/v2\/product_tag?post=34233"}],"curies":[{"name":"wp","href":"https:\/\/api.w.org\/{rel}","templated":true}]}}