{"id":31685,"date":"2023-08-04T10:05:45","date_gmt":"2023-08-04T09:05:49","guid":{"rendered":"https:\/\/peakart.co.uk\/?post_type=product&#038;p=31685"},"modified":"2025-05-03T18:44:21","modified_gmt":"2025-05-03T17:44:21","slug":"duzy-rzymski-zegar-scienny","status":"publish","type":"product","link":"https:\/\/peakart.co.uk\/pl\/produkt\/duzy-rzymski-zegar-scienny\/","title":{"rendered":"Du\u017cy Rzymski Zegar \u015acienny"},"content":{"rendered":"<p class=\"\" data-start=\"0\" data-end=\"424\">Du\u017cy rzymski zegar \u015bcienny to nie tylko praktyczne narz\u0119dzie do odmierzania czasu, ale r\u00f3wnie\u017c stylowy element dekoracyjny, kt\u00f3ry mo\u017ce nada\u0107 charakteru ka\u017cdemu wn\u0119trzu. Cech\u0105 wyr\u00f3\u017cniaj\u0105c\u0105 tego rodzaju zegary s\u0105 rzymskie cyfry, kt\u00f3re nadaj\u0105 im klasycznego, eleganckiego wygl\u0105du. Ich obecno\u015b\u0107 przywo\u0142uje na my\u015bl antyczne inspiracje i ponadczasowy styl, co sprawia, \u017ce pasuj\u0105 zar\u00f3wno do wn\u0119trz tradycyjnych, jak i nowoczesnych.<\/p>\n<p class=\"\" data-start=\"426\" data-end=\"822\">Najcz\u0119\u015bciej du\u017ce rzymskie zegary wykonane s\u0105 z metalu lub drewna, a ich tarcze maj\u0105 minimalistyczny lub postarza\u0142y wygl\u0105d \u2013 styl vintage lub industrialny. Nasze modele o \u015brednicy przekraczaj\u0105cej 75 cm staj\u0105 si\u0119 centralnym punktem aran\u017cacji \u015bciany w salonie, jadalni, a nawet w biurze. Ich rozmiar sprawia, \u017ce s\u0105 dobrze widoczne z du\u017cej odleg\u0142o\u015bci i pe\u0142ni\u0105 tak\u017ce funkcj\u0119 dekoracyjn\u0105.<\/p>\n<p class=\"\" data-start=\"1192\" data-end=\"1496\">Du\u017cy rzymski zegar \u015bcienny to doskona\u0142y wyb\u00f3r dla os\u00f3b, kt\u00f3re ceni\u0105 sobie po\u0142\u0105czenie funkcjonalno\u015bci z estetyk\u0105. Stanowi wyrazisty dodatek wn\u0119trzarski, kt\u00f3ry przyci\u0105ga uwag\u0119 i nadaje przestrzeni elegancji oraz indywidualnego stylu.<\/p>\n","protected":false},"excerpt":{"rendered":"<p>Ten pi\u0119kny zegar \u015bcienny z rzymskimi cyframi zosta\u0142 pierwotnie zaprojektowany ze \u015brednic\u0105 48&#8243; (120 cm), teraz jednak dost\u0119pne s\u0105 r\u00f3wnie\u017c inne rozmiary, kt\u00f3re mo\u017cna wybra\u0107 z listy rozwijalnej.<\/p>\n<p><strong>Projekt i r\u0119czne wykonanie:<\/strong> Anna Siodelska, Wielka Brytania<\/p>\n<p><strong>Kolor tarczy:<\/strong> ciemnoszary z pomara\u0144czowymi odcieniami<\/p>\n<p><strong>Kolor t\u0142a:<\/strong> przezierny\/\u015bciana<\/p>\n","protected":false},"featured_media":33656,"comment_status":"closed","ping_status":"closed","template":"","meta":[],"product_brand":[],"product_cat":[56],"product_tag":[50,65,2138,70,68,2671,76,53],"class_list":{"0":"post-31685","1":"product","2":"type-product","3":"status-publish","4":"has-post-thumbnail","6":"product_cat-duze-zegary-scienne","7":"product_tag-artystyczne-zegary-scienne","8":"product_tag-duze-zegary-dekoracyjne-na-sciane","9":"product_tag-duze-zegary-scienne","10":"product_tag-duze-zegary-rzymskie-szkieletowe","11":"product_tag-drewniane-zegary-scienne-z-cyframi-rzymskimi","12":"product_tag-nietypowe-duze-zegary-scienne","13":"product_tag-zegary-scienne-shabby-chic","14":"product_tag-zegary-drewniane-szkieletowe","15":"product_shipping_class-oversized-clocks-pl","17":"first","18":"instock","19":"sale","20":"taxable","21":"shipping-taxable","22":"purchasable","23":"product-type-variable"},"yoast_head":"<!-- This site is optimized with the Yoast SEO Premium plugin v27.2 (Yoast SEO v27.2) - https:\/\/yoast.com\/product\/yoast-seo-premium-wordpress\/ -->\n<title>Du\u017cy Rzymski Zegar \u015acienny \u2013 Centralny Punkt Twojego Wn\u0119trza - Peak Art<\/title>\n<meta name=\"description\" content=\"Wyra\u017a siebie dzi\u0119ki Du\u017cemu Rzymskiemu Zegarowi \u015acienny, idealnemu po\u0142\u0105czeniu funkcjonalno\u015bci i wystroju. Zmie\u0144 sw\u00f3j dom dzi\u0119ki temu arcydzie\u0142u!\" \/>\n<meta name=\"robots\" content=\"index, follow, max-snippet:-1, max-image-preview:large, max-video-preview:-1\" \/>\n<link rel=\"canonical\" href=\"https:\/\/peakart.co.uk\/pl\/produkt\/duzy-rzymski-zegar-scienny\/\" \/>\n<meta property=\"og:locale\" content=\"pl_PL\" \/>\n<meta property=\"og:type\" content=\"article\" \/>\n<meta property=\"og:title\" content=\"Du\u017cy Rzymski Zegar \u015acienny\" \/>\n<meta property=\"og:description\" content=\"Wyra\u017a siebie dzi\u0119ki Du\u017cemu Rzymskiemu Zegarowi \u015acienny, idealnemu po\u0142\u0105czeniu funkcjonalno\u015bci i wystroju. Zmie\u0144 sw\u00f3j dom dzi\u0119ki temu arcydzie\u0142u!\" \/>\n<meta property=\"og:url\" content=\"https:\/\/peakart.co.uk\/pl\/produkt\/duzy-rzymski-zegar-scienny\/\" \/>\n<meta property=\"og:site_name\" content=\"Peak Art\" \/>\n<meta property=\"article:publisher\" content=\"https:\/\/www.facebook.com\/PeakArtClocks\/\" \/>\n<meta property=\"article:modified_time\" content=\"2025-05-03T17:44:21+00:00\" \/>\n<meta property=\"og:image\" content=\"https:\/\/peakart.co.uk\/wp-content\/uploads\/2023\/08\/Large-Clock-For-Wall-Zoom.jpg\" \/>\n\t<meta property=\"og:image:width\" content=\"1200\" \/>\n\t<meta property=\"og:image:height\" content=\"1061\" \/>\n\t<meta property=\"og:image:type\" content=\"image\/jpeg\" \/>\n<meta name=\"twitter:card\" content=\"summary_large_image\" \/>\n<meta name=\"twitter:label1\" content=\"Dost\u0119pno\u015b\u0107\" \/>\n\t<meta name=\"twitter:data1\" content=\"Dost\u0119pny\" \/>\n<script type=\"application\/ld+json\" class=\"yoast-schema-graph\">{\"@context\":\"https:\/\/schema.org\",\"@graph\":[{\"@type\":\"WebPage\",\"@id\":\"https:\/\/peakart.co.uk\/pl\/produkt\/duzy-rzymski-zegar-scienny\/\",\"url\":\"https:\/\/peakart.co.uk\/pl\/produkt\/duzy-rzymski-zegar-scienny\/\",\"name\":\"Du\u017cy Rzymski Zegar \u015acienny \u2013 Centralny Punkt Twojego Wn\u0119trza - Peak Art\",\"isPartOf\":{\"@id\":\"https:\/\/peakart.co.uk\/de\/#website\"},\"primaryImageOfPage\":{\"@id\":\"https:\/\/peakart.co.uk\/pl\/produkt\/duzy-rzymski-zegar-scienny\/#primaryimage\"},\"image\":{\"@id\":\"https:\/\/peakart.co.uk\/pl\/produkt\/duzy-rzymski-zegar-scienny\/#primaryimage\"},\"thumbnailUrl\":\"https:\/\/peakart.co.uk\/wp-content\/uploads\/2023\/08\/Large-Clock-For-Wall-Zoom.jpg\",\"datePublished\":\"2023-08-04T09:05:49+00:00\",\"dateModified\":\"2025-05-03T17:44:21+00:00\",\"description\":\"Wyra\u017a siebie dzi\u0119ki Du\u017cemu Rzymskiemu Zegarowi \u015acienny, idealnemu po\u0142\u0105czeniu funkcjonalno\u015bci i wystroju. Zmie\u0144 sw\u00f3j dom dzi\u0119ki temu arcydzie\u0142u!\",\"breadcrumb\":{\"@id\":\"https:\/\/peakart.co.uk\/pl\/produkt\/duzy-rzymski-zegar-scienny\/#breadcrumb\"},\"inLanguage\":\"pl-PL\",\"potentialAction\":[{\"@type\":\"ReadAction\",\"target\":[\"https:\/\/peakart.co.uk\/pl\/produkt\/duzy-rzymski-zegar-scienny\/\"]}]},{\"@type\":\"ImageObject\",\"inLanguage\":\"pl-PL\",\"@id\":\"https:\/\/peakart.co.uk\/pl\/produkt\/duzy-rzymski-zegar-scienny\/#primaryimage\",\"url\":\"https:\/\/peakart.co.uk\/wp-content\/uploads\/2023\/08\/Large-Clock-For-Wall-Zoom.jpg\",\"contentUrl\":\"https:\/\/peakart.co.uk\/wp-content\/uploads\/2023\/08\/Large-Clock-For-Wall-Zoom.jpg\",\"width\":1200,\"height\":1061,\"caption\":\"Large Clock For Wall Zoom\"},{\"@type\":\"BreadcrumbList\",\"@id\":\"https:\/\/peakart.co.uk\/pl\/produkt\/duzy-rzymski-zegar-scienny\/#breadcrumb\",\"itemListElement\":[{\"@type\":\"ListItem\",\"position\":1,\"name\":\"Home\",\"item\":\"https:\/\/peakart.co.uk\/pl\/\"},{\"@type\":\"ListItem\",\"position\":2,\"name\":\"Sklep\",\"item\":\"https:\/\/peakart.co.uk\/pl\/sklep\/\"},{\"@type\":\"ListItem\",\"position\":3,\"name\":\"Du\u017cy Rzymski Zegar \u015acienny\"}]},{\"@type\":\"WebSite\",\"@id\":\"https:\/\/peakart.co.uk\/de\/#website\",\"url\":\"https:\/\/peakart.co.uk\/de\/\",\"name\":\"Peak Art\",\"description\":\"\",\"publisher\":{\"@id\":\"https:\/\/peakart.co.uk\/de\/#organization\"},\"potentialAction\":[{\"@type\":\"SearchAction\",\"target\":{\"@type\":\"EntryPoint\",\"urlTemplate\":\"https:\/\/peakart.co.uk\/de\/?s={search_term_string}\"},\"query-input\":{\"@type\":\"PropertyValueSpecification\",\"valueRequired\":true,\"valueName\":\"search_term_string\"}}],\"inLanguage\":\"pl-PL\"},{\"@type\":\"Organization\",\"@id\":\"https:\/\/peakart.co.uk\/de\/#organization\",\"name\":\"Peak Art\",\"url\":\"https:\/\/peakart.co.uk\/de\/\",\"logo\":{\"@type\":\"ImageObject\",\"inLanguage\":\"pl-PL\",\"@id\":\"https:\/\/peakart.co.uk\/de\/#\/schema\/logo\/image\/\",\"url\":\"https:\/\/peakart.co.uk\/wp-content\/uploads\/2023\/07\/logo-8.jpg\",\"contentUrl\":\"https:\/\/peakart.co.uk\/wp-content\/uploads\/2023\/07\/logo-8.jpg\",\"width\":666,\"height\":259,\"caption\":\"Peak Art\"},\"image\":{\"@id\":\"https:\/\/peakart.co.uk\/de\/#\/schema\/logo\/image\/\"},\"sameAs\":[\"https:\/\/www.facebook.com\/PeakArtClocks\/\"],\"hasMerchantReturnPolicy\":{\"@type\":\"MerchantReturnPolicy\",\"merchantReturnLink\":\"https:\/\/peakart.co.uk\/refund_returns\/\"}}]}<\/script>\n<meta property=\"og:availability\" content=\"instock\" \/>\n<meta property=\"product:availability\" content=\"instock\" \/>\n<meta property=\"product:retailer_item_id\" content=\"PEAKART-67555\" \/>\n<meta property=\"product:condition\" content=\"new\" \/>\n<!-- \/ Yoast SEO Premium plugin. -->","yoast_head_json":{"title":"Du\u017cy Rzymski Zegar \u015acienny \u2013 Centralny Punkt Twojego Wn\u0119trza - Peak Art","description":"Wyra\u017a siebie dzi\u0119ki Du\u017cemu Rzymskiemu Zegarowi \u015acienny, idealnemu po\u0142\u0105czeniu funkcjonalno\u015bci i wystroju. Zmie\u0144 sw\u00f3j dom dzi\u0119ki temu arcydzie\u0142u!","robots":{"index":"index","follow":"follow","max-snippet":"max-snippet:-1","max-image-preview":"max-image-preview:large","max-video-preview":"max-video-preview:-1"},"canonical":"https:\/\/peakart.co.uk\/pl\/produkt\/duzy-rzymski-zegar-scienny\/","og_locale":"pl_PL","og_type":"article","og_title":"Du\u017cy Rzymski Zegar \u015acienny","og_description":"Wyra\u017a siebie dzi\u0119ki Du\u017cemu Rzymskiemu Zegarowi \u015acienny, idealnemu po\u0142\u0105czeniu funkcjonalno\u015bci i wystroju. Zmie\u0144 sw\u00f3j dom dzi\u0119ki temu arcydzie\u0142u!","og_url":"https:\/\/peakart.co.uk\/pl\/produkt\/duzy-rzymski-zegar-scienny\/","og_site_name":"Peak Art","article_publisher":"https:\/\/www.facebook.com\/PeakArtClocks\/","article_modified_time":"2025-05-03T17:44:21+00:00","og_image":[{"width":1200,"height":1061,"url":"https:\/\/peakart.co.uk\/wp-content\/uploads\/2023\/08\/Large-Clock-For-Wall-Zoom.jpg","type":"image\/jpeg"}],"twitter_card":"summary_large_image","twitter_misc":{"Dost\u0119pno\u015b\u0107":"Dost\u0119pny"},"schema":{"@context":"https:\/\/schema.org","@graph":[{"@type":"WebPage","@id":"https:\/\/peakart.co.uk\/pl\/produkt\/duzy-rzymski-zegar-scienny\/","url":"https:\/\/peakart.co.uk\/pl\/produkt\/duzy-rzymski-zegar-scienny\/","name":"Du\u017cy Rzymski Zegar \u015acienny \u2013 Centralny Punkt Twojego Wn\u0119trza - Peak Art","isPartOf":{"@id":"https:\/\/peakart.co.uk\/de\/#website"},"primaryImageOfPage":{"@id":"https:\/\/peakart.co.uk\/pl\/produkt\/duzy-rzymski-zegar-scienny\/#primaryimage"},"image":{"@id":"https:\/\/peakart.co.uk\/pl\/produkt\/duzy-rzymski-zegar-scienny\/#primaryimage"},"thumbnailUrl":"https:\/\/peakart.co.uk\/wp-content\/uploads\/2023\/08\/Large-Clock-For-Wall-Zoom.jpg","datePublished":"2023-08-04T09:05:49+00:00","dateModified":"2025-05-03T17:44:21+00:00","description":"Wyra\u017a siebie dzi\u0119ki Du\u017cemu Rzymskiemu Zegarowi \u015acienny, idealnemu po\u0142\u0105czeniu funkcjonalno\u015bci i wystroju. Zmie\u0144 sw\u00f3j dom dzi\u0119ki temu arcydzie\u0142u!","breadcrumb":{"@id":"https:\/\/peakart.co.uk\/pl\/produkt\/duzy-rzymski-zegar-scienny\/#breadcrumb"},"inLanguage":"pl-PL","potentialAction":[{"@type":"ReadAction","target":["https:\/\/peakart.co.uk\/pl\/produkt\/duzy-rzymski-zegar-scienny\/"]}]},{"@type":"ImageObject","inLanguage":"pl-PL","@id":"https:\/\/peakart.co.uk\/pl\/produkt\/duzy-rzymski-zegar-scienny\/#primaryimage","url":"https:\/\/peakart.co.uk\/wp-content\/uploads\/2023\/08\/Large-Clock-For-Wall-Zoom.jpg","contentUrl":"https:\/\/peakart.co.uk\/wp-content\/uploads\/2023\/08\/Large-Clock-For-Wall-Zoom.jpg","width":1200,"height":1061,"caption":"Large Clock For Wall Zoom"},{"@type":"BreadcrumbList","@id":"https:\/\/peakart.co.uk\/pl\/produkt\/duzy-rzymski-zegar-scienny\/#breadcrumb","itemListElement":[{"@type":"ListItem","position":1,"name":"Home","item":"https:\/\/peakart.co.uk\/pl\/"},{"@type":"ListItem","position":2,"name":"Sklep","item":"https:\/\/peakart.co.uk\/pl\/sklep\/"},{"@type":"ListItem","position":3,"name":"Du\u017cy Rzymski Zegar \u015acienny"}]},{"@type":"WebSite","@id":"https:\/\/peakart.co.uk\/de\/#website","url":"https:\/\/peakart.co.uk\/de\/","name":"Peak Art","description":"","publisher":{"@id":"https:\/\/peakart.co.uk\/de\/#organization"},"potentialAction":[{"@type":"SearchAction","target":{"@type":"EntryPoint","urlTemplate":"https:\/\/peakart.co.uk\/de\/?s={search_term_string}"},"query-input":{"@type":"PropertyValueSpecification","valueRequired":true,"valueName":"search_term_string"}}],"inLanguage":"pl-PL"},{"@type":"Organization","@id":"https:\/\/peakart.co.uk\/de\/#organization","name":"Peak Art","url":"https:\/\/peakart.co.uk\/de\/","logo":{"@type":"ImageObject","inLanguage":"pl-PL","@id":"https:\/\/peakart.co.uk\/de\/#\/schema\/logo\/image\/","url":"https:\/\/peakart.co.uk\/wp-content\/uploads\/2023\/07\/logo-8.jpg","contentUrl":"https:\/\/peakart.co.uk\/wp-content\/uploads\/2023\/07\/logo-8.jpg","width":666,"height":259,"caption":"Peak Art"},"image":{"@id":"https:\/\/peakart.co.uk\/de\/#\/schema\/logo\/image\/"},"sameAs":["https:\/\/www.facebook.com\/PeakArtClocks\/"],"hasMerchantReturnPolicy":{"@type":"MerchantReturnPolicy","merchantReturnLink":"https:\/\/peakart.co.uk\/refund_returns\/"}}]},"og_availability":"instock","product_availability":"instock","product_retailer_item_id":"PEAKART-67555","product_condition":"new"},"_links":{"self":[{"href":"https:\/\/peakart.co.uk\/pl\/wp-json\/wp\/v2\/product\/31685","targetHints":{"allow":["GET"]}}],"collection":[{"href":"https:\/\/peakart.co.uk\/pl\/wp-json\/wp\/v2\/product"}],"about":[{"href":"https:\/\/peakart.co.uk\/pl\/wp-json\/wp\/v2\/types\/product"}],"replies":[{"embeddable":true,"href":"https:\/\/peakart.co.uk\/pl\/wp-json\/wp\/v2\/comments?post=31685"}],"wp:featuredmedia":[{"embeddable":true,"href":"https:\/\/peakart.co.uk\/pl\/wp-json\/wp\/v2\/media\/33656"}],"wp:attachment":[{"href":"https:\/\/peakart.co.uk\/pl\/wp-json\/wp\/v2\/media?parent=31685"}],"wp:term":[{"taxonomy":"product_brand","embeddable":true,"href":"https:\/\/peakart.co.uk\/pl\/wp-json\/wp\/v2\/product_brand?post=31685"},{"taxonomy":"product_cat","embeddable":true,"href":"https:\/\/peakart.co.uk\/pl\/wp-json\/wp\/v2\/product_cat?post=31685"},{"taxonomy":"product_tag","embeddable":true,"href":"https:\/\/peakart.co.uk\/pl\/wp-json\/wp\/v2\/product_tag?post=31685"}],"curies":[{"name":"wp","href":"https:\/\/api.w.org\/{rel}","templated":true}]}}